{"id":9664,"date":"2018-06-13T11:19:36","date_gmt":"2018-06-13T10:19:36","guid":{"rendered":"https:\/\/www.utrera.org\/?page_id=9664"},"modified":"2019-01-23T09:59:12","modified_gmt":"2019-01-23T08:59:12","slug":"plan-especial-de-proteccion-y-catalogo-del-conjunto-historico-de-utrera","status":"publish","type":"page","link":"https:\/\/www.utrera.org\/en\/plan-especial-de-proteccion-y-catalogo-del-conjunto-historico-de-utrera\/","title":{"rendered":"PLAN ESPECIAL DE PROTECCI\u00d3N Y CAT\u00c1LOGO DEL CONJUNTO HIST\u00d3RICO DE UTRERA"},"content":{"rendered":"<h2>Plan especial<\/h2>\n<ul>\n<li><a href=\"\/wp-content\/uploads\/2018\/06\/TOMO_1_INFORMACION.pdf\" target=\"_blank\" rel=\"noopener\">Tomo 1: Informaci\u00f3n<\/a><\/li>\n<li><a href=\"\/wp-content\/uploads\/2018\/06\/TOMO_2_DIAGNOSTICO.pdf\" target=\"_blank\" rel=\"noopener\">Tomo 2: Diagn\u00f3stico<\/a><\/li>\n<li><a href=\"\/wp-content\/uploads\/2018\/06\/TOMO_3_NORMATIVA.pdf\" target=\"_blank\" rel=\"noopener\">Tomo 3: Normativa<\/a><\/li>\n<li><a href=\"\/wp-content\/uploads\/2018\/06\/TOMO_4_CATALOGO_A_B_C.pdf\" target=\"_blank\" rel=\"noopener\">Tomo 4: Cat\u00e1logos A, B y C<\/a><\/li>\n<li><a href=\"\/wp-content\/uploads\/2018\/06\/TOMO_4_CATALOGO_D.pdf\" target=\"_blank\" rel=\"noopener\">Tomo 4: Cat\u00e1logo D<\/a><\/li>\n<li>B.O.P. n\u00ba 237 de 13 de octubre de 2009<\/li>\n<\/ul>\n<p><\/p>\n<h2>Innovaci\u00f3n n\u00ba 1 del Plan Especial<\/h2>\n<p>INNOVACI\u00d3N CONSISTENTE EN LA MODIFICACI\u00d3N N\u00ba 1 DEL PLAN ESPECIAL DE PROTECCI\u00d3N Y CAT\u00c1LOGO DEL CONJUNTO HIST\u00d3RICO DE UTRERA (octubre 2018)<\/p>\n<ul>\n<li><a href=\"\/wp-content\/uploads\/2019\/01\/DOC-COMPLETO.pdf\" target=\"_blank\" rel=\"noopener\">Documento<\/a><\/li>\n<li><a href=\"http:\/\/www.dipusevilla.es\/system\/modules\/com.saga.sagasuite.theme.diputacion.sevilla.corporativo\/handlers\/download-bop.pdf?id=a5ec4932-09e4-11e9-b108-0050569fe27b\" target=\"_blank\" rel=\"noopener\">Publicaci\u00f3n BOP N\u00ba 299 28\/12\/2018<\/a><\/li>\n<\/ul>","protected":false},"excerpt":{"rendered":"<p>Plan especial Tomo 1: Informaci\u00f3n Tomo 2: Diagn\u00f3stico Tomo 3: Normativa Tomo 4: Cat\u00e1logos A, B y C Tomo 4: Cat\u00e1logo D B.O.P. n\u00ba 237 de 13 de octubre de 2009 Innovaci\u00f3n n\u00ba 1 del Plan Especial INNOVACI\u00d3N CONSISTENTE EN LA MODIFICACI\u00d3N N\u00ba 1 DEL PLAN ESPECIAL DE PROTECCI\u00d3N Y CAT\u00c1LOGO DEL CONJUNTO HIST\u00d3RICO DE [&hellip;]<\/p>\n","protected":false},"author":2,"featured_media":0,"parent":0,"menu_order":0,"comment_status":"closed","ping_status":"closed","template":"","meta":{"_et_pb_use_builder":"","_et_pb_old_content":"","_et_gb_content_width":"","footnotes":""},"class_list":["post-9664","page","type-page","status-publish","hentry"],"yoast_head":"<!-- This site is optimized with the Yoast SEO plugin v27.3 - https:\/\/yoast.com\/product\/yoast-seo-wordpress\/ -->\n<title>PLAN ESPECIAL DE PROTECCI\u00d3N Y CAT\u00c1LOGO DEL CONJUNTO HIST\u00d3RICO DE UTRERA - Ayuntamiento de Utrera<\/title>\n<meta name=\"robots\" content=\"index, follow, max-snippet:-1, max-image-preview:large, max-video-preview:-1\" \/>\n<link rel=\"canonical\" href=\"https:\/\/www.utrera.org\/en\/plan-especial-de-proteccion-y-catalogo-del-conjunto-historico-de-utrera\/\" \/>\n<meta property=\"og:locale\" content=\"en_GB\" \/>\n<meta property=\"og:type\" content=\"article\" \/>\n<meta property=\"og:title\" content=\"PLAN ESPECIAL DE PROTECCI\u00d3N Y CAT\u00c1LOGO DEL CONJUNTO HIST\u00d3RICO DE UTRERA - Ayuntamiento de Utrera\" \/>\n<meta property=\"og:description\" content=\"Plan especial Tomo 1: Informaci\u00f3n Tomo 2: Diagn\u00f3stico Tomo 3: Normativa Tomo 4: Cat\u00e1logos A, B y C Tomo 4: Cat\u00e1logo D B.O.P. n\u00ba 237 de 13 de octubre de 2009 Innovaci\u00f3n n\u00ba 1 del Plan Especial INNOVACI\u00d3N CONSISTENTE EN LA MODIFICACI\u00d3N N\u00ba 1 DEL PLAN ESPECIAL DE PROTECCI\u00d3N Y CAT\u00c1LOGO DEL CONJUNTO HIST\u00d3RICO DE [&hellip;]\" \/>\n<meta property=\"og:url\" content=\"https:\/\/www.utrera.org\/en\/plan-especial-de-proteccion-y-catalogo-del-conjunto-historico-de-utrera\/\" \/>\n<meta property=\"og:site_name\" content=\"Ayuntamiento de Utrera\" \/>\n<meta property=\"article:publisher\" content=\"https:\/\/www.facebook.com\/AyuntamientodeUtrera\/\" \/>\n<meta property=\"article:modified_time\" content=\"2019-01-23T08:59:12+00:00\" \/>\n<meta name=\"twitter:card\" content=\"summary_large_image\" \/>\n<meta name=\"twitter:site\" content=\"@CiudadUtrera\" \/>\n<script type=\"application\/ld+json\" class=\"yoast-schema-graph\">{\"@context\":\"https:\\\/\\\/schema.org\",\"@graph\":[{\"@type\":\"WebPage\",\"@id\":\"https:\\\/\\\/www.utrera.org\\\/plan-especial-de-proteccion-y-catalogo-del-conjunto-historico-de-utrera\\\/\",\"url\":\"https:\\\/\\\/www.utrera.org\\\/plan-especial-de-proteccion-y-catalogo-del-conjunto-historico-de-utrera\\\/\",\"name\":\"PLAN ESPECIAL DE PROTECCI\u00d3N Y CAT\u00c1LOGO DEL CONJUNTO HIST\u00d3RICO DE UTRERA - Ayuntamiento de Utrera\",\"isPartOf\":{\"@id\":\"https:\\\/\\\/www.utrera.org\\\/#website\"},\"datePublished\":\"2018-06-13T10:19:36+00:00\",\"dateModified\":\"2019-01-23T08:59:12+00:00\",\"breadcrumb\":{\"@id\":\"https:\\\/\\\/www.utrera.org\\\/plan-especial-de-proteccion-y-catalogo-del-conjunto-historico-de-utrera\\\/#breadcrumb\"},\"inLanguage\":\"en-GB\",\"potentialAction\":[{\"@type\":\"ReadAction\",\"target\":[\"https:\\\/\\\/www.utrera.org\\\/plan-especial-de-proteccion-y-catalogo-del-conjunto-historico-de-utrera\\\/\"]}]},{\"@type\":\"BreadcrumbList\",\"@id\":\"https:\\\/\\\/www.utrera.org\\\/plan-especial-de-proteccion-y-catalogo-del-conjunto-historico-de-utrera\\\/#breadcrumb\",\"itemListElement\":[{\"@type\":\"ListItem\",\"position\":1,\"name\":\"Inicio\",\"item\":\"https:\\\/\\\/www.utrera.org\\\/\"},{\"@type\":\"ListItem\",\"position\":2,\"name\":\"PLAN ESPECIAL DE PROTECCI\u00d3N Y CAT\u00c1LOGO DEL CONJUNTO HIST\u00d3RICO DE UTRERA\"}]},{\"@type\":\"WebSite\",\"@id\":\"https:\\\/\\\/www.utrera.org\\\/#website\",\"url\":\"https:\\\/\\\/www.utrera.org\\\/\",\"name\":\"Ayuntamiento de Utrera\",\"description\":\"Web Municipal del Ayuntamiento de Utrera\",\"potentialAction\":[{\"@type\":\"SearchAction\",\"target\":{\"@type\":\"EntryPoint\",\"urlTemplate\":\"https:\\\/\\\/www.utrera.org\\\/?s={search_term_string}\"},\"query-input\":{\"@type\":\"PropertyValueSpecification\",\"valueRequired\":true,\"valueName\":\"search_term_string\"}}],\"inLanguage\":\"en-GB\"}]}<\/script>\n<!-- \/ Yoast SEO plugin. -->","yoast_head_json":{"title":"PLAN ESPECIAL DE PROTECCI\u00d3N Y CAT\u00c1LOGO DEL CONJUNTO HIST\u00d3RICO DE UTRERA - Ayuntamiento de Utrera","robots":{"index":"index","follow":"follow","max-snippet":"max-snippet:-1","max-image-preview":"max-image-preview:large","max-video-preview":"max-video-preview:-1"},"canonical":"https:\/\/www.utrera.org\/en\/plan-especial-de-proteccion-y-catalogo-del-conjunto-historico-de-utrera\/","og_locale":"en_GB","og_type":"article","og_title":"PLAN ESPECIAL DE PROTECCI\u00d3N Y CAT\u00c1LOGO DEL CONJUNTO HIST\u00d3RICO DE UTRERA - Ayuntamiento de Utrera","og_description":"Plan especial Tomo 1: Informaci\u00f3n Tomo 2: Diagn\u00f3stico Tomo 3: Normativa Tomo 4: Cat\u00e1logos A, B y C Tomo 4: Cat\u00e1logo D B.O.P. n\u00ba 237 de 13 de octubre de 2009 Innovaci\u00f3n n\u00ba 1 del Plan Especial INNOVACI\u00d3N CONSISTENTE EN LA MODIFICACI\u00d3N N\u00ba 1 DEL PLAN ESPECIAL DE PROTECCI\u00d3N Y CAT\u00c1LOGO DEL CONJUNTO HIST\u00d3RICO DE [&hellip;]","og_url":"https:\/\/www.utrera.org\/en\/plan-especial-de-proteccion-y-catalogo-del-conjunto-historico-de-utrera\/","og_site_name":"Ayuntamiento de Utrera","article_publisher":"https:\/\/www.facebook.com\/AyuntamientodeUtrera\/","article_modified_time":"2019-01-23T08:59:12+00:00","twitter_card":"summary_large_image","twitter_site":"@CiudadUtrera","schema":{"@context":"https:\/\/schema.org","@graph":[{"@type":"WebPage","@id":"https:\/\/www.utrera.org\/plan-especial-de-proteccion-y-catalogo-del-conjunto-historico-de-utrera\/","url":"https:\/\/www.utrera.org\/plan-especial-de-proteccion-y-catalogo-del-conjunto-historico-de-utrera\/","name":"PLAN ESPECIAL DE PROTECCI\u00d3N Y CAT\u00c1LOGO DEL CONJUNTO HIST\u00d3RICO DE UTRERA - Ayuntamiento de Utrera","isPartOf":{"@id":"https:\/\/www.utrera.org\/#website"},"datePublished":"2018-06-13T10:19:36+00:00","dateModified":"2019-01-23T08:59:12+00:00","breadcrumb":{"@id":"https:\/\/www.utrera.org\/plan-especial-de-proteccion-y-catalogo-del-conjunto-historico-de-utrera\/#breadcrumb"},"inLanguage":"en-GB","potentialAction":[{"@type":"ReadAction","target":["https:\/\/www.utrera.org\/plan-especial-de-proteccion-y-catalogo-del-conjunto-historico-de-utrera\/"]}]},{"@type":"BreadcrumbList","@id":"https:\/\/www.utrera.org\/plan-especial-de-proteccion-y-catalogo-del-conjunto-historico-de-utrera\/#breadcrumb","itemListElement":[{"@type":"ListItem","position":1,"name":"Inicio","item":"https:\/\/www.utrera.org\/"},{"@type":"ListItem","position":2,"name":"PLAN ESPECIAL DE PROTECCI\u00d3N Y CAT\u00c1LOGO DEL CONJUNTO HIST\u00d3RICO DE UTRERA"}]},{"@type":"WebSite","@id":"https:\/\/www.utrera.org\/#website","url":"https:\/\/www.utrera.org\/","name":"City Council of Utrera","description":"Web Municipal del Ayuntamiento de Utrera","potentialAction":[{"@type":"SearchAction","target":{"@type":"EntryPoint","urlTemplate":"https:\/\/www.utrera.org\/?s={search_term_string}"},"query-input":{"@type":"PropertyValueSpecification","valueRequired":true,"valueName":"search_term_string"}}],"inLanguage":"en-GB"}]}},"_links":{"self":[{"href":"https:\/\/www.utrera.org\/en\/wp-json\/wp\/v2\/pages\/9664","targetHints":{"allow":["GET"]}}],"collection":[{"href":"https:\/\/www.utrera.org\/en\/wp-json\/wp\/v2\/pages"}],"about":[{"href":"https:\/\/www.utrera.org\/en\/wp-json\/wp\/v2\/types\/page"}],"author":[{"embeddable":true,"href":"https:\/\/www.utrera.org\/en\/wp-json\/wp\/v2\/users\/2"}],"replies":[{"embeddable":true,"href":"https:\/\/www.utrera.org\/en\/wp-json\/wp\/v2\/comments?post=9664"}],"version-history":[{"count":0,"href":"https:\/\/www.utrera.org\/en\/wp-json\/wp\/v2\/pages\/9664\/revisions"}],"wp:attachment":[{"href":"https:\/\/www.utrera.org\/en\/wp-json\/wp\/v2\/media?parent=9664"}],"curies":[{"name":"wp","href":"https:\/\/api.w.org\/{rel}","templated":true}]}}