{"id":9662,"date":"2018-06-13T11:20:41","date_gmt":"2018-06-13T10:20:41","guid":{"rendered":"https:\/\/www.utrera.org\/?page_id=9662"},"modified":"2018-07-09T19:05:48","modified_gmt":"2018-07-09T18:05:48","slug":"correccion-errores-materiales-documento-adaptacion-parcial-plan-general-a-loua","status":"publish","type":"page","link":"https:\/\/www.utrera.org\/en\/correccion-errores-materiales-documento-adaptacion-parcial-plan-general-a-loua\/","title":{"rendered":"CORRECCI\u00d3N ERRORES MATERIALES DOCUMENTO ADAPTACION PARCIAL PLAN GENERAL A LOUA"},"content":{"rendered":"<p>Por acuerdo de Pleno en Sesi\u00f3n Ordinaria celebrada el d\u00eda catorce de abril de dos mil once, modificado en su punto Primero por acuerdo de Pleno en sesi\u00f3n ordinaria celebrada el d\u00eda 12 de mayo de 2011, fueron aprobadas las correcciones de los errores materiales detectados en el Documento de Adaptaci\u00f3n Parcial del Plan General a la Ley 7\/2002, de 17 de diciembre, de Ordenaci\u00f3n Urban\u00edstica de Andaluc\u00eda, afectante a las fichas de las siguientes unidades de ejecuci\u00f3n: UE-4; UE-5; UE-6; UE-7; UE10; UE-16; UE-18; UE-26; UE-27; SUS-2 y SUS-3, as\u00ed como a los planos n\u00fam. 2.1.6 \u00abEstructura Org\u00e1nica del Territorio (Sistemas Generales y Usos Globales) N\u00facleo Principal de Utrera\u00bb, 2.1.7 \u00abEstructura Org\u00e1nica del Territorio (Sistemas Generales y Usos Globales) N\u00facleo Principal de Utrera\u00bb y n\u00fam. 2.2. \u00abEstructura org\u00e1nica del Territorio (Sistemas Generales y Usos Globales) N\u00facleo de El Palmar de Troya\u00bb.<\/p>\n<ul>\n<li><a title=\"Fichas\" href=\"\/wp-content\/uploads\/2018\/06\/Fichas.pdf\" target=\"_blank\" rel=\"noopener\">Fichas<\/a><\/li>\n<li><a title=\"PLANO 2.1.6\" href=\"\/wp-content\/uploads\/2018\/06\/PLANO_2.1.6.pdf\" target=\"_blank\" rel=\"noopener\">Plano n\u00fam. 2.1.6 \u00abEstructura Org\u00e1nica del Territorio (Sistemas Generales y Usos Globales) N\u00facleo Principal de Utrera\u00bb<\/a><\/li>\n<li><a title=\"PLANO 2.1.7\" href=\"\/wp-content\/uploads\/2018\/06\/PLANO_2.1.7.pdf\" target=\"_blank\" rel=\"noopener\">Plano n\u00fam. 2.1.7 \u00abEstructura Org\u00e1nica del Territorio (Sistemas Generales y Usos Globales) N\u00facleo Princial de Utrera\u00bb<\/a><\/li>\n<li><a title=\"PLANO 2.2\" href=\"\/wp-content\/uploads\/2018\/06\/PLANO_2.2.pdf\" target=\"_blank\" rel=\"noopener\">Plano n\u00fam. 2.2. \u00abEstructura Org\u00e1nica del Territorio (Sistemas Generales y Usos Globales) N\u00facleo de El Palmar de Troya\u00bb<\/a><\/li>\n<\/ul>","protected":false},"excerpt":{"rendered":"<p>Por acuerdo de Pleno en Sesi\u00f3n Ordinaria celebrada el d\u00eda catorce de abril de dos mil once, modificado en su punto Primero por acuerdo de Pleno en sesi\u00f3n ordinaria celebrada el d\u00eda 12 de mayo de 2011, fueron aprobadas las correcciones de los errores materiales detectados en el Documento de Adaptaci\u00f3n Parcial del Plan General [&hellip;]<\/p>\n","protected":false},"author":2,"featured_media":0,"parent":0,"menu_order":0,"comment_status":"closed","ping_status":"closed","template":"","meta":{"_et_pb_use_builder":"","_et_pb_old_content":"","_et_gb_content_width":"","footnotes":""},"class_list":["post-9662","page","type-page","status-publish","hentry"],"yoast_head":"<!-- This site is optimized with the Yoast SEO plugin v27.3 - https:\/\/yoast.com\/product\/yoast-seo-wordpress\/ -->\n<title>CORRECCI\u00d3N ERRORES MATERIALES DOCUMENTO ADAPTACION PARCIAL PLAN GENERAL A LOUA - Ayuntamiento de Utrera<\/title>\n<meta name=\"robots\" content=\"index, follow, max-snippet:-1, max-image-preview:large, max-video-preview:-1\" \/>\n<link rel=\"canonical\" href=\"https:\/\/www.utrera.org\/en\/correccion-errores-materiales-documento-adaptacion-parcial-plan-general-a-loua\/\" \/>\n<meta property=\"og:locale\" content=\"en_GB\" \/>\n<meta property=\"og:type\" content=\"article\" \/>\n<meta property=\"og:title\" content=\"CORRECCI\u00d3N ERRORES MATERIALES DOCUMENTO ADAPTACION PARCIAL PLAN GENERAL A LOUA - Ayuntamiento de Utrera\" \/>\n<meta property=\"og:description\" content=\"Por acuerdo de Pleno en Sesi\u00f3n Ordinaria celebrada el d\u00eda catorce de abril de dos mil once, modificado en su punto Primero por acuerdo de Pleno en sesi\u00f3n ordinaria celebrada el d\u00eda 12 de mayo de 2011, fueron aprobadas las correcciones de los errores materiales detectados en el Documento de Adaptaci\u00f3n Parcial del Plan General [&hellip;]\" \/>\n<meta property=\"og:url\" content=\"https:\/\/www.utrera.org\/en\/correccion-errores-materiales-documento-adaptacion-parcial-plan-general-a-loua\/\" \/>\n<meta property=\"og:site_name\" content=\"Ayuntamiento de Utrera\" \/>\n<meta property=\"article:publisher\" content=\"https:\/\/www.facebook.com\/AyuntamientodeUtrera\/\" \/>\n<meta property=\"article:modified_time\" content=\"2018-07-09T18:05:48+00:00\" \/>\n<meta name=\"twitter:card\" content=\"summary_large_image\" \/>\n<meta name=\"twitter:site\" content=\"@CiudadUtrera\" \/>\n<meta name=\"twitter:label1\" content=\"Est. reading time\" \/>\n\t<meta name=\"twitter:data1\" content=\"1 minute\" \/>\n<script type=\"application\/ld+json\" class=\"yoast-schema-graph\">{\"@context\":\"https:\\\/\\\/schema.org\",\"@graph\":[{\"@type\":\"WebPage\",\"@id\":\"https:\\\/\\\/www.utrera.org\\\/correccion-errores-materiales-documento-adaptacion-parcial-plan-general-a-loua\\\/\",\"url\":\"https:\\\/\\\/www.utrera.org\\\/correccion-errores-materiales-documento-adaptacion-parcial-plan-general-a-loua\\\/\",\"name\":\"CORRECCI\u00d3N ERRORES MATERIALES DOCUMENTO ADAPTACION PARCIAL PLAN GENERAL A LOUA - Ayuntamiento de Utrera\",\"isPartOf\":{\"@id\":\"https:\\\/\\\/www.utrera.org\\\/#website\"},\"datePublished\":\"2018-06-13T10:20:41+00:00\",\"dateModified\":\"2018-07-09T18:05:48+00:00\",\"breadcrumb\":{\"@id\":\"https:\\\/\\\/www.utrera.org\\\/correccion-errores-materiales-documento-adaptacion-parcial-plan-general-a-loua\\\/#breadcrumb\"},\"inLanguage\":\"en-GB\",\"potentialAction\":[{\"@type\":\"ReadAction\",\"target\":[\"https:\\\/\\\/www.utrera.org\\\/correccion-errores-materiales-documento-adaptacion-parcial-plan-general-a-loua\\\/\"]}]},{\"@type\":\"BreadcrumbList\",\"@id\":\"https:\\\/\\\/www.utrera.org\\\/correccion-errores-materiales-documento-adaptacion-parcial-plan-general-a-loua\\\/#breadcrumb\",\"itemListElement\":[{\"@type\":\"ListItem\",\"position\":1,\"name\":\"Inicio\",\"item\":\"https:\\\/\\\/www.utrera.org\\\/\"},{\"@type\":\"ListItem\",\"position\":2,\"name\":\"CORRECCI\u00d3N ERRORES MATERIALES DOCUMENTO ADAPTACION PARCIAL PLAN GENERAL A LOUA\"}]},{\"@type\":\"WebSite\",\"@id\":\"https:\\\/\\\/www.utrera.org\\\/#website\",\"url\":\"https:\\\/\\\/www.utrera.org\\\/\",\"name\":\"Ayuntamiento de Utrera\",\"description\":\"Web Municipal del Ayuntamiento de Utrera\",\"potentialAction\":[{\"@type\":\"SearchAction\",\"target\":{\"@type\":\"EntryPoint\",\"urlTemplate\":\"https:\\\/\\\/www.utrera.org\\\/?s={search_term_string}\"},\"query-input\":{\"@type\":\"PropertyValueSpecification\",\"valueRequired\":true,\"valueName\":\"search_term_string\"}}],\"inLanguage\":\"en-GB\"}]}<\/script>\n<!-- \/ Yoast SEO plugin. -->","yoast_head_json":{"title":"CORRECCI\u00d3N ERRORES MATERIALES DOCUMENTO ADAPTACION PARCIAL PLAN GENERAL A LOUA - Ayuntamiento de Utrera","robots":{"index":"index","follow":"follow","max-snippet":"max-snippet:-1","max-image-preview":"max-image-preview:large","max-video-preview":"max-video-preview:-1"},"canonical":"https:\/\/www.utrera.org\/en\/correccion-errores-materiales-documento-adaptacion-parcial-plan-general-a-loua\/","og_locale":"en_GB","og_type":"article","og_title":"CORRECCI\u00d3N ERRORES MATERIALES DOCUMENTO ADAPTACION PARCIAL PLAN GENERAL A LOUA - Ayuntamiento de Utrera","og_description":"Por acuerdo de Pleno en Sesi\u00f3n Ordinaria celebrada el d\u00eda catorce de abril de dos mil once, modificado en su punto Primero por acuerdo de Pleno en sesi\u00f3n ordinaria celebrada el d\u00eda 12 de mayo de 2011, fueron aprobadas las correcciones de los errores materiales detectados en el Documento de Adaptaci\u00f3n Parcial del Plan General [&hellip;]","og_url":"https:\/\/www.utrera.org\/en\/correccion-errores-materiales-documento-adaptacion-parcial-plan-general-a-loua\/","og_site_name":"Ayuntamiento de Utrera","article_publisher":"https:\/\/www.facebook.com\/AyuntamientodeUtrera\/","article_modified_time":"2018-07-09T18:05:48+00:00","twitter_card":"summary_large_image","twitter_site":"@CiudadUtrera","twitter_misc":{"Est. reading time":"1 minute"},"schema":{"@context":"https:\/\/schema.org","@graph":[{"@type":"WebPage","@id":"https:\/\/www.utrera.org\/correccion-errores-materiales-documento-adaptacion-parcial-plan-general-a-loua\/","url":"https:\/\/www.utrera.org\/correccion-errores-materiales-documento-adaptacion-parcial-plan-general-a-loua\/","name":"CORRECCI\u00d3N ERRORES MATERIALES DOCUMENTO ADAPTACION PARCIAL PLAN GENERAL A LOUA - Ayuntamiento de Utrera","isPartOf":{"@id":"https:\/\/www.utrera.org\/#website"},"datePublished":"2018-06-13T10:20:41+00:00","dateModified":"2018-07-09T18:05:48+00:00","breadcrumb":{"@id":"https:\/\/www.utrera.org\/correccion-errores-materiales-documento-adaptacion-parcial-plan-general-a-loua\/#breadcrumb"},"inLanguage":"en-GB","potentialAction":[{"@type":"ReadAction","target":["https:\/\/www.utrera.org\/correccion-errores-materiales-documento-adaptacion-parcial-plan-general-a-loua\/"]}]},{"@type":"BreadcrumbList","@id":"https:\/\/www.utrera.org\/correccion-errores-materiales-documento-adaptacion-parcial-plan-general-a-loua\/#breadcrumb","itemListElement":[{"@type":"ListItem","position":1,"name":"Inicio","item":"https:\/\/www.utrera.org\/"},{"@type":"ListItem","position":2,"name":"CORRECCI\u00d3N ERRORES MATERIALES DOCUMENTO ADAPTACION PARCIAL PLAN GENERAL A LOUA"}]},{"@type":"WebSite","@id":"https:\/\/www.utrera.org\/#website","url":"https:\/\/www.utrera.org\/","name":"City Council of Utrera","description":"Web Municipal del Ayuntamiento de Utrera","potentialAction":[{"@type":"SearchAction","target":{"@type":"EntryPoint","urlTemplate":"https:\/\/www.utrera.org\/?s={search_term_string}"},"query-input":{"@type":"PropertyValueSpecification","valueRequired":true,"valueName":"search_term_string"}}],"inLanguage":"en-GB"}]}},"_links":{"self":[{"href":"https:\/\/www.utrera.org\/en\/wp-json\/wp\/v2\/pages\/9662","targetHints":{"allow":["GET"]}}],"collection":[{"href":"https:\/\/www.utrera.org\/en\/wp-json\/wp\/v2\/pages"}],"about":[{"href":"https:\/\/www.utrera.org\/en\/wp-json\/wp\/v2\/types\/page"}],"author":[{"embeddable":true,"href":"https:\/\/www.utrera.org\/en\/wp-json\/wp\/v2\/users\/2"}],"replies":[{"embeddable":true,"href":"https:\/\/www.utrera.org\/en\/wp-json\/wp\/v2\/comments?post=9662"}],"version-history":[{"count":0,"href":"https:\/\/www.utrera.org\/en\/wp-json\/wp\/v2\/pages\/9662\/revisions"}],"wp:attachment":[{"href":"https:\/\/www.utrera.org\/en\/wp-json\/wp\/v2\/media?parent=9662"}],"curies":[{"name":"wp","href":"https:\/\/api.w.org\/{rel}","templated":true}]}}