{"id":9650,"date":"2018-06-13T11:27:30","date_gmt":"2018-06-13T10:27:30","guid":{"rendered":"https:\/\/www.utrera.org\/?page_id=9650"},"modified":"2019-03-06T10:04:49","modified_gmt":"2019-03-06T09:04:49","slug":"ordenanza-municipal-reguladora-de-la-prestacion-compensatoria-para-actuaciones-de-interes-publico-en-terrenos-con-el-regimen-de-suelo-no-urbanizable","status":"publish","type":"page","link":"https:\/\/www.utrera.org\/en\/ordenanza-municipal-reguladora-de-la-prestacion-compensatoria-para-actuaciones-de-interes-publico-en-terrenos-con-el-regimen-de-suelo-no-urbanizable\/","title":{"rendered":"ORDENANZA MUNICIPAL REGULADORA DE LA PRESTACI\u00d3N COMPENSATORIA PARA ACTUACIONES DE INTER\u00c9S P\u00daBLICO EN TERRENOS CON EL R\u00c9GIMEN DE SUELO NO URBANIZABLE \n(REGULATING THE PAYMENT FOR BUILDINGS OF SOCIAL INTEREST IN RURAL AREAS)"},"content":{"rendered":"<p><a title=\"PAYMENT MUNICIPAL BY-LAW\" href=\"\/wp-content\/uploads\/2018\/06\/ORDENANZA_PRESTACION_COMPENSATORIA.pdf\" target=\"_blank\" rel=\"noopener\">Municipal by-law text.<\/a><\/p>\n<p><a title=\"Municipal by-law mistake correction\" href=\"\/wp-content\/uploads\/2018\/06\/CORRECCION_ERROR_ORDENANZA.pdf\" target=\"_blank\" rel=\"noopener\">Mistake correction.<\/a><\/p>\n<p><a title=\"Municipal by-law mistake correction\" href=\"\/wp-content\/uploads\/2019\/03\/PUBLICAC.-BOP-44-22-02-19.pdf\" target=\"_blank\" rel=\"noopener\">Municipal by-law modification.<\/a><\/p>","protected":false},"excerpt":{"rendered":"<p>Texto de ordenanza. Correcci\u00f3n de error. Modificaci\u00f3n de la ordenanza.<\/p>","protected":false},"author":2,"featured_media":0,"parent":0,"menu_order":0,"comment_status":"closed","ping_status":"closed","template":"","meta":{"_et_pb_use_builder":"","_et_pb_old_content":"","_et_gb_content_width":"","footnotes":""},"class_list":["post-9650","page","type-page","status-publish","hentry"],"yoast_head":"<!-- This site is optimized with the Yoast SEO plugin v27.3 - https:\/\/yoast.com\/product\/yoast-seo-wordpress\/ -->\n<title>ORDENANZA MUNICIPAL REGULADORA DE LA PRESTACI\u00d3N COMPENSATORIA PARA ACTUACIONES DE INTER\u00c9S P\u00daBLICO EN TERRENOS CON EL R\u00c9GIMEN DE SUELO NO URBANIZABLE - Ayuntamiento de Utrera<\/title>\n<meta name=\"robots\" content=\"index, follow, max-snippet:-1, max-image-preview:large, max-video-preview:-1\" \/>\n<link rel=\"canonical\" href=\"https:\/\/www.utrera.org\/en\/ordenanza-municipal-reguladora-de-la-prestacion-compensatoria-para-actuaciones-de-interes-publico-en-terrenos-con-el-regimen-de-suelo-no-urbanizable\/\" \/>\n<meta property=\"og:locale\" content=\"en_GB\" \/>\n<meta property=\"og:type\" content=\"article\" \/>\n<meta property=\"og:title\" content=\"ORDENANZA MUNICIPAL REGULADORA DE LA PRESTACI\u00d3N COMPENSATORIA PARA ACTUACIONES DE INTER\u00c9S P\u00daBLICO EN TERRENOS CON EL R\u00c9GIMEN DE SUELO NO URBANIZABLE - Ayuntamiento de Utrera\" \/>\n<meta property=\"og:description\" content=\"Texto de ordenanza. Correcci\u00f3n de error. Modificaci\u00f3n de la ordenanza.\" \/>\n<meta property=\"og:url\" content=\"https:\/\/www.utrera.org\/en\/ordenanza-municipal-reguladora-de-la-prestacion-compensatoria-para-actuaciones-de-interes-publico-en-terrenos-con-el-regimen-de-suelo-no-urbanizable\/\" \/>\n<meta property=\"og:site_name\" content=\"Ayuntamiento de Utrera\" \/>\n<meta property=\"article:publisher\" content=\"https:\/\/www.facebook.com\/AyuntamientodeUtrera\/\" \/>\n<meta property=\"article:modified_time\" content=\"2019-03-06T09:04:49+00:00\" \/>\n<meta name=\"twitter:card\" content=\"summary_large_image\" \/>\n<meta name=\"twitter:site\" content=\"@CiudadUtrera\" \/>\n<script type=\"application\/ld+json\" class=\"yoast-schema-graph\">{\"@context\":\"https:\\\/\\\/schema.org\",\"@graph\":[{\"@type\":\"WebPage\",\"@id\":\"https:\\\/\\\/www.utrera.org\\\/ordenanza-municipal-reguladora-de-la-prestacion-compensatoria-para-actuaciones-de-interes-publico-en-terrenos-con-el-regimen-de-suelo-no-urbanizable\\\/\",\"url\":\"https:\\\/\\\/www.utrera.org\\\/ordenanza-municipal-reguladora-de-la-prestacion-compensatoria-para-actuaciones-de-interes-publico-en-terrenos-con-el-regimen-de-suelo-no-urbanizable\\\/\",\"name\":\"ORDENANZA MUNICIPAL REGULADORA DE LA PRESTACI\u00d3N COMPENSATORIA PARA ACTUACIONES DE INTER\u00c9S P\u00daBLICO EN TERRENOS CON EL R\u00c9GIMEN DE SUELO NO URBANIZABLE - Ayuntamiento de Utrera\",\"isPartOf\":{\"@id\":\"https:\\\/\\\/www.utrera.org\\\/#website\"},\"datePublished\":\"2018-06-13T10:27:30+00:00\",\"dateModified\":\"2019-03-06T09:04:49+00:00\",\"breadcrumb\":{\"@id\":\"https:\\\/\\\/www.utrera.org\\\/ordenanza-municipal-reguladora-de-la-prestacion-compensatoria-para-actuaciones-de-interes-publico-en-terrenos-con-el-regimen-de-suelo-no-urbanizable\\\/#breadcrumb\"},\"inLanguage\":\"en-GB\",\"potentialAction\":[{\"@type\":\"ReadAction\",\"target\":[\"https:\\\/\\\/www.utrera.org\\\/ordenanza-municipal-reguladora-de-la-prestacion-compensatoria-para-actuaciones-de-interes-publico-en-terrenos-con-el-regimen-de-suelo-no-urbanizable\\\/\"]}]},{\"@type\":\"BreadcrumbList\",\"@id\":\"https:\\\/\\\/www.utrera.org\\\/ordenanza-municipal-reguladora-de-la-prestacion-compensatoria-para-actuaciones-de-interes-publico-en-terrenos-con-el-regimen-de-suelo-no-urbanizable\\\/#breadcrumb\",\"itemListElement\":[{\"@type\":\"ListItem\",\"position\":1,\"name\":\"Inicio\",\"item\":\"https:\\\/\\\/www.utrera.org\\\/\"},{\"@type\":\"ListItem\",\"position\":2,\"name\":\"ORDENANZA MUNICIPAL REGULADORA DE LA PRESTACI\u00d3N COMPENSATORIA PARA ACTUACIONES DE INTER\u00c9S P\u00daBLICO EN TERRENOS CON EL R\u00c9GIMEN DE SUELO NO URBANIZABLE\"}]},{\"@type\":\"WebSite\",\"@id\":\"https:\\\/\\\/www.utrera.org\\\/#website\",\"url\":\"https:\\\/\\\/www.utrera.org\\\/\",\"name\":\"Ayuntamiento de Utrera\",\"description\":\"Web Municipal del Ayuntamiento de Utrera\",\"potentialAction\":[{\"@type\":\"SearchAction\",\"target\":{\"@type\":\"EntryPoint\",\"urlTemplate\":\"https:\\\/\\\/www.utrera.org\\\/?s={search_term_string}\"},\"query-input\":{\"@type\":\"PropertyValueSpecification\",\"valueRequired\":true,\"valueName\":\"search_term_string\"}}],\"inLanguage\":\"en-GB\"}]}<\/script>\n<!-- \/ Yoast SEO plugin. -->","yoast_head_json":{"title":"ORDENANZA MUNICIPAL REGULADORA DE LA PRESTACI\u00d3N COMPENSATORIA PARA ACTUACIONES DE INTER\u00c9S P\u00daBLICO EN TERRENOS CON EL R\u00c9GIMEN DE SUELO NO URBANIZABLE - Ayuntamiento de Utrera","robots":{"index":"index","follow":"follow","max-snippet":"max-snippet:-1","max-image-preview":"max-image-preview:large","max-video-preview":"max-video-preview:-1"},"canonical":"https:\/\/www.utrera.org\/en\/ordenanza-municipal-reguladora-de-la-prestacion-compensatoria-para-actuaciones-de-interes-publico-en-terrenos-con-el-regimen-de-suelo-no-urbanizable\/","og_locale":"en_GB","og_type":"article","og_title":"ORDENANZA MUNICIPAL REGULADORA DE LA PRESTACI\u00d3N COMPENSATORIA PARA ACTUACIONES DE INTER\u00c9S P\u00daBLICO EN TERRENOS CON EL R\u00c9GIMEN DE SUELO NO URBANIZABLE - Ayuntamiento de Utrera","og_description":"Texto de ordenanza. Correcci\u00f3n de error. Modificaci\u00f3n de la ordenanza.","og_url":"https:\/\/www.utrera.org\/en\/ordenanza-municipal-reguladora-de-la-prestacion-compensatoria-para-actuaciones-de-interes-publico-en-terrenos-con-el-regimen-de-suelo-no-urbanizable\/","og_site_name":"Ayuntamiento de Utrera","article_publisher":"https:\/\/www.facebook.com\/AyuntamientodeUtrera\/","article_modified_time":"2019-03-06T09:04:49+00:00","twitter_card":"summary_large_image","twitter_site":"@CiudadUtrera","schema":{"@context":"https:\/\/schema.org","@graph":[{"@type":"WebPage","@id":"https:\/\/www.utrera.org\/ordenanza-municipal-reguladora-de-la-prestacion-compensatoria-para-actuaciones-de-interes-publico-en-terrenos-con-el-regimen-de-suelo-no-urbanizable\/","url":"https:\/\/www.utrera.org\/ordenanza-municipal-reguladora-de-la-prestacion-compensatoria-para-actuaciones-de-interes-publico-en-terrenos-con-el-regimen-de-suelo-no-urbanizable\/","name":"ORDENANZA MUNICIPAL REGULADORA DE LA PRESTACI\u00d3N COMPENSATORIA PARA ACTUACIONES DE INTER\u00c9S P\u00daBLICO EN TERRENOS CON EL R\u00c9GIMEN DE SUELO NO URBANIZABLE - Ayuntamiento de Utrera","isPartOf":{"@id":"https:\/\/www.utrera.org\/#website"},"datePublished":"2018-06-13T10:27:30+00:00","dateModified":"2019-03-06T09:04:49+00:00","breadcrumb":{"@id":"https:\/\/www.utrera.org\/ordenanza-municipal-reguladora-de-la-prestacion-compensatoria-para-actuaciones-de-interes-publico-en-terrenos-con-el-regimen-de-suelo-no-urbanizable\/#breadcrumb"},"inLanguage":"en-GB","potentialAction":[{"@type":"ReadAction","target":["https:\/\/www.utrera.org\/ordenanza-municipal-reguladora-de-la-prestacion-compensatoria-para-actuaciones-de-interes-publico-en-terrenos-con-el-regimen-de-suelo-no-urbanizable\/"]}]},{"@type":"BreadcrumbList","@id":"https:\/\/www.utrera.org\/ordenanza-municipal-reguladora-de-la-prestacion-compensatoria-para-actuaciones-de-interes-publico-en-terrenos-con-el-regimen-de-suelo-no-urbanizable\/#breadcrumb","itemListElement":[{"@type":"ListItem","position":1,"name":"Inicio","item":"https:\/\/www.utrera.org\/"},{"@type":"ListItem","position":2,"name":"ORDENANZA MUNICIPAL REGULADORA DE LA PRESTACI\u00d3N COMPENSATORIA PARA ACTUACIONES DE INTER\u00c9S P\u00daBLICO EN TERRENOS CON EL R\u00c9GIMEN DE SUELO NO URBANIZABLE"}]},{"@type":"WebSite","@id":"https:\/\/www.utrera.org\/#website","url":"https:\/\/www.utrera.org\/","name":"City Council of Utrera","description":"Web Municipal del Ayuntamiento de Utrera","potentialAction":[{"@type":"SearchAction","target":{"@type":"EntryPoint","urlTemplate":"https:\/\/www.utrera.org\/?s={search_term_string}"},"query-input":{"@type":"PropertyValueSpecification","valueRequired":true,"valueName":"search_term_string"}}],"inLanguage":"en-GB"}]}},"_links":{"self":[{"href":"https:\/\/www.utrera.org\/en\/wp-json\/wp\/v2\/pages\/9650","targetHints":{"allow":["GET"]}}],"collection":[{"href":"https:\/\/www.utrera.org\/en\/wp-json\/wp\/v2\/pages"}],"about":[{"href":"https:\/\/www.utrera.org\/en\/wp-json\/wp\/v2\/types\/page"}],"author":[{"embeddable":true,"href":"https:\/\/www.utrera.org\/en\/wp-json\/wp\/v2\/users\/2"}],"replies":[{"embeddable":true,"href":"https:\/\/www.utrera.org\/en\/wp-json\/wp\/v2\/comments?post=9650"}],"version-history":[{"count":0,"href":"https:\/\/www.utrera.org\/en\/wp-json\/wp\/v2\/pages\/9650\/revisions"}],"wp:attachment":[{"href":"https:\/\/www.utrera.org\/en\/wp-json\/wp\/v2\/media?parent=9650"}],"curies":[{"name":"wp","href":"https:\/\/api.w.org\/{rel}","templated":true}]}}