{"id":9617,"date":"2018-06-13T08:46:47","date_gmt":"2018-06-13T07:46:47","guid":{"rendered":"https:\/\/www.utrera.org\/?page_id=9617"},"modified":"2019-01-23T09:43:08","modified_gmt":"2019-01-23T08:43:08","slug":"avance-planeamiento-para-identificacion-y-delimitacion-de-asentamientos","status":"publish","type":"page","link":"https:\/\/www.utrera.org\/en\/avance-planeamiento-para-identificacion-y-delimitacion-de-asentamientos\/","title":{"rendered":"AVANCE PLANEAMIENTO PARA IDENTIFICACION Y DELIMITACION DE ASENTAMIENTOS"},"content":{"rendered":"<p>Avance asentamiento para la identificaci\u00f3n y delimitaci\u00f3n de los asentamiento urban\u00edsticos y los \u00e1mbitos del h\u00e1bitat rural diseminado existente en el suelo no urbanizable del t\u00e9rmino municipal de Utrera, aprobado por resoluci\u00f3n de alcald\u00eda de fecha 6 de febrero de 2015 y publicado en el bolet\u00edn oficial de la provincia n\u00famero 45 de fecha 24 de febrero de 2015 y n\u00famero 127 de 4 de junio de 2015.<\/p>\n<p><a href=\"https:\/\/www.utrera.org\/wp-content\/uploads\/2019\/01\/AVANCE-ASENTAMIENTOSAPROB-INICIAL-Y-DEFIN.pdf\" rel=\"noopener\" target=\"_blank\">Avance Planeamiento<\/a><\/p>","protected":false},"excerpt":{"rendered":"<p>Avance asentamiento para la identificaci\u00f3n y delimitaci\u00f3n de los asentamiento urban\u00edsticos y los \u00e1mbitos del h\u00e1bitat rural diseminado existente en el suelo no urbanizable del t\u00e9rmino municipal de Utrera, aprobado por resoluci\u00f3n de alcald\u00eda de fecha 6 de febrero de 2015 y publicado en el bolet\u00edn oficial de la provincia n\u00famero 45 de fecha 24 [&hellip;]<\/p>\n","protected":false},"author":2,"featured_media":0,"parent":0,"menu_order":0,"comment_status":"closed","ping_status":"closed","template":"","meta":{"_et_pb_use_builder":"","_et_pb_old_content":"","_et_gb_content_width":"","footnotes":""},"class_list":["post-9617","page","type-page","status-publish","hentry"],"yoast_head":"<!-- This site is optimized with the Yoast SEO plugin v27.3 - https:\/\/yoast.com\/product\/yoast-seo-wordpress\/ -->\n<title>AVANCE PLANEAMIENTO PARA IDENTIFICACION Y DELIMITACION DE ASENTAMIENTOS - Ayuntamiento de Utrera<\/title>\n<meta name=\"robots\" content=\"index, follow, max-snippet:-1, max-image-preview:large, max-video-preview:-1\" \/>\n<link rel=\"canonical\" href=\"https:\/\/www.utrera.org\/en\/avance-planeamiento-para-identificacion-y-delimitacion-de-asentamientos\/\" \/>\n<meta property=\"og:locale\" content=\"en_GB\" \/>\n<meta property=\"og:type\" content=\"article\" \/>\n<meta property=\"og:title\" content=\"AVANCE PLANEAMIENTO PARA IDENTIFICACION Y DELIMITACION DE ASENTAMIENTOS - Ayuntamiento de Utrera\" \/>\n<meta property=\"og:description\" content=\"Avance asentamiento para la identificaci\u00f3n y delimitaci\u00f3n de los asentamiento urban\u00edsticos y los \u00e1mbitos del h\u00e1bitat rural diseminado existente en el suelo no urbanizable del t\u00e9rmino municipal de Utrera, aprobado por resoluci\u00f3n de alcald\u00eda de fecha 6 de febrero de 2015 y publicado en el bolet\u00edn oficial de la provincia n\u00famero 45 de fecha 24 [&hellip;]\" \/>\n<meta property=\"og:url\" content=\"https:\/\/www.utrera.org\/en\/avance-planeamiento-para-identificacion-y-delimitacion-de-asentamientos\/\" \/>\n<meta property=\"og:site_name\" content=\"Ayuntamiento de Utrera\" \/>\n<meta property=\"article:publisher\" content=\"https:\/\/www.facebook.com\/AyuntamientodeUtrera\/\" \/>\n<meta property=\"article:modified_time\" content=\"2019-01-23T08:43:08+00:00\" \/>\n<meta name=\"twitter:card\" content=\"summary_large_image\" \/>\n<meta name=\"twitter:site\" content=\"@CiudadUtrera\" \/>\n<script type=\"application\/ld+json\" class=\"yoast-schema-graph\">{\"@context\":\"https:\\\/\\\/schema.org\",\"@graph\":[{\"@type\":\"WebPage\",\"@id\":\"https:\\\/\\\/www.utrera.org\\\/avance-planeamiento-para-identificacion-y-delimitacion-de-asentamientos\\\/\",\"url\":\"https:\\\/\\\/www.utrera.org\\\/avance-planeamiento-para-identificacion-y-delimitacion-de-asentamientos\\\/\",\"name\":\"AVANCE PLANEAMIENTO PARA IDENTIFICACION Y DELIMITACION DE ASENTAMIENTOS - Ayuntamiento de Utrera\",\"isPartOf\":{\"@id\":\"https:\\\/\\\/www.utrera.org\\\/#website\"},\"datePublished\":\"2018-06-13T07:46:47+00:00\",\"dateModified\":\"2019-01-23T08:43:08+00:00\",\"breadcrumb\":{\"@id\":\"https:\\\/\\\/www.utrera.org\\\/avance-planeamiento-para-identificacion-y-delimitacion-de-asentamientos\\\/#breadcrumb\"},\"inLanguage\":\"en-GB\",\"potentialAction\":[{\"@type\":\"ReadAction\",\"target\":[\"https:\\\/\\\/www.utrera.org\\\/avance-planeamiento-para-identificacion-y-delimitacion-de-asentamientos\\\/\"]}]},{\"@type\":\"BreadcrumbList\",\"@id\":\"https:\\\/\\\/www.utrera.org\\\/avance-planeamiento-para-identificacion-y-delimitacion-de-asentamientos\\\/#breadcrumb\",\"itemListElement\":[{\"@type\":\"ListItem\",\"position\":1,\"name\":\"Inicio\",\"item\":\"https:\\\/\\\/www.utrera.org\\\/\"},{\"@type\":\"ListItem\",\"position\":2,\"name\":\"AVANCE PLANEAMIENTO PARA IDENTIFICACION Y DELIMITACION DE ASENTAMIENTOS\"}]},{\"@type\":\"WebSite\",\"@id\":\"https:\\\/\\\/www.utrera.org\\\/#website\",\"url\":\"https:\\\/\\\/www.utrera.org\\\/\",\"name\":\"Ayuntamiento de Utrera\",\"description\":\"Web Municipal del Ayuntamiento de Utrera\",\"potentialAction\":[{\"@type\":\"SearchAction\",\"target\":{\"@type\":\"EntryPoint\",\"urlTemplate\":\"https:\\\/\\\/www.utrera.org\\\/?s={search_term_string}\"},\"query-input\":{\"@type\":\"PropertyValueSpecification\",\"valueRequired\":true,\"valueName\":\"search_term_string\"}}],\"inLanguage\":\"en-GB\"}]}<\/script>\n<!-- \/ Yoast SEO plugin. -->","yoast_head_json":{"title":"AVANCE PLANEAMIENTO PARA IDENTIFICACION Y DELIMITACION DE ASENTAMIENTOS - Ayuntamiento de Utrera","robots":{"index":"index","follow":"follow","max-snippet":"max-snippet:-1","max-image-preview":"max-image-preview:large","max-video-preview":"max-video-preview:-1"},"canonical":"https:\/\/www.utrera.org\/en\/avance-planeamiento-para-identificacion-y-delimitacion-de-asentamientos\/","og_locale":"en_GB","og_type":"article","og_title":"AVANCE PLANEAMIENTO PARA IDENTIFICACION Y DELIMITACION DE ASENTAMIENTOS - Ayuntamiento de Utrera","og_description":"Avance asentamiento para la identificaci\u00f3n y delimitaci\u00f3n de los asentamiento urban\u00edsticos y los \u00e1mbitos del h\u00e1bitat rural diseminado existente en el suelo no urbanizable del t\u00e9rmino municipal de Utrera, aprobado por resoluci\u00f3n de alcald\u00eda de fecha 6 de febrero de 2015 y publicado en el bolet\u00edn oficial de la provincia n\u00famero 45 de fecha 24 [&hellip;]","og_url":"https:\/\/www.utrera.org\/en\/avance-planeamiento-para-identificacion-y-delimitacion-de-asentamientos\/","og_site_name":"Ayuntamiento de Utrera","article_publisher":"https:\/\/www.facebook.com\/AyuntamientodeUtrera\/","article_modified_time":"2019-01-23T08:43:08+00:00","twitter_card":"summary_large_image","twitter_site":"@CiudadUtrera","schema":{"@context":"https:\/\/schema.org","@graph":[{"@type":"WebPage","@id":"https:\/\/www.utrera.org\/avance-planeamiento-para-identificacion-y-delimitacion-de-asentamientos\/","url":"https:\/\/www.utrera.org\/avance-planeamiento-para-identificacion-y-delimitacion-de-asentamientos\/","name":"AVANCE PLANEAMIENTO PARA IDENTIFICACION Y DELIMITACION DE ASENTAMIENTOS - Ayuntamiento de Utrera","isPartOf":{"@id":"https:\/\/www.utrera.org\/#website"},"datePublished":"2018-06-13T07:46:47+00:00","dateModified":"2019-01-23T08:43:08+00:00","breadcrumb":{"@id":"https:\/\/www.utrera.org\/avance-planeamiento-para-identificacion-y-delimitacion-de-asentamientos\/#breadcrumb"},"inLanguage":"en-GB","potentialAction":[{"@type":"ReadAction","target":["https:\/\/www.utrera.org\/avance-planeamiento-para-identificacion-y-delimitacion-de-asentamientos\/"]}]},{"@type":"BreadcrumbList","@id":"https:\/\/www.utrera.org\/avance-planeamiento-para-identificacion-y-delimitacion-de-asentamientos\/#breadcrumb","itemListElement":[{"@type":"ListItem","position":1,"name":"Inicio","item":"https:\/\/www.utrera.org\/"},{"@type":"ListItem","position":2,"name":"AVANCE PLANEAMIENTO PARA IDENTIFICACION Y DELIMITACION DE ASENTAMIENTOS"}]},{"@type":"WebSite","@id":"https:\/\/www.utrera.org\/#website","url":"https:\/\/www.utrera.org\/","name":"City Council of Utrera","description":"Web Municipal del Ayuntamiento de Utrera","potentialAction":[{"@type":"SearchAction","target":{"@type":"EntryPoint","urlTemplate":"https:\/\/www.utrera.org\/?s={search_term_string}"},"query-input":{"@type":"PropertyValueSpecification","valueRequired":true,"valueName":"search_term_string"}}],"inLanguage":"en-GB"}]}},"_links":{"self":[{"href":"https:\/\/www.utrera.org\/en\/wp-json\/wp\/v2\/pages\/9617","targetHints":{"allow":["GET"]}}],"collection":[{"href":"https:\/\/www.utrera.org\/en\/wp-json\/wp\/v2\/pages"}],"about":[{"href":"https:\/\/www.utrera.org\/en\/wp-json\/wp\/v2\/types\/page"}],"author":[{"embeddable":true,"href":"https:\/\/www.utrera.org\/en\/wp-json\/wp\/v2\/users\/2"}],"replies":[{"embeddable":true,"href":"https:\/\/www.utrera.org\/en\/wp-json\/wp\/v2\/comments?post=9617"}],"version-history":[{"count":0,"href":"https:\/\/www.utrera.org\/en\/wp-json\/wp\/v2\/pages\/9617\/revisions"}],"wp:attachment":[{"href":"https:\/\/www.utrera.org\/en\/wp-json\/wp\/v2\/media?parent=9617"}],"curies":[{"name":"wp","href":"https:\/\/api.w.org\/{rel}","templated":true}]}}