{"id":9359,"date":"2018-06-09T14:09:27","date_gmt":"2018-06-09T13:09:27","guid":{"rendered":"https:\/\/www.utrera.org\/?page_id=9359"},"modified":"2023-08-03T12:07:59","modified_gmt":"2023-08-03T11:07:59","slug":"casa-de-cultura","status":"publish","type":"page","link":"https:\/\/www.utrera.org\/en\/casa-de-cultura\/","title":{"rendered":"Casa de Cultura (Cultural Centre)"},"content":{"rendered":"<p><i>Street:<\/i>\u00a0C\/ Rodrigo Caro, 3<br \/>\n<i>Tel\u00e9fonos:<\/i>\u00a095 586 09 31 \/ 659 442 152<br \/>\n<i>Correo electr\u00f3nico:<\/i>\u00a0<a href=\"mailto:cultura@utrera.org\" target=\"_blank\" rel=\"noopener\">cultura@utrera.<wbr \/>org<\/a><br \/>\n<i>Delegada de Cultura:<\/i>\u00a0M\u00aa Josefa P\u00eda Garc\u00eda Arroyo<br \/>\n<i>T\u00e9cnico:<\/i>\u00a0Rafael Arciniega Vela<br \/>\n<i>Horario de Atenci\u00f3n al Ciudadano:<\/i>\u00a0de 9 h a 14 h y de 17 h. a 20 horas, de lunes a jueves &#8211; viernes de 9 h. a 14 h.<br \/>\n<i>Horario de Apertura:<\/i>\u00a0de 07&#8217;30 h a 15 h y de 16&#8217;30 h. a 21&#8217;30 horas, de lunes a viernes.<br \/>\n<i>Horario de Verano\u00a0<u>(del 15 de junio al 9 de septiembre)<\/u>:<\/i>\u00a0de 07&#8217;30 h a 15 h, de lunes a viernes.<\/p>\n<p>&nbsp;<\/p>\n<p>La Casa de Cultura se encuentra en una antigua edificaci\u00f3n con restos que se remontan a los inicios del siglo XVI.<\/p>\n<p>La historia reciente del edificio comienza el 24 de mayo de 1.984, fecha en que es adquirida por el Ayuntamiento. Las obras de restauraci\u00f3n y adaptaci\u00f3n arrancaron en la primavera de 1.988 y concluyeron el 17 de junio de 1.990.<\/p>\n<p>La Casa de Cultura es un espacio abierto a la ciudadan\u00eda, donde se promueven, se programan y se realizan actividades de car\u00e1cter sociocultural. Es un lugar de reuni\u00f3n, esparcimiento e informaci\u00f3n Est\u00e1 abierta al p\u00fablico de 07&#8217;30 h a 15 h y de 16,30 h a 21,30 h., de lunes a viernes.<\/p>\n<p>Desde su puesta en funcionamiento, est\u00e1 concebida como un equipamiento cultural de proximidad, como un lugar donde se llevan a cabo actividades de formaci\u00f3n, exhibici\u00f3n y producci\u00f3n de \u00ablenguajes creativos\u00bb.<\/p>\n<p><i>\u00a0<\/i><\/p>\n<p><b>AULAS DE FORMACI\u00d3N<\/b><\/p>\n<p>Las aulas se desarrollan con car\u00e1cter continuo, coincidiendo su duraci\u00f3n con el a\u00f1o acad\u00e9mico, desde mitad de octubre a \u00faltimo de mayo.<\/p>\n<p>Est\u00e1n orientadas a la promoci\u00f3n individual de los usuarios, encaminando su tiempo libre a actividades creativas.<\/p>\n<p>Las clases, impartidas por especialistas en las distintas materias, tienen lugar los d\u00edas lectivos, de lunes a viernes, entre las 16,45 horas y las 21,15 horas, siguiendo el calendario escolar aprobado para nuestro municipio.<\/p>\n<p>Los interesados deben matricularse durante el mes de septiembre de cada uno de los a\u00f1os.<\/p>\n<p>Las personas matriculadas deben abonar una cantidad en concepto de matr\u00edcula, as\u00ed como, un importe mensual, establecido en la Ordenanza Fiscal Municipal n\u00ba 28.<\/p>\n<p><a href=\"\/en\/aulas-de-formacion\/\" target=\"_blank\" rel=\"noopener\">Ver m\u00e1s informaci\u00f3n sobre las Aulas<\/a><\/p>\n<p>&nbsp;<\/p>\n<p><b>SALA DE EXPOSICIONES<\/b><\/p>\n<p>La Sala de Exposiciones cuenta con la superficie \u00fatil de 220 m2 de configuraci\u00f3n variable seg\u00fan las necesidades del expositor. Ubicada en la planta baja de la Casa de Cultura, entrada principal, cuenta con 70 metros lineales de pared y de sistema de iluminaci\u00f3n.<\/p>\n<p>El programa de exposiciones que realiza la Delegaci\u00f3n de Cultura suele tener dos fechas inamovibles en el a\u00f1o. La primera es el mes de mayo, cuando se lleva a cabo la exposici\u00f3n organizada con motivo del Certamen Nacional de Arte Contempor\u00e1neo \u201cCiudad de Utrera\u201d. La segunda, en el mes de junio, con la Muestra Fin de Curso de las Aulas Permanentes de la Casa de Cultura, inmediatamente despu\u00e9s de la clausura de la exposici\u00f3n del Certamen.<\/p>\n<p>El resto del a\u00f1o y, generalmente, repartido en quincenas, la Sala de Exposiciones acoge muestras individuales de artistas que lo soliciten previamente, alternando con otras exposiciones que organiza la propia Delegaci\u00f3n de Cultura.<\/p>\n<p><a title=\"CulNormasExposic\" href=\"\/wp-content\/uploads\/2018\/06\/CulNormasExposic.pdf\" target=\"_blank\" rel=\"noopener\">Normas para artistas pl\u00e1sticos que deseen realizar una exposici\u00f3n en la Sala de Exposiciones de la Casa de Cultura<\/a><\/p>\n<p><a title=\"CulSolicExposic\" href=\"\/wp-content\/uploads\/2018\/06\/CulSolicExposic.pdf\" target=\"_blank\" rel=\"noopener\">Modelo de solicitud<\/a><\/p>\n<p>&nbsp;<\/p>\n<p><b>SAL\u00d3N DE ACTOS \/ SALA DE CONFERENCIAS<\/b>\u00a0<b>\/ AULAS POLIVALENTES<\/b><\/p>\n<p>La Casa de Cultura dispone de un Sal\u00f3n de Actos para una capacidad de 82 personas, sonorizado y dotado con sistema de proyecci\u00f3n, donde se realizan conferencias, presentaciones y cursos. Adem\u00e1s, la Casa de Cultura dispone de seis aulas polivalentes con distinta capacidad donde se realizan actividades, cursos y reuniones.<\/p>\n<p>El Ayuntamiento de Utrera facilita la utilizaci\u00f3n de estas dependencias a asociaciones, centros educativos, entidades p\u00fablicas o privadas para la celebraci\u00f3n de actos culturales, siempre que este espacio no se utilice para fines lucrativos ni privados.<\/p>\n<p><i>Horario de uso:<\/i>\u00a0De lunes a viernes, de 9 h a 14 h y de 17 h a 21 h, salvo festivos. (En verano s\u00f3lo horario de ma\u00f1ana).<\/p>\n<p><a title=\"CulNormActos\" href=\"\/wp-content\/uploads\/2018\/06\/CulNormActos.pdf\" target=\"_blank\" rel=\"noopener\"><u><br \/>\nNormas para la utilizaci\u00f3n del Sal\u00f3n de Actos o Aulas Polivalentes de la Casa de Cultura<\/u><\/a><\/p>\n<p><a title=\"CulSolicActos\" href=\"\/wp-content\/uploads\/2018\/06\/CulSolicActos.pdf\" target=\"_blank\" rel=\"noopener\">Modelo de solicitud<\/a><\/p>\n<p><b>SUBVENCIONES<\/b><\/p>\n<p>La Delegaci\u00f3n de Cultura se marca como objetivo primordial la realizaci\u00f3n y asentamiento de pol\u00edticas destinadas a consolidar la oferta de actividades culturales, apostando por programas que combinen repertorios tradicionales con la b\u00fasqueda de nuevos campos en las distintas disciplinas art\u00edsticas.<\/p>\n<p>Para ello, la Delegaci\u00f3n de Cultura destina parte de sus recursos econ\u00f3micos al apoyo de asociaciones y entidades, sin \u00e1nimo de lucro, relacionadas con la cultura en sus distintas manifestaciones.<\/p>\n<p>Para regular estas ayudas se aprueba y publica una convocatoria anual, mediante la que pueden materializar sus actividades y proyectos culturales, con el \u00e1nimo de ofrecer a la ciudadan\u00eda f\u00f3rmulas de participaci\u00f3n, que mejoren, complementen y enriquezcan la gesti\u00f3n y programaci\u00f3n de la propia Administraci\u00f3n.<\/p>","protected":false},"excerpt":{"rendered":"<p>Direcci\u00f3n:\u00a0C\/ Rodrigo Caro, 3 Tel\u00e9fonos:\u00a095 586 09 31 \/ 659 442 152 Correo electr\u00f3nico:\u00a0cultura@utrera.org Delegada de Cultura:\u00a0M\u00aa Josefa P\u00eda Garc\u00eda Arroyo T\u00e9cnico:\u00a0Rafael Arciniega Vela Horario de Atenci\u00f3n al Ciudadano:\u00a0de 9 h a 14 h y de 17 h. a 20 horas, de lunes a jueves &#8211; viernes de 9 h. a 14 h. Horario de [&hellip;]<\/p>\n","protected":false},"author":2,"featured_media":0,"parent":0,"menu_order":0,"comment_status":"closed","ping_status":"closed","template":"","meta":{"_et_pb_use_builder":"","_et_pb_old_content":"","_et_gb_content_width":"","footnotes":""},"class_list":["post-9359","page","type-page","status-publish","hentry"],"yoast_head":"<!-- This site is optimized with the Yoast SEO plugin v27.3 - https:\/\/yoast.com\/product\/yoast-seo-wordpress\/ -->\n<title>Casa de Cultura - Ayuntamiento de Utrera<\/title>\n<meta name=\"robots\" content=\"index, follow, max-snippet:-1, max-image-preview:large, max-video-preview:-1\" \/>\n<link rel=\"canonical\" href=\"https:\/\/www.utrera.org\/en\/casa-de-cultura\/\" \/>\n<meta property=\"og:locale\" content=\"en_GB\" \/>\n<meta property=\"og:type\" content=\"article\" \/>\n<meta property=\"og:title\" content=\"Casa de Cultura - Ayuntamiento de Utrera\" \/>\n<meta property=\"og:description\" content=\"Direcci\u00f3n:\u00a0C\/ Rodrigo Caro, 3 Tel\u00e9fonos:\u00a095 586 09 31 \/ 659 442 152 Correo electr\u00f3nico:\u00a0cultura@utrera.org Delegada de Cultura:\u00a0M\u00aa Josefa P\u00eda Garc\u00eda Arroyo T\u00e9cnico:\u00a0Rafael Arciniega Vela Horario de Atenci\u00f3n al Ciudadano:\u00a0de 9 h a 14 h y de 17 h. a 20 horas, de lunes a jueves &#8211; viernes de 9 h. a 14 h. Horario de [&hellip;]\" \/>\n<meta property=\"og:url\" content=\"https:\/\/www.utrera.org\/en\/casa-de-cultura\/\" \/>\n<meta property=\"og:site_name\" content=\"Ayuntamiento de Utrera\" \/>\n<meta property=\"article:publisher\" content=\"https:\/\/www.facebook.com\/AyuntamientodeUtrera\/\" \/>\n<meta property=\"article:modified_time\" content=\"2023-08-03T11:07:59+00:00\" \/>\n<meta name=\"twitter:card\" content=\"summary_large_image\" \/>\n<meta name=\"twitter:site\" content=\"@CiudadUtrera\" \/>\n<meta name=\"twitter:label1\" content=\"Est. reading time\" \/>\n\t<meta name=\"twitter:data1\" content=\"4 minutes\" \/>\n<script type=\"application\/ld+json\" class=\"yoast-schema-graph\">{\"@context\":\"https:\\\/\\\/schema.org\",\"@graph\":[{\"@type\":\"WebPage\",\"@id\":\"https:\\\/\\\/www.utrera.org\\\/casa-de-cultura\\\/\",\"url\":\"https:\\\/\\\/www.utrera.org\\\/casa-de-cultura\\\/\",\"name\":\"Casa de Cultura - Ayuntamiento de Utrera\",\"isPartOf\":{\"@id\":\"https:\\\/\\\/www.utrera.org\\\/#website\"},\"datePublished\":\"2018-06-09T13:09:27+00:00\",\"dateModified\":\"2023-08-03T11:07:59+00:00\",\"breadcrumb\":{\"@id\":\"https:\\\/\\\/www.utrera.org\\\/casa-de-cultura\\\/#breadcrumb\"},\"inLanguage\":\"en-GB\",\"potentialAction\":[{\"@type\":\"ReadAction\",\"target\":[\"https:\\\/\\\/www.utrera.org\\\/casa-de-cultura\\\/\"]}]},{\"@type\":\"BreadcrumbList\",\"@id\":\"https:\\\/\\\/www.utrera.org\\\/casa-de-cultura\\\/#breadcrumb\",\"itemListElement\":[{\"@type\":\"ListItem\",\"position\":1,\"name\":\"Inicio\",\"item\":\"https:\\\/\\\/www.utrera.org\\\/\"},{\"@type\":\"ListItem\",\"position\":2,\"name\":\"Casa de Cultura\"}]},{\"@type\":\"WebSite\",\"@id\":\"https:\\\/\\\/www.utrera.org\\\/#website\",\"url\":\"https:\\\/\\\/www.utrera.org\\\/\",\"name\":\"Ayuntamiento de Utrera\",\"description\":\"Web Municipal del Ayuntamiento de Utrera\",\"potentialAction\":[{\"@type\":\"SearchAction\",\"target\":{\"@type\":\"EntryPoint\",\"urlTemplate\":\"https:\\\/\\\/www.utrera.org\\\/?s={search_term_string}\"},\"query-input\":{\"@type\":\"PropertyValueSpecification\",\"valueRequired\":true,\"valueName\":\"search_term_string\"}}],\"inLanguage\":\"en-GB\"}]}<\/script>\n<!-- \/ Yoast SEO plugin. -->","yoast_head_json":{"title":"Casa de Cultura - Ayuntamiento de Utrera","robots":{"index":"index","follow":"follow","max-snippet":"max-snippet:-1","max-image-preview":"max-image-preview:large","max-video-preview":"max-video-preview:-1"},"canonical":"https:\/\/www.utrera.org\/en\/casa-de-cultura\/","og_locale":"en_GB","og_type":"article","og_title":"Casa de Cultura - Ayuntamiento de Utrera","og_description":"Direcci\u00f3n:\u00a0C\/ Rodrigo Caro, 3 Tel\u00e9fonos:\u00a095 586 09 31 \/ 659 442 152 Correo electr\u00f3nico:\u00a0cultura@utrera.org Delegada de Cultura:\u00a0M\u00aa Josefa P\u00eda Garc\u00eda Arroyo T\u00e9cnico:\u00a0Rafael Arciniega Vela Horario de Atenci\u00f3n al Ciudadano:\u00a0de 9 h a 14 h y de 17 h. a 20 horas, de lunes a jueves &#8211; viernes de 9 h. a 14 h. Horario de [&hellip;]","og_url":"https:\/\/www.utrera.org\/en\/casa-de-cultura\/","og_site_name":"Ayuntamiento de Utrera","article_publisher":"https:\/\/www.facebook.com\/AyuntamientodeUtrera\/","article_modified_time":"2023-08-03T11:07:59+00:00","twitter_card":"summary_large_image","twitter_site":"@CiudadUtrera","twitter_misc":{"Est. reading time":"4 minutes"},"schema":{"@context":"https:\/\/schema.org","@graph":[{"@type":"WebPage","@id":"https:\/\/www.utrera.org\/casa-de-cultura\/","url":"https:\/\/www.utrera.org\/casa-de-cultura\/","name":"Casa de Cultura - Ayuntamiento de Utrera","isPartOf":{"@id":"https:\/\/www.utrera.org\/#website"},"datePublished":"2018-06-09T13:09:27+00:00","dateModified":"2023-08-03T11:07:59+00:00","breadcrumb":{"@id":"https:\/\/www.utrera.org\/casa-de-cultura\/#breadcrumb"},"inLanguage":"en-GB","potentialAction":[{"@type":"ReadAction","target":["https:\/\/www.utrera.org\/casa-de-cultura\/"]}]},{"@type":"BreadcrumbList","@id":"https:\/\/www.utrera.org\/casa-de-cultura\/#breadcrumb","itemListElement":[{"@type":"ListItem","position":1,"name":"Inicio","item":"https:\/\/www.utrera.org\/"},{"@type":"ListItem","position":2,"name":"Casa de Cultura"}]},{"@type":"WebSite","@id":"https:\/\/www.utrera.org\/#website","url":"https:\/\/www.utrera.org\/","name":"City Council of Utrera","description":"Web Municipal del Ayuntamiento de Utrera","potentialAction":[{"@type":"SearchAction","target":{"@type":"EntryPoint","urlTemplate":"https:\/\/www.utrera.org\/?s={search_term_string}"},"query-input":{"@type":"PropertyValueSpecification","valueRequired":true,"valueName":"search_term_string"}}],"inLanguage":"en-GB"}]}},"_links":{"self":[{"href":"https:\/\/www.utrera.org\/en\/wp-json\/wp\/v2\/pages\/9359","targetHints":{"allow":["GET"]}}],"collection":[{"href":"https:\/\/www.utrera.org\/en\/wp-json\/wp\/v2\/pages"}],"about":[{"href":"https:\/\/www.utrera.org\/en\/wp-json\/wp\/v2\/types\/page"}],"author":[{"embeddable":true,"href":"https:\/\/www.utrera.org\/en\/wp-json\/wp\/v2\/users\/2"}],"replies":[{"embeddable":true,"href":"https:\/\/www.utrera.org\/en\/wp-json\/wp\/v2\/comments?post=9359"}],"version-history":[{"count":1,"href":"https:\/\/www.utrera.org\/en\/wp-json\/wp\/v2\/pages\/9359\/revisions"}],"predecessor-version":[{"id":51061,"href":"https:\/\/www.utrera.org\/en\/wp-json\/wp\/v2\/pages\/9359\/revisions\/51061"}],"wp:attachment":[{"href":"https:\/\/www.utrera.org\/en\/wp-json\/wp\/v2\/media?parent=9359"}],"curies":[{"name":"wp","href":"https:\/\/api.w.org\/{rel}","templated":true}]}}