{"id":9341,"date":"2018-06-09T13:47:10","date_gmt":"2018-06-09T12:47:10","guid":{"rendered":"https:\/\/www.utrera.org\/?page_id=9341"},"modified":"2025-09-03T12:36:52","modified_gmt":"2025-09-03T11:36:52","slug":"aulas-de-formacion","status":"publish","type":"page","link":"https:\/\/www.utrera.org\/en\/aulas-de-formacion\/","title":{"rendered":"Training Workshops"},"content":{"rendered":"<p><a href=\"https:\/\/www.utrera.org\/wp-content\/uploads\/2019\/08\/Talleres-Casa-de-Cultura-2019_CARTEL-WEB.jpg\"><img loading=\"lazy\" decoding=\"async\" class=\"aligncenter wp-image-61021 size-large\" src=\"https:\/\/www.utrera.org\/wp-content\/uploads\/2025\/09\/cartel-cursos_aulas-permanentes-utrera-1-717x1024.jpeg\" alt=\"\" width=\"717\" height=\"1024\" srcset=\"https:\/\/www.utrera.org\/wp-content\/uploads\/2025\/09\/cartel-cursos_aulas-permanentes-utrera-1-717x1024.jpeg 717w, https:\/\/www.utrera.org\/wp-content\/uploads\/2025\/09\/cartel-cursos_aulas-permanentes-utrera-1-210x300.jpeg 210w, https:\/\/www.utrera.org\/wp-content\/uploads\/2025\/09\/cartel-cursos_aulas-permanentes-utrera-1-768x1097.jpeg 768w, https:\/\/www.utrera.org\/wp-content\/uploads\/2025\/09\/cartel-cursos_aulas-permanentes-utrera-1.jpeg 770w\" sizes=\"auto, (max-width: 717px) 100vw, 717px\" \/><\/a><\/p>\n<p>&nbsp;<\/p>\n<table border=\"1\" width=\"712\" cellspacing=\"1\" cellpadding=\"1\">\n<tbody>\n<tr>\n<td>\n<ul>\n<li><a href=\"\/en\/aulas-de-formacion\/#Artes_Plasticas\">Artes Pl\u00e1sticas<\/a><\/li>\n<li><a href=\"\/en\/aulas-de-formacion\/#Ceramica\">Cer\u00e1mica<\/a><\/li>\n<li><a href=\"\/en\/aulas-de-formacion\/#Danza\">Danza \/ Flamenco<\/a><\/li>\n<li><a href=\"\/en\/aulas-de-formacion\/#Fotografia\">Fotograf\u00eda<\/a><\/li>\n<\/ul>\n<\/td>\n<td>\n<ul>\n<li><a href=\"\/en\/aulas-de-formacion\/#Dise_o_grafico\">Dise\u00f1o Gr\u00e1fico<\/a><\/li>\n<li><a href=\"\/en\/aulas-de-formacion\/#Teatro\">Theatre<\/a><\/li>\n<li><a href=\"\/en\/aulas-de-formacion\/#Iniciacion_teatro__musica_y_pintura\">Iniciaci\u00f3n al Teatro<\/a><\/li>\n<\/ul>\n<\/td>\n<td>\n<ul>\n<li><a href=\"\/en\/aulas-de-formacion\/#Iniciacion_teatro__musica_y_pintura\">Iniciaci\u00f3n a la M\u00fasica<\/a><\/li>\n<li><a href=\"\/en\/aulas-de-formacion\/#Iniciacion_teatro__musica_y_pintura\">Iniciaci\u00f3n a la Pintura<\/a><\/li>\n<li><a href=\"\/en\/aulas-de-formacion\/#Guitarra_flamenca\">Guitarra Flamenca<\/a><\/li>\n<\/ul>\n<\/td>\n<\/tr>\n<\/tbody>\n<\/table>\n<p>&nbsp;<\/p>\n<p>Las Aulas de Formaci\u00f3n de la Casa de Cultura se desarrollan con car\u00e1cter continuo, coincidiendo su duraci\u00f3n con el a\u00f1o acad\u00e9mico, desde mitad de octubre a \u00faltimo de mayo.<br \/>\nEst\u00e1n orientadas a la promoci\u00f3n individual de los usuarios, encaminando su tiempo libre a actividades creativas.<br \/>\nLas clases, impartidas por especialistas en las distintas materias, tienen lugar los d\u00edas lectivos, de lunes a viernes, entre las 16,45 horas y las 21,30 horas, siguiendo el calendario escolar aprobado para nuestro municipio.<br \/>\nLos interesados deben matricularse durante el mes de septiembre de cada uno de los a\u00f1os. Las personas matriculadas deben abonar una cantidad en concepto de matr\u00edcula, as\u00ed como, un importe mensual, establecido en la Ordenanza Fiscal Municipal n\u00ba 28.<br \/>\nTodas las Aulas se imparten en las instalaciones de la Casa de Cultura.<\/p>\n<p>&nbsp;<\/p>\n<p><strong>PROCEDIMIENTO DE MATRICULACI\u00d3N<\/strong> \u2013\u00a0<span style=\"color: #c34e5c;\">AULAS 2025\/26<\/span><\/p>\n<p>Leer detenidamente las instrucciones al dorso del impreso de Matr\u00edcula:<br \/>\n<i>Impreso de Matr\u00edcula \u2013\u00a0<\/i><span style=\"color: #c34e5c;\"><a style=\"color: #c34e5c;\" href=\"https:\/\/www.utrera.org\/wp-content\/uploads\/2025\/09\/IMPRESO-MATRICULA-2025-26.pdf\" target=\"_blank\" rel=\"noopener\"><i>Curso 2025\/26<\/i><\/a><\/span>\u00a0(presentar por duplicado)<\/p>\n<p>&nbsp;<\/p>\n<p><strong>HORARIOS Y GRUPOS<\/strong>:<\/p>\n<p><span style=\"color: #c34e5c;\"><a style=\"color: #c34e5c;\" title=\"CulCurHorInic17\" href=\"https:\/\/www.utrera.org\/wp-content\/uploads\/2025\/09\/Horarios-iniciales-2025-26.pdf\" target=\"_blank\" rel=\"noopener\">Horarios &#8211; Curso 2025\/26<\/a><\/span><\/p>\n<p>&nbsp;<\/p>\n<p><a id=\"Artes_Plasticas\" name=\"Artes_Pl_sticas\"><\/a><br \/>\n<strong>ARTES PL\u00c1STICAS<\/strong><br \/>\nEst\u00e1 ubicada en el \u00e1tico de la Casa de Cultura. Posee una iluminaci\u00f3n natural adecuada, ya que sus paramentos est\u00e1n cerrados con grandes ventanales. Adem\u00e1s, dispone de 18 caballetes de estudio, t\u00f3rculo de grabado, diverso material art\u00edstico y taquillas comunes para el alumnado.<\/p>\n<p>Esta Aula est\u00e1 dirigida a las personas que deseen adquirir conocimientos b\u00e1sicos que les permitan expresarse art\u00edsticamente, siempre que tengan una edad igual o superior a los 9 a\u00f1os cumplidos en el a\u00f1o natural de la matriculaci\u00f3n. De esta forma, los usuarios se definen en dos grandes grupos, menores y adultos. Los grupos est\u00e1n integrados por un m\u00e1ximo de 18 alumnos, cantidad que viene determinada por el espacio disponible y por los puestos de trabajo posibles.<\/p>\n<p>Cada grupo recibe tres horas semanales de clase.<\/p>\n<p>Se imparten tres materias b\u00e1sicas complementarias entre s\u00ed: Dibujo, Pintura y Modelado. Estas materias son afrontadas no s\u00f3lo desde el punto de vista t\u00e9cnico, sino que tambi\u00e9n se aborda el conocimiento hist\u00f3rico del arte para favorecer su comprensi\u00f3n y el entendimiento de las nuevas tendencias.<\/p>\n<p>Se utiliza una metodolog\u00eda amena e individualizada, acompa\u00f1ada de experiencias y trabajos colectivos con alumnos del aula y con los de otras materias, que contribuyen a cohesionar el grupo. Como colof\u00f3n del curso escolar, se organiza una exposici\u00f3n con los trabajos realizados, con el fin de que los ciudadanos puedan apreciar los resultados obtenidos y los alumnos se sientan motivados.<\/p>\n<p>&nbsp;<\/p>\n<p><a id=\"Ceramica\" name=\"Ceramica\"><\/a><br \/>\n<strong>CER\u00c1MICA<\/strong><\/p>\n<p>Est\u00e1 ubicada en el \u00e1tico de la Casa de Cultura. Posee una iluminaci\u00f3n natural adecuada, ya que sus paramentos est\u00e1n cerrados con grandes ventanales. Dispone de 12 puestos de trabajo, dos tornos, horno de cocci\u00f3n de alta temperatura, hornos de rak\u00fa, diverso material cer\u00e1mico y taquillas comunes para el alumnado.<\/p>\n<p>Esta Aula est\u00e1 dirigida a las personas que deseen adquirir unos conocimientos b\u00e1sicos que les permita expresarse con la cer\u00e1mica, siempre que tengan una edad igual o superior a los 16 a\u00f1os cumplidos en el a\u00f1o natural de la matriculaci\u00f3n, ya que la utilizaci\u00f3n habitual de productos qu\u00edmicos y el fuego no lo hace aconsejable para menores. De esta forma, los usuarios se definen en un solo grupo, adultos, distribuido en niveles dependiendo del conocimiento, la destreza y de la capacidad de percepci\u00f3n art\u00edstica del individuo. Dichos grupos estar\u00e1n integrados por un m\u00e1ximo de 12 alumnos.<\/p>\n<p>Cada grupo recibe tres horas semanales de clase.<\/p>\n<p>Se imparten diferentes t\u00e9cnicas cer\u00e1micas: cuerda seca, sobre ba\u00f1o o engobes coloreados. Estas t\u00e9cnicas se afrontan tambi\u00e9n desde el conocimiento hist\u00f3rico para favorecer su comprensi\u00f3n y evoluci\u00f3n.<\/p>\n<p>Se utiliza una metodolog\u00eda amena e individualizada, acompa\u00f1ada de experiencias y trabajos colectivos con alumnos del aula y con los de otras materias, que contribuyen a cohesionar el grupo. Como colof\u00f3n del curso escolar, se organiza una exposici\u00f3n con los trabajos realizados, con el fin de que los ciudadanos puedan apreciar los resultados obtenidos y los alumnos se sientan motivados al mostrar sus trabajos.<\/p>\n<p>&nbsp;<\/p>\n<p><a id=\"Danza\" name=\"Danza\"><\/a><br \/>\n<strong>DANZA \/ FLAMENCO<\/strong><br \/>\nDisponemos de dos aulas. Una m\u00e1s peque\u00f1a, destinada al flamenco, y otra mayor, dedicada a la danza cl\u00e1sica espa\u00f1ola. Ambas cuentan con la infraestructura adecuada para impartir esta modalidad docente: espejo, tarima de madera, equipo de m\u00fasica, vestuarios y barras de ejercicios.<\/p>\n<p>La capacidad de estos espacios oscila entre 12 y 20 personas.<\/p>\n<p>Con este Aula tratamos de ofrecer formas de expresi\u00f3n que faciliten la entrada al mundo de la creaci\u00f3n y convertir una manifestaci\u00f3n cultural, tradicionalmente elitista, en una manifestaci\u00f3n popular. El objetivo general es fomentar el gusto por la danza entre la poblaci\u00f3n, particularmente entre la infantil. La edad m\u00ednima para acceder est\u00e1 establecida en los 7 a\u00f1os. De esta forma, los usuarios se definen en dos grandes grupos, menores y adultos.<\/p>\n<p>Cada grupo recibe un m\u00ednimo de dos horas semanales de clase, los grupos de adultos y los de 7 a\u00f1os de edad, mientras que el resto de grupos reciben tres horas semanales.<\/p>\n<p>Paralelamente al desarrollo del curso acad\u00e9mico se realizan actividades que repercuten en el enriquecimiento cultural de los estudios que siguen, se lleva a cabo una muestra de danza en el Teatro Municipal y se programan espect\u00e1culos de danza profesional.<\/p>\n<p>&nbsp;<\/p>\n<p><a id=\"Fotografia\" name=\"Fotografia\"><\/a><br \/>\n<strong>FOTOGRAF\u00cdA<\/strong><br \/>\nEst\u00e1 ubicada en la planta baja de la Casa de Cultura. Dispone de 10 puestos de trabajo, con ordenador en red, programa inform\u00e1tico, scaner de negativos, dos laboratorios fotogr\u00e1ficos, tres ampliadoras, material t\u00e9cnico y taquillas comunes para el alumnado.<\/p>\n<p>Esta Aula est\u00e1 dirigida a las personas que deseen adquirir conocimientos b\u00e1sicos para poder expresarse con la fotograf\u00eda, siempre que tengan una edad igual o superior a los 14 a\u00f1os cumplidos en el a\u00f1o natural de la matriculaci\u00f3n. De esta forma, los usuarios se definen en un solo grupo independientemente de la edad, distribuido en niveles dependiendo del conocimiento y la destreza. Dichos grupos est\u00e1n integrados por un m\u00e1ximo de 10 alumnos.<\/p>\n<p>Cada grupo recibe tres horas semanales de clase.<\/p>\n<p>Se imparten dos niveles diferentes: nivel inicial, nivel avanzado. En el nivel inicial se pretende que el alumno adquiera el perfecto conocimiento y manejo de la c\u00e1mara fotogr\u00e1fica. Posteriormente, se introduce en el mundo de la fotograf\u00eda digital y el aprendizaje de programas inform\u00e1ticos. En el nivel avanzado se profundiza en el manejo de programas inform\u00e1ticos aplicados a la fotograf\u00eda, as\u00ed como, en la manipulaci\u00f3n e impresi\u00f3n de copias digitales.<\/p>\n<p>Se utiliza una metodolog\u00eda individualizada, acompa\u00f1ada de experiencias y trabajos colectivos con alumnos del aula y con los de otras materias, que contribuyen a cohesionar el grupo. Como colof\u00f3n del curso escolar, se organiza una exposici\u00f3n con los trabajos realizados, con el fin de que los ciudadanos puedan apreciar los resultados obtenidos y los alumnos se sientan motivados al mostrar sus trabajos.<\/p>\n<p>&nbsp;<\/p>\n<p><a id=\"Guitarra_flamenca\" name=\"Guitarra_flamenca\"><\/a><br \/>\n<strong>GUITARRA FLAMENCA<\/strong><br \/>\nEsta Aula viene funcionando desde el a\u00f1o 2005. Cuenta con la infraestructura m\u00ednima para impartir esta modalidad: sillas sin reposabrazos y equipo de reproducci\u00f3n y grabaci\u00f3n. La capacidad de este espacio oscila en torno a las 18 personas.<\/p>\n<p>Se ofrecen formas de expresi\u00f3n que faciliten la entrada al mundo de la creaci\u00f3n y convertir esta manifestaci\u00f3n en un medio de conocimiento del flamenco, una de las se\u00f1as de identidad cultural m\u00e1s enraizada de nuestra localidad. El objetivo general es fomentar el gusto por la guitarra flamenca entre la poblaci\u00f3n, si bien, la edad m\u00ednima para acceder est\u00e1 establecida en los 10 a\u00f1os.<\/p>\n<p>Cada grupo recibe tres horas semanales de clase.<\/p>\n<p>Paralelamente al desarrollo del curso acad\u00e9mico se realizan actividades complementarias que repercuten en el enriquecimiento cultural de los estudios que siguen, llev\u00e1ndose a cabo una muestra en el Teatro Municipal.<\/p>\n<p>&nbsp;<\/p>\n<p><a id=\"Dise_o_grafico\" name=\"Dise_o_grafico\"><\/a><br \/>\n<strong>DISE\u00d1O GR\u00c1FICO<\/strong><br \/>\nUbicada en la Casa de Cultura, esta Aula est\u00e1 dirigida a las personas que deseen adquirir conocimientos b\u00e1sicos sobre dise\u00f1o gr\u00e1fico, siempre que tengan una edad igual o superior a los 14 a\u00f1os cumplidos en el a\u00f1o natural de la matriculaci\u00f3n. El curso est\u00e1 orientado para todas las edades, aunque es deseable que los participantes tengan alg\u00fan conocimiento inform\u00e1tico previo para evitar atrasos en el programa y su pleno aprovechamiento por parte del participante. De esta forma, los usuarios se definen en un solo grupo.<\/p>\n<p>El grupo recibir\u00e1 tres horas semanales de clase.<\/p>\n<p>Se imparte un solo nivel: nivel inicial.<\/p>\n<p>Iniciaci\u00f3n al Dise\u00f1o Gr\u00e1fico es un taller que pretende acercar al alumno las t\u00e9cnicas y herramientas m\u00e1s b\u00e1sicas relacionadas con el dise\u00f1o, as\u00ed como la teor\u00eda detr\u00e1s de las obras de dise\u00f1o que todo el mundo puede ver por la calle en carteles, anuncios, logotipos y dem\u00e1s.<br \/>\nSe utilizar\u00e1 una metodolog\u00eda individualizada, acompa\u00f1ada de experiencias y trabajos colectivos.<\/p>\n<p>&nbsp;<\/p>\n<p><a id=\"Teatro\" name=\"Teatro\"><\/a><br \/>\n<strong>TEATRO<\/strong><br \/>\nUbicada en la Casa de Cultura, esta Aula est\u00e1 dirigida a las personas que deseen adquirir conocimientos b\u00e1sicos sobre el teatro, siempre que tengan una edad igual o superior a los 14 a\u00f1os cumplidos en el a\u00f1o natural de la matriculaci\u00f3n. El curso est\u00e1 orientado para todas las edades. De esta forma, los usuarios se definen en un solo grupo.<\/p>\n<p>El grupo recibir\u00e1 tres horas semanales de clase.<\/p>\n<p>Se imparte un solo nivel: nivel inicial.<\/p>\n<p>&nbsp;<\/p>\n<p><a id=\"Iniciacion_teatro__musica_y_pintura\" name=\"Iniciacion_teatro__musica_y_pintura\"><\/a><br \/>\n<strong>INICIACI\u00d3N AL TEATRO<\/strong>\u00a0\/\u00a0<strong>A LA M\u00daSICA<\/strong>\u00a0\/\u00a0<strong>A LA PINTURA<\/strong><br \/>\nUbicadas en la Casa de Cultura, estas Aulas est\u00e1n dirigidas a los ni\u00f1os y ni\u00f1as que deseen adquirir conocimientos b\u00e1sicos sobre el teatro, la m\u00fasica o la pintura, siempre que tengan una edad entre 6 y 8 a\u00f1os cumplidos en el a\u00f1o natural de la matriculaci\u00f3n. De esta forma, los usuarios se definen en un solo grupo por cada una de las disciplinas.<\/p>\n<p>Los grupos recibir\u00e1n dos horas semanales de clase.<\/p>","protected":false},"excerpt":{"rendered":"<p>&nbsp; Artes Pl\u00e1sticas Cer\u00e1mica Danza \/ Flamenco Fotograf\u00eda Dise\u00f1o Gr\u00e1fico Teatro Iniciaci\u00f3n al Teatro Iniciaci\u00f3n a la M\u00fasica Iniciaci\u00f3n a la Pintura Guitarra Flamenca &nbsp; Las Aulas de Formaci\u00f3n de la Casa de Cultura se desarrollan con car\u00e1cter continuo, coincidiendo su duraci\u00f3n con el a\u00f1o acad\u00e9mico, desde mitad de octubre a \u00faltimo de mayo. Est\u00e1n [&hellip;]<\/p>\n","protected":false},"author":2,"featured_media":0,"parent":0,"menu_order":0,"comment_status":"closed","ping_status":"closed","template":"","meta":{"_et_pb_use_builder":"","_et_pb_old_content":"","_et_gb_content_width":"","footnotes":""},"class_list":["post-9341","page","type-page","status-publish","hentry"],"yoast_head":"<!-- This site is optimized with the Yoast SEO plugin v27.3 - https:\/\/yoast.com\/product\/yoast-seo-wordpress\/ -->\n<title>Aulas de Formaci\u00f3n - Ayuntamiento de Utrera<\/title>\n<meta name=\"robots\" content=\"index, follow, max-snippet:-1, max-image-preview:large, max-video-preview:-1\" \/>\n<link rel=\"canonical\" href=\"https:\/\/www.utrera.org\/en\/aulas-de-formacion\/\" \/>\n<meta property=\"og:locale\" content=\"en_GB\" \/>\n<meta property=\"og:type\" content=\"article\" \/>\n<meta property=\"og:title\" content=\"Aulas de Formaci\u00f3n - Ayuntamiento de Utrera\" \/>\n<meta property=\"og:description\" content=\"&nbsp; Artes Pl\u00e1sticas Cer\u00e1mica Danza \/ Flamenco Fotograf\u00eda Dise\u00f1o Gr\u00e1fico Teatro Iniciaci\u00f3n al Teatro Iniciaci\u00f3n a la M\u00fasica Iniciaci\u00f3n a la Pintura Guitarra Flamenca &nbsp; Las Aulas de Formaci\u00f3n de la Casa de Cultura se desarrollan con car\u00e1cter continuo, coincidiendo su duraci\u00f3n con el a\u00f1o acad\u00e9mico, desde mitad de octubre a \u00faltimo de mayo. Est\u00e1n [&hellip;]\" \/>\n<meta property=\"og:url\" content=\"https:\/\/www.utrera.org\/en\/aulas-de-formacion\/\" \/>\n<meta property=\"og:site_name\" content=\"Ayuntamiento de Utrera\" \/>\n<meta property=\"article:publisher\" content=\"https:\/\/www.facebook.com\/AyuntamientodeUtrera\/\" \/>\n<meta property=\"article:modified_time\" content=\"2025-09-03T11:36:52+00:00\" \/>\n<meta property=\"og:image\" content=\"https:\/\/www.utrera.org\/wp-content\/uploads\/2025\/09\/cartel-cursos_aulas-permanentes-utrera-1.jpeg\" \/>\n\t<meta property=\"og:image:width\" content=\"770\" \/>\n\t<meta property=\"og:image:height\" content=\"1100\" \/>\n\t<meta property=\"og:image:type\" content=\"image\/jpeg\" \/>\n<meta name=\"twitter:card\" content=\"summary_large_image\" \/>\n<meta name=\"twitter:site\" content=\"@CiudadUtrera\" \/>\n<meta name=\"twitter:label1\" content=\"Est. reading time\" \/>\n\t<meta name=\"twitter:data1\" content=\"8 minutes\" \/>\n<script type=\"application\/ld+json\" class=\"yoast-schema-graph\">{\"@context\":\"https:\\\/\\\/schema.org\",\"@graph\":[{\"@type\":\"WebPage\",\"@id\":\"https:\\\/\\\/www.utrera.org\\\/aulas-de-formacion\\\/\",\"url\":\"https:\\\/\\\/www.utrera.org\\\/aulas-de-formacion\\\/\",\"name\":\"Aulas de Formaci\u00f3n - Ayuntamiento de Utrera\",\"isPartOf\":{\"@id\":\"https:\\\/\\\/www.utrera.org\\\/#website\"},\"primaryImageOfPage\":{\"@id\":\"https:\\\/\\\/www.utrera.org\\\/aulas-de-formacion\\\/#primaryimage\"},\"image\":{\"@id\":\"https:\\\/\\\/www.utrera.org\\\/aulas-de-formacion\\\/#primaryimage\"},\"thumbnailUrl\":\"https:\\\/\\\/www.utrera.org\\\/wp-content\\\/uploads\\\/2025\\\/09\\\/cartel-cursos_aulas-permanentes-utrera-1-717x1024.jpeg\",\"datePublished\":\"2018-06-09T12:47:10+00:00\",\"dateModified\":\"2025-09-03T11:36:52+00:00\",\"breadcrumb\":{\"@id\":\"https:\\\/\\\/www.utrera.org\\\/aulas-de-formacion\\\/#breadcrumb\"},\"inLanguage\":\"en-GB\",\"potentialAction\":[{\"@type\":\"ReadAction\",\"target\":[\"https:\\\/\\\/www.utrera.org\\\/aulas-de-formacion\\\/\"]}]},{\"@type\":\"ImageObject\",\"inLanguage\":\"en-GB\",\"@id\":\"https:\\\/\\\/www.utrera.org\\\/aulas-de-formacion\\\/#primaryimage\",\"url\":\"https:\\\/\\\/www.utrera.org\\\/wp-content\\\/uploads\\\/2025\\\/09\\\/cartel-cursos_aulas-permanentes-utrera-1-717x1024.jpeg\",\"contentUrl\":\"https:\\\/\\\/www.utrera.org\\\/wp-content\\\/uploads\\\/2025\\\/09\\\/cartel-cursos_aulas-permanentes-utrera-1-717x1024.jpeg\"},{\"@type\":\"BreadcrumbList\",\"@id\":\"https:\\\/\\\/www.utrera.org\\\/aulas-de-formacion\\\/#breadcrumb\",\"itemListElement\":[{\"@type\":\"ListItem\",\"position\":1,\"name\":\"Inicio\",\"item\":\"https:\\\/\\\/www.utrera.org\\\/\"},{\"@type\":\"ListItem\",\"position\":2,\"name\":\"Aulas de Formaci\u00f3n\"}]},{\"@type\":\"WebSite\",\"@id\":\"https:\\\/\\\/www.utrera.org\\\/#website\",\"url\":\"https:\\\/\\\/www.utrera.org\\\/\",\"name\":\"Ayuntamiento de Utrera\",\"description\":\"Web Municipal del Ayuntamiento de Utrera\",\"potentialAction\":[{\"@type\":\"SearchAction\",\"target\":{\"@type\":\"EntryPoint\",\"urlTemplate\":\"https:\\\/\\\/www.utrera.org\\\/?s={search_term_string}\"},\"query-input\":{\"@type\":\"PropertyValueSpecification\",\"valueRequired\":true,\"valueName\":\"search_term_string\"}}],\"inLanguage\":\"en-GB\"}]}<\/script>\n<!-- \/ Yoast SEO plugin. -->","yoast_head_json":{"title":"Aulas de Formaci\u00f3n - Ayuntamiento de Utrera","robots":{"index":"index","follow":"follow","max-snippet":"max-snippet:-1","max-image-preview":"max-image-preview:large","max-video-preview":"max-video-preview:-1"},"canonical":"https:\/\/www.utrera.org\/en\/aulas-de-formacion\/","og_locale":"en_GB","og_type":"article","og_title":"Aulas de Formaci\u00f3n - Ayuntamiento de Utrera","og_description":"&nbsp; Artes Pl\u00e1sticas Cer\u00e1mica Danza \/ Flamenco Fotograf\u00eda Dise\u00f1o Gr\u00e1fico Teatro Iniciaci\u00f3n al Teatro Iniciaci\u00f3n a la M\u00fasica Iniciaci\u00f3n a la Pintura Guitarra Flamenca &nbsp; Las Aulas de Formaci\u00f3n de la Casa de Cultura se desarrollan con car\u00e1cter continuo, coincidiendo su duraci\u00f3n con el a\u00f1o acad\u00e9mico, desde mitad de octubre a \u00faltimo de mayo. Est\u00e1n [&hellip;]","og_url":"https:\/\/www.utrera.org\/en\/aulas-de-formacion\/","og_site_name":"Ayuntamiento de Utrera","article_publisher":"https:\/\/www.facebook.com\/AyuntamientodeUtrera\/","article_modified_time":"2025-09-03T11:36:52+00:00","og_image":[{"width":770,"height":1100,"url":"https:\/\/www.utrera.org\/wp-content\/uploads\/2025\/09\/cartel-cursos_aulas-permanentes-utrera-1.jpeg","type":"image\/jpeg"}],"twitter_card":"summary_large_image","twitter_site":"@CiudadUtrera","twitter_misc":{"Est. reading time":"8 minutes"},"schema":{"@context":"https:\/\/schema.org","@graph":[{"@type":"WebPage","@id":"https:\/\/www.utrera.org\/aulas-de-formacion\/","url":"https:\/\/www.utrera.org\/aulas-de-formacion\/","name":"Aulas de Formaci\u00f3n - Ayuntamiento de Utrera","isPartOf":{"@id":"https:\/\/www.utrera.org\/#website"},"primaryImageOfPage":{"@id":"https:\/\/www.utrera.org\/aulas-de-formacion\/#primaryimage"},"image":{"@id":"https:\/\/www.utrera.org\/aulas-de-formacion\/#primaryimage"},"thumbnailUrl":"https:\/\/www.utrera.org\/wp-content\/uploads\/2025\/09\/cartel-cursos_aulas-permanentes-utrera-1-717x1024.jpeg","datePublished":"2018-06-09T12:47:10+00:00","dateModified":"2025-09-03T11:36:52+00:00","breadcrumb":{"@id":"https:\/\/www.utrera.org\/aulas-de-formacion\/#breadcrumb"},"inLanguage":"en-GB","potentialAction":[{"@type":"ReadAction","target":["https:\/\/www.utrera.org\/aulas-de-formacion\/"]}]},{"@type":"ImageObject","inLanguage":"en-GB","@id":"https:\/\/www.utrera.org\/aulas-de-formacion\/#primaryimage","url":"https:\/\/www.utrera.org\/wp-content\/uploads\/2025\/09\/cartel-cursos_aulas-permanentes-utrera-1-717x1024.jpeg","contentUrl":"https:\/\/www.utrera.org\/wp-content\/uploads\/2025\/09\/cartel-cursos_aulas-permanentes-utrera-1-717x1024.jpeg"},{"@type":"BreadcrumbList","@id":"https:\/\/www.utrera.org\/aulas-de-formacion\/#breadcrumb","itemListElement":[{"@type":"ListItem","position":1,"name":"Inicio","item":"https:\/\/www.utrera.org\/"},{"@type":"ListItem","position":2,"name":"Aulas de Formaci\u00f3n"}]},{"@type":"WebSite","@id":"https:\/\/www.utrera.org\/#website","url":"https:\/\/www.utrera.org\/","name":"City Council of Utrera","description":"Web Municipal del Ayuntamiento de Utrera","potentialAction":[{"@type":"SearchAction","target":{"@type":"EntryPoint","urlTemplate":"https:\/\/www.utrera.org\/?s={search_term_string}"},"query-input":{"@type":"PropertyValueSpecification","valueRequired":true,"valueName":"search_term_string"}}],"inLanguage":"en-GB"}]}},"_links":{"self":[{"href":"https:\/\/www.utrera.org\/en\/wp-json\/wp\/v2\/pages\/9341","targetHints":{"allow":["GET"]}}],"collection":[{"href":"https:\/\/www.utrera.org\/en\/wp-json\/wp\/v2\/pages"}],"about":[{"href":"https:\/\/www.utrera.org\/en\/wp-json\/wp\/v2\/types\/page"}],"author":[{"embeddable":true,"href":"https:\/\/www.utrera.org\/en\/wp-json\/wp\/v2\/users\/2"}],"replies":[{"embeddable":true,"href":"https:\/\/www.utrera.org\/en\/wp-json\/wp\/v2\/comments?post=9341"}],"version-history":[{"count":6,"href":"https:\/\/www.utrera.org\/en\/wp-json\/wp\/v2\/pages\/9341\/revisions"}],"predecessor-version":[{"id":61024,"href":"https:\/\/www.utrera.org\/en\/wp-json\/wp\/v2\/pages\/9341\/revisions\/61024"}],"wp:attachment":[{"href":"https:\/\/www.utrera.org\/en\/wp-json\/wp\/v2\/media?parent=9341"}],"curies":[{"name":"wp","href":"https:\/\/api.w.org\/{rel}","templated":true}]}}