{"id":9339,"date":"2018-06-09T13:41:15","date_gmt":"2018-06-09T12:41:15","guid":{"rendered":"https:\/\/www.utrera.org\/?page_id=9339"},"modified":"2022-05-03T19:54:13","modified_gmt":"2022-05-03T18:54:13","slug":"festivales-flamencos","status":"publish","type":"page","link":"https:\/\/www.utrera.org\/en\/festivales-flamencos\/","title":{"rendered":"Flamenco Festivals"},"content":{"rendered":"<p><b>FESTIVAL FLAMENCO POTAJE GITANO<\/b><\/p>\n<p><i>Organiza:<\/i>\u00a0Hermandad de Los Gitanos<br \/>\n<i>Fecha:<\/i>\u00a0Tradicionalmente se viene celebrando el \u00faltimo s\u00e1bado del mes de junio<br \/>\n<i>Lugar:<\/i>\u00a0Colegio Salesiano<br \/>\n<i>Web:<\/i>\u00a0<a href=\"https:\/\/potajegitano.com\/\" target=\"_blank\" rel=\"noopener\">www.potajegitano.com<\/a><\/p>\n<p>El \u00faltimo s\u00e1bado del mes de junio, los aficionados al flamenco tienen una cita en Utrera con el m\u00e1s veterano de los festivales de verano de Espa\u00f1a \u201cEl Potaje Gitano\u201d, cuya creaci\u00f3n se remonta al a\u00f1o 1957, desde entonces, la hermandad de los Gitanos de Utrera ha homenajeado a\u00f1o tras a\u00f1o a relevantes figuras de este arte (Caracol, Mairena, Camar\u00f3n, Fernanda y Bernarda, Lebrijano&#8230;).<\/p>\n<p><b><br \/>\nFESTIVAL FLAMENCO DEL MOSTACH\u00d3N<\/b><\/p>\n<p><i>Organiza:<\/i>\u00a0Pe\u00f1a Cultural Flamenca \u201cCurro de Utrera\u201d<br \/>\n<i>Fecha:<\/i>\u00a0Primer s\u00e1bado del mes de noviembre<br \/>\n<i>Lugar:<\/i>\u00a0Teatro Municipal \u201cEnrique de la Cuadra\u201d<\/p>\n<p><i>Pe\u00f1a \u201cCurro de Utrera\u201d<\/i><br \/>\nLa pe\u00f1a fue constituida en 1984, siendo la \u00fanica pe\u00f1a flamenca que perdura, despu\u00e9s de veinticinco a\u00f1os, en la misma sede, Porche de Santa Mar\u00eda, y con el mismo vigor, ilusi\u00f3n, consistencia y solidez desde su creaci\u00f3n.<\/p>\n<p>A lo largo de estos a\u00f1os no s\u00f3lo han organizado su Festival Flamenco, en el que se impone la insignia de oro de la Pe\u00f1a a personas relevantes en el flamenco o en cualquier otro arte, con la exclusiva condici\u00f3n, hasta ahora, de ser de Utrera, sino que el Certamen de la Canci\u00f3n Espa\u00f1ola \u201c Ciudad de Utrera\u201d ya ha alcanzado su d\u00e9cima edici\u00f3n.<\/p>\n<p>A partir de la novena edici\u00f3n (1993) viene celebr\u00e1ndose en el Teatro Municipal \u00abEnrique de la Cuadra\u201d.<\/p>\n<p>En esta etapa se homenajean a personalidades del mundo art\u00edstico, tales como Curro Dur\u00e1n, Fernanda y Bernarda de Utrera, Tate Montoya, Bambino, Domingo Valderrama, Antonio V\u00edlchez, Turronero, Gaspar de Utrera, Chato de Utrera, Manuel de Angustias, o instituciones locales, como Caja Rural de Utrera o el propio Ayuntamiento, en los que han intervenido artistas de la talla de Chano Lobato, Curro de Utrera, Diego Clavel, La Macanita, Nano de Jerez, Paco Toronjo, Perlita de Huelva, Rafael de Utrera, Calixto S\u00e1nchez, Jos\u00e9 Merc\u00e9, El Lebrijano, Carmen Linares, El Polaco, Ni\u00f1o Olivares, Juana la del Revuelo, Pansequito o Aurora Vargas.<\/p>","protected":false},"excerpt":{"rendered":"<p>FESTIVAL FLAMENCO POTAJE GITANO Organiza:\u00a0Hermandad de Los Gitanos Fecha:\u00a0Tradicionalmente se viene celebrando el \u00faltimo s\u00e1bado del mes de junio Lugar:\u00a0Colegio Salesiano Web:\u00a0www.potajegitano.com El \u00faltimo s\u00e1bado del mes de junio, los aficionados al flamenco tienen una cita en Utrera con el m\u00e1s veterano de los festivales de verano de Espa\u00f1a \u201cEl Potaje Gitano\u201d, cuya creaci\u00f3n se [&hellip;]<\/p>\n","protected":false},"author":2,"featured_media":0,"parent":0,"menu_order":0,"comment_status":"closed","ping_status":"closed","template":"","meta":{"_et_pb_use_builder":"","_et_pb_old_content":"","_et_gb_content_width":"","footnotes":""},"class_list":["post-9339","page","type-page","status-publish","hentry"],"yoast_head":"<!-- This site is optimized with the Yoast SEO plugin v27.3 - https:\/\/yoast.com\/product\/yoast-seo-wordpress\/ -->\n<title>Festivales Flamencos - Ayuntamiento de Utrera<\/title>\n<meta name=\"robots\" content=\"index, follow, max-snippet:-1, max-image-preview:large, max-video-preview:-1\" \/>\n<link rel=\"canonical\" href=\"https:\/\/www.utrera.org\/en\/festivales-flamencos\/\" \/>\n<meta property=\"og:locale\" content=\"en_GB\" \/>\n<meta property=\"og:type\" content=\"article\" \/>\n<meta property=\"og:title\" content=\"Festivales Flamencos - Ayuntamiento de Utrera\" \/>\n<meta property=\"og:description\" content=\"FESTIVAL FLAMENCO POTAJE GITANO Organiza:\u00a0Hermandad de Los Gitanos Fecha:\u00a0Tradicionalmente se viene celebrando el \u00faltimo s\u00e1bado del mes de junio Lugar:\u00a0Colegio Salesiano Web:\u00a0www.potajegitano.com El \u00faltimo s\u00e1bado del mes de junio, los aficionados al flamenco tienen una cita en Utrera con el m\u00e1s veterano de los festivales de verano de Espa\u00f1a \u201cEl Potaje Gitano\u201d, cuya creaci\u00f3n se [&hellip;]\" \/>\n<meta property=\"og:url\" content=\"https:\/\/www.utrera.org\/en\/festivales-flamencos\/\" \/>\n<meta property=\"og:site_name\" content=\"Ayuntamiento de Utrera\" \/>\n<meta property=\"article:publisher\" content=\"https:\/\/www.facebook.com\/AyuntamientodeUtrera\/\" \/>\n<meta property=\"article:modified_time\" content=\"2022-05-03T18:54:13+00:00\" \/>\n<meta name=\"twitter:card\" content=\"summary_large_image\" \/>\n<meta name=\"twitter:site\" content=\"@CiudadUtrera\" \/>\n<meta name=\"twitter:label1\" content=\"Est. reading time\" \/>\n\t<meta name=\"twitter:data1\" content=\"2 minutes\" \/>\n<script type=\"application\/ld+json\" class=\"yoast-schema-graph\">{\"@context\":\"https:\\\/\\\/schema.org\",\"@graph\":[{\"@type\":\"WebPage\",\"@id\":\"https:\\\/\\\/www.utrera.org\\\/festivales-flamencos\\\/\",\"url\":\"https:\\\/\\\/www.utrera.org\\\/festivales-flamencos\\\/\",\"name\":\"Festivales Flamencos - Ayuntamiento de Utrera\",\"isPartOf\":{\"@id\":\"https:\\\/\\\/www.utrera.org\\\/#website\"},\"datePublished\":\"2018-06-09T12:41:15+00:00\",\"dateModified\":\"2022-05-03T18:54:13+00:00\",\"breadcrumb\":{\"@id\":\"https:\\\/\\\/www.utrera.org\\\/festivales-flamencos\\\/#breadcrumb\"},\"inLanguage\":\"en-GB\",\"potentialAction\":[{\"@type\":\"ReadAction\",\"target\":[\"https:\\\/\\\/www.utrera.org\\\/festivales-flamencos\\\/\"]}]},{\"@type\":\"BreadcrumbList\",\"@id\":\"https:\\\/\\\/www.utrera.org\\\/festivales-flamencos\\\/#breadcrumb\",\"itemListElement\":[{\"@type\":\"ListItem\",\"position\":1,\"name\":\"Inicio\",\"item\":\"https:\\\/\\\/www.utrera.org\\\/\"},{\"@type\":\"ListItem\",\"position\":2,\"name\":\"Festivales Flamencos\"}]},{\"@type\":\"WebSite\",\"@id\":\"https:\\\/\\\/www.utrera.org\\\/#website\",\"url\":\"https:\\\/\\\/www.utrera.org\\\/\",\"name\":\"Ayuntamiento de Utrera\",\"description\":\"Web Municipal del Ayuntamiento de Utrera\",\"potentialAction\":[{\"@type\":\"SearchAction\",\"target\":{\"@type\":\"EntryPoint\",\"urlTemplate\":\"https:\\\/\\\/www.utrera.org\\\/?s={search_term_string}\"},\"query-input\":{\"@type\":\"PropertyValueSpecification\",\"valueRequired\":true,\"valueName\":\"search_term_string\"}}],\"inLanguage\":\"en-GB\"}]}<\/script>\n<!-- \/ Yoast SEO plugin. -->","yoast_head_json":{"title":"Festivales Flamencos - Ayuntamiento de Utrera","robots":{"index":"index","follow":"follow","max-snippet":"max-snippet:-1","max-image-preview":"max-image-preview:large","max-video-preview":"max-video-preview:-1"},"canonical":"https:\/\/www.utrera.org\/en\/festivales-flamencos\/","og_locale":"en_GB","og_type":"article","og_title":"Festivales Flamencos - Ayuntamiento de Utrera","og_description":"FESTIVAL FLAMENCO POTAJE GITANO Organiza:\u00a0Hermandad de Los Gitanos Fecha:\u00a0Tradicionalmente se viene celebrando el \u00faltimo s\u00e1bado del mes de junio Lugar:\u00a0Colegio Salesiano Web:\u00a0www.potajegitano.com El \u00faltimo s\u00e1bado del mes de junio, los aficionados al flamenco tienen una cita en Utrera con el m\u00e1s veterano de los festivales de verano de Espa\u00f1a \u201cEl Potaje Gitano\u201d, cuya creaci\u00f3n se [&hellip;]","og_url":"https:\/\/www.utrera.org\/en\/festivales-flamencos\/","og_site_name":"Ayuntamiento de Utrera","article_publisher":"https:\/\/www.facebook.com\/AyuntamientodeUtrera\/","article_modified_time":"2022-05-03T18:54:13+00:00","twitter_card":"summary_large_image","twitter_site":"@CiudadUtrera","twitter_misc":{"Est. reading time":"2 minutes"},"schema":{"@context":"https:\/\/schema.org","@graph":[{"@type":"WebPage","@id":"https:\/\/www.utrera.org\/festivales-flamencos\/","url":"https:\/\/www.utrera.org\/festivales-flamencos\/","name":"Festivales Flamencos - Ayuntamiento de Utrera","isPartOf":{"@id":"https:\/\/www.utrera.org\/#website"},"datePublished":"2018-06-09T12:41:15+00:00","dateModified":"2022-05-03T18:54:13+00:00","breadcrumb":{"@id":"https:\/\/www.utrera.org\/festivales-flamencos\/#breadcrumb"},"inLanguage":"en-GB","potentialAction":[{"@type":"ReadAction","target":["https:\/\/www.utrera.org\/festivales-flamencos\/"]}]},{"@type":"BreadcrumbList","@id":"https:\/\/www.utrera.org\/festivales-flamencos\/#breadcrumb","itemListElement":[{"@type":"ListItem","position":1,"name":"Inicio","item":"https:\/\/www.utrera.org\/"},{"@type":"ListItem","position":2,"name":"Festivales Flamencos"}]},{"@type":"WebSite","@id":"https:\/\/www.utrera.org\/#website","url":"https:\/\/www.utrera.org\/","name":"City Council of Utrera","description":"Web Municipal del Ayuntamiento de Utrera","potentialAction":[{"@type":"SearchAction","target":{"@type":"EntryPoint","urlTemplate":"https:\/\/www.utrera.org\/?s={search_term_string}"},"query-input":{"@type":"PropertyValueSpecification","valueRequired":true,"valueName":"search_term_string"}}],"inLanguage":"en-GB"}]}},"_links":{"self":[{"href":"https:\/\/www.utrera.org\/en\/wp-json\/wp\/v2\/pages\/9339","targetHints":{"allow":["GET"]}}],"collection":[{"href":"https:\/\/www.utrera.org\/en\/wp-json\/wp\/v2\/pages"}],"about":[{"href":"https:\/\/www.utrera.org\/en\/wp-json\/wp\/v2\/types\/page"}],"author":[{"embeddable":true,"href":"https:\/\/www.utrera.org\/en\/wp-json\/wp\/v2\/users\/2"}],"replies":[{"embeddable":true,"href":"https:\/\/www.utrera.org\/en\/wp-json\/wp\/v2\/comments?post=9339"}],"version-history":[{"count":2,"href":"https:\/\/www.utrera.org\/en\/wp-json\/wp\/v2\/pages\/9339\/revisions"}],"predecessor-version":[{"id":47006,"href":"https:\/\/www.utrera.org\/en\/wp-json\/wp\/v2\/pages\/9339\/revisions\/47006"}],"wp:attachment":[{"href":"https:\/\/www.utrera.org\/en\/wp-json\/wp\/v2\/media?parent=9339"}],"curies":[{"name":"wp","href":"https:\/\/api.w.org\/{rel}","templated":true}]}}