{"id":8468,"date":"2018-05-28T17:39:22","date_gmt":"2018-05-28T16:39:22","guid":{"rendered":"https:\/\/www.utrera.org\/?page_id=8468"},"modified":"2019-05-21T08:35:32","modified_gmt":"2019-05-21T07:35:32","slug":"certamen-nacional-arte-contemporaneo","status":"publish","type":"page","link":"https:\/\/www.utrera.org\/en\/certamen-nacional-arte-contemporaneo\/","title":{"rendered":"CERTAMEN NACIONAL ARTE CONTEMPOR\u00c1NEO"},"content":{"rendered":"<p style=\"text-align: justify;\">El Certamen Nacional de Arte Contempor\u00e1neo \u00abCiudad de Utrera\u00bb vino a cubrir un enorme vac\u00edo en el panorama expositivo utrerano en la d\u00e9cada de los 80, habi\u00e9ndose convertido, a lo largo de estos a\u00f1os, en la mayor manifestaci\u00f3n de las artes pl\u00e1sticas de la ciudad.<\/p>\n<p style=\"text-align: justify;\">Todo esto ha sido posible gracias al entusiasmo y al apoyo recibido desde diversas instituciones, especialmente, del \u00c1rea de Cultura de la Diputaci\u00f3n de Sevilla, consiguiendo despertar una mayor sensibilidad social hacia el arte contempor\u00e1neo y la promoci\u00f3n de los creadores m\u00e1s j\u00f3venes.<\/p>\n<p style=\"text-align: justify;\">Esto, unido a su esp\u00edritu renovador y a su vocaci\u00f3n multicultural ha hecho del Certamen un acontecimiento que ofrece en cada edici\u00f3n un fiel y vivo retrato de la realidad art\u00edstica m\u00e1s joven.<\/p>\n<p style=\"text-align: justify;\">Para el Ayuntamiento de Utrera constituye un preciado motivo de orgullo su colecci\u00f3n de arte.<\/p>\n<p style=\"text-align: justify;\">Un fondo art\u00edstico en el que podemos encontrar algunos de los pintores m\u00e1s significativos de las tres \u00faltimas d\u00e9cadas que han venido trabajando en Andaluc\u00eda, desde Ignacio Tovar a Curro Gonz\u00e1lez, pasando por el a\u00f1orado At\u00edn Aya, junto a las obras de Manolo Cuervo o Antonio Sosa. Sin olvidar a otros autores m\u00e1s j\u00f3venes, entre los que se encuentran los utreranos Pepe Florido, Jos\u00e9 Luis Anaya y los hermanos, Rafael y Rub\u00e9n Guerrero.<\/p>\n<p><a href=\"https:\/\/www.utrera.org\/wp-content\/uploads\/2019\/04\/Certamen-2019_Bases.pdf\" target=\"_blank\" rel=\"noopener\">BASES CERTAMEN 2019<\/a><br \/>\n<a href=\"https:\/\/www.utrera.org\/wp-content\/uploads\/2019\/04\/Boleti\u0301n-de-inscripcio\u0301n-2019-RELLENABLE-1.pdf\" target=\"_blank\" rel=\"noopener\">BOLET\u00cdN INSCRIPCI\u00d3N 2019 (pdf rellenable)<\/a><\/p>\n<ul>\n<li><a href=\"https:\/\/www.utrera.org\/wp-content\/uploads\/2019\/05\/AYTO-UTRERA_Certamen-Arte-2019_Catalogo-web.pdf\" target=\"_blank\" rel=\"noopener\">CAT\u00c1LOGO 2019<\/a><\/li>\n<li><a href=\"\/wp-content\/uploads\/2018\/05\/CulCertCat18.pdf\" target=\"_blank\" rel=\"noopener\">CAT\u00c1LOGO 2018<\/a><\/li>\n<li><a href=\"\/wp-content\/uploads\/2018\/05\/CulCertCat17.pdf\" target=\"_blank\" rel=\"noopener\">CAT\u00c1LOGO 2017<\/a><\/li>\n<li><a href=\"\/wp-content\/uploads\/2018\/05\/CulCertCat16.pdf\" target=\"_blank\" rel=\"noopener\">CAT\u00c1LOGO 2016<\/a><\/li>\n<li><a href=\"\/wp-content\/uploads\/2018\/05\/CulCertCat2015.pdf\" target=\"_blank\" rel=\"noopener\">CAT\u00c1LOGO 2015<\/a><\/li>\n<li><a href=\"\/wp-content\/uploads\/2018\/05\/CulCertCat14.pdf\" target=\"_blank\" rel=\"noopener\">CAT\u00c1LOGO 2014<\/a><\/li>\n<li><a href=\"\/wp-content\/uploads\/2018\/05\/CulCertCat13.pdf\" target=\"_blank\" rel=\"noopener\">CAT\u00c1LOGO 2013<\/a><\/li>\n<li><a href=\"\/wp-content\/uploads\/2018\/05\/CulCertCat2012.pdf\" target=\"_blank\" rel=\"noopener\">CAT\u00c1LOGO 2012<\/a><\/li>\n<li><a href=\"\/wp-content\/uploads\/2018\/05\/CulCert2011cat.pdf\" target=\"_blank\" rel=\"noopener\">CAT\u00c1LOGO 2011<\/a><\/li>\n<li><a href=\"\/wp-content\/uploads\/2018\/05\/CulCert2010Cat.pdf\" target=\"_blank\" rel=\"noopener\">CAT\u00c1LOGO 2010<\/a><\/li>\n<li><a href=\"\/wp-content\/uploads\/2018\/05\/CulCert2009Catalog.pdf\" target=\"_blank\" rel=\"noopener\">CAT\u00c1LOGO 2009<\/a><\/li>\n<li><a href=\"\/wp-content\/uploads\/2018\/05\/CulCert2008Cat.pdf\" target=\"_blank\" rel=\"noopener\">CAT\u00c1LOGO 2008<\/a><\/li>\n<li><a href=\"\/wp-content\/uploads\/2018\/05\/CulCert2007Cat.pdf\" target=\"_blank\" rel=\"noopener\">CAT\u00c1LOGO 2007<\/a><\/li>\n<\/ul>","protected":false},"excerpt":{"rendered":"<p>El Certamen Nacional de Arte Contempor\u00e1neo \u00abCiudad de Utrera\u00bb vino a cubrir un enorme vac\u00edo en el panorama expositivo utrerano en la d\u00e9cada de los 80, habi\u00e9ndose convertido, a lo largo de estos a\u00f1os, en la mayor manifestaci\u00f3n de las artes pl\u00e1sticas de la ciudad. Todo esto ha sido posible gracias al entusiasmo y al [&hellip;]<\/p>\n","protected":false},"author":2,"featured_media":0,"parent":0,"menu_order":0,"comment_status":"closed","ping_status":"closed","template":"","meta":{"_et_pb_use_builder":"","_et_pb_old_content":"","_et_gb_content_width":"","footnotes":""},"class_list":["post-8468","page","type-page","status-publish","hentry"],"yoast_head":"<!-- This site is optimized with the Yoast SEO plugin v27.3 - https:\/\/yoast.com\/product\/yoast-seo-wordpress\/ -->\n<title>CERTAMEN NACIONAL ARTE CONTEMPOR\u00c1NEO - Ayuntamiento de Utrera<\/title>\n<meta name=\"robots\" content=\"index, follow, max-snippet:-1, max-image-preview:large, max-video-preview:-1\" \/>\n<link rel=\"canonical\" href=\"https:\/\/www.utrera.org\/en\/certamen-nacional-arte-contemporaneo\/\" \/>\n<meta property=\"og:locale\" content=\"en_GB\" \/>\n<meta property=\"og:type\" content=\"article\" \/>\n<meta property=\"og:title\" content=\"CERTAMEN NACIONAL ARTE CONTEMPOR\u00c1NEO - Ayuntamiento de Utrera\" \/>\n<meta property=\"og:description\" content=\"El Certamen Nacional de Arte Contempor\u00e1neo \u00abCiudad de Utrera\u00bb vino a cubrir un enorme vac\u00edo en el panorama expositivo utrerano en la d\u00e9cada de los 80, habi\u00e9ndose convertido, a lo largo de estos a\u00f1os, en la mayor manifestaci\u00f3n de las artes pl\u00e1sticas de la ciudad. Todo esto ha sido posible gracias al entusiasmo y al [&hellip;]\" \/>\n<meta property=\"og:url\" content=\"https:\/\/www.utrera.org\/en\/certamen-nacional-arte-contemporaneo\/\" \/>\n<meta property=\"og:site_name\" content=\"Ayuntamiento de Utrera\" \/>\n<meta property=\"article:publisher\" content=\"https:\/\/www.facebook.com\/AyuntamientodeUtrera\/\" \/>\n<meta property=\"article:modified_time\" content=\"2019-05-21T07:35:32+00:00\" \/>\n<meta name=\"twitter:card\" content=\"summary_large_image\" \/>\n<meta name=\"twitter:site\" content=\"@CiudadUtrera\" \/>\n<meta name=\"twitter:label1\" content=\"Est. reading time\" \/>\n\t<meta name=\"twitter:data1\" content=\"1 minute\" \/>\n<script type=\"application\/ld+json\" class=\"yoast-schema-graph\">{\"@context\":\"https:\\\/\\\/schema.org\",\"@graph\":[{\"@type\":\"WebPage\",\"@id\":\"https:\\\/\\\/www.utrera.org\\\/certamen-nacional-arte-contemporaneo\\\/\",\"url\":\"https:\\\/\\\/www.utrera.org\\\/certamen-nacional-arte-contemporaneo\\\/\",\"name\":\"CERTAMEN NACIONAL ARTE CONTEMPOR\u00c1NEO - Ayuntamiento de Utrera\",\"isPartOf\":{\"@id\":\"https:\\\/\\\/www.utrera.org\\\/#website\"},\"datePublished\":\"2018-05-28T16:39:22+00:00\",\"dateModified\":\"2019-05-21T07:35:32+00:00\",\"breadcrumb\":{\"@id\":\"https:\\\/\\\/www.utrera.org\\\/certamen-nacional-arte-contemporaneo\\\/#breadcrumb\"},\"inLanguage\":\"en-GB\",\"potentialAction\":[{\"@type\":\"ReadAction\",\"target\":[\"https:\\\/\\\/www.utrera.org\\\/certamen-nacional-arte-contemporaneo\\\/\"]}]},{\"@type\":\"BreadcrumbList\",\"@id\":\"https:\\\/\\\/www.utrera.org\\\/certamen-nacional-arte-contemporaneo\\\/#breadcrumb\",\"itemListElement\":[{\"@type\":\"ListItem\",\"position\":1,\"name\":\"Inicio\",\"item\":\"https:\\\/\\\/www.utrera.org\\\/\"},{\"@type\":\"ListItem\",\"position\":2,\"name\":\"CERTAMEN NACIONAL ARTE CONTEMPOR\u00c1NEO\"}]},{\"@type\":\"WebSite\",\"@id\":\"https:\\\/\\\/www.utrera.org\\\/#website\",\"url\":\"https:\\\/\\\/www.utrera.org\\\/\",\"name\":\"Ayuntamiento de Utrera\",\"description\":\"Web Municipal del Ayuntamiento de Utrera\",\"potentialAction\":[{\"@type\":\"SearchAction\",\"target\":{\"@type\":\"EntryPoint\",\"urlTemplate\":\"https:\\\/\\\/www.utrera.org\\\/?s={search_term_string}\"},\"query-input\":{\"@type\":\"PropertyValueSpecification\",\"valueRequired\":true,\"valueName\":\"search_term_string\"}}],\"inLanguage\":\"en-GB\"}]}<\/script>\n<!-- \/ Yoast SEO plugin. -->","yoast_head_json":{"title":"CERTAMEN NACIONAL ARTE CONTEMPOR\u00c1NEO - Ayuntamiento de Utrera","robots":{"index":"index","follow":"follow","max-snippet":"max-snippet:-1","max-image-preview":"max-image-preview:large","max-video-preview":"max-video-preview:-1"},"canonical":"https:\/\/www.utrera.org\/en\/certamen-nacional-arte-contemporaneo\/","og_locale":"en_GB","og_type":"article","og_title":"CERTAMEN NACIONAL ARTE CONTEMPOR\u00c1NEO - Ayuntamiento de Utrera","og_description":"El Certamen Nacional de Arte Contempor\u00e1neo \u00abCiudad de Utrera\u00bb vino a cubrir un enorme vac\u00edo en el panorama expositivo utrerano en la d\u00e9cada de los 80, habi\u00e9ndose convertido, a lo largo de estos a\u00f1os, en la mayor manifestaci\u00f3n de las artes pl\u00e1sticas de la ciudad. Todo esto ha sido posible gracias al entusiasmo y al [&hellip;]","og_url":"https:\/\/www.utrera.org\/en\/certamen-nacional-arte-contemporaneo\/","og_site_name":"Ayuntamiento de Utrera","article_publisher":"https:\/\/www.facebook.com\/AyuntamientodeUtrera\/","article_modified_time":"2019-05-21T07:35:32+00:00","twitter_card":"summary_large_image","twitter_site":"@CiudadUtrera","twitter_misc":{"Est. reading time":"1 minute"},"schema":{"@context":"https:\/\/schema.org","@graph":[{"@type":"WebPage","@id":"https:\/\/www.utrera.org\/certamen-nacional-arte-contemporaneo\/","url":"https:\/\/www.utrera.org\/certamen-nacional-arte-contemporaneo\/","name":"CERTAMEN NACIONAL ARTE CONTEMPOR\u00c1NEO - Ayuntamiento de Utrera","isPartOf":{"@id":"https:\/\/www.utrera.org\/#website"},"datePublished":"2018-05-28T16:39:22+00:00","dateModified":"2019-05-21T07:35:32+00:00","breadcrumb":{"@id":"https:\/\/www.utrera.org\/certamen-nacional-arte-contemporaneo\/#breadcrumb"},"inLanguage":"en-GB","potentialAction":[{"@type":"ReadAction","target":["https:\/\/www.utrera.org\/certamen-nacional-arte-contemporaneo\/"]}]},{"@type":"BreadcrumbList","@id":"https:\/\/www.utrera.org\/certamen-nacional-arte-contemporaneo\/#breadcrumb","itemListElement":[{"@type":"ListItem","position":1,"name":"Inicio","item":"https:\/\/www.utrera.org\/"},{"@type":"ListItem","position":2,"name":"CERTAMEN NACIONAL ARTE CONTEMPOR\u00c1NEO"}]},{"@type":"WebSite","@id":"https:\/\/www.utrera.org\/#website","url":"https:\/\/www.utrera.org\/","name":"City Council of Utrera","description":"Web Municipal del Ayuntamiento de Utrera","potentialAction":[{"@type":"SearchAction","target":{"@type":"EntryPoint","urlTemplate":"https:\/\/www.utrera.org\/?s={search_term_string}"},"query-input":{"@type":"PropertyValueSpecification","valueRequired":true,"valueName":"search_term_string"}}],"inLanguage":"en-GB"}]}},"_links":{"self":[{"href":"https:\/\/www.utrera.org\/en\/wp-json\/wp\/v2\/pages\/8468","targetHints":{"allow":["GET"]}}],"collection":[{"href":"https:\/\/www.utrera.org\/en\/wp-json\/wp\/v2\/pages"}],"about":[{"href":"https:\/\/www.utrera.org\/en\/wp-json\/wp\/v2\/types\/page"}],"author":[{"embeddable":true,"href":"https:\/\/www.utrera.org\/en\/wp-json\/wp\/v2\/users\/2"}],"replies":[{"embeddable":true,"href":"https:\/\/www.utrera.org\/en\/wp-json\/wp\/v2\/comments?post=8468"}],"version-history":[{"count":0,"href":"https:\/\/www.utrera.org\/en\/wp-json\/wp\/v2\/pages\/8468\/revisions"}],"wp:attachment":[{"href":"https:\/\/www.utrera.org\/en\/wp-json\/wp\/v2\/media?parent=8468"}],"curies":[{"name":"wp","href":"https:\/\/api.w.org\/{rel}","templated":true}]}}