{"id":8386,"date":"2018-05-24T19:00:00","date_gmt":"2018-05-24T18:00:00","guid":{"rendered":"https:\/\/www.utrera.org\/?page_id=8386"},"modified":"2018-06-20T20:11:00","modified_gmt":"2018-06-20T19:11:00","slug":"callejero","status":"publish","type":"page","link":"https:\/\/www.utrera.org\/en\/callejero\/","title":{"rendered":"Callejero Digital Unificado de Andaluc\u00eda (Digital Street Map of Andalusia)"},"content":{"rendered":"[et_pb_section bb_built=\u00bb1&#8243;][et_pb_row][et_pb_column type=\u00bb4_4&#8243;][et_pb_text _builder_version=\u00bb3.0.92&#8243; background_layout=\u00bblight\u00bb]\n<h3>PRESENTACI\u00d3N<\/h3>\n<p>El Callejero Digital Unificado de Andaluc\u00eda (CDAU) es un proyecto en el que est\u00e1n implicadas todas las administraciones andaluzas: Junta de Andaluc\u00eda, Diputaciones y Ayuntamientos.<\/p>\n<p>Su objetivo es disponer de un callejero digital que integre datos y mapas y ofrezca informaci\u00f3n precisa y actualizada sobre v\u00edas y portales a cualquier usuario, ya sea p\u00fablico o privado.<\/p>\n<p>El Ayuntamiento de Utrera ha completado todos los trabajos previstos, situ\u00e1ndose a la cabeza en cuanto a la calidad y el nivel de desarrollo de su callejero.<\/p>\n<p>&nbsp;<\/p>\n<h3>CONSULTA<\/h3>\n<p>El siguiente acceso permite la consulta directa del Callejero de Utrera. <a href=\"http:\/\/mapea-sigc.juntadeandalucia.es\/?wmcfile=http:\/\/www.callejerodeandalucia.es\/wmc\/context_cdau_callejero.xml*Callejero,http:\/\/www.callejerodeandalucia.es\/wmc\/context_cdau_hibrido.xml*H\\u00edbrido,http:\/\/www.callejerodeandalucia.es\/wmc\/context_cdau_satelite.xml*Sat\\u00e9lite&amp;controls=panzoombar,layerswitcher,navtoolbar,mouse&amp;operations=searchcallejero&amp;locality=41095&amp;bbox=248646.461905,4116055.342738,257467.676151,4122489.845894\" target=\"_blank\" rel=\"noopener\">CALLEJERO.<\/a><\/p>\n<p>&nbsp;<\/p>\n<h3>UTILIDADES<\/h3>\n<p>Adem\u00e1s de la consulta directa, el Callejero ofrece otras posibilidades:<\/p>\n<ul>\n<li>Archivos pdf, listos para su visualizaci\u00f3n e impresi\u00f3n, con cartograf\u00eda de v\u00edas y portales a escala 1\/2.000 y formato A1, organizada en 3 series:\n<ul>\n<li>Cabeceras Municipales.<\/li>\n<li>N\u00facleos Secundarios.<\/li>\n<li>Espacios Productivos.<\/li>\n<\/ul>\n<\/li>\n<\/ul>\n<p>Descarga a trav\u00e9s de <a href=\"http:\/\/www.juntadeandalucia.es\/institutodeestadisticaycartografia\/lineav2\/web\/\" target=\"_blank\" rel=\"noopener\">LINEA<\/a>, el portal de descargas de mapas del Instituto de Estad\u00edstica y Cartograf\u00eda de Andaluc\u00eda.<\/p>\n<ul>\n<li>Cartograf\u00eda y datos en formatos GML o SHAPE. Descarga a trav\u00e9s del <a href=\"http:\/\/www.juntadeandalucia.es\/institutodeestadisticaycartografia\/lineav2\/web\/\" target=\"_blank\" rel=\"noopener\">CLIENTE DE DESCARGAS<\/a> del Instituto de Estad\u00edstica y Cartograf\u00eda de Andaluc\u00eda.<\/li>\n<li>Aplicaci\u00f3n para m\u00f3viles que permite geolocalizar informaci\u00f3n municipal de inter\u00e9s (Administraci\u00f3n, servicios, turismo\u2026) utilizando como soporte el Callejero. <a href=\"https:\/\/play.google.com\/store\/apps\/details?id=es.juntadeandalucia.mapea.sepim.guiautrera\" target=\"_blank\" rel=\"noopener\">Disponible en Play Store de Google.<\/a><\/li>\n<\/ul>\n<p>&nbsp;<\/p>\n<h3>PARTICIPACI\u00d3N<\/h3>\n<p>Es posible participar en el mantenimiento del Callejero de Utrera transmitiendo al Ayuntamiento sugerencias sobre carencias, errores o imprecisiones a trav\u00e9s del siguiente email de contacto:\u00a0<a href=\"mailto:informatica@utrera.org\" target=\"_blank\" rel=\"noopener\">informatica@utrera.org<\/a><\/p>\n[\/et_pb_text][\/et_pb_column][\/et_pb_row][\/et_pb_section]\n","protected":false},"excerpt":{"rendered":"<p><div class=\"et_pb_row et_pb_row_0 et_pb_row_empty\">\n\t\t\t\t\n\t\t\t\t\n\t\t\t\t\n\t\t\t\t\n\t\t\t\t\n\t\t\t<\/div> PRESENTACI\u00d3N El Callejero Digital Unificado de Andaluc\u00eda (CDAU) es un proyecto en el que est\u00e1n implicadas todas las administraciones andaluzas: Junta de Andaluc\u00eda, Diputaciones y Ayuntamientos. Su objetivo es disponer de un callejero digital que integre datos y mapas y ofrezca informaci\u00f3n precisa y actualizada sobre v\u00edas y portales a cualquier usuario, ya sea [&hellip;]<\/p>\n","protected":false},"author":2,"featured_media":0,"parent":0,"menu_order":0,"comment_status":"closed","ping_status":"closed","template":"","meta":{"_et_pb_use_builder":"on","_et_pb_old_content":"","_et_gb_content_width":"","footnotes":""},"class_list":["post-8386","page","type-page","status-publish","hentry"],"yoast_head":"<!-- This site is optimized with the Yoast SEO plugin v27.3 - https:\/\/yoast.com\/product\/yoast-seo-wordpress\/ -->\n<title>Callejero - Ayuntamiento de Utrera<\/title>\n<meta name=\"robots\" content=\"index, follow, max-snippet:-1, max-image-preview:large, max-video-preview:-1\" \/>\n<link rel=\"canonical\" href=\"https:\/\/www.utrera.org\/en\/callejero\/\" \/>\n<meta property=\"og:locale\" content=\"en_GB\" \/>\n<meta property=\"og:type\" content=\"article\" \/>\n<meta property=\"og:title\" content=\"Callejero - Ayuntamiento de Utrera\" \/>\n<meta property=\"og:description\" content=\"PRESENTACI\u00d3N El Callejero Digital Unificado de Andaluc\u00eda (CDAU) es un proyecto en el que est\u00e1n implicadas todas las administraciones andaluzas: Junta de Andaluc\u00eda, Diputaciones y Ayuntamientos. Su objetivo es disponer de un callejero digital que integre datos y mapas y ofrezca informaci\u00f3n precisa y actualizada sobre v\u00edas y portales a cualquier usuario, ya sea [&hellip;]\" \/>\n<meta property=\"og:url\" content=\"https:\/\/www.utrera.org\/en\/callejero\/\" \/>\n<meta property=\"og:site_name\" content=\"Ayuntamiento de Utrera\" \/>\n<meta property=\"article:publisher\" content=\"https:\/\/www.facebook.com\/AyuntamientodeUtrera\/\" \/>\n<meta property=\"article:modified_time\" content=\"2018-06-20T19:11:00+00:00\" \/>\n<meta name=\"twitter:card\" content=\"summary_large_image\" \/>\n<meta name=\"twitter:site\" content=\"@CiudadUtrera\" \/>\n<meta name=\"twitter:label1\" content=\"Est. reading time\" \/>\n\t<meta name=\"twitter:data1\" content=\"1 minute\" \/>\n<script type=\"application\/ld+json\" class=\"yoast-schema-graph\">{\"@context\":\"https:\\\/\\\/schema.org\",\"@graph\":[{\"@type\":\"WebPage\",\"@id\":\"https:\\\/\\\/www.utrera.org\\\/callejero\\\/\",\"url\":\"https:\\\/\\\/www.utrera.org\\\/callejero\\\/\",\"name\":\"Callejero - Ayuntamiento de Utrera\",\"isPartOf\":{\"@id\":\"https:\\\/\\\/www.utrera.org\\\/#website\"},\"datePublished\":\"2018-05-24T18:00:00+00:00\",\"dateModified\":\"2018-06-20T19:11:00+00:00\",\"breadcrumb\":{\"@id\":\"https:\\\/\\\/www.utrera.org\\\/callejero\\\/#breadcrumb\"},\"inLanguage\":\"en-GB\",\"potentialAction\":[{\"@type\":\"ReadAction\",\"target\":[\"https:\\\/\\\/www.utrera.org\\\/callejero\\\/\"]}]},{\"@type\":\"BreadcrumbList\",\"@id\":\"https:\\\/\\\/www.utrera.org\\\/callejero\\\/#breadcrumb\",\"itemListElement\":[{\"@type\":\"ListItem\",\"position\":1,\"name\":\"Inicio\",\"item\":\"https:\\\/\\\/www.utrera.org\\\/\"},{\"@type\":\"ListItem\",\"position\":2,\"name\":\"Callejero\"}]},{\"@type\":\"WebSite\",\"@id\":\"https:\\\/\\\/www.utrera.org\\\/#website\",\"url\":\"https:\\\/\\\/www.utrera.org\\\/\",\"name\":\"Ayuntamiento de Utrera\",\"description\":\"Web Municipal del Ayuntamiento de Utrera\",\"potentialAction\":[{\"@type\":\"SearchAction\",\"target\":{\"@type\":\"EntryPoint\",\"urlTemplate\":\"https:\\\/\\\/www.utrera.org\\\/?s={search_term_string}\"},\"query-input\":{\"@type\":\"PropertyValueSpecification\",\"valueRequired\":true,\"valueName\":\"search_term_string\"}}],\"inLanguage\":\"en-GB\"}]}<\/script>\n<!-- \/ Yoast SEO plugin. -->","yoast_head_json":{"title":"Callejero - Ayuntamiento de Utrera","robots":{"index":"index","follow":"follow","max-snippet":"max-snippet:-1","max-image-preview":"max-image-preview:large","max-video-preview":"max-video-preview:-1"},"canonical":"https:\/\/www.utrera.org\/en\/callejero\/","og_locale":"en_GB","og_type":"article","og_title":"Callejero - Ayuntamiento de Utrera","og_description":"PRESENTACI\u00d3N El Callejero Digital Unificado de Andaluc\u00eda (CDAU) es un proyecto en el que est\u00e1n implicadas todas las administraciones andaluzas: Junta de Andaluc\u00eda, Diputaciones y Ayuntamientos. Su objetivo es disponer de un callejero digital que integre datos y mapas y ofrezca informaci\u00f3n precisa y actualizada sobre v\u00edas y portales a cualquier usuario, ya sea [&hellip;]","og_url":"https:\/\/www.utrera.org\/en\/callejero\/","og_site_name":"Ayuntamiento de Utrera","article_publisher":"https:\/\/www.facebook.com\/AyuntamientodeUtrera\/","article_modified_time":"2018-06-20T19:11:00+00:00","twitter_card":"summary_large_image","twitter_site":"@CiudadUtrera","twitter_misc":{"Est. reading time":"1 minute"},"schema":{"@context":"https:\/\/schema.org","@graph":[{"@type":"WebPage","@id":"https:\/\/www.utrera.org\/callejero\/","url":"https:\/\/www.utrera.org\/callejero\/","name":"Callejero - Ayuntamiento de Utrera","isPartOf":{"@id":"https:\/\/www.utrera.org\/#website"},"datePublished":"2018-05-24T18:00:00+00:00","dateModified":"2018-06-20T19:11:00+00:00","breadcrumb":{"@id":"https:\/\/www.utrera.org\/callejero\/#breadcrumb"},"inLanguage":"en-GB","potentialAction":[{"@type":"ReadAction","target":["https:\/\/www.utrera.org\/callejero\/"]}]},{"@type":"BreadcrumbList","@id":"https:\/\/www.utrera.org\/callejero\/#breadcrumb","itemListElement":[{"@type":"ListItem","position":1,"name":"Inicio","item":"https:\/\/www.utrera.org\/"},{"@type":"ListItem","position":2,"name":"Callejero"}]},{"@type":"WebSite","@id":"https:\/\/www.utrera.org\/#website","url":"https:\/\/www.utrera.org\/","name":"City Council of Utrera","description":"Web Municipal del Ayuntamiento de Utrera","potentialAction":[{"@type":"SearchAction","target":{"@type":"EntryPoint","urlTemplate":"https:\/\/www.utrera.org\/?s={search_term_string}"},"query-input":{"@type":"PropertyValueSpecification","valueRequired":true,"valueName":"search_term_string"}}],"inLanguage":"en-GB"}]}},"_links":{"self":[{"href":"https:\/\/www.utrera.org\/en\/wp-json\/wp\/v2\/pages\/8386","targetHints":{"allow":["GET"]}}],"collection":[{"href":"https:\/\/www.utrera.org\/en\/wp-json\/wp\/v2\/pages"}],"about":[{"href":"https:\/\/www.utrera.org\/en\/wp-json\/wp\/v2\/types\/page"}],"author":[{"embeddable":true,"href":"https:\/\/www.utrera.org\/en\/wp-json\/wp\/v2\/users\/2"}],"replies":[{"embeddable":true,"href":"https:\/\/www.utrera.org\/en\/wp-json\/wp\/v2\/comments?post=8386"}],"version-history":[{"count":0,"href":"https:\/\/www.utrera.org\/en\/wp-json\/wp\/v2\/pages\/8386\/revisions"}],"wp:attachment":[{"href":"https:\/\/www.utrera.org\/en\/wp-json\/wp\/v2\/media?parent=8386"}],"curies":[{"name":"wp","href":"https:\/\/api.w.org\/{rel}","templated":true}]}}