{"id":5043,"date":"2018-05-10T12:12:08","date_gmt":"2018-05-10T11:12:08","guid":{"rendered":"https:\/\/www.utrera.org\/?page_id=5043"},"modified":"2019-02-20T12:13:16","modified_gmt":"2019-02-20T11:13:16","slug":"programa-de-experiencias-profesionales","status":"publish","type":"page","link":"https:\/\/www.utrera.org\/en\/programa-de-experiencias-profesionales\/","title":{"rendered":"PROGRAMA DE EXPERIENCIAS PROFESIONALES"},"content":{"rendered":"<p><a title=\"NOTA_INFORMATIVA-becas\" href=\"\/wp-content\/uploads\/2018\/05\/NOTA_INFORMATIVA-becas.pdf\" target=\"_self\">Nota Informativa<\/a><\/p>\n<p><a title=\"UTRHBECAFBaremoOrdenado\" href=\"\/wp-content\/uploads\/2018\/05\/UTRHBECAFBaremoOrdenado.pdf\" target=\"_blank\" rel=\"noopener\">Resultado Definitivo tras sorteo para desempate<\/a><\/p>\n<p><a title=\"UTRHBECAFListaBaremoDefinitivo\" href=\"\/wp-content\/uploads\/2018\/05\/UTRHBECAFListaBaremoDefinitivo.pdf\" target=\"_blank\" rel=\"noopener\">Baremaci\u00f3n Definitiva<\/a><\/p>\n<p><a title=\"UTRHBECAFListaBaremoProvisional\" href=\"\/wp-content\/uploads\/2018\/05\/UTRHBECAFListaBaremoProvisional.pdf\" target=\"_blank\" rel=\"noopener\">Baremaci\u00f3n Provisional de solicitudes admitidas<\/a><\/p>\n<p><a title=\"UTRHBECAFAnuncioListaDefinitiva\" href=\"\/wp-content\/uploads\/2018\/05\/UTRHBECAFAnuncioListaDefinitiva.pdf\" target=\"_blank\" rel=\"noopener\">Lista definitiva de admitidos y excluidos<\/a><\/p>\n<p><a title=\"BECASListaProvisionalExcluidos\" href=\"\/wp-content\/uploads\/2018\/05\/BECASListaProvisionalExcluidos.pdf\" target=\"_blank\" rel=\"noopener\">Lista provisional de admitidos y excluidos<\/a>\u00a0 (plazo de reclamaci\u00f3n finalizado)<\/p>\n<p><a title=\"UTRHBECAFListadoRequerimientos\" href=\"\/wp-content\/uploads\/2018\/05\/UTRHBECAFListadoRequerimientos.pdf\" target=\"_blank\" rel=\"noopener\">Listado de requerimientos para la subsanaci\u00f3n y mejora de las solicitudes presentadas<\/a>\u00a0(plazo de reclamaci\u00f3n finalizado)<\/p>\n<p><a title=\"UTRHBECAFListadoRequerimientos\" href=\"\/wp-content\/uploads\/2019\/02\/ANUNCIO-OFERTA-SAE.pdf\" target=\"_blank\" rel=\"noopener\">Oferta SAE para la selecci\u00f3n de 4 T\u00e9cnicos medio para el programa Experiencias Profesionales para el empleo.<\/a><\/p>\n<p>&nbsp;<\/p>\n<p>El Excmo. Ayuntamiento de Utrera lanza el Programa de Experiencias Profesionales que tiene por objeto promover la inserci\u00f3n laboral de las personas desempleadas, ofreci\u00e9ndoles experiencias profesionales con tutor\u00edas que les acerquen al mundo laboral, proporcion\u00e1ndoles el conocimiento de los h\u00e1bitos, pr\u00e1cticas y valores propios de los entornos laborales a los que los demandantes aspiran. El programa se estructura en forma de becas para j\u00f3venes menores de 30 a\u00f1os que sean demandantes de empleo inscritos como tales en el Servicio Andaluz de Empleo (SAE). Se conceder\u00e1n un m\u00e1ximo de 60 becas a raz\u00f3n de 5 meses de pr\u00e1cticas para cada uno de los beneficiarios.<\/p>\n<p>Los requisitos para poder conseguir una de estas becas son:<\/p>\n<ul>\n<li>Tener menos de 30 a\u00f1os el d\u00eda 11 de enero de 2014, fecha de finalizaci\u00f3n del plazo de presentaci\u00f3n de solicitudes.<\/li>\n<li>Disponer de una titulaci\u00f3n universitaria o de ciclo formativo de formaci\u00f3n profesional de grado superior.<\/li>\n<li>Que no hayan transcurrido m\u00e1s de cinco a\u00f1os desde la obtenci\u00f3n de dicha titulaci\u00f3n.<\/li>\n<li>Carecer de experiencia profesional relacionada con dicha cualificaci\u00f3n.<\/li>\n<li>Tener vecindad administrativa (estar empadronado) en la ciudad de Utrera con anterioridad al d\u00eda 1 de Junio de 2013.<\/li>\n<li>No estar disfrutando de otra beca o ayuda de la misma o an\u00e1loga finalidad a la de la presente convocatoria.<\/li>\n<li>Estar inscrito como demandante de empleo a la fecha de la presente convocatoria y no haber disfrutado de relaci\u00f3n laboral dependiente o como aut\u00f3nomo con la categor\u00eda profesional del t\u00edtulo acad\u00e9mico utilizado para participar en este programa.<\/li>\n<li>No incurrir en alguna de las circunstancias recogidas en el art\u00edculo 13.2 de la Ley 38\/2003, de 17 de noviembre, General de Subvenciones, que ser\u00e1 acreditado mediante declaraci\u00f3n responsable.<\/li>\n<li>Estar al corriente en el cumplimiento de sus obligaciones tributarias y frente a la Seguridad Social.<\/li>\n<\/ul>\n<p>Junto con la\u00a0<a title=\"SOLICITUD_BECA\" href=\"https:\/\/www.utrera.org\/en\/opencms\/export\/sites\/default\/utrera\/galeria\/download\/SOLICITUD_BECA.pdf\/\" target=\"_blank\" rel=\"noopener\">solicitud<\/a>\u00a0los aspirantes deber\u00e1n presentar la siguiente documentaci\u00f3n:<\/p>\n<ul>\n<li>Copia del t\u00edtulo acad\u00e9mico.<\/li>\n<li>Certificaci\u00f3n del expediente acad\u00e9mico (donde se indique la nota media obtenida).<\/li>\n<li>Vida laboral actualizada.<\/li>\n<li>Certificado del tiempo de permanencia en situaci\u00f3n de desempleo emitido por el Servicio Andaluz de Empleo (no es v\u00e1lida la tarjeta de demandante).<\/li>\n<\/ul>\n<p>El plazo de presentaci\u00f3n de solicitudes ser\u00e1 de 20 d\u00edas h\u00e1biles a partir del 17 de diciembre de 2013 (por tanto el \u00fatilo d\u00eda ser\u00e1 el 11 de enero de 2014). Las solicitudes se podr\u00e1n presentar a trav\u00e9s de la Sede Electr\u00f3nica del Excmo. Ayuntamiento de Utrera\u00a0o presencialmente en el Servicio de Atenci\u00f3n al Ciudadano (SAC) sito en Plaza de Gibaxa 1 de Utrera, o en los t\u00e9rminos previstos en el art\u00edculo 70 de la ley 30\/1992, de 26 de noviembre, de R\u00e9gimen Jur\u00eddico de las Administraciones P\u00fablicas y del procedimiento Administrativo Com\u00fan.<\/p>\n<p>Los beneficiarios ser\u00e1n elegidos de entre todos los solicitantes atendiendo a los siguientes criterios:<\/p>\n<ul>\n<li>Nivel de titulaci\u00f3n.<\/li>\n<li>Expediente acad\u00e9mico.<\/li>\n<li>Tiempo de permanencia como desempleado.<\/li>\n<\/ul>\n<p>Consulte las\u00a0<a title=\"BasesReguladorasBecasPracticasModificadas\" href=\"https:\/\/www.utrera.org\/wp-content\/uploads\/2018\/05\/BasesReguladorasBecasPracticasModificadas.pdf\" target=\"_blank\" rel=\"noopener\">Bases Completas<\/a>\u00a0de la convocatoria y para cualquier duda se puede acudir a la sede del Ayuntamiento sita en Plaza de Gibaxa 1 de Utrera o llamar al tel\u00e9fono 954860050 y contactar con la Delegaci\u00f3n de Recursos Humanos.<\/p>","protected":false},"excerpt":{"rendered":"<p>Nota Informativa Resultado Definitivo tras sorteo para desempate Baremaci\u00f3n Definitiva Baremaci\u00f3n Provisional de solicitudes admitidas Lista definitiva de admitidos y excluidos Lista provisional de admitidos y excluidos\u00a0 (plazo de reclamaci\u00f3n finalizado) Listado de requerimientos para la subsanaci\u00f3n y mejora de las solicitudes presentadas\u00a0(plazo de reclamaci\u00f3n finalizado) Oferta SAE para la selecci\u00f3n de 4 T\u00e9cnicos medio [&hellip;]<\/p>\n","protected":false},"author":2,"featured_media":0,"parent":0,"menu_order":0,"comment_status":"closed","ping_status":"closed","template":"","meta":{"_et_pb_use_builder":"on","_et_pb_old_content":"<a title=\"NOTA_INFORMATIVA-becas\" href=\"\/wp-content\/uploads\/2018\/05\/NOTA_INFORMATIVA-becas.pdf\" target=\"_self\">Nota Informativa<\/a>\r\n\r\n<a title=\"UTRHBECAFBaremoOrdenado\" href=\"\/wp-content\/uploads\/2018\/05\/UTRHBECAFBaremoOrdenado.pdf\" target=\"_blank\" rel=\"noopener\">Resultado Definitivo tras sorteo para desempate<\/a>\r\n\r\n<a title=\"UTRHBECAFListaBaremoDefinitivo\" href=\"\/wp-content\/uploads\/2018\/05\/UTRHBECAFListaBaremoDefinitivo.pdf\" target=\"_blank\" rel=\"noopener\">Baremaci\u00f3n Definitiva<\/a>\r\n\r\n<a title=\"UTRHBECAFListaBaremoProvisional\" href=\"\/wp-content\/uploads\/2018\/05\/UTRHBECAFListaBaremoProvisional.pdf\" target=\"_blank\" rel=\"noopener\">Baremaci\u00f3n Provisional de solicitudes admitidas<\/a>\r\n\r\n<a title=\"UTRHBECAFAnuncioListaDefinitiva\" href=\"\/wp-content\/uploads\/2018\/05\/UTRHBECAFAnuncioListaDefinitiva.pdf\" target=\"_blank\" rel=\"noopener\">Lista definitiva de admitidos y excluidos<\/a>\r\n\r\n<a title=\"BECASListaProvisionalExcluidos\" href=\"\/wp-content\/uploads\/2018\/05\/BECASListaProvisionalExcluidos.pdf\" target=\"_blank\" rel=\"noopener\">Lista provisional de admitidos y excluidos<\/a>\u00a0 (plazo de reclamaci\u00f3n finalizado)\r\n\r\n<a title=\"UTRHBECAFListadoRequerimientos\" href=\"\/wp-content\/uploads\/2018\/05\/UTRHBECAFListadoRequerimientos.pdf\" target=\"_blank\" rel=\"noopener\">Listado de requerimientos para la subsanaci\u00f3n y mejora de las solicitudes presentadas<\/a>\u00a0(plazo de reclamaci\u00f3n finalizado)\r\n\r\n<a title=\"UTRHBECAFListadoRequerimientos\" href=\"\/wp-content\/uploads\/2019\/02\/ANUNCIO-OFERTA-SAE.pdf\" target=\"_blank\" rel=\"noopener\">Oferta SAE para la selecci\u00f3n de 4 T\u00e9cnicos medio para el programa Experiencias Profesionales para el empleo.<\/a>\r\n\r\n&nbsp;\r\n\r\nEl Excmo. Ayuntamiento de Utrera lanza el Programa de Experiencias Profesionales que tiene por objeto promover la inserci\u00f3n laboral de las personas desempleadas, ofreci\u00e9ndoles experiencias profesionales con tutor\u00edas que les acerquen al mundo laboral, proporcion\u00e1ndoles el conocimiento de los h\u00e1bitos, pr\u00e1cticas y valores propios de los entornos laborales a los que los demandantes aspiran. El programa se estructura en forma de becas para j\u00f3venes menores de 30 a\u00f1os que sean demandantes de empleo inscritos como tales en el Servicio Andaluz de Empleo (SAE). Se conceder\u00e1n un m\u00e1ximo de 60 becas a raz\u00f3n de 5 meses de pr\u00e1cticas para cada uno de los beneficiarios.\r\n\r\nLos requisitos para poder conseguir una de estas becas son:\r\n<ul>\r\n \t<li>Tener menos de 30 a\u00f1os el d\u00eda 11 de enero de 2014, fecha de finalizaci\u00f3n del plazo de presentaci\u00f3n de solicitudes.<\/li>\r\n \t<li>Disponer de una titulaci\u00f3n universitaria o de ciclo formativo de formaci\u00f3n profesional de grado superior.<\/li>\r\n \t<li>Que no hayan transcurrido m\u00e1s de cinco a\u00f1os desde la obtenci\u00f3n de dicha titulaci\u00f3n.<\/li>\r\n \t<li>Carecer de experiencia profesional relacionada con dicha cualificaci\u00f3n.<\/li>\r\n \t<li>Tener vecindad administrativa (estar empadronado) en la ciudad de Utrera con anterioridad al d\u00eda 1 de Junio de 2013.<\/li>\r\n \t<li>No estar disfrutando de otra beca o ayuda de la misma o an\u00e1loga finalidad a la de la presente convocatoria.<\/li>\r\n \t<li>Estar inscrito como demandante de empleo a la fecha de la presente convocatoria y no haber disfrutado de relaci\u00f3n laboral dependiente o como aut\u00f3nomo con la categor\u00eda profesional del t\u00edtulo acad\u00e9mico utilizado para participar en este programa.<\/li>\r\n \t<li>No incurrir en alguna de las circunstancias recogidas en el art\u00edculo 13.2 de la Ley 38\/2003, de 17 de noviembre, General de Subvenciones, que ser\u00e1 acreditado mediante declaraci\u00f3n responsable.<\/li>\r\n \t<li>Estar al corriente en el cumplimiento de sus obligaciones tributarias y frente a la Seguridad Social.<\/li>\r\n<\/ul>\r\nJunto con la\u00a0<a title=\"SOLICITUD_BECA\" href=\"https:\/\/www.utrera.org\/opencms\/export\/sites\/default\/utrera\/galeria\/download\/SOLICITUD_BECA.pdf\" target=\"_blank\" rel=\"noopener\">solicitud<\/a>\u00a0los aspirantes deber\u00e1n presentar la siguiente documentaci\u00f3n:\r\n<ul>\r\n \t<li>Copia del t\u00edtulo acad\u00e9mico.<\/li>\r\n \t<li>Certificaci\u00f3n del expediente acad\u00e9mico (donde se indique la nota media obtenida).<\/li>\r\n \t<li>Vida laboral actualizada.<\/li>\r\n \t<li>Certificado del tiempo de permanencia en situaci\u00f3n de desempleo emitido por el Servicio Andaluz de Empleo (no es v\u00e1lida la tarjeta de demandante).<\/li>\r\n<\/ul>\r\nEl plazo de presentaci\u00f3n de solicitudes ser\u00e1 de 20 d\u00edas h\u00e1biles a partir del 17 de diciembre de 2013 (por tanto el \u00fatilo d\u00eda ser\u00e1 el 11 de enero de 2014). Las solicitudes se podr\u00e1n presentar a trav\u00e9s de la Sede Electr\u00f3nica del Excmo. Ayuntamiento de Utrera\u00a0o presencialmente en el Servicio de Atenci\u00f3n al Ciudadano (SAC) sito en Plaza de Gibaxa 1 de Utrera, o en los t\u00e9rminos previstos en el art\u00edculo 70 de la ley 30\/1992, de 26 de noviembre, de R\u00e9gimen Jur\u00eddico de las Administraciones P\u00fablicas y del procedimiento Administrativo Com\u00fan.\r\n\r\nLos beneficiarios ser\u00e1n elegidos de entre todos los solicitantes atendiendo a los siguientes criterios:\r\n<ul>\r\n \t<li>Nivel de titulaci\u00f3n.<\/li>\r\n \t<li>Expediente acad\u00e9mico.<\/li>\r\n \t<li>Tiempo de permanencia como desempleado.<\/li>\r\n<\/ul>\r\nConsulte las\u00a0<a title=\"BasesReguladorasBecasPracticasModificadas\" href=\"https:\/\/www.utrera.org\/wp-content\/uploads\/2018\/05\/BasesReguladorasBecasPracticasModificadas.pdf\" target=\"_blank\" rel=\"noopener\">Bases Completas<\/a>\u00a0de la convocatoria y para cualquier duda se puede acudir a la sede del Ayuntamiento sita en Plaza de Gibaxa 1 de Utrera o llamar al tel\u00e9fono 954860050 y contactar con la Delegaci\u00f3n de Recursos Humanos.","_et_gb_content_width":"","footnotes":""},"class_list":["post-5043","page","type-page","status-publish","hentry"],"yoast_head":"<!-- This site is optimized with the Yoast SEO plugin v27.3 - https:\/\/yoast.com\/product\/yoast-seo-wordpress\/ -->\n<title>PROGRAMA DE EXPERIENCIAS PROFESIONALES - Ayuntamiento de Utrera<\/title>\n<meta name=\"robots\" content=\"index, follow, max-snippet:-1, max-image-preview:large, max-video-preview:-1\" \/>\n<link rel=\"canonical\" href=\"https:\/\/www.utrera.org\/en\/programa-de-experiencias-profesionales\/\" \/>\n<meta property=\"og:locale\" content=\"en_GB\" \/>\n<meta property=\"og:type\" content=\"article\" \/>\n<meta property=\"og:title\" content=\"PROGRAMA DE EXPERIENCIAS PROFESIONALES - Ayuntamiento de Utrera\" \/>\n<meta property=\"og:description\" content=\"Nota Informativa Resultado Definitivo tras sorteo para desempate Baremaci\u00f3n Definitiva Baremaci\u00f3n Provisional de solicitudes admitidas Lista definitiva de admitidos y excluidos Lista provisional de admitidos y excluidos\u00a0 (plazo de reclamaci\u00f3n finalizado) Listado de requerimientos para la subsanaci\u00f3n y mejora de las solicitudes presentadas\u00a0(plazo de reclamaci\u00f3n finalizado) Oferta SAE para la selecci\u00f3n de 4 T\u00e9cnicos medio [&hellip;]\" \/>\n<meta property=\"og:url\" content=\"https:\/\/www.utrera.org\/en\/programa-de-experiencias-profesionales\/\" \/>\n<meta property=\"og:site_name\" content=\"Ayuntamiento de Utrera\" \/>\n<meta property=\"article:publisher\" content=\"https:\/\/www.facebook.com\/AyuntamientodeUtrera\/\" \/>\n<meta property=\"article:modified_time\" content=\"2019-02-20T11:13:16+00:00\" \/>\n<meta name=\"twitter:card\" content=\"summary_large_image\" \/>\n<meta name=\"twitter:site\" content=\"@CiudadUtrera\" \/>\n<meta name=\"twitter:label1\" content=\"Est. reading time\" \/>\n\t<meta name=\"twitter:data1\" content=\"3 minutes\" \/>\n<script type=\"application\/ld+json\" class=\"yoast-schema-graph\">{\"@context\":\"https:\\\/\\\/schema.org\",\"@graph\":[{\"@type\":\"WebPage\",\"@id\":\"https:\\\/\\\/www.utrera.org\\\/programa-de-experiencias-profesionales\\\/\",\"url\":\"https:\\\/\\\/www.utrera.org\\\/programa-de-experiencias-profesionales\\\/\",\"name\":\"PROGRAMA DE EXPERIENCIAS PROFESIONALES - Ayuntamiento de Utrera\",\"isPartOf\":{\"@id\":\"https:\\\/\\\/www.utrera.org\\\/#website\"},\"datePublished\":\"2018-05-10T11:12:08+00:00\",\"dateModified\":\"2019-02-20T11:13:16+00:00\",\"breadcrumb\":{\"@id\":\"https:\\\/\\\/www.utrera.org\\\/programa-de-experiencias-profesionales\\\/#breadcrumb\"},\"inLanguage\":\"en-GB\",\"potentialAction\":[{\"@type\":\"ReadAction\",\"target\":[\"https:\\\/\\\/www.utrera.org\\\/programa-de-experiencias-profesionales\\\/\"]}]},{\"@type\":\"BreadcrumbList\",\"@id\":\"https:\\\/\\\/www.utrera.org\\\/programa-de-experiencias-profesionales\\\/#breadcrumb\",\"itemListElement\":[{\"@type\":\"ListItem\",\"position\":1,\"name\":\"Inicio\",\"item\":\"https:\\\/\\\/www.utrera.org\\\/\"},{\"@type\":\"ListItem\",\"position\":2,\"name\":\"PROGRAMA DE EXPERIENCIAS PROFESIONALES\"}]},{\"@type\":\"WebSite\",\"@id\":\"https:\\\/\\\/www.utrera.org\\\/#website\",\"url\":\"https:\\\/\\\/www.utrera.org\\\/\",\"name\":\"Ayuntamiento de Utrera\",\"description\":\"Web Municipal del Ayuntamiento de Utrera\",\"potentialAction\":[{\"@type\":\"SearchAction\",\"target\":{\"@type\":\"EntryPoint\",\"urlTemplate\":\"https:\\\/\\\/www.utrera.org\\\/?s={search_term_string}\"},\"query-input\":{\"@type\":\"PropertyValueSpecification\",\"valueRequired\":true,\"valueName\":\"search_term_string\"}}],\"inLanguage\":\"en-GB\"}]}<\/script>\n<!-- \/ Yoast SEO plugin. -->","yoast_head_json":{"title":"PROGRAMA DE EXPERIENCIAS PROFESIONALES - Ayuntamiento de Utrera","robots":{"index":"index","follow":"follow","max-snippet":"max-snippet:-1","max-image-preview":"max-image-preview:large","max-video-preview":"max-video-preview:-1"},"canonical":"https:\/\/www.utrera.org\/en\/programa-de-experiencias-profesionales\/","og_locale":"en_GB","og_type":"article","og_title":"PROGRAMA DE EXPERIENCIAS PROFESIONALES - Ayuntamiento de Utrera","og_description":"Nota Informativa Resultado Definitivo tras sorteo para desempate Baremaci\u00f3n Definitiva Baremaci\u00f3n Provisional de solicitudes admitidas Lista definitiva de admitidos y excluidos Lista provisional de admitidos y excluidos\u00a0 (plazo de reclamaci\u00f3n finalizado) Listado de requerimientos para la subsanaci\u00f3n y mejora de las solicitudes presentadas\u00a0(plazo de reclamaci\u00f3n finalizado) Oferta SAE para la selecci\u00f3n de 4 T\u00e9cnicos medio [&hellip;]","og_url":"https:\/\/www.utrera.org\/en\/programa-de-experiencias-profesionales\/","og_site_name":"Ayuntamiento de Utrera","article_publisher":"https:\/\/www.facebook.com\/AyuntamientodeUtrera\/","article_modified_time":"2019-02-20T11:13:16+00:00","twitter_card":"summary_large_image","twitter_site":"@CiudadUtrera","twitter_misc":{"Est. reading time":"3 minutes"},"schema":{"@context":"https:\/\/schema.org","@graph":[{"@type":"WebPage","@id":"https:\/\/www.utrera.org\/programa-de-experiencias-profesionales\/","url":"https:\/\/www.utrera.org\/programa-de-experiencias-profesionales\/","name":"PROGRAMA DE EXPERIENCIAS PROFESIONALES - Ayuntamiento de Utrera","isPartOf":{"@id":"https:\/\/www.utrera.org\/#website"},"datePublished":"2018-05-10T11:12:08+00:00","dateModified":"2019-02-20T11:13:16+00:00","breadcrumb":{"@id":"https:\/\/www.utrera.org\/programa-de-experiencias-profesionales\/#breadcrumb"},"inLanguage":"en-GB","potentialAction":[{"@type":"ReadAction","target":["https:\/\/www.utrera.org\/programa-de-experiencias-profesionales\/"]}]},{"@type":"BreadcrumbList","@id":"https:\/\/www.utrera.org\/programa-de-experiencias-profesionales\/#breadcrumb","itemListElement":[{"@type":"ListItem","position":1,"name":"Inicio","item":"https:\/\/www.utrera.org\/"},{"@type":"ListItem","position":2,"name":"PROGRAMA DE EXPERIENCIAS PROFESIONALES"}]},{"@type":"WebSite","@id":"https:\/\/www.utrera.org\/#website","url":"https:\/\/www.utrera.org\/","name":"City Council of Utrera","description":"Web Municipal del Ayuntamiento de Utrera","potentialAction":[{"@type":"SearchAction","target":{"@type":"EntryPoint","urlTemplate":"https:\/\/www.utrera.org\/?s={search_term_string}"},"query-input":{"@type":"PropertyValueSpecification","valueRequired":true,"valueName":"search_term_string"}}],"inLanguage":"en-GB"}]}},"_links":{"self":[{"href":"https:\/\/www.utrera.org\/en\/wp-json\/wp\/v2\/pages\/5043","targetHints":{"allow":["GET"]}}],"collection":[{"href":"https:\/\/www.utrera.org\/en\/wp-json\/wp\/v2\/pages"}],"about":[{"href":"https:\/\/www.utrera.org\/en\/wp-json\/wp\/v2\/types\/page"}],"author":[{"embeddable":true,"href":"https:\/\/www.utrera.org\/en\/wp-json\/wp\/v2\/users\/2"}],"replies":[{"embeddable":true,"href":"https:\/\/www.utrera.org\/en\/wp-json\/wp\/v2\/comments?post=5043"}],"version-history":[{"count":1,"href":"https:\/\/www.utrera.org\/en\/wp-json\/wp\/v2\/pages\/5043\/revisions"}],"predecessor-version":[{"id":38652,"href":"https:\/\/www.utrera.org\/en\/wp-json\/wp\/v2\/pages\/5043\/revisions\/38652"}],"wp:attachment":[{"href":"https:\/\/www.utrera.org\/en\/wp-json\/wp\/v2\/media?parent=5043"}],"curies":[{"name":"wp","href":"https:\/\/api.w.org\/{rel}","templated":true}]}}