{"id":5036,"date":"2018-05-10T11:52:22","date_gmt":"2018-05-10T10:52:22","guid":{"rendered":"https:\/\/www.utrera.org\/?page_id=5036"},"modified":"2018-05-10T11:52:22","modified_gmt":"2018-05-10T10:52:22","slug":"orientaciones-a-la-hora-de-comprar-o-utilizar-bienes-y-servicios","status":"publish","type":"page","link":"https:\/\/www.utrera.org\/en\/orientaciones-a-la-hora-de-comprar-o-utilizar-bienes-y-servicios\/","title":{"rendered":"ORIENTACIONES A LA HORA DE COMPRAR O UTILIZAR BIENES Y SERVICIOS"},"content":{"rendered":"<p>ORIENTACIONES A LA HORA DE COMPRAR O UTILIZAR BIENES Y SERVICIOS QUE CON M\u00c1S FRECUENCIA SON OBJETO DE RECLAMAC\u00d3N EN NUESTRA OMIC<\/p>\n<p>.- VIAJES COMBINADOS:<br \/>\nLa agencia de viaje tiene la obligaci\u00f3n de facilitar al consumidor un programa o folleto informativo sobre la oferta del viaje. Gu\u00e1rdalo, te puede ser muy necesario posteriormente.<br \/>\nEl contrato debe formalizarse por escrito y tienes derecho a que te den una copia.<br \/>\nPuedes ceder gratuitamente tu reserva en el viaje combinado a otra persona.<\/p>\n<p>.- REPARACIONES DE VEH\u00cdCULOS:<br \/>\nAntes de dejar el veh\u00edculo en el taller pide presupuesto.<br \/>\nEl resguardo de dep\u00f3sito, en el que constar\u00e1 fecha, hora y condiciones en las que fue entregado el veh\u00edculo, entre otros datos, es exigible al taller cuando lo dejes para su reparaci\u00f3n.<br \/>\nAl entregarte el veh\u00edculo reparado, pide las piezas o conjuntos que hayan sido sustituidos.<\/p>\n<p>.- TINTORER\u00cdAS:<br \/>\nCuando entregues una prenda para su limpieza, te tienen que dar un resguardo; en \u00e9l pod\u00e9is recoger el precio que hay\u00e1is acordado como indemnizaci\u00f3n en el caso de que \u00e9sta sufra desperfectos.<br \/>\nPara retirar el art\u00edculo, dispones de un plazo de tres meses.<br \/>\nLas tarifas que apliquen deben estar visibles para los usuarios.<\/p>\n<p>&nbsp;<\/p>\n<p>.- TELEFON\u00cdA FIJA:<br \/>\nCuando solicitamos el alta o traslado de una l\u00ednea fija, existe un plazo m\u00e1ximo de 60 d\u00edas para que se lleve a efecto.<br \/>\nLos operadores tienen la obligaci\u00f3n de informarnos de forma suficiente, veraz, y clara sobre el contenido del contrato que celebremos con ellos.<br \/>\nSi decidimos resolver un contrato, deber\u00e1 surtir efecto como m\u00e1ximo a los 15 d\u00edas de hab\u00e9rselo comunicado al operador.<\/p>\n<p>.- TELEFON\u00cdA M\u00d3VIL:<br \/>\nAntes de contratar, inf\u00f3rmate bien de todas las condiciones y prestaciones del servicio.<br \/>\nPide copia de tu contrato.<br \/>\nSi presentas reclamaci\u00f3n por v\u00eda telef\u00f3nica, pide el n\u00famero de referencia de la misma, y se decides darte de baja, guarda el justificante de la misma.<\/p>\n<p>.- VIVIENDA:<br \/>\nAntes de comprar, pide toda la informaci\u00f3n a que tienes derecho; el vendedor tiene que facilitarte el documento informativo abreviado.<br \/>\nLee detenidamente el contrato antes de su firma, asegur\u00e1ndote de que no contiene ninguna cl\u00e1usula abusiva.<br \/>\nLa fecha de entrega de la vivienda debe estar recogida en el contrato.<\/p>\n<p>.- GARANT\u00cdA:<br \/>\nSiempre que compres un art\u00edculo, conserva la factura o tique de compra.<br \/>\nEl responsable de cubrir la garant\u00eda de un art\u00edculo es el vendedor, por lo que no podr\u00e1 remitir al consumidor a la marca.<br \/>\nSi existe una falta de conformidad del bien durante los primeros seis meses desde su compra, se supone que \u00e9sta exist\u00eda ya en el momento de su adquisici\u00f3n.<\/p>","protected":false},"excerpt":{"rendered":"<p>ORIENTACIONES A LA HORA DE COMPRAR O UTILIZAR BIENES Y SERVICIOS QUE CON M\u00c1S FRECUENCIA SON OBJETO DE RECLAMAC\u00d3N EN NUESTRA OMIC .- VIAJES COMBINADOS: La agencia de viaje tiene la obligaci\u00f3n de facilitar al consumidor un programa o folleto informativo sobre la oferta del viaje. Gu\u00e1rdalo, te puede ser muy necesario posteriormente. El contrato [&hellip;]<\/p>\n","protected":false},"author":2,"featured_media":0,"parent":0,"menu_order":0,"comment_status":"closed","ping_status":"closed","template":"","meta":{"_et_pb_use_builder":"","_et_pb_old_content":"","_et_gb_content_width":"","footnotes":""},"class_list":["post-5036","page","type-page","status-publish","hentry"],"yoast_head":"<!-- This site is optimized with the Yoast SEO plugin v27.3 - https:\/\/yoast.com\/product\/yoast-seo-wordpress\/ -->\n<title>ORIENTACIONES A LA HORA DE COMPRAR O UTILIZAR BIENES Y SERVICIOS - Ayuntamiento de Utrera<\/title>\n<meta name=\"robots\" content=\"index, follow, max-snippet:-1, max-image-preview:large, max-video-preview:-1\" \/>\n<link rel=\"canonical\" href=\"https:\/\/www.utrera.org\/en\/orientaciones-a-la-hora-de-comprar-o-utilizar-bienes-y-servicios\/\" \/>\n<meta property=\"og:locale\" content=\"en_GB\" \/>\n<meta property=\"og:type\" content=\"article\" \/>\n<meta property=\"og:title\" content=\"ORIENTACIONES A LA HORA DE COMPRAR O UTILIZAR BIENES Y SERVICIOS - Ayuntamiento de Utrera\" \/>\n<meta property=\"og:description\" content=\"ORIENTACIONES A LA HORA DE COMPRAR O UTILIZAR BIENES Y SERVICIOS QUE CON M\u00c1S FRECUENCIA SON OBJETO DE RECLAMAC\u00d3N EN NUESTRA OMIC .- VIAJES COMBINADOS: La agencia de viaje tiene la obligaci\u00f3n de facilitar al consumidor un programa o folleto informativo sobre la oferta del viaje. Gu\u00e1rdalo, te puede ser muy necesario posteriormente. El contrato [&hellip;]\" \/>\n<meta property=\"og:url\" content=\"https:\/\/www.utrera.org\/en\/orientaciones-a-la-hora-de-comprar-o-utilizar-bienes-y-servicios\/\" \/>\n<meta property=\"og:site_name\" content=\"Ayuntamiento de Utrera\" \/>\n<meta property=\"article:publisher\" content=\"https:\/\/www.facebook.com\/AyuntamientodeUtrera\/\" \/>\n<meta name=\"twitter:card\" content=\"summary_large_image\" \/>\n<meta name=\"twitter:site\" content=\"@CiudadUtrera\" \/>\n<meta name=\"twitter:label1\" content=\"Est. reading time\" \/>\n\t<meta name=\"twitter:data1\" content=\"2 minutes\" \/>\n<script type=\"application\/ld+json\" class=\"yoast-schema-graph\">{\"@context\":\"https:\\\/\\\/schema.org\",\"@graph\":[{\"@type\":\"WebPage\",\"@id\":\"https:\\\/\\\/www.utrera.org\\\/orientaciones-a-la-hora-de-comprar-o-utilizar-bienes-y-servicios\\\/\",\"url\":\"https:\\\/\\\/www.utrera.org\\\/orientaciones-a-la-hora-de-comprar-o-utilizar-bienes-y-servicios\\\/\",\"name\":\"ORIENTACIONES A LA HORA DE COMPRAR O UTILIZAR BIENES Y SERVICIOS - Ayuntamiento de Utrera\",\"isPartOf\":{\"@id\":\"https:\\\/\\\/www.utrera.org\\\/#website\"},\"datePublished\":\"2018-05-10T10:52:22+00:00\",\"breadcrumb\":{\"@id\":\"https:\\\/\\\/www.utrera.org\\\/orientaciones-a-la-hora-de-comprar-o-utilizar-bienes-y-servicios\\\/#breadcrumb\"},\"inLanguage\":\"en-GB\",\"potentialAction\":[{\"@type\":\"ReadAction\",\"target\":[\"https:\\\/\\\/www.utrera.org\\\/orientaciones-a-la-hora-de-comprar-o-utilizar-bienes-y-servicios\\\/\"]}]},{\"@type\":\"BreadcrumbList\",\"@id\":\"https:\\\/\\\/www.utrera.org\\\/orientaciones-a-la-hora-de-comprar-o-utilizar-bienes-y-servicios\\\/#breadcrumb\",\"itemListElement\":[{\"@type\":\"ListItem\",\"position\":1,\"name\":\"Inicio\",\"item\":\"https:\\\/\\\/www.utrera.org\\\/\"},{\"@type\":\"ListItem\",\"position\":2,\"name\":\"ORIENTACIONES A LA HORA DE COMPRAR O UTILIZAR BIENES Y SERVICIOS\"}]},{\"@type\":\"WebSite\",\"@id\":\"https:\\\/\\\/www.utrera.org\\\/#website\",\"url\":\"https:\\\/\\\/www.utrera.org\\\/\",\"name\":\"Ayuntamiento de Utrera\",\"description\":\"Web Municipal del Ayuntamiento de Utrera\",\"potentialAction\":[{\"@type\":\"SearchAction\",\"target\":{\"@type\":\"EntryPoint\",\"urlTemplate\":\"https:\\\/\\\/www.utrera.org\\\/?s={search_term_string}\"},\"query-input\":{\"@type\":\"PropertyValueSpecification\",\"valueRequired\":true,\"valueName\":\"search_term_string\"}}],\"inLanguage\":\"en-GB\"}]}<\/script>\n<!-- \/ Yoast SEO plugin. -->","yoast_head_json":{"title":"ORIENTACIONES A LA HORA DE COMPRAR O UTILIZAR BIENES Y SERVICIOS - Ayuntamiento de Utrera","robots":{"index":"index","follow":"follow","max-snippet":"max-snippet:-1","max-image-preview":"max-image-preview:large","max-video-preview":"max-video-preview:-1"},"canonical":"https:\/\/www.utrera.org\/en\/orientaciones-a-la-hora-de-comprar-o-utilizar-bienes-y-servicios\/","og_locale":"en_GB","og_type":"article","og_title":"ORIENTACIONES A LA HORA DE COMPRAR O UTILIZAR BIENES Y SERVICIOS - Ayuntamiento de Utrera","og_description":"ORIENTACIONES A LA HORA DE COMPRAR O UTILIZAR BIENES Y SERVICIOS QUE CON M\u00c1S FRECUENCIA SON OBJETO DE RECLAMAC\u00d3N EN NUESTRA OMIC .- VIAJES COMBINADOS: La agencia de viaje tiene la obligaci\u00f3n de facilitar al consumidor un programa o folleto informativo sobre la oferta del viaje. Gu\u00e1rdalo, te puede ser muy necesario posteriormente. El contrato [&hellip;]","og_url":"https:\/\/www.utrera.org\/en\/orientaciones-a-la-hora-de-comprar-o-utilizar-bienes-y-servicios\/","og_site_name":"Ayuntamiento de Utrera","article_publisher":"https:\/\/www.facebook.com\/AyuntamientodeUtrera\/","twitter_card":"summary_large_image","twitter_site":"@CiudadUtrera","twitter_misc":{"Est. reading time":"2 minutes"},"schema":{"@context":"https:\/\/schema.org","@graph":[{"@type":"WebPage","@id":"https:\/\/www.utrera.org\/orientaciones-a-la-hora-de-comprar-o-utilizar-bienes-y-servicios\/","url":"https:\/\/www.utrera.org\/orientaciones-a-la-hora-de-comprar-o-utilizar-bienes-y-servicios\/","name":"ORIENTACIONES A LA HORA DE COMPRAR O UTILIZAR BIENES Y SERVICIOS - Ayuntamiento de Utrera","isPartOf":{"@id":"https:\/\/www.utrera.org\/#website"},"datePublished":"2018-05-10T10:52:22+00:00","breadcrumb":{"@id":"https:\/\/www.utrera.org\/orientaciones-a-la-hora-de-comprar-o-utilizar-bienes-y-servicios\/#breadcrumb"},"inLanguage":"en-GB","potentialAction":[{"@type":"ReadAction","target":["https:\/\/www.utrera.org\/orientaciones-a-la-hora-de-comprar-o-utilizar-bienes-y-servicios\/"]}]},{"@type":"BreadcrumbList","@id":"https:\/\/www.utrera.org\/orientaciones-a-la-hora-de-comprar-o-utilizar-bienes-y-servicios\/#breadcrumb","itemListElement":[{"@type":"ListItem","position":1,"name":"Inicio","item":"https:\/\/www.utrera.org\/"},{"@type":"ListItem","position":2,"name":"ORIENTACIONES A LA HORA DE COMPRAR O UTILIZAR BIENES Y SERVICIOS"}]},{"@type":"WebSite","@id":"https:\/\/www.utrera.org\/#website","url":"https:\/\/www.utrera.org\/","name":"City Council of Utrera","description":"Web Municipal del Ayuntamiento de Utrera","potentialAction":[{"@type":"SearchAction","target":{"@type":"EntryPoint","urlTemplate":"https:\/\/www.utrera.org\/?s={search_term_string}"},"query-input":{"@type":"PropertyValueSpecification","valueRequired":true,"valueName":"search_term_string"}}],"inLanguage":"en-GB"}]}},"_links":{"self":[{"href":"https:\/\/www.utrera.org\/en\/wp-json\/wp\/v2\/pages\/5036","targetHints":{"allow":["GET"]}}],"collection":[{"href":"https:\/\/www.utrera.org\/en\/wp-json\/wp\/v2\/pages"}],"about":[{"href":"https:\/\/www.utrera.org\/en\/wp-json\/wp\/v2\/types\/page"}],"author":[{"embeddable":true,"href":"https:\/\/www.utrera.org\/en\/wp-json\/wp\/v2\/users\/2"}],"replies":[{"embeddable":true,"href":"https:\/\/www.utrera.org\/en\/wp-json\/wp\/v2\/comments?post=5036"}],"version-history":[{"count":0,"href":"https:\/\/www.utrera.org\/en\/wp-json\/wp\/v2\/pages\/5036\/revisions"}],"wp:attachment":[{"href":"https:\/\/www.utrera.org\/en\/wp-json\/wp\/v2\/media?parent=5036"}],"curies":[{"name":"wp","href":"https:\/\/api.w.org\/{rel}","templated":true}]}}