{"id":5023,"date":"2018-05-10T11:42:27","date_gmt":"2018-05-10T10:42:27","guid":{"rendered":"https:\/\/www.utrera.org\/?page_id=5023"},"modified":"2018-05-10T11:43:58","modified_gmt":"2018-05-10T10:43:58","slug":"programa-de-ayuda-a-la-contratacion","status":"publish","type":"page","link":"https:\/\/www.utrera.org\/en\/programa-de-ayuda-a-la-contratacion\/","title":{"rendered":"PROGRAMA DE AYUDA A LA CONTRATACI\u00d3N"},"content":{"rendered":"<p>CONVOCATORIA P\u00daBLICA PARA LA PARTICIPACI\u00d3N EN EL PROGRAMA DE AYUDA A LA CONTRATACI\u00d3N DEL AYUNTAMIENTO DE UTRERA.-<\/p>\n<p>La presente Convocatoria tiene por objeto establecer el procedimiento para acogerse a la contrataci\u00f3n financiada con cargo al Programa de Ayuda a la Contrataci\u00f3n regulado en el Decreto Ley 8\/2014, de 10 de junio, de medidas extraordinarias y urgentes para la inclusi\u00f3n social a trav\u00e9s del empleo y el fomento de la solidaridad en Andaluc\u00eda.<\/p>\n<p><a title=\"PACDecreto2014\" href=\"https:\/\/www.utrera.org\/wp-content\/uploads\/2018\/05\/PACDecreto2014.pdf\" target=\"_blank\" rel=\"noopener\">DECRETO DEL PROGRAMA<\/a><\/p>\n<p><a title=\"PACBases2014\" href=\"https:\/\/www.utrera.org\/wp-content\/uploads\/2018\/05\/PACBases2014.pdf\" target=\"_blank\" rel=\"noopener\">BASES DE LA CONVOCATORIA<\/a><\/p>\n<p><a title=\"PAC2014AnuncioPropuestaProvisionalFirmado\" href=\"https:\/\/www.utrera.org\/wp-content\/uploads\/2018\/05\/PAC2014AnuncioPropuestaProvisionalFirmado.pdf\" target=\"_blank\" rel=\"noopener\">LISTADO PROVISIONAL DE ADMITIDOS, EXCLUIDOS Y DESISTIDOS<\/a>\u00a0(Plazo para presentar alegaciones: desde el 22 hasta el 24 de Diciembre de 2014 &#8211; ambos inclusive)<\/p>\n<p><a title=\"PAC2014AnuncioResolucionDefinitivaFirmado\" href=\"https:\/\/www.utrera.org\/wp-content\/uploads\/2018\/05\/PAC2014AnuncioResolucionDefinitivaFirmado.pdf\" target=\"_blank\" rel=\"noopener\">RESOLUCION DEFINITIVA<\/a><\/p>","protected":false},"excerpt":{"rendered":"<p>CONVOCATORIA P\u00daBLICA PARA LA PARTICIPACI\u00d3N EN EL PROGRAMA DE AYUDA A LA CONTRATACI\u00d3N DEL AYUNTAMIENTO DE UTRERA.- La presente Convocatoria tiene por objeto establecer el procedimiento para acogerse a la contrataci\u00f3n financiada con cargo al Programa de Ayuda a la Contrataci\u00f3n regulado en el Decreto Ley 8\/2014, de 10 de junio, de medidas extraordinarias y [&hellip;]<\/p>\n","protected":false},"author":2,"featured_media":0,"parent":0,"menu_order":0,"comment_status":"closed","ping_status":"closed","template":"","meta":{"_et_pb_use_builder":"","_et_pb_old_content":"","_et_gb_content_width":"","footnotes":""},"class_list":["post-5023","page","type-page","status-publish","hentry"],"yoast_head":"<!-- This site is optimized with the Yoast SEO plugin v27.3 - https:\/\/yoast.com\/product\/yoast-seo-wordpress\/ -->\n<title>PROGRAMA DE AYUDA A LA CONTRATACI\u00d3N - Ayuntamiento de Utrera<\/title>\n<meta name=\"robots\" content=\"index, follow, max-snippet:-1, max-image-preview:large, max-video-preview:-1\" \/>\n<link rel=\"canonical\" href=\"https:\/\/www.utrera.org\/en\/programa-de-ayuda-a-la-contratacion\/\" \/>\n<meta property=\"og:locale\" content=\"en_GB\" \/>\n<meta property=\"og:type\" content=\"article\" \/>\n<meta property=\"og:title\" content=\"PROGRAMA DE AYUDA A LA CONTRATACI\u00d3N - Ayuntamiento de Utrera\" \/>\n<meta property=\"og:description\" content=\"CONVOCATORIA P\u00daBLICA PARA LA PARTICIPACI\u00d3N EN EL PROGRAMA DE AYUDA A LA CONTRATACI\u00d3N DEL AYUNTAMIENTO DE UTRERA.- La presente Convocatoria tiene por objeto establecer el procedimiento para acogerse a la contrataci\u00f3n financiada con cargo al Programa de Ayuda a la Contrataci\u00f3n regulado en el Decreto Ley 8\/2014, de 10 de junio, de medidas extraordinarias y [&hellip;]\" \/>\n<meta property=\"og:url\" content=\"https:\/\/www.utrera.org\/en\/programa-de-ayuda-a-la-contratacion\/\" \/>\n<meta property=\"og:site_name\" content=\"Ayuntamiento de Utrera\" \/>\n<meta property=\"article:publisher\" content=\"https:\/\/www.facebook.com\/AyuntamientodeUtrera\/\" \/>\n<meta property=\"article:modified_time\" content=\"2018-05-10T10:43:58+00:00\" \/>\n<meta name=\"twitter:card\" content=\"summary_large_image\" \/>\n<meta name=\"twitter:site\" content=\"@CiudadUtrera\" \/>\n<meta name=\"twitter:label1\" content=\"Est. reading time\" \/>\n\t<meta name=\"twitter:data1\" content=\"1 minute\" \/>\n<script type=\"application\/ld+json\" class=\"yoast-schema-graph\">{\"@context\":\"https:\\\/\\\/schema.org\",\"@graph\":[{\"@type\":\"WebPage\",\"@id\":\"https:\\\/\\\/www.utrera.org\\\/programa-de-ayuda-a-la-contratacion\\\/\",\"url\":\"https:\\\/\\\/www.utrera.org\\\/programa-de-ayuda-a-la-contratacion\\\/\",\"name\":\"PROGRAMA DE AYUDA A LA CONTRATACI\u00d3N - Ayuntamiento de Utrera\",\"isPartOf\":{\"@id\":\"https:\\\/\\\/www.utrera.org\\\/#website\"},\"datePublished\":\"2018-05-10T10:42:27+00:00\",\"dateModified\":\"2018-05-10T10:43:58+00:00\",\"breadcrumb\":{\"@id\":\"https:\\\/\\\/www.utrera.org\\\/programa-de-ayuda-a-la-contratacion\\\/#breadcrumb\"},\"inLanguage\":\"en-GB\",\"potentialAction\":[{\"@type\":\"ReadAction\",\"target\":[\"https:\\\/\\\/www.utrera.org\\\/programa-de-ayuda-a-la-contratacion\\\/\"]}]},{\"@type\":\"BreadcrumbList\",\"@id\":\"https:\\\/\\\/www.utrera.org\\\/programa-de-ayuda-a-la-contratacion\\\/#breadcrumb\",\"itemListElement\":[{\"@type\":\"ListItem\",\"position\":1,\"name\":\"Inicio\",\"item\":\"https:\\\/\\\/www.utrera.org\\\/\"},{\"@type\":\"ListItem\",\"position\":2,\"name\":\"PROGRAMA DE AYUDA A LA CONTRATACI\u00d3N\"}]},{\"@type\":\"WebSite\",\"@id\":\"https:\\\/\\\/www.utrera.org\\\/#website\",\"url\":\"https:\\\/\\\/www.utrera.org\\\/\",\"name\":\"Ayuntamiento de Utrera\",\"description\":\"Web Municipal del Ayuntamiento de Utrera\",\"potentialAction\":[{\"@type\":\"SearchAction\",\"target\":{\"@type\":\"EntryPoint\",\"urlTemplate\":\"https:\\\/\\\/www.utrera.org\\\/?s={search_term_string}\"},\"query-input\":{\"@type\":\"PropertyValueSpecification\",\"valueRequired\":true,\"valueName\":\"search_term_string\"}}],\"inLanguage\":\"en-GB\"}]}<\/script>\n<!-- \/ Yoast SEO plugin. -->","yoast_head_json":{"title":"PROGRAMA DE AYUDA A LA CONTRATACI\u00d3N - Ayuntamiento de Utrera","robots":{"index":"index","follow":"follow","max-snippet":"max-snippet:-1","max-image-preview":"max-image-preview:large","max-video-preview":"max-video-preview:-1"},"canonical":"https:\/\/www.utrera.org\/en\/programa-de-ayuda-a-la-contratacion\/","og_locale":"en_GB","og_type":"article","og_title":"PROGRAMA DE AYUDA A LA CONTRATACI\u00d3N - Ayuntamiento de Utrera","og_description":"CONVOCATORIA P\u00daBLICA PARA LA PARTICIPACI\u00d3N EN EL PROGRAMA DE AYUDA A LA CONTRATACI\u00d3N DEL AYUNTAMIENTO DE UTRERA.- La presente Convocatoria tiene por objeto establecer el procedimiento para acogerse a la contrataci\u00f3n financiada con cargo al Programa de Ayuda a la Contrataci\u00f3n regulado en el Decreto Ley 8\/2014, de 10 de junio, de medidas extraordinarias y [&hellip;]","og_url":"https:\/\/www.utrera.org\/en\/programa-de-ayuda-a-la-contratacion\/","og_site_name":"Ayuntamiento de Utrera","article_publisher":"https:\/\/www.facebook.com\/AyuntamientodeUtrera\/","article_modified_time":"2018-05-10T10:43:58+00:00","twitter_card":"summary_large_image","twitter_site":"@CiudadUtrera","twitter_misc":{"Est. reading time":"1 minute"},"schema":{"@context":"https:\/\/schema.org","@graph":[{"@type":"WebPage","@id":"https:\/\/www.utrera.org\/programa-de-ayuda-a-la-contratacion\/","url":"https:\/\/www.utrera.org\/programa-de-ayuda-a-la-contratacion\/","name":"PROGRAMA DE AYUDA A LA CONTRATACI\u00d3N - Ayuntamiento de Utrera","isPartOf":{"@id":"https:\/\/www.utrera.org\/#website"},"datePublished":"2018-05-10T10:42:27+00:00","dateModified":"2018-05-10T10:43:58+00:00","breadcrumb":{"@id":"https:\/\/www.utrera.org\/programa-de-ayuda-a-la-contratacion\/#breadcrumb"},"inLanguage":"en-GB","potentialAction":[{"@type":"ReadAction","target":["https:\/\/www.utrera.org\/programa-de-ayuda-a-la-contratacion\/"]}]},{"@type":"BreadcrumbList","@id":"https:\/\/www.utrera.org\/programa-de-ayuda-a-la-contratacion\/#breadcrumb","itemListElement":[{"@type":"ListItem","position":1,"name":"Inicio","item":"https:\/\/www.utrera.org\/"},{"@type":"ListItem","position":2,"name":"PROGRAMA DE AYUDA A LA CONTRATACI\u00d3N"}]},{"@type":"WebSite","@id":"https:\/\/www.utrera.org\/#website","url":"https:\/\/www.utrera.org\/","name":"City Council of Utrera","description":"Web Municipal del Ayuntamiento de Utrera","potentialAction":[{"@type":"SearchAction","target":{"@type":"EntryPoint","urlTemplate":"https:\/\/www.utrera.org\/?s={search_term_string}"},"query-input":{"@type":"PropertyValueSpecification","valueRequired":true,"valueName":"search_term_string"}}],"inLanguage":"en-GB"}]}},"_links":{"self":[{"href":"https:\/\/www.utrera.org\/en\/wp-json\/wp\/v2\/pages\/5023","targetHints":{"allow":["GET"]}}],"collection":[{"href":"https:\/\/www.utrera.org\/en\/wp-json\/wp\/v2\/pages"}],"about":[{"href":"https:\/\/www.utrera.org\/en\/wp-json\/wp\/v2\/types\/page"}],"author":[{"embeddable":true,"href":"https:\/\/www.utrera.org\/en\/wp-json\/wp\/v2\/users\/2"}],"replies":[{"embeddable":true,"href":"https:\/\/www.utrera.org\/en\/wp-json\/wp\/v2\/comments?post=5023"}],"version-history":[{"count":0,"href":"https:\/\/www.utrera.org\/en\/wp-json\/wp\/v2\/pages\/5023\/revisions"}],"wp:attachment":[{"href":"https:\/\/www.utrera.org\/en\/wp-json\/wp\/v2\/media?parent=5023"}],"curies":[{"name":"wp","href":"https:\/\/api.w.org\/{rel}","templated":true}]}}