{"id":5005,"date":"2018-05-10T10:12:54","date_gmt":"2018-05-10T09:12:54","guid":{"rendered":"https:\/\/www.utrera.org\/?page_id=5005"},"modified":"2018-05-10T12:17:13","modified_gmt":"2018-05-10T11:17:13","slug":"utrera-ante-las-drogas","status":"publish","type":"page","link":"https:\/\/www.utrera.org\/en\/utrera-ante-las-drogas\/","title":{"rendered":"UTRERA ANTE LAS DROGAS"},"content":{"rendered":"<p><i><b>\u00bfQU\u00c9 ES?<\/b><\/i><br \/>\n\u201cUtrera ante las Drogas\u201d es un proyecto municipal destinado a la\u00a0<b>PREVENCI\u00d3N\u00a0<\/b>\u00a0del consumo de\u00a0<b>DROGAS<\/b>\u00a0y\u00a0\u00a0<b>ADICCIONES y CONDUCTAS DE RIESGO<\/b>. \u00a0Se desarrolla en colaboraci\u00f3n con la Diputaci\u00f3n de Sevilla y la Junta de Andaluc\u00eda.<\/p>\n<p><i><b>\u00bf A QUI\u00c9N VA DESTINADO?<\/b><\/i><br \/>\nSus actuaciones se dirigen a todo el pueblo de Utrera y sus pedan\u00edas, centr\u00e1ndose especialmente en los m\u00e1s j\u00f3venes y las familias.<\/p>\n<p><i><b>\u00bfCU\u00c1LES SON SUS OBJETIVOS?<\/b><\/i><br \/>\nObjetivos Generales :<br \/>\n&#8211; Fomentar la implicaci\u00f3n y participaci\u00f3n de la poblaci\u00f3n en la construcci\u00f3n de una ciudad donde no se promocione el consumo de ning\u00fan<br \/>\ntipo de drogas y promocionar un estilo de vida sano.<br \/>\n&#8211; Promover cambios de actitudes y comportamientos en la poblaci\u00f3n utrerana, reduciendo riesgos y aumentando su\u00a0 protecci\u00f3n.<\/p>\n<p><i><b>\u00bfQU\u00c9 ACTIVIDADES REALIZA?<\/b><\/i><br \/>\nDesde el programa \u201cUtrera ante las drogas\u201d se llevan a cabo actividades en distintos \u00e1mbitos :<\/p>\n<p><b>\u00c1mbito educativo<\/b>:<\/p>\n<p>-Charlas de la Polic\u00eda Local de nuestro ayuntamiento \u00a0dirigidas a\u00a0los adolescentes de la E.S.O\u00a0de nuestro municipio sobre el qu\u00e9 hacer policial ante situaciones de menores y consumo de drogas .<\/p>\n<p>&#8211; Promocionar que desde la escuela se pongan en marcha los programas homologados por la Consejer\u00eda de Educaci\u00f3n, en materia de prevenci\u00f3n de drogodependencias y adicciones, llevados a cabo por el profesorado.<\/p>\n<p><b>\u00a0\u00c1mbito comunitario:<\/b><\/p>\n<p><b>&#8211;<\/b>\u00a0Se realiza actividad preventiva\u00a0 en coordinaci\u00f3n con las matronas del Centro de Salud Norte \u00a0en relaci\u00f3n embarazo y entorno fumador.<\/p>\n<p>-Se celebra el d\u00eda mundial sin tabaco.<\/p>\n<p>&#8211; Actividades\u00a0de ocio alternativas al consumo \u00a0: gymkhanas, escuela de verano, actividades en la piscina municipal, viajes de fin de semana destinado a la diversi\u00f3n sin drogas, obras de teatro relacionadas con la tem\u00e1tica, participaci\u00f3n en de las miniolimpiadas como apoyo y fomento del deporte y vida sana, carreras de obst\u00e1culos nocturnas,\u00a0etc.<\/p>\n<p>&#8211; Reparto de pegatinas por todos los bares y quioscos de Utrera que regulan la venta o suministro de bebidas alcoh\u00f3licas a menores de 18 a\u00f1os.<\/p>\n<p>-Reparto y colocaci\u00f3n en supermercados de carteles para que llos mayores de edad no les pase por caja alcohol a menores.<\/p>\n<p><b>\u00c1mbito de la seguridad vial:<\/b><\/p>\n<p>&#8211; Se realizan controles de alcoholemia y entrega de regalos por parte de la polic\u00eda local y guardia civil de tr\u00e1fico, dirigidos a todas aquellas personas conductoras que no den resultados positivos.<\/p>\n<p>-Se organizan cursos sobre drogas y adicciones\u00a0 para la polic\u00eda local y\u00a0 la guardia civil.<\/p>\n<p><b>\u00c1mbito Institucional<\/b>\u00a0:<\/p>\n<p>-Se trabaja para que participen o colaboren en materia de prevenci\u00f3n, todos los organismos y entidades p\u00fablicas o privadas\u00a0 que directa o indirectamente est\u00e9n relacionados con juventud y drogas.<\/p>\n<p><b>\u00c1mbito familiar:<\/b><\/p>\n<p>-Se organizan cursos para padres de ni\u00f1os y ni\u00f1as matriculados en Infantil o Primaria de Utrera y pedan\u00edas\u00a0 sobre la educaci\u00f3n de sus hijos. En ellos se tratan temas como la comunicaci\u00f3n , las normas, los l\u00edmites, los valores, educar para la autinom\u00eda,etc.<\/p>\n<p>-Se organizan cursos para padres de pre-adolescentes y adolescentes. En ellos se le dotan a los padres de un amplio conocimiento para comprender mejor a su hijo\/a, pautas para el d\u00eda a d\u00eda, las redes sociales (facebook, tuenti,etc), las amistades, la diversi\u00f3n etc.<\/p>\n<p><i><b>\u00bfD\u00d3NDE SE ENCUENTRA?\u00a0<\/b><\/i><\/p>\n<p>En la \u00a0Delegaci\u00f3n\u00a0 Municipal de Servicios Sociales del Excmo. Ayto. de Utrera , c\/ Catalina de Perea, 32. Tlf y Fax: 955867854- 955867940.<\/p>\n<p><u><strong>CURSOS PARA PADRES 2.015<\/strong><\/u><\/p>\n<p>-CONTENIDO DEL CURSO\u00a0 PARA PADRES DE INFANTIL Y PRIMARIA:<\/p>\n<p><a title=\"Primaria1\" href=\"https:\/\/www.utrera.org\/wp-content\/uploads\/2018\/05\/Primaria1.pdf\" target=\"_blank\" rel=\"noopener\">Primaria1\u00a0<\/a><\/p>\n<p><a title=\"Primaria2\" href=\"https:\/\/www.utrera.org\/wp-content\/uploads\/2018\/05\/Primaria2.pdf\" target=\"_blank\" rel=\"noopener\">Primaria2<\/a><\/p>\n<p><a title=\"Primaria3\" href=\"https:\/\/www.utrera.org\/wp-content\/uploads\/2018\/05\/Primaria3.pdf\" target=\"_blank\" rel=\"noopener\">Primaria3<\/a><\/p>\n<p><a title=\"Primaria4\" href=\"https:\/\/www.utrera.org\/wp-content\/uploads\/2018\/05\/Primaria4.pdf\" target=\"_blank\" rel=\"noopener\">Primaria4<\/a><\/p>\n<p>-CONTENIDO DEL CURSO PARA PADRES DE ADOLESCENTES:<\/p>\n<p><a title=\"Adolescentes1\" href=\"https:\/\/www.utrera.org\/wp-content\/uploads\/2018\/05\/Adolescentes1.pdf\" target=\"_blank\" rel=\"noopener\">Adolescentes1<\/a><\/p>\n<p><a title=\"Adolescentes2\" href=\"https:\/\/www.utrera.org\/wp-content\/uploads\/2018\/05\/Adolescentes2.pdf\" target=\"_blank\" rel=\"noopener\">Adolescentes2<\/a><\/p>","protected":false},"excerpt":{"rendered":"<p>\u00bfQU\u00c9 ES? \u201cUtrera ante las Drogas\u201d es un proyecto municipal destinado a la\u00a0PREVENCI\u00d3N\u00a0\u00a0del consumo de\u00a0DROGAS\u00a0y\u00a0\u00a0ADICCIONES y CONDUCTAS DE RIESGO. \u00a0Se desarrolla en colaboraci\u00f3n con la Diputaci\u00f3n de Sevilla y la Junta de Andaluc\u00eda. \u00bf A QUI\u00c9N VA DESTINADO? Sus actuaciones se dirigen a todo el pueblo de Utrera y sus pedan\u00edas, centr\u00e1ndose especialmente en los [&hellip;]<\/p>\n","protected":false},"author":2,"featured_media":0,"parent":0,"menu_order":0,"comment_status":"closed","ping_status":"closed","template":"","meta":{"_et_pb_use_builder":"","_et_pb_old_content":"","_et_gb_content_width":"","footnotes":""},"class_list":["post-5005","page","type-page","status-publish","hentry"],"yoast_head":"<!-- This site is optimized with the Yoast SEO plugin v27.3 - https:\/\/yoast.com\/product\/yoast-seo-wordpress\/ -->\n<title>UTRERA ANTE LAS DROGAS - Ayuntamiento de Utrera<\/title>\n<meta name=\"robots\" content=\"index, follow, max-snippet:-1, max-image-preview:large, max-video-preview:-1\" \/>\n<link rel=\"canonical\" href=\"https:\/\/www.utrera.org\/en\/utrera-ante-las-drogas\/\" \/>\n<meta property=\"og:locale\" content=\"en_GB\" \/>\n<meta property=\"og:type\" content=\"article\" \/>\n<meta property=\"og:title\" content=\"UTRERA ANTE LAS DROGAS - Ayuntamiento de Utrera\" \/>\n<meta property=\"og:description\" content=\"\u00bfQU\u00c9 ES? \u201cUtrera ante las Drogas\u201d es un proyecto municipal destinado a la\u00a0PREVENCI\u00d3N\u00a0\u00a0del consumo de\u00a0DROGAS\u00a0y\u00a0\u00a0ADICCIONES y CONDUCTAS DE RIESGO. \u00a0Se desarrolla en colaboraci\u00f3n con la Diputaci\u00f3n de Sevilla y la Junta de Andaluc\u00eda. \u00bf A QUI\u00c9N VA DESTINADO? Sus actuaciones se dirigen a todo el pueblo de Utrera y sus pedan\u00edas, centr\u00e1ndose especialmente en los [&hellip;]\" \/>\n<meta property=\"og:url\" content=\"https:\/\/www.utrera.org\/en\/utrera-ante-las-drogas\/\" \/>\n<meta property=\"og:site_name\" content=\"Ayuntamiento de Utrera\" \/>\n<meta property=\"article:publisher\" content=\"https:\/\/www.facebook.com\/AyuntamientodeUtrera\/\" \/>\n<meta property=\"article:modified_time\" content=\"2018-05-10T11:17:13+00:00\" \/>\n<meta name=\"twitter:card\" content=\"summary_large_image\" \/>\n<meta name=\"twitter:site\" content=\"@CiudadUtrera\" \/>\n<meta name=\"twitter:label1\" content=\"Est. reading time\" \/>\n\t<meta name=\"twitter:data1\" content=\"3 minutes\" \/>\n<script type=\"application\/ld+json\" class=\"yoast-schema-graph\">{\"@context\":\"https:\\\/\\\/schema.org\",\"@graph\":[{\"@type\":\"WebPage\",\"@id\":\"https:\\\/\\\/www.utrera.org\\\/utrera-ante-las-drogas\\\/\",\"url\":\"https:\\\/\\\/www.utrera.org\\\/utrera-ante-las-drogas\\\/\",\"name\":\"UTRERA ANTE LAS DROGAS - Ayuntamiento de Utrera\",\"isPartOf\":{\"@id\":\"https:\\\/\\\/www.utrera.org\\\/#website\"},\"datePublished\":\"2018-05-10T09:12:54+00:00\",\"dateModified\":\"2018-05-10T11:17:13+00:00\",\"breadcrumb\":{\"@id\":\"https:\\\/\\\/www.utrera.org\\\/utrera-ante-las-drogas\\\/#breadcrumb\"},\"inLanguage\":\"en-GB\",\"potentialAction\":[{\"@type\":\"ReadAction\",\"target\":[\"https:\\\/\\\/www.utrera.org\\\/utrera-ante-las-drogas\\\/\"]}]},{\"@type\":\"BreadcrumbList\",\"@id\":\"https:\\\/\\\/www.utrera.org\\\/utrera-ante-las-drogas\\\/#breadcrumb\",\"itemListElement\":[{\"@type\":\"ListItem\",\"position\":1,\"name\":\"Inicio\",\"item\":\"https:\\\/\\\/www.utrera.org\\\/\"},{\"@type\":\"ListItem\",\"position\":2,\"name\":\"UTRERA ANTE LAS DROGAS\"}]},{\"@type\":\"WebSite\",\"@id\":\"https:\\\/\\\/www.utrera.org\\\/#website\",\"url\":\"https:\\\/\\\/www.utrera.org\\\/\",\"name\":\"Ayuntamiento de Utrera\",\"description\":\"Web Municipal del Ayuntamiento de Utrera\",\"potentialAction\":[{\"@type\":\"SearchAction\",\"target\":{\"@type\":\"EntryPoint\",\"urlTemplate\":\"https:\\\/\\\/www.utrera.org\\\/?s={search_term_string}\"},\"query-input\":{\"@type\":\"PropertyValueSpecification\",\"valueRequired\":true,\"valueName\":\"search_term_string\"}}],\"inLanguage\":\"en-GB\"}]}<\/script>\n<!-- \/ Yoast SEO plugin. -->","yoast_head_json":{"title":"UTRERA ANTE LAS DROGAS - Ayuntamiento de Utrera","robots":{"index":"index","follow":"follow","max-snippet":"max-snippet:-1","max-image-preview":"max-image-preview:large","max-video-preview":"max-video-preview:-1"},"canonical":"https:\/\/www.utrera.org\/en\/utrera-ante-las-drogas\/","og_locale":"en_GB","og_type":"article","og_title":"UTRERA ANTE LAS DROGAS - Ayuntamiento de Utrera","og_description":"\u00bfQU\u00c9 ES? \u201cUtrera ante las Drogas\u201d es un proyecto municipal destinado a la\u00a0PREVENCI\u00d3N\u00a0\u00a0del consumo de\u00a0DROGAS\u00a0y\u00a0\u00a0ADICCIONES y CONDUCTAS DE RIESGO. \u00a0Se desarrolla en colaboraci\u00f3n con la Diputaci\u00f3n de Sevilla y la Junta de Andaluc\u00eda. \u00bf A QUI\u00c9N VA DESTINADO? Sus actuaciones se dirigen a todo el pueblo de Utrera y sus pedan\u00edas, centr\u00e1ndose especialmente en los [&hellip;]","og_url":"https:\/\/www.utrera.org\/en\/utrera-ante-las-drogas\/","og_site_name":"Ayuntamiento de Utrera","article_publisher":"https:\/\/www.facebook.com\/AyuntamientodeUtrera\/","article_modified_time":"2018-05-10T11:17:13+00:00","twitter_card":"summary_large_image","twitter_site":"@CiudadUtrera","twitter_misc":{"Est. reading time":"3 minutes"},"schema":{"@context":"https:\/\/schema.org","@graph":[{"@type":"WebPage","@id":"https:\/\/www.utrera.org\/utrera-ante-las-drogas\/","url":"https:\/\/www.utrera.org\/utrera-ante-las-drogas\/","name":"UTRERA ANTE LAS DROGAS - Ayuntamiento de Utrera","isPartOf":{"@id":"https:\/\/www.utrera.org\/#website"},"datePublished":"2018-05-10T09:12:54+00:00","dateModified":"2018-05-10T11:17:13+00:00","breadcrumb":{"@id":"https:\/\/www.utrera.org\/utrera-ante-las-drogas\/#breadcrumb"},"inLanguage":"en-GB","potentialAction":[{"@type":"ReadAction","target":["https:\/\/www.utrera.org\/utrera-ante-las-drogas\/"]}]},{"@type":"BreadcrumbList","@id":"https:\/\/www.utrera.org\/utrera-ante-las-drogas\/#breadcrumb","itemListElement":[{"@type":"ListItem","position":1,"name":"Inicio","item":"https:\/\/www.utrera.org\/"},{"@type":"ListItem","position":2,"name":"UTRERA ANTE LAS DROGAS"}]},{"@type":"WebSite","@id":"https:\/\/www.utrera.org\/#website","url":"https:\/\/www.utrera.org\/","name":"City Council of Utrera","description":"Web Municipal del Ayuntamiento de Utrera","potentialAction":[{"@type":"SearchAction","target":{"@type":"EntryPoint","urlTemplate":"https:\/\/www.utrera.org\/?s={search_term_string}"},"query-input":{"@type":"PropertyValueSpecification","valueRequired":true,"valueName":"search_term_string"}}],"inLanguage":"en-GB"}]}},"_links":{"self":[{"href":"https:\/\/www.utrera.org\/en\/wp-json\/wp\/v2\/pages\/5005","targetHints":{"allow":["GET"]}}],"collection":[{"href":"https:\/\/www.utrera.org\/en\/wp-json\/wp\/v2\/pages"}],"about":[{"href":"https:\/\/www.utrera.org\/en\/wp-json\/wp\/v2\/types\/page"}],"author":[{"embeddable":true,"href":"https:\/\/www.utrera.org\/en\/wp-json\/wp\/v2\/users\/2"}],"replies":[{"embeddable":true,"href":"https:\/\/www.utrera.org\/en\/wp-json\/wp\/v2\/comments?post=5005"}],"version-history":[{"count":0,"href":"https:\/\/www.utrera.org\/en\/wp-json\/wp\/v2\/pages\/5005\/revisions"}],"wp:attachment":[{"href":"https:\/\/www.utrera.org\/en\/wp-json\/wp\/v2\/media?parent=5005"}],"curies":[{"name":"wp","href":"https:\/\/api.w.org\/{rel}","templated":true}]}}