{"id":5000,"date":"2018-05-10T10:10:42","date_gmt":"2018-05-10T09:10:42","guid":{"rendered":"https:\/\/www.utrera.org\/?page_id=5000"},"modified":"2018-05-10T10:10:42","modified_gmt":"2018-05-10T09:10:42","slug":"guia-de-recursos-locales-para-la-conciliacion","status":"publish","type":"page","link":"https:\/\/www.utrera.org\/en\/guia-de-recursos-locales-para-la-conciliacion\/","title":{"rendered":"GU\u00cdA DE RECURSOS LOCALES PARA LA CONCILIACI\u00d3N"},"content":{"rendered":"<p>PROGRAMA CONCILIAM<br \/>\nGu\u00eda de Recursos<br \/>\nConciliaci\u00f3n<\/p>\n<p>UTRERA CONCILIAM<\/p>\n<p>\u00bfQu\u00e9 es la Conciliaci\u00f3n?<\/p>\n<p>\u2022 La Conciliaci\u00f3n es la necesidad de compaginar el trabajo remunerado con el trabajo dom\u00e9stico, las responsabilidades familiares y el tiempo libre de cada persona. Por eso hablamos de conciliaci\u00f3n de la vida personal, familiar y laboral.<\/p>\n<p>\u00bfQuien tiene que promover la Conciliaci\u00f3n?<\/p>\n<p>\u2022 La Ciudadan\u00eda\/ Familias<br \/>\n\u2022 Instituciones y entidades<br \/>\n\u2022 Trabajadores y trabajadoras<br \/>\n\u2022 Agentes econ\u00f3micos y sindicales<\/p>\n<p>Legislaci\u00f3n vigente<\/p>\n<p>\u2022 Ley 39\/1999 de 5 de noviembre, para promover la Conciliaci\u00f3n de la Vida Profesional y Familiar de las personas trabajadoras.<br \/>\n\u2022 Ley org\u00e1nica 3\/2007 de 22 de marzo, para la igualdad efectiva de mujeres y hombres.<br \/>\n\u2022 Ley 12\/2007 de 26 de noviembre, para la promoci\u00f3n de la Igualdad de Oportunidades en Andaluc\u00eda.<br \/>\n\u2022 I Plan estrat\u00e9gico de Igualdad de Mujeres y Hombres en Andaluc\u00eda 2010-2013.<br \/>\n\u2022 Ley 39\/2006, de 14 de diciembre, de Promoci\u00f3n de la Autonom\u00eda Personal y Atenci\u00f3n a las personas en situaci\u00f3n de dependencia<\/p>\n<p>&nbsp;<\/p>\n<p>&nbsp;<\/p>\n<p>Pacto CONCILIAM UTRERA<\/p>\n<p>\u2022 Entidades firmantes:<\/p>\n<p>AAMM: Santiago el Mayor, Rurales Besana,Aume,Las Pioneras, Castillo de Utrera, Casacerro,Torre de molino.<br \/>\nGrupos Pol\u00edticos: P.A.,P.S.O.E.,P.P., UpyD,I.U.<br \/>\nSindicatos:CCOO,UGT<br \/>\nFederaci\u00f3n de Vecinos (UTER)<br \/>\nFederaci\u00f3n de Padres y Madres (FUAMPA)<br \/>\nCruz Roja Espa\u00f1ola de Utrera<br \/>\nAsociaci\u00f3n de Personas con discapacidad Virgen de Consolaci\u00f3n (Apdis)<br \/>\nAsociaci\u00f3n Utrerana Familiares y enfermos de Alzheimer Ntra. Sra. Del Consuelo<\/p>\n<p>&nbsp;<\/p>\n<p>Actividades Pacto Conciliam Utrera<\/p>\n<p>1.Campa\u00f1a de sensibilizaci\u00f3n para el cambio de valores hac\u00eda la corresponsabilidad, general y sectorial en distintos medios de comunicaci\u00f3n local y en los \u00e1mbitos de actuaci\u00f3n de los distintos agentes sociales:<\/p>\n<p>Gu\u00eda-folleto sobre los recursos locales de conciliaci\u00f3n<br \/>\nVideo promocional de las actividades y entidades participantes<br \/>\nCartel programa general de la campa\u00f1a<br \/>\nArt\u00edculos de prensa para promocionar el Pacto Conciliam de Utrera<\/p>\n<p>Entidad: Delegaci\u00f3n de Pol\u00edticas de Igualdad.Ayto de Utrera<\/p>\n<p>2.Actuaci\u00f3n en el sistema educativo con la Red Coeduca-Utrera:<\/p>\n<p>Escuela de padres y madres: \u201cJornadas formativas redes sociales y coeducaci\u00f3n\u201d.Entidad :FUAMPA.<\/p>\n<p>3.Formaci\u00f3n en conocimientos y desarrollo de habilidades:<\/p>\n<p>Cursos de formaci\u00f3n continua, modalidad on-line, semipresencial.<\/p>\n<p>\u201cIntercambio de tiempo y conciliaci\u00f3n\u201d<br \/>\n\u201cImplantaci\u00f3n de Planes de Igualdad en los Centros Educativos\u201d<br \/>\n\u201cNegociaci\u00f3n Colectiva y Conciliaci\u00f3n\u201d<\/p>\n<p>Entidad: Pol\u00edticas de Igualdad.Ayto de Utrera<\/p>\n<p>Otras actividades formativas.<\/p>\n<p>\u201cTaller aprender juntos, crecer en familia\u201d<\/p>\n<p>Entidad: AAMM Santiago el Mayor<\/p>\n<p>4.Servicios de Atenci\u00f3n a la Infancia y al Cuidado de Personas Dependientes:<\/p>\n<p>Programa Infancia y Familia: Espacios l\u00fadicos y recreativos para menores en situaci\u00f3n de riesgo social.<br \/>\nEntidad:AAMM Santiago el Mayor.<\/p>\n<p>Talleres de Mediaci\u00f3n Sociocultural: Servicios de apoyo para mujeres emigrantes y familia, en riesgo de exclusi\u00f3n social.<br \/>\nEntidad:AAMM Castillo de Utrera y Asamblea Local de Cruz Roja<\/p>\n<p>Ludotecas Itinerantes en centros escolares: Para facilitar la participaci\u00f3n de los\/as miembros\/as de las AMPAS.<br \/>\nEntidad:FUAMPA<\/p>\n<p>Programa para personas con Discapacidad: actividades formativas y l\u00fadicas.<br \/>\nEntidad:APDIS<\/p>\n<p>Programa para familias y enfermos de Alzheimer:Servicios de apoyo y actividades de recuperaci\u00f3n cognitiva.<br \/>\nEntidad: Asociaci\u00f3n utrerana de familiares y enfermos de Alhzeimer.<\/p>\n<p>Recursos Locales de Conciliaci\u00f3n<\/p>\n<p>\u2022 Corresponsabilidad: referida al necesario reparto de tareas dom\u00e9sticas y responsabilidades familiares entre cada miembro del hogar,pareja,hijos,hijas u otros familiares.<\/p>\n<p>\u2022 Centros de Atenci\u00f3n Socioeducativa (hasta los 3 a\u00f1os):<\/p>\n<p>Castillo de mi bebe (concertada-privada)<br \/>\nLa luna (concertada-privada)<br \/>\nLa fuente (p\u00fablica)<\/p>\n<p>\u2022 Ludotecas (hasta los 12 a\u00f1os)<\/p>\n<p>La ludoteca (privada)<\/p>\n<p>\u2022 Centros Escolares:<\/p>\n<p>Aula matinal: horario de 7.30 hasta comienzo de horario lectivo, de lunes a viernes, ofreciendo actividades diversas al alumnado.<br \/>\nComedor Escolar: tienen una duraci\u00f3n de hasta dos horas desde que acaba la jornada escolar de la ma\u00f1ana.<br \/>\nActividades Extraescolares: tienen lugar en horario de tarde, y abarcan aspectos como la lectura, el deporte, la musica, la inform\u00e1tica, los idiomas, la danza o el teatro\u2026 , actividades l\u00fadicas y formativas.<br \/>\nTransporte escolar: para el alumnado de centros p\u00fablicos que est\u00e1n obligados a desplazarse por cursar ense\u00f1anzas que no se imparten en sus lugares de residencia.<\/p>\n<p>Entidad: Consejer\u00eda de Educaci\u00f3n. Plan de apoyo a familias.Ente P\u00fablico Andaluz de Infraestructuras y Servicios.(ISE)<\/p>\n<p>\u2022 Educaci\u00f3n Especial:<\/p>\n<p>Centro de Educaci\u00f3n Especial \u201cMaruja de Quinta\u201d: Centro Educativo especifico para personas con discapacidad.<br \/>\nAulas de Integraci\u00f3n en centros escolares\/Pedagog\u00eda Terape\u00fatica: Educaci\u00f3n especializada para personas con discapacidad y problemas de aprendizaje.<\/p>\n<p>\u2022 Entidades y Asociaciones ciudadanas:<\/p>\n<p>Asociaci\u00f3n de padres y madres \u201cAc\u00e9ptalos\u201d para personas con discapacidad:Apoyo educativo, habilidades sociales y autonom\u00eda personal.<br \/>\nAsociaci\u00f3n de personas con discapacidad \u201cVirgen de Consolaci\u00f3n\u201d:talleres de musicoterapia, iniciaci\u00f3n a la lectura, inform\u00e1tica y teatro<br \/>\nAsociaci\u00f3n APUDES para personas con discapacidad intelectual: centro ocupacional de artesan\u00eda textil para personas con discapacidad.<br \/>\nAsociaci\u00f3n de familiares de enfermos de Alzheimer\u201dNuestra Se\u00f1ora de Consuelo\u201d:Programa de estimulaci\u00f3n cognitiva, servicios de ayuda a domicilio, programa de psicoterapia para familiares.<br \/>\nAsociaci\u00f3n RENACER para personas con problem\u00e1tica de alcohol.<br \/>\nAsociaci\u00f3n CONVIVIR para personas con problem\u00e1tica de alcohol y otras dependencias.<br \/>\nAsociaci\u00f3n AFADU para rehabilitaci\u00f3n de personas drogodependientes.<\/p>\n<p>\u2022 Servicios Sociales Comunitarios. Ayuntamiento de Utrera:<\/p>\n<p>Programas de Estancia diurna y respiro familiar<br \/>\nServicios de ayuda a domicilio<br \/>\nServicio de Teleasistencia<br \/>\nServicios de atenci\u00f3n residencial<br \/>\nPrestaciones econ\u00f3micas de la Ley de dependencia<\/p>\n<p>\u2022 Centro Sociosanitario REIFS Utrera: Asistencial geri\u00e1trica<\/p>\n<p>Referencias Web<\/p>\n<p>\u2022 AYUNTAMIENTO DE UTRERA.<br \/>\nwww.utrera.org<br \/>\n\u2022 INSTITUTO ANDALUZ DE LA MUJER.<br \/>\nwww.juntadeandalucia.es\/iam<br \/>\n\u2022 PROGRAMA CONCILIAM.<br \/>\nwww.famp.es\/conciliam\/<br \/>\n\u2022 Federaci\u00f3n de padres y madres de alumnos y alumnas<br \/>\nwww.fuampadigital.com<br \/>\n\u2022 Red Asociaciones.Plataforma digital de mujeres de utrera.<br \/>\nwww.aammutrera.com<\/p>\n<p>Datos de inter\u00e9s<\/p>\n<p>Centros de Atenci\u00f3n Socioeducativa<\/p>\n<p>Castillo de mi bebe: C\/ Murube,27,29.Manzana07.41710-Utrera.Tlf.:670414386<br \/>\ne-mail:guarderia-mibebe@hotmail.com<br \/>\nLa luna:C\/ San Diego de Alcala,s\/n.ParcelaUE11.41710-Utrera.Tlf.:665828941<br \/>\ne-mail:laluna26@yahoo.es<br \/>\nLa fuente:C\/ Fuente de los 7ca\u00f1os,s\/n.41710-Utrera.Tlf.:955839214<br \/>\ne-mail:41016681.edu@juntadeandalucia.es<\/p>\n<p>Ludotecas<\/p>\n<p>La Ludoteca: C\/ Clemente de la Cuadra,7.41710-Utrera.Tlf.:955865734<br \/>\ne-mail:laludoteca@laludoteca.es<\/p>\n<p>Centros escolares<\/p>\n<p>Escuela infantil Mar\u00eda Montessori:Avda. del Ejercito,s\/n.Tlf.:955839620<br \/>\ne-mail:41602491.edu@juntadeandalucia.es<br \/>\nCEIP Coca de la Pi\u00f1era:Plaza de Bail\u00e9n,s\/n.41710-Utrera.Tlf.:955839744<br \/>\ne-mail:41007761.edu@juntadeandalucia.es<br \/>\nCEIP La Fontanilla:Avda. Rio Verde,25.41710-Utrera.Tlf.:955839695<br \/>\ne-mail:41601747.edu@juntadeandalucia.es<br \/>\nCEIP Rodrigo Caro:C\/ Ram\u00f3n y Cajal,16.41710-Utrera.Tlf.:955839510<br \/>\ne-mail:41007795.edu@juntadeandalucia.es<br \/>\nCEIP Profesor Tierno Galv\u00e1n:C\/ San Lucas,s\/n.Tlf.:955839618<br \/>\ne-mail:41601961.edu@juntadeandalucia.es<br \/>\nCEIP \u00c1lvarez Quintero:Avda. Los Naranjos,s\/n.Tlf.:955839904<br \/>\ne-mail:41007746.edu@juntadeandalucia.es<br \/>\nCEIP Maestro Juan Antonio Velasco:Avda. Virgen del \u00c1guila,s\/n<br \/>\ne-mail:41007771.edu@juntadeandalucia.es<br \/>\nCEIP Al Andalus:C\/ Lope de Vega,s\/n.Tlf.:955839548<br \/>\ne-mail:41007783.edu@juntadeandalucia.es<br \/>\nCP Alfonso de Orleans:C\/ Armilla.Bda. Ciudad del Aire.Tlf.:955838966<br \/>\ne-mail:41008741.edu@juntadeandalucia.es<br \/>\nColegio Sagrada Familia:C\/ Virgen de Consolaci\u00f3n,12.Tlf.:954860314<br \/>\ne-mail:sfamiliautre@planalfa.es<br \/>\nColegio Sagrado Coraz\u00f3n:C\/ Antonio Maura,23.Tlf.:955867815<br \/>\ne-mail:41007862edu@juntadeandalucia.es<br \/>\nColegio Nuestra Se\u00f1ora del Carmen:Avda. San Juan Bosco,13.Tlf.:955867842<br \/>\ne-mail:secretaria@salesianos-utrera.com<br \/>\nColegio Divino Salvador:C\/ Men\u00e9ndez Pelayo,10.Tlf.:954861938<br \/>\ne-mail:utreracolegio@salesianas.com<br \/>\nIES Ru\u00edz Gij\u00f3n: Paseo de Consolaci\u00f3n,1.Tlf.:955839576<br \/>\ne-mail:41007898.edu@juntadeandalucia.es<br \/>\nIES Jos\u00e9 Maria Infante:C\/ Jilguero,s\/n.Tlf.:955839513<br \/>\ne-mail:41701997.edu@juntadeandalucia.es<br \/>\nIES Ponce de Le\u00f3n:C\/ Constelaci\u00f3n Pavo Real,s\/n.Tlf.:955838924<br \/>\ne-mail:41700154.averroes@juntadeandalucia.es<br \/>\nIES Virgen de Consolaci\u00f3n: Paseo de Consolaci\u00f3n,s\/n.Tlf.:955839595<br \/>\ne-mail:41007904.edu@juntadeandalucia.es<br \/>\nCentro de Educaci\u00f3n Especial \u201cMaruja de Quinta\u201d: Plaza de Gibaxa,2.Tlf.:954860822.<br \/>\ne-mail:marujadequinta@apudes.com<\/p>\n<p>Entidades y asociaciones ciudadanas<\/p>\n<p>Asociaci\u00f3n Apdis:Plaza de Bail\u00e9n,19.41710-Utrera.Tlf.:955867574<br \/>\ne-mail:apdis@apdis.es<br \/>\nAsociaci\u00f3n APUDES:C\/ Fais\u00e1n,2.41710-Utrera.Tlf.:954861675<br \/>\ne-mail:asociacion@apudes.com<br \/>\nAsociaci\u00f3n de familiares de enfermos de Alheimer \u201cNuestra Se\u00f1ora de<br \/>\nConsuelo\u201d:Plaza de los Angeles,16.41710-Utrera.Tlf.:954873620<br \/>\ne-mail:Alzheimer@hotmail.com<br \/>\nAsociaci\u00f3n RENACER:C\/ Santiago Ap\u00f3stol,68.41710-Utrera.Tlf.:600323730<br \/>\ne-mail:renacerutrera@hotmail.com<br \/>\nAsociaci\u00f3n CONVIVIR:C\/Clemente de la Cuadra,37.41710-Utrera<br \/>\nTlf.:955861809. e-mail:convivir@faar.es<br \/>\nAsociaci\u00f3n AC\u00c9PTALOS:Avda. Los Palacios,38.41710-Utrera.Tlf.:955865163<br \/>\ne-mail:aceptalos10@terra.es<br \/>\nAsociaci\u00f3n AFADU:C\/ V\u00eda Marciala,35B.Tlf.:954861434<br \/>\ne-mail:paquinunez@afadu.es<br \/>\nCruz Roja de Utrera: C\/ Molares,56. Tlf.:954864020<br \/>\ne-mail:magasu(arroba)cruzroja.es<br \/>\nFUAMPA \u201cLa Campi\u00f1a\u201d: C\/ Cristobal Col\u00f3n,28\u00aa. Tlf.:955865786<br \/>\ne-mail:fuampa(arroba)fuampadigital.com<\/p>\n<p>&nbsp;<\/p>\n<p>Servicios Sociales Comunitarios de Utrera: C\/Catalina de Perea,32.<br \/>\nTlf.:955867854. e-mail:ssociales@utrera.org<\/p>\n<p>Centro sociosanitario REIFS Utrera:C\/ Constelaci\u00f3n Corona Austral,1.<br \/>\nTlf.:955862196. e-mail:utrera@gruporeifs.com<\/p>","protected":false},"excerpt":{"rendered":"<p>PROGRAMA CONCILIAM Gu\u00eda de Recursos Conciliaci\u00f3n UTRERA CONCILIAM \u00bfQu\u00e9 es la Conciliaci\u00f3n? \u2022 La Conciliaci\u00f3n es la necesidad de compaginar el trabajo remunerado con el trabajo dom\u00e9stico, las responsabilidades familiares y el tiempo libre de cada persona. Por eso hablamos de conciliaci\u00f3n de la vida personal, familiar y laboral. \u00bfQuien tiene que promover la Conciliaci\u00f3n? [&hellip;]<\/p>\n","protected":false},"author":2,"featured_media":0,"parent":0,"menu_order":0,"comment_status":"closed","ping_status":"closed","template":"","meta":{"_et_pb_use_builder":"","_et_pb_old_content":"","_et_gb_content_width":"","footnotes":""},"class_list":["post-5000","page","type-page","status-publish","hentry"],"yoast_head":"<!-- This site is optimized with the Yoast SEO plugin v27.3 - https:\/\/yoast.com\/product\/yoast-seo-wordpress\/ -->\n<title>GU\u00cdA DE RECURSOS LOCALES PARA LA CONCILIACI\u00d3N - Ayuntamiento de Utrera<\/title>\n<meta name=\"robots\" content=\"index, follow, max-snippet:-1, max-image-preview:large, max-video-preview:-1\" \/>\n<link rel=\"canonical\" href=\"https:\/\/www.utrera.org\/en\/guia-de-recursos-locales-para-la-conciliacion\/\" \/>\n<meta property=\"og:locale\" content=\"en_GB\" \/>\n<meta property=\"og:type\" content=\"article\" \/>\n<meta property=\"og:title\" content=\"GU\u00cdA DE RECURSOS LOCALES PARA LA CONCILIACI\u00d3N - Ayuntamiento de Utrera\" \/>\n<meta property=\"og:description\" content=\"PROGRAMA CONCILIAM Gu\u00eda de Recursos Conciliaci\u00f3n UTRERA CONCILIAM \u00bfQu\u00e9 es la Conciliaci\u00f3n? \u2022 La Conciliaci\u00f3n es la necesidad de compaginar el trabajo remunerado con el trabajo dom\u00e9stico, las responsabilidades familiares y el tiempo libre de cada persona. Por eso hablamos de conciliaci\u00f3n de la vida personal, familiar y laboral. \u00bfQuien tiene que promover la Conciliaci\u00f3n? [&hellip;]\" \/>\n<meta property=\"og:url\" content=\"https:\/\/www.utrera.org\/en\/guia-de-recursos-locales-para-la-conciliacion\/\" \/>\n<meta property=\"og:site_name\" content=\"Ayuntamiento de Utrera\" \/>\n<meta property=\"article:publisher\" content=\"https:\/\/www.facebook.com\/AyuntamientodeUtrera\/\" \/>\n<meta name=\"twitter:card\" content=\"summary_large_image\" \/>\n<meta name=\"twitter:site\" content=\"@CiudadUtrera\" \/>\n<meta name=\"twitter:label1\" content=\"Est. reading time\" \/>\n\t<meta name=\"twitter:data1\" content=\"7 minutes\" \/>\n<script type=\"application\/ld+json\" class=\"yoast-schema-graph\">{\"@context\":\"https:\\\/\\\/schema.org\",\"@graph\":[{\"@type\":\"WebPage\",\"@id\":\"https:\\\/\\\/www.utrera.org\\\/guia-de-recursos-locales-para-la-conciliacion\\\/\",\"url\":\"https:\\\/\\\/www.utrera.org\\\/guia-de-recursos-locales-para-la-conciliacion\\\/\",\"name\":\"GU\u00cdA DE RECURSOS LOCALES PARA LA CONCILIACI\u00d3N - Ayuntamiento de Utrera\",\"isPartOf\":{\"@id\":\"https:\\\/\\\/www.utrera.org\\\/#website\"},\"datePublished\":\"2018-05-10T09:10:42+00:00\",\"breadcrumb\":{\"@id\":\"https:\\\/\\\/www.utrera.org\\\/guia-de-recursos-locales-para-la-conciliacion\\\/#breadcrumb\"},\"inLanguage\":\"en-GB\",\"potentialAction\":[{\"@type\":\"ReadAction\",\"target\":[\"https:\\\/\\\/www.utrera.org\\\/guia-de-recursos-locales-para-la-conciliacion\\\/\"]}]},{\"@type\":\"BreadcrumbList\",\"@id\":\"https:\\\/\\\/www.utrera.org\\\/guia-de-recursos-locales-para-la-conciliacion\\\/#breadcrumb\",\"itemListElement\":[{\"@type\":\"ListItem\",\"position\":1,\"name\":\"Inicio\",\"item\":\"https:\\\/\\\/www.utrera.org\\\/\"},{\"@type\":\"ListItem\",\"position\":2,\"name\":\"GU\u00cdA DE RECURSOS LOCALES PARA LA CONCILIACI\u00d3N\"}]},{\"@type\":\"WebSite\",\"@id\":\"https:\\\/\\\/www.utrera.org\\\/#website\",\"url\":\"https:\\\/\\\/www.utrera.org\\\/\",\"name\":\"Ayuntamiento de Utrera\",\"description\":\"Web Municipal del Ayuntamiento de Utrera\",\"potentialAction\":[{\"@type\":\"SearchAction\",\"target\":{\"@type\":\"EntryPoint\",\"urlTemplate\":\"https:\\\/\\\/www.utrera.org\\\/?s={search_term_string}\"},\"query-input\":{\"@type\":\"PropertyValueSpecification\",\"valueRequired\":true,\"valueName\":\"search_term_string\"}}],\"inLanguage\":\"en-GB\"}]}<\/script>\n<!-- \/ Yoast SEO plugin. -->","yoast_head_json":{"title":"GU\u00cdA DE RECURSOS LOCALES PARA LA CONCILIACI\u00d3N - Ayuntamiento de Utrera","robots":{"index":"index","follow":"follow","max-snippet":"max-snippet:-1","max-image-preview":"max-image-preview:large","max-video-preview":"max-video-preview:-1"},"canonical":"https:\/\/www.utrera.org\/en\/guia-de-recursos-locales-para-la-conciliacion\/","og_locale":"en_GB","og_type":"article","og_title":"GU\u00cdA DE RECURSOS LOCALES PARA LA CONCILIACI\u00d3N - Ayuntamiento de Utrera","og_description":"PROGRAMA CONCILIAM Gu\u00eda de Recursos Conciliaci\u00f3n UTRERA CONCILIAM \u00bfQu\u00e9 es la Conciliaci\u00f3n? \u2022 La Conciliaci\u00f3n es la necesidad de compaginar el trabajo remunerado con el trabajo dom\u00e9stico, las responsabilidades familiares y el tiempo libre de cada persona. Por eso hablamos de conciliaci\u00f3n de la vida personal, familiar y laboral. \u00bfQuien tiene que promover la Conciliaci\u00f3n? [&hellip;]","og_url":"https:\/\/www.utrera.org\/en\/guia-de-recursos-locales-para-la-conciliacion\/","og_site_name":"Ayuntamiento de Utrera","article_publisher":"https:\/\/www.facebook.com\/AyuntamientodeUtrera\/","twitter_card":"summary_large_image","twitter_site":"@CiudadUtrera","twitter_misc":{"Est. reading time":"7 minutes"},"schema":{"@context":"https:\/\/schema.org","@graph":[{"@type":"WebPage","@id":"https:\/\/www.utrera.org\/guia-de-recursos-locales-para-la-conciliacion\/","url":"https:\/\/www.utrera.org\/guia-de-recursos-locales-para-la-conciliacion\/","name":"GU\u00cdA DE RECURSOS LOCALES PARA LA CONCILIACI\u00d3N - Ayuntamiento de Utrera","isPartOf":{"@id":"https:\/\/www.utrera.org\/#website"},"datePublished":"2018-05-10T09:10:42+00:00","breadcrumb":{"@id":"https:\/\/www.utrera.org\/guia-de-recursos-locales-para-la-conciliacion\/#breadcrumb"},"inLanguage":"en-GB","potentialAction":[{"@type":"ReadAction","target":["https:\/\/www.utrera.org\/guia-de-recursos-locales-para-la-conciliacion\/"]}]},{"@type":"BreadcrumbList","@id":"https:\/\/www.utrera.org\/guia-de-recursos-locales-para-la-conciliacion\/#breadcrumb","itemListElement":[{"@type":"ListItem","position":1,"name":"Inicio","item":"https:\/\/www.utrera.org\/"},{"@type":"ListItem","position":2,"name":"GU\u00cdA DE RECURSOS LOCALES PARA LA CONCILIACI\u00d3N"}]},{"@type":"WebSite","@id":"https:\/\/www.utrera.org\/#website","url":"https:\/\/www.utrera.org\/","name":"City Council of Utrera","description":"Web Municipal del Ayuntamiento de Utrera","potentialAction":[{"@type":"SearchAction","target":{"@type":"EntryPoint","urlTemplate":"https:\/\/www.utrera.org\/?s={search_term_string}"},"query-input":{"@type":"PropertyValueSpecification","valueRequired":true,"valueName":"search_term_string"}}],"inLanguage":"en-GB"}]}},"_links":{"self":[{"href":"https:\/\/www.utrera.org\/en\/wp-json\/wp\/v2\/pages\/5000","targetHints":{"allow":["GET"]}}],"collection":[{"href":"https:\/\/www.utrera.org\/en\/wp-json\/wp\/v2\/pages"}],"about":[{"href":"https:\/\/www.utrera.org\/en\/wp-json\/wp\/v2\/types\/page"}],"author":[{"embeddable":true,"href":"https:\/\/www.utrera.org\/en\/wp-json\/wp\/v2\/users\/2"}],"replies":[{"embeddable":true,"href":"https:\/\/www.utrera.org\/en\/wp-json\/wp\/v2\/comments?post=5000"}],"version-history":[{"count":0,"href":"https:\/\/www.utrera.org\/en\/wp-json\/wp\/v2\/pages\/5000\/revisions"}],"wp:attachment":[{"href":"https:\/\/www.utrera.org\/en\/wp-json\/wp\/v2\/media?parent=5000"}],"curies":[{"name":"wp","href":"https:\/\/api.w.org\/{rel}","templated":true}]}}