{"id":4988,"date":"2018-05-10T09:59:39","date_gmt":"2018-05-10T08:59:39","guid":{"rendered":"https:\/\/www.utrera.org\/?page_id=4988"},"modified":"2025-11-21T00:50:52","modified_gmt":"2025-11-20T23:50:52","slug":"periodo-medio-de-pago-a-proveedores","status":"publish","type":"page","link":"https:\/\/www.utrera.org\/en\/periodo-medio-de-pago-a-proveedores\/","title":{"rendered":"PERIODO MEDIO DE PAGO A PROVEEDORES"},"content":{"rendered":"[et_pb_section fb_built=\u00bb1&#8243; admin_label=\u00bbsection\u00bb _builder_version=\u00bb4.16&#8243; global_colors_info=\u00bb{}\u00bb][et_pb_row admin_label=\u00bbrow\u00bb _builder_version=\u00bb4.16&#8243; background_size=\u00bbinitial\u00bb background_position=\u00bbtop_left\u00bb background_repeat=\u00bbrepeat\u00bb global_colors_info=\u00bb{}\u00bb][et_pb_column type=\u00bb4_4&#8243; _builder_version=\u00bb4.16&#8243; custom_padding=\u00bb|||\u00bb global_colors_info=\u00bb{}\u00bb custom_padding__hover=\u00bb|||\u00bb][et_pb_text admin_label=\u00bbText\u00bb _builder_version=\u00bb4.21.0&#8243; background_size=\u00bbinitial\u00bb background_position=\u00bbtop_left\u00bb background_repeat=\u00bbrepeat\u00bb hover_enabled=\u00bb0&#8243; global_colors_info=\u00bb{}\u00bb sticky_enabled=\u00bb0&#8243;]\n<p>Informaci\u00f3n trimestral del periodo medio de pago de la entidad.<\/p>\n<p><a title=\"PMP 2TRIMESTRE 2019\" href=\"https:\/\/www.utrera.org\/wp-content\/uploads\/2025\/11\/2025_Tercertrimestre_01-41-095-AA-000.pdf\" target=\"_blank\" rel=\"noopener noreferrer\">A\u00d1O 2025. TERCER TRIMESTRE<\/a><\/p>\n<p><a title=\"PMP 2TRIMESTRE 2019\" href=\"https:\/\/www.utrera.org\/wp-content\/uploads\/2025\/10\/2025_Segundotrimestre_01-41-095-AA-000-2.pdf\" target=\"_blank\" rel=\"noopener noreferrer\">A\u00d1O 2025. SEGUNDO TRIMESTRE<\/a><\/p>\n<p><a title=\"PMP 2TRIMESTRE 2019\" href=\"https:\/\/www.utrera.org\/wp-content\/uploads\/2025\/04\/2025_Primertrimestre_01-41-095-AA-000-1.pdf\" target=\"_blank\" rel=\"noopener noreferrer\">A\u00d1O 2025. PRIMER TRIMESTRE<\/a><\/p>\n<p><a title=\"PMP 2TRIMESTRE 2019\" href=\"https:\/\/www.utrera.org\/wp-content\/uploads\/2025\/01\/PMP-4o-T-2024.pdf\" target=\"_blank\" rel=\"noopener noreferrer\">A\u00d1O 2024. CUARTO TRIMESTRE<\/a><\/p>\n<p><a title=\"PMP 2TRIMESTRE 2019\" href=\"https:\/\/www.utrera.org\/wp-content\/uploads\/2024\/11\/2024_Tercertrimestre_01-41-095-AA-000.pdf\" target=\"_blank\" rel=\"noopener noreferrer\">A\u00d1O 2024. TERCER TRIMESTRE<\/a><\/p>\n<p><a title=\"PMP 2TRIMESTRE 2019\" href=\"https:\/\/www.utrera.org\/wp-content\/uploads\/2024\/08\/2024_Segundotrimestre_01-41-095-AA-000.pdf\" target=\"_blank\" rel=\"noopener noreferrer\">A\u00d1O 2024. SEGUNDO TRIMESTRE<\/a><\/p>\n<p><a title=\"PMP 2TRIMESTRE 2019\" href=\"https:\/\/www.utrera.org\/wp-content\/uploads\/2024\/05\/2024_Primertrimestre_01-41-095-AA-000.pdf\" target=\"_blank\" rel=\"noopener noreferrer\">A\u00d1O 2024. PRIMER TRIMESTRE<\/a><\/p>\n<p><a title=\"PMP 2TRIMESTRE 2019\" href=\"https:\/\/www.utrera.org\/wp-content\/uploads\/2024\/02\/2023_Cuartotrimestre_01-41-095-AA-000-1.pdf\" target=\"_blank\" rel=\"noopener noreferrer\">A\u00d1O 2023. CUARTO TRIMESTRE<\/a><\/p>\n<p><a title=\"PMP 2TRIMESTRE 2019\" href=\"https:\/\/www.utrera.org\/wp-content\/uploads\/2023\/11\/2023_Tercertrimestre_01-41-095-AA-000.pdf\" target=\"_blank\" rel=\"noopener noreferrer\">A\u00d1O 2023. TERCER TRIMESTRE<\/a><\/p>\n<p><a title=\"PMP 2TRIMESTRE 2019\" href=\"https:\/\/www.utrera.org\/wp-content\/uploads\/2023\/08\/2023_Segundotrimestre_01-41-095-AA-000-1.pdf\" target=\"_blank\" rel=\"noopener noreferrer\">A\u00d1O 2023. SEGUNDO TRIMESTRE<\/a><\/p>\n<p><a title=\"PMP 2TRIMESTRE 2019\" href=\"https:\/\/www.utrera.org\/wp-content\/uploads\/2023\/05\/2023_Primertrimestre_01-41-095-AA-000-2.pdf\" target=\"_blank\" rel=\"noopener noreferrer\">A\u00d1O 2023. PRIMER TRIMESTRE<\/a><\/p>\n<p><a title=\"PMP 2TRIMESTRE 2019\" href=\"https:\/\/www.utrera.org\/wp-content\/uploads\/2023\/03\/2022_Cuartotrimestre_01-41-095-AA-000.pdf\" target=\"_blank\" rel=\"noopener noreferrer\">A\u00d1O 2022. CUARTO TRIMESTRE<\/a><\/p>\n<p><a title=\"PMP 2TRIMESTRE 2019\" href=\"https:\/\/www.utrera.org\/wp-content\/uploads\/2023\/03\/2022_Tercertrimestre_01-41-095-AA-000-1.pdf\" target=\"_blank\" rel=\"noopener noreferrer\">A\u00d1O 2022. TERCER TRIMESTRE<\/a><\/p>\n<p><a title=\"PMP 2TRIMESTRE 2019\" href=\"https:\/\/www.utrera.org\/wp-content\/uploads\/2022\/08\/PMP-PARA-PUBLICAR-EN-WEB-2o-SEMESTRE-2022.pdf\" target=\"_blank\" rel=\"noopener noreferrer\">A\u00d1O 2022. SEGUNDO TRIMESTRE<\/a><\/p>\n<p><a title=\"PMP 2TRIMESTRE 2019\" href=\"https:\/\/www.utrera.org\/wp-content\/uploads\/2022\/05\/PMP-PARA-PUBL.-WEB_PRIMER-TRIMESTRE-2022.pdf\" target=\"_blank\" rel=\"noopener noreferrer\">A\u00d1O 2022. PRIMER TRIMESTRE<\/a><\/p>\n<p><a title=\"PMP 2TRIMESTRE 2019\" href=\"https:\/\/www.utrera.org\/wp-content\/uploads\/2022\/02\/PMP-PUBL.-WEB.pdf\" target=\"_blank\" rel=\"noopener noreferrer\">A\u00d1O 2021. CUARTO TRIMESTRE<\/a><\/p>\n<p><a title=\"PMP 2TRIMESTRE 2019\" href=\"https:\/\/www.utrera.org\/wp-content\/uploads\/2021\/11\/PMP-3T2021-PARA-WEB.pdf\" target=\"_blank\" rel=\"noopener noreferrer\">A\u00d1O 2021. TERCER TRIMESTRE<\/a><\/p>\n<p><a title=\"PMP 2TRIMESTRE 2019\" href=\"https:\/\/www.utrera.org\/wp-content\/uploads\/2021\/08\/PMP-2T2021-PARA-WEB.pdf\" target=\"_blank\" rel=\"noopener noreferrer\">A\u00d1O 2021. SEGUNDO TRIMESTRE<\/a><\/p>\n<p><a title=\"PMP 2TRIMESTRE 2019\" href=\"https:\/\/www.utrera.org\/wp-content\/uploads\/2021\/05\/PMP-PRIMER-TRIM.-2021-WEB.pdf\" target=\"_blank\" rel=\"noopener noreferrer\">A\u00d1O 2021. PRIMER TRIMESTRE<\/a><\/p>\n<p><a title=\"PMP 2TRIMESTRE 2019\" href=\"https:\/\/www.utrera.org\/wp-content\/uploads\/2021\/02\/PMP-CUARTO-TRIM-2020.-WEB.pdf\" target=\"_blank\" rel=\"noopener noreferrer\">A\u00d1O 2020. CUARTO TRIMESTRE<\/a><\/p>\n<p><a title=\"PMP 2TRIMESTRE 2019\" href=\"https:\/\/www.utrera.org\/wp-content\/uploads\/2020\/11\/PMP-3-TRIM-2020-WEB.pdf\" target=\"_blank\" rel=\"noopener noreferrer\">A\u00d1O 2020. TERCER TRIMESTRE<\/a><\/p>\n<p><a title=\"PMP 2TRIMESTRE 2019\" href=\"https:\/\/www.utrera.org\/wp-content\/uploads\/2020\/08\/pmp-2-trim-2020.pdf\" target=\"_blank\" rel=\"noopener noreferrer\">A\u00d1O 2020. SEGUNDO TRIMESTRE<\/a><\/p>\n<p><a title=\"PMP 2TRIMESTRE 2019\" href=\"https:\/\/www.utrera.org\/wp-content\/uploads\/2020\/05\/PMP-1-TRIM-2020-WEB.pdf\" target=\"_blank\" rel=\"noopener noreferrer\">A\u00d1O 2020. PRIMER TRIMESTRE<\/a><\/p>\n<p><a title=\"PMP 2TRIMESTRE 2019\" href=\"https:\/\/www.utrera.org\/wp-content\/uploads\/2020\/02\/PMP-CUARTO-TRIMESTRE-2019..pdf\" target=\"_blank\" rel=\"noopener noreferrer\">A\u00d1O 2019. CUARTO TRIMESTRE<\/a><\/p>\n<p><a title=\"PMP 2TRIMESTRE 2019\" href=\"https:\/\/www.utrera.org\/wp-content\/uploads\/2019\/11\/PMP-TERCER-TRIM.-2019-PARA-WEB.pdf\" target=\"_blank\" rel=\"noopener noreferrer\">A\u00d1O 2019. TERCER TRIMESTRE<\/a><\/p>\n<p><a title=\"PMP 2TRIMESTRE 2019\" href=\"\/wp-content\/uploads\/2019\/08\/PMP-2-TRIM-WEB.pdf\" target=\"_blank\" rel=\"noopener noreferrer\">A\u00d1O 2019. SEGUNDO TRIMESTRE<\/a><\/p>\n<p><a title=\"PMP 1TRIMESTRE 2019\" href=\"\/wp-content\/uploads\/2019\/05\/PMP.-WEB.pdf\" target=\"_blank\" rel=\"noopener noreferrer\">A\u00d1O 2019. PRIMER TRIMESTRE<\/a><\/p>\n<p><a title=\"PMP 4TRIMESTRE 2018\" href=\"\/wp-content\/uploads\/2019\/02\/web2018_Cuartotrimestre_01-41-095-AA-000.pdf\" target=\"_blank\" rel=\"noopener noreferrer\">A\u00d1O 2018. CUARTO TRIMESTRE<\/a><\/p>\n<p><a title=\"PMP 1TRIMESTRE 2018\" href=\"\/wp-content\/uploads\/2018\/05\/PMP_1TRIMESTRE_2018.pdf\" target=\"_blank\" rel=\"noopener noreferrer\">A\u00d1O 2018. PRIMER TRIMESTRE<\/a><\/p>\n<p><a title=\"PMP 4TRIMESTRE 2017\" href=\"\/wp-content\/uploads\/2018\/05\/PMP_4TRIM.2017.pdf\" target=\"_blank\" rel=\"noopener noreferrer\">A\u00d1O 2017. CUARTO TRIMESTRE<\/a><\/p>\n<p><a title=\"PMP 3TRIMESTRE 2017\" href=\"\/wp-content\/uploads\/2018\/05\/PMP_3TRIM2017.pdf\" target=\"_blank\" rel=\"noopener noreferrer\">A\u00d1O 2017. TERCER TRIMESTRE<\/a><\/p>\n<p><a title=\"PMP 2TRIMESTRE 2017\" href=\"\/wp-content\/uploads\/2018\/05\/PMP_2TRIM.2017.pdf\" target=\"_blank\" rel=\"noopener noreferrer\">A\u00d1O 2017. SEGUNDO TRIMESTRE<\/a><\/p>\n<p><a title=\"PMP 1TRIMESTRE 2017\" href=\"\/wp-content\/uploads\/2018\/05\/2017_Primer_trimestre.2.pdf\" target=\"_self\" rel=\"noopener noreferrer\">A\u00d1O 2017. PRIMER TRIMESTRE<\/a><\/p>\n<p><a title=\"PMP 4TRIMESTRE 2016\" href=\"\/wp-content\/uploads\/2018\/05\/4_TRIM_PMP_WEB_AYTO.pdf\" target=\"_blank\" rel=\"noopener noreferrer\">A\u00d1O 2016. CUARTO TRIMESTRE<\/a><\/p>\n<p><a title=\"PMP 3TRIMESTRE 2016\" href=\"\/wp-content\/uploads\/2018\/05\/3_TRIM_PMP_WEB_AYTO.pdf\" target=\"_blank\" rel=\"noopener noreferrer\">A\u00d1O 2016. TERCER TRIMESTRE<\/a><\/p>\n<p><a title=\"PMP 2TRIMESTRE 2016\" href=\"\/wp-content\/uploads\/2018\/05\/2_TRIM_PMP_WEB_AYTO.pdf\" target=\"_blank\" rel=\"noopener noreferrer\">A\u00d1O 2016. SEGUNDO TRIMESTRE<\/a><\/p>\n<p><a title=\"PMP 1TRIMESTRE 2016\" href=\"\/wp-content\/uploads\/2018\/05\/AxO_2016._PRIMER_TRIMESTRE.pdf\" target=\"_blank\" rel=\"noopener noreferrer\">A\u00d1O 2016. PRIMER TRIMESTRE<\/a><\/p>\n<p><a title=\"PMP 4TRIMESTRE 2015\" href=\"\/wp-content\/uploads\/2018\/05\/WEB_PMP_4_TRIM_2015.pdf\" target=\"_blank\" rel=\"noopener noreferrer\">A\u00d1O 2015. CUARTO TRIMESTRE<\/a><\/p>\n[\/et_pb_text][\/et_pb_column][\/et_pb_row][\/et_pb_section]\n","protected":false},"excerpt":{"rendered":"<p>Informaci\u00f3n trimestral del periodo medio de pago de la entidad. A\u00d1O 2025. TERCER TRIMESTRE A\u00d1O 2025. SEGUNDO TRIMESTRE A\u00d1O 2025. PRIMER TRIMESTRE A\u00d1O 2024. CUARTO TRIMESTRE A\u00d1O 2024. TERCER TRIMESTRE A\u00d1O 2024. SEGUNDO TRIMESTRE A\u00d1O 2024. PRIMER TRIMESTRE A\u00d1O 2023. CUARTO TRIMESTRE A\u00d1O 2023. TERCER TRIMESTRE A\u00d1O 2023. SEGUNDO TRIMESTRE A\u00d1O 2023. PRIMER TRIMESTRE A\u00d1O [&hellip;]<\/p>\n","protected":false},"author":2,"featured_media":0,"parent":0,"menu_order":0,"comment_status":"closed","ping_status":"closed","template":"","meta":{"_et_pb_use_builder":"on","_et_pb_old_content":"Informaci\u00f3n trimestral del periodo medio de pago de la entidad.\r\n\r\n<a title=\"PMP 2TRIMESTRE 2019\" href=\"https:\/\/www.utrera.org\/wp-content\/uploads\/2025\/01\/PMP-4o-T-2024.pdf\" target=\"_blank\" rel=\"noopener noreferrer\">A\u00d1O 2024. CUARTO TRIMESTRE<\/a>\r\n<ul>\r\n \t<li><a title=\"PMP 2TRIMESTRE 2019\" href=\"https:\/\/www.utrera.org\/wp-content\/uploads\/2025\/01\/MOROSIDAD-4o-T-2024.pdf\" target=\"_blank\" rel=\"noopener noreferrer\">A\u00d1O 2024. Informe de morosidad cuarto trimestre<\/a><\/li>\r\n<\/ul>\r\n\u00a0\r\n\r\n<a title=\"PMP 2TRIMESTRE 2019\" href=\"https:\/\/www.utrera.org\/wp-content\/uploads\/2024\/11\/2024_Tercertrimestre_01-41-095-AA-000.pdf\" target=\"_blank\" rel=\"noopener noreferrer\">A\u00d1O 2024. TERCER TRIMESTRE<\/a>\r\n\r\n<a title=\"PMP 2TRIMESTRE 2019\" href=\"https:\/\/www.utrera.org\/wp-content\/uploads\/2024\/08\/2024_Segundotrimestre_01-41-095-AA-000.pdf\" target=\"_blank\" rel=\"noopener noreferrer\">A\u00d1O 2024. SEGUNDO TRIMESTRE<\/a>\r\n\r\n<a title=\"PMP 2TRIMESTRE 2019\" href=\"https:\/\/www.utrera.org\/wp-content\/uploads\/2024\/05\/2024_Primertrimestre_01-41-095-AA-000.pdf\" target=\"_blank\" rel=\"noopener noreferrer\">A\u00d1O 2024. PRIMER TRIMESTRE<\/a>\r\n\r\n<a title=\"PMP 2TRIMESTRE 2019\" href=\"https:\/\/www.utrera.org\/wp-content\/uploads\/2024\/02\/2023_Cuartotrimestre_01-41-095-AA-000-1.pdf\" target=\"_blank\" rel=\"noopener noreferrer\">A\u00d1O 2023. CUARTO TRIMESTRE<\/a>\r\n\r\n<a title=\"PMP 2TRIMESTRE 2019\" href=\"https:\/\/www.utrera.org\/wp-content\/uploads\/2023\/11\/2023_Tercertrimestre_01-41-095-AA-000.pdf\" target=\"_blank\" rel=\"noopener noreferrer\">A\u00d1O 2023. TERCER TRIMESTRE<\/a>\r\n\r\n<a title=\"PMP 2TRIMESTRE 2019\" href=\"https:\/\/www.utrera.org\/wp-content\/uploads\/2023\/08\/2023_Segundotrimestre_01-41-095-AA-000-1.pdf\" target=\"_blank\" rel=\"noopener noreferrer\">A\u00d1O 2023. SEGUNDO TRIMESTRE<\/a>\r\n\r\n<a title=\"PMP 2TRIMESTRE 2019\" href=\"https:\/\/www.utrera.org\/wp-content\/uploads\/2023\/05\/2023_Primertrimestre_01-41-095-AA-000-2.pdf\" target=\"_blank\" rel=\"noopener noreferrer\">A\u00d1O 2023. PRIMER TRIMESTRE<\/a>\r\n\r\n<a title=\"PMP 2TRIMESTRE 2019\" href=\"https:\/\/www.utrera.org\/wp-content\/uploads\/2023\/03\/2022_Cuartotrimestre_01-41-095-AA-000.pdf\" target=\"_blank\" rel=\"noopener noreferrer\">A\u00d1O 2022. CUARTO TRIMESTRE<\/a>\r\n\r\n<a title=\"PMP 2TRIMESTRE 2019\" href=\"https:\/\/www.utrera.org\/wp-content\/uploads\/2023\/03\/2022_Tercertrimestre_01-41-095-AA-000-1.pdf\" target=\"_blank\" rel=\"noopener noreferrer\">A\u00d1O 2022. TERCER TRIMESTRE<\/a>\r\n\r\n<a title=\"PMP 2TRIMESTRE 2019\" href=\"https:\/\/www.utrera.org\/wp-content\/uploads\/2022\/08\/PMP-PARA-PUBLICAR-EN-WEB-2o-SEMESTRE-2022.pdf\" target=\"_blank\" rel=\"noopener noreferrer\">A\u00d1O 2022. SEGUNDO TRIMESTRE<\/a>\r\n\r\n<a title=\"PMP 2TRIMESTRE 2019\" href=\"https:\/\/www.utrera.org\/wp-content\/uploads\/2022\/05\/PMP-PARA-PUBL.-WEB_PRIMER-TRIMESTRE-2022.pdf\" target=\"_blank\" rel=\"noopener noreferrer\">A\u00d1O 2022. PRIMER TRIMESTRE<\/a>\r\n\r\n<a title=\"PMP 2TRIMESTRE 2019\" href=\"https:\/\/www.utrera.org\/wp-content\/uploads\/2022\/02\/PMP-PUBL.-WEB.pdf\" target=\"_blank\" rel=\"noopener noreferrer\">A\u00d1O 2021. CUARTO TRIMESTRE<\/a>\r\n\r\n<a title=\"PMP 2TRIMESTRE 2019\" href=\"https:\/\/www.utrera.org\/wp-content\/uploads\/2021\/11\/PMP-3T2021-PARA-WEB.pdf\" target=\"_blank\" rel=\"noopener noreferrer\">A\u00d1O 2021. TERCER TRIMESTRE<\/a>\r\n\r\n<a title=\"PMP 2TRIMESTRE 2019\" href=\"https:\/\/www.utrera.org\/wp-content\/uploads\/2021\/08\/PMP-2T2021-PARA-WEB.pdf\" target=\"_blank\" rel=\"noopener noreferrer\">A\u00d1O 2021. SEGUNDO TRIMESTRE<\/a>\r\n\r\n<a title=\"PMP 2TRIMESTRE 2019\" href=\"https:\/\/www.utrera.org\/wp-content\/uploads\/2021\/05\/PMP-PRIMER-TRIM.-2021-WEB.pdf\" target=\"_blank\" rel=\"noopener noreferrer\">A\u00d1O 2021. PRIMER TRIMESTRE<\/a>\r\n\r\n<a title=\"PMP 2TRIMESTRE 2019\" href=\"https:\/\/www.utrera.org\/wp-content\/uploads\/2021\/02\/PMP-CUARTO-TRIM-2020.-WEB.pdf\" target=\"_blank\" rel=\"noopener noreferrer\">A\u00d1O 2020. CUARTO TRIMESTRE<\/a>\r\n\r\n<a title=\"PMP 2TRIMESTRE 2019\" href=\"https:\/\/www.utrera.org\/wp-content\/uploads\/2020\/11\/PMP-3-TRIM-2020-WEB.pdf\" target=\"_blank\" rel=\"noopener noreferrer\">A\u00d1O 2020. TERCER TRIMESTRE<\/a>\r\n\r\n<a title=\"PMP 2TRIMESTRE 2019\" href=\"https:\/\/www.utrera.org\/wp-content\/uploads\/2020\/08\/pmp-2-trim-2020.pdf\" target=\"_blank\" rel=\"noopener noreferrer\">A\u00d1O 2020. SEGUNDO TRIMESTRE<\/a>\r\n\r\n<a title=\"PMP 2TRIMESTRE 2019\" href=\"https:\/\/www.utrera.org\/wp-content\/uploads\/2020\/05\/PMP-1-TRIM-2020-WEB.pdf\" target=\"_blank\" rel=\"noopener noreferrer\">A\u00d1O 2020. PRIMER TRIMESTRE<\/a>\r\n\r\n<a title=\"PMP 2TRIMESTRE 2019\" href=\"https:\/\/www.utrera.org\/wp-content\/uploads\/2020\/02\/PMP-CUARTO-TRIMESTRE-2019..pdf\" target=\"_blank\" rel=\"noopener noreferrer\">A\u00d1O 2019. CUARTO TRIMESTRE<\/a>\r\n\r\n<a title=\"PMP 2TRIMESTRE 2019\" href=\"https:\/\/www.utrera.org\/wp-content\/uploads\/2019\/11\/PMP-TERCER-TRIM.-2019-PARA-WEB.pdf\" target=\"_blank\" rel=\"noopener noreferrer\">A\u00d1O 2019. TERCER TRIMESTRE<\/a>\r\n\r\n<a title=\"PMP 2TRIMESTRE 2019\" href=\"\/wp-content\/uploads\/2019\/08\/PMP-2-TRIM-WEB.pdf\" target=\"_blank\" rel=\"noopener noreferrer\">A\u00d1O 2019. SEGUNDO TRIMESTRE<\/a>\r\n\r\n<a title=\"PMP 1TRIMESTRE 2019\" href=\"\/wp-content\/uploads\/2019\/05\/PMP.-WEB.pdf\" target=\"_blank\" rel=\"noopener noreferrer\">A\u00d1O 2019. PRIMER TRIMESTRE<\/a>\r\n\r\n<a title=\"PMP 4TRIMESTRE 2018\" href=\"\/wp-content\/uploads\/2019\/02\/web2018_Cuartotrimestre_01-41-095-AA-000.pdf\" target=\"_blank\" rel=\"noopener noreferrer\">A\u00d1O 2018. CUARTO TRIMESTRE<\/a>\r\n\r\n<a title=\"PMP 1TRIMESTRE 2018\" href=\"\/wp-content\/uploads\/2018\/05\/PMP_1TRIMESTRE_2018.pdf\" target=\"_blank\" rel=\"noopener noreferrer\">A\u00d1O 2018. PRIMER TRIMESTRE<\/a>\r\n\r\n<a title=\"PMP 4TRIMESTRE 2017\" href=\"\/wp-content\/uploads\/2018\/05\/PMP_4TRIM.2017.pdf\" target=\"_blank\" rel=\"noopener noreferrer\">A\u00d1O 2017. CUARTO TRIMESTRE<\/a>\r\n\r\n<a title=\"PMP 3TRIMESTRE 2017\" href=\"\/wp-content\/uploads\/2018\/05\/PMP_3TRIM2017.pdf\" target=\"_blank\" rel=\"noopener noreferrer\">A\u00d1O 2017. TERCER TRIMESTRE<\/a>\r\n\r\n<a title=\"PMP 2TRIMESTRE 2017\" href=\"\/wp-content\/uploads\/2018\/05\/PMP_2TRIM.2017.pdf\" target=\"_blank\" rel=\"noopener noreferrer\">A\u00d1O 2017. SEGUNDO TRIMESTRE<\/a>\r\n\r\n<a title=\"PMP 1TRIMESTRE 2017\" href=\"\/wp-content\/uploads\/2018\/05\/2017_Primer_trimestre.2.pdf\" target=\"_self\" rel=\"noopener noreferrer\">A\u00d1O 2017. PRIMER TRIMESTRE<\/a>\r\n\r\n<a title=\"PMP 4TRIMESTRE 2016\" href=\"\/wp-content\/uploads\/2018\/05\/4_TRIM_PMP_WEB_AYTO.pdf\" target=\"_blank\" rel=\"noopener noreferrer\">A\u00d1O 2016. CUARTO TRIMESTRE<\/a>\r\n\r\n<a title=\"PMP 3TRIMESTRE 2016\" href=\"\/wp-content\/uploads\/2018\/05\/3_TRIM_PMP_WEB_AYTO.pdf\" target=\"_blank\" rel=\"noopener noreferrer\">A\u00d1O 2016. TERCER TRIMESTRE<\/a>\r\n\r\n<a title=\"PMP 2TRIMESTRE 2016\" href=\"\/wp-content\/uploads\/2018\/05\/2_TRIM_PMP_WEB_AYTO.pdf\" target=\"_blank\" rel=\"noopener noreferrer\">A\u00d1O 2016. SEGUNDO TRIMESTRE<\/a>\r\n\r\n<a title=\"PMP 1TRIMESTRE 2016\" href=\"\/wp-content\/uploads\/2018\/05\/AxO_2016._PRIMER_TRIMESTRE.pdf\" target=\"_blank\" rel=\"noopener noreferrer\">A\u00d1O 2016. PRIMER TRIMESTRE<\/a>\r\n\r\n<a title=\"PMP 4TRIMESTRE 2015\" href=\"\/wp-content\/uploads\/2018\/05\/WEB_PMP_4_TRIM_2015.pdf\" target=\"_blank\" rel=\"noopener noreferrer\">A\u00d1O 2015. CUARTO TRIMESTRE<\/a>","_et_gb_content_width":"","footnotes":""},"class_list":["post-4988","page","type-page","status-publish","hentry"],"yoast_head":"<!-- This site is optimized with the Yoast SEO plugin v27.3 - https:\/\/yoast.com\/product\/yoast-seo-wordpress\/ -->\n<title>PERIODO MEDIO DE PAGO A PROVEEDORES - Ayuntamiento de Utrera<\/title>\n<meta name=\"robots\" content=\"index, follow, max-snippet:-1, max-image-preview:large, max-video-preview:-1\" \/>\n<link rel=\"canonical\" href=\"https:\/\/www.utrera.org\/en\/periodo-medio-de-pago-a-proveedores\/\" \/>\n<meta property=\"og:locale\" content=\"en_GB\" \/>\n<meta property=\"og:type\" content=\"article\" \/>\n<meta property=\"og:title\" content=\"PERIODO MEDIO DE PAGO A PROVEEDORES - Ayuntamiento de Utrera\" \/>\n<meta property=\"og:description\" content=\"Informaci\u00f3n trimestral del periodo medio de pago de la entidad. A\u00d1O 2025. TERCER TRIMESTRE A\u00d1O 2025. SEGUNDO TRIMESTRE A\u00d1O 2025. PRIMER TRIMESTRE A\u00d1O 2024. CUARTO TRIMESTRE A\u00d1O 2024. TERCER TRIMESTRE A\u00d1O 2024. SEGUNDO TRIMESTRE A\u00d1O 2024. PRIMER TRIMESTRE A\u00d1O 2023. CUARTO TRIMESTRE A\u00d1O 2023. TERCER TRIMESTRE A\u00d1O 2023. SEGUNDO TRIMESTRE A\u00d1O 2023. PRIMER TRIMESTRE A\u00d1O [&hellip;]\" \/>\n<meta property=\"og:url\" content=\"https:\/\/www.utrera.org\/en\/periodo-medio-de-pago-a-proveedores\/\" \/>\n<meta property=\"og:site_name\" content=\"Ayuntamiento de Utrera\" \/>\n<meta property=\"article:publisher\" content=\"https:\/\/www.facebook.com\/AyuntamientodeUtrera\/\" \/>\n<meta property=\"article:modified_time\" content=\"2025-11-20T23:50:52+00:00\" \/>\n<meta name=\"twitter:card\" content=\"summary_large_image\" \/>\n<meta name=\"twitter:site\" content=\"@CiudadUtrera\" \/>\n<meta name=\"twitter:label1\" content=\"Est. reading time\" \/>\n\t<meta name=\"twitter:data1\" content=\"1 minute\" \/>\n<script type=\"application\/ld+json\" class=\"yoast-schema-graph\">{\"@context\":\"https:\\\/\\\/schema.org\",\"@graph\":[{\"@type\":\"WebPage\",\"@id\":\"https:\\\/\\\/www.utrera.org\\\/periodo-medio-de-pago-a-proveedores\\\/\",\"url\":\"https:\\\/\\\/www.utrera.org\\\/periodo-medio-de-pago-a-proveedores\\\/\",\"name\":\"PERIODO MEDIO DE PAGO A PROVEEDORES - Ayuntamiento de Utrera\",\"isPartOf\":{\"@id\":\"https:\\\/\\\/www.utrera.org\\\/#website\"},\"datePublished\":\"2018-05-10T08:59:39+00:00\",\"dateModified\":\"2025-11-20T23:50:52+00:00\",\"breadcrumb\":{\"@id\":\"https:\\\/\\\/www.utrera.org\\\/periodo-medio-de-pago-a-proveedores\\\/#breadcrumb\"},\"inLanguage\":\"en-GB\",\"potentialAction\":[{\"@type\":\"ReadAction\",\"target\":[\"https:\\\/\\\/www.utrera.org\\\/periodo-medio-de-pago-a-proveedores\\\/\"]}]},{\"@type\":\"BreadcrumbList\",\"@id\":\"https:\\\/\\\/www.utrera.org\\\/periodo-medio-de-pago-a-proveedores\\\/#breadcrumb\",\"itemListElement\":[{\"@type\":\"ListItem\",\"position\":1,\"name\":\"Inicio\",\"item\":\"https:\\\/\\\/www.utrera.org\\\/\"},{\"@type\":\"ListItem\",\"position\":2,\"name\":\"PERIODO MEDIO DE PAGO A PROVEEDORES\"}]},{\"@type\":\"WebSite\",\"@id\":\"https:\\\/\\\/www.utrera.org\\\/#website\",\"url\":\"https:\\\/\\\/www.utrera.org\\\/\",\"name\":\"Ayuntamiento de Utrera\",\"description\":\"Web Municipal del Ayuntamiento de Utrera\",\"potentialAction\":[{\"@type\":\"SearchAction\",\"target\":{\"@type\":\"EntryPoint\",\"urlTemplate\":\"https:\\\/\\\/www.utrera.org\\\/?s={search_term_string}\"},\"query-input\":{\"@type\":\"PropertyValueSpecification\",\"valueRequired\":true,\"valueName\":\"search_term_string\"}}],\"inLanguage\":\"en-GB\"}]}<\/script>\n<!-- \/ Yoast SEO plugin. -->","yoast_head_json":{"title":"PERIODO MEDIO DE PAGO A PROVEEDORES - Ayuntamiento de Utrera","robots":{"index":"index","follow":"follow","max-snippet":"max-snippet:-1","max-image-preview":"max-image-preview:large","max-video-preview":"max-video-preview:-1"},"canonical":"https:\/\/www.utrera.org\/en\/periodo-medio-de-pago-a-proveedores\/","og_locale":"en_GB","og_type":"article","og_title":"PERIODO MEDIO DE PAGO A PROVEEDORES - Ayuntamiento de Utrera","og_description":"Informaci\u00f3n trimestral del periodo medio de pago de la entidad. A\u00d1O 2025. TERCER TRIMESTRE A\u00d1O 2025. SEGUNDO TRIMESTRE A\u00d1O 2025. PRIMER TRIMESTRE A\u00d1O 2024. CUARTO TRIMESTRE A\u00d1O 2024. TERCER TRIMESTRE A\u00d1O 2024. SEGUNDO TRIMESTRE A\u00d1O 2024. PRIMER TRIMESTRE A\u00d1O 2023. CUARTO TRIMESTRE A\u00d1O 2023. TERCER TRIMESTRE A\u00d1O 2023. SEGUNDO TRIMESTRE A\u00d1O 2023. PRIMER TRIMESTRE A\u00d1O [&hellip;]","og_url":"https:\/\/www.utrera.org\/en\/periodo-medio-de-pago-a-proveedores\/","og_site_name":"Ayuntamiento de Utrera","article_publisher":"https:\/\/www.facebook.com\/AyuntamientodeUtrera\/","article_modified_time":"2025-11-20T23:50:52+00:00","twitter_card":"summary_large_image","twitter_site":"@CiudadUtrera","twitter_misc":{"Est. reading time":"1 minute"},"schema":{"@context":"https:\/\/schema.org","@graph":[{"@type":"WebPage","@id":"https:\/\/www.utrera.org\/periodo-medio-de-pago-a-proveedores\/","url":"https:\/\/www.utrera.org\/periodo-medio-de-pago-a-proveedores\/","name":"PERIODO MEDIO DE PAGO A PROVEEDORES - Ayuntamiento de Utrera","isPartOf":{"@id":"https:\/\/www.utrera.org\/#website"},"datePublished":"2018-05-10T08:59:39+00:00","dateModified":"2025-11-20T23:50:52+00:00","breadcrumb":{"@id":"https:\/\/www.utrera.org\/periodo-medio-de-pago-a-proveedores\/#breadcrumb"},"inLanguage":"en-GB","potentialAction":[{"@type":"ReadAction","target":["https:\/\/www.utrera.org\/periodo-medio-de-pago-a-proveedores\/"]}]},{"@type":"BreadcrumbList","@id":"https:\/\/www.utrera.org\/periodo-medio-de-pago-a-proveedores\/#breadcrumb","itemListElement":[{"@type":"ListItem","position":1,"name":"Inicio","item":"https:\/\/www.utrera.org\/"},{"@type":"ListItem","position":2,"name":"PERIODO MEDIO DE PAGO A PROVEEDORES"}]},{"@type":"WebSite","@id":"https:\/\/www.utrera.org\/#website","url":"https:\/\/www.utrera.org\/","name":"City Council of Utrera","description":"Web Municipal del Ayuntamiento de Utrera","potentialAction":[{"@type":"SearchAction","target":{"@type":"EntryPoint","urlTemplate":"https:\/\/www.utrera.org\/?s={search_term_string}"},"query-input":{"@type":"PropertyValueSpecification","valueRequired":true,"valueName":"search_term_string"}}],"inLanguage":"en-GB"}]}},"_links":{"self":[{"href":"https:\/\/www.utrera.org\/en\/wp-json\/wp\/v2\/pages\/4988","targetHints":{"allow":["GET"]}}],"collection":[{"href":"https:\/\/www.utrera.org\/en\/wp-json\/wp\/v2\/pages"}],"about":[{"href":"https:\/\/www.utrera.org\/en\/wp-json\/wp\/v2\/types\/page"}],"author":[{"embeddable":true,"href":"https:\/\/www.utrera.org\/en\/wp-json\/wp\/v2\/users\/2"}],"replies":[{"embeddable":true,"href":"https:\/\/www.utrera.org\/en\/wp-json\/wp\/v2\/comments?post=4988"}],"version-history":[{"count":26,"href":"https:\/\/www.utrera.org\/en\/wp-json\/wp\/v2\/pages\/4988\/revisions"}],"predecessor-version":[{"id":62178,"href":"https:\/\/www.utrera.org\/en\/wp-json\/wp\/v2\/pages\/4988\/revisions\/62178"}],"wp:attachment":[{"href":"https:\/\/www.utrera.org\/en\/wp-json\/wp\/v2\/media?parent=4988"}],"curies":[{"name":"wp","href":"https:\/\/api.w.org\/{rel}","templated":true}]}}