{"id":4972,"date":"2018-05-10T09:36:56","date_gmt":"2018-05-10T08:36:56","guid":{"rendered":"https:\/\/www.utrera.org\/?page_id=4972"},"modified":"2018-05-10T09:36:56","modified_gmt":"2018-05-10T08:36:56","slug":"campana-de-sensibilizacion-en-absentismo-escolar","status":"publish","type":"page","link":"https:\/\/www.utrera.org\/en\/campana-de-sensibilizacion-en-absentismo-escolar\/","title":{"rendered":"CAMPA\u00d1A DE SENSIBILIZACI\u00d3N EN ABSENTISMO ESCOLAR"},"content":{"rendered":"<p>La Delegaci\u00f3n Municipal de Educaci\u00f3n, dentro del programa sobre Absentismo Escolar que se viene desarrollando en nuestro municipio desde la d\u00e9cada de los 90, comienza estos d\u00edas una campa\u00f1a de sensibilizaci\u00f3n para prevenir y erradicar situaciones de absentismo en los colegios e institutos.<\/p>\n<p>Es responsabilidad de las administraciones velar por el cumplimiento de la escolaridad obligatoria de acuerdo con la normativa vigente, impulsando cuantas acciones sean necesarias para que la asistencia de los alumnos y alumnas a los centros educativos sea una realidad diaria.<\/p>\n<p>En este contexto y con esta intenci\u00f3n se pone en marcha esta campa\u00f1a, bajo el lema NO TE QUEDES EN CASA, NO ABANDONES TU FUTURO, dirigida fundamentalmente al alumnado, aunque el trabajo de detecci\u00f3n de casos as\u00ed como la intervenci\u00f3n con las familias y centros educativos contin\u00faan siendo una prioridad y se llevan a cabo de manera continua desde comienzos de curso.<\/p>","protected":false},"excerpt":{"rendered":"<p>La Delegaci\u00f3n Municipal de Educaci\u00f3n, dentro del programa sobre Absentismo Escolar que se viene desarrollando en nuestro municipio desde la d\u00e9cada de los 90, comienza estos d\u00edas una campa\u00f1a de sensibilizaci\u00f3n para prevenir y erradicar situaciones de absentismo en los colegios e institutos. Es responsabilidad de las administraciones velar por el cumplimiento de la escolaridad [&hellip;]<\/p>\n","protected":false},"author":2,"featured_media":0,"parent":0,"menu_order":0,"comment_status":"closed","ping_status":"closed","template":"","meta":{"_et_pb_use_builder":"","_et_pb_old_content":"","_et_gb_content_width":"","footnotes":""},"class_list":["post-4972","page","type-page","status-publish","hentry"],"yoast_head":"<!-- This site is optimized with the Yoast SEO plugin v27.3 - https:\/\/yoast.com\/product\/yoast-seo-wordpress\/ -->\n<title>CAMPA\u00d1A DE SENSIBILIZACI\u00d3N EN ABSENTISMO ESCOLAR - Ayuntamiento de Utrera<\/title>\n<meta name=\"robots\" content=\"index, follow, max-snippet:-1, max-image-preview:large, max-video-preview:-1\" \/>\n<link rel=\"canonical\" href=\"https:\/\/www.utrera.org\/en\/campana-de-sensibilizacion-en-absentismo-escolar\/\" \/>\n<meta property=\"og:locale\" content=\"en_GB\" \/>\n<meta property=\"og:type\" content=\"article\" \/>\n<meta property=\"og:title\" content=\"CAMPA\u00d1A DE SENSIBILIZACI\u00d3N EN ABSENTISMO ESCOLAR - Ayuntamiento de Utrera\" \/>\n<meta property=\"og:description\" content=\"La Delegaci\u00f3n Municipal de Educaci\u00f3n, dentro del programa sobre Absentismo Escolar que se viene desarrollando en nuestro municipio desde la d\u00e9cada de los 90, comienza estos d\u00edas una campa\u00f1a de sensibilizaci\u00f3n para prevenir y erradicar situaciones de absentismo en los colegios e institutos. Es responsabilidad de las administraciones velar por el cumplimiento de la escolaridad [&hellip;]\" \/>\n<meta property=\"og:url\" content=\"https:\/\/www.utrera.org\/en\/campana-de-sensibilizacion-en-absentismo-escolar\/\" \/>\n<meta property=\"og:site_name\" content=\"Ayuntamiento de Utrera\" \/>\n<meta property=\"article:publisher\" content=\"https:\/\/www.facebook.com\/AyuntamientodeUtrera\/\" \/>\n<meta name=\"twitter:card\" content=\"summary_large_image\" \/>\n<meta name=\"twitter:site\" content=\"@CiudadUtrera\" \/>\n<meta name=\"twitter:label1\" content=\"Est. reading time\" \/>\n\t<meta name=\"twitter:data1\" content=\"1 minute\" \/>\n<script type=\"application\/ld+json\" class=\"yoast-schema-graph\">{\"@context\":\"https:\\\/\\\/schema.org\",\"@graph\":[{\"@type\":\"WebPage\",\"@id\":\"https:\\\/\\\/www.utrera.org\\\/campana-de-sensibilizacion-en-absentismo-escolar\\\/\",\"url\":\"https:\\\/\\\/www.utrera.org\\\/campana-de-sensibilizacion-en-absentismo-escolar\\\/\",\"name\":\"CAMPA\u00d1A DE SENSIBILIZACI\u00d3N EN ABSENTISMO ESCOLAR - Ayuntamiento de Utrera\",\"isPartOf\":{\"@id\":\"https:\\\/\\\/www.utrera.org\\\/#website\"},\"datePublished\":\"2018-05-10T08:36:56+00:00\",\"breadcrumb\":{\"@id\":\"https:\\\/\\\/www.utrera.org\\\/campana-de-sensibilizacion-en-absentismo-escolar\\\/#breadcrumb\"},\"inLanguage\":\"en-GB\",\"potentialAction\":[{\"@type\":\"ReadAction\",\"target\":[\"https:\\\/\\\/www.utrera.org\\\/campana-de-sensibilizacion-en-absentismo-escolar\\\/\"]}]},{\"@type\":\"BreadcrumbList\",\"@id\":\"https:\\\/\\\/www.utrera.org\\\/campana-de-sensibilizacion-en-absentismo-escolar\\\/#breadcrumb\",\"itemListElement\":[{\"@type\":\"ListItem\",\"position\":1,\"name\":\"Inicio\",\"item\":\"https:\\\/\\\/www.utrera.org\\\/\"},{\"@type\":\"ListItem\",\"position\":2,\"name\":\"CAMPA\u00d1A DE SENSIBILIZACI\u00d3N EN ABSENTISMO ESCOLAR\"}]},{\"@type\":\"WebSite\",\"@id\":\"https:\\\/\\\/www.utrera.org\\\/#website\",\"url\":\"https:\\\/\\\/www.utrera.org\\\/\",\"name\":\"Ayuntamiento de Utrera\",\"description\":\"Web Municipal del Ayuntamiento de Utrera\",\"potentialAction\":[{\"@type\":\"SearchAction\",\"target\":{\"@type\":\"EntryPoint\",\"urlTemplate\":\"https:\\\/\\\/www.utrera.org\\\/?s={search_term_string}\"},\"query-input\":{\"@type\":\"PropertyValueSpecification\",\"valueRequired\":true,\"valueName\":\"search_term_string\"}}],\"inLanguage\":\"en-GB\"}]}<\/script>\n<!-- \/ Yoast SEO plugin. -->","yoast_head_json":{"title":"CAMPA\u00d1A DE SENSIBILIZACI\u00d3N EN ABSENTISMO ESCOLAR - Ayuntamiento de Utrera","robots":{"index":"index","follow":"follow","max-snippet":"max-snippet:-1","max-image-preview":"max-image-preview:large","max-video-preview":"max-video-preview:-1"},"canonical":"https:\/\/www.utrera.org\/en\/campana-de-sensibilizacion-en-absentismo-escolar\/","og_locale":"en_GB","og_type":"article","og_title":"CAMPA\u00d1A DE SENSIBILIZACI\u00d3N EN ABSENTISMO ESCOLAR - Ayuntamiento de Utrera","og_description":"La Delegaci\u00f3n Municipal de Educaci\u00f3n, dentro del programa sobre Absentismo Escolar que se viene desarrollando en nuestro municipio desde la d\u00e9cada de los 90, comienza estos d\u00edas una campa\u00f1a de sensibilizaci\u00f3n para prevenir y erradicar situaciones de absentismo en los colegios e institutos. Es responsabilidad de las administraciones velar por el cumplimiento de la escolaridad [&hellip;]","og_url":"https:\/\/www.utrera.org\/en\/campana-de-sensibilizacion-en-absentismo-escolar\/","og_site_name":"Ayuntamiento de Utrera","article_publisher":"https:\/\/www.facebook.com\/AyuntamientodeUtrera\/","twitter_card":"summary_large_image","twitter_site":"@CiudadUtrera","twitter_misc":{"Est. reading time":"1 minute"},"schema":{"@context":"https:\/\/schema.org","@graph":[{"@type":"WebPage","@id":"https:\/\/www.utrera.org\/campana-de-sensibilizacion-en-absentismo-escolar\/","url":"https:\/\/www.utrera.org\/campana-de-sensibilizacion-en-absentismo-escolar\/","name":"CAMPA\u00d1A DE SENSIBILIZACI\u00d3N EN ABSENTISMO ESCOLAR - Ayuntamiento de Utrera","isPartOf":{"@id":"https:\/\/www.utrera.org\/#website"},"datePublished":"2018-05-10T08:36:56+00:00","breadcrumb":{"@id":"https:\/\/www.utrera.org\/campana-de-sensibilizacion-en-absentismo-escolar\/#breadcrumb"},"inLanguage":"en-GB","potentialAction":[{"@type":"ReadAction","target":["https:\/\/www.utrera.org\/campana-de-sensibilizacion-en-absentismo-escolar\/"]}]},{"@type":"BreadcrumbList","@id":"https:\/\/www.utrera.org\/campana-de-sensibilizacion-en-absentismo-escolar\/#breadcrumb","itemListElement":[{"@type":"ListItem","position":1,"name":"Inicio","item":"https:\/\/www.utrera.org\/"},{"@type":"ListItem","position":2,"name":"CAMPA\u00d1A DE SENSIBILIZACI\u00d3N EN ABSENTISMO ESCOLAR"}]},{"@type":"WebSite","@id":"https:\/\/www.utrera.org\/#website","url":"https:\/\/www.utrera.org\/","name":"City Council of Utrera","description":"Web Municipal del Ayuntamiento de Utrera","potentialAction":[{"@type":"SearchAction","target":{"@type":"EntryPoint","urlTemplate":"https:\/\/www.utrera.org\/?s={search_term_string}"},"query-input":{"@type":"PropertyValueSpecification","valueRequired":true,"valueName":"search_term_string"}}],"inLanguage":"en-GB"}]}},"_links":{"self":[{"href":"https:\/\/www.utrera.org\/en\/wp-json\/wp\/v2\/pages\/4972","targetHints":{"allow":["GET"]}}],"collection":[{"href":"https:\/\/www.utrera.org\/en\/wp-json\/wp\/v2\/pages"}],"about":[{"href":"https:\/\/www.utrera.org\/en\/wp-json\/wp\/v2\/types\/page"}],"author":[{"embeddable":true,"href":"https:\/\/www.utrera.org\/en\/wp-json\/wp\/v2\/users\/2"}],"replies":[{"embeddable":true,"href":"https:\/\/www.utrera.org\/en\/wp-json\/wp\/v2\/comments?post=4972"}],"version-history":[{"count":1,"href":"https:\/\/www.utrera.org\/en\/wp-json\/wp\/v2\/pages\/4972\/revisions"}],"predecessor-version":[{"id":40245,"href":"https:\/\/www.utrera.org\/en\/wp-json\/wp\/v2\/pages\/4972\/revisions\/40245"}],"wp:attachment":[{"href":"https:\/\/www.utrera.org\/en\/wp-json\/wp\/v2\/media?parent=4972"}],"curies":[{"name":"wp","href":"https:\/\/api.w.org\/{rel}","templated":true}]}}