{"id":4943,"date":"2018-05-09T17:23:22","date_gmt":"2018-05-09T16:23:22","guid":{"rendered":"https:\/\/www.utrera.org\/?page_id=4943"},"modified":"2024-02-05T14:26:21","modified_gmt":"2024-02-05T13:26:21","slug":"piscina-municipal-cubierta-de-utrera","status":"publish","type":"page","link":"https:\/\/www.utrera.org\/en\/piscina-municipal-cubierta-de-utrera\/","title":{"rendered":"PISCINA MUNICIPAL CUBIERTA DE UTRERA"},"content":{"rendered":"[et_pb_section fb_built=\u00bb1&#8243; _builder_version=\u00bb4.16&#8243; global_colors_info=\u00bb{}\u00bb][et_pb_row column_structure=\u00bb1_3,2_3&#8243; _builder_version=\u00bb4.16&#8243; background_size=\u00bbinitial\u00bb background_position=\u00bbtop_left\u00bb background_repeat=\u00bbrepeat\u00bb global_colors_info=\u00bb{}\u00bb][et_pb_column type=\u00bb1_3&#8243; _builder_version=\u00bb4.16&#8243; custom_padding=\u00bb|||\u00bb global_colors_info=\u00bb{}\u00bb custom_padding__hover=\u00bb|||\u00bb][et_pb_image src=\u00bbhttps:\/\/www.utrera.org\/wp-content\/uploads\/2018\/08\/Centro-deportivo-vistalegre-utrera.jpg\u00bb align_tablet=\u00bbcenter\u00bb align_phone=\u00bbcenter\u00bb align_last_edited=\u00bbon|desktop\u00bb _builder_version=\u00bb4.16&#8243; always_center_on_mobile=\u00bbon\u00bb global_colors_info=\u00bb{}\u00bb][\/et_pb_image][\/et_pb_column][et_pb_column type=\u00bb2_3&#8243; _builder_version=\u00bb4.16&#8243; custom_padding=\u00bb|||\u00bb global_colors_info=\u00bb{}\u00bb custom_padding__hover=\u00bb|||\u00bb][et_pb_text _builder_version=\u00bb4.21.0&#8243; global_colors_info=\u00bb{}\u00bb]\n<p>La Piscina Municipal Cubierta de Utrera est\u00e1 situada en la Zona Deportiva de Vistalegre.<\/p>\n[\/et_pb_text][\/et_pb_column][\/et_pb_row][et_pb_row _builder_version=\u00bb4.16&#8243; background_size=\u00bbinitial\u00bb background_position=\u00bbtop_left\u00bb background_repeat=\u00bbrepeat\u00bb global_colors_info=\u00bb{}\u00bb][et_pb_column type=\u00bb4_4&#8243; _builder_version=\u00bb4.16&#8243; custom_padding=\u00bb|||\u00bb global_colors_info=\u00bb{}\u00bb custom_padding__hover=\u00bb|||\u00bb][et_pb_text _builder_version=\u00bb4.21.0&#8243; hover_enabled=\u00bb0&#8243; global_colors_info=\u00bb{}\u00bb sticky_enabled=\u00bb0&#8243;]\n<div>\n<p><strong>CONTACTO<\/strong><br \/>Tfno.: 676409340<br \/><a href=\"mailto:usuariovistalegre@gmail.com\" target=\"_blank\" rel=\"noopener\">usuariovistalegre@gmail.com<\/a><\/p>\n<p><strong>REDES SOCIALES<\/strong><br \/>Facebook \u201c Centro Deportivo Vistalegre\u201d<\/p>\n<p>&nbsp;<\/p>\n<\/div>\n<div>\n<p><strong>HORARIO APERTURA AL P\u00daBLICO<\/strong><\/p>\n<ul>\n<li>De lunes a viernes de 7.30h. a 23.00h.<\/li>\n<li>S\u00e1bado de 9.00h a 14.00h.<\/li>\n<\/ul>\n<p><strong>\u00bfC\u00d3MO INSCRIBIRSE?<\/strong><\/p>\n<ul>\n<li>Realizar prueba de nivel previa.<\/li>\n<li><strong>Si hay plazas libres<\/strong>: recoger bolet\u00edn de inscripci\u00f3n en recepci\u00f3n y realizar el\u00a0pago de la tasa correspondiente.<\/li>\n<li><strong>Si no hay plazas libres<\/strong>:\u00a0inscripci\u00f3n en lista de espera.<\/li>\n<\/ul>\n<p><strong>FORMA DE PAGO<\/strong><\/p>\n<ul>\n<li>Transferencia Bancaria.<\/li>\n<li>TPV.<\/li>\n<li>Pago en efectivo.<\/li>\n<\/ul>\n<p><strong>ACTIVIDADES A DESARROLLAR<\/strong><\/p>\n<ul>\n<li>Cursos de nataci\u00f3n para todas las edades y niveles.<\/li>\n<li>Nataci\u00f3n salud.<\/li>\n<li>Nataci\u00f3n libre.<\/li>\n<li>Nataci\u00f3n deportiva.<\/li>\n<li>Nataci\u00f3n escolar.<\/li>\n<li>Alquiler calles colectivos.<\/li>\n<\/ul>\n<\/div>\n<p><a title=\"Orden 27 Piscina 2014\" href=\"https:\/\/www.utrera.org\/wp-content\/uploads\/2018\/05\/Orden_27_Piscina_2014.pdf\" target=\"_self\" rel=\"noopener\">Ordenanza Fiscal.<\/a><\/p>\n<p><a title=\"Nuevo Reglamento de Utilizaci\u00f3n Piscinas Municipales de Utrera\" href=\"https:\/\/www.utrera.org\/wp-content\/uploads\/2018\/05\/Nuevo_Reglamento_de_Utilizacixn_Piscinas_Municipales_de_Utrera.pdf\" target=\"_self\" rel=\"noopener\">Reglamento de Piscinas Municipales de Utrera.<\/a><\/p>\n[\/et_pb_text][\/et_pb_column][\/et_pb_row][\/et_pb_section]\n","protected":false},"excerpt":{"rendered":"<p>La Piscina Municipal Cubierta de Utrera est\u00e1 situada en la Zona Deportiva de Vistalegre.<\/p>","protected":false},"author":2,"featured_media":0,"parent":0,"menu_order":0,"comment_status":"closed","ping_status":"closed","template":"","meta":{"_et_pb_use_builder":"on","_et_pb_old_content":"<p>La Piscina Municipal Cubierta de Utrera est\u00e1 situada en la Zona Deportiva de Vistalegre.<\/p><p>\u00a0<\/p><p><strong>HORARIO APERTURA AL P\u00daBLICO<\/strong><\/p><ul><li>De lunes a viernes de 7.30h a 23.00h.<\/li><li>S\u00e1bado de 9.30h a 13.30h.<\/li><\/ul><p>\u00a0<\/p><p><strong>\u00bfC\u00d3MO INSCRIBIRSE?<\/strong><\/p><ul><li>Realizar una prueba de nivel previa.<\/li><li><strong>Si hay plazas libres<\/strong>: recoger el bolet\u00edn de inscripci\u00f3n en recepci\u00f3n y realizar el\u00a0ingreso de la tasa correspondiente.<\/li><li><strong>Si no hay plazas libres<\/strong>:\u00a0inscripci\u00f3n en lista de espera.<\/li><\/ul><p>\u00a0<\/p><p><strong>FORMA DE PAGO<\/strong><\/p><ul><li>Transferencia Bancaria.<\/li><li>Ingreso en\u00a0banco.<\/li><li>Pago en efectivo.<\/li><\/ul><p>\u00a0<\/p><p><strong>ACTIVIDADES A DESARROLLAR<\/strong><\/p><ul><li>Cursos de nataci\u00f3n para todas las edades y niveles.<\/li><li>Nataci\u00f3n salud.<\/li><li>Nataci\u00f3n libre.<\/li><li>Nataci\u00f3n deportiva.<\/li><li>Nataci\u00f3n escolar.<\/li><li>Alquiler calles colectivos.<\/li><\/ul><p>\u00a0<\/p><p><strong>REDES SOCIALES<\/strong><\/p><p><span style=\"color: #c34e5c;\"><a style=\"color: #c34e5c;\" href=\"https:\/\/www.facebook.com\/CentroDeportivoVistalegre\" target=\"_blank\" rel=\"noopener\">Facebook<\/a><\/span><\/p><p>\u00a0<\/p><p><strong>CONTACTO<\/strong><\/p><p>Tfno.: 955898656 \/ 637478130<br \/>centrodeportivovistalegre@gmail.com<\/p><p>\u00a0<\/p><p><a title=\"Orden 27 Piscina 2014\" href=\"https:\/\/www.utrera.org\/wp-content\/uploads\/2018\/05\/Orden_27_Piscina_2014.pdf\" target=\"_self\">Ordenanza Fiscal.<\/a><\/p><p><a title=\"Nuevo Reglamento de Utilizaci\u00f3n Piscinas Municipales de Utrera\" href=\"https:\/\/www.utrera.org\/wp-content\/uploads\/2018\/05\/Nuevo_Reglamento_de_Utilizacixn_Piscinas_Municipales_de_Utrera.pdf\" target=\"_self\">Reglamento de Piscinas Municipales de Utrera.<\/a><\/p>","_et_gb_content_width":"","footnotes":""},"class_list":["post-4943","page","type-page","status-publish","hentry"],"yoast_head":"<!-- This site is optimized with the Yoast SEO plugin v27.3 - https:\/\/yoast.com\/product\/yoast-seo-wordpress\/ -->\n<title>PISCINA MUNICIPAL CUBIERTA DE UTRERA - Ayuntamiento de Utrera<\/title>\n<meta name=\"robots\" content=\"index, follow, max-snippet:-1, max-image-preview:large, max-video-preview:-1\" \/>\n<link rel=\"canonical\" href=\"https:\/\/www.utrera.org\/en\/piscina-municipal-cubierta-de-utrera\/\" \/>\n<meta property=\"og:locale\" content=\"en_GB\" \/>\n<meta property=\"og:type\" content=\"article\" \/>\n<meta property=\"og:title\" content=\"PISCINA MUNICIPAL CUBIERTA DE UTRERA - Ayuntamiento de Utrera\" \/>\n<meta property=\"og:description\" content=\"La Piscina Municipal Cubierta de Utrera est\u00e1 situada en la Zona Deportiva de Vistalegre.\" \/>\n<meta property=\"og:url\" content=\"https:\/\/www.utrera.org\/en\/piscina-municipal-cubierta-de-utrera\/\" \/>\n<meta property=\"og:site_name\" content=\"Ayuntamiento de Utrera\" \/>\n<meta property=\"article:publisher\" content=\"https:\/\/www.facebook.com\/AyuntamientodeUtrera\/\" \/>\n<meta property=\"article:modified_time\" content=\"2024-02-05T13:26:21+00:00\" \/>\n<meta name=\"twitter:card\" content=\"summary_large_image\" \/>\n<meta name=\"twitter:site\" content=\"@CiudadUtrera\" \/>\n<meta name=\"twitter:label1\" content=\"Est. reading time\" \/>\n\t<meta name=\"twitter:data1\" content=\"1 minute\" \/>\n<script type=\"application\/ld+json\" class=\"yoast-schema-graph\">{\"@context\":\"https:\\\/\\\/schema.org\",\"@graph\":[{\"@type\":\"WebPage\",\"@id\":\"https:\\\/\\\/www.utrera.org\\\/piscina-municipal-cubierta-de-utrera\\\/\",\"url\":\"https:\\\/\\\/www.utrera.org\\\/piscina-municipal-cubierta-de-utrera\\\/\",\"name\":\"PISCINA MUNICIPAL CUBIERTA DE UTRERA - Ayuntamiento de Utrera\",\"isPartOf\":{\"@id\":\"https:\\\/\\\/www.utrera.org\\\/#website\"},\"datePublished\":\"2018-05-09T16:23:22+00:00\",\"dateModified\":\"2024-02-05T13:26:21+00:00\",\"breadcrumb\":{\"@id\":\"https:\\\/\\\/www.utrera.org\\\/piscina-municipal-cubierta-de-utrera\\\/#breadcrumb\"},\"inLanguage\":\"en-GB\",\"potentialAction\":[{\"@type\":\"ReadAction\",\"target\":[\"https:\\\/\\\/www.utrera.org\\\/piscina-municipal-cubierta-de-utrera\\\/\"]}]},{\"@type\":\"BreadcrumbList\",\"@id\":\"https:\\\/\\\/www.utrera.org\\\/piscina-municipal-cubierta-de-utrera\\\/#breadcrumb\",\"itemListElement\":[{\"@type\":\"ListItem\",\"position\":1,\"name\":\"Inicio\",\"item\":\"https:\\\/\\\/www.utrera.org\\\/\"},{\"@type\":\"ListItem\",\"position\":2,\"name\":\"PISCINA MUNICIPAL CUBIERTA DE UTRERA\"}]},{\"@type\":\"WebSite\",\"@id\":\"https:\\\/\\\/www.utrera.org\\\/#website\",\"url\":\"https:\\\/\\\/www.utrera.org\\\/\",\"name\":\"Ayuntamiento de Utrera\",\"description\":\"Web Municipal del Ayuntamiento de Utrera\",\"potentialAction\":[{\"@type\":\"SearchAction\",\"target\":{\"@type\":\"EntryPoint\",\"urlTemplate\":\"https:\\\/\\\/www.utrera.org\\\/?s={search_term_string}\"},\"query-input\":{\"@type\":\"PropertyValueSpecification\",\"valueRequired\":true,\"valueName\":\"search_term_string\"}}],\"inLanguage\":\"en-GB\"}]}<\/script>\n<!-- \/ Yoast SEO plugin. -->","yoast_head_json":{"title":"PISCINA MUNICIPAL CUBIERTA DE UTRERA - Ayuntamiento de Utrera","robots":{"index":"index","follow":"follow","max-snippet":"max-snippet:-1","max-image-preview":"max-image-preview:large","max-video-preview":"max-video-preview:-1"},"canonical":"https:\/\/www.utrera.org\/en\/piscina-municipal-cubierta-de-utrera\/","og_locale":"en_GB","og_type":"article","og_title":"PISCINA MUNICIPAL CUBIERTA DE UTRERA - Ayuntamiento de Utrera","og_description":"La Piscina Municipal Cubierta de Utrera est\u00e1 situada en la Zona Deportiva de Vistalegre.","og_url":"https:\/\/www.utrera.org\/en\/piscina-municipal-cubierta-de-utrera\/","og_site_name":"Ayuntamiento de Utrera","article_publisher":"https:\/\/www.facebook.com\/AyuntamientodeUtrera\/","article_modified_time":"2024-02-05T13:26:21+00:00","twitter_card":"summary_large_image","twitter_site":"@CiudadUtrera","twitter_misc":{"Est. reading time":"1 minute"},"schema":{"@context":"https:\/\/schema.org","@graph":[{"@type":"WebPage","@id":"https:\/\/www.utrera.org\/piscina-municipal-cubierta-de-utrera\/","url":"https:\/\/www.utrera.org\/piscina-municipal-cubierta-de-utrera\/","name":"PISCINA MUNICIPAL CUBIERTA DE UTRERA - Ayuntamiento de Utrera","isPartOf":{"@id":"https:\/\/www.utrera.org\/#website"},"datePublished":"2018-05-09T16:23:22+00:00","dateModified":"2024-02-05T13:26:21+00:00","breadcrumb":{"@id":"https:\/\/www.utrera.org\/piscina-municipal-cubierta-de-utrera\/#breadcrumb"},"inLanguage":"en-GB","potentialAction":[{"@type":"ReadAction","target":["https:\/\/www.utrera.org\/piscina-municipal-cubierta-de-utrera\/"]}]},{"@type":"BreadcrumbList","@id":"https:\/\/www.utrera.org\/piscina-municipal-cubierta-de-utrera\/#breadcrumb","itemListElement":[{"@type":"ListItem","position":1,"name":"Inicio","item":"https:\/\/www.utrera.org\/"},{"@type":"ListItem","position":2,"name":"PISCINA MUNICIPAL CUBIERTA DE UTRERA"}]},{"@type":"WebSite","@id":"https:\/\/www.utrera.org\/#website","url":"https:\/\/www.utrera.org\/","name":"City Council of Utrera","description":"Web Municipal del Ayuntamiento de Utrera","potentialAction":[{"@type":"SearchAction","target":{"@type":"EntryPoint","urlTemplate":"https:\/\/www.utrera.org\/?s={search_term_string}"},"query-input":{"@type":"PropertyValueSpecification","valueRequired":true,"valueName":"search_term_string"}}],"inLanguage":"en-GB"}]}},"_links":{"self":[{"href":"https:\/\/www.utrera.org\/en\/wp-json\/wp\/v2\/pages\/4943","targetHints":{"allow":["GET"]}}],"collection":[{"href":"https:\/\/www.utrera.org\/en\/wp-json\/wp\/v2\/pages"}],"about":[{"href":"https:\/\/www.utrera.org\/en\/wp-json\/wp\/v2\/types\/page"}],"author":[{"embeddable":true,"href":"https:\/\/www.utrera.org\/en\/wp-json\/wp\/v2\/users\/2"}],"replies":[{"embeddable":true,"href":"https:\/\/www.utrera.org\/en\/wp-json\/wp\/v2\/comments?post=4943"}],"version-history":[{"count":4,"href":"https:\/\/www.utrera.org\/en\/wp-json\/wp\/v2\/pages\/4943\/revisions"}],"predecessor-version":[{"id":52686,"href":"https:\/\/www.utrera.org\/en\/wp-json\/wp\/v2\/pages\/4943\/revisions\/52686"}],"wp:attachment":[{"href":"https:\/\/www.utrera.org\/en\/wp-json\/wp\/v2\/media?parent=4943"}],"curies":[{"name":"wp","href":"https:\/\/api.w.org\/{rel}","templated":true}]}}