{"id":4941,"date":"2018-05-09T17:22:39","date_gmt":"2018-05-09T16:22:39","guid":{"rendered":"https:\/\/www.utrera.org\/?page_id=4941"},"modified":"2018-08-24T11:47:53","modified_gmt":"2018-08-24T10:47:53","slug":"piscinas-municipales-de-utrera-campana-de-verano","status":"publish","type":"page","link":"https:\/\/www.utrera.org\/en\/piscinas-municipales-de-utrera-campana-de-verano\/","title":{"rendered":"Piscinas Municipales de Utrera Campa\u00f1a de Verano"},"content":{"rendered":"[et_pb_section bb_built=\u00bb1&#8243; fullwidth=\u00bboff\u00bb specialty=\u00bboff\u00bb][et_pb_row][et_pb_column type=\u00bb4_4&#8243;][et_pb_gallery _builder_version=\u00bb3.0.92&#8243; show_title_and_caption=\u00bboff\u00bb show_pagination=\u00bboff\u00bb gallery_ids=\u00bb11170,11171,11172,11173,11174,11175,11176,11177&#8243; fullwidth=\u00bboff\u00bb orientation=\u00bblandscape\u00bb zoom_icon_color=\u00bb#c34e5c\u00bb hover_overlay_color=\u00bbrgba(255,255,255,0.9)\u00bb background_layout=\u00bblight\u00bb pagination_font_size_tablet=\u00bb51&#8243; pagination_line_height_tablet=\u00bb2&#8243; posts_number=\u00bb8&#8243; \/][et_pb_text _builder_version=\u00bb3.0.92&#8243;]\n<p>El municipio de Utrera cuenta con cuatro Piscinas Municipales para las campa\u00f1as de verano, donde cualquier ciudadano\/a puede disfrutar de dichas instalaciones en la \u00e9poca estival.<\/p>\n<p>Las instalaciones con las que cuenta el Municipio de Utrera son:<\/p>\n<ul>\n<li><strong>Piscina Municipal de Utrera<\/strong>: Situada en el interior del Parque de Consolaci\u00f3n, Avda. Jos\u00e9 M\u00aa Trelles s\/n. Dicha instalaci\u00f3n est\u00e1 abierta de martes a viernes de 7,30h a 21,30h para actividades dirigidas, nado libre y de 13,00h a 19,00h para ba\u00f1o recreativo. S\u00e1bados, domingos y festivos est\u00e1 abierta de 12,00h a 20,00h \u00fanicamente para ba\u00f1o recreativo. Los lunes queda cerrada la instalaci\u00f3n para mantenimiento de la misma.<\/li>\n<li><strong>Piscina Municipal de Guadalema de los Quinteros<\/strong>: Situada en la Pedan\u00eda de Guadalema de los Quintero cuyo horario de apertura es de martes a domingo de 12,00h a 20,00h. Los lunes queda cerrada la instalaci\u00f3n para mantenimiento de la misma.<\/li>\n<li><strong>Piscina Municipal de Trajano<\/strong>: Situada en la Pedan\u00eda de Trajano cuyo horario de apertura es de martes a domingo de 12,00h a 20,00h. Los lunes queda cerrada la instalaci\u00f3n para<br \/>\nmantenimiento de la misma.<\/li>\n<li><strong>Piscina Municipal de Pinz\u00f3n<\/strong>: Situada en la Pedan\u00eda de Pinz\u00f3n cuyo horario de apertura es de martes a domingo de 12,00h a 20,00h. Los lunes queda cerrada la instalaci\u00f3n para mantenimiento de la misma.<\/li>\n<\/ul>\n<p><strong>Ordenanza Fiscal n\u00ba 27<\/strong><br \/>\n<strong>A) Para los menores de 12 a\u00f1os, mayores de 65 a\u00f1os y discapacitados de grado superior al 33%:<\/strong><br \/>\nEntrada diaria(excepto domingos y festivos): 2,00 euros<br \/>\nEntrada festivos y domingos: 2,50 euros<br \/>\nBono mensual: 21,00 euros<br \/>\nBono 10 d\u00edas(8 laborales y 2 festivos): *12,50 euros<br \/>\nBono familiar de temporada: **27,30 euros<\/p>\n<p><strong>B) Resto de personas no contempladas en el apartado A) :<\/strong><br \/>\nEntrada diaria(excepto domingos y festivos): 3,00 euros<br \/>\nEntrada festivos y domingos: 4,00 euros<br \/>\nBono mensual: 31,00 euros<br \/>\nBono 10 d\u00edas(8 laborales y 2 festivos): *19,00 euros<br \/>\nBono familiar de temporada: **40,30 euros<\/p>\n<p>*En referencia a los bonos de 10 d\u00edas, tendr\u00e1n caducidad mensual, es decir, deben ser utilizados dentro del mismo mes. Dichos bonos ser\u00e1n v\u00e1lidos para cualquiera de las piscinas municipales de las Pedan\u00edas de Utrera.<br \/>\n**Para formalizar los bonos familiares de temporada para menores de edad, resultar\u00e1 imprescindible la inscripci\u00f3n del padre, madre, tutor\/a o representante legal.<\/p>\n<p>Para aquellas familias que adquieran m\u00e1s de dos bonos mensuales de menores el precio a aplicar a cada uno de ellos ser\u00e1 de 19,00 euros.<\/p>\n<p>Para m\u00e1s informaci\u00f3n pueden enviar email a <a href=\"mailto:piscina@utrera.org\">piscina@utrera.org<\/a>.<\/p>\n[\/et_pb_text][et_pb_gallery _builder_version=\u00bb3.0.92&#8243; show_title_and_caption=\u00bboff\u00bb show_pagination=\u00bboff\u00bb gallery_ids=\u00bb11187,11186,11185,11184,11183,11182,11180,11179&#8243; fullwidth=\u00bboff\u00bb orientation=\u00bblandscape\u00bb zoom_icon_color=\u00bb#c34e5c\u00bb hover_overlay_color=\u00bbrgba(255,255,255,0.9)\u00bb background_layout=\u00bblight\u00bb pagination_font_size_tablet=\u00bb51&#8243; pagination_line_height_tablet=\u00bb2&#8243; posts_number=\u00bb8&#8243; \/][\/et_pb_column][\/et_pb_row][\/et_pb_section]\n","protected":false},"excerpt":{"rendered":"<p>El municipio de Utrera cuenta con cuatro Piscinas Municipales para las campa\u00f1as de verano, donde cualquier ciudadano\/a puede disfrutar de dichas instalaciones en la \u00e9poca estival.<\/p>","protected":false},"author":2,"featured_media":0,"parent":0,"menu_order":0,"comment_status":"closed","ping_status":"closed","template":"","meta":{"_et_pb_use_builder":"on","_et_pb_old_content":"<p>El municipio de Utrera cuenta con cuatro Piscinas Municipales para las campa\u00f1as de verano, donde cualquier ciudadano\/a puede disfrutar de dichas instalaciones en la \u00e9poca estival.<\/p><p>Las instalaciones con las que cuenta el Municipio de Utrera son:<\/p><ul><li><strong>Piscina Municipal de Utrera<\/strong>: Situada en el interior del Parque de Consolaci\u00f3n, Avda. Jos\u00e9 M\u00aa Trelles s\/n. Dicha instalaci\u00f3n est\u00e1 abierta de martes a viernes de 7,30h a 21,30h para actividades dirigidas, nado libre y de 13,00h a 19,00h para ba\u00f1o recreativo. S\u00e1bados, domingos y festivos est\u00e1 abierta de 12,00h a 20,00h \u00fanicamente para ba\u00f1o recreativo. Los lunes queda cerrada la instalaci\u00f3n para mantenimiento de la misma.<\/li><li><strong>Piscina Municipal de Guadalema de los Quinteros<\/strong>: Situada en la Pedan\u00eda de Guadalema de los Quintero cuyo horario de apertura es de martes a domingo de 12,00h a 20,00h. Los lunes queda cerrada la instalaci\u00f3n para mantenimiento de la misma.<\/li><li><strong>Piscina Municipal de Trajano<\/strong>: Situada en la Pedan\u00eda de Trajano cuyo horario de apertura es de martes a domingo de 12,00h a 20,00h. Los lunes queda cerrada la instalaci\u00f3n para<br \/>mantenimiento de la misma.<\/li><li><strong>Piscina Municipal de Pinz\u00f3n<\/strong>: Situada en la Pedan\u00eda de Pinz\u00f3n cuyo horario de apertura es de martes a domingo de 12,00h a 20,00h. Los lunes queda cerrada la instalaci\u00f3n para mantenimiento de la misma.<\/li><\/ul><p><strong>Ordenanza Fiscal n\u00ba 27<\/strong><br \/><strong>A) Para los menores de 12 a\u00f1os, mayores de 65 a\u00f1os y discapacitados de grado superior al 33%:<\/strong><br \/>Entrada diaria(excepto domingos y festivos): 2,00 euros<br \/>Entrada festivos y domingos: 2,50 euros<br \/>Bono mensual: 21,00 euros<br \/>Bono 10 d\u00edas(8 laborales y 2 festivos): *12,50 euros<br \/>Bono familiar de temporada: **27,30 euros<\/p><p><strong>B) Resto de personas no contempladas en el apartado A) :<\/strong><br \/>Entrada diaria(excepto domingos y festivos): 3,00 euros<br \/>Entrada festivos y domingos: 4,00 euros<br \/>Bono mensual: 31,00 euros<br \/>Bono 10 d\u00edas(8 laborales y 2 festivos): *19,00 euros<br \/>Bono familiar de temporada: **40,30 euros<\/p><p>*En referencia a los bonos de 10 d\u00edas, tendr\u00e1n caducidad mensual, es decir, deben ser utilizados dentro del mismo mes. Dichos bonos ser\u00e1n v\u00e1lidos para cualquiera de las piscinas municipales de las Pedan\u00edas de Utrera.<br \/>**Para formalizar los bonos familiares de temporada para menores de edad, resultar\u00e1 imprescindible la inscripci\u00f3n del padre, madre, tutor\/a o representante legal.<\/p><p>Para aquellas familias que adquieran m\u00e1s de dos bonos mensuales de menores el precio a aplicar a cada uno de ellos ser\u00e1 de 19,00 euros.<\/p><p>Para m\u00e1s informaci\u00f3n pueden enviar email a <a href=\"mailto:piscina@utrera.org\">piscina@utrera.org<\/a>.<\/p>","_et_gb_content_width":"","footnotes":""},"class_list":["post-4941","page","type-page","status-publish","hentry"],"yoast_head":"<!-- This site is optimized with the Yoast SEO plugin v27.3 - https:\/\/yoast.com\/product\/yoast-seo-wordpress\/ -->\n<title>Piscinas Municipales de Utrera Campa\u00f1a de Verano - Ayuntamiento de Utrera<\/title>\n<meta name=\"robots\" content=\"index, follow, max-snippet:-1, max-image-preview:large, max-video-preview:-1\" \/>\n<link rel=\"canonical\" href=\"https:\/\/www.utrera.org\/en\/piscinas-municipales-de-utrera-campana-de-verano\/\" \/>\n<meta property=\"og:locale\" content=\"en_GB\" \/>\n<meta property=\"og:type\" content=\"article\" \/>\n<meta property=\"og:title\" content=\"Piscinas Municipales de Utrera Campa\u00f1a de Verano - Ayuntamiento de Utrera\" \/>\n<meta property=\"og:description\" content=\"El municipio de Utrera cuenta con cuatro Piscinas Municipales para las campa\u00f1as de verano, donde cualquier ciudadano\/a puede disfrutar de dichas instalaciones en la \u00e9poca estival.\" \/>\n<meta property=\"og:url\" content=\"https:\/\/www.utrera.org\/en\/piscinas-municipales-de-utrera-campana-de-verano\/\" \/>\n<meta property=\"og:site_name\" content=\"Ayuntamiento de Utrera\" \/>\n<meta property=\"article:publisher\" content=\"https:\/\/www.facebook.com\/AyuntamientodeUtrera\/\" \/>\n<meta property=\"article:modified_time\" content=\"2018-08-24T10:47:53+00:00\" \/>\n<meta name=\"twitter:card\" content=\"summary_large_image\" \/>\n<meta name=\"twitter:site\" content=\"@CiudadUtrera\" \/>\n<meta name=\"twitter:label1\" content=\"Est. reading time\" \/>\n\t<meta name=\"twitter:data1\" content=\"3 minutes\" \/>\n<script type=\"application\/ld+json\" class=\"yoast-schema-graph\">{\"@context\":\"https:\\\/\\\/schema.org\",\"@graph\":[{\"@type\":\"WebPage\",\"@id\":\"https:\\\/\\\/www.utrera.org\\\/piscinas-municipales-de-utrera-campana-de-verano\\\/\",\"url\":\"https:\\\/\\\/www.utrera.org\\\/piscinas-municipales-de-utrera-campana-de-verano\\\/\",\"name\":\"Piscinas Municipales de Utrera Campa\u00f1a de Verano - Ayuntamiento de Utrera\",\"isPartOf\":{\"@id\":\"https:\\\/\\\/www.utrera.org\\\/#website\"},\"datePublished\":\"2018-05-09T16:22:39+00:00\",\"dateModified\":\"2018-08-24T10:47:53+00:00\",\"breadcrumb\":{\"@id\":\"https:\\\/\\\/www.utrera.org\\\/piscinas-municipales-de-utrera-campana-de-verano\\\/#breadcrumb\"},\"inLanguage\":\"en-GB\",\"potentialAction\":[{\"@type\":\"ReadAction\",\"target\":[\"https:\\\/\\\/www.utrera.org\\\/piscinas-municipales-de-utrera-campana-de-verano\\\/\"]}]},{\"@type\":\"BreadcrumbList\",\"@id\":\"https:\\\/\\\/www.utrera.org\\\/piscinas-municipales-de-utrera-campana-de-verano\\\/#breadcrumb\",\"itemListElement\":[{\"@type\":\"ListItem\",\"position\":1,\"name\":\"Inicio\",\"item\":\"https:\\\/\\\/www.utrera.org\\\/\"},{\"@type\":\"ListItem\",\"position\":2,\"name\":\"Piscinas Municipales de Utrera Campa\u00f1a de Verano\"}]},{\"@type\":\"WebSite\",\"@id\":\"https:\\\/\\\/www.utrera.org\\\/#website\",\"url\":\"https:\\\/\\\/www.utrera.org\\\/\",\"name\":\"Ayuntamiento de Utrera\",\"description\":\"Web Municipal del Ayuntamiento de Utrera\",\"potentialAction\":[{\"@type\":\"SearchAction\",\"target\":{\"@type\":\"EntryPoint\",\"urlTemplate\":\"https:\\\/\\\/www.utrera.org\\\/?s={search_term_string}\"},\"query-input\":{\"@type\":\"PropertyValueSpecification\",\"valueRequired\":true,\"valueName\":\"search_term_string\"}}],\"inLanguage\":\"en-GB\"}]}<\/script>\n<!-- \/ Yoast SEO plugin. -->","yoast_head_json":{"title":"Piscinas Municipales de Utrera Campa\u00f1a de Verano - Ayuntamiento de Utrera","robots":{"index":"index","follow":"follow","max-snippet":"max-snippet:-1","max-image-preview":"max-image-preview:large","max-video-preview":"max-video-preview:-1"},"canonical":"https:\/\/www.utrera.org\/en\/piscinas-municipales-de-utrera-campana-de-verano\/","og_locale":"en_GB","og_type":"article","og_title":"Piscinas Municipales de Utrera Campa\u00f1a de Verano - Ayuntamiento de Utrera","og_description":"El municipio de Utrera cuenta con cuatro Piscinas Municipales para las campa\u00f1as de verano, donde cualquier ciudadano\/a puede disfrutar de dichas instalaciones en la \u00e9poca estival.","og_url":"https:\/\/www.utrera.org\/en\/piscinas-municipales-de-utrera-campana-de-verano\/","og_site_name":"Ayuntamiento de Utrera","article_publisher":"https:\/\/www.facebook.com\/AyuntamientodeUtrera\/","article_modified_time":"2018-08-24T10:47:53+00:00","twitter_card":"summary_large_image","twitter_site":"@CiudadUtrera","twitter_misc":{"Est. reading time":"3 minutes"},"schema":{"@context":"https:\/\/schema.org","@graph":[{"@type":"WebPage","@id":"https:\/\/www.utrera.org\/piscinas-municipales-de-utrera-campana-de-verano\/","url":"https:\/\/www.utrera.org\/piscinas-municipales-de-utrera-campana-de-verano\/","name":"Piscinas Municipales de Utrera Campa\u00f1a de Verano - Ayuntamiento de Utrera","isPartOf":{"@id":"https:\/\/www.utrera.org\/#website"},"datePublished":"2018-05-09T16:22:39+00:00","dateModified":"2018-08-24T10:47:53+00:00","breadcrumb":{"@id":"https:\/\/www.utrera.org\/piscinas-municipales-de-utrera-campana-de-verano\/#breadcrumb"},"inLanguage":"en-GB","potentialAction":[{"@type":"ReadAction","target":["https:\/\/www.utrera.org\/piscinas-municipales-de-utrera-campana-de-verano\/"]}]},{"@type":"BreadcrumbList","@id":"https:\/\/www.utrera.org\/piscinas-municipales-de-utrera-campana-de-verano\/#breadcrumb","itemListElement":[{"@type":"ListItem","position":1,"name":"Inicio","item":"https:\/\/www.utrera.org\/"},{"@type":"ListItem","position":2,"name":"Piscinas Municipales de Utrera Campa\u00f1a de Verano"}]},{"@type":"WebSite","@id":"https:\/\/www.utrera.org\/#website","url":"https:\/\/www.utrera.org\/","name":"City Council of Utrera","description":"Web Municipal del Ayuntamiento de Utrera","potentialAction":[{"@type":"SearchAction","target":{"@type":"EntryPoint","urlTemplate":"https:\/\/www.utrera.org\/?s={search_term_string}"},"query-input":{"@type":"PropertyValueSpecification","valueRequired":true,"valueName":"search_term_string"}}],"inLanguage":"en-GB"}]}},"_links":{"self":[{"href":"https:\/\/www.utrera.org\/en\/wp-json\/wp\/v2\/pages\/4941","targetHints":{"allow":["GET"]}}],"collection":[{"href":"https:\/\/www.utrera.org\/en\/wp-json\/wp\/v2\/pages"}],"about":[{"href":"https:\/\/www.utrera.org\/en\/wp-json\/wp\/v2\/types\/page"}],"author":[{"embeddable":true,"href":"https:\/\/www.utrera.org\/en\/wp-json\/wp\/v2\/users\/2"}],"replies":[{"embeddable":true,"href":"https:\/\/www.utrera.org\/en\/wp-json\/wp\/v2\/comments?post=4941"}],"version-history":[{"count":0,"href":"https:\/\/www.utrera.org\/en\/wp-json\/wp\/v2\/pages\/4941\/revisions"}],"wp:attachment":[{"href":"https:\/\/www.utrera.org\/en\/wp-json\/wp\/v2\/media?parent=4941"}],"curies":[{"name":"wp","href":"https:\/\/api.w.org\/{rel}","templated":true}]}}