{"id":4939,"date":"2018-05-09T17:22:00","date_gmt":"2018-05-09T16:22:00","guid":{"rendered":"https:\/\/www.utrera.org\/?page_id=4939"},"modified":"2018-08-24T10:52:13","modified_gmt":"2018-08-24T09:52:13","slug":"ensenanzas-deportivas-del-instituto-andaluz-del-deporte-iad","status":"publish","type":"page","link":"https:\/\/www.utrera.org\/en\/ensenanzas-deportivas-del-instituto-andaluz-del-deporte-iad\/","title":{"rendered":"ENSE\u00d1ANZAS DEPORTIVAS DEL INSTITUTO ANDALUZ DEL DEPORTE (IAD)"},"content":{"rendered":"<p>El Instituto Andaluz del Deporte , centro dependiente de la Consejer\u00eda de Turismo y Deporte, continua su andadura como primer centro p\u00fablico de ense\u00f1anzas deportivas de r\u00e9gimen especial de Andaluc\u00eda, ofreciendo plazas de titulaciones de T\u00e9cnico Deportivo en distintas modalidades deportivas repartidas en sedes de cinco provincias andaluzas.<\/p>\n<p>Para obtener m\u00e1s informaci\u00f3n sobre los plazos de inscripci\u00f3n, fechas de los cursos, precios p\u00fablicos de matr\u00edcula y requisitos de acceso a las distintas ense\u00f1anzas visite la p\u00e1gina <a href=\"http:\/\/www.juntadeandalucia.es\/turismoydeporte\/opencms\/areas\/deporte\/iad\/\" target=\"_blank\" rel=\"noopener\">Web del IAD<\/a>.<\/p>","protected":false},"excerpt":{"rendered":"<p>El Instituto Andaluz del Deporte , centro dependiente de la Consejer\u00eda de Turismo y Deporte, continua su andadura como primer centro p\u00fablico de ense\u00f1anzas deportivas de r\u00e9gimen especial de Andaluc\u00eda, ofreciendo plazas de titulaciones de T\u00e9cnico Deportivo en distintas modalidades deportivas repartidas en sedes de cinco provincias andaluzas. Para obtener m\u00e1s informaci\u00f3n sobre los plazos [&hellip;]<\/p>\n","protected":false},"author":2,"featured_media":0,"parent":0,"menu_order":0,"comment_status":"closed","ping_status":"closed","template":"","meta":{"_et_pb_use_builder":"","_et_pb_old_content":"","_et_gb_content_width":"","footnotes":""},"class_list":["post-4939","page","type-page","status-publish","hentry"],"yoast_head":"<!-- This site is optimized with the Yoast SEO plugin v27.3 - https:\/\/yoast.com\/product\/yoast-seo-wordpress\/ -->\n<title>ENSE\u00d1ANZAS DEPORTIVAS DEL INSTITUTO ANDALUZ DEL DEPORTE (IAD) - Ayuntamiento de Utrera<\/title>\n<meta name=\"robots\" content=\"index, follow, max-snippet:-1, max-image-preview:large, max-video-preview:-1\" \/>\n<link rel=\"canonical\" href=\"https:\/\/www.utrera.org\/en\/ensenanzas-deportivas-del-instituto-andaluz-del-deporte-iad\/\" \/>\n<meta property=\"og:locale\" content=\"en_GB\" \/>\n<meta property=\"og:type\" content=\"article\" \/>\n<meta property=\"og:title\" content=\"ENSE\u00d1ANZAS DEPORTIVAS DEL INSTITUTO ANDALUZ DEL DEPORTE (IAD) - Ayuntamiento de Utrera\" \/>\n<meta property=\"og:description\" content=\"El Instituto Andaluz del Deporte , centro dependiente de la Consejer\u00eda de Turismo y Deporte, continua su andadura como primer centro p\u00fablico de ense\u00f1anzas deportivas de r\u00e9gimen especial de Andaluc\u00eda, ofreciendo plazas de titulaciones de T\u00e9cnico Deportivo en distintas modalidades deportivas repartidas en sedes de cinco provincias andaluzas. Para obtener m\u00e1s informaci\u00f3n sobre los plazos [&hellip;]\" \/>\n<meta property=\"og:url\" content=\"https:\/\/www.utrera.org\/en\/ensenanzas-deportivas-del-instituto-andaluz-del-deporte-iad\/\" \/>\n<meta property=\"og:site_name\" content=\"Ayuntamiento de Utrera\" \/>\n<meta property=\"article:publisher\" content=\"https:\/\/www.facebook.com\/AyuntamientodeUtrera\/\" \/>\n<meta property=\"article:modified_time\" content=\"2018-08-24T09:52:13+00:00\" \/>\n<meta name=\"twitter:card\" content=\"summary_large_image\" \/>\n<meta name=\"twitter:site\" content=\"@CiudadUtrera\" \/>\n<script type=\"application\/ld+json\" class=\"yoast-schema-graph\">{\"@context\":\"https:\\\/\\\/schema.org\",\"@graph\":[{\"@type\":\"WebPage\",\"@id\":\"https:\\\/\\\/www.utrera.org\\\/ensenanzas-deportivas-del-instituto-andaluz-del-deporte-iad\\\/\",\"url\":\"https:\\\/\\\/www.utrera.org\\\/ensenanzas-deportivas-del-instituto-andaluz-del-deporte-iad\\\/\",\"name\":\"ENSE\u00d1ANZAS DEPORTIVAS DEL INSTITUTO ANDALUZ DEL DEPORTE (IAD) - Ayuntamiento de Utrera\",\"isPartOf\":{\"@id\":\"https:\\\/\\\/www.utrera.org\\\/#website\"},\"datePublished\":\"2018-05-09T16:22:00+00:00\",\"dateModified\":\"2018-08-24T09:52:13+00:00\",\"breadcrumb\":{\"@id\":\"https:\\\/\\\/www.utrera.org\\\/ensenanzas-deportivas-del-instituto-andaluz-del-deporte-iad\\\/#breadcrumb\"},\"inLanguage\":\"en-GB\",\"potentialAction\":[{\"@type\":\"ReadAction\",\"target\":[\"https:\\\/\\\/www.utrera.org\\\/ensenanzas-deportivas-del-instituto-andaluz-del-deporte-iad\\\/\"]}]},{\"@type\":\"BreadcrumbList\",\"@id\":\"https:\\\/\\\/www.utrera.org\\\/ensenanzas-deportivas-del-instituto-andaluz-del-deporte-iad\\\/#breadcrumb\",\"itemListElement\":[{\"@type\":\"ListItem\",\"position\":1,\"name\":\"Inicio\",\"item\":\"https:\\\/\\\/www.utrera.org\\\/\"},{\"@type\":\"ListItem\",\"position\":2,\"name\":\"ENSE\u00d1ANZAS DEPORTIVAS DEL INSTITUTO ANDALUZ DEL DEPORTE (IAD)\"}]},{\"@type\":\"WebSite\",\"@id\":\"https:\\\/\\\/www.utrera.org\\\/#website\",\"url\":\"https:\\\/\\\/www.utrera.org\\\/\",\"name\":\"Ayuntamiento de Utrera\",\"description\":\"Web Municipal del Ayuntamiento de Utrera\",\"potentialAction\":[{\"@type\":\"SearchAction\",\"target\":{\"@type\":\"EntryPoint\",\"urlTemplate\":\"https:\\\/\\\/www.utrera.org\\\/?s={search_term_string}\"},\"query-input\":{\"@type\":\"PropertyValueSpecification\",\"valueRequired\":true,\"valueName\":\"search_term_string\"}}],\"inLanguage\":\"en-GB\"}]}<\/script>\n<!-- \/ Yoast SEO plugin. -->","yoast_head_json":{"title":"ENSE\u00d1ANZAS DEPORTIVAS DEL INSTITUTO ANDALUZ DEL DEPORTE (IAD) - Ayuntamiento de Utrera","robots":{"index":"index","follow":"follow","max-snippet":"max-snippet:-1","max-image-preview":"max-image-preview:large","max-video-preview":"max-video-preview:-1"},"canonical":"https:\/\/www.utrera.org\/en\/ensenanzas-deportivas-del-instituto-andaluz-del-deporte-iad\/","og_locale":"en_GB","og_type":"article","og_title":"ENSE\u00d1ANZAS DEPORTIVAS DEL INSTITUTO ANDALUZ DEL DEPORTE (IAD) - Ayuntamiento de Utrera","og_description":"El Instituto Andaluz del Deporte , centro dependiente de la Consejer\u00eda de Turismo y Deporte, continua su andadura como primer centro p\u00fablico de ense\u00f1anzas deportivas de r\u00e9gimen especial de Andaluc\u00eda, ofreciendo plazas de titulaciones de T\u00e9cnico Deportivo en distintas modalidades deportivas repartidas en sedes de cinco provincias andaluzas. Para obtener m\u00e1s informaci\u00f3n sobre los plazos [&hellip;]","og_url":"https:\/\/www.utrera.org\/en\/ensenanzas-deportivas-del-instituto-andaluz-del-deporte-iad\/","og_site_name":"Ayuntamiento de Utrera","article_publisher":"https:\/\/www.facebook.com\/AyuntamientodeUtrera\/","article_modified_time":"2018-08-24T09:52:13+00:00","twitter_card":"summary_large_image","twitter_site":"@CiudadUtrera","schema":{"@context":"https:\/\/schema.org","@graph":[{"@type":"WebPage","@id":"https:\/\/www.utrera.org\/ensenanzas-deportivas-del-instituto-andaluz-del-deporte-iad\/","url":"https:\/\/www.utrera.org\/ensenanzas-deportivas-del-instituto-andaluz-del-deporte-iad\/","name":"ENSE\u00d1ANZAS DEPORTIVAS DEL INSTITUTO ANDALUZ DEL DEPORTE (IAD) - Ayuntamiento de Utrera","isPartOf":{"@id":"https:\/\/www.utrera.org\/#website"},"datePublished":"2018-05-09T16:22:00+00:00","dateModified":"2018-08-24T09:52:13+00:00","breadcrumb":{"@id":"https:\/\/www.utrera.org\/ensenanzas-deportivas-del-instituto-andaluz-del-deporte-iad\/#breadcrumb"},"inLanguage":"en-GB","potentialAction":[{"@type":"ReadAction","target":["https:\/\/www.utrera.org\/ensenanzas-deportivas-del-instituto-andaluz-del-deporte-iad\/"]}]},{"@type":"BreadcrumbList","@id":"https:\/\/www.utrera.org\/ensenanzas-deportivas-del-instituto-andaluz-del-deporte-iad\/#breadcrumb","itemListElement":[{"@type":"ListItem","position":1,"name":"Inicio","item":"https:\/\/www.utrera.org\/"},{"@type":"ListItem","position":2,"name":"ENSE\u00d1ANZAS DEPORTIVAS DEL INSTITUTO ANDALUZ DEL DEPORTE (IAD)"}]},{"@type":"WebSite","@id":"https:\/\/www.utrera.org\/#website","url":"https:\/\/www.utrera.org\/","name":"City Council of Utrera","description":"Web Municipal del Ayuntamiento de Utrera","potentialAction":[{"@type":"SearchAction","target":{"@type":"EntryPoint","urlTemplate":"https:\/\/www.utrera.org\/?s={search_term_string}"},"query-input":{"@type":"PropertyValueSpecification","valueRequired":true,"valueName":"search_term_string"}}],"inLanguage":"en-GB"}]}},"_links":{"self":[{"href":"https:\/\/www.utrera.org\/en\/wp-json\/wp\/v2\/pages\/4939","targetHints":{"allow":["GET"]}}],"collection":[{"href":"https:\/\/www.utrera.org\/en\/wp-json\/wp\/v2\/pages"}],"about":[{"href":"https:\/\/www.utrera.org\/en\/wp-json\/wp\/v2\/types\/page"}],"author":[{"embeddable":true,"href":"https:\/\/www.utrera.org\/en\/wp-json\/wp\/v2\/users\/2"}],"replies":[{"embeddable":true,"href":"https:\/\/www.utrera.org\/en\/wp-json\/wp\/v2\/comments?post=4939"}],"version-history":[{"count":0,"href":"https:\/\/www.utrera.org\/en\/wp-json\/wp\/v2\/pages\/4939\/revisions"}],"wp:attachment":[{"href":"https:\/\/www.utrera.org\/en\/wp-json\/wp\/v2\/media?parent=4939"}],"curies":[{"name":"wp","href":"https:\/\/api.w.org\/{rel}","templated":true}]}}