{"id":4934,"date":"2018-05-09T17:12:33","date_gmt":"2018-05-09T16:12:33","guid":{"rendered":"https:\/\/www.utrera.org\/?page_id=4934"},"modified":"2018-08-24T10:50:49","modified_gmt":"2018-08-24T09:50:49","slug":"escuelas-deportivas-municipales","status":"publish","type":"page","link":"https:\/\/www.utrera.org\/en\/escuelas-deportivas-municipales\/","title":{"rendered":"ESCUELAS DEPORTIVAS MUNICIPALES"},"content":{"rendered":"<p>El <strong>Excmo. Ayuntamiento de Utrera<\/strong> a trav\u00e9s de la <strong>Delegaci\u00f3n de Deportes<\/strong> en colaboraci\u00f3n con diversas Asociaciones y Club Deportivos de nuestra localidad, ponen en marcha las <strong>Local Sports Schools<\/strong>. En la actualidad existen las siguientes modalidades deportivas:<\/p>\n<p style=\"padding-left: 30px;\">\u2022 F\u00fatbol.<br \/>\n\u2022 Baloncesto.<br \/>\n\u2022 Balonmano.<br \/>\n\u2022 Voleibol.<br \/>\n\u2022 Atletismo.<br \/>\n\u2022 Ajedrez.<br \/>\n\u2022 Nataci\u00f3n.<br \/>\n\u2022 Tenis de mesa.<br \/>\n\u2022 Tenis.<br \/>\n\u2022 Padel.<br \/>\n\u2022 Triatl\u00f3n.<br \/>\n\u2022 Orientaci\u00f3n.<\/p>\n<p>Para cualquier informaci\u00f3n pueden ponerse en contacto con cualquiera de las Escuelas Deportivas Municipales a trav\u00e9s de las Asociaciones y Club Deportivos o bien a trav\u00e9s de la Delegaci\u00f3n de Deportes en el tel\u00e9fono 955866016 o en el email <a href=\"mailto:deportes@utrera.org\">deportes@utrera.org<\/a>.<\/p>\n<p><strong>\u00a1 AP\u00daNTATE YA!<\/strong><\/p>","protected":false},"excerpt":{"rendered":"<p>El Excmo. Ayuntamiento de Utrera a trav\u00e9s de la Delegaci\u00f3n de Deportes en colaboraci\u00f3n con diversas Asociaciones y Club Deportivos de nuestra localidad, ponen en marcha las Escuelas Deportivas Municipales.<\/p>","protected":false},"author":2,"featured_media":0,"parent":0,"menu_order":0,"comment_status":"closed","ping_status":"closed","template":"","meta":{"_et_pb_use_builder":"","_et_pb_old_content":"","_et_gb_content_width":"","footnotes":""},"class_list":["post-4934","page","type-page","status-publish","hentry"],"yoast_head":"<!-- This site is optimized with the Yoast SEO plugin v27.3 - https:\/\/yoast.com\/product\/yoast-seo-wordpress\/ -->\n<title>ESCUELAS DEPORTIVAS MUNICIPALES - Ayuntamiento de Utrera<\/title>\n<meta name=\"robots\" content=\"index, follow, max-snippet:-1, max-image-preview:large, max-video-preview:-1\" \/>\n<link rel=\"canonical\" href=\"https:\/\/www.utrera.org\/en\/escuelas-deportivas-municipales\/\" \/>\n<meta property=\"og:locale\" content=\"en_GB\" \/>\n<meta property=\"og:type\" content=\"article\" \/>\n<meta property=\"og:title\" content=\"ESCUELAS DEPORTIVAS MUNICIPALES - Ayuntamiento de Utrera\" \/>\n<meta property=\"og:description\" content=\"El Excmo. Ayuntamiento de Utrera a trav\u00e9s de la Delegaci\u00f3n de Deportes en colaboraci\u00f3n con diversas Asociaciones y Club Deportivos de nuestra localidad, ponen en marcha las Escuelas Deportivas Municipales.\" \/>\n<meta property=\"og:url\" content=\"https:\/\/www.utrera.org\/en\/escuelas-deportivas-municipales\/\" \/>\n<meta property=\"og:site_name\" content=\"Ayuntamiento de Utrera\" \/>\n<meta property=\"article:publisher\" content=\"https:\/\/www.facebook.com\/AyuntamientodeUtrera\/\" \/>\n<meta property=\"article:modified_time\" content=\"2018-08-24T09:50:49+00:00\" \/>\n<meta name=\"twitter:card\" content=\"summary_large_image\" \/>\n<meta name=\"twitter:site\" content=\"@CiudadUtrera\" \/>\n<meta name=\"twitter:label1\" content=\"Est. reading time\" \/>\n\t<meta name=\"twitter:data1\" content=\"1 minute\" \/>\n<script type=\"application\/ld+json\" class=\"yoast-schema-graph\">{\"@context\":\"https:\\\/\\\/schema.org\",\"@graph\":[{\"@type\":\"WebPage\",\"@id\":\"https:\\\/\\\/www.utrera.org\\\/escuelas-deportivas-municipales\\\/\",\"url\":\"https:\\\/\\\/www.utrera.org\\\/escuelas-deportivas-municipales\\\/\",\"name\":\"ESCUELAS DEPORTIVAS MUNICIPALES - Ayuntamiento de Utrera\",\"isPartOf\":{\"@id\":\"https:\\\/\\\/www.utrera.org\\\/#website\"},\"datePublished\":\"2018-05-09T16:12:33+00:00\",\"dateModified\":\"2018-08-24T09:50:49+00:00\",\"breadcrumb\":{\"@id\":\"https:\\\/\\\/www.utrera.org\\\/escuelas-deportivas-municipales\\\/#breadcrumb\"},\"inLanguage\":\"en-GB\",\"potentialAction\":[{\"@type\":\"ReadAction\",\"target\":[\"https:\\\/\\\/www.utrera.org\\\/escuelas-deportivas-municipales\\\/\"]}]},{\"@type\":\"BreadcrumbList\",\"@id\":\"https:\\\/\\\/www.utrera.org\\\/escuelas-deportivas-municipales\\\/#breadcrumb\",\"itemListElement\":[{\"@type\":\"ListItem\",\"position\":1,\"name\":\"Inicio\",\"item\":\"https:\\\/\\\/www.utrera.org\\\/\"},{\"@type\":\"ListItem\",\"position\":2,\"name\":\"ESCUELAS DEPORTIVAS MUNICIPALES\"}]},{\"@type\":\"WebSite\",\"@id\":\"https:\\\/\\\/www.utrera.org\\\/#website\",\"url\":\"https:\\\/\\\/www.utrera.org\\\/\",\"name\":\"Ayuntamiento de Utrera\",\"description\":\"Web Municipal del Ayuntamiento de Utrera\",\"potentialAction\":[{\"@type\":\"SearchAction\",\"target\":{\"@type\":\"EntryPoint\",\"urlTemplate\":\"https:\\\/\\\/www.utrera.org\\\/?s={search_term_string}\"},\"query-input\":{\"@type\":\"PropertyValueSpecification\",\"valueRequired\":true,\"valueName\":\"search_term_string\"}}],\"inLanguage\":\"en-GB\"}]}<\/script>\n<!-- \/ Yoast SEO plugin. -->","yoast_head_json":{"title":"ESCUELAS DEPORTIVAS MUNICIPALES - Ayuntamiento de Utrera","robots":{"index":"index","follow":"follow","max-snippet":"max-snippet:-1","max-image-preview":"max-image-preview:large","max-video-preview":"max-video-preview:-1"},"canonical":"https:\/\/www.utrera.org\/en\/escuelas-deportivas-municipales\/","og_locale":"en_GB","og_type":"article","og_title":"ESCUELAS DEPORTIVAS MUNICIPALES - Ayuntamiento de Utrera","og_description":"El Excmo. Ayuntamiento de Utrera a trav\u00e9s de la Delegaci\u00f3n de Deportes en colaboraci\u00f3n con diversas Asociaciones y Club Deportivos de nuestra localidad, ponen en marcha las Escuelas Deportivas Municipales.","og_url":"https:\/\/www.utrera.org\/en\/escuelas-deportivas-municipales\/","og_site_name":"Ayuntamiento de Utrera","article_publisher":"https:\/\/www.facebook.com\/AyuntamientodeUtrera\/","article_modified_time":"2018-08-24T09:50:49+00:00","twitter_card":"summary_large_image","twitter_site":"@CiudadUtrera","twitter_misc":{"Est. reading time":"1 minute"},"schema":{"@context":"https:\/\/schema.org","@graph":[{"@type":"WebPage","@id":"https:\/\/www.utrera.org\/escuelas-deportivas-municipales\/","url":"https:\/\/www.utrera.org\/escuelas-deportivas-municipales\/","name":"ESCUELAS DEPORTIVAS MUNICIPALES - Ayuntamiento de Utrera","isPartOf":{"@id":"https:\/\/www.utrera.org\/#website"},"datePublished":"2018-05-09T16:12:33+00:00","dateModified":"2018-08-24T09:50:49+00:00","breadcrumb":{"@id":"https:\/\/www.utrera.org\/escuelas-deportivas-municipales\/#breadcrumb"},"inLanguage":"en-GB","potentialAction":[{"@type":"ReadAction","target":["https:\/\/www.utrera.org\/escuelas-deportivas-municipales\/"]}]},{"@type":"BreadcrumbList","@id":"https:\/\/www.utrera.org\/escuelas-deportivas-municipales\/#breadcrumb","itemListElement":[{"@type":"ListItem","position":1,"name":"Inicio","item":"https:\/\/www.utrera.org\/"},{"@type":"ListItem","position":2,"name":"ESCUELAS DEPORTIVAS MUNICIPALES"}]},{"@type":"WebSite","@id":"https:\/\/www.utrera.org\/#website","url":"https:\/\/www.utrera.org\/","name":"City Council of Utrera","description":"Web Municipal del Ayuntamiento de Utrera","potentialAction":[{"@type":"SearchAction","target":{"@type":"EntryPoint","urlTemplate":"https:\/\/www.utrera.org\/?s={search_term_string}"},"query-input":{"@type":"PropertyValueSpecification","valueRequired":true,"valueName":"search_term_string"}}],"inLanguage":"en-GB"}]}},"_links":{"self":[{"href":"https:\/\/www.utrera.org\/en\/wp-json\/wp\/v2\/pages\/4934","targetHints":{"allow":["GET"]}}],"collection":[{"href":"https:\/\/www.utrera.org\/en\/wp-json\/wp\/v2\/pages"}],"about":[{"href":"https:\/\/www.utrera.org\/en\/wp-json\/wp\/v2\/types\/page"}],"author":[{"embeddable":true,"href":"https:\/\/www.utrera.org\/en\/wp-json\/wp\/v2\/users\/2"}],"replies":[{"embeddable":true,"href":"https:\/\/www.utrera.org\/en\/wp-json\/wp\/v2\/comments?post=4934"}],"version-history":[{"count":0,"href":"https:\/\/www.utrera.org\/en\/wp-json\/wp\/v2\/pages\/4934\/revisions"}],"wp:attachment":[{"href":"https:\/\/www.utrera.org\/en\/wp-json\/wp\/v2\/media?parent=4934"}],"curies":[{"name":"wp","href":"https:\/\/api.w.org\/{rel}","templated":true}]}}