{"id":4895,"date":"2018-05-09T15:51:29","date_gmt":"2018-05-09T14:51:29","guid":{"rendered":"https:\/\/www.utrera.org\/?page_id=4895"},"modified":"2019-04-17T12:04:57","modified_gmt":"2019-04-17T11:04:57","slug":"presupuesto-2016","status":"publish","type":"page","link":"https:\/\/www.utrera.org\/en\/presupuesto-2016\/","title":{"rendered":"PRESUPUESTO 2016"},"content":{"rendered":"[et_pb_section bb_built=\u00bb1&#8243;][et_pb_row][et_pb_column type=\u00bb4_4&#8243;][et_pb_text _builder_version=\u00bb3.0.92&#8243; background_layout=\u00bblight\u00bb]\n<ol>\n<li><a title=\"memoria de alcald\u00eda 2016\" href=\"https:\/\/www.utrera.org\/wp-content\/uploads\/2019\/04\/memoria_de_alcaldxa_2016.pdf\" target=\"_blank\" rel=\"noopener\">MEMORIA DE ALCALD\u00cdA<br \/>\n<\/a><\/li>\n<li><a title=\"RESUMEN GASTOS 2016\" href=\"https:\/\/www.utrera.org\/opencms\/export\/sites\/default\/utrera\/galeria\/download\/RESUMEN_GASTOS_2016.pdf\" target=\"_self\">RESUMEN DE GASTOS<\/a><\/li>\n<li><a title=\"ESTADO DE GASTOS 2016\" href=\"https:\/\/www.utrera.org\/wp-content\/uploads\/2019\/04\/RESUMEN_GASTOS_2016.pdf\" target=\"_blank\" rel=\"noopener\">ESTADO DE GASTOS<\/a><\/li>\n<li><a title=\"RESUMEN INGRESOS 2016\" href=\"https:\/\/www.utrera.org\/wp-content\/uploads\/2019\/04\/RESUMEN_INGRESOS_2016.pdf\" target=\"_blank\" rel=\"noopener\">RESUMEN DE INGRESOS<\/a><\/li>\n<li><a title=\"ESTADO DE INGRESOS 2016\" href=\"https:\/\/www.utrera.org\/wp-content\/uploads\/2019\/04\/ESTADO_DE_INGRESOS_2016.pdf\" target=\"_blank\" rel=\"noopener\">ESTADO DE INGRESOS<br \/>\n<\/a><\/li>\n<li><a title=\"Informe Intervenci\u00f3n Presupuesto 2016\" href=\"https:\/\/www.utrera.org\/wp-content\/uploads\/2019\/04\/Informe_Intervencixn_Presupuesto_2016.pdf\" target=\"_blank\" rel=\"noopener\">INFORME DE INTERVENCI\u00d3N PRESUPUESTO<br \/>\n<\/a><\/li>\n<li><a title=\"Informe Estabilidad Presupuestaria y Regla de Gasto 2016\" href=\"https:\/\/www.utrera.org\/wp-content\/uploads\/2019\/04\/Informe_Estabilidad_Presupuestaria_y_Regla_de_Gasto_2016.pdf\" target=\"_blank\" rel=\"noopener\">INFORME DE ESTABILIDAD<br \/>\n<\/a><\/li>\n<li><a title=\"Informe Presupuesto RRHH 2016\" href=\"https:\/\/www.utrera.org\/wp-content\/uploads\/2019\/04\/Informe_Presupuesto_RRHH_2016.pdf\" target=\"_blank\" rel=\"noopener\">INFORME RECURSOS HUMANOS<\/a><\/li>\n<li><a title=\"ESTADO DE LA DEUDA 2016\" href=\"https:\/\/www.utrera.org\/wp-content\/uploads\/2019\/04\/ESTADO_DE_LA_DEUDA_2016.pdf\" target=\"_blank\" rel=\"noopener\">ESTADO DE LA DEUDA<\/a><\/li>\n<li><a title=\"BASES DE EJECUCI\u00d3N 2016\" href=\"https:\/\/www.utrera.org\/wp-content\/uploads\/2019\/04\/BASES_DE_EJECUCIxN_2016.pdf\" target=\"_blank\" rel=\"noopener\">BASES DE EJECUCI\u00d3N<\/a><\/li>\n<li><a title=\"RPT 2016\" href=\"https:\/\/www.utrera.org\/wp-content\/uploads\/2019\/04\/RPT_2016.pdf\" target=\"_blank\" rel=\"noopener\">RPT<br \/>\n<\/a><\/li>\n<li><a title=\"ANEXO INVERSIONES 2016\" href=\"https:\/\/www.utrera.org\/wp-content\/uploads\/2019\/04\/ANEXO_INVERSIONES_2016.pdf\" target=\"_blank\" rel=\"noopener\">ANEXO DE INVERSIONES<\/a><a href=\"https:\/\/www.utrera.org\/opencms\/export\/sites\/default\/utrera\/galeria\/download\/ANEXO_INVERSIONES_2016.pdf\"><br \/>\n<\/a><\/li>\n<li>MODIFICACIONES PRESUPUESTARIAS\n<ol>\n<li><a title=\"INCORPORACIONES DE REMANENTES 2016\" href=\"https:\/\/www.utrera.org\/wp-content\/uploads\/2019\/04\/INCORPORACIONES_DE_REMANENTES_2016-1.pdf\" target=\"_blank\" rel=\"noopener\">INCORPORACIONES DE REMANENTES<br \/>\n<\/a><\/li>\n<li><a title=\"GENERACIONES CR\u00c9DITO 2016\" href=\"https:\/\/www.utrera.org\/wp-content\/uploads\/2019\/04\/GENERACIONES_CRxDITO_2016-1.pdf\" target=\"_blank\" rel=\"noopener\">GENERACIONES DE CR\u00c9DITOS<br \/>\n<\/a><\/li>\n<li><a title=\"CR\u00c9DITOS EXTRAORDINARIOS 2016\" href=\"https:\/\/www.utrera.org\/wp-content\/uploads\/2019\/04\/CRxDITOS_EXTRAORDINARIOS_2016-1.pdf\" target=\"_blank\" rel=\"noopener\">CR\u00c9DITOS EXTRAORDINARIOS<br \/>\n<\/a><\/li>\n<li><a title=\"SUPLEMENTOS DE CR\u00c9DITO 2016\" href=\"https:\/\/www.utrera.org\/wp-content\/uploads\/2019\/04\/SUPLEMENTOS_DE_CRxDITO_2016-1.pdf\" target=\"_blank\" rel=\"noopener\">SUPLEMENTOS DE CR\u00c9DITO<br \/>\n<\/a><\/li>\n<li>TRANSFERENCIAS DE CR\u00c9DITO\n<ol>\n<li><a title=\"TRANSFERENCIAS DE CR\u00c9DITO AC.PLENO\" href=\"https:\/\/www.utrera.org\/wp-content\/uploads\/2019\/04\/TRANSFERENCIAS_DE_CRxDITO_AC.PLENO_-1.pdf\" target=\"_blank\" rel=\"noopener\">TRANSFERENCIAS DE CR\u00c9DITO POR ACUERDO PLENARIO<\/a><\/li>\n<li><a title=\"TRANSFERENCIAS DE CR\u00c9DITO CAP.1 2016\" href=\"https:\/\/www.utrera.org\/wp-content\/uploads\/2019\/04\/TRANSFERENCIAS_DE_CRxDITO_CAP.1_2016-1.pdf\" target=\"_blank\" rel=\"noopener\">TRANSFERENCIAS DE CR\u00c9DITO\u00a0 DE CAP\u00cdTULO 1<br \/>\n<\/a><\/li>\n<li><a title=\"RESTO TRANSFERENCIAS DE CR\u00c9DITO 2016\" href=\"https:\/\/www.utrera.org\/wp-content\/uploads\/2019\/04\/RESTO_TRANSFERENCIAS_DE_CRxDITO_2016-1.pdf\" target=\"_blank\" rel=\"noopener\">RESTO TRANSFERENCIAS DE CR\u00c9DITO<\/a><\/li>\n<\/ol>\n<\/li>\n<\/ol>\n<\/li>\n<\/ol>\n[\/et_pb_text][\/et_pb_column][\/et_pb_row][\/et_pb_section]\n","protected":false},"excerpt":{"rendered":"<p><div class=\"et_pb_row et_pb_row_0 et_pb_row_empty\">\n\t\t\t\t\n\t\t\t\t\n\t\t\t\t\n\t\t\t\t\n\t\t\t\t\n\t\t\t<\/div> MEMORIA DE ALCALD\u00cdA RESUMEN DE GASTOS ESTADO DE GASTOS RESUMEN DE INGRESOS ESTADO DE INGRESOS INFORME DE INTERVENCI\u00d3N PRESUPUESTO INFORME DE ESTABILIDAD INFORME RECURSOS HUMANOS ESTADO DE LA DEUDA BASES DE EJECUCI\u00d3N RPT ANEXO DE INVERSIONES MODIFICACIONES PRESUPUESTARIAS INCORPORACIONES DE REMANENTES GENERACIONES DE CR\u00c9DITOS CR\u00c9DITOS EXTRAORDINARIOS SUPLEMENTOS DE CR\u00c9DITO TRANSFERENCIAS DE CR\u00c9DITO TRANSFERENCIAS DE [&hellip;]<\/p>\n","protected":false},"author":2,"featured_media":0,"parent":0,"menu_order":0,"comment_status":"closed","ping_status":"closed","template":"","meta":{"_et_pb_use_builder":"on","_et_pb_old_content":"<ol><li><a title=\"memoria de alcald\u00eda 2016\" href=\"https:\/\/www.utrera.org\/opencms\/export\/sites\/default\/utrera\/galeria\/download\/memoria_de_alcaldxa_2016.pdf\" target=\"_self\">MEMORIA DE ALCALD\u00cdA\u00a0<br \/><\/a><\/li><li><a title=\"RESUMEN GASTOS 2016\" href=\"https:\/\/www.utrera.org\/opencms\/export\/sites\/default\/utrera\/galeria\/download\/RESUMEN_GASTOS_2016.pdf\" target=\"_self\">RESUMEN DE GASTOS<\/a><\/li><li><a title=\"ESTADO DE GASTOS 2016\" href=\"https:\/\/www.utrera.org\/opencms\/export\/sites\/default\/utrera\/galeria\/download\/ESTADO_DE_GASTOS_2016.pdf\" target=\"_self\">ESTADO DE GASTOS<\/a><\/li><li><a title=\"RESUMEN INGRESOS 2016\" href=\"https:\/\/www.utrera.org\/opencms\/export\/sites\/default\/utrera\/galeria\/download\/RESUMEN_INGRESOS_2016.pdf\" target=\"_self\">RESUMEN DE INGRESOS<\/a><\/li><li><a title=\"ESTADO DE INGRESOS 2016\" href=\"https:\/\/www.utrera.org\/opencms\/export\/sites\/default\/utrera\/galeria\/download\/ESTADO_DE_INGRESOS_2016.pdf\" target=\"_self\">ESTADO DE INGRESOS\u00a0<br \/><\/a><\/li><li><a title=\"Informe Intervenci\u00f3n Presupuesto 2016\" href=\"https:\/\/www.utrera.org\/opencms\/export\/sites\/default\/utrera\/galeria\/download\/Informe_Intervencixn_Presupuesto_2016.pdf\" target=\"_self\">INFORME DE INTERVENCI\u00d3N PRESUPUESTO\u00a0<br \/><\/a><\/li><li><a title=\"Informe Estabilidad Presupuestaria y Regla de Gasto 2016\" href=\"https:\/\/www.utrera.org\/opencms\/export\/sites\/default\/utrera\/galeria\/download\/Informe_Estabilidad_Presupuestaria_y_Regla_de_Gasto_2016.pdf\" target=\"_self\">INFORME DE ESTABILIDAD\u00a0<br \/><\/a><\/li><li><a title=\"Informe Presupuesto RRHH 2016\" href=\"https:\/\/www.utrera.org\/opencms\/export\/sites\/default\/utrera\/galeria\/download\/Informe_Presupuesto_RRHH_2016.pdf\" target=\"_self\">INFORME RECURSOS HUMANOS<\/a><\/li><li><a title=\"ESTADO DE LA DEUDA 2016\" href=\"https:\/\/www.utrera.org\/opencms\/export\/sites\/default\/utrera\/galeria\/download\/ESTADO_DE_LA_DEUDA_2016.pdf\" target=\"_self\">ESTADO DE LA DEUDA<\/a><\/li><li><a title=\"BASES DE EJECUCI\u00d3N 2016\" href=\"https:\/\/www.utrera.org\/opencms\/export\/sites\/default\/utrera\/galeria\/download\/BASES_DE_EJECUCIxN_2016.pdf\" target=\"_self\">BASES DE EJECUCI\u00d3N<\/a><\/li><li><a title=\"RPT 2016\" href=\"https:\/\/www.utrera.org\/opencms\/export\/sites\/default\/utrera\/galeria\/download\/RPT_2016.pdf\" target=\"_self\">RPT\u00a0<br \/><\/a><\/li><li><a title=\"ANEXO INVERSIONES 2016\" href=\"https:\/\/www.utrera.org\/opencms\/export\/sites\/default\/utrera\/galeria\/download\/ANEXO_INVERSIONES_2016.pdf\" target=\"_self\">ANEXO DE INVERSIONES<\/a><a href=\"https:\/\/www.utrera.org\/opencms\/export\/sites\/default\/utrera\/galeria\/download\/ANEXO_INVERSIONES_2016.pdf\"><br \/><\/a><\/li><li>MODIFICACIONES PRESUPUESTARIAS<ol><li><a title=\"INCORPORACIONES DE REMANENTES 2016\" href=\"https:\/\/www.utrera.org\/opencms\/export\/sites\/default\/utrera\/galeria\/download\/INCORPORACIONES_DE_REMANENTES_2016.pdf\" target=\"_self\">INCORPORACIONES DE REMANENTES<br \/><\/a><\/li><li><a title=\"GENERACIONES CR\u00c9DITO 2016\" href=\"https:\/\/www.utrera.org\/opencms\/export\/sites\/default\/utrera\/galeria\/download\/GENERACIONES_CRxDITO_2016.pdf\" target=\"_self\">GENERACIONES DE CR\u00c9DITOS<br \/><\/a><\/li><li><a title=\"CR\u00c9DITOS EXTRAORDINARIOS 2016\" href=\"https:\/\/www.utrera.org\/opencms\/export\/sites\/default\/utrera\/galeria\/download\/CRxDITOS_EXTRAORDINARIOS_2016.pdf\" target=\"_self\">CR\u00c9DITOS EXTRAORDINARIOS<br \/><\/a><\/li><li><a title=\"SUPLEMENTOS DE CR\u00c9DITO 2016\" href=\"https:\/\/www.utrera.org\/opencms\/export\/sites\/default\/utrera\/galeria\/download\/SUPLEMENTOS_DE_CRxDITO_2016.pdf\" target=\"_self\">SUPLEMENTOS DE CR\u00c9DITO<br \/><\/a><\/li><li>TRANSFERENCIAS DE CR\u00c9DITO<ol><li><a title=\"TRANSFERENCIAS DE CR\u00c9DITO AC.PLENO\" href=\"https:\/\/www.utrera.org\/opencms\/export\/sites\/default\/utrera\/galeria\/download\/TRANSFERENCIAS_DE_CRxDITO_AC.PLENO.pdf\" target=\"_self\">TRANSFERENCIAS DE CR\u00c9DITO POR ACUERDO PLENARIO<\/a><\/li><li><a title=\"TRANSFERENCIAS DE CR\u00c9DITO CAP.1 2016\" href=\"https:\/\/www.utrera.org\/opencms\/export\/sites\/default\/utrera\/galeria\/download\/TRANSFERENCIAS_DE_CRxDITO_CAP.1_2016.pdf\" target=\"_self\">TRANSFERENCIAS DE CR\u00c9DITO\u00a0 DE CAP\u00cdTULO 1<br \/><\/a><\/li><li><a title=\"RESTO TRANSFERENCIAS DE CR\u00c9DITO 2016\" href=\"https:\/\/www.utrera.org\/opencms\/export\/sites\/default\/utrera\/galeria\/download\/RESTO_TRANSFERENCIAS_DE_CRxDITO_2016.pdf\" target=\"_self\">RESTO TRANSFERENCIAS DE CR\u00c9DITO<\/a><\/li><\/ol><\/li><\/ol><\/li><\/ol>","_et_gb_content_width":"","footnotes":""},"class_list":["post-4895","page","type-page","status-publish","hentry"],"yoast_head":"<!-- This site is optimized with the Yoast SEO plugin v27.3 - https:\/\/yoast.com\/product\/yoast-seo-wordpress\/ -->\n<title>PRESUPUESTO 2016 - Ayuntamiento de Utrera<\/title>\n<meta name=\"robots\" content=\"index, follow, max-snippet:-1, max-image-preview:large, max-video-preview:-1\" \/>\n<link rel=\"canonical\" href=\"https:\/\/www.utrera.org\/en\/presupuesto-2016\/\" \/>\n<meta property=\"og:locale\" content=\"en_GB\" \/>\n<meta property=\"og:type\" content=\"article\" \/>\n<meta property=\"og:title\" content=\"PRESUPUESTO 2016 - Ayuntamiento de Utrera\" \/>\n<meta property=\"og:description\" content=\"MEMORIA DE ALCALD\u00cdA RESUMEN DE GASTOS ESTADO DE GASTOS RESUMEN DE INGRESOS ESTADO DE INGRESOS INFORME DE INTERVENCI\u00d3N PRESUPUESTO INFORME DE ESTABILIDAD INFORME RECURSOS HUMANOS ESTADO DE LA DEUDA BASES DE EJECUCI\u00d3N RPT ANEXO DE INVERSIONES MODIFICACIONES PRESUPUESTARIAS INCORPORACIONES DE REMANENTES GENERACIONES DE CR\u00c9DITOS CR\u00c9DITOS EXTRAORDINARIOS SUPLEMENTOS DE CR\u00c9DITO TRANSFERENCIAS DE CR\u00c9DITO TRANSFERENCIAS DE [&hellip;]\" \/>\n<meta property=\"og:url\" content=\"https:\/\/www.utrera.org\/en\/presupuesto-2016\/\" \/>\n<meta property=\"og:site_name\" content=\"Ayuntamiento de Utrera\" \/>\n<meta property=\"article:publisher\" content=\"https:\/\/www.facebook.com\/AyuntamientodeUtrera\/\" \/>\n<meta property=\"article:modified_time\" content=\"2019-04-17T11:04:57+00:00\" \/>\n<meta name=\"twitter:card\" content=\"summary_large_image\" \/>\n<meta name=\"twitter:site\" content=\"@CiudadUtrera\" \/>\n<meta name=\"twitter:label1\" content=\"Est. reading time\" \/>\n\t<meta name=\"twitter:data1\" content=\"1 minute\" \/>\n<script type=\"application\/ld+json\" class=\"yoast-schema-graph\">{\"@context\":\"https:\\\/\\\/schema.org\",\"@graph\":[{\"@type\":\"WebPage\",\"@id\":\"https:\\\/\\\/www.utrera.org\\\/presupuesto-2016\\\/\",\"url\":\"https:\\\/\\\/www.utrera.org\\\/presupuesto-2016\\\/\",\"name\":\"PRESUPUESTO 2016 - Ayuntamiento de Utrera\",\"isPartOf\":{\"@id\":\"https:\\\/\\\/www.utrera.org\\\/#website\"},\"datePublished\":\"2018-05-09T14:51:29+00:00\",\"dateModified\":\"2019-04-17T11:04:57+00:00\",\"breadcrumb\":{\"@id\":\"https:\\\/\\\/www.utrera.org\\\/presupuesto-2016\\\/#breadcrumb\"},\"inLanguage\":\"en-GB\",\"potentialAction\":[{\"@type\":\"ReadAction\",\"target\":[\"https:\\\/\\\/www.utrera.org\\\/presupuesto-2016\\\/\"]}]},{\"@type\":\"BreadcrumbList\",\"@id\":\"https:\\\/\\\/www.utrera.org\\\/presupuesto-2016\\\/#breadcrumb\",\"itemListElement\":[{\"@type\":\"ListItem\",\"position\":1,\"name\":\"Inicio\",\"item\":\"https:\\\/\\\/www.utrera.org\\\/\"},{\"@type\":\"ListItem\",\"position\":2,\"name\":\"PRESUPUESTO 2016\"}]},{\"@type\":\"WebSite\",\"@id\":\"https:\\\/\\\/www.utrera.org\\\/#website\",\"url\":\"https:\\\/\\\/www.utrera.org\\\/\",\"name\":\"Ayuntamiento de Utrera\",\"description\":\"Web Municipal del Ayuntamiento de Utrera\",\"potentialAction\":[{\"@type\":\"SearchAction\",\"target\":{\"@type\":\"EntryPoint\",\"urlTemplate\":\"https:\\\/\\\/www.utrera.org\\\/?s={search_term_string}\"},\"query-input\":{\"@type\":\"PropertyValueSpecification\",\"valueRequired\":true,\"valueName\":\"search_term_string\"}}],\"inLanguage\":\"en-GB\"}]}<\/script>\n<!-- \/ Yoast SEO plugin. -->","yoast_head_json":{"title":"PRESUPUESTO 2016 - Ayuntamiento de Utrera","robots":{"index":"index","follow":"follow","max-snippet":"max-snippet:-1","max-image-preview":"max-image-preview:large","max-video-preview":"max-video-preview:-1"},"canonical":"https:\/\/www.utrera.org\/en\/presupuesto-2016\/","og_locale":"en_GB","og_type":"article","og_title":"PRESUPUESTO 2016 - Ayuntamiento de Utrera","og_description":"MEMORIA DE ALCALD\u00cdA RESUMEN DE GASTOS ESTADO DE GASTOS RESUMEN DE INGRESOS ESTADO DE INGRESOS INFORME DE INTERVENCI\u00d3N PRESUPUESTO INFORME DE ESTABILIDAD INFORME RECURSOS HUMANOS ESTADO DE LA DEUDA BASES DE EJECUCI\u00d3N RPT ANEXO DE INVERSIONES MODIFICACIONES PRESUPUESTARIAS INCORPORACIONES DE REMANENTES GENERACIONES DE CR\u00c9DITOS CR\u00c9DITOS EXTRAORDINARIOS SUPLEMENTOS DE CR\u00c9DITO TRANSFERENCIAS DE CR\u00c9DITO TRANSFERENCIAS DE [&hellip;]","og_url":"https:\/\/www.utrera.org\/en\/presupuesto-2016\/","og_site_name":"Ayuntamiento de Utrera","article_publisher":"https:\/\/www.facebook.com\/AyuntamientodeUtrera\/","article_modified_time":"2019-04-17T11:04:57+00:00","twitter_card":"summary_large_image","twitter_site":"@CiudadUtrera","twitter_misc":{"Est. reading time":"1 minute"},"schema":{"@context":"https:\/\/schema.org","@graph":[{"@type":"WebPage","@id":"https:\/\/www.utrera.org\/presupuesto-2016\/","url":"https:\/\/www.utrera.org\/presupuesto-2016\/","name":"PRESUPUESTO 2016 - Ayuntamiento de Utrera","isPartOf":{"@id":"https:\/\/www.utrera.org\/#website"},"datePublished":"2018-05-09T14:51:29+00:00","dateModified":"2019-04-17T11:04:57+00:00","breadcrumb":{"@id":"https:\/\/www.utrera.org\/presupuesto-2016\/#breadcrumb"},"inLanguage":"en-GB","potentialAction":[{"@type":"ReadAction","target":["https:\/\/www.utrera.org\/presupuesto-2016\/"]}]},{"@type":"BreadcrumbList","@id":"https:\/\/www.utrera.org\/presupuesto-2016\/#breadcrumb","itemListElement":[{"@type":"ListItem","position":1,"name":"Inicio","item":"https:\/\/www.utrera.org\/"},{"@type":"ListItem","position":2,"name":"PRESUPUESTO 2016"}]},{"@type":"WebSite","@id":"https:\/\/www.utrera.org\/#website","url":"https:\/\/www.utrera.org\/","name":"City Council of Utrera","description":"Web Municipal del Ayuntamiento de Utrera","potentialAction":[{"@type":"SearchAction","target":{"@type":"EntryPoint","urlTemplate":"https:\/\/www.utrera.org\/?s={search_term_string}"},"query-input":{"@type":"PropertyValueSpecification","valueRequired":true,"valueName":"search_term_string"}}],"inLanguage":"en-GB"}]}},"_links":{"self":[{"href":"https:\/\/www.utrera.org\/en\/wp-json\/wp\/v2\/pages\/4895","targetHints":{"allow":["GET"]}}],"collection":[{"href":"https:\/\/www.utrera.org\/en\/wp-json\/wp\/v2\/pages"}],"about":[{"href":"https:\/\/www.utrera.org\/en\/wp-json\/wp\/v2\/types\/page"}],"author":[{"embeddable":true,"href":"https:\/\/www.utrera.org\/en\/wp-json\/wp\/v2\/users\/2"}],"replies":[{"embeddable":true,"href":"https:\/\/www.utrera.org\/en\/wp-json\/wp\/v2\/comments?post=4895"}],"version-history":[{"count":0,"href":"https:\/\/www.utrera.org\/en\/wp-json\/wp\/v2\/pages\/4895\/revisions"}],"wp:attachment":[{"href":"https:\/\/www.utrera.org\/en\/wp-json\/wp\/v2\/media?parent=4895"}],"curies":[{"name":"wp","href":"https:\/\/api.w.org\/{rel}","templated":true}]}}