{"id":4865,"date":"2018-05-09T13:28:27","date_gmt":"2018-05-09T12:28:27","guid":{"rendered":"https:\/\/www.utrera.org\/?page_id=4865"},"modified":"2018-09-24T10:59:52","modified_gmt":"2018-09-24T09:59:52","slug":"presupuesto-2017","status":"publish","type":"page","link":"https:\/\/www.utrera.org\/en\/presupuesto-2017\/","title":{"rendered":"PRESUPUESTO 2017"},"content":{"rendered":"[et_pb_section bb_built=\u00bb1&#8243;][et_pb_row][et_pb_column type=\u00bb4_4&#8243;][et_pb_text _builder_version=\u00bb3.0.92&#8243; background_layout=\u00bblight\u00bb]\n<ol>\n<li><a title=\"memoria de alcald\u00eda 2017\" href=\"https:\/\/www.utrera.org\/wp-content\/uploads\/2018\/05\/memoria_de_alcaldxa_2017.pdf\" target=\"_self\">MEMORIA DE ALCALDIA<\/a><\/li>\n<li><a title=\"RESUMEN GASTOS 2017\" href=\"https:\/\/www.utrera.org\/wp-content\/uploads\/2018\/05\/RESUMEN_GASTOS_2017.pdf\" target=\"_self\">RESUMEN GASTOS<\/a><\/li>\n<li><a title=\"ESTADO DE GASTOS 2017\" href=\"https:\/\/www.utrera.org\/wp-content\/uploads\/2018\/05\/ESTADO_DE_GASTOS_2017.pdf\" target=\"_self\">ESTADO DE GASTOS<\/a><\/li>\n<li><a title=\"RESUMEN INGRESOS 2017\" href=\"https:\/\/www.utrera.org\/wp-content\/uploads\/2018\/05\/RESUMEN_INGRESOS_2017.pdf\" target=\"_self\">RESUMEN DE INGRESOS<\/a><\/li>\n<li><a title=\"ESTADO DE INGRESOS 2017\" href=\"https:\/\/www.utrera.org\/wp-content\/uploads\/2018\/05\/ESTADO_DE_INGRESOS_2017.pdf\" target=\"_self\">ESTADO DE INGRESOS<\/a><\/li>\n<li><a title=\"Informe Intervenci\u00f3n Presupuesto 2017\" href=\"https:\/\/www.utrera.org\/wp-content\/uploads\/2018\/05\/Informe_Intervencixn_Presupuesto_2017.pdf\" target=\"_self\">INFORME INTERVENCI\u00d3N<\/a><\/li>\n<li><a title=\"Informe Estabilidad Presupuestaria y Regla de Gasto 2017\" href=\"https:\/\/www.utrera.org\/wp-content\/uploads\/2018\/05\/Informe_Estabilidad_Presupuestaria_y_Regla_de_Gasto_2017.pdf\" target=\"_self\">INFORME ESTABILIDAD<\/a><\/li>\n<li><a title=\"Informe RRHH Presupuesto 2017\" href=\"https:\/\/www.utrera.org\/wp-content\/uploads\/2018\/05\/Informe_RRHH_Presupuesto_2017.pdf\" target=\"_self\">INFORME RECURSOS HUMANOS<\/a><\/li>\n<li><a title=\"ESTADO DE LA DEUDA 2017\" href=\"https:\/\/www.utrera.org\/wp-content\/uploads\/2018\/05\/ESTADO_DE_LA_DEUDA_2017.pdf\" target=\"_self\">ESTADO DE LA DEUDA<\/a><\/li>\n<li><a title=\"Bases de Ejecuci\u00f3n y ANEXOS 2017\" href=\"https:\/\/www.utrera.org\/wp-content\/uploads\/2018\/05\/Bases_de_Ejecucixn_y_ANEXOS_2017.pdf\" target=\"_self\">BASES DE EJECUCI\u00d3N<\/a><\/li>\n<li><a title=\"RPT 2017\" href=\"https:\/\/www.utrera.org\/wp-content\/uploads\/2018\/05\/Bases_de_Ejecucixn_y_ANEXOS_2017.pdf\" target=\"_self\">RPT<\/a><\/li>\n<li><a title=\"ANEXO INVERSIONES 2017\" href=\"https:\/\/www.utrera.org\/wp-content\/uploads\/2018\/05\/ANEXO_INVERSIONES_2017.pdf\" target=\"_self\">ANEXO INVERSIONES<\/a><a href=\"https:\/\/www.utrera.org\/opencms\/export\/sites\/default\/utrera\/galeria\/download\/ANEXO_INVERSIONES_2017.pdf\"><br \/>\n<\/a><\/li>\n<li>MODIFICACIONES PRESUPUESTARIAS\n<ol>\n<li><a title=\"INCORPORACIONES DE REMANENTE 2017\" href=\"https:\/\/www.utrera.org\/wp-content\/uploads\/2018\/05\/INCORPORACIONES_DE_REMANENTE_2017.pdf\" target=\"_self\">INCORPORACIONES DE REMANENTES<\/a><a href=\"https:\/\/www.utrera.org\/opencms\/export\/sites\/default\/utrera\/galeria\/download\/INCORPORACIONES_DE_REMANENTE_2017.pdf\"><br \/>\n<\/a><\/li>\n<li><a title=\"Ac. Pleno 009.2017.CE.001. FEAR 2016.AM.DEUDA\" href=\"https:\/\/www.utrera.org\/wp-content\/uploads\/2018\/05\/Ac._Pleno_009.2017.CE_.001._FEAR_2016.AM_.DEUDA_.pdf\" target=\"_self\">CR\u00c9DITO EXTRAORDINARIO AMORTIZACI\u00d3N DEUDA<br \/>\n<\/a><\/li>\n<li><a title=\"Ac. Pleno 011.2017.CE.002. INV. PTMO.2017\" href=\"https:\/\/www.utrera.org\/wp-content\/uploads\/2018\/05\/Ac._Pleno_011.2017.CE_.002._INV._PTMO.2017.pdf\" target=\"_self\">CR\u00c9DITO EXTRAORDINARIO PR\u00c9STAMO INVERSIONES 2017<\/a><\/li>\n<li><a title=\"AC.PLENO MP029.2017.CE.003-INVERSIONES VARIAS\" href=\"https:\/\/www.utrera.org\/wp-content\/uploads\/2018\/05\/AC.PLENO_MP029.2017.CE_.003-INVERSIONES_VARIAS.pdf\" target=\"_self\">CR\u00c9DITO EXTRAORDINARIO INVERSIONES VARIAS 2017 CON BAJA DE CR\u00c9DITOS<br \/>\n<\/a><\/li>\n<li><a title=\"AC.PLENO MP033.2017.CE.004-ADQ.VEH\u00cdCULO URBANISMO\" href=\"https:\/\/www.utrera.org\/wp-content\/uploads\/2018\/05\/AC.PLENO_MP033.2017.CE_.004-ADQ.VEHxCULO_URBANISMO.pdf\" target=\"_self\">CR\u00c9DITO EXTRAORDINARIO COMPRA VEH\u00cdCULO CON BAJA<\/a><\/li>\n<li><a title=\"AC.PLENO MP045.17.CE.005-INVERSIONES SUM POBLADOS\" href=\"https:\/\/www.utrera.org\/wp-content\/uploads\/2018\/05\/AC.PLENO_MP045.17.CE_.005-INVERSIONES_SUM_POBLADOS.pdf\" target=\"_self\">CR\u00c9DITO EXTRAORDINARIO INVERSIONES SUM POBLADOS CON BAJA<\/a><\/li>\n<li><a title=\"AC.PLENO MP046.17.CE.006-COMPRA \u00c1RBOLES\" href=\"https:\/\/www.utrera.org\/wp-content\/uploads\/2018\/05\/AC.PLENO_MP046.17.CE_.006-COMPRA_xRBOLES.pdf\" target=\"_self\">CR\u00c9DITO EXTRAORDINARIO COMPRA \u00c1RBOLES CON BAJA<\/a><\/li>\n<li><a title=\"AC.PLENO MP030.2017.SC.001.REC\" href=\"https:\/\/www.utrera.org\/wp-content\/uploads\/2018\/05\/AC.PLENO_MP030.2017.SC_.001.REC_.pdf\" target=\"_self\">SUPLEMENTO DE CR\u00c9DITO RECONOCIMIENTO EXTRAJUDICIAL DE CR\u00c9DITOS<br \/>\n<\/a><\/li>\n<li><a title=\"AC.PLENO MP031.2017.SC.002.CENTRO MAYORES OLIVAREROS\" href=\"https:\/\/www.utrera.org\/wp-content\/uploads\/2018\/05\/AC.PLENO_MP031.2017.SC_.002.CENTRO_MAYORES_OLIVAREROS.pdf\" target=\"_self\">SUPLEMENTO DE CR\u00c9DITO INVERSI\u00d3N CENTRO MAYORES OLIVAREROS<br \/>\n<\/a><\/li>\n<li><a title=\"AC.PLENO MP040.2017.SC.003.INVERSI\u00d3N CASTILLO\" href=\"https:\/\/www.utrera.org\/wp-content\/uploads\/2018\/05\/AC.PLENO_MP040.2017.SC_.003.INVERSIxN_CASTILLO.pdf\" target=\"_self\">SUPLEMENTO DE CR\u00c9DITO INVERSI\u00d3N CASTILLO UTRERA<br \/>\n<\/a><\/li>\n<li><a title=\"TRANSFERENCIAS DE CR\u00c9DITO APROBADAS POR PLENO\" href=\"https:\/\/www.utrera.org\/wp-content\/uploads\/2018\/05\/TRANSFERENCIAS_DE_CRxDITO_APROBADAS_POR_PLENO.pdf\" target=\"_self\">TRANSFERENCIAS DE CR\u00c9DITO APROBADAS POR PLENO\u00a0<\/a><a href=\"https:\/\/www.utrera.org\/opencms\/export\/sites\/default\/utrera\/galeria\/download\/TRANSFERENCIAS_DE_CRxDITO_APROBADAS_POR_PLENO.pdf\"><br \/>\n<\/a><\/li>\n<li><a title=\"TRANSFERENCIAS DE CR\u00c9DITO CAP.1 2017\" href=\"https:\/\/www.utrera.org\/wp-content\/uploads\/2018\/05\/TRANSFERENCIAS_DE_CRxDITO_CAP.1_2017.pdf\" target=\"_self\">TRANSFERENCIAS DE CR\u00c9DITO APROBADAS POR DECRETO CAP\u00cdTULO 1<\/a><\/li>\n<li><a title=\"TRANSFERENCIAS DE CR\u00c9DITO APROBADAS POR DECRETO\" href=\"https:\/\/www.utrera.org\/wp-content\/uploads\/2018\/05\/TRANSFERENCIAS_DE_CRxDITO_APROBADAS_POR_DECRETO.pdf\" target=\"_self\">RESTO TRANSFERENCIAS DE CR\u00c9DITO APROBADAS POR DECRETO<br \/>\n<\/a><\/li>\n<li><a title=\"GENERACIONES DE CR\u00c9DITO 2017\" href=\"https:\/\/www.utrera.org\/wp-content\/uploads\/2018\/05\/GENERACIONES_DE_CRxDITO_2017.pdf\" target=\"_self\">GENERACIONES DE CR\u00c9DITO<\/a><\/li>\n<\/ol>\n<\/li>\n<li>LIQUIDACI\u00d3N DEL PRESUPUESTO\n<ol>\n<li><a href=\"https:\/\/www.utrera.org\/wp-content\/uploads\/2018\/09\/PLAN-ECONOMCO-FINANCIERO-.pdf\" target=\"_blank\" rel=\"noopener\">PLAN ECONOMICO FINANCIERO<\/a><\/li>\n<li><a href=\"https:\/\/www.utrera.org\/wp-content\/uploads\/2018\/09\/INFORME-INTERVENCION-LIQUIDACION-2017-.pdf\" target=\"_blank\" rel=\"noopener\">INFORME INTERVENCION LIQUIDACION 2017<\/a><\/li>\n<li><a href=\"https:\/\/www.utrera.org\/wp-content\/uploads\/2018\/09\/LIQUIDACION-PRESUPUESTO.-ESTADO-DE-INGRESOS-.pdf\" target=\"_blank\" rel=\"noopener\">LIQUIDACION PRESUPUESTO. ESTADO DE INGRESOS<\/a><\/li>\n<li><a href=\"https:\/\/www.utrera.org\/wp-content\/uploads\/2018\/09\/LIQUIDACION-PRESUPUESTO.ESTADO-DE-GASTOS.pdf\" target=\"_blank\" rel=\"noopener\">LIQUIDACION PRESUPUESTO.ESTADO DE GASTOS<\/a><\/li>\n<li><a href=\"https:\/\/www.utrera.org\/wp-content\/uploads\/2018\/09\/REMANENTE-DE-TESORERIA.pdf\" target=\"_blank\" rel=\"noopener\">REMANENTE DE TESORERIA<\/a><\/li>\n<li><a href=\"https:\/\/www.utrera.org\/wp-content\/uploads\/2018\/09\/BALANCE-COMPROBACION.pdf\" target=\"_blank\" rel=\"noopener\">BALANCE COMPROBACION<\/a><\/li>\n<\/ol>\n<\/li>\n<li><a href=\"https:\/\/www.utrera.org\/wp-content\/uploads\/2018\/09\/PLAN-ECONOMCO-FINANCIERO-.pdf\" target=\"_blank\" rel=\"noopener\">PLAN ECON\u00d3MICO FINANCIERO CON MOTIVO DE LA LIQUIDACI\u00d3N DEL PRESUPUESTO<\/a><\/li>\n<\/ol>\n[\/et_pb_text][\/et_pb_column][\/et_pb_row][\/et_pb_section]\n","protected":false},"excerpt":{"rendered":"<p><div class=\"et_pb_row et_pb_row_0 et_pb_row_empty\">\n\t\t\t\t\n\t\t\t\t\n\t\t\t\t\n\t\t\t\t\n\t\t\t\t\n\t\t\t<\/div> MEMORIA DE ALCALDIA RESUMEN GASTOS ESTADO DE GASTOS RESUMEN DE INGRESOS ESTADO DE INGRESOS INFORME INTERVENCI\u00d3N INFORME ESTABILIDAD INFORME RECURSOS HUMANOS ESTADO DE LA DEUDA BASES DE EJECUCI\u00d3N RPT ANEXO INVERSIONES MODIFICACIONES PRESUPUESTARIAS INCORPORACIONES DE REMANENTES CR\u00c9DITO EXTRAORDINARIO AMORTIZACI\u00d3N DEUDA CR\u00c9DITO EXTRAORDINARIO PR\u00c9STAMO INVERSIONES 2017 CR\u00c9DITO EXTRAORDINARIO INVERSIONES VARIAS 2017 CON BAJA DE CR\u00c9DITOS [&hellip;]<\/p>\n","protected":false},"author":2,"featured_media":0,"parent":0,"menu_order":0,"comment_status":"closed","ping_status":"closed","template":"","meta":{"_et_pb_use_builder":"on","_et_pb_old_content":"<ol><li><a title=\"memoria de alcald\u00eda 2017\" href=\"https:\/\/www.utrera.org\/opencms\/export\/sites\/default\/utrera\/galeria\/download\/memoria_de_alcaldxa_2017.pdf\" target=\"_self\">MEMORIA DE ALCALDIA<\/a><\/li><li><a title=\"RESUMEN GASTOS 2017\" href=\"https:\/\/www.utrera.org\/opencms\/export\/sites\/default\/utrera\/galeria\/download\/RESUMEN_GASTOS_2017.pdf\" target=\"_self\">RESUMEN GASTOS<\/a><\/li><li><a title=\"ESTADO DE GASTOS 2017\" href=\"https:\/\/www.utrera.org\/opencms\/export\/sites\/default\/utrera\/galeria\/download\/ESTADO_DE_GASTOS_2017.pdf\" target=\"_self\">ESTADO DE GASTOS<\/a><\/li><li><a title=\"RESUMEN INGRESOS 2017\" href=\"https:\/\/www.utrera.org\/opencms\/export\/sites\/default\/utrera\/galeria\/download\/RESUMEN_INGRESOS_2017.pdf\" target=\"_self\">RESUMEN DE INGRESOS<\/a><\/li><li><a title=\"ESTADO DE INGRESOS 2017\" href=\"https:\/\/www.utrera.org\/opencms\/export\/sites\/default\/utrera\/galeria\/download\/ESTADO_DE_INGRESOS_2017.pdf\" target=\"_self\">ESTADO DE INGRESOS<\/a><\/li><li><a title=\"Informe Intervenci\u00f3n Presupuesto 2017\" href=\"https:\/\/www.utrera.org\/opencms\/export\/sites\/default\/utrera\/galeria\/download\/Informe_Intervencixn_Presupuesto_2017.pdf\" target=\"_self\">INFORME INTERVENCI\u00d3N<\/a><\/li><li><a title=\"Informe Estabilidad Presupuestaria y Regla de Gasto 2017\" href=\"https:\/\/www.utrera.org\/opencms\/export\/sites\/default\/utrera\/galeria\/download\/Informe_Estabilidad_Presupuestaria_y_Regla_de_Gasto_2017.pdf\" target=\"_self\">INFORME ESTABILIDAD<\/a><\/li><li><a title=\"Informe RRHH Presupuesto 2017\" href=\"https:\/\/www.utrera.org\/opencms\/export\/sites\/default\/utrera\/galeria\/download\/Informe_RRHH_Presupuesto_2017.pdf\" target=\"_self\">INFORME RECURSOS HUMANOS<\/a><\/li><li><a title=\"ESTADO DE LA DEUDA 2017\" href=\"https:\/\/www.utrera.org\/opencms\/export\/sites\/default\/utrera\/galeria\/download\/ESTADO_DE_LA_DEUDA_2017.pdf\" target=\"_self\">ESTADO DE LA DEUDA<\/a><\/li><li><a title=\"Bases de Ejecuci\u00f3n y ANEXOS 2017\" href=\"https:\/\/www.utrera.org\/opencms\/export\/sites\/default\/utrera\/galeria\/download\/Bases_de_Ejecucixn_y_ANEXOS_2017.pdf\" target=\"_self\">BASES DE EJECUCI\u00d3N<\/a><\/li><li><a title=\"RPT 2017\" href=\"https:\/\/www.utrera.org\/opencms\/export\/sites\/default\/utrera\/galeria\/download\/RPT_2017.pdf\" target=\"_self\">RPT<\/a><\/li><li><a title=\"ANEXO INVERSIONES 2017\" href=\"https:\/\/www.utrera.org\/opencms\/export\/sites\/default\/utrera\/galeria\/download\/ANEXO_INVERSIONES_2017.pdf\" target=\"_self\">ANEXO INVERSIONES<\/a>\u00a0<a href=\"https:\/\/www.utrera.org\/opencms\/export\/sites\/default\/utrera\/galeria\/download\/ANEXO_INVERSIONES_2017.pdf\"><br \/><\/a><\/li><li>MODIFICACIONES PRESUPUESTARIAS<ol><li><a title=\"INCORPORACIONES DE REMANENTE 2017\" href=\"https:\/\/www.utrera.org\/opencms\/export\/sites\/default\/utrera\/galeria\/download\/INCORPORACIONES_DE_REMANENTE_2017.pdf\" target=\"_self\">INCORPORACIONES DE REMANENTES<\/a>\u00a0<a href=\"https:\/\/www.utrera.org\/opencms\/export\/sites\/default\/utrera\/galeria\/download\/INCORPORACIONES_DE_REMANENTE_2017.pdf\"><br \/><\/a><\/li><li><a title=\"Ac. Pleno 009.2017.CE.001. FEAR 2016.AM.DEUDA\" href=\"https:\/\/www.utrera.org\/opencms\/export\/sites\/default\/utrera\/galeria\/download\/Ac._Pleno_009.2017.CE.001._FEAR_2016.AM.DEUDA.pdf\" target=\"_self\">CR\u00c9DITO EXTRAORDINARIO AMORTIZACI\u00d3N DEUDA\u00a0<br \/><\/a><\/li><li><a title=\"Ac. Pleno 011.2017.CE.002. INV. PTMO.2017\" href=\"https:\/\/www.utrera.org\/opencms\/export\/sites\/default\/utrera\/galeria\/download\/Ac._Pleno_011.2017.CE.002._INV._PTMO.2017.pdf\" target=\"_self\">CR\u00c9DITO EXTRAORDINARIO PR\u00c9STAMO INVERSIONES 2017<\/a><\/li><li><a title=\"AC.PLENO MP029.2017.CE.003-INVERSIONES VARIAS\" href=\"https:\/\/www.utrera.org\/opencms\/export\/sites\/default\/utrera\/galeria\/download\/AC.PLENO_MP029.2017.CE.003-INVERSIONES_VARIAS.pdf\" target=\"_self\">CR\u00c9DITO EXTRAORDINARIO INVERSIONES VARIAS 2017 CON BAJA DE CR\u00c9DITOS\u00a0<br \/><\/a><\/li><li><a title=\"AC.PLENO MP033.2017.CE.004-ADQ.VEH\u00cdCULO URBANISMO\" href=\"https:\/\/www.utrera.org\/opencms\/export\/sites\/default\/utrera\/galeria\/download\/AC.PLENO_MP033.2017.CE.004-ADQ.VEHxCULO_URBANISMO.pdf\" target=\"_self\">CR\u00c9DITO EXTRAORDINARIO COMPRA VEH\u00cdCULO CON BAJA<\/a><\/li><li><a title=\"AC.PLENO MP045.17.CE.005-INVERSIONES SUM POBLADOS\" href=\"https:\/\/www.utrera.org\/opencms\/export\/sites\/default\/utrera\/galeria\/download\/AC.PLENO_MP045.17.CE.005-INVERSIONES_SUM_POBLADOS.pdf\" target=\"_self\">CR\u00c9DITO EXTRAORDINARIO INVERSIONES SUM POBLADOS CON BAJA<\/a><\/li><li><a title=\"AC.PLENO MP046.17.CE.006-COMPRA \u00c1RBOLES\" href=\"https:\/\/www.utrera.org\/opencms\/export\/sites\/default\/utrera\/galeria\/download\/AC.PLENO_MP046.17.CE.006-COMPRA_xRBOLES.pdf\" target=\"_self\">CR\u00c9DITO EXTRAORDINARIO COMPRA \u00c1RBOLES CON BAJA<\/a><\/li><li><a title=\"AC.PLENO MP030.2017.SC.001.REC\" href=\"https:\/\/www.utrera.org\/opencms\/export\/sites\/default\/utrera\/galeria\/download\/AC.PLENO_MP030.2017.SC.001.REC.pdf\" target=\"_self\">SUPLEMENTO DE CR\u00c9DITO RECONOCIMIENTO EXTRAJUDICIAL DE CR\u00c9DITOS\u00a0<br \/><\/a><\/li><li><a title=\"AC.PLENO MP031.2017.SC.002.CENTRO MAYORES OLIVAREROS\" href=\"https:\/\/www.utrera.org\/opencms\/export\/sites\/default\/utrera\/galeria\/download\/AC.PLENO_MP031.2017.SC.002.CENTRO_MAYORES_OLIVAREROS.pdf\" target=\"_self\">SUPLEMENTO DE CR\u00c9DITO INVERSI\u00d3N CENTRO MAYORES OLIVAREROS\u00a0<br \/><\/a><\/li><li><a title=\"AC.PLENO MP040.2017.SC.003.INVERSI\u00d3N CASTILLO\" href=\"https:\/\/www.utrera.org\/opencms\/export\/sites\/default\/utrera\/galeria\/download\/AC.PLENO_MP040.2017.SC.003.INVERSIxN_CASTILLO.pdf\" target=\"_self\">SUPLEMENTO DE CR\u00c9DITO INVERSI\u00d3N CASTILLO UTRERA\u00a0<br \/><\/a><\/li><li><a title=\"TRANSFERENCIAS DE CR\u00c9DITO APROBADAS POR PLENO\" href=\"https:\/\/www.utrera.org\/opencms\/export\/sites\/default\/utrera\/galeria\/download\/TRANSFERENCIAS_DE_CRxDITO_APROBADAS_POR_PLENO.pdf\" target=\"_self\">TRANSFERENCIAS DE CR\u00c9DITO APROBADAS POR PLENO\u00a0<\/a><a href=\"https:\/\/www.utrera.org\/opencms\/export\/sites\/default\/utrera\/galeria\/download\/TRANSFERENCIAS_DE_CRxDITO_APROBADAS_POR_PLENO.pdf\"><br \/><\/a><\/li><li><a title=\"TRANSFERENCIAS DE CR\u00c9DITO CAP.1 2017\" href=\"https:\/\/www.utrera.org\/opencms\/export\/sites\/default\/utrera\/galeria\/download\/TRANSFERENCIAS_DE_CRxDITO_CAP.1_2017.pdf\" target=\"_self\">TRANSFERENCIAS DE CR\u00c9DITO APROBADAS POR DECRETO CAP\u00cdTULO 1<\/a><\/li><li><a title=\"TRANSFERENCIAS DE CR\u00c9DITO APROBADAS POR DECRETO\" href=\"https:\/\/www.utrera.org\/opencms\/export\/sites\/default\/utrera\/galeria\/download\/TRANSFERENCIAS_DE_CRxDITO_APROBADAS_POR_DECRETO.pdf\" target=\"_self\">RESTO TRANSFERENCIAS DE CR\u00c9DITO APROBADAS POR DECRETO\u00a0<br \/><\/a><\/li><li><a title=\"GENERACIONES DE CR\u00c9DITO 2017\" href=\"https:\/\/www.utrera.org\/opencms\/export\/sites\/default\/utrera\/galeria\/download\/GENERACIONES_DE_CRxDITO_2017.pdf\" target=\"_self\">GENERACIONES DE CR\u00c9DITO<\/a><\/li><\/ol><\/li><\/ol>","_et_gb_content_width":"","footnotes":""},"class_list":["post-4865","page","type-page","status-publish","hentry"],"yoast_head":"<!-- This site is optimized with the Yoast SEO plugin v27.3 - https:\/\/yoast.com\/product\/yoast-seo-wordpress\/ -->\n<title>PRESUPUESTO 2017 - Ayuntamiento de Utrera<\/title>\n<meta name=\"robots\" content=\"index, follow, max-snippet:-1, max-image-preview:large, max-video-preview:-1\" \/>\n<link rel=\"canonical\" href=\"https:\/\/www.utrera.org\/en\/presupuesto-2017\/\" \/>\n<meta property=\"og:locale\" content=\"en_GB\" \/>\n<meta property=\"og:type\" content=\"article\" \/>\n<meta property=\"og:title\" content=\"PRESUPUESTO 2017 - Ayuntamiento de Utrera\" \/>\n<meta property=\"og:description\" content=\"MEMORIA DE ALCALDIA RESUMEN GASTOS ESTADO DE GASTOS RESUMEN DE INGRESOS ESTADO DE INGRESOS INFORME INTERVENCI\u00d3N INFORME ESTABILIDAD INFORME RECURSOS HUMANOS ESTADO DE LA DEUDA BASES DE EJECUCI\u00d3N RPT ANEXO INVERSIONES MODIFICACIONES PRESUPUESTARIAS INCORPORACIONES DE REMANENTES CR\u00c9DITO EXTRAORDINARIO AMORTIZACI\u00d3N DEUDA CR\u00c9DITO EXTRAORDINARIO PR\u00c9STAMO INVERSIONES 2017 CR\u00c9DITO EXTRAORDINARIO INVERSIONES VARIAS 2017 CON BAJA DE CR\u00c9DITOS [&hellip;]\" \/>\n<meta property=\"og:url\" content=\"https:\/\/www.utrera.org\/en\/presupuesto-2017\/\" \/>\n<meta property=\"og:site_name\" content=\"Ayuntamiento de Utrera\" \/>\n<meta property=\"article:publisher\" content=\"https:\/\/www.facebook.com\/AyuntamientodeUtrera\/\" \/>\n<meta property=\"article:modified_time\" content=\"2018-09-24T09:59:52+00:00\" \/>\n<meta name=\"twitter:card\" content=\"summary_large_image\" \/>\n<meta name=\"twitter:site\" content=\"@CiudadUtrera\" \/>\n<meta name=\"twitter:label1\" content=\"Est. reading time\" \/>\n\t<meta name=\"twitter:data1\" content=\"1 minute\" \/>\n<script type=\"application\/ld+json\" class=\"yoast-schema-graph\">{\"@context\":\"https:\\\/\\\/schema.org\",\"@graph\":[{\"@type\":\"WebPage\",\"@id\":\"https:\\\/\\\/www.utrera.org\\\/presupuesto-2017\\\/\",\"url\":\"https:\\\/\\\/www.utrera.org\\\/presupuesto-2017\\\/\",\"name\":\"PRESUPUESTO 2017 - Ayuntamiento de Utrera\",\"isPartOf\":{\"@id\":\"https:\\\/\\\/www.utrera.org\\\/#website\"},\"datePublished\":\"2018-05-09T12:28:27+00:00\",\"dateModified\":\"2018-09-24T09:59:52+00:00\",\"breadcrumb\":{\"@id\":\"https:\\\/\\\/www.utrera.org\\\/presupuesto-2017\\\/#breadcrumb\"},\"inLanguage\":\"en-GB\",\"potentialAction\":[{\"@type\":\"ReadAction\",\"target\":[\"https:\\\/\\\/www.utrera.org\\\/presupuesto-2017\\\/\"]}]},{\"@type\":\"BreadcrumbList\",\"@id\":\"https:\\\/\\\/www.utrera.org\\\/presupuesto-2017\\\/#breadcrumb\",\"itemListElement\":[{\"@type\":\"ListItem\",\"position\":1,\"name\":\"Inicio\",\"item\":\"https:\\\/\\\/www.utrera.org\\\/\"},{\"@type\":\"ListItem\",\"position\":2,\"name\":\"PRESUPUESTO 2017\"}]},{\"@type\":\"WebSite\",\"@id\":\"https:\\\/\\\/www.utrera.org\\\/#website\",\"url\":\"https:\\\/\\\/www.utrera.org\\\/\",\"name\":\"Ayuntamiento de Utrera\",\"description\":\"Web Municipal del Ayuntamiento de Utrera\",\"potentialAction\":[{\"@type\":\"SearchAction\",\"target\":{\"@type\":\"EntryPoint\",\"urlTemplate\":\"https:\\\/\\\/www.utrera.org\\\/?s={search_term_string}\"},\"query-input\":{\"@type\":\"PropertyValueSpecification\",\"valueRequired\":true,\"valueName\":\"search_term_string\"}}],\"inLanguage\":\"en-GB\"}]}<\/script>\n<!-- \/ Yoast SEO plugin. -->","yoast_head_json":{"title":"PRESUPUESTO 2017 - Ayuntamiento de Utrera","robots":{"index":"index","follow":"follow","max-snippet":"max-snippet:-1","max-image-preview":"max-image-preview:large","max-video-preview":"max-video-preview:-1"},"canonical":"https:\/\/www.utrera.org\/en\/presupuesto-2017\/","og_locale":"en_GB","og_type":"article","og_title":"PRESUPUESTO 2017 - Ayuntamiento de Utrera","og_description":"MEMORIA DE ALCALDIA RESUMEN GASTOS ESTADO DE GASTOS RESUMEN DE INGRESOS ESTADO DE INGRESOS INFORME INTERVENCI\u00d3N INFORME ESTABILIDAD INFORME RECURSOS HUMANOS ESTADO DE LA DEUDA BASES DE EJECUCI\u00d3N RPT ANEXO INVERSIONES MODIFICACIONES PRESUPUESTARIAS INCORPORACIONES DE REMANENTES CR\u00c9DITO EXTRAORDINARIO AMORTIZACI\u00d3N DEUDA CR\u00c9DITO EXTRAORDINARIO PR\u00c9STAMO INVERSIONES 2017 CR\u00c9DITO EXTRAORDINARIO INVERSIONES VARIAS 2017 CON BAJA DE CR\u00c9DITOS [&hellip;]","og_url":"https:\/\/www.utrera.org\/en\/presupuesto-2017\/","og_site_name":"Ayuntamiento de Utrera","article_publisher":"https:\/\/www.facebook.com\/AyuntamientodeUtrera\/","article_modified_time":"2018-09-24T09:59:52+00:00","twitter_card":"summary_large_image","twitter_site":"@CiudadUtrera","twitter_misc":{"Est. reading time":"1 minute"},"schema":{"@context":"https:\/\/schema.org","@graph":[{"@type":"WebPage","@id":"https:\/\/www.utrera.org\/presupuesto-2017\/","url":"https:\/\/www.utrera.org\/presupuesto-2017\/","name":"PRESUPUESTO 2017 - Ayuntamiento de Utrera","isPartOf":{"@id":"https:\/\/www.utrera.org\/#website"},"datePublished":"2018-05-09T12:28:27+00:00","dateModified":"2018-09-24T09:59:52+00:00","breadcrumb":{"@id":"https:\/\/www.utrera.org\/presupuesto-2017\/#breadcrumb"},"inLanguage":"en-GB","potentialAction":[{"@type":"ReadAction","target":["https:\/\/www.utrera.org\/presupuesto-2017\/"]}]},{"@type":"BreadcrumbList","@id":"https:\/\/www.utrera.org\/presupuesto-2017\/#breadcrumb","itemListElement":[{"@type":"ListItem","position":1,"name":"Inicio","item":"https:\/\/www.utrera.org\/"},{"@type":"ListItem","position":2,"name":"PRESUPUESTO 2017"}]},{"@type":"WebSite","@id":"https:\/\/www.utrera.org\/#website","url":"https:\/\/www.utrera.org\/","name":"City Council of Utrera","description":"Web Municipal del Ayuntamiento de Utrera","potentialAction":[{"@type":"SearchAction","target":{"@type":"EntryPoint","urlTemplate":"https:\/\/www.utrera.org\/?s={search_term_string}"},"query-input":{"@type":"PropertyValueSpecification","valueRequired":true,"valueName":"search_term_string"}}],"inLanguage":"en-GB"}]}},"_links":{"self":[{"href":"https:\/\/www.utrera.org\/en\/wp-json\/wp\/v2\/pages\/4865","targetHints":{"allow":["GET"]}}],"collection":[{"href":"https:\/\/www.utrera.org\/en\/wp-json\/wp\/v2\/pages"}],"about":[{"href":"https:\/\/www.utrera.org\/en\/wp-json\/wp\/v2\/types\/page"}],"author":[{"embeddable":true,"href":"https:\/\/www.utrera.org\/en\/wp-json\/wp\/v2\/users\/2"}],"replies":[{"embeddable":true,"href":"https:\/\/www.utrera.org\/en\/wp-json\/wp\/v2\/comments?post=4865"}],"version-history":[{"count":0,"href":"https:\/\/www.utrera.org\/en\/wp-json\/wp\/v2\/pages\/4865\/revisions"}],"wp:attachment":[{"href":"https:\/\/www.utrera.org\/en\/wp-json\/wp\/v2\/media?parent=4865"}],"curies":[{"name":"wp","href":"https:\/\/api.w.org\/{rel}","templated":true}]}}