{"id":48427,"date":"2022-10-18T10:14:12","date_gmt":"2022-10-18T09:14:12","guid":{"rendered":"https:\/\/www.utrera.org\/?page_id=48427"},"modified":"2022-10-18T10:14:12","modified_gmt":"2022-10-18T09:14:12","slug":"modelos","status":"publish","type":"page","link":"https:\/\/www.utrera.org\/en\/perfil-contratante\/modelos\/","title":{"rendered":"Forms"},"content":{"rendered":"[et_pb_section bb_built=\u00bb1&#8243;][et_pb_row][et_pb_column type=\u00bb4_4&#8243;][et_pb_text _builder_version=\u00bb3.0.92&#8243; background_layout=\u00bblight\u00bb]\n<div class=\" et_pb_row et_pb_row_1\">\n<div class=\"et_pb_column et_pb_column_4_4  et_pb_column_2 et_pb_css_mix_blend_mode_passthrough et-last-child\">\n<div class=\"et_pb_text et_pb_module et_pb_bg_layout_light et_pb_text_align_left  et_pb_text_3\">\n<div class=\"et_pb_text_inner\">\n<ul>\n<li><a href=\"https:\/\/www.utrera.org\/wp-content\/uploads\/2022\/10\/03-Anexo-2-Declaracion-Responsable.odt\">Declaraci\u00f3n responsable<\/a><\/li>\n<\/ul>\n<\/div>\n<\/div>\n<\/div>\n<\/div>\n<div class=\" et_pb_row et_pb_row_2\">\n<div class=\"et_pb_column et_pb_column_4_4  et_pb_column_3 et_pb_css_mix_blend_mode_passthrough et-last-child\">\n<div class=\"et_pb_text et_pb_module et_pb_bg_layout_light et_pb_text_align_left  et_pb_text_4\">\n<div class=\"et_pb_text_inner\"><\/div>\n<\/div>\n<\/div>\n<\/div>\n[\/et_pb_text][\/et_pb_column][\/et_pb_row][\/et_pb_section]\n","protected":false},"excerpt":{"rendered":"<p>Street: C\/ Sevilla s\/n<br \/>\nAdministration Phone: 95 586 09 31<br \/>\nBox Office Revenue Phone: 95 586 35 23<br \/>\nEl teatro fue construido en 1887 por Enrique de la Cuadra. De ah\u00ed, su denominaci\u00f3n actual. El Ayuntamiento de Utrera adquiri\u00f3 el inmueble en junio de 1985, acogi\u00e9ndose al Programa de Rehabilitaci\u00f3n de Teatros P\u00fablicos de las Consejer\u00edas de Obras P\u00fablicas y de Cultura de la Junta de Andaluc\u00eda, siendo el arquitecto encargado de la remodelaci\u00f3n, Juan Ruesga Navarro. Culminadas las obras en 1993, el teatro abri\u00f3 sus puertas al p\u00fablico presentando uno de los escenarios m\u00e1s amplio de Andaluc\u00eda.<\/p>","protected":false},"author":10,"featured_media":0,"parent":1841,"menu_order":0,"comment_status":"closed","ping_status":"closed","template":"","meta":{"_et_pb_use_builder":"on","_et_pb_old_content":"<p>Direcci\u00f3n: C\/ Sevilla s\/n<br \/>Responsable: Rafael Arciniega<br \/>Tel\u00e9fono Administraci\u00f3n: 95 586 09 31<br \/>Tel\u00e9fono Taquilla: 95 586 35 23<\/p><p>Programaci\u00f3n continuada de espect\u00e1culos y conciertos. Temporada de octubre a junio.<\/p><p>Programaci\u00f3n: <a href=\"\/wp-content\/uploads\/2018\/06\/CulProgTeatEne18.pdf\">Enero-Marzo 2018<\/a><\/p><p>Venta de entradas: <a href=\"https:\/\/utreraticket.utrera.org\/utreraticket\/\">Utrera Ticket<\/a><\/p><p>El teatro fue construido en 1887 por Enrique de la Cuadra. De ah\u00ed, su denominaci\u00f3n actual.<\/p><p>El Ayuntamiento de Utrera adquiri\u00f3 el inmueble en junio de 1985, acogi\u00e9ndose al Programa de Rehabilitaci\u00f3n de Teatros P\u00fablicos de las Consejer\u00edas de Obras P\u00fablicas y de Cultura de la Junta de Andaluc\u00eda, siendo el arquitecto encargado de la remodelaci\u00f3n, Juan Ruesga Navarro. Culminadas las obras en 1993, el teatro abri\u00f3 sus puertas al p\u00fablico presentando uno de los escenarios m\u00e1s amplio de Andaluc\u00eda.<\/p><p>Se trata de un teatro \u201ca la italiana\u201d con una equilibrada distribuci\u00f3n en la sala y el escenario que, junto al resto de las instalaciones, conforma un espacio vivo de actividad art\u00edstica, l\u00fadica y cultural.<\/p><p>Adem\u00e1s de una programaci\u00f3n propia, este espacio est\u00e1 adherido a diferentes Circuitos:<\/p><p>Circuito Andaluz de Teatro y Danza.<br \/>Circuito Andaluz de M\u00fasica.<br \/>Programa Abecedaria.<br \/>Circuito Provincial de las Artes esc\u00e9nicas y Musicales.<br \/>Por otro lado, la utilizaci\u00f3n de los espacios y recursos del Teatro Municipal \"Enrique de la Cuadra\" por parte de los distintos agentes socioculturales de la localidad aconseja el establecimiento de unas normas reguladoras que permitan un adecuado uso y funcionamiento del mismo:<\/p><p><a href=\"\/wp-content\/uploads\/2018\/06\/Ordenanza_29_Edificios_Municipales_2014.pdf\">Ordenanza n\u00ba 29.- Tasa por utilizaci\u00f3n de edificios municipales<\/a><\/p><p><a href=\"\/wp-content\/uploads\/2018\/06\/CulSolTeatro.pdf\">Modelo de solicitud<\/a><\/p><p><a href=\"\/wp-content\/uploads\/2018\/06\/CulFichaTecnTeat17.pdf\">Ficha T\u00e9cnica, Teatro Municipal \"Enrique de la Cuadra\"<\/a><\/p><p>Rellene el siguiente formulario para recibir mensualmente la revista de ocio y cultura El Lagarto de Consolaci\u00f3n en formato digital en su correo electr\u00f3nico, as\u00ed como informaci\u00f3n sobre las actividades culturales que organice la Delegaci\u00f3n de Cultura del Ayuntamiento de Utrera.<\/p>","_et_gb_content_width":"","footnotes":""},"class_list":["post-48427","page","type-page","status-publish","hentry"],"yoast_head":"<!-- This site is optimized with the Yoast SEO plugin v27.3 - https:\/\/yoast.com\/product\/yoast-seo-wordpress\/ -->\n<title>Modelos - Ayuntamiento de Utrera<\/title>\n<meta name=\"robots\" content=\"index, follow, max-snippet:-1, max-image-preview:large, max-video-preview:-1\" \/>\n<link rel=\"canonical\" href=\"https:\/\/www.utrera.org\/en\/perfil-contratante\/modelos\/\" \/>\n<meta property=\"og:locale\" content=\"en_GB\" \/>\n<meta property=\"og:type\" content=\"article\" \/>\n<meta property=\"og:title\" content=\"Modelos - Ayuntamiento de Utrera\" \/>\n<meta property=\"og:description\" content=\"Direcci\u00f3n: C\/ Sevilla s\/n Tel\u00e9fono Administraci\u00f3n: 95 586 09 31 Tel\u00e9fono Taquilla: 95 586 35 23 El teatro fue construido en 1887 por Enrique de la Cuadra. De ah\u00ed, su denominaci\u00f3n actual. El Ayuntamiento de Utrera adquiri\u00f3 el inmueble en junio de 1985, acogi\u00e9ndose al Programa de Rehabilitaci\u00f3n de Teatros P\u00fablicos de las Consejer\u00edas de Obras P\u00fablicas y de Cultura de la Junta de Andaluc\u00eda, siendo el arquitecto encargado de la remodelaci\u00f3n, Juan Ruesga Navarro. Culminadas las obras en 1993, el teatro abri\u00f3 sus puertas al p\u00fablico presentando uno de los escenarios m\u00e1s amplio de Andaluc\u00eda.\" \/>\n<meta property=\"og:url\" content=\"https:\/\/www.utrera.org\/en\/perfil-contratante\/modelos\/\" \/>\n<meta property=\"og:site_name\" content=\"Ayuntamiento de Utrera\" \/>\n<meta property=\"article:publisher\" content=\"https:\/\/www.facebook.com\/AyuntamientodeUtrera\/\" \/>\n<meta name=\"twitter:card\" content=\"summary_large_image\" \/>\n<meta name=\"twitter:site\" content=\"@CiudadUtrera\" \/>\n<meta name=\"twitter:label1\" content=\"Est. reading time\" \/>\n\t<meta name=\"twitter:data1\" content=\"2 minutes\" \/>\n<script type=\"application\/ld+json\" class=\"yoast-schema-graph\">{\"@context\":\"https:\\\/\\\/schema.org\",\"@graph\":[{\"@type\":\"WebPage\",\"@id\":\"https:\\\/\\\/www.utrera.org\\\/perfil-contratante\\\/modelos\\\/\",\"url\":\"https:\\\/\\\/www.utrera.org\\\/perfil-contratante\\\/modelos\\\/\",\"name\":\"Modelos - Ayuntamiento de Utrera\",\"isPartOf\":{\"@id\":\"https:\\\/\\\/www.utrera.org\\\/#website\"},\"datePublished\":\"2022-10-18T09:14:12+00:00\",\"breadcrumb\":{\"@id\":\"https:\\\/\\\/www.utrera.org\\\/perfil-contratante\\\/modelos\\\/#breadcrumb\"},\"inLanguage\":\"en-GB\",\"potentialAction\":[{\"@type\":\"ReadAction\",\"target\":[\"https:\\\/\\\/www.utrera.org\\\/perfil-contratante\\\/modelos\\\/\"]}]},{\"@type\":\"BreadcrumbList\",\"@id\":\"https:\\\/\\\/www.utrera.org\\\/perfil-contratante\\\/modelos\\\/#breadcrumb\",\"itemListElement\":[{\"@type\":\"ListItem\",\"position\":1,\"name\":\"Inicio\",\"item\":\"https:\\\/\\\/www.utrera.org\\\/\"},{\"@type\":\"ListItem\",\"position\":2,\"name\":\"Perfil Contratante\",\"item\":\"https:\\\/\\\/www.utrera.org\\\/perfil-contratante\\\/\"},{\"@type\":\"ListItem\",\"position\":3,\"name\":\"Modelos\"}]},{\"@type\":\"WebSite\",\"@id\":\"https:\\\/\\\/www.utrera.org\\\/#website\",\"url\":\"https:\\\/\\\/www.utrera.org\\\/\",\"name\":\"Ayuntamiento de Utrera\",\"description\":\"Web Municipal del Ayuntamiento de Utrera\",\"potentialAction\":[{\"@type\":\"SearchAction\",\"target\":{\"@type\":\"EntryPoint\",\"urlTemplate\":\"https:\\\/\\\/www.utrera.org\\\/?s={search_term_string}\"},\"query-input\":{\"@type\":\"PropertyValueSpecification\",\"valueRequired\":true,\"valueName\":\"search_term_string\"}}],\"inLanguage\":\"en-GB\"}]}<\/script>\n<!-- \/ Yoast SEO plugin. -->","yoast_head_json":{"title":"Modelos - Ayuntamiento de Utrera","robots":{"index":"index","follow":"follow","max-snippet":"max-snippet:-1","max-image-preview":"max-image-preview:large","max-video-preview":"max-video-preview:-1"},"canonical":"https:\/\/www.utrera.org\/en\/perfil-contratante\/modelos\/","og_locale":"en_GB","og_type":"article","og_title":"Modelos - Ayuntamiento de Utrera","og_description":"Direcci\u00f3n: C\/ Sevilla s\/n Tel\u00e9fono Administraci\u00f3n: 95 586 09 31 Tel\u00e9fono Taquilla: 95 586 35 23 El teatro fue construido en 1887 por Enrique de la Cuadra. De ah\u00ed, su denominaci\u00f3n actual. El Ayuntamiento de Utrera adquiri\u00f3 el inmueble en junio de 1985, acogi\u00e9ndose al Programa de Rehabilitaci\u00f3n de Teatros P\u00fablicos de las Consejer\u00edas de Obras P\u00fablicas y de Cultura de la Junta de Andaluc\u00eda, siendo el arquitecto encargado de la remodelaci\u00f3n, Juan Ruesga Navarro. Culminadas las obras en 1993, el teatro abri\u00f3 sus puertas al p\u00fablico presentando uno de los escenarios m\u00e1s amplio de Andaluc\u00eda.","og_url":"https:\/\/www.utrera.org\/en\/perfil-contratante\/modelos\/","og_site_name":"Ayuntamiento de Utrera","article_publisher":"https:\/\/www.facebook.com\/AyuntamientodeUtrera\/","twitter_card":"summary_large_image","twitter_site":"@CiudadUtrera","twitter_misc":{"Est. reading time":"2 minutes"},"schema":{"@context":"https:\/\/schema.org","@graph":[{"@type":"WebPage","@id":"https:\/\/www.utrera.org\/perfil-contratante\/modelos\/","url":"https:\/\/www.utrera.org\/perfil-contratante\/modelos\/","name":"Modelos - Ayuntamiento de Utrera","isPartOf":{"@id":"https:\/\/www.utrera.org\/#website"},"datePublished":"2022-10-18T09:14:12+00:00","breadcrumb":{"@id":"https:\/\/www.utrera.org\/perfil-contratante\/modelos\/#breadcrumb"},"inLanguage":"en-GB","potentialAction":[{"@type":"ReadAction","target":["https:\/\/www.utrera.org\/perfil-contratante\/modelos\/"]}]},{"@type":"BreadcrumbList","@id":"https:\/\/www.utrera.org\/perfil-contratante\/modelos\/#breadcrumb","itemListElement":[{"@type":"ListItem","position":1,"name":"Inicio","item":"https:\/\/www.utrera.org\/"},{"@type":"ListItem","position":2,"name":"Perfil Contratante","item":"https:\/\/www.utrera.org\/perfil-contratante\/"},{"@type":"ListItem","position":3,"name":"Modelos"}]},{"@type":"WebSite","@id":"https:\/\/www.utrera.org\/#website","url":"https:\/\/www.utrera.org\/","name":"City Council of Utrera","description":"Web Municipal del Ayuntamiento de Utrera","potentialAction":[{"@type":"SearchAction","target":{"@type":"EntryPoint","urlTemplate":"https:\/\/www.utrera.org\/?s={search_term_string}"},"query-input":{"@type":"PropertyValueSpecification","valueRequired":true,"valueName":"search_term_string"}}],"inLanguage":"en-GB"}]}},"_links":{"self":[{"href":"https:\/\/www.utrera.org\/en\/wp-json\/wp\/v2\/pages\/48427","targetHints":{"allow":["GET"]}}],"collection":[{"href":"https:\/\/www.utrera.org\/en\/wp-json\/wp\/v2\/pages"}],"about":[{"href":"https:\/\/www.utrera.org\/en\/wp-json\/wp\/v2\/types\/page"}],"author":[{"embeddable":true,"href":"https:\/\/www.utrera.org\/en\/wp-json\/wp\/v2\/users\/10"}],"replies":[{"embeddable":true,"href":"https:\/\/www.utrera.org\/en\/wp-json\/wp\/v2\/comments?post=48427"}],"version-history":[{"count":1,"href":"https:\/\/www.utrera.org\/en\/wp-json\/wp\/v2\/pages\/48427\/revisions"}],"predecessor-version":[{"id":48428,"href":"https:\/\/www.utrera.org\/en\/wp-json\/wp\/v2\/pages\/48427\/revisions\/48428"}],"up":[{"embeddable":true,"href":"https:\/\/www.utrera.org\/en\/wp-json\/wp\/v2\/pages\/1841"}],"wp:attachment":[{"href":"https:\/\/www.utrera.org\/en\/wp-json\/wp\/v2\/media?parent=48427"}],"curies":[{"name":"wp","href":"https:\/\/api.w.org\/{rel}","templated":true}]}}