{"id":4839,"date":"2018-05-09T12:37:56","date_gmt":"2018-05-09T11:37:56","guid":{"rendered":"https:\/\/www.utrera.org\/?page_id=4839"},"modified":"2018-05-10T09:15:11","modified_gmt":"2018-05-10T08:15:11","slug":"caminos-rurales","status":"publish","type":"page","link":"https:\/\/www.utrera.org\/en\/caminos-rurales\/","title":{"rendered":"CAMINOS RURALES"},"content":{"rendered":"<p>La red de caminos p\u00fablicos de nuestro t\u00e9rmino municipal es muy amplia, debido a la gran extensi\u00f3n de nuestro territorio. Desde la Delegaci\u00f3n se atienden todo tipo de reclamaciones referentes a usurpaci\u00f3n, ocupaci\u00f3n, uso privativo, etc. velando por que prime el uso p\u00fablico de estas v\u00edas de comunicaci\u00f3n. Adem\u00e1s, anualmente se acometen trabajos de acondicionamiento y mejora para facilitar el acceso a los agricultores y usuarios en general.<\/p>\n<p>&nbsp;<\/p>\n<p><a title=\"MACaminosrurales\" href=\"https:\/\/www.utrera.org\/wp-content\/uploads\/2018\/05\/MACaminosrurales.pdf\" target=\"_self\">Listado de los caminos rurales<\/a><\/p>","protected":false},"excerpt":{"rendered":"<p>La red de caminos p\u00fablicos de nuestro t\u00e9rmino municipal es muy amplia, debido a la gran extensi\u00f3n de nuestro territorio. Desde la Delegaci\u00f3n se atienden todo tipo de reclamaciones referentes a usurpaci\u00f3n, ocupaci\u00f3n, uso privativo, etc. velando por que prime el uso p\u00fablico de estas v\u00edas de comunicaci\u00f3n. Adem\u00e1s, anualmente se acometen trabajos de acondicionamiento [&hellip;]<\/p>\n","protected":false},"author":2,"featured_media":0,"parent":0,"menu_order":0,"comment_status":"closed","ping_status":"closed","template":"","meta":{"_et_pb_use_builder":"","_et_pb_old_content":"","_et_gb_content_width":"","footnotes":""},"class_list":["post-4839","page","type-page","status-publish","hentry"],"yoast_head":"<!-- This site is optimized with the Yoast SEO plugin v27.3 - https:\/\/yoast.com\/product\/yoast-seo-wordpress\/ -->\n<title>CAMINOS RURALES - Ayuntamiento de Utrera<\/title>\n<meta name=\"robots\" content=\"index, follow, max-snippet:-1, max-image-preview:large, max-video-preview:-1\" \/>\n<link rel=\"canonical\" href=\"https:\/\/www.utrera.org\/en\/caminos-rurales\/\" \/>\n<meta property=\"og:locale\" content=\"en_GB\" \/>\n<meta property=\"og:type\" content=\"article\" \/>\n<meta property=\"og:title\" content=\"CAMINOS RURALES - Ayuntamiento de Utrera\" \/>\n<meta property=\"og:description\" content=\"La red de caminos p\u00fablicos de nuestro t\u00e9rmino municipal es muy amplia, debido a la gran extensi\u00f3n de nuestro territorio. Desde la Delegaci\u00f3n se atienden todo tipo de reclamaciones referentes a usurpaci\u00f3n, ocupaci\u00f3n, uso privativo, etc. velando por que prime el uso p\u00fablico de estas v\u00edas de comunicaci\u00f3n. Adem\u00e1s, anualmente se acometen trabajos de acondicionamiento [&hellip;]\" \/>\n<meta property=\"og:url\" content=\"https:\/\/www.utrera.org\/en\/caminos-rurales\/\" \/>\n<meta property=\"og:site_name\" content=\"Ayuntamiento de Utrera\" \/>\n<meta property=\"article:publisher\" content=\"https:\/\/www.facebook.com\/AyuntamientodeUtrera\/\" \/>\n<meta property=\"article:modified_time\" content=\"2018-05-10T08:15:11+00:00\" \/>\n<meta name=\"twitter:card\" content=\"summary_large_image\" \/>\n<meta name=\"twitter:site\" content=\"@CiudadUtrera\" \/>\n<script type=\"application\/ld+json\" class=\"yoast-schema-graph\">{\"@context\":\"https:\\\/\\\/schema.org\",\"@graph\":[{\"@type\":\"WebPage\",\"@id\":\"https:\\\/\\\/www.utrera.org\\\/caminos-rurales\\\/\",\"url\":\"https:\\\/\\\/www.utrera.org\\\/caminos-rurales\\\/\",\"name\":\"CAMINOS RURALES - Ayuntamiento de Utrera\",\"isPartOf\":{\"@id\":\"https:\\\/\\\/www.utrera.org\\\/#website\"},\"datePublished\":\"2018-05-09T11:37:56+00:00\",\"dateModified\":\"2018-05-10T08:15:11+00:00\",\"breadcrumb\":{\"@id\":\"https:\\\/\\\/www.utrera.org\\\/caminos-rurales\\\/#breadcrumb\"},\"inLanguage\":\"en-GB\",\"potentialAction\":[{\"@type\":\"ReadAction\",\"target\":[\"https:\\\/\\\/www.utrera.org\\\/caminos-rurales\\\/\"]}]},{\"@type\":\"BreadcrumbList\",\"@id\":\"https:\\\/\\\/www.utrera.org\\\/caminos-rurales\\\/#breadcrumb\",\"itemListElement\":[{\"@type\":\"ListItem\",\"position\":1,\"name\":\"Inicio\",\"item\":\"https:\\\/\\\/www.utrera.org\\\/\"},{\"@type\":\"ListItem\",\"position\":2,\"name\":\"CAMINOS RURALES\"}]},{\"@type\":\"WebSite\",\"@id\":\"https:\\\/\\\/www.utrera.org\\\/#website\",\"url\":\"https:\\\/\\\/www.utrera.org\\\/\",\"name\":\"Ayuntamiento de Utrera\",\"description\":\"Web Municipal del Ayuntamiento de Utrera\",\"potentialAction\":[{\"@type\":\"SearchAction\",\"target\":{\"@type\":\"EntryPoint\",\"urlTemplate\":\"https:\\\/\\\/www.utrera.org\\\/?s={search_term_string}\"},\"query-input\":{\"@type\":\"PropertyValueSpecification\",\"valueRequired\":true,\"valueName\":\"search_term_string\"}}],\"inLanguage\":\"en-GB\"}]}<\/script>\n<!-- \/ Yoast SEO plugin. -->","yoast_head_json":{"title":"CAMINOS RURALES - Ayuntamiento de Utrera","robots":{"index":"index","follow":"follow","max-snippet":"max-snippet:-1","max-image-preview":"max-image-preview:large","max-video-preview":"max-video-preview:-1"},"canonical":"https:\/\/www.utrera.org\/en\/caminos-rurales\/","og_locale":"en_GB","og_type":"article","og_title":"CAMINOS RURALES - Ayuntamiento de Utrera","og_description":"La red de caminos p\u00fablicos de nuestro t\u00e9rmino municipal es muy amplia, debido a la gran extensi\u00f3n de nuestro territorio. Desde la Delegaci\u00f3n se atienden todo tipo de reclamaciones referentes a usurpaci\u00f3n, ocupaci\u00f3n, uso privativo, etc. velando por que prime el uso p\u00fablico de estas v\u00edas de comunicaci\u00f3n. Adem\u00e1s, anualmente se acometen trabajos de acondicionamiento [&hellip;]","og_url":"https:\/\/www.utrera.org\/en\/caminos-rurales\/","og_site_name":"Ayuntamiento de Utrera","article_publisher":"https:\/\/www.facebook.com\/AyuntamientodeUtrera\/","article_modified_time":"2018-05-10T08:15:11+00:00","twitter_card":"summary_large_image","twitter_site":"@CiudadUtrera","schema":{"@context":"https:\/\/schema.org","@graph":[{"@type":"WebPage","@id":"https:\/\/www.utrera.org\/caminos-rurales\/","url":"https:\/\/www.utrera.org\/caminos-rurales\/","name":"CAMINOS RURALES - Ayuntamiento de Utrera","isPartOf":{"@id":"https:\/\/www.utrera.org\/#website"},"datePublished":"2018-05-09T11:37:56+00:00","dateModified":"2018-05-10T08:15:11+00:00","breadcrumb":{"@id":"https:\/\/www.utrera.org\/caminos-rurales\/#breadcrumb"},"inLanguage":"en-GB","potentialAction":[{"@type":"ReadAction","target":["https:\/\/www.utrera.org\/caminos-rurales\/"]}]},{"@type":"BreadcrumbList","@id":"https:\/\/www.utrera.org\/caminos-rurales\/#breadcrumb","itemListElement":[{"@type":"ListItem","position":1,"name":"Inicio","item":"https:\/\/www.utrera.org\/"},{"@type":"ListItem","position":2,"name":"CAMINOS RURALES"}]},{"@type":"WebSite","@id":"https:\/\/www.utrera.org\/#website","url":"https:\/\/www.utrera.org\/","name":"City Council of Utrera","description":"Web Municipal del Ayuntamiento de Utrera","potentialAction":[{"@type":"SearchAction","target":{"@type":"EntryPoint","urlTemplate":"https:\/\/www.utrera.org\/?s={search_term_string}"},"query-input":{"@type":"PropertyValueSpecification","valueRequired":true,"valueName":"search_term_string"}}],"inLanguage":"en-GB"}]}},"_links":{"self":[{"href":"https:\/\/www.utrera.org\/en\/wp-json\/wp\/v2\/pages\/4839","targetHints":{"allow":["GET"]}}],"collection":[{"href":"https:\/\/www.utrera.org\/en\/wp-json\/wp\/v2\/pages"}],"about":[{"href":"https:\/\/www.utrera.org\/en\/wp-json\/wp\/v2\/types\/page"}],"author":[{"embeddable":true,"href":"https:\/\/www.utrera.org\/en\/wp-json\/wp\/v2\/users\/2"}],"replies":[{"embeddable":true,"href":"https:\/\/www.utrera.org\/en\/wp-json\/wp\/v2\/comments?post=4839"}],"version-history":[{"count":0,"href":"https:\/\/www.utrera.org\/en\/wp-json\/wp\/v2\/pages\/4839\/revisions"}],"wp:attachment":[{"href":"https:\/\/www.utrera.org\/en\/wp-json\/wp\/v2\/media?parent=4839"}],"curies":[{"name":"wp","href":"https:\/\/api.w.org\/{rel}","templated":true}]}}