{"id":4835,"date":"2018-05-09T12:36:15","date_gmt":"2018-05-09T11:36:15","guid":{"rendered":"https:\/\/www.utrera.org\/?page_id=4835"},"modified":"2020-02-14T17:47:20","modified_gmt":"2020-02-14T16:47:20","slug":"flora-y-fauna-local","status":"publish","type":"page","link":"https:\/\/www.utrera.org\/en\/flora-y-fauna-local\/","title":{"rendered":"FLORA Y FAUNA LOCAL"},"content":{"rendered":"<p>Dada la gran extensi\u00f3n que tiene nuestro t\u00e9rmino municipal existe una alta biodiversidad en todo su territorio.<\/p>\n<p>En el siguiente enlace se dispone de una gu\u00eda de la Flora y\u00a0 Fauna de Utrera y su entorno, que ofrece una serie de informaci\u00f3n f\u00e1cil y accesible que permitir\u00e1 a los lectores identificar en campo a cada uno de los ejemplares que se han han escogido de las especies aut\u00f3ctonas m\u00e1s caracter\u00edsticas y de f\u00e1cil localizaci\u00f3n, esta elecci\u00f3n fue escogida debido a la belleza, abundancia, inter\u00e9s social, econ\u00f3mico y ecol\u00f3gico de estas especies.<\/p>\n<p><a title=\"MAFLORAYFAUNA\" href=\"\/wp-content\/uploads\/2020\/02\/MAFLORAYFAUNA.pdf\" target=\"_blank\">Gu\u00eda de la Flora y Fauna de Utrera y su entorno.<\/a><\/p>","protected":false},"excerpt":{"rendered":"<p>Dada la gran extensi\u00f3n que tiene nuestro t\u00e9rmino municipal existe una alta biodiversidad en todo su territorio. En el siguiente enlace se dispone de una gu\u00eda de la Flora y\u00a0 Fauna de Utrera y su entorno, que ofrece una serie de informaci\u00f3n f\u00e1cil y accesible que permitir\u00e1 a los lectores identificar en campo a cada [&hellip;]<\/p>\n","protected":false},"author":2,"featured_media":0,"parent":0,"menu_order":0,"comment_status":"closed","ping_status":"closed","template":"","meta":{"_et_pb_use_builder":"","_et_pb_old_content":"","_et_gb_content_width":"","footnotes":""},"class_list":["post-4835","page","type-page","status-publish","hentry"],"yoast_head":"<!-- This site is optimized with the Yoast SEO plugin v27.3 - https:\/\/yoast.com\/product\/yoast-seo-wordpress\/ -->\n<title>FLORA Y FAUNA LOCAL - Ayuntamiento de Utrera<\/title>\n<meta name=\"robots\" content=\"index, follow, max-snippet:-1, max-image-preview:large, max-video-preview:-1\" \/>\n<link rel=\"canonical\" href=\"https:\/\/www.utrera.org\/en\/flora-y-fauna-local\/\" \/>\n<meta property=\"og:locale\" content=\"en_GB\" \/>\n<meta property=\"og:type\" content=\"article\" \/>\n<meta property=\"og:title\" content=\"FLORA Y FAUNA LOCAL - Ayuntamiento de Utrera\" \/>\n<meta property=\"og:description\" content=\"Dada la gran extensi\u00f3n que tiene nuestro t\u00e9rmino municipal existe una alta biodiversidad en todo su territorio. En el siguiente enlace se dispone de una gu\u00eda de la Flora y\u00a0 Fauna de Utrera y su entorno, que ofrece una serie de informaci\u00f3n f\u00e1cil y accesible que permitir\u00e1 a los lectores identificar en campo a cada [&hellip;]\" \/>\n<meta property=\"og:url\" content=\"https:\/\/www.utrera.org\/en\/flora-y-fauna-local\/\" \/>\n<meta property=\"og:site_name\" content=\"Ayuntamiento de Utrera\" \/>\n<meta property=\"article:publisher\" content=\"https:\/\/www.facebook.com\/AyuntamientodeUtrera\/\" \/>\n<meta property=\"article:modified_time\" content=\"2020-02-14T16:47:20+00:00\" \/>\n<meta name=\"twitter:card\" content=\"summary_large_image\" \/>\n<meta name=\"twitter:site\" content=\"@CiudadUtrera\" \/>\n<meta name=\"twitter:label1\" content=\"Est. reading time\" \/>\n\t<meta name=\"twitter:data1\" content=\"1 minute\" \/>\n<script type=\"application\/ld+json\" class=\"yoast-schema-graph\">{\"@context\":\"https:\\\/\\\/schema.org\",\"@graph\":[{\"@type\":\"WebPage\",\"@id\":\"https:\\\/\\\/www.utrera.org\\\/flora-y-fauna-local\\\/\",\"url\":\"https:\\\/\\\/www.utrera.org\\\/flora-y-fauna-local\\\/\",\"name\":\"FLORA Y FAUNA LOCAL - Ayuntamiento de Utrera\",\"isPartOf\":{\"@id\":\"https:\\\/\\\/www.utrera.org\\\/#website\"},\"datePublished\":\"2018-05-09T11:36:15+00:00\",\"dateModified\":\"2020-02-14T16:47:20+00:00\",\"breadcrumb\":{\"@id\":\"https:\\\/\\\/www.utrera.org\\\/flora-y-fauna-local\\\/#breadcrumb\"},\"inLanguage\":\"en-GB\",\"potentialAction\":[{\"@type\":\"ReadAction\",\"target\":[\"https:\\\/\\\/www.utrera.org\\\/flora-y-fauna-local\\\/\"]}]},{\"@type\":\"BreadcrumbList\",\"@id\":\"https:\\\/\\\/www.utrera.org\\\/flora-y-fauna-local\\\/#breadcrumb\",\"itemListElement\":[{\"@type\":\"ListItem\",\"position\":1,\"name\":\"Inicio\",\"item\":\"https:\\\/\\\/www.utrera.org\\\/\"},{\"@type\":\"ListItem\",\"position\":2,\"name\":\"FLORA Y FAUNA LOCAL\"}]},{\"@type\":\"WebSite\",\"@id\":\"https:\\\/\\\/www.utrera.org\\\/#website\",\"url\":\"https:\\\/\\\/www.utrera.org\\\/\",\"name\":\"Ayuntamiento de Utrera\",\"description\":\"Web Municipal del Ayuntamiento de Utrera\",\"potentialAction\":[{\"@type\":\"SearchAction\",\"target\":{\"@type\":\"EntryPoint\",\"urlTemplate\":\"https:\\\/\\\/www.utrera.org\\\/?s={search_term_string}\"},\"query-input\":{\"@type\":\"PropertyValueSpecification\",\"valueRequired\":true,\"valueName\":\"search_term_string\"}}],\"inLanguage\":\"en-GB\"}]}<\/script>\n<!-- \/ Yoast SEO plugin. -->","yoast_head_json":{"title":"FLORA Y FAUNA LOCAL - Ayuntamiento de Utrera","robots":{"index":"index","follow":"follow","max-snippet":"max-snippet:-1","max-image-preview":"max-image-preview:large","max-video-preview":"max-video-preview:-1"},"canonical":"https:\/\/www.utrera.org\/en\/flora-y-fauna-local\/","og_locale":"en_GB","og_type":"article","og_title":"FLORA Y FAUNA LOCAL - Ayuntamiento de Utrera","og_description":"Dada la gran extensi\u00f3n que tiene nuestro t\u00e9rmino municipal existe una alta biodiversidad en todo su territorio. En el siguiente enlace se dispone de una gu\u00eda de la Flora y\u00a0 Fauna de Utrera y su entorno, que ofrece una serie de informaci\u00f3n f\u00e1cil y accesible que permitir\u00e1 a los lectores identificar en campo a cada [&hellip;]","og_url":"https:\/\/www.utrera.org\/en\/flora-y-fauna-local\/","og_site_name":"Ayuntamiento de Utrera","article_publisher":"https:\/\/www.facebook.com\/AyuntamientodeUtrera\/","article_modified_time":"2020-02-14T16:47:20+00:00","twitter_card":"summary_large_image","twitter_site":"@CiudadUtrera","twitter_misc":{"Est. reading time":"1 minute"},"schema":{"@context":"https:\/\/schema.org","@graph":[{"@type":"WebPage","@id":"https:\/\/www.utrera.org\/flora-y-fauna-local\/","url":"https:\/\/www.utrera.org\/flora-y-fauna-local\/","name":"FLORA Y FAUNA LOCAL - Ayuntamiento de Utrera","isPartOf":{"@id":"https:\/\/www.utrera.org\/#website"},"datePublished":"2018-05-09T11:36:15+00:00","dateModified":"2020-02-14T16:47:20+00:00","breadcrumb":{"@id":"https:\/\/www.utrera.org\/flora-y-fauna-local\/#breadcrumb"},"inLanguage":"en-GB","potentialAction":[{"@type":"ReadAction","target":["https:\/\/www.utrera.org\/flora-y-fauna-local\/"]}]},{"@type":"BreadcrumbList","@id":"https:\/\/www.utrera.org\/flora-y-fauna-local\/#breadcrumb","itemListElement":[{"@type":"ListItem","position":1,"name":"Inicio","item":"https:\/\/www.utrera.org\/"},{"@type":"ListItem","position":2,"name":"FLORA Y FAUNA LOCAL"}]},{"@type":"WebSite","@id":"https:\/\/www.utrera.org\/#website","url":"https:\/\/www.utrera.org\/","name":"City Council of Utrera","description":"Web Municipal del Ayuntamiento de Utrera","potentialAction":[{"@type":"SearchAction","target":{"@type":"EntryPoint","urlTemplate":"https:\/\/www.utrera.org\/?s={search_term_string}"},"query-input":{"@type":"PropertyValueSpecification","valueRequired":true,"valueName":"search_term_string"}}],"inLanguage":"en-GB"}]}},"_links":{"self":[{"href":"https:\/\/www.utrera.org\/en\/wp-json\/wp\/v2\/pages\/4835","targetHints":{"allow":["GET"]}}],"collection":[{"href":"https:\/\/www.utrera.org\/en\/wp-json\/wp\/v2\/pages"}],"about":[{"href":"https:\/\/www.utrera.org\/en\/wp-json\/wp\/v2\/types\/page"}],"author":[{"embeddable":true,"href":"https:\/\/www.utrera.org\/en\/wp-json\/wp\/v2\/users\/2"}],"replies":[{"embeddable":true,"href":"https:\/\/www.utrera.org\/en\/wp-json\/wp\/v2\/comments?post=4835"}],"version-history":[{"count":1,"href":"https:\/\/www.utrera.org\/en\/wp-json\/wp\/v2\/pages\/4835\/revisions"}],"predecessor-version":[{"id":40243,"href":"https:\/\/www.utrera.org\/en\/wp-json\/wp\/v2\/pages\/4835\/revisions\/40243"}],"wp:attachment":[{"href":"https:\/\/www.utrera.org\/en\/wp-json\/wp\/v2\/media?parent=4835"}],"curies":[{"name":"wp","href":"https:\/\/api.w.org\/{rel}","templated":true}]}}