{"id":4814,"date":"2018-05-09T11:58:15","date_gmt":"2018-05-09T10:58:15","guid":{"rendered":"https:\/\/www.utrera.org\/?page_id=4814"},"modified":"2018-09-14T09:09:35","modified_gmt":"2018-09-14T08:09:35","slug":"listado-clasificado-del-registro-municipal-de-entidades-ciudadanas-del-excmo-ayuntamiento-de-utrera","status":"publish","type":"page","link":"https:\/\/www.utrera.org\/en\/listado-clasificado-del-registro-municipal-de-entidades-ciudadanas-del-excmo-ayuntamiento-de-utrera\/","title":{"rendered":"Classified Local Register of Civic Entities of the City Council of Utrera"},"content":{"rendered":"<p>Relaci\u00f3n clasificada por tipo de entidad de todas las asociaciones que no tengan \u00e1nimo de lucro, y cualquier otra entidad que tenga por objeto la defensa de los intereses de los vecinos de Utrera, y cuyos fines no sean de car\u00e1cter pol\u00edtico, sindical, mercantil o religioso, inscritos en el Registro Municipal de Entidades Ciudadanas, reguladas en el T\u00edtulo II, art. 9 al 15 del REGLAMENTO DE PARTICIPACI\u00d3N CIUDADANA, aprobado por acuerdo de pleno, en Sesi\u00f3n Ordinaria, el d\u00eda 29 de julio de 2008, publicado en el BOP n\u00ba 266, de 15 de noviembre de 2008.<\/p>\n<p>&nbsp;<\/p>\n<p>Pincha\u00a0<a title=\"Relacion entidades filtrado por tipo asociaci\u00f3n completo a 25-01-18\" href=\"https:\/\/www.utrera.org\/wp-content\/uploads\/2018\/09\/Relacion-RMEC-a-14-9-18.pdf\" target=\"_blank\" rel=\"noopener\">aqu\u00ed<\/a>\u00a0para descargar relaci\u00f3n:<\/p>","protected":false},"excerpt":{"rendered":"<p>Relaci\u00f3n clasificada por tipo de entidad de todas las asociaciones que no tengan \u00e1nimo de lucro, y cualquier otra entidad que tenga por objeto la defensa de los intereses de los vecinos de Utrera, y cuyos fines no sean de car\u00e1cter pol\u00edtico, sindical, mercantil o religioso, inscritos en el Registro Municipal de Entidades Ciudadanas, reguladas [&hellip;]<\/p>\n","protected":false},"author":2,"featured_media":0,"parent":0,"menu_order":0,"comment_status":"closed","ping_status":"closed","template":"","meta":{"_et_pb_use_builder":"","_et_pb_old_content":"","_et_gb_content_width":"","footnotes":""},"class_list":["post-4814","page","type-page","status-publish","hentry"],"yoast_head":"<!-- This site is optimized with the Yoast SEO plugin v27.3 - https:\/\/yoast.com\/product\/yoast-seo-wordpress\/ -->\n<title>Listado clasificado del Registro Municipal de Entidades Ciudadanas del Excmo. Ayuntamiento de Utrera - Ayuntamiento de Utrera<\/title>\n<meta name=\"robots\" content=\"index, follow, max-snippet:-1, max-image-preview:large, max-video-preview:-1\" \/>\n<link rel=\"canonical\" href=\"https:\/\/www.utrera.org\/en\/listado-clasificado-del-registro-municipal-de-entidades-ciudadanas-del-excmo-ayuntamiento-de-utrera\/\" \/>\n<meta property=\"og:locale\" content=\"en_GB\" \/>\n<meta property=\"og:type\" content=\"article\" \/>\n<meta property=\"og:title\" content=\"Listado clasificado del Registro Municipal de Entidades Ciudadanas del Excmo. Ayuntamiento de Utrera - Ayuntamiento de Utrera\" \/>\n<meta property=\"og:description\" content=\"Relaci\u00f3n clasificada por tipo de entidad de todas las asociaciones que no tengan \u00e1nimo de lucro, y cualquier otra entidad que tenga por objeto la defensa de los intereses de los vecinos de Utrera, y cuyos fines no sean de car\u00e1cter pol\u00edtico, sindical, mercantil o religioso, inscritos en el Registro Municipal de Entidades Ciudadanas, reguladas [&hellip;]\" \/>\n<meta property=\"og:url\" content=\"https:\/\/www.utrera.org\/en\/listado-clasificado-del-registro-municipal-de-entidades-ciudadanas-del-excmo-ayuntamiento-de-utrera\/\" \/>\n<meta property=\"og:site_name\" content=\"Ayuntamiento de Utrera\" \/>\n<meta property=\"article:publisher\" content=\"https:\/\/www.facebook.com\/AyuntamientodeUtrera\/\" \/>\n<meta property=\"article:modified_time\" content=\"2018-09-14T08:09:35+00:00\" \/>\n<meta name=\"twitter:card\" content=\"summary_large_image\" \/>\n<meta name=\"twitter:site\" content=\"@CiudadUtrera\" \/>\n<meta name=\"twitter:label1\" content=\"Est. reading time\" \/>\n\t<meta name=\"twitter:data1\" content=\"1 minute\" \/>\n<script type=\"application\/ld+json\" class=\"yoast-schema-graph\">{\"@context\":\"https:\\\/\\\/schema.org\",\"@graph\":[{\"@type\":\"WebPage\",\"@id\":\"https:\\\/\\\/www.utrera.org\\\/listado-clasificado-del-registro-municipal-de-entidades-ciudadanas-del-excmo-ayuntamiento-de-utrera\\\/\",\"url\":\"https:\\\/\\\/www.utrera.org\\\/listado-clasificado-del-registro-municipal-de-entidades-ciudadanas-del-excmo-ayuntamiento-de-utrera\\\/\",\"name\":\"Listado clasificado del Registro Municipal de Entidades Ciudadanas del Excmo. Ayuntamiento de Utrera - Ayuntamiento de Utrera\",\"isPartOf\":{\"@id\":\"https:\\\/\\\/www.utrera.org\\\/#website\"},\"datePublished\":\"2018-05-09T10:58:15+00:00\",\"dateModified\":\"2018-09-14T08:09:35+00:00\",\"breadcrumb\":{\"@id\":\"https:\\\/\\\/www.utrera.org\\\/listado-clasificado-del-registro-municipal-de-entidades-ciudadanas-del-excmo-ayuntamiento-de-utrera\\\/#breadcrumb\"},\"inLanguage\":\"en-GB\",\"potentialAction\":[{\"@type\":\"ReadAction\",\"target\":[\"https:\\\/\\\/www.utrera.org\\\/listado-clasificado-del-registro-municipal-de-entidades-ciudadanas-del-excmo-ayuntamiento-de-utrera\\\/\"]}]},{\"@type\":\"BreadcrumbList\",\"@id\":\"https:\\\/\\\/www.utrera.org\\\/listado-clasificado-del-registro-municipal-de-entidades-ciudadanas-del-excmo-ayuntamiento-de-utrera\\\/#breadcrumb\",\"itemListElement\":[{\"@type\":\"ListItem\",\"position\":1,\"name\":\"Inicio\",\"item\":\"https:\\\/\\\/www.utrera.org\\\/\"},{\"@type\":\"ListItem\",\"position\":2,\"name\":\"Listado clasificado del Registro Municipal de Entidades Ciudadanas del Excmo. Ayuntamiento de Utrera\"}]},{\"@type\":\"WebSite\",\"@id\":\"https:\\\/\\\/www.utrera.org\\\/#website\",\"url\":\"https:\\\/\\\/www.utrera.org\\\/\",\"name\":\"Ayuntamiento de Utrera\",\"description\":\"Web Municipal del Ayuntamiento de Utrera\",\"potentialAction\":[{\"@type\":\"SearchAction\",\"target\":{\"@type\":\"EntryPoint\",\"urlTemplate\":\"https:\\\/\\\/www.utrera.org\\\/?s={search_term_string}\"},\"query-input\":{\"@type\":\"PropertyValueSpecification\",\"valueRequired\":true,\"valueName\":\"search_term_string\"}}],\"inLanguage\":\"en-GB\"}]}<\/script>\n<!-- \/ Yoast SEO plugin. -->","yoast_head_json":{"title":"Listado clasificado del Registro Municipal de Entidades Ciudadanas del Excmo. Ayuntamiento de Utrera - Ayuntamiento de Utrera","robots":{"index":"index","follow":"follow","max-snippet":"max-snippet:-1","max-image-preview":"max-image-preview:large","max-video-preview":"max-video-preview:-1"},"canonical":"https:\/\/www.utrera.org\/en\/listado-clasificado-del-registro-municipal-de-entidades-ciudadanas-del-excmo-ayuntamiento-de-utrera\/","og_locale":"en_GB","og_type":"article","og_title":"Listado clasificado del Registro Municipal de Entidades Ciudadanas del Excmo. Ayuntamiento de Utrera - Ayuntamiento de Utrera","og_description":"Relaci\u00f3n clasificada por tipo de entidad de todas las asociaciones que no tengan \u00e1nimo de lucro, y cualquier otra entidad que tenga por objeto la defensa de los intereses de los vecinos de Utrera, y cuyos fines no sean de car\u00e1cter pol\u00edtico, sindical, mercantil o religioso, inscritos en el Registro Municipal de Entidades Ciudadanas, reguladas [&hellip;]","og_url":"https:\/\/www.utrera.org\/en\/listado-clasificado-del-registro-municipal-de-entidades-ciudadanas-del-excmo-ayuntamiento-de-utrera\/","og_site_name":"Ayuntamiento de Utrera","article_publisher":"https:\/\/www.facebook.com\/AyuntamientodeUtrera\/","article_modified_time":"2018-09-14T08:09:35+00:00","twitter_card":"summary_large_image","twitter_site":"@CiudadUtrera","twitter_misc":{"Est. reading time":"1 minute"},"schema":{"@context":"https:\/\/schema.org","@graph":[{"@type":"WebPage","@id":"https:\/\/www.utrera.org\/listado-clasificado-del-registro-municipal-de-entidades-ciudadanas-del-excmo-ayuntamiento-de-utrera\/","url":"https:\/\/www.utrera.org\/listado-clasificado-del-registro-municipal-de-entidades-ciudadanas-del-excmo-ayuntamiento-de-utrera\/","name":"Listado clasificado del Registro Municipal de Entidades Ciudadanas del Excmo. Ayuntamiento de Utrera - Ayuntamiento de Utrera","isPartOf":{"@id":"https:\/\/www.utrera.org\/#website"},"datePublished":"2018-05-09T10:58:15+00:00","dateModified":"2018-09-14T08:09:35+00:00","breadcrumb":{"@id":"https:\/\/www.utrera.org\/listado-clasificado-del-registro-municipal-de-entidades-ciudadanas-del-excmo-ayuntamiento-de-utrera\/#breadcrumb"},"inLanguage":"en-GB","potentialAction":[{"@type":"ReadAction","target":["https:\/\/www.utrera.org\/listado-clasificado-del-registro-municipal-de-entidades-ciudadanas-del-excmo-ayuntamiento-de-utrera\/"]}]},{"@type":"BreadcrumbList","@id":"https:\/\/www.utrera.org\/listado-clasificado-del-registro-municipal-de-entidades-ciudadanas-del-excmo-ayuntamiento-de-utrera\/#breadcrumb","itemListElement":[{"@type":"ListItem","position":1,"name":"Inicio","item":"https:\/\/www.utrera.org\/"},{"@type":"ListItem","position":2,"name":"Listado clasificado del Registro Municipal de Entidades Ciudadanas del Excmo. Ayuntamiento de Utrera"}]},{"@type":"WebSite","@id":"https:\/\/www.utrera.org\/#website","url":"https:\/\/www.utrera.org\/","name":"City Council of Utrera","description":"Web Municipal del Ayuntamiento de Utrera","potentialAction":[{"@type":"SearchAction","target":{"@type":"EntryPoint","urlTemplate":"https:\/\/www.utrera.org\/?s={search_term_string}"},"query-input":{"@type":"PropertyValueSpecification","valueRequired":true,"valueName":"search_term_string"}}],"inLanguage":"en-GB"}]}},"_links":{"self":[{"href":"https:\/\/www.utrera.org\/en\/wp-json\/wp\/v2\/pages\/4814","targetHints":{"allow":["GET"]}}],"collection":[{"href":"https:\/\/www.utrera.org\/en\/wp-json\/wp\/v2\/pages"}],"about":[{"href":"https:\/\/www.utrera.org\/en\/wp-json\/wp\/v2\/types\/page"}],"author":[{"embeddable":true,"href":"https:\/\/www.utrera.org\/en\/wp-json\/wp\/v2\/users\/2"}],"replies":[{"embeddable":true,"href":"https:\/\/www.utrera.org\/en\/wp-json\/wp\/v2\/comments?post=4814"}],"version-history":[{"count":0,"href":"https:\/\/www.utrera.org\/en\/wp-json\/wp\/v2\/pages\/4814\/revisions"}],"wp:attachment":[{"href":"https:\/\/www.utrera.org\/en\/wp-json\/wp\/v2\/media?parent=4814"}],"curies":[{"name":"wp","href":"https:\/\/api.w.org\/{rel}","templated":true}]}}