{"id":4797,"date":"2018-05-09T11:45:56","date_gmt":"2018-05-09T10:45:56","guid":{"rendered":"https:\/\/www.utrera.org\/?page_id=4797"},"modified":"2018-06-15T09:12:13","modified_gmt":"2018-06-15T08:12:13","slug":"reglamento-de-funcionamiento-de-los-centros-civicos-de-la-ciudad-de-utrera","status":"publish","type":"page","link":"https:\/\/www.utrera.org\/en\/reglamento-de-funcionamiento-de-los-centros-civicos-de-la-ciudad-de-utrera\/","title":{"rendered":"Regulaton of the operation of Civic Centres in the City of Utrera"},"content":{"rendered":"<p>La Constituci\u00f3n espa\u00f1ola de 1978, establece en el apartado 2\u00ba del art\u00edculo 9 que \u00abCorresponde a los poderes p\u00fablicos, facilitar la participaci\u00f3n de todos los ciudadanos en la vida pol\u00edtica, econ\u00f3mica, cultural y social\u00bb. En l\u00ednea con el texto constitucional se manifiestan el Pre\u00e1mbulo y el art\u00edculo 3 de la Carta Europea de Autonom\u00eda Local de 15 de octubre de 1985, los art\u00edculos 30.1.e), 31, 78 y 134 de la Ley Org\u00e1nica 2\/2007, de 19 de marzo de Reforma del Estatuto de Autonom\u00eda para Andaluc\u00eda y la Ley 5\/2010, de 11 de junio del 2010, de Autonom\u00eda Local de Andaluc\u00eda.<br \/>\nLa Red de Centros C\u00edvicos del Ayuntamiento de Utrera constituye la plataforma municipal para la promoci\u00f3n de la participaci\u00f3n de la ciudadan\u00eda en los asuntos p\u00fablicos, el fomento del tejido social, la acci\u00f3n sociocultural y la prestaci\u00f3n de servicios p\u00fablicos en los territorios.<br \/>\nLos Centros C\u00edvicos tienen la misi\u00f3n de facilitar y promover la participaci\u00f3n de la ciudadan\u00eda, acercando la administraci\u00f3n con una buena y amplia informaci\u00f3n de actividades y servicios, impulsando acciones socioculturales, apoyando las redes sociales y fomentando la cogesti\u00f3n publica; todo ello con altos \u00edndices de calidad en la gesti\u00f3n.<br \/>\nLa visi\u00f3n de los Centros C\u00edvicos se enmarca en una ciudad que pretendemos que sea participativa donde los ciudadanos puedan satisfacer sus necesidades y expectativas. En una organizaci\u00f3n de Servicio P\u00fablico valorada por su calidad en la prestaci\u00f3n de sus servicios, que obtiene los resultados propuestos con el menor coste posible y donde sus trabajadores y trabajadoras tiene oportunidad de realizaci\u00f3n personal y profesional.<br \/>\nTodo ello con los valores de predisposici\u00f3n de servicio a los ciudadanos, honradez en las actuaciones, correcci\u00f3n en el trato, mejora continua, voluntad de formaci\u00f3n, sistematizaci\u00f3n de las tareas, trabajo en equipo y gesti\u00f3n \u00f3ptima de los recursos p\u00fablicos.<\/p>\n<p>En este Reglamento aprobado definitivamente por el Ayuntamiento Pleno de fecha 11 de mayo de2017, y publicado el BOP de Sevilla n\u00fam. 117 de 24 de mayo de 2017, se regula entre otros aspectos su organizaci\u00f3n, derechos y deberes de las personas usuarias, accesos, horarios, usos de los espacios, responsabilidad de asociaciones y entidades, autorizaciones de uso, etc.<\/p>\n<p>Se puede descargar a continuaci\u00f3n el reglamento y los formularios para uso de sus salas:<\/p>\n<p><a title=\"Anuncio aprobaci\u00f3n definitiva Reglamento Centros Civicos FIRMADO web \" href=\"\/wp-content\/uploads\/2018\/06\/Anuncio_aprobacixn_definitiva_Reglamento_Centros_Civicos_FIRMADO_web_.pdf\" target=\"_blank\" rel=\"noopener\">Regulaton of the operation of Civic Centres in the City of Utrera<\/a><\/p>\n<p><a title=\"SOLICITUD-DE-ESPACIOS.1-Formulario Utrera\" href=\"\/wp-content\/uploads\/2018\/06\/SOLICITUD-DE-ESPACIOS.1-Formulario_Utrera.odt\" target=\"_blank\" rel=\"noopener\">Solicitud de espacios<\/a><\/p>\n<p><a title=\"COMPROMISOS-QUE-SE-ADQUIEREN Utrera\" href=\"\/wp-content\/uploads\/2018\/06\/COMPROMISOS-QUE-SE-ADQUIEREN_Utrera.pdf\" target=\"_blank\" rel=\"noopener\">Compromiso que se adquiere<\/a><\/p>\n<p><a title=\"Guia-breve-para-solicitar-espacio-en-Centros-Civicos\" href=\"\/wp-content\/uploads\/2018\/06\/Guia-breve-para-solicitar-espacio-en-Centros-Civicos.pdf\" target=\"_blank\" rel=\"noopener\">Guia breve para solicitar espacio en Centros Civicos<\/a><\/p>\n<p><a title=\"INFORME-DECLARACION-RESPONSABLE-Formulario Utrera\" href=\"\/wp-content\/uploads\/2018\/06\/INFORME-DECLARACION-RESPONSABLE-Formulario_Utrera.odt\" target=\"_blank\" rel=\"noopener\">Informe Declaraci\u00f3n Responsable<\/a><\/p>\n<p><a title=\"Ficha-de-cada-actividad-continuada-Formulario Utrera\" href=\"\/wp-content\/uploads\/2018\/06\/Ficha-de-cada-actividad-continuada-Formulario_Utrera.odt\" target=\"_blank\" rel=\"noopener\">Ficha de cada actividad continuada<\/a><\/p>","protected":false},"excerpt":{"rendered":"<p>La Constituci\u00f3n espa\u00f1ola de 1978, establece en el apartado 2\u00ba del art\u00edculo 9 que \u00abCorresponde a los poderes p\u00fablicos, facilitar la participaci\u00f3n de todos los ciudadanos en la vida pol\u00edtica, econ\u00f3mica, cultural y social\u00bb. En l\u00ednea con el texto constitucional se manifiestan el Pre\u00e1mbulo y el art\u00edculo 3 de la Carta Europea de Autonom\u00eda Local [&hellip;]<\/p>\n","protected":false},"author":2,"featured_media":0,"parent":0,"menu_order":0,"comment_status":"closed","ping_status":"closed","template":"","meta":{"_et_pb_use_builder":"","_et_pb_old_content":"","_et_gb_content_width":"","footnotes":""},"class_list":["post-4797","page","type-page","status-publish","hentry"],"yoast_head":"<!-- This site is optimized with the Yoast SEO plugin v27.3 - https:\/\/yoast.com\/product\/yoast-seo-wordpress\/ -->\n<title>Reglamento de funcionamiento de los Centros C\u00edvicos de la Ciudad de Utrera - Ayuntamiento de Utrera<\/title>\n<meta name=\"robots\" content=\"index, follow, max-snippet:-1, max-image-preview:large, max-video-preview:-1\" \/>\n<link rel=\"canonical\" href=\"https:\/\/www.utrera.org\/en\/reglamento-de-funcionamiento-de-los-centros-civicos-de-la-ciudad-de-utrera\/\" \/>\n<meta property=\"og:locale\" content=\"en_GB\" \/>\n<meta property=\"og:type\" content=\"article\" \/>\n<meta property=\"og:title\" content=\"Reglamento de funcionamiento de los Centros C\u00edvicos de la Ciudad de Utrera - Ayuntamiento de Utrera\" \/>\n<meta property=\"og:description\" content=\"La Constituci\u00f3n espa\u00f1ola de 1978, establece en el apartado 2\u00ba del art\u00edculo 9 que \u00abCorresponde a los poderes p\u00fablicos, facilitar la participaci\u00f3n de todos los ciudadanos en la vida pol\u00edtica, econ\u00f3mica, cultural y social\u00bb. En l\u00ednea con el texto constitucional se manifiestan el Pre\u00e1mbulo y el art\u00edculo 3 de la Carta Europea de Autonom\u00eda Local [&hellip;]\" \/>\n<meta property=\"og:url\" content=\"https:\/\/www.utrera.org\/en\/reglamento-de-funcionamiento-de-los-centros-civicos-de-la-ciudad-de-utrera\/\" \/>\n<meta property=\"og:site_name\" content=\"Ayuntamiento de Utrera\" \/>\n<meta property=\"article:publisher\" content=\"https:\/\/www.facebook.com\/AyuntamientodeUtrera\/\" \/>\n<meta property=\"article:modified_time\" content=\"2018-06-15T08:12:13+00:00\" \/>\n<meta name=\"twitter:card\" content=\"summary_large_image\" \/>\n<meta name=\"twitter:site\" content=\"@CiudadUtrera\" \/>\n<meta name=\"twitter:label1\" content=\"Est. reading time\" \/>\n\t<meta name=\"twitter:data1\" content=\"2 minutes\" \/>\n<script type=\"application\/ld+json\" class=\"yoast-schema-graph\">{\"@context\":\"https:\\\/\\\/schema.org\",\"@graph\":[{\"@type\":\"WebPage\",\"@id\":\"https:\\\/\\\/www.utrera.org\\\/reglamento-de-funcionamiento-de-los-centros-civicos-de-la-ciudad-de-utrera\\\/\",\"url\":\"https:\\\/\\\/www.utrera.org\\\/reglamento-de-funcionamiento-de-los-centros-civicos-de-la-ciudad-de-utrera\\\/\",\"name\":\"Reglamento de funcionamiento de los Centros C\u00edvicos de la Ciudad de Utrera - Ayuntamiento de Utrera\",\"isPartOf\":{\"@id\":\"https:\\\/\\\/www.utrera.org\\\/#website\"},\"datePublished\":\"2018-05-09T10:45:56+00:00\",\"dateModified\":\"2018-06-15T08:12:13+00:00\",\"breadcrumb\":{\"@id\":\"https:\\\/\\\/www.utrera.org\\\/reglamento-de-funcionamiento-de-los-centros-civicos-de-la-ciudad-de-utrera\\\/#breadcrumb\"},\"inLanguage\":\"en-GB\",\"potentialAction\":[{\"@type\":\"ReadAction\",\"target\":[\"https:\\\/\\\/www.utrera.org\\\/reglamento-de-funcionamiento-de-los-centros-civicos-de-la-ciudad-de-utrera\\\/\"]}]},{\"@type\":\"BreadcrumbList\",\"@id\":\"https:\\\/\\\/www.utrera.org\\\/reglamento-de-funcionamiento-de-los-centros-civicos-de-la-ciudad-de-utrera\\\/#breadcrumb\",\"itemListElement\":[{\"@type\":\"ListItem\",\"position\":1,\"name\":\"Inicio\",\"item\":\"https:\\\/\\\/www.utrera.org\\\/\"},{\"@type\":\"ListItem\",\"position\":2,\"name\":\"Reglamento de funcionamiento de los Centros C\u00edvicos de la Ciudad de Utrera\"}]},{\"@type\":\"WebSite\",\"@id\":\"https:\\\/\\\/www.utrera.org\\\/#website\",\"url\":\"https:\\\/\\\/www.utrera.org\\\/\",\"name\":\"Ayuntamiento de Utrera\",\"description\":\"Web Municipal del Ayuntamiento de Utrera\",\"potentialAction\":[{\"@type\":\"SearchAction\",\"target\":{\"@type\":\"EntryPoint\",\"urlTemplate\":\"https:\\\/\\\/www.utrera.org\\\/?s={search_term_string}\"},\"query-input\":{\"@type\":\"PropertyValueSpecification\",\"valueRequired\":true,\"valueName\":\"search_term_string\"}}],\"inLanguage\":\"en-GB\"}]}<\/script>\n<!-- \/ Yoast SEO plugin. -->","yoast_head_json":{"title":"Reglamento de funcionamiento de los Centros C\u00edvicos de la Ciudad de Utrera - Ayuntamiento de Utrera","robots":{"index":"index","follow":"follow","max-snippet":"max-snippet:-1","max-image-preview":"max-image-preview:large","max-video-preview":"max-video-preview:-1"},"canonical":"https:\/\/www.utrera.org\/en\/reglamento-de-funcionamiento-de-los-centros-civicos-de-la-ciudad-de-utrera\/","og_locale":"en_GB","og_type":"article","og_title":"Reglamento de funcionamiento de los Centros C\u00edvicos de la Ciudad de Utrera - Ayuntamiento de Utrera","og_description":"La Constituci\u00f3n espa\u00f1ola de 1978, establece en el apartado 2\u00ba del art\u00edculo 9 que \u00abCorresponde a los poderes p\u00fablicos, facilitar la participaci\u00f3n de todos los ciudadanos en la vida pol\u00edtica, econ\u00f3mica, cultural y social\u00bb. En l\u00ednea con el texto constitucional se manifiestan el Pre\u00e1mbulo y el art\u00edculo 3 de la Carta Europea de Autonom\u00eda Local [&hellip;]","og_url":"https:\/\/www.utrera.org\/en\/reglamento-de-funcionamiento-de-los-centros-civicos-de-la-ciudad-de-utrera\/","og_site_name":"Ayuntamiento de Utrera","article_publisher":"https:\/\/www.facebook.com\/AyuntamientodeUtrera\/","article_modified_time":"2018-06-15T08:12:13+00:00","twitter_card":"summary_large_image","twitter_site":"@CiudadUtrera","twitter_misc":{"Est. reading time":"2 minutes"},"schema":{"@context":"https:\/\/schema.org","@graph":[{"@type":"WebPage","@id":"https:\/\/www.utrera.org\/reglamento-de-funcionamiento-de-los-centros-civicos-de-la-ciudad-de-utrera\/","url":"https:\/\/www.utrera.org\/reglamento-de-funcionamiento-de-los-centros-civicos-de-la-ciudad-de-utrera\/","name":"Reglamento de funcionamiento de los Centros C\u00edvicos de la Ciudad de Utrera - Ayuntamiento de Utrera","isPartOf":{"@id":"https:\/\/www.utrera.org\/#website"},"datePublished":"2018-05-09T10:45:56+00:00","dateModified":"2018-06-15T08:12:13+00:00","breadcrumb":{"@id":"https:\/\/www.utrera.org\/reglamento-de-funcionamiento-de-los-centros-civicos-de-la-ciudad-de-utrera\/#breadcrumb"},"inLanguage":"en-GB","potentialAction":[{"@type":"ReadAction","target":["https:\/\/www.utrera.org\/reglamento-de-funcionamiento-de-los-centros-civicos-de-la-ciudad-de-utrera\/"]}]},{"@type":"BreadcrumbList","@id":"https:\/\/www.utrera.org\/reglamento-de-funcionamiento-de-los-centros-civicos-de-la-ciudad-de-utrera\/#breadcrumb","itemListElement":[{"@type":"ListItem","position":1,"name":"Inicio","item":"https:\/\/www.utrera.org\/"},{"@type":"ListItem","position":2,"name":"Reglamento de funcionamiento de los Centros C\u00edvicos de la Ciudad de Utrera"}]},{"@type":"WebSite","@id":"https:\/\/www.utrera.org\/#website","url":"https:\/\/www.utrera.org\/","name":"City Council of Utrera","description":"Web Municipal del Ayuntamiento de Utrera","potentialAction":[{"@type":"SearchAction","target":{"@type":"EntryPoint","urlTemplate":"https:\/\/www.utrera.org\/?s={search_term_string}"},"query-input":{"@type":"PropertyValueSpecification","valueRequired":true,"valueName":"search_term_string"}}],"inLanguage":"en-GB"}]}},"_links":{"self":[{"href":"https:\/\/www.utrera.org\/en\/wp-json\/wp\/v2\/pages\/4797","targetHints":{"allow":["GET"]}}],"collection":[{"href":"https:\/\/www.utrera.org\/en\/wp-json\/wp\/v2\/pages"}],"about":[{"href":"https:\/\/www.utrera.org\/en\/wp-json\/wp\/v2\/types\/page"}],"author":[{"embeddable":true,"href":"https:\/\/www.utrera.org\/en\/wp-json\/wp\/v2\/users\/2"}],"replies":[{"embeddable":true,"href":"https:\/\/www.utrera.org\/en\/wp-json\/wp\/v2\/comments?post=4797"}],"version-history":[{"count":0,"href":"https:\/\/www.utrera.org\/en\/wp-json\/wp\/v2\/pages\/4797\/revisions"}],"wp:attachment":[{"href":"https:\/\/www.utrera.org\/en\/wp-json\/wp\/v2\/media?parent=4797"}],"curies":[{"name":"wp","href":"https:\/\/api.w.org\/{rel}","templated":true}]}}