{"id":4787,"date":"2018-05-09T11:36:30","date_gmt":"2018-05-09T10:36:30","guid":{"rendered":"https:\/\/www.utrera.org\/?page_id=4787"},"modified":"2018-05-09T11:36:56","modified_gmt":"2018-05-09T10:36:56","slug":"tramite-celebracion-matrimonios-civiles","status":"publish","type":"page","link":"https:\/\/www.utrera.org\/en\/tramite-celebracion-matrimonios-civiles\/","title":{"rendered":"Civil Marriage Proceeding"},"content":{"rendered":"[et_pb_section bb_built=\u00bb1&#8243;][et_pb_row][et_pb_column type=\u00bb4_4&#8243;][et_pb_text]\n<p><u><strong>DOCUMENTACI\u00d3N NECESARIA PARA TRAMITAR EL EXPEDIENTE PREVIO ANTE EL REGISTRO CIVIL DE UTRERA<\/strong><\/u><strong>\u00a0\u00a0(Cabecera del Partido Judicial)<\/strong><\/p>\n<p>Los futuros c\u00f3nyuges deber\u00e1n presentar la siguiente documentaci\u00f3n ante el Registro Civil de la Cabecera del Partido Judicial que les corresponda, tal y como se regula en los art\u00edculos 240 y 241 del Reglamento del Registro Civil:<\/p>\n<ul>\n<li>Certificaci\u00f3n literal de nacimiento de los futuros c\u00f3nyuges, expedida por el Registro Civil correspondiente al lugar de nacimiento.<\/li>\n<li>Certificados de empadronamiento o residencia acreditativa del domicilio en los dos \u00faltimos a\u00f1os de ambos solicitantes.<\/li>\n<li>DNI o pasaporte.<\/li>\n<li>Solicitud formal ante el Registro, que ser\u00e1 facilitada por este, y en la que deber\u00e1 constar en todo caso:\n<ul>\n<li>Las menciones de identidad y la profesi\u00f3n de los futuros contrayentes.<\/li>\n<li>El nombre y apellidos del c\u00f3nyuge o c\u00f3nyuges anteriores y fecha de la disoluci\u00f3n del matrimonio.<\/li>\n<li>La declaraci\u00f3n de que no existe impedimento para el matrimonio.<\/li>\n<li>El Juez o la Autoridad elegida1.<\/li>\n<\/ul>\n<\/li>\n<\/ul>\n<p>Los futuros c\u00f3nyuges pueden encontrarse en distintas situaciones y, si se encuentran en una de las siguientes, deber\u00e1 aportar la siguiente documentaci\u00f3n complementaria:<\/p>\n<ul>\n<li>En el caso de Divorciados\/as o nulidad del matrimonio anterior:\n<ul>\n<li>Certificado literal del matrimonio en la que conste la nulidad o divorcio.<\/li>\n<\/ul>\n<\/li>\n<li>En el caso de Viudos\/as:\n<ul>\n<li>Certificado literal del matrimonio y la certificaci\u00f3n literal de la defunci\u00f3n del c\u00f3nyuge fallecido.<\/li>\n<\/ul>\n<\/li>\n<li>En el caso de menores de Edad:\n<ul>\n<li>Mayores de 16 a\u00f1os: que conste en la certificaci\u00f3n literal de nacimiento la inscripci\u00f3n de emancipaci\u00f3n. Art\u00edculo 320 del C\u00f3digo Civil y 46.1 del C\u00f3digo Civil, entendido a sensu contrario.<\/li>\n<li>Mayores de 14 y menores de 16 a\u00f1os: Debe obtenerse la dispensa judicial. Art\u00edculo 48.2 del C\u00f3digo Civil.<\/li>\n<\/ul>\n<\/li>\n<li>En el caso de Extranjeros:\n<ul>\n<li>Justificaci\u00f3n de la residencia durante los dos \u00faltimos a\u00f1os.<\/li>\n<li>Acreditaci\u00f3n de su estado civil: Debe presentarse la aptitud matrimonial que firme el C\u00f3nsul o funcionario competente seg\u00fan la Ley de su pa\u00eds de origen.<\/li>\n<li>La documentaci\u00f3n que venga en idioma extranjero, deber\u00e1 de ser traducida por un traductor jurado o legalizarse por el consulado.<\/li>\n<\/ul>\n<\/li>\n<\/ul>\n<p>&nbsp;<\/p>\n<p><u><strong>INFORMACI\u00d3N CELEBRACI\u00d3N MATRIMONIOS CIVILES EN EL AYUNTAMIENTO DE UTRERA<\/strong><\/u><\/p>\n<p>Las parejas que deseen contraer matrimonio civil ante el Sr\/a. Alcalde\/sa deber\u00e1n tener en cuenta las siguientes instrucciones:<\/p>\n<p><strong>Formas de Tramitaci\u00f3n: Presencial<\/strong><\/p>\n<p>El expediente previo matrimonial, deber\u00e1 ser tramitado con antelaci\u00f3n ante el Registro Civil, en donde se realizar\u00e1 la entrega del oficio o certificado para presentarlo en el Ayuntamiento.<br \/>\nLos\/as interesados\/as deber\u00e1n manifestar expresamente, en dicha tramitaci\u00f3n, que desean que el enlace sea autorizado por el Sr.\/a Alcalde\/sa.<br \/>\nUna vez que ha sido tramitado por el Registro Civil, los interesados deber\u00e1n acudir al Ayuntamiento para reservar la fecha y hora del enlace de acuerdo con el calendario de actos oficiales.<br \/>\nLas bodas tienen lugar en la Casa Consistorial y se celebrar\u00e1n, como norma general, en el Sal\u00f3n de Plenos Municipal: jueves no festivos, , en horario de 8:00 a 14:00 h.; viernes no festivos de 17:00 a 20:00 h. y s\u00e1bados no festivos de 9:00 a 14:00 h. Excepcionalmente y, previa aprobaci\u00f3n por el Sr\/a. Alcalde\/sa, se celebrar\u00e1n fuera de estos horarios.<br \/>\nLo puede solicitar cualquier persona f\u00edsica que desee contraer matrimonio civil con otra.<\/p>\n<p><strong>Normativas:<\/strong><\/p>\n<ul>\n<li>Ordenanza fiscal reguladora de la tasa por celebraci\u00f3n de Bodas Civiles en el Excmo. Ayuntamiento de Utrera, publicada en el BOP n\u00ba 300, de fecha 30 de diciembre 2018.<\/li>\n<li>Real Decreto de 24 de julio de 1889 por el que se publica el C\u00f3digo Civil. Arts. 49 , 51 , 56-58 , 62 , 66-68<\/li>\n<li>Instrucci\u00f3n de 26 de enero de 1995, de la Direcci\u00f3n General de los Registros y del Notariado, sobre autorizaci\u00f3n del matrimonio civil por los alcaldes.<\/li>\n<li>Instrucci\u00f3n de 10 de enero de 2013, de la Direcci\u00f3n General de los Registros y del Notariado, sobre lugar de celebraci\u00f3n de matrimonios civiles por los alcaldes.<\/li>\n<li>LEY de 8 de junio de 1957 sobre el Registro Civil. Arts. 69-80<\/li>\n<li>Decreto de 14 de noviembre de 1958 por el que se aprueba el Reglamento de la Ley del Registro Civil. Arts. 238-262<\/li>\n<\/ul>\n<p>Tramitaci\u00f3n Presencial:<\/p>\n<p><strong>Solicitud, documentaci\u00f3n:<\/strong><\/p>\n<p>Las solicitudes deber\u00e1n presentarse en el Registro General del Ayuntamiento de Utrera con una antelaci\u00f3n m\u00ednima de quince d\u00edas h\u00e1biles respeto de la fecha en la que pretendan celebrar la boda, entregando en el SAC la siguiente documentaci\u00f3n:<\/p>\n<ol>\n<li>Solicitud, se recoge en la Delegaci\u00f3n de Participaci\u00f3n Ciudadana.<\/li>\n<li>Justificante del pago de las tasas municipales, si procede.<\/li>\n<li>Oficio o certificaci\u00f3n del juez autorizando el matrimonio.<\/li>\n<li>Fotocopia de los DNI de los contrayentes y de los dos testigos mayores de edad que van a estar presentes en la ceremonia del Ayuntamiento.<\/li>\n<\/ol>\n<p><strong>Cuant\u00eda de la tasa. Tarifas:<\/strong><\/p>\n<p>1. De lunes a viernes no festivos, , en horario de 8:00 a 14:00 h.: 100,00 \u20ac<br \/>\n2. De lunes a viernes no festivos, , en horario de 17:00 a 20:00 h. y s\u00e1bados no festivos de 9:00 a 14:00 h.: 200,00 \u20ac<br \/>\n3. S\u00e1bados tarde, Domingos y festivos: 300,00 \u20ac<\/p>\n<p><strong>Reducciones de las tarifas:<\/strong><\/p>\n<p>Cuando cualquiera de los contrayentes estuviera empadronado en Utrera, los sujetos pasivos gozar\u00e1n de una reducci\u00f3n del 50% de las tarifas 2 y 3 establecidas en el punto anterior y una del 90%, en la tarifa 1.<\/p>\n<p><strong>Lugar de Presentaci\u00f3n:<\/strong><\/p>\n<p>Servicio de Atenci\u00f3n al Ciudadano (S.A.C.)<br \/>\nPza. de Gibaxa, 1 &#8211; Utrera 41710<br \/>\nHorario: De lunes a viernes de 8:30 a 14:00 y de 16:30 a 19:00 (verano de 17:30 a 20:00); S\u00e1bados de 9:30 a 12:30<\/p>\n<p><strong>Dependencia Instructora e informadora:<\/strong><\/p>\n<p>Delegaci\u00f3n de Participaci\u00f3n Ciudadana<br \/>\nPza. de Gibaxa, 1 &#8211; Utrera 41710<br \/>\nHorario: De lunes a viernes de 10:00 a 14:00 h.<br \/>\nTfno: 955867748<br \/>\nFax: 955867748<br \/>\nCorreo electr\u00f3nico: participacion@utrera.org<\/p>\n[\/et_pb_text][\/et_pb_column][\/et_pb_row][\/et_pb_section]\n","protected":false},"excerpt":{"rendered":"<p><div class=\"et_pb_row et_pb_row_0 et_pb_row_empty\">\n\t\t\t\t\n\t\t\t\t\n\t\t\t\t\n\t\t\t\t\n\t\t\t\t\n\t\t\t<\/div><div class=\"et_pb_module et_pb_text et_pb_text_0  et_pb_text_align_left et_pb_bg_layout_light\">\n\t\t\t\t\n\t\t\t\t\n\t\t\t\t\n\t\t\t\t\n\t\t\t\t\n\t\t\t<\/div> DOCUMENTACI\u00d3N NECESARIA PARA TRAMITAR EL EXPEDIENTE PREVIO ANTE EL REGISTRO CIVIL DE UTRERA\u00a0\u00a0(Cabecera del Partido Judicial) Los futuros c\u00f3nyuges deber\u00e1n presentar la siguiente documentaci\u00f3n ante el Registro Civil de la Cabecera del Partido Judicial que les corresponda, tal y como se regula en los art\u00edculos 240 y 241 del Reglamento del Registro Civil: Certificaci\u00f3n [&hellip;]<\/p>\n","protected":false},"author":2,"featured_media":0,"parent":0,"menu_order":0,"comment_status":"closed","ping_status":"closed","template":"","meta":{"_et_pb_use_builder":"on","_et_pb_old_content":"<p><u><strong>DOCUMENTACI\u00d3N NECESARIA PARA TRAMITAR EL EXPEDIENTE PREVIO ANTE EL REGISTRO CIVIL DE UTRERA<\/strong><\/u><strong>\u00a0\u00a0(Cabecera del Partido Judicial)<\/strong><\/p><p>Los futuros c\u00f3nyuges deber\u00e1n presentar la siguiente documentaci\u00f3n ante el Registro Civil de la Cabecera del Partido Judicial que les corresponda, tal y como se regula en los art\u00edculos 240 y 241 del Reglamento del Registro Civil:<\/p><ul><li>Certificaci\u00f3n literal de nacimiento de los futuros c\u00f3nyuges, expedida por el Registro Civil correspondiente al lugar de nacimiento.<\/li><li>Certificados de empadronamiento o residencia acreditativa del domicilio en los dos \u00faltimos a\u00f1os de ambos solicitantes.<\/li><li>DNI o pasaporte.<\/li><li>Solicitud formal ante el Registro, que ser\u00e1 facilitada por este, y en la que deber\u00e1 constar en todo caso:<ul><li>Las menciones de identidad y la profesi\u00f3n de los futuros contrayentes.<\/li><li>El nombre y apellidos del c\u00f3nyuge o c\u00f3nyuges anteriores y fecha de la disoluci\u00f3n del matrimonio.<\/li><li>La declaraci\u00f3n de que no existe impedimento para el matrimonio.<\/li><li>El Juez o la Autoridad elegida1.<\/li><\/ul><\/li><\/ul><p>Los futuros c\u00f3nyuges pueden encontrarse en distintas situaciones y, si se encuentran en una de las siguientes, deber\u00e1 aportar la siguiente documentaci\u00f3n complementaria:<\/p><ul><li>En el caso de Divorciados\/as o nulidad del matrimonio anterior:<ul><li>Certificado literal del matrimonio en la que conste la nulidad o divorcio.<\/li><\/ul><\/li><li>En el caso de Viudos\/as:<ul><li>Certificado literal del matrimonio y la certificaci\u00f3n literal de la defunci\u00f3n del c\u00f3nyuge fallecido.<\/li><\/ul><\/li><li>En el caso de menores de Edad:<ul><li>Mayores de 16 a\u00f1os: que conste en la certificaci\u00f3n literal de nacimiento la inscripci\u00f3n de emancipaci\u00f3n. Art\u00edculo 320 del C\u00f3digo Civil y 46.1 del C\u00f3digo Civil, entendido a sensu contrario.<\/li><li>Mayores de 14 y menores de 16 a\u00f1os: Debe obtenerse la dispensa judicial. Art\u00edculo 48.2 del C\u00f3digo Civil.<\/li><\/ul><\/li><li>En el caso de Extranjeros:<ul><li>Justificaci\u00f3n de la residencia durante los dos \u00faltimos a\u00f1os.<\/li><li>Acreditaci\u00f3n de su estado civil: Debe presentarse la aptitud matrimonial que firme el C\u00f3nsul o funcionario competente seg\u00fan la Ley de su pa\u00eds de origen.<\/li><li>La documentaci\u00f3n que venga en idioma extranjero, deber\u00e1 de ser traducida por un traductor jurado o legalizarse por el consulado.<\/li><\/ul><\/li><\/ul><p>\u00a0<\/p><p><u><strong>INFORMACI\u00d3N CELEBRACI\u00d3N MATRIMONIOS CIVILES EN EL AYUNTAMIENTO DE UTRERA<\/strong><\/u><\/p><p>Las parejas que deseen contraer matrimonio civil ante el Sr\/a. Alcalde\/sa deber\u00e1n tener en cuenta las siguientes instrucciones:<\/p><p><strong>Formas de Tramitaci\u00f3n: Presencial<\/strong><\/p><p>El expediente previo matrimonial, deber\u00e1 ser tramitado con antelaci\u00f3n ante el Registro Civil, en donde se realizar\u00e1 la entrega del oficio o certificado para presentarlo en el Ayuntamiento.<br \/> Los\/as interesados\/as deber\u00e1n manifestar expresamente, en dicha tramitaci\u00f3n, que desean que el enlace sea autorizado por el Sr.\/a Alcalde\/sa.<br \/> Una vez que ha sido tramitado por el Registro Civil, los interesados deber\u00e1n acudir al Ayuntamiento para reservar la fecha y hora del enlace de acuerdo con el calendario de actos oficiales.<br \/> Las bodas tienen lugar en la Casa Consistorial y se celebrar\u00e1n, como norma general, en el Sal\u00f3n de Plenos Municipal: jueves no festivos, , en horario de 8:00 a 14:00 h.; viernes no festivos de 17:00 a 20:00 h. y s\u00e1bados no festivos de 9:00 a 14:00 h. Excepcionalmente y, previa aprobaci\u00f3n por el Sr\/a. Alcalde\/sa, se celebrar\u00e1n fuera de estos horarios.<br \/> Lo puede solicitar cualquier persona f\u00edsica que desee contraer matrimonio civil con otra.<\/p><p><strong>Normativas:<\/strong><\/p><ul><li>Ordenanza fiscal reguladora de la tasa por celebraci\u00f3n de Bodas Civiles en el Excmo. Ayuntamiento de Utrera, publicada en el BOP n\u00ba 300, de fecha 30 de diciembre 2018.<\/li><li>Real Decreto de 24 de julio de 1889 por el que se publica el C\u00f3digo Civil. Arts. 49 , 51 , 56-58 , 62 , 66-68<\/li><li>Instrucci\u00f3n de 26 de enero de 1995, de la Direcci\u00f3n General de los Registros y del Notariado, sobre autorizaci\u00f3n del matrimonio civil por los alcaldes.<\/li><li>Instrucci\u00f3n de 10 de enero de 2013, de la Direcci\u00f3n General de los Registros y del Notariado, sobre lugar de celebraci\u00f3n de matrimonios civiles por los alcaldes.<\/li><li>LEY de 8 de junio de 1957 sobre el Registro Civil. Arts. 69-80<\/li><li>Decreto de 14 de noviembre de 1958 por el que se aprueba el Reglamento de la Ley del Registro Civil. Arts. 238-262<\/li><\/ul><p>Tramitaci\u00f3n Presencial:<\/p><p><strong>Solicitud, documentaci\u00f3n:<\/strong><\/p><p>Las solicitudes deber\u00e1n presentarse en el Registro General del Ayuntamiento de Utrera con una antelaci\u00f3n m\u00ednima de quince d\u00edas h\u00e1biles respeto de la fecha en la que pretendan celebrar la boda, entregando en el SAC la siguiente documentaci\u00f3n:<\/p><ol><li>Solicitud, se recoge en la Delegaci\u00f3n de Participaci\u00f3n Ciudadana.<\/li><li>Justificante del pago de las tasas municipales, si procede.<\/li><li>Oficio o certificaci\u00f3n del juez autorizando el matrimonio.<\/li><li>Fotocopia de los DNI de los contrayentes y de los dos testigos mayores de edad que van a estar presentes en la ceremonia del Ayuntamiento.<\/li><\/ol><p><strong>Cuant\u00eda de la tasa. Tarifas:<\/strong><\/p><p>1. De lunes a viernes no festivos, , en horario de 8:00 a 14:00 h.: 100,00 \u20ac<br \/> 2. De lunes a viernes no festivos, , en horario de 17:00 a 20:00 h. y s\u00e1bados no festivos de 9:00 a 14:00 h.: 200,00 \u20ac<br \/> 3. S\u00e1bados tarde, Domingos y festivos: 300,00 \u20ac<\/p><p><strong>Reducciones de las tarifas:<\/strong><\/p><p>Cuando cualquiera de los contrayentes estuviera empadronado en Utrera, los sujetos pasivos gozar\u00e1n de una reducci\u00f3n del 50% de las tarifas 2 y 3 establecidas en el punto anterior y una del 90%, en la tarifa 1.<\/p><p><strong>Lugar de Presentaci\u00f3n:<\/strong><\/p><p>Servicio de Atenci\u00f3n al Ciudadano (S.A.C.)<br \/> Pza. de Gibaxa, 1 - Utrera 41710<br \/> Horario: De lunes a viernes de 8:30 a 14:00 y de 16:30 a 19:00 (verano de 17:30 a 20:00); S\u00e1bados de 9:30 a 12:30<\/p><p><strong>Dependencia Instructora e informadora:<\/strong><\/p><p>Delegaci\u00f3n de Participaci\u00f3n Ciudadana<br \/> Pza. de Gibaxa, 1 - Utrera 41710<br \/> Horario: De lunes a viernes de 10:00 a 14:00 h.<br \/> Tfno: 955867748<br \/> Fax: 955867748<br \/> Correo electr\u00f3nico: participacion@utrera.org<\/p>","_et_gb_content_width":"","footnotes":""},"class_list":["post-4787","page","type-page","status-publish","hentry"],"yoast_head":"<!-- This site is optimized with the Yoast SEO plugin v27.3 - https:\/\/yoast.com\/product\/yoast-seo-wordpress\/ -->\n<title>Tr\u00e1mite celebraci\u00f3n matrimonios civiles - Ayuntamiento de Utrera<\/title>\n<meta name=\"robots\" content=\"index, follow, max-snippet:-1, max-image-preview:large, max-video-preview:-1\" \/>\n<link rel=\"canonical\" href=\"https:\/\/www.utrera.org\/en\/tramite-celebracion-matrimonios-civiles\/\" \/>\n<meta property=\"og:locale\" content=\"en_GB\" \/>\n<meta property=\"og:type\" content=\"article\" \/>\n<meta property=\"og:title\" content=\"Tr\u00e1mite celebraci\u00f3n matrimonios civiles - Ayuntamiento de Utrera\" \/>\n<meta property=\"og:description\" content=\"DOCUMENTACI\u00d3N NECESARIA PARA TRAMITAR EL EXPEDIENTE PREVIO ANTE EL REGISTRO CIVIL DE UTRERA\u00a0\u00a0(Cabecera del Partido Judicial) Los futuros c\u00f3nyuges deber\u00e1n presentar la siguiente documentaci\u00f3n ante el Registro Civil de la Cabecera del Partido Judicial que les corresponda, tal y como se regula en los art\u00edculos 240 y 241 del Reglamento del Registro Civil: Certificaci\u00f3n [&hellip;]\" \/>\n<meta property=\"og:url\" content=\"https:\/\/www.utrera.org\/en\/tramite-celebracion-matrimonios-civiles\/\" \/>\n<meta property=\"og:site_name\" content=\"Ayuntamiento de Utrera\" \/>\n<meta property=\"article:publisher\" content=\"https:\/\/www.facebook.com\/AyuntamientodeUtrera\/\" \/>\n<meta property=\"article:modified_time\" content=\"2018-05-09T10:36:56+00:00\" \/>\n<meta name=\"twitter:card\" content=\"summary_large_image\" \/>\n<meta name=\"twitter:site\" content=\"@CiudadUtrera\" \/>\n<meta name=\"twitter:label1\" content=\"Est. reading time\" \/>\n\t<meta name=\"twitter:data1\" content=\"5 minutes\" \/>\n<script type=\"application\/ld+json\" class=\"yoast-schema-graph\">{\"@context\":\"https:\\\/\\\/schema.org\",\"@graph\":[{\"@type\":\"WebPage\",\"@id\":\"https:\\\/\\\/www.utrera.org\\\/tramite-celebracion-matrimonios-civiles\\\/\",\"url\":\"https:\\\/\\\/www.utrera.org\\\/tramite-celebracion-matrimonios-civiles\\\/\",\"name\":\"Tr\u00e1mite celebraci\u00f3n matrimonios civiles - Ayuntamiento de Utrera\",\"isPartOf\":{\"@id\":\"https:\\\/\\\/www.utrera.org\\\/#website\"},\"datePublished\":\"2018-05-09T10:36:30+00:00\",\"dateModified\":\"2018-05-09T10:36:56+00:00\",\"breadcrumb\":{\"@id\":\"https:\\\/\\\/www.utrera.org\\\/tramite-celebracion-matrimonios-civiles\\\/#breadcrumb\"},\"inLanguage\":\"en-GB\",\"potentialAction\":[{\"@type\":\"ReadAction\",\"target\":[\"https:\\\/\\\/www.utrera.org\\\/tramite-celebracion-matrimonios-civiles\\\/\"]}]},{\"@type\":\"BreadcrumbList\",\"@id\":\"https:\\\/\\\/www.utrera.org\\\/tramite-celebracion-matrimonios-civiles\\\/#breadcrumb\",\"itemListElement\":[{\"@type\":\"ListItem\",\"position\":1,\"name\":\"Inicio\",\"item\":\"https:\\\/\\\/www.utrera.org\\\/\"},{\"@type\":\"ListItem\",\"position\":2,\"name\":\"Tr\u00e1mite celebraci\u00f3n matrimonios civiles\"}]},{\"@type\":\"WebSite\",\"@id\":\"https:\\\/\\\/www.utrera.org\\\/#website\",\"url\":\"https:\\\/\\\/www.utrera.org\\\/\",\"name\":\"Ayuntamiento de Utrera\",\"description\":\"Web Municipal del Ayuntamiento de Utrera\",\"potentialAction\":[{\"@type\":\"SearchAction\",\"target\":{\"@type\":\"EntryPoint\",\"urlTemplate\":\"https:\\\/\\\/www.utrera.org\\\/?s={search_term_string}\"},\"query-input\":{\"@type\":\"PropertyValueSpecification\",\"valueRequired\":true,\"valueName\":\"search_term_string\"}}],\"inLanguage\":\"en-GB\"}]}<\/script>\n<!-- \/ Yoast SEO plugin. -->","yoast_head_json":{"title":"Tr\u00e1mite celebraci\u00f3n matrimonios civiles - Ayuntamiento de Utrera","robots":{"index":"index","follow":"follow","max-snippet":"max-snippet:-1","max-image-preview":"max-image-preview:large","max-video-preview":"max-video-preview:-1"},"canonical":"https:\/\/www.utrera.org\/en\/tramite-celebracion-matrimonios-civiles\/","og_locale":"en_GB","og_type":"article","og_title":"Tr\u00e1mite celebraci\u00f3n matrimonios civiles - Ayuntamiento de Utrera","og_description":"DOCUMENTACI\u00d3N NECESARIA PARA TRAMITAR EL EXPEDIENTE PREVIO ANTE EL REGISTRO CIVIL DE UTRERA\u00a0\u00a0(Cabecera del Partido Judicial) Los futuros c\u00f3nyuges deber\u00e1n presentar la siguiente documentaci\u00f3n ante el Registro Civil de la Cabecera del Partido Judicial que les corresponda, tal y como se regula en los art\u00edculos 240 y 241 del Reglamento del Registro Civil: Certificaci\u00f3n [&hellip;]","og_url":"https:\/\/www.utrera.org\/en\/tramite-celebracion-matrimonios-civiles\/","og_site_name":"Ayuntamiento de Utrera","article_publisher":"https:\/\/www.facebook.com\/AyuntamientodeUtrera\/","article_modified_time":"2018-05-09T10:36:56+00:00","twitter_card":"summary_large_image","twitter_site":"@CiudadUtrera","twitter_misc":{"Est. reading time":"5 minutes"},"schema":{"@context":"https:\/\/schema.org","@graph":[{"@type":"WebPage","@id":"https:\/\/www.utrera.org\/tramite-celebracion-matrimonios-civiles\/","url":"https:\/\/www.utrera.org\/tramite-celebracion-matrimonios-civiles\/","name":"Tr\u00e1mite celebraci\u00f3n matrimonios civiles - Ayuntamiento de Utrera","isPartOf":{"@id":"https:\/\/www.utrera.org\/#website"},"datePublished":"2018-05-09T10:36:30+00:00","dateModified":"2018-05-09T10:36:56+00:00","breadcrumb":{"@id":"https:\/\/www.utrera.org\/tramite-celebracion-matrimonios-civiles\/#breadcrumb"},"inLanguage":"en-GB","potentialAction":[{"@type":"ReadAction","target":["https:\/\/www.utrera.org\/tramite-celebracion-matrimonios-civiles\/"]}]},{"@type":"BreadcrumbList","@id":"https:\/\/www.utrera.org\/tramite-celebracion-matrimonios-civiles\/#breadcrumb","itemListElement":[{"@type":"ListItem","position":1,"name":"Inicio","item":"https:\/\/www.utrera.org\/"},{"@type":"ListItem","position":2,"name":"Tr\u00e1mite celebraci\u00f3n matrimonios civiles"}]},{"@type":"WebSite","@id":"https:\/\/www.utrera.org\/#website","url":"https:\/\/www.utrera.org\/","name":"City Council of Utrera","description":"Web Municipal del Ayuntamiento de Utrera","potentialAction":[{"@type":"SearchAction","target":{"@type":"EntryPoint","urlTemplate":"https:\/\/www.utrera.org\/?s={search_term_string}"},"query-input":{"@type":"PropertyValueSpecification","valueRequired":true,"valueName":"search_term_string"}}],"inLanguage":"en-GB"}]}},"_links":{"self":[{"href":"https:\/\/www.utrera.org\/en\/wp-json\/wp\/v2\/pages\/4787","targetHints":{"allow":["GET"]}}],"collection":[{"href":"https:\/\/www.utrera.org\/en\/wp-json\/wp\/v2\/pages"}],"about":[{"href":"https:\/\/www.utrera.org\/en\/wp-json\/wp\/v2\/types\/page"}],"author":[{"embeddable":true,"href":"https:\/\/www.utrera.org\/en\/wp-json\/wp\/v2\/users\/2"}],"replies":[{"embeddable":true,"href":"https:\/\/www.utrera.org\/en\/wp-json\/wp\/v2\/comments?post=4787"}],"version-history":[{"count":1,"href":"https:\/\/www.utrera.org\/en\/wp-json\/wp\/v2\/pages\/4787\/revisions"}],"predecessor-version":[{"id":40240,"href":"https:\/\/www.utrera.org\/en\/wp-json\/wp\/v2\/pages\/4787\/revisions\/40240"}],"wp:attachment":[{"href":"https:\/\/www.utrera.org\/en\/wp-json\/wp\/v2\/media?parent=4787"}],"curies":[{"name":"wp","href":"https:\/\/api.w.org\/{rel}","templated":true}]}}