{"id":46679,"date":"2022-04-07T10:46:29","date_gmt":"2022-04-07T09:46:29","guid":{"rendered":"https:\/\/www.utrera.org\/?page_id=46679"},"modified":"2024-04-25T10:18:18","modified_gmt":"2024-04-25T09:18:18","slug":"registro-de-actividades-de-tratamiento","status":"publish","type":"page","link":"https:\/\/www.utrera.org\/en\/derechos-en-proteccion-de-datos\/registro-de-actividades-de-tratamiento\/","title":{"rendered":"Registro de actividades de tratamiento"},"content":{"rendered":"[et_pb_section fb_built=\u00bb1&#8243; _builder_version=\u00bb4.16&#8243; global_colors_info=\u00bb{}\u00bb][et_pb_row _builder_version=\u00bb4.16&#8243; background_size=\u00bbinitial\u00bb background_position=\u00bbtop_left\u00bb background_repeat=\u00bbrepeat\u00bb global_colors_info=\u00bb{}\u00bb][et_pb_column type=\u00bb4_4&#8243; _builder_version=\u00bb4.16&#8243; custom_padding=\u00bb|||\u00bb global_colors_info=\u00bb{}\u00bb custom_padding__hover=\u00bb|||\u00bb][et_pb_text _builder_version=\u00bb4.21.0&#8243; hover_enabled=\u00bb0&#8243; global_colors_info=\u00bb{}\u00bb sticky_enabled=\u00bb0&#8243;]\n<p><strong>REGISTRO DE ACTIVIDADES DE TRATAMIENTO DEL AYUNTAMIENTO DE UTRERA<\/strong><\/p>\n<p>El Reglamento Europeo de Protecci\u00f3n de Datos, RGPD 2016\/679, de 27 de abril de 2016, relativo a la protecci\u00f3n de las personas f\u00edsicas en relaci\u00f3n con el tratamiento de datos personales y la libre circulaci\u00f3n de dichos datos, exige la creaci\u00f3n de un Registro de Actividades de Tratamiento, que incluya, entre otros, informaci\u00f3n b\u00e1sica sobre el responsable del tratamiento, los datos a tratar, los fines del tratamiento, los destinatarios de la informaci\u00f3n y el ejercicio de los derechos reconocidos a las partes interesadas. En concreto, el Registro de Actividades de Tramitaci\u00f3n est\u00e1 regulado en el art\u00edculo 30 del RGPD.<\/p>\n<p>Por su parte, el art\u00edculo 31.2 de la Ley Org\u00e1nica 3\/2018, de 5 de diciembre, de Protecci\u00f3n de Datos de Car\u00e1cter Personal y garant\u00eda de derechos digitales, establece que \u201clos sujetos enumerados en el art\u00edculo 77.1 de esta Ley Org\u00e1nica har\u00e1n p\u00fablico un inventario de sus actividades de tratamiento accesibles por medios electr\u00f3nicos que contengan la informaci\u00f3n establecida en el art\u00edculo 30 del Reglamento (UE) 2016\/679 y su base jur\u00eddica\u201d.<\/p>\n<p>&nbsp;<\/p>\n<ul>\n<li>\n<h3><a href=\"https:\/\/www.utrera.org\/wp-content\/uploads\/2022\/04\/ACTIVIDADES-CULTURALES-.docx.pdf\" target=\"_blank\" rel=\"noopener\">Actividades Culturales<\/a><\/h3>\n<\/li>\n<li>\n<h3><a href=\"https:\/\/www.utrera.org\/wp-content\/uploads\/2022\/04\/ACTIVIDADES-DEPORTIVAS.docx.pdf\" target=\"_blank\" rel=\"noopener\">Actividades Deportivas<\/a><\/h3>\n<\/li>\n<li>\n<h3><a href=\"https:\/\/www.utrera.org\/wp-content\/uploads\/2022\/04\/ACTIVIDADES-ECONOMICAS.docx.pdf\" target=\"_blank\" rel=\"noopener\">Actividades Econ\u00f3micas<\/a><\/h3>\n<\/li>\n<li>\n<h3><a href=\"https:\/\/www.utrera.org\/wp-content\/uploads\/2022\/04\/ACTIVIDADES-EXTRAESCOLARES.docx.pdf\" target=\"_blank\" rel=\"noopener\">Actividades Extraescolares<\/a><\/h3>\n<\/li>\n<li>\n<h3><a href=\"https:\/\/www.utrera.org\/wp-content\/uploads\/2022\/04\/ANIMALES-POTENCIALMENTE-PELIGROSOS.docx.pdf\" target=\"_blank\" rel=\"noopener\">Animales Potencialmente Peligrosos<\/a><\/h3>\n<\/li>\n<li>\n<h3><a href=\"https:\/\/www.utrera.org\/wp-content\/uploads\/2022\/04\/ARCHIVO-MUNICIPAL.docx.pdf\" target=\"_blank\" rel=\"noopener\">Archivo Municipal<\/a><\/h3>\n<\/li>\n<li>\n<h3><a href=\"https:\/\/www.utrera.org\/wp-content\/uploads\/2022\/04\/ASISTENCIA-SANITARIA.docx.pdf\" target=\"_blank\" rel=\"noopener\">Asistencia Sanitaria<\/a><\/h3>\n<\/li>\n<li>\n<h3><a href=\"https:\/\/www.utrera.org\/wp-content\/uploads\/2022\/04\/ASOCIACIONES-VECINALES.docx.pdf\" target=\"_blank\" rel=\"noopener\">Asociaciones Vecinales<\/a><\/h3>\n<\/li>\n<li>\n<h3><a href=\"https:\/\/www.utrera.org\/wp-content\/uploads\/2022\/04\/ATENCION-DE-QUEJAS-SUGERENCIAS-Y-SOLICITUDES-DE-INFORMACION.docx.pdf\" target=\"_blank\" rel=\"noopener\">Atenci\u00f3n de quejas, sugerencias y solicitudes de informaci\u00f3n<\/a><\/h3>\n<\/li>\n<li>\n<h3><a href=\"https:\/\/www.utrera.org\/wp-content\/uploads\/2022\/04\/BECAS-AYUDAS-Y-SUBVENCIONES.docx.pdf#\" target=\"_blank\" rel=\"noopener\">Becas, Ayudas y Subvenciones<\/a><\/h3>\n<\/li>\n<li>\n<h3><a href=\"https:\/\/www.utrera.org\/wp-content\/uploads\/2022\/04\/CEMENTERIO-MUNICIPAL.docx.pdf\" target=\"_blank\" rel=\"noopener\">Cementerio municipal<\/a><\/h3>\n<\/li>\n<li>\n<h3><a href=\"https:\/\/www.utrera.org\/wp-content\/uploads\/2022\/04\/CENSO-DE-ANIMALES-DE-COMPANIA.docx.pdf\" target=\"_blank\" rel=\"noopener\">Censo de animales de compa\u00f1\u00eda<\/a><\/h3>\n<\/li>\n<li>\n<h3><a href=\"https:\/\/www.utrera.org\/wp-content\/uploads\/2022\/04\/CENTRO-DE-RECOGIDA-DE-ANIMALES.docx.pdf\" target=\"_blank\" rel=\"noopener\">Centro de recogida de animales<\/a><\/h3>\n<\/li>\n<li>\n<h3><a href=\"https:\/\/www.utrera.org\/wp-content\/uploads\/2022\/04\/CERTAMENES-Y-CONCURSOS.docx.pdf\" target=\"_blank\" rel=\"noopener\">Cert\u00e1menes y concursos<\/a><\/h3>\n<\/li>\n<li>\n<h3><a href=\"https:\/\/www.utrera.org\/wp-content\/uploads\/2022\/04\/CITA-DNI.docx.pdf\" target=\"_blank\" rel=\"noopener\">Cita DNI<\/a><\/h3>\n<\/li>\n<li>\n<h3><a href=\"https:\/\/www.utrera.org\/wp-content\/uploads\/2022\/04\/COLABORACION-SOCIAL.docx.pdf\" target=\"_blank\" rel=\"noopener\">Colaboraci\u00f3n social<\/a><\/h3>\n<\/li>\n<li>\n<h3><a href=\"https:\/\/www.utrera.org\/wp-content\/uploads\/2022\/04\/CONSUMO.docx.pdf\" target=\"_blank\" rel=\"noopener\">Consumo<\/a><\/h3>\n<\/li>\n<li>\n<h3><a href=\"https:\/\/www.utrera.org\/wp-content\/uploads\/2022\/04\/CONTABILIDAD-Y-TESORERIA.docx.pdf\" target=\"_blank\" rel=\"noopener\">Contabilidad y Tesorer\u00eda<\/a><\/h3>\n<\/li>\n<li>\n<h3><a href=\"https:\/\/www.utrera.org\/wp-content\/uploads\/2022\/04\/CONTRATACION.docx.pdf\" target=\"_blank\" rel=\"noopener\">Contrataci\u00f3n<\/a><\/h3>\n<\/li>\n<li>\n<h3><a href=\"https:\/\/www.utrera.org\/wp-content\/uploads\/2022\/04\/CONTROL-DE-PRESENCIA.docx.pdf\" target=\"_blank\" rel=\"noopener\">Control de Presencia<\/a><\/h3>\n<\/li>\n<li>\n<h3><a href=\"https:\/\/www.utrera.org\/wp-content\/uploads\/2022\/04\/CONTROL-MEDIOAMBIENTAL.docx.pdf\" target=\"_blank\" rel=\"noopener\">Control Medioambiental<\/a><\/h3>\n<\/li>\n<li>\n<h3><a href=\"https:\/\/www.utrera.org\/wp-content\/uploads\/2022\/04\/CONVOCATORIAS-Y-ACUERDOS-DE-ORGANOS-DE-GOBIERNO.docx.pdf\" target=\"_blank\" rel=\"noopener\">Convocatorias y Acuerdos de \u00d3rganos de Gobierno<\/a><\/h3>\n<\/li>\n<li>\n<h3><a href=\"https:\/\/www.utrera.org\/wp-content\/uploads\/2022\/04\/DIRECTORIOS-Y-GUIAS.docx.pdf\" target=\"_blank\" rel=\"noopener\">Directorios y Gu\u00edas<\/a><\/h3>\n<\/li>\n<li>\n<h3><a href=\"https:\/\/www.utrera.org\/wp-content\/uploads\/2022\/04\/DISCIPLINA-URBANISTICA.docx.pdf\" target=\"_blank\" rel=\"noopener\">Disciplina Urban\u00edstica<\/a><\/h3>\n<\/li>\n<li>\n<h3><a href=\"https:\/\/www.utrera.org\/wp-content\/uploads\/2022\/04\/EJERCICIO-DE-DERECHOS.docx.pdf\" target=\"_blank\" rel=\"noopener\">Ejercicio de Derechos<\/a><\/h3>\n<\/li>\n<li>\n<h3><a href=\"https:\/\/www.utrera.org\/wp-content\/uploads\/2022\/04\/EMPADRONAMIENTO.docx.pdf\" target=\"_blank\" rel=\"noopener\">Empadronamiento<\/a><\/h3>\n<\/li>\n<li>\n<h3><a href=\"https:\/\/www.utrera.org\/wp-content\/uploads\/2024\/04\/EMPLEO-PRIVADO.pdf\" target=\"_blank\" rel=\"noopener\">Empleo Privado<\/a><\/h3>\n<\/li>\n<li>\n<h3><a href=\"https:\/\/www.utrera.org\/wp-content\/uploads\/2022\/04\/EMPLEO-SERVICIO-DOMESTICO.docx.pdf\" target=\"_blank\" rel=\"noopener\">Empleo Servicio Dom\u00e9stico<\/a><\/h3>\n<\/li>\n<li>\n<h3><a href=\"https:\/\/www.utrera.org\/wp-content\/uploads\/2022\/04\/ESCUELA-DE-MUSICA.docx.pdf\" target=\"_blank\" rel=\"noopener\">Escuela Municipal de M\u00fasica<\/a><\/h3>\n<\/li>\n<li>\n<h3><a href=\"https:\/\/www.utrera.org\/wp-content\/uploads\/2022\/04\/ESCUELA-MUNICIPAL-DE-IDIOMAS.docx.pdf\" target=\"_blank\" rel=\"noopener\">Escuela Municipal de Idiomas<\/a><\/h3>\n<\/li>\n<li>\n<h3><a href=\"https:\/\/www.utrera.org\/wp-content\/uploads\/2022\/04\/EVENTOS-ESCOLARES.docx.pdf\" target=\"_blank\" rel=\"noopener\">Eventos escolares<\/a><\/h3>\n<\/li>\n<li>\n<h3><a href=\"https:\/\/www.utrera.org\/wp-content\/uploads\/2022\/04\/EXPEDIENTES-SANCIONADORES.docx.pdf\" target=\"_blank\" rel=\"noopener\">Expedientes Sancionadores<\/a><\/h3>\n<\/li>\n<li>\n<h3><a href=\"https:\/\/www.utrera.org\/wp-content\/uploads\/2022\/04\/EXPOSICIONES.docx.pdf\" target=\"_blank\" rel=\"noopener\">Exposiciones<\/a><\/h3>\n<\/li>\n<li>\n<h3><a href=\"https:\/\/www.utrera.org\/wp-content\/uploads\/2022\/04\/FERIAS-Y-EVENTOS.docx.pdf\" target=\"_blank\" rel=\"noopener\">Ferias y Eventos<\/a><\/h3>\n<\/li>\n<li>\n<h3><a href=\"https:\/\/www.utrera.org\/wp-content\/uploads\/2022\/04\/FORMACION.docx.pdf\" target=\"_blank\" rel=\"noopener\">Formaci\u00f3n<\/a><\/h3>\n<\/li>\n<li>\n<h3><a href=\"https:\/\/www.utrera.org\/wp-content\/uploads\/2022\/04\/GESTION-CORPORACION.docx.pdf\" target=\"_blank\" rel=\"noopener\">Gesti\u00f3n Corporaci\u00f3n<\/a><\/h3>\n<\/li>\n<li>\n<h3><a href=\"https:\/\/www.utrera.org\/wp-content\/uploads\/2022\/04\/GESTION-DE-RESIDUOS.docx.pdf\" target=\"_blank\" rel=\"noopener\">Gesti\u00f3n de Residuos<\/a><\/h3>\n<\/li>\n<li>\n<h3><a href=\"https:\/\/www.utrera.org\/wp-content\/uploads\/2022\/04\/GESTION-DE-RETRIBUCIONES.docx.pdf\" target=\"_blank\" rel=\"noopener\">Gesti\u00f3n de Retribuciones<\/a><\/h3>\n<\/li>\n<li>\n<h3><a href=\"https:\/\/www.utrera.org\/wp-content\/uploads\/2022\/04\/GESTION-RELACION-LABORAL.docx.pdf\" target=\"_blank\" rel=\"noopener\">Gesti\u00f3n de Relaci\u00f3n Laboral<\/a><\/h3>\n<\/li>\n<li>\n<h3><a href=\"https:\/\/www.utrera.org\/wp-content\/uploads\/2022\/04\/GESTION-TRIBUTARIA.docx.pdf\" target=\"_blank\" rel=\"noopener\">Gesti\u00f3n Tributaria<\/a><\/h3>\n<\/li>\n<li>\n<h3><a href=\"https:\/\/www.utrera.org\/wp-content\/uploads\/2022\/04\/GRABACIONES-Y-VIDEOS-DE-ACTAS-DEL-PLENO-MUNICIPAL.docx.pdf\" target=\"_blank\" rel=\"noopener\">Grabaciones y V\u00eddeo Actas del Pleno Municipal<\/a><\/h3>\n<\/li>\n<li>\n<h3><a href=\"https:\/\/www.utrera.org\/wp-content\/uploads\/2022\/04\/LICENCIAS-DE-ARMAS.docx.pdf\" target=\"_blank\" rel=\"noopener\">Licencias de Armas<\/a><\/h3>\n<\/li>\n<li>\n<h3><a href=\"https:\/\/www.utrera.org\/wp-content\/uploads\/2022\/04\/LICENCIAS-DE-TAXI.docx.pdf\" target=\"_blank\" rel=\"noopener\">Licencias de Taxi<\/a><\/h3>\n<\/li>\n<li>\n<h3><a href=\"https:\/\/www.utrera.org\/wp-content\/uploads\/2022\/04\/LICENCIAS-URBANISTICAS.docx.pdf\" target=\"_blank\" rel=\"noopener\">Licencias Urban\u00edsticas<\/a><\/h3>\n<\/li>\n<li>\n<h3><a href=\"https:\/\/www.utrera.org\/wp-content\/uploads\/2022\/04\/MATRIMONIOS-CIVILES.docx.pdf\" target=\"_blank\" rel=\"noopener\">Matrimonios Civiles<\/a><\/h3>\n<\/li>\n<li>\n<h3><a href=\"https:\/\/www.utrera.org\/wp-content\/uploads\/2022\/04\/MOVILIDAD-REDUCIDA.docx.pdf\" target=\"_blank\" rel=\"noopener\">Movilidad Reducida<\/a><\/h3>\n<\/li>\n<li>\n<h3><a href=\"https:\/\/www.utrera.org\/wp-content\/uploads\/2022\/04\/PLANEAMIENTO-Y-OBRAS-PUBLICAS.docx.pdf\" target=\"_blank\" rel=\"noopener\">Planeamiento y Obras P\u00fablicas<\/a><\/h3>\n<\/li>\n<li>\n<h3><a href=\"https:\/\/www.utrera.org\/wp-content\/uploads\/2022\/04\/POLICIA-LOCAL.docx.pdf\" target=\"_blank\" rel=\"noopener\">Polic\u00eda Local<\/a><\/h3>\n<\/li>\n<li>\n<h3><a href=\"https:\/\/www.utrera.org\/wp-content\/uploads\/2022\/04\/PRENSA.docx.pdf\" target=\"_blank\" rel=\"noopener\">Prensa<\/a><\/h3>\n<\/li>\n<li>\n<h3><a href=\"https:\/\/www.utrera.org\/wp-content\/uploads\/2022\/04\/PREVENCION-LABORAL.docx.pdf\" target=\"_blank\" rel=\"noopener\">Prevenci\u00f3n laboral<\/a><\/h3>\n<\/li>\n<li>\n<h3><a href=\"https:\/\/www.utrera.org\/wp-content\/uploads\/2022\/04\/PROCESOS-PARTICIPATIVOS.docx.pdf\" target=\"_blank\" rel=\"noopener\">Procesos Participativos<\/a><\/h3>\n<\/li>\n<li>\n<h3><a href=\"https:\/\/www.utrera.org\/wp-content\/uploads\/2022\/04\/PROGRAMAS-MEDIOAMBIENTALES.docx.pdf\" target=\"_blank\" rel=\"noopener\">Programas Medioambientales<\/a><\/h3>\n<\/li>\n<li>\n<h3><a href=\"https:\/\/www.utrera.org\/wp-content\/uploads\/2022\/04\/PROMOCION-EMPRESARIAL.docx.pdf\" target=\"_blank\" rel=\"noopener\">Promoci\u00f3n Empresarial<\/a><\/h3>\n<\/li>\n<li>\n<h3><a href=\"https:\/\/www.utrera.org\/wp-content\/uploads\/2022\/04\/PROTOCOLO-HONORES-Y-DISTINCIONES.docx.pdf\" target=\"_blank\" rel=\"noopener\">Protocolo, Honores y distinciones<\/a><\/h3>\n<\/li>\n<li>\n<h3><a href=\"https:\/\/www.utrera.org\/wp-content\/uploads\/2022\/04\/PROYECTOS-JUVENILES.docx.pdf\" target=\"_blank\" rel=\"noopener\">Proyectos Juveniles<\/a><\/h3>\n<\/li>\n<li>\n<h3><a href=\"https:\/\/www.utrera.org\/wp-content\/uploads\/2022\/04\/PUBLICIDAD.docx.pdf\" target=\"_blank\" rel=\"noopener\">Publicidad<\/a><\/h3>\n<\/li>\n<li>\n<h3><a href=\"https:\/\/www.utrera.org\/wp-content\/uploads\/2022\/04\/REGISTRO-DE-DOCUMENTOS.docx.pdf\" target=\"_blank\" rel=\"noopener\">Registro de documentos<\/a><\/h3>\n<\/li>\n<li>\n<h3><a href=\"https:\/\/www.utrera.org\/wp-content\/uploads\/2022\/04\/RELACIONES-DE-MEDIOS-ELECTRONICOS.docx.pdf\" target=\"_blank\" rel=\"noopener\">Relaciones por Medios Electr\u00f3nicos<\/a><\/h3>\n<\/li>\n<li>\n<h3><a href=\"https:\/\/www.utrera.org\/wp-content\/uploads\/2022\/04\/RESERVA-DE-ESPACIOS.docx.pdf\" target=\"_blank\" rel=\"noopener\">Reserva de espacios<\/a><\/h3>\n<\/li>\n<li>\n<h3><a href=\"https:\/\/www.utrera.org\/wp-content\/uploads\/2022\/04\/RESPONSABILIDAD-PATRIMONIAL.docx.pdf\" target=\"_blank\" rel=\"noopener\">Responsabilidad Patrimonial<\/a><\/h3>\n<\/li>\n<li>\n<h3><a href=\"https:\/\/www.utrera.org\/wp-content\/uploads\/2022\/04\/SALUD-PUBLICA.docx.pdf\" target=\"_blank\" rel=\"noopener\">Salud P\u00fablica<\/a><\/h3>\n<\/li>\n<li>\n<h3><a href=\"https:\/\/www.utrera.org\/wp-content\/uploads\/2022\/04\/SEGURIDAD-MEDIOAMBIENTAL.docx.pdf\" target=\"_blank\" rel=\"noopener\">Seguridad medioambiental<\/a><\/h3>\n<\/li>\n<li>\n<h3><a href=\"https:\/\/www.utrera.org\/wp-content\/uploads\/2022\/04\/SEGURO-MEDICO.docx.pdf\" target=\"_blank\" rel=\"noopener\">Seguro M\u00e9dico<\/a><\/h3>\n<\/li>\n<li>\n<h3><a href=\"https:\/\/www.utrera.org\/wp-content\/uploads\/2022\/04\/SELECCION-DE-PERSONAL.docx.pdf\" target=\"_blank\" rel=\"noopener\">Selecci\u00f3n de Personal<\/a><\/h3>\n<\/li>\n<li>\n<h3><a href=\"https:\/\/www.utrera.org\/wp-content\/uploads\/2022\/04\/SERVICIOS-JURIDICOS.docx.pdf\" target=\"_blank\" rel=\"noopener\">Servicios Jur\u00eddicos<\/a><\/h3>\n<\/li>\n<li>\n<h3><a href=\"https:\/\/www.utrera.org\/wp-content\/uploads\/2022\/04\/SERVICIO-DE-MOVILIDAD.pdf\" target=\"_blank\" rel=\"noopener\">Servicios de Movilidad<\/a><\/h3>\n<\/li>\n<li>\n<h3><a href=\"https:\/\/www.utrera.org\/wp-content\/uploads\/2022\/04\/SERVICIOS-SOCIALES.docx.pdf\" target=\"_blank\" rel=\"noopener\">Servicios Sociales<\/a><\/h3>\n<\/li>\n<li>\n<h3><a href=\"https:\/\/www.utrera.org\/wp-content\/uploads\/2022\/04\/TRANSPARENCIA.docx.pdf\" target=\"_blank\" rel=\"noopener\">Transparencia<\/a><\/h3>\n<\/li>\n<li>\n<h3><a href=\"https:\/\/www.utrera.org\/wp-content\/uploads\/2022\/04\/TRANSPORTE-ESCOLAR.docx.pdf\" target=\"_blank\" rel=\"noopener\">Transporte escolar<\/a><\/h3>\n<\/li>\n<li>\n<h3><a href=\"https:\/\/www.utrera.org\/wp-content\/uploads\/2022\/04\/UNIONES-DE-HECHO.docx.pdf\" target=\"_blank\" rel=\"noopener\">Uniones de Hecho<\/a><\/h3>\n<\/li>\n<li>\n<h3><a href=\"https:\/\/www.utrera.org\/wp-content\/uploads\/2022\/04\/USUARIOS-WIFI.docx.pdf\" target=\"_blank\" rel=\"noopener\">Usuarios WiFi<\/a><\/h3>\n<\/li>\n<li>\n<h3><a href=\"https:\/\/www.utrera.org\/wp-content\/uploads\/2022\/04\/VENTANILLA-UNICA.docx.pdf\" target=\"_blank\" rel=\"noopener\">Ventanilla \u00fanica<\/a><\/h3>\n<\/li>\n<li>\n<h3><a href=\"https:\/\/www.utrera.org\/wp-content\/uploads\/2022\/04\/VIDEOVIGILANCIA.docx.pdf\" target=\"_blank\" rel=\"noopener\">Videovigilancia<\/a><\/h3>\n<\/li>\n<li>\n<h3><a href=\"https:\/\/www.utrera.org\/wp-content\/uploads\/2022\/04\/VIVIENDAS-DE-PROTECCION-PUBLICA.docx.pdf\" target=\"_blank\" rel=\"noopener\">Viviendas de Protecci\u00f3n P\u00fablica<\/a><\/h3>\n<\/li>\n<li>\n<h3><a href=\"https:\/\/www.utrera.org\/wp-content\/uploads\/2022\/04\/VOLUNTARIOS-DE-PROTECCION-CIVIL.docx.pdf\" target=\"_blank\" rel=\"noopener\">Voluntarios de Protecci\u00f3n Civil<\/a><\/h3>\n<\/li>\n<\/ul>\n[\/et_pb_text][\/et_pb_column][\/et_pb_row][\/et_pb_section]\n","protected":false},"excerpt":{"rendered":"<p>REGISTRO DE ACTIVIDADES DE TRATAMIENTO DEL AYUNTAMIENTO DE UTRERA El Reglamento Europeo de Protecci\u00f3n de Datos, RGPD 2016\/679, de 27 de abril de 2016, relativo a la protecci\u00f3n de las personas f\u00edsicas en relaci\u00f3n con el tratamiento de datos personales y la libre circulaci\u00f3n de dichos datos, exige la creaci\u00f3n de un Registro de Actividades [&hellip;]<\/p>\n","protected":false},"author":2,"featured_media":0,"parent":46661,"menu_order":0,"comment_status":"closed","ping_status":"closed","template":"","meta":{"_et_pb_use_builder":"on","_et_pb_old_content":"","_et_gb_content_width":"","footnotes":""},"class_list":["post-46679","page","type-page","status-publish","hentry"],"yoast_head":"<!-- This site is optimized with the Yoast SEO plugin v27.3 - https:\/\/yoast.com\/product\/yoast-seo-wordpress\/ -->\n<title>Registro de actividades de tratamiento - Ayuntamiento de Utrera<\/title>\n<meta name=\"robots\" content=\"index, follow, max-snippet:-1, max-image-preview:large, max-video-preview:-1\" \/>\n<link rel=\"canonical\" href=\"https:\/\/www.utrera.org\/en\/derechos-en-proteccion-de-datos\/registro-de-actividades-de-tratamiento\/\" \/>\n<meta property=\"og:locale\" content=\"en_GB\" \/>\n<meta property=\"og:type\" content=\"article\" \/>\n<meta property=\"og:title\" content=\"Registro de actividades de tratamiento - Ayuntamiento de Utrera\" \/>\n<meta property=\"og:description\" content=\"REGISTRO DE ACTIVIDADES DE TRATAMIENTO DEL AYUNTAMIENTO DE UTRERA El Reglamento Europeo de Protecci\u00f3n de Datos, RGPD 2016\/679, de 27 de abril de 2016, relativo a la protecci\u00f3n de las personas f\u00edsicas en relaci\u00f3n con el tratamiento de datos personales y la libre circulaci\u00f3n de dichos datos, exige la creaci\u00f3n de un Registro de Actividades [&hellip;]\" \/>\n<meta property=\"og:url\" content=\"https:\/\/www.utrera.org\/en\/derechos-en-proteccion-de-datos\/registro-de-actividades-de-tratamiento\/\" \/>\n<meta property=\"og:site_name\" content=\"Ayuntamiento de Utrera\" \/>\n<meta property=\"article:publisher\" content=\"https:\/\/www.facebook.com\/AyuntamientodeUtrera\/\" \/>\n<meta property=\"article:modified_time\" content=\"2024-04-25T09:18:18+00:00\" \/>\n<meta name=\"twitter:card\" content=\"summary_large_image\" \/>\n<meta name=\"twitter:site\" content=\"@CiudadUtrera\" \/>\n<meta name=\"twitter:label1\" content=\"Est. reading time\" \/>\n\t<meta name=\"twitter:data1\" content=\"2 minutes\" \/>\n<script type=\"application\/ld+json\" class=\"yoast-schema-graph\">{\"@context\":\"https:\\\/\\\/schema.org\",\"@graph\":[{\"@type\":\"WebPage\",\"@id\":\"https:\\\/\\\/www.utrera.org\\\/derechos-en-proteccion-de-datos\\\/registro-de-actividades-de-tratamiento\\\/\",\"url\":\"https:\\\/\\\/www.utrera.org\\\/derechos-en-proteccion-de-datos\\\/registro-de-actividades-de-tratamiento\\\/\",\"name\":\"Registro de actividades de tratamiento - Ayuntamiento de Utrera\",\"isPartOf\":{\"@id\":\"https:\\\/\\\/www.utrera.org\\\/#website\"},\"datePublished\":\"2022-04-07T09:46:29+00:00\",\"dateModified\":\"2024-04-25T09:18:18+00:00\",\"breadcrumb\":{\"@id\":\"https:\\\/\\\/www.utrera.org\\\/derechos-en-proteccion-de-datos\\\/registro-de-actividades-de-tratamiento\\\/#breadcrumb\"},\"inLanguage\":\"en-GB\",\"potentialAction\":[{\"@type\":\"ReadAction\",\"target\":[\"https:\\\/\\\/www.utrera.org\\\/derechos-en-proteccion-de-datos\\\/registro-de-actividades-de-tratamiento\\\/\"]}]},{\"@type\":\"BreadcrumbList\",\"@id\":\"https:\\\/\\\/www.utrera.org\\\/derechos-en-proteccion-de-datos\\\/registro-de-actividades-de-tratamiento\\\/#breadcrumb\",\"itemListElement\":[{\"@type\":\"ListItem\",\"position\":1,\"name\":\"Inicio\",\"item\":\"https:\\\/\\\/www.utrera.org\\\/\"},{\"@type\":\"ListItem\",\"position\":2,\"name\":\"Derechos en protecci\u00f3n de datos\",\"item\":\"https:\\\/\\\/www.utrera.org\\\/derechos-en-proteccion-de-datos\\\/\"},{\"@type\":\"ListItem\",\"position\":3,\"name\":\"Registro de actividades de tratamiento\"}]},{\"@type\":\"WebSite\",\"@id\":\"https:\\\/\\\/www.utrera.org\\\/#website\",\"url\":\"https:\\\/\\\/www.utrera.org\\\/\",\"name\":\"Ayuntamiento de Utrera\",\"description\":\"Web Municipal del Ayuntamiento de Utrera\",\"potentialAction\":[{\"@type\":\"SearchAction\",\"target\":{\"@type\":\"EntryPoint\",\"urlTemplate\":\"https:\\\/\\\/www.utrera.org\\\/?s={search_term_string}\"},\"query-input\":{\"@type\":\"PropertyValueSpecification\",\"valueRequired\":true,\"valueName\":\"search_term_string\"}}],\"inLanguage\":\"en-GB\"}]}<\/script>\n<!-- \/ Yoast SEO plugin. -->","yoast_head_json":{"title":"Registro de actividades de tratamiento - Ayuntamiento de Utrera","robots":{"index":"index","follow":"follow","max-snippet":"max-snippet:-1","max-image-preview":"max-image-preview:large","max-video-preview":"max-video-preview:-1"},"canonical":"https:\/\/www.utrera.org\/en\/derechos-en-proteccion-de-datos\/registro-de-actividades-de-tratamiento\/","og_locale":"en_GB","og_type":"article","og_title":"Registro de actividades de tratamiento - Ayuntamiento de Utrera","og_description":"REGISTRO DE ACTIVIDADES DE TRATAMIENTO DEL AYUNTAMIENTO DE UTRERA El Reglamento Europeo de Protecci\u00f3n de Datos, RGPD 2016\/679, de 27 de abril de 2016, relativo a la protecci\u00f3n de las personas f\u00edsicas en relaci\u00f3n con el tratamiento de datos personales y la libre circulaci\u00f3n de dichos datos, exige la creaci\u00f3n de un Registro de Actividades [&hellip;]","og_url":"https:\/\/www.utrera.org\/en\/derechos-en-proteccion-de-datos\/registro-de-actividades-de-tratamiento\/","og_site_name":"Ayuntamiento de Utrera","article_publisher":"https:\/\/www.facebook.com\/AyuntamientodeUtrera\/","article_modified_time":"2024-04-25T09:18:18+00:00","twitter_card":"summary_large_image","twitter_site":"@CiudadUtrera","twitter_misc":{"Est. reading time":"2 minutes"},"schema":{"@context":"https:\/\/schema.org","@graph":[{"@type":"WebPage","@id":"https:\/\/www.utrera.org\/derechos-en-proteccion-de-datos\/registro-de-actividades-de-tratamiento\/","url":"https:\/\/www.utrera.org\/derechos-en-proteccion-de-datos\/registro-de-actividades-de-tratamiento\/","name":"Registro de actividades de tratamiento - Ayuntamiento de Utrera","isPartOf":{"@id":"https:\/\/www.utrera.org\/#website"},"datePublished":"2022-04-07T09:46:29+00:00","dateModified":"2024-04-25T09:18:18+00:00","breadcrumb":{"@id":"https:\/\/www.utrera.org\/derechos-en-proteccion-de-datos\/registro-de-actividades-de-tratamiento\/#breadcrumb"},"inLanguage":"en-GB","potentialAction":[{"@type":"ReadAction","target":["https:\/\/www.utrera.org\/derechos-en-proteccion-de-datos\/registro-de-actividades-de-tratamiento\/"]}]},{"@type":"BreadcrumbList","@id":"https:\/\/www.utrera.org\/derechos-en-proteccion-de-datos\/registro-de-actividades-de-tratamiento\/#breadcrumb","itemListElement":[{"@type":"ListItem","position":1,"name":"Inicio","item":"https:\/\/www.utrera.org\/"},{"@type":"ListItem","position":2,"name":"Derechos en protecci\u00f3n de datos","item":"https:\/\/www.utrera.org\/derechos-en-proteccion-de-datos\/"},{"@type":"ListItem","position":3,"name":"Registro de actividades de tratamiento"}]},{"@type":"WebSite","@id":"https:\/\/www.utrera.org\/#website","url":"https:\/\/www.utrera.org\/","name":"City Council of Utrera","description":"Web Municipal del Ayuntamiento de Utrera","potentialAction":[{"@type":"SearchAction","target":{"@type":"EntryPoint","urlTemplate":"https:\/\/www.utrera.org\/?s={search_term_string}"},"query-input":{"@type":"PropertyValueSpecification","valueRequired":true,"valueName":"search_term_string"}}],"inLanguage":"en-GB"}]}},"_links":{"self":[{"href":"https:\/\/www.utrera.org\/en\/wp-json\/wp\/v2\/pages\/46679","targetHints":{"allow":["GET"]}}],"collection":[{"href":"https:\/\/www.utrera.org\/en\/wp-json\/wp\/v2\/pages"}],"about":[{"href":"https:\/\/www.utrera.org\/en\/wp-json\/wp\/v2\/types\/page"}],"author":[{"embeddable":true,"href":"https:\/\/www.utrera.org\/en\/wp-json\/wp\/v2\/users\/2"}],"replies":[{"embeddable":true,"href":"https:\/\/www.utrera.org\/en\/wp-json\/wp\/v2\/comments?post=46679"}],"version-history":[{"count":13,"href":"https:\/\/www.utrera.org\/en\/wp-json\/wp\/v2\/pages\/46679\/revisions"}],"predecessor-version":[{"id":53235,"href":"https:\/\/www.utrera.org\/en\/wp-json\/wp\/v2\/pages\/46679\/revisions\/53235"}],"up":[{"embeddable":true,"href":"https:\/\/www.utrera.org\/en\/wp-json\/wp\/v2\/pages\/46661"}],"wp:attachment":[{"href":"https:\/\/www.utrera.org\/en\/wp-json\/wp\/v2\/media?parent=46679"}],"curies":[{"name":"wp","href":"https:\/\/api.w.org\/{rel}","templated":true}]}}