{"id":4434,"date":"2018-05-07T11:49:15","date_gmt":"2018-05-07T10:49:15","guid":{"rendered":"https:\/\/www.utrera.org\/?page_id=4434"},"modified":"2024-05-08T12:45:43","modified_gmt":"2024-05-08T11:45:43","slug":"alquiler-pistas-deportivas","status":"publish","type":"page","link":"https:\/\/www.utrera.org\/en\/alquiler-pistas-deportivas\/","title":{"rendered":"Alquiler Pistas Deportivas"},"content":{"rendered":"[et_pb_section fb_built=\u00bb1&#8243; _builder_version=\u00bb4.16&#8243; global_colors_info=\u00bb{}\u00bb][et_pb_row _builder_version=\u00bb4.16&#8243; background_size=\u00bbinitial\u00bb background_position=\u00bbtop_left\u00bb background_repeat=\u00bbrepeat\u00bb global_colors_info=\u00bb{}\u00bb column_structure=\u00bb1_3,1_3,1_3&#8243;][et_pb_column type=\u00bb1_3&#8243; _builder_version=\u00bb4.16&#8243; custom_padding=\u00bb|||\u00bb global_colors_info=\u00bb{}\u00bb custom_padding__hover=\u00bb|||\u00bb][\/et_pb_column][et_pb_column type=\u00bb1_3&#8243; _builder_version=\u00bb4.16&#8243; custom_padding=\u00bb|||\u00bb global_colors_info=\u00bb{}\u00bb custom_padding__hover=\u00bb|||\u00bb][et_pb_text _builder_version=\u00bb4.21.0&#8243; text_font=\u00bb|700|||||||\u00bb text_text_color=\u00bb#ffffff\u00bb text_font_size=\u00bb18px\u00bb link_text_align=\u00bbcenter\u00bb link_text_color=\u00bb#ffffff\u00bb header_text_align=\u00bbcenter\u00bb header_text_color=\u00bb#ffffff\u00bb background_color=\u00bb#e63c2f\u00bb text_orientation=\u00bbcenter\u00bb background_layout=\u00bbdark\u00bb custom_padding=\u00bb20px||20px|\u00bb hover_enabled=\u00bb0&#8243; border_radii=\u00bbon|10px|10px|10px|10px\u00bb global_colors_info=\u00bb{}\u00bb sticky_enabled=\u00bb0&#8243;]\n<p><a href=\"https:\/\/www.sporttia.com\/es\/inicio\/\" target=\"_blank\" rel=\"noopener\">Alquiler de Pistas Deportivas<\/a><\/p>\n[\/et_pb_text][\/et_pb_column][et_pb_column type=\u00bb1_3&#8243; _builder_version=\u00bb4.16&#8243; custom_padding=\u00bb|||\u00bb global_colors_info=\u00bb{}\u00bb custom_padding__hover=\u00bb|||\u00bb][\/et_pb_column][\/et_pb_row][et_pb_row _builder_version=\u00bb4.16&#8243; background_size=\u00bbinitial\u00bb background_position=\u00bbtop_left\u00bb background_repeat=\u00bbrepeat\u00bb global_colors_info=\u00bb{}\u00bb][et_pb_column type=\u00bb4_4&#8243; _builder_version=\u00bb4.16&#8243; custom_padding=\u00bb|||\u00bb global_colors_info=\u00bb{}\u00bb custom_padding__hover=\u00bb|||\u00bb][et_pb_text _builder_version=\u00bb4.16&#8243; global_colors_info=\u00bb{}\u00bb]El Excmo. Ayuntamiento de Utrera pone a disposici\u00f3n de los ciudadanos un servicio para poder alquilar las pistas de las instalaciones deportivas municipales a trav\u00e9s de internet. Se trata de una aplicaci\u00f3n proporcionada por la empresa Sporttia, especialistas en este tipo de servicios.<\/p>\n<p>Al acceder se muestra una gr\u00e1fica con la disponibilidad u ocupaci\u00f3n de las pistas para el d\u00eda. Cambiando la fecha en el calendario que se muestra a la derecha se puede ver la misma gr\u00e1fica para el d\u00eda seleccionado. Los c\u00f3digos de color para interpretar la gr\u00e1fica son:<\/p>\n<h4>Gris<\/h4>\n<p>Pista no disponible. No se puede alquilar por internet.<\/p>\n<h4>Marr\u00f3n<\/h4>\n<p>Pista no disponible. Ocupada por: roturas, escuelas, eventos, campeonatos, etc&#8230;<\/p>\n<h4>Verde<\/h4>\n<p>Pista libre que se puede alquilar v\u00eda web.<\/p>\n<h4>Amarillo<\/h4>\n<p>Pista reservada en espera de confirmaci\u00f3n de ocupaci\u00f3n.<\/p>\n<h4>Rojo<\/h4>\n<p>Pista ocupada.<\/p>\n<p>Las pistas se podr\u00e1n alquilar seg\u00fan la disponibilidad por los siguientes intervalos y precios:<\/p>\n<h4>Pistas de P\u00e1del<\/h4>\n<p>Intervalos de 1 hora y media al precio de 8 euros.<\/p>\n<h4>Pistas de Tenis<\/h4>\n<p>Intervalos de 1 hora al precio de 3 euros.<\/p>\n<h4>Pista de F\u00fatbol 5 de c\u00e9sped artificial<\/h4>\n<p>Intervalos de 1 hora al precio de 10 euros.<\/p>\n<p>Se puede seleccionar m\u00e1s de un intervalo continuado, es decir, se pueden hacer alquileres por dos horas, tres, cuatro, etc. las pistas de Tenis y F\u00fatbol 5 y por tres horas, 4 y media, etc. en el caso de que sean pistas de P\u00e1del, siendo el precio que corresponda en cada caso.<\/p>\n<p>La iluminaci\u00f3n de las pistas se abonar\u00e1 por monederos al precio de 50 c\u00e9ntimos por 35 minutos de iluminaci\u00f3n.<\/p>\n<h2>Las pistas se podr\u00e1n alquilar de dos formas<\/h2>\n<h4>V\u00eda internet<\/h4>\n<p>En cualquier momento y dependiendo de la disponibilidad de las pistas. El pago se realizar\u00e1 por TPV  mediante tarjeta de cr\u00e9dito introduciendo:n\u00famero de tarjeta, mes y a\u00f1o de caducidad y c\u00f3digo de validaci\u00f3n cvv2.<\/p>\n<h4>Haciendo uso del monedero personal<\/h4>\n<p>En este caso deber\u00e1 haber ingresado con anterioridad la cantidad en el monedero mediante tarjeta de cr\u00e9dito o en efectivo en las instalaciones del V Centenario.<br \/>\nS\u00f3lo se podr\u00e1 alquilar hasta con una semana de antelaci\u00f3n.<\/p>\n<p>La primera vez que se quiera alquilar se le solicitar\u00e1 que se d\u00e9 de alta como usuario (NIF, Nombre, Tel\u00e9fono, E-mail) .<\/p>\n<p>Para acceder a la pista alquilada deber\u00e1  presentar al operario de las instalaciones obligatoriamente el ticket impreso del alquiler realizado o en su defecto deber\u00e1 mostrar el sms enviado por Sporttia confirmando dicho alquiler.<\/p>\n<p>En el caso de que no posea ning\u00fano de estos justificantes, podr\u00e1 acceder identific\u00e1ndose y una vez el operario de la instalaci\u00f3n compruebe que el alquiler se ha realizado correctamente.<\/p>\n<p><a href=\"https:\/\/www.sporttia.com\/login\">Alquilar Pista<\/a><\/p>\n<p>Si por cualquier motivo (condiciones clim\u00e1ticas,lluvia, deterioro del material, etc&#8230;), no fuera posible utilizar las pistas en el horario y d\u00eda alquiladas, los usuarios podr\u00e1n solicitar el cambio para otro d\u00eda y hora poniendose en contacto con la Oficina del Deporte personalmente o llamando al 955866016 en horario de 9,00h a 14,00h.<br \/>\n[\/et_pb_text][\/et_pb_column][\/et_pb_row][\/et_pb_section]\n","protected":false},"excerpt":{"rendered":"<p>Alquiler de Pistas DeportivasEl Excmo. Ayuntamiento de Utrera pone a disposici\u00f3n de los ciudadanos un servicio para poder alquilar las pistas de las instalaciones deportivas municipales a trav\u00e9s de internet. Se trata de una aplicaci\u00f3n proporcionada por la empresa Sporttia, especialistas en este tipo de servicios. Al acceder se muestra una gr\u00e1fica con la disponibilidad [&hellip;]<\/p>\n","protected":false},"author":2,"featured_media":0,"parent":0,"menu_order":0,"comment_status":"closed","ping_status":"closed","template":"","meta":{"_et_pb_use_builder":"on","_et_pb_old_content":"","_et_gb_content_width":"","footnotes":""},"class_list":["post-4434","page","type-page","status-publish","hentry"],"yoast_head":"<!-- This site is optimized with the Yoast SEO plugin v27.3 - https:\/\/yoast.com\/product\/yoast-seo-wordpress\/ -->\n<title>Alquiler Pistas Deportivas - Ayuntamiento de Utrera<\/title>\n<meta name=\"robots\" content=\"index, follow, max-snippet:-1, max-image-preview:large, max-video-preview:-1\" \/>\n<link rel=\"canonical\" href=\"https:\/\/www.utrera.org\/en\/alquiler-pistas-deportivas\/\" \/>\n<meta property=\"og:locale\" content=\"en_GB\" \/>\n<meta property=\"og:type\" content=\"article\" \/>\n<meta property=\"og:title\" content=\"Alquiler Pistas Deportivas - Ayuntamiento de Utrera\" \/>\n<meta property=\"og:description\" content=\"Alquiler de Pistas DeportivasEl Excmo. Ayuntamiento de Utrera pone a disposici\u00f3n de los ciudadanos un servicio para poder alquilar las pistas de las instalaciones deportivas municipales a trav\u00e9s de internet. Se trata de una aplicaci\u00f3n proporcionada por la empresa Sporttia, especialistas en este tipo de servicios. Al acceder se muestra una gr\u00e1fica con la disponibilidad [&hellip;]\" \/>\n<meta property=\"og:url\" content=\"https:\/\/www.utrera.org\/en\/alquiler-pistas-deportivas\/\" \/>\n<meta property=\"og:site_name\" content=\"Ayuntamiento de Utrera\" \/>\n<meta property=\"article:publisher\" content=\"https:\/\/www.facebook.com\/AyuntamientodeUtrera\/\" \/>\n<meta property=\"article:modified_time\" content=\"2024-05-08T11:45:43+00:00\" \/>\n<meta name=\"twitter:card\" content=\"summary_large_image\" \/>\n<meta name=\"twitter:site\" content=\"@CiudadUtrera\" \/>\n<meta name=\"twitter:label1\" content=\"Est. reading time\" \/>\n\t<meta name=\"twitter:data1\" content=\"3 minutes\" \/>\n<script type=\"application\/ld+json\" class=\"yoast-schema-graph\">{\"@context\":\"https:\\\/\\\/schema.org\",\"@graph\":[{\"@type\":\"WebPage\",\"@id\":\"https:\\\/\\\/www.utrera.org\\\/alquiler-pistas-deportivas\\\/\",\"url\":\"https:\\\/\\\/www.utrera.org\\\/alquiler-pistas-deportivas\\\/\",\"name\":\"Alquiler Pistas Deportivas - Ayuntamiento de Utrera\",\"isPartOf\":{\"@id\":\"https:\\\/\\\/www.utrera.org\\\/#website\"},\"datePublished\":\"2018-05-07T10:49:15+00:00\",\"dateModified\":\"2024-05-08T11:45:43+00:00\",\"breadcrumb\":{\"@id\":\"https:\\\/\\\/www.utrera.org\\\/alquiler-pistas-deportivas\\\/#breadcrumb\"},\"inLanguage\":\"en-GB\",\"potentialAction\":[{\"@type\":\"ReadAction\",\"target\":[\"https:\\\/\\\/www.utrera.org\\\/alquiler-pistas-deportivas\\\/\"]}]},{\"@type\":\"BreadcrumbList\",\"@id\":\"https:\\\/\\\/www.utrera.org\\\/alquiler-pistas-deportivas\\\/#breadcrumb\",\"itemListElement\":[{\"@type\":\"ListItem\",\"position\":1,\"name\":\"Inicio\",\"item\":\"https:\\\/\\\/www.utrera.org\\\/\"},{\"@type\":\"ListItem\",\"position\":2,\"name\":\"Alquiler Pistas Deportivas\"}]},{\"@type\":\"WebSite\",\"@id\":\"https:\\\/\\\/www.utrera.org\\\/#website\",\"url\":\"https:\\\/\\\/www.utrera.org\\\/\",\"name\":\"Ayuntamiento de Utrera\",\"description\":\"Web Municipal del Ayuntamiento de Utrera\",\"potentialAction\":[{\"@type\":\"SearchAction\",\"target\":{\"@type\":\"EntryPoint\",\"urlTemplate\":\"https:\\\/\\\/www.utrera.org\\\/?s={search_term_string}\"},\"query-input\":{\"@type\":\"PropertyValueSpecification\",\"valueRequired\":true,\"valueName\":\"search_term_string\"}}],\"inLanguage\":\"en-GB\"}]}<\/script>\n<!-- \/ Yoast SEO plugin. -->","yoast_head_json":{"title":"Alquiler Pistas Deportivas - Ayuntamiento de Utrera","robots":{"index":"index","follow":"follow","max-snippet":"max-snippet:-1","max-image-preview":"max-image-preview:large","max-video-preview":"max-video-preview:-1"},"canonical":"https:\/\/www.utrera.org\/en\/alquiler-pistas-deportivas\/","og_locale":"en_GB","og_type":"article","og_title":"Alquiler Pistas Deportivas - Ayuntamiento de Utrera","og_description":"Alquiler de Pistas DeportivasEl Excmo. Ayuntamiento de Utrera pone a disposici\u00f3n de los ciudadanos un servicio para poder alquilar las pistas de las instalaciones deportivas municipales a trav\u00e9s de internet. Se trata de una aplicaci\u00f3n proporcionada por la empresa Sporttia, especialistas en este tipo de servicios. Al acceder se muestra una gr\u00e1fica con la disponibilidad [&hellip;]","og_url":"https:\/\/www.utrera.org\/en\/alquiler-pistas-deportivas\/","og_site_name":"Ayuntamiento de Utrera","article_publisher":"https:\/\/www.facebook.com\/AyuntamientodeUtrera\/","article_modified_time":"2024-05-08T11:45:43+00:00","twitter_card":"summary_large_image","twitter_site":"@CiudadUtrera","twitter_misc":{"Est. reading time":"3 minutes"},"schema":{"@context":"https:\/\/schema.org","@graph":[{"@type":"WebPage","@id":"https:\/\/www.utrera.org\/alquiler-pistas-deportivas\/","url":"https:\/\/www.utrera.org\/alquiler-pistas-deportivas\/","name":"Alquiler Pistas Deportivas - Ayuntamiento de Utrera","isPartOf":{"@id":"https:\/\/www.utrera.org\/#website"},"datePublished":"2018-05-07T10:49:15+00:00","dateModified":"2024-05-08T11:45:43+00:00","breadcrumb":{"@id":"https:\/\/www.utrera.org\/alquiler-pistas-deportivas\/#breadcrumb"},"inLanguage":"en-GB","potentialAction":[{"@type":"ReadAction","target":["https:\/\/www.utrera.org\/alquiler-pistas-deportivas\/"]}]},{"@type":"BreadcrumbList","@id":"https:\/\/www.utrera.org\/alquiler-pistas-deportivas\/#breadcrumb","itemListElement":[{"@type":"ListItem","position":1,"name":"Inicio","item":"https:\/\/www.utrera.org\/"},{"@type":"ListItem","position":2,"name":"Alquiler Pistas Deportivas"}]},{"@type":"WebSite","@id":"https:\/\/www.utrera.org\/#website","url":"https:\/\/www.utrera.org\/","name":"City Council of Utrera","description":"Web Municipal del Ayuntamiento de Utrera","potentialAction":[{"@type":"SearchAction","target":{"@type":"EntryPoint","urlTemplate":"https:\/\/www.utrera.org\/?s={search_term_string}"},"query-input":{"@type":"PropertyValueSpecification","valueRequired":true,"valueName":"search_term_string"}}],"inLanguage":"en-GB"}]}},"_links":{"self":[{"href":"https:\/\/www.utrera.org\/en\/wp-json\/wp\/v2\/pages\/4434","targetHints":{"allow":["GET"]}}],"collection":[{"href":"https:\/\/www.utrera.org\/en\/wp-json\/wp\/v2\/pages"}],"about":[{"href":"https:\/\/www.utrera.org\/en\/wp-json\/wp\/v2\/types\/page"}],"author":[{"embeddable":true,"href":"https:\/\/www.utrera.org\/en\/wp-json\/wp\/v2\/users\/2"}],"replies":[{"embeddable":true,"href":"https:\/\/www.utrera.org\/en\/wp-json\/wp\/v2\/comments?post=4434"}],"version-history":[{"count":2,"href":"https:\/\/www.utrera.org\/en\/wp-json\/wp\/v2\/pages\/4434\/revisions"}],"predecessor-version":[{"id":53384,"href":"https:\/\/www.utrera.org\/en\/wp-json\/wp\/v2\/pages\/4434\/revisions\/53384"}],"wp:attachment":[{"href":"https:\/\/www.utrera.org\/en\/wp-json\/wp\/v2\/media?parent=4434"}],"curies":[{"name":"wp","href":"https:\/\/api.w.org\/{rel}","templated":true}]}}