{"id":4429,"date":"2018-05-07T11:46:45","date_gmt":"2018-05-07T10:46:45","guid":{"rendered":"https:\/\/www.utrera.org\/?page_id=4429"},"modified":"2024-04-29T12:33:56","modified_gmt":"2024-04-29T11:33:56","slug":"pago-de-tributos","status":"publish","type":"page","link":"https:\/\/www.utrera.org\/en\/pago-de-tributos\/","title":{"rendered":"Tax Payment"},"content":{"rendered":"[et_pb_section fb_built=\u00bb1&#8243; _builder_version=\u00bb4.16&#8243; global_colors_info=\u00bb{}\u00bb][et_pb_row _builder_version=\u00bb4.16&#8243; background_size=\u00bbinitial\u00bb background_position=\u00bbtop_left\u00bb background_repeat=\u00bbrepeat\u00bb global_colors_info=\u00bb{}\u00bb][et_pb_column type=\u00bb4_4&#8243; _builder_version=\u00bb4.16&#8243; custom_padding=\u00bb|||\u00bb global_colors_info=\u00bb{}\u00bb custom_padding__hover=\u00bb|||\u00bb][et_pb_text _builder_version=\u00bb4.16&#8243; global_colors_info=\u00bb{}\u00bb]\n<h2>PAGO DE TRIBUTOS<\/h2>\n<p>DELEGACI\u00d3N DE HACIENDA: Pza. Gibaxa s\/n<\/p>\n<p>El Ayuntamiento de Utrera, pone a disposici\u00f3n de toda la ciudadan\u00eda el servicio de pago de tributos a trav\u00e9s de diferentes m\u00e9todos.<\/p>\n<p>A trav\u00e9s de internet, si es usuario de tarjeta de cr\u00e9dito o d\u00e9bito de cualquier entidad bancaria puede pagar con tarjeta en el portal de LA CAIXA seleccionando el enlace \u00bb Pagar ahora con c\u00f3digo CPR y\/o emisora\u00bb en el portal especializado en pagos de impuestos de LA CAIXA:<\/p>\n<p><a href=\"https:\/\/portal.lacaixa.es\/pagos\/impuestosrecibosmatriculas_es.html\" target=\"_blank\" rel=\"noopener noreferrer\">https:\/\/portal.lacaixa.es\/pagos\/impuestosrecibosmatriculas_es.html<\/a><\/p>\n<p>o bien directamente en en el portal especializado en pagos de impuestos de LA CAIXA:<\/p>\n<p><a href=\"https:\/\/portal1.lacaixa.es\/apl\/pagos\/index_es.html?CODCPR=90INI001\" target=\"_blank\" rel=\"noopener noreferrer\">https:\/\/portal1.lacaixa.es\/apl\/pagos\/index_es.html?CODCPR=90INI001<\/a>.<br \/>\n[\/et_pb_text][\/et_pb_column][\/et_pb_row][et_pb_row _builder_version=\u00bb4.16&#8243; background_size=\u00bbinitial\u00bb background_position=\u00bbtop_left\u00bb background_repeat=\u00bbrepeat\u00bb global_colors_info=\u00bb{}\u00bb column_structure=\u00bb1_2,1_2&#8243;][et_pb_column type=\u00bb1_2&#8243; _builder_version=\u00bb4.16&#8243; custom_padding=\u00bb|||\u00bb global_colors_info=\u00bb{}\u00bb custom_padding__hover=\u00bb|||\u00bb][et_pb_text _builder_version=\u00bb4.16&#8243; global_colors_info=\u00bb{}\u00bb]A trav\u00e9s de internet, si es usuario de banca online en los portales de LA CAIXA, BBVA y CAJA RURAL DE UTRERA.<\/p>\n<p>Presencialmente, se puede realizar el pago en cajeros autom\u00e1ticos de SERVICAIXA con tarjeta de d\u00e9bito o cr\u00e9dito de cualquier entidad, cajeros BBVA y de CAJA RURAL DE UTRERA.<\/p>\n<p>Presencialmente, se puede realizar el pago en las entidades financieras colaboradoras, BBVA, SANTANDER, CAJA RURAL DE UTRERA, LA CAIXA Y CAJASUR.<br \/>\n[\/et_pb_text][\/et_pb_column][et_pb_column type=\u00bb1_2&#8243; _builder_version=\u00bb4.16&#8243; custom_padding=\u00bb|||\u00bb global_colors_info=\u00bb{}\u00bb custom_padding__hover=\u00bb|||\u00bb][et_pb_code _builder_version=\u00bb4.21.0&#8243; hover_enabled=\u00bb0&#8243; global_colors_info=\u00bb{}\u00bb sticky_enabled=\u00bb0&#8243;]<iframe loading=\"lazy\" width=\"560\" height=\"315\" src=\"https:\/\/www.youtube.com\/embed\/TTlvw_J-dgM\" frameborder=\"0\" allow=\"accelerometer; autoplay; clipboard-write; encrypted-media; gyroscope; picture-in-picture\" allowfullscreen><\/iframe>[\/et_pb_code][\/et_pb_column][\/et_pb_row][\/et_pb_section]\n","protected":false},"excerpt":{"rendered":"<p>PAGO DE TRIBUTOS DELEGACI\u00d3N DE HACIENDA: Pza. Gibaxa s\/n El Ayuntamiento de Utrera, pone a disposici\u00f3n de toda la ciudadan\u00eda el servicio de pago de tributos a trav\u00e9s de diferentes m\u00e9todos. A trav\u00e9s de internet, si es usuario de tarjeta de cr\u00e9dito o d\u00e9bito de cualquier entidad bancaria puede pagar con tarjeta en el portal [&hellip;]<\/p>\n","protected":false},"author":2,"featured_media":0,"parent":0,"menu_order":0,"comment_status":"closed","ping_status":"closed","template":"","meta":{"_et_pb_use_builder":"on","_et_pb_old_content":"","_et_gb_content_width":"","footnotes":""},"class_list":["post-4429","page","type-page","status-publish","hentry"],"yoast_head":"<!-- This site is optimized with the Yoast SEO plugin v27.3 - https:\/\/yoast.com\/product\/yoast-seo-wordpress\/ -->\n<title>Pago de Tributos - Ayuntamiento de Utrera<\/title>\n<meta name=\"robots\" content=\"index, follow, max-snippet:-1, max-image-preview:large, max-video-preview:-1\" \/>\n<link rel=\"canonical\" href=\"https:\/\/www.utrera.org\/en\/pago-de-tributos\/\" \/>\n<meta property=\"og:locale\" content=\"en_GB\" \/>\n<meta property=\"og:type\" content=\"article\" \/>\n<meta property=\"og:title\" content=\"Pago de Tributos - Ayuntamiento de Utrera\" \/>\n<meta property=\"og:description\" content=\"PAGO DE TRIBUTOS DELEGACI\u00d3N DE HACIENDA: Pza. Gibaxa s\/n El Ayuntamiento de Utrera, pone a disposici\u00f3n de toda la ciudadan\u00eda el servicio de pago de tributos a trav\u00e9s de diferentes m\u00e9todos. A trav\u00e9s de internet, si es usuario de tarjeta de cr\u00e9dito o d\u00e9bito de cualquier entidad bancaria puede pagar con tarjeta en el portal [&hellip;]\" \/>\n<meta property=\"og:url\" content=\"https:\/\/www.utrera.org\/en\/pago-de-tributos\/\" \/>\n<meta property=\"og:site_name\" content=\"Ayuntamiento de Utrera\" \/>\n<meta property=\"article:publisher\" content=\"https:\/\/www.facebook.com\/AyuntamientodeUtrera\/\" \/>\n<meta property=\"article:modified_time\" content=\"2024-04-29T11:33:56+00:00\" \/>\n<meta name=\"twitter:card\" content=\"summary_large_image\" \/>\n<meta name=\"twitter:site\" content=\"@CiudadUtrera\" \/>\n<meta name=\"twitter:label1\" content=\"Est. reading time\" \/>\n\t<meta name=\"twitter:data1\" content=\"2 minutes\" \/>\n<script type=\"application\/ld+json\" class=\"yoast-schema-graph\">{\"@context\":\"https:\\\/\\\/schema.org\",\"@graph\":[{\"@type\":\"WebPage\",\"@id\":\"https:\\\/\\\/www.utrera.org\\\/pago-de-tributos\\\/\",\"url\":\"https:\\\/\\\/www.utrera.org\\\/pago-de-tributos\\\/\",\"name\":\"Pago de Tributos - Ayuntamiento de Utrera\",\"isPartOf\":{\"@id\":\"https:\\\/\\\/www.utrera.org\\\/#website\"},\"datePublished\":\"2018-05-07T10:46:45+00:00\",\"dateModified\":\"2024-04-29T11:33:56+00:00\",\"breadcrumb\":{\"@id\":\"https:\\\/\\\/www.utrera.org\\\/pago-de-tributos\\\/#breadcrumb\"},\"inLanguage\":\"en-GB\",\"potentialAction\":[{\"@type\":\"ReadAction\",\"target\":[\"https:\\\/\\\/www.utrera.org\\\/pago-de-tributos\\\/\"]}]},{\"@type\":\"BreadcrumbList\",\"@id\":\"https:\\\/\\\/www.utrera.org\\\/pago-de-tributos\\\/#breadcrumb\",\"itemListElement\":[{\"@type\":\"ListItem\",\"position\":1,\"name\":\"Inicio\",\"item\":\"https:\\\/\\\/www.utrera.org\\\/\"},{\"@type\":\"ListItem\",\"position\":2,\"name\":\"Pago de Tributos\"}]},{\"@type\":\"WebSite\",\"@id\":\"https:\\\/\\\/www.utrera.org\\\/#website\",\"url\":\"https:\\\/\\\/www.utrera.org\\\/\",\"name\":\"Ayuntamiento de Utrera\",\"description\":\"Web Municipal del Ayuntamiento de Utrera\",\"potentialAction\":[{\"@type\":\"SearchAction\",\"target\":{\"@type\":\"EntryPoint\",\"urlTemplate\":\"https:\\\/\\\/www.utrera.org\\\/?s={search_term_string}\"},\"query-input\":{\"@type\":\"PropertyValueSpecification\",\"valueRequired\":true,\"valueName\":\"search_term_string\"}}],\"inLanguage\":\"en-GB\"}]}<\/script>\n<!-- \/ Yoast SEO plugin. -->","yoast_head_json":{"title":"Pago de Tributos - Ayuntamiento de Utrera","robots":{"index":"index","follow":"follow","max-snippet":"max-snippet:-1","max-image-preview":"max-image-preview:large","max-video-preview":"max-video-preview:-1"},"canonical":"https:\/\/www.utrera.org\/en\/pago-de-tributos\/","og_locale":"en_GB","og_type":"article","og_title":"Pago de Tributos - Ayuntamiento de Utrera","og_description":"PAGO DE TRIBUTOS DELEGACI\u00d3N DE HACIENDA: Pza. Gibaxa s\/n El Ayuntamiento de Utrera, pone a disposici\u00f3n de toda la ciudadan\u00eda el servicio de pago de tributos a trav\u00e9s de diferentes m\u00e9todos. A trav\u00e9s de internet, si es usuario de tarjeta de cr\u00e9dito o d\u00e9bito de cualquier entidad bancaria puede pagar con tarjeta en el portal [&hellip;]","og_url":"https:\/\/www.utrera.org\/en\/pago-de-tributos\/","og_site_name":"Ayuntamiento de Utrera","article_publisher":"https:\/\/www.facebook.com\/AyuntamientodeUtrera\/","article_modified_time":"2024-04-29T11:33:56+00:00","twitter_card":"summary_large_image","twitter_site":"@CiudadUtrera","twitter_misc":{"Est. reading time":"2 minutes"},"schema":{"@context":"https:\/\/schema.org","@graph":[{"@type":"WebPage","@id":"https:\/\/www.utrera.org\/pago-de-tributos\/","url":"https:\/\/www.utrera.org\/pago-de-tributos\/","name":"Pago de Tributos - Ayuntamiento de Utrera","isPartOf":{"@id":"https:\/\/www.utrera.org\/#website"},"datePublished":"2018-05-07T10:46:45+00:00","dateModified":"2024-04-29T11:33:56+00:00","breadcrumb":{"@id":"https:\/\/www.utrera.org\/pago-de-tributos\/#breadcrumb"},"inLanguage":"en-GB","potentialAction":[{"@type":"ReadAction","target":["https:\/\/www.utrera.org\/pago-de-tributos\/"]}]},{"@type":"BreadcrumbList","@id":"https:\/\/www.utrera.org\/pago-de-tributos\/#breadcrumb","itemListElement":[{"@type":"ListItem","position":1,"name":"Inicio","item":"https:\/\/www.utrera.org\/"},{"@type":"ListItem","position":2,"name":"Pago de Tributos"}]},{"@type":"WebSite","@id":"https:\/\/www.utrera.org\/#website","url":"https:\/\/www.utrera.org\/","name":"City Council of Utrera","description":"Web Municipal del Ayuntamiento de Utrera","potentialAction":[{"@type":"SearchAction","target":{"@type":"EntryPoint","urlTemplate":"https:\/\/www.utrera.org\/?s={search_term_string}"},"query-input":{"@type":"PropertyValueSpecification","valueRequired":true,"valueName":"search_term_string"}}],"inLanguage":"en-GB"}]}},"_links":{"self":[{"href":"https:\/\/www.utrera.org\/en\/wp-json\/wp\/v2\/pages\/4429","targetHints":{"allow":["GET"]}}],"collection":[{"href":"https:\/\/www.utrera.org\/en\/wp-json\/wp\/v2\/pages"}],"about":[{"href":"https:\/\/www.utrera.org\/en\/wp-json\/wp\/v2\/types\/page"}],"author":[{"embeddable":true,"href":"https:\/\/www.utrera.org\/en\/wp-json\/wp\/v2\/users\/2"}],"replies":[{"embeddable":true,"href":"https:\/\/www.utrera.org\/en\/wp-json\/wp\/v2\/comments?post=4429"}],"version-history":[{"count":4,"href":"https:\/\/www.utrera.org\/en\/wp-json\/wp\/v2\/pages\/4429\/revisions"}],"predecessor-version":[{"id":53278,"href":"https:\/\/www.utrera.org\/en\/wp-json\/wp\/v2\/pages\/4429\/revisions\/53278"}],"wp:attachment":[{"href":"https:\/\/www.utrera.org\/en\/wp-json\/wp\/v2\/media?parent=4429"}],"curies":[{"name":"wp","href":"https:\/\/api.w.org\/{rel}","templated":true}]}}