{"id":4421,"date":"2018-05-07T11:32:51","date_gmt":"2018-05-07T10:32:51","guid":{"rendered":"https:\/\/www.utrera.org\/?page_id=4421"},"modified":"2024-05-08T12:59:33","modified_gmt":"2024-05-08T11:59:33","slug":"utrera-ticket","status":"publish","type":"page","link":"https:\/\/www.utrera.org\/en\/utrera-ticket\/","title":{"rendered":"Utrera Ticket"},"content":{"rendered":"[et_pb_section fb_built=\u00bb1&#8243; _builder_version=\u00bb4.16&#8243; global_colors_info=\u00bb{}\u00bb][et_pb_row _builder_version=\u00bb4.16&#8243; background_size=\u00bbinitial\u00bb background_position=\u00bbtop_left\u00bb background_repeat=\u00bbrepeat\u00bb global_colors_info=\u00bb{}\u00bb column_structure=\u00bb1_3,1_3,1_3&#8243;][et_pb_column type=\u00bb1_3&#8243; _builder_version=\u00bb4.16&#8243; custom_padding=\u00bb|||\u00bb global_colors_info=\u00bb{}\u00bb custom_padding__hover=\u00bb|||\u00bb][\/et_pb_column][et_pb_column type=\u00bb1_3&#8243; _builder_version=\u00bb4.16&#8243; custom_padding=\u00bb|||\u00bb global_colors_info=\u00bb{}\u00bb custom_padding__hover=\u00bb|||\u00bb][et_pb_text _builder_version=\u00bb4.21.0&#8243; text_font=\u00bb|700|||||||\u00bb text_font_size=\u00bb18px\u00bb link_text_align=\u00bbcenter\u00bb link_text_color=\u00bb#ffffff\u00bb background_color=\u00bb#e63c2f\u00bb text_orientation=\u00bbcenter\u00bb background_layout=\u00bbdark\u00bb custom_padding=\u00bb20px||20px|\u00bb hover_enabled=\u00bb0&#8243; border_radii=\u00bbon|10px|10px|10px|10px\u00bb global_colors_info=\u00bb{}\u00bb sticky_enabled=\u00bb0&#8243;]\n<p><a href=\"https:\/\/www.utrera.org\/teatro-municipal-enrique-de-la-cuadra\/\" target=\"_blank\" rel=\"noopener\">Accede a Utrera Ticket<\/a><\/p>\n[\/et_pb_text][\/et_pb_column][et_pb_column type=\u00bb1_3&#8243; _builder_version=\u00bb4.16&#8243; custom_padding=\u00bb|||\u00bb global_colors_info=\u00bb{}\u00bb custom_padding__hover=\u00bb|||\u00bb][\/et_pb_column][\/et_pb_row][et_pb_row _builder_version=\u00bb4.16&#8243; background_size=\u00bbinitial\u00bb background_position=\u00bbtop_left\u00bb background_repeat=\u00bbrepeat\u00bb global_colors_info=\u00bb{}\u00bb][et_pb_column type=\u00bb4_4&#8243; _builder_version=\u00bb4.16&#8243; custom_padding=\u00bb|||\u00bb global_colors_info=\u00bb{}\u00bb custom_padding__hover=\u00bb|||\u00bb][et_pb_text _builder_version=\u00bb4.16&#8243; global_colors_info=\u00bb{}\u00bb]<b>UTRERA TICKET<\/b>&nbsp;es una plataforma creada por el&nbsp;<b>Excmo. Ayuntamiento de Utrera<\/b>&nbsp;que tiene como misi\u00f3n ofrecer un servicio y una herramienta para que la venta de entradas llegue a un p\u00fablico lo m\u00e1s amplio posible. Por otra parte,&nbsp;<b>UTRERA TICKET<\/b>&nbsp;proporciona a los usuarios un sistema c\u00f3modo, seguro y con garant\u00edas para comprar entradas de los eventos que sean de su inter\u00e9s.<\/p>\n<p>Esta aplicaci\u00f3n utiliza conexiones seguras para garantizar la confidencialidad de la informaci\u00f3n que el usuario deber\u00e1 proporcionar a lo largo del proceso de compra de entradas. Por ello, la primera vez que se accede, se mostrar\u00e1 un mensaje del navegador de internet que se est\u00e9 utilizando donde se indica este hecho. Para encriptar las comunicaciones se utiliza un Certificado Digital de Componente Inform\u00e1tico emitido por la Autoridad de Certificaci\u00f3n de la FNMT-RCM. Deber\u00e1 instalar en su navegador el certificado de confianza de la F\u00e1brica Nacional de Moneda y timbre que puede&nbsp;<a title=\"FNMT_AC_Componentes_Informaticos\" href=\"https:\/\/www.utrera.org\/opencms\/opencms\/utrera\/galeria\/download\/FNMT_AC_Componentes_Informaticos.cer\" target=\"_blank\" rel=\"noopener\">descargar pulsando aqu\u00ed<\/a>. Para m\u00e1s informaci\u00f3n consulte el&nbsp;<a title=\"UTK-MAN003-090826-Manual de Usuario Internet\" href=\"https:\/\/www.utrera.org\/opencms\/export\/sites\/default\/utrera\/galeria\/download\/UTK-MAN003-090826-Manual_de_Usuario_Internet.pdf\" target=\"_blank\" rel=\"noopener\"><b>Manual de Usuario<\/b><\/a><\/p>\n<p>&nbsp;<\/p>\n<p><b><a href=\"https:\/\/utreraticket.utrera.org\/utreraticket\/\" target=\"_self\" rel=\"noopener\">Acceder a la COMPRA DE ENTRADAS<\/a><\/b><\/p>\n<p>&nbsp;<\/p>\n<h2>MODO DE UTILIZACI\u00d3N<\/h2>\n<p>Desde&nbsp;<b>UTRERA TICKET<\/b>&nbsp;puede localizar los eventos de manera r\u00e1pida, \u00e1gil e intuitiva. Para ello proporcionamos dos herramientas de b\u00fasqueda:<\/p>\n<ul>\n<li><u>Buscador:<\/u>&nbsp;para afinar su b\u00fasqueda, puede delimitarla a trav\u00e9s de los campos de mes y g\u00e9nero.<\/li>\n<li><u>Cartelera:<\/u>&nbsp;la selecci\u00f3n del evento a trav\u00e9s de este apartado es directa. En la secci\u00f3n de cartelera se ir\u00e1 informando de los eventos y espect\u00e1culos del momento.<\/li>\n<\/ul>\n<p>Seleccione el espect\u00e1culo y tendr\u00e1 una informaci\u00f3n b\u00e1sica del mismo.<br \/>\nA continuaci\u00f3n, PULSE COMPRAR ENTRADA y seleccione la zona que le interese del recinto donde tendr\u00e1 lugar el evento.<br \/>\nPara realizar la selecci\u00f3n de asientos pulse una a una sobre el mapa de la zona elegida entre las localidades disponibles. Para anular una elecci\u00f3n vuelva a pulsar sobre la butaca.<br \/>\nAl pulsar SIGUIENTE, en la pantalla de confirmaci\u00f3n de compra aparecen todos los datos referentes a las localidades seleccionadas. Examine que sean correctos.<br \/>\nDebe tener en cuenta que dispone de un tiempo limitado una vez que aparece la pantalla de pago. En caso de que transcurriera dicho tiempo la reserva de butacas efectuada quedar\u00eda anulada.<\/p>\n<p>&nbsp;<\/p>\n<h2>CONDICIONES DE USO<\/h2>\n<p>Este sitio web est\u00e1 a disposici\u00f3n de los usuarios para consultar los eventos disponibles, los precios de las entradas a la venta y&#8230; llegado el caso, realizar la compra de las mismas de acuerdo a las condiciones aqu\u00ed estipuladas:<\/p>\n<ul>\n<li>SE RUEGA LA M\u00c1XIMA PUNTUALIDAD. Una vez comenzado el espect\u00e1culo no se permitir\u00e1 el acceso a la Sala por respeto al p\u00fablico y a los artistas, salvo en las pausas establecidas.<\/li>\n<li>QUEDA ABSOLUTAMENTE PROHIBIDO cualquier tipo de filmaci\u00f3n, grabaci\u00f3n o realizaci\u00f3n de fotograf\u00edas en el interior de la Sala.<\/li>\n<li>En atenci\u00f3n a los artistas y al p\u00fablico se ruega EVITEN REALIZAR CUALQUIER TIPO DE RUIDO durante la representaci\u00f3n, tanto en el interior de la Sala como en los vest\u00edbulos, pasillos y escaleras.<\/li>\n<li>SE RUEGA DESCONECTAR alarmas y tel\u00e9fonos m\u00f3viles.<\/li>\n<li>COMPRUEBE SU LOCALIDAD y los datos contenidos en ella. Una vez realizada la compra no se admitir\u00e1n cambios ni devoluciones. La admisi\u00f3n s\u00f3lo se realizar\u00e1 con la entrada completa.<\/li>\n<li>Est\u00e1 terminantemente prohibido consumir alimentos y\/o bebidas en el Teatro.<\/li>\n<li>No se permite la entrada de beb\u00e9s ni de menores de seis a\u00f1os en las representaciones no destinadas al p\u00fablico infantil.<\/li>\n<\/ul>\n<p>El contenido, software, dise\u00f1o de esta Web, as\u00ed como el logotipo y marca comercial&nbsp;<strong>UTRERA TICKET<\/strong>&nbsp;son propiedad del&nbsp;<b>Excmo. Ayuntamiento de Utrera<\/b>. El uso fraudulento o contrario a Ley de la informaci\u00f3n que aparece en la web con fines comerciales o de cualquier otra \u00edndole ser\u00e1n perseguidos y denunciados a las Autoridades competentes.<\/p>\n<p>&nbsp;<\/p>\n<h2>EXCLUSI\u00d3N DE&nbsp;RESPONSABILIDADES Y LIMITACIONES<\/h2>\n<p><b>UTRERA TICKET<\/b>&nbsp;no participa en ning\u00fan aspecto organizativo de los eventos puestos a la venta.<\/p>\n<p>Los cambios que se produzcan con posterioridad a la fecha de inicio de la venta de las entradas tales como cambios de fechas, local, artistas, cancelaciones&#8230; competen \u00fanica y exclusivamente al organizador del evento. Ante cualquier cambio que se produzca,&nbsp;<b>UTRERA TICKET<\/b>&nbsp;se compromete a publicarlo en su web tan pronto tenga conocimientos de los mismos a efectos de mantener convenientemente informados a nuestros usuarios. Para los casos en los que el ORGANIZADOR decida la devoluci\u00f3n del importe de las entradas adquiridas,&nbsp;<b>UTRERA TICKET<\/b>&nbsp;seguir\u00e1 en todo momento las indicaciones de \u00e9ste.<\/p>\n<p><b>UTRERA TICKET<\/b>&nbsp;utiliza una tecnolog\u00eda moderna para intentar mantener su web libre de virus inform\u00e1ticos. Sin embargo no existe en el mercado ning\u00fan sistema que asegure la absoluta seguridad y eficacia contra agentes contaminantes.<\/p>\n<p>&nbsp;<\/p>\n<h2>PREGUNTAS M\u00c1S FRECUENTES<\/h2>\n<p>Para que despejes posibles dudas, ah\u00ed van algunas cuestiones y sus respuestas:<\/p>\n<h4>\u00bfQu\u00e9 pasa si cuando estoy imprimiendo mi entrada, se termina la tinta del cartucho o se agota el t\u00f3ner?<\/h4>\n<p>Procura comprobar siempre el estado del cartucho o t\u00f3ner de la impresora antes de imprimir las entradas. En cualquier caso, siempre tienes la opci\u00f3n de acudir a la Taquilla del Teatro, dar el n\u00famero de referencia de tu compra, y te imprimir\u00e1n tus entradas sin mayor problema.<\/p>\n<h4>\u00bfDebo imprimirme la entrada en el mismo momento en que realizo la compra on-line?<\/h4>\n<p>No es necesario, siempre que hayas indicado una direcci\u00f3n de correo electr\u00f3nico correcta a la hora de hacer tu compra, ya que a esa direcci\u00f3n te enviaremos un e-mail con un documento PDF con tus entradas, para que las puedas imprimir en el momento que desees.<br \/>\n\u00bfQu\u00e9 pasa si el c\u00f3digo de barras queda doblado o arrugado?<br \/>\nMejor evitarlo. Simplemente debes cuidar tu entrada como lo har\u00edas con una tradicional.<\/p>\n<h4>Y para terminar: \u00bfPuedo hacer el negocio de mi vida fotocopiando o imprimiendo cuantas entradas quiera?<\/h4>\n<p>L\u00e1stima, pero no. Cada entrada lleva un c\u00f3digo de barras \u00fanico que la identifica de manera independiente. Por tanto, s\u00f3lo se considerar\u00e1 v\u00e1lida la primera entrada presentada, y en ning\u00fan caso se permitir\u00e1 entrar a quienes posteriormente lo intenten con otra entrada con el mismo c\u00f3digo de barras.<\/p>\n<p>Si todav\u00eda tienes dudas, env\u00edanos un e-mail a<\/p>\n<h4>cultura@utrera.org<\/h4>\n<p>A efectos de recoger y mejorar continuamente nuestro servicio ponemos a disposici\u00f3n de los usuarios el siguiente formulario para que nos puedan indicar cualquier tipo de comentario, queja o sugerencia.<\/p>\n<p><a class=\"enlace email\" title=\"Acceder al formulario\" href=\"https:\/\/www.utrera.org\/opencms\/opencms\/utrera\/content\/formularios\/form_sugerencias-utrera-ticket.html\">Formulario<\/a><br \/>\n[\/et_pb_text][\/et_pb_column][\/et_pb_row][\/et_pb_section]\n","protected":false},"excerpt":{"rendered":"<p>Accede a Utrera TicketUTRERA TICKET&nbsp;es una plataforma creada por el&nbsp;Excmo. Ayuntamiento de Utrera&nbsp;que tiene como misi\u00f3n ofrecer un servicio y una herramienta para que la venta de entradas llegue a un p\u00fablico lo m\u00e1s amplio posible. Por otra parte,&nbsp;UTRERA TICKET&nbsp;proporciona a los usuarios un sistema c\u00f3modo, seguro y con garant\u00edas para comprar entradas de los [&hellip;]<\/p>\n","protected":false},"author":2,"featured_media":0,"parent":0,"menu_order":0,"comment_status":"closed","ping_status":"closed","template":"","meta":{"_et_pb_use_builder":"on","_et_pb_old_content":"","_et_gb_content_width":"","footnotes":""},"class_list":["post-4421","page","type-page","status-publish","hentry"],"yoast_head":"<!-- This site is optimized with the Yoast SEO plugin v27.3 - https:\/\/yoast.com\/product\/yoast-seo-wordpress\/ -->\n<title>Utrera Ticket - Ayuntamiento de Utrera<\/title>\n<meta name=\"robots\" content=\"index, follow, max-snippet:-1, max-image-preview:large, max-video-preview:-1\" \/>\n<link rel=\"canonical\" href=\"https:\/\/www.utrera.org\/en\/utrera-ticket\/\" \/>\n<meta property=\"og:locale\" content=\"en_GB\" \/>\n<meta property=\"og:type\" content=\"article\" \/>\n<meta property=\"og:title\" content=\"Utrera Ticket - Ayuntamiento de Utrera\" \/>\n<meta property=\"og:description\" content=\"Accede a Utrera TicketUTRERA TICKET&nbsp;es una plataforma creada por el&nbsp;Excmo. Ayuntamiento de Utrera&nbsp;que tiene como misi\u00f3n ofrecer un servicio y una herramienta para que la venta de entradas llegue a un p\u00fablico lo m\u00e1s amplio posible. Por otra parte,&nbsp;UTRERA TICKET&nbsp;proporciona a los usuarios un sistema c\u00f3modo, seguro y con garant\u00edas para comprar entradas de los [&hellip;]\" \/>\n<meta property=\"og:url\" content=\"https:\/\/www.utrera.org\/en\/utrera-ticket\/\" \/>\n<meta property=\"og:site_name\" content=\"Ayuntamiento de Utrera\" \/>\n<meta property=\"article:publisher\" content=\"https:\/\/www.facebook.com\/AyuntamientodeUtrera\/\" \/>\n<meta property=\"article:modified_time\" content=\"2024-05-08T11:59:33+00:00\" \/>\n<meta name=\"twitter:card\" content=\"summary_large_image\" \/>\n<meta name=\"twitter:site\" content=\"@CiudadUtrera\" \/>\n<meta name=\"twitter:label1\" content=\"Est. reading time\" \/>\n\t<meta name=\"twitter:data1\" content=\"5 minutes\" \/>\n<script type=\"application\/ld+json\" class=\"yoast-schema-graph\">{\"@context\":\"https:\\\/\\\/schema.org\",\"@graph\":[{\"@type\":\"WebPage\",\"@id\":\"https:\\\/\\\/www.utrera.org\\\/utrera-ticket\\\/\",\"url\":\"https:\\\/\\\/www.utrera.org\\\/utrera-ticket\\\/\",\"name\":\"Utrera Ticket - Ayuntamiento de Utrera\",\"isPartOf\":{\"@id\":\"https:\\\/\\\/www.utrera.org\\\/#website\"},\"datePublished\":\"2018-05-07T10:32:51+00:00\",\"dateModified\":\"2024-05-08T11:59:33+00:00\",\"breadcrumb\":{\"@id\":\"https:\\\/\\\/www.utrera.org\\\/utrera-ticket\\\/#breadcrumb\"},\"inLanguage\":\"en-GB\",\"potentialAction\":[{\"@type\":\"ReadAction\",\"target\":[\"https:\\\/\\\/www.utrera.org\\\/utrera-ticket\\\/\"]}]},{\"@type\":\"BreadcrumbList\",\"@id\":\"https:\\\/\\\/www.utrera.org\\\/utrera-ticket\\\/#breadcrumb\",\"itemListElement\":[{\"@type\":\"ListItem\",\"position\":1,\"name\":\"Inicio\",\"item\":\"https:\\\/\\\/www.utrera.org\\\/\"},{\"@type\":\"ListItem\",\"position\":2,\"name\":\"Utrera Ticket\"}]},{\"@type\":\"WebSite\",\"@id\":\"https:\\\/\\\/www.utrera.org\\\/#website\",\"url\":\"https:\\\/\\\/www.utrera.org\\\/\",\"name\":\"Ayuntamiento de Utrera\",\"description\":\"Web Municipal del Ayuntamiento de Utrera\",\"potentialAction\":[{\"@type\":\"SearchAction\",\"target\":{\"@type\":\"EntryPoint\",\"urlTemplate\":\"https:\\\/\\\/www.utrera.org\\\/?s={search_term_string}\"},\"query-input\":{\"@type\":\"PropertyValueSpecification\",\"valueRequired\":true,\"valueName\":\"search_term_string\"}}],\"inLanguage\":\"en-GB\"}]}<\/script>\n<!-- \/ Yoast SEO plugin. -->","yoast_head_json":{"title":"Utrera Ticket - Ayuntamiento de Utrera","robots":{"index":"index","follow":"follow","max-snippet":"max-snippet:-1","max-image-preview":"max-image-preview:large","max-video-preview":"max-video-preview:-1"},"canonical":"https:\/\/www.utrera.org\/en\/utrera-ticket\/","og_locale":"en_GB","og_type":"article","og_title":"Utrera Ticket - Ayuntamiento de Utrera","og_description":"Accede a Utrera TicketUTRERA TICKET&nbsp;es una plataforma creada por el&nbsp;Excmo. Ayuntamiento de Utrera&nbsp;que tiene como misi\u00f3n ofrecer un servicio y una herramienta para que la venta de entradas llegue a un p\u00fablico lo m\u00e1s amplio posible. Por otra parte,&nbsp;UTRERA TICKET&nbsp;proporciona a los usuarios un sistema c\u00f3modo, seguro y con garant\u00edas para comprar entradas de los [&hellip;]","og_url":"https:\/\/www.utrera.org\/en\/utrera-ticket\/","og_site_name":"Ayuntamiento de Utrera","article_publisher":"https:\/\/www.facebook.com\/AyuntamientodeUtrera\/","article_modified_time":"2024-05-08T11:59:33+00:00","twitter_card":"summary_large_image","twitter_site":"@CiudadUtrera","twitter_misc":{"Est. reading time":"5 minutes"},"schema":{"@context":"https:\/\/schema.org","@graph":[{"@type":"WebPage","@id":"https:\/\/www.utrera.org\/utrera-ticket\/","url":"https:\/\/www.utrera.org\/utrera-ticket\/","name":"Utrera Ticket - Ayuntamiento de Utrera","isPartOf":{"@id":"https:\/\/www.utrera.org\/#website"},"datePublished":"2018-05-07T10:32:51+00:00","dateModified":"2024-05-08T11:59:33+00:00","breadcrumb":{"@id":"https:\/\/www.utrera.org\/utrera-ticket\/#breadcrumb"},"inLanguage":"en-GB","potentialAction":[{"@type":"ReadAction","target":["https:\/\/www.utrera.org\/utrera-ticket\/"]}]},{"@type":"BreadcrumbList","@id":"https:\/\/www.utrera.org\/utrera-ticket\/#breadcrumb","itemListElement":[{"@type":"ListItem","position":1,"name":"Inicio","item":"https:\/\/www.utrera.org\/"},{"@type":"ListItem","position":2,"name":"Utrera Ticket"}]},{"@type":"WebSite","@id":"https:\/\/www.utrera.org\/#website","url":"https:\/\/www.utrera.org\/","name":"City Council of Utrera","description":"Web Municipal del Ayuntamiento de Utrera","potentialAction":[{"@type":"SearchAction","target":{"@type":"EntryPoint","urlTemplate":"https:\/\/www.utrera.org\/?s={search_term_string}"},"query-input":{"@type":"PropertyValueSpecification","valueRequired":true,"valueName":"search_term_string"}}],"inLanguage":"en-GB"}]}},"_links":{"self":[{"href":"https:\/\/www.utrera.org\/en\/wp-json\/wp\/v2\/pages\/4421","targetHints":{"allow":["GET"]}}],"collection":[{"href":"https:\/\/www.utrera.org\/en\/wp-json\/wp\/v2\/pages"}],"about":[{"href":"https:\/\/www.utrera.org\/en\/wp-json\/wp\/v2\/types\/page"}],"author":[{"embeddable":true,"href":"https:\/\/www.utrera.org\/en\/wp-json\/wp\/v2\/users\/2"}],"replies":[{"embeddable":true,"href":"https:\/\/www.utrera.org\/en\/wp-json\/wp\/v2\/comments?post=4421"}],"version-history":[{"count":1,"href":"https:\/\/www.utrera.org\/en\/wp-json\/wp\/v2\/pages\/4421\/revisions"}],"predecessor-version":[{"id":53386,"href":"https:\/\/www.utrera.org\/en\/wp-json\/wp\/v2\/pages\/4421\/revisions\/53386"}],"wp:attachment":[{"href":"https:\/\/www.utrera.org\/en\/wp-json\/wp\/v2\/media?parent=4421"}],"curies":[{"name":"wp","href":"https:\/\/api.w.org\/{rel}","templated":true}]}}