{"id":32891,"date":"2019-07-29T13:54:02","date_gmt":"2019-07-29T12:54:02","guid":{"rendered":"https:\/\/www.utrera.org\/?page_id=32891"},"modified":"2019-07-29T14:13:49","modified_gmt":"2019-07-29T13:13:49","slug":"andalucia-orienta-ayuntamiento-utrera","status":"publish","type":"page","link":"https:\/\/www.utrera.org\/en\/andalucia-orienta-ayuntamiento-utrera\/","title":{"rendered":"Andaluc\u00eda Orienta"},"content":{"rendered":"<h2>\u00bfA quien va dirigido?<\/h2>\n<p>Personas demandantes de empleo inscritas en el Servicio Andaluz de Empleo (SAE), especialmente aquellos colectivos que tienen mayores dificultades para la inserci\u00f3n laboral en el mercado de trabajo, como pueden ser las personas desempleadas de larga duraci\u00f3n, los j\u00f3venes y los colectivos en riesgo de exclusi\u00f3n social.<br \/>\nTiene entre sus objetivos acompa\u00f1ar a los usuarios\/as en la b\u00fasqueda activa de empleo, motiv\u00e1ndolas y facilit\u00e1ndoles herramientas necesarias para posibilitar su empleabilidad.<\/p>\n<h2>Services<\/h2>\n<p>\u2022 Itinerarios Personalizados para la Inserci\u00f3n.<br \/>\n\u2022 Mercado de trabajo.<br \/>\n\u2022 Asesoramiento sobre T\u00e9cnicas de b\u00fasqueda de empleo.<br \/>\n\u2022 Procesos de selecci\u00f3n<br \/>\n\u2022 Orientaci\u00f3n vocacional.<br \/>\n\u2022 Asesoramiento para el autoconocimiento y posicionamiento para el mercado de trabajo.<br \/>\n\u2022 Planes de Empleo<br \/>\n\u2022 Acreditaci\u00f3n de la Experiencia Profesional<br \/>\n\u2022 Garant\u00eda Juvenil<br \/>\n\u2022 FPE<br \/>\n\u2022 Pr\u00e1cticas en empresas, etc<\/p>\n<p>La unidad Andaluc\u00eda Orienta del Ayto de Utrera cuenta con un servicio de \u201cAUTOORIENTACI\u00d3N\u201c, en el que uno de los profesionales ayudar\u00e1 a los usuarios\/as a la b\u00fasqueda de empleo en Internet por cuenta propia a trav\u00e9s de las redes sociales y las nuevas tecnolog\u00edas.<\/p>\n<h2>Petici\u00f3n de cita<\/h2>\n<p>Servicio de Orientaci\u00f3n Andaluc\u00eda Orienta del Ayuntamiento de Utrera<br \/>\nC\/ Veracruz, 72. Utrera 41710 (Sevilla).<br \/>\nTel\u00e9fono: 618 78 86 56<br \/>\ne-mail: utreraorienta@gmail.com<br \/>\nFacebook: @utreraorienta<\/p>\n<p><strong>Horario Atenci\u00f3n al P\u00fablico:<\/strong><br \/>\nLunes a Viernes: 9:00 a 14:00<br \/>\nMartes y Mi\u00e9rcoles: 16:00 a 18:30<\/p>\n<p>Del 15 junio a 15 septiembre: Lunes a Viernes 9:00 a 14:00<\/p>","protected":false},"excerpt":{"rendered":"<p>\u00bfA quien va dirigido? Personas demandantes de empleo inscritas en el Servicio Andaluz de Empleo (SAE), especialmente aquellos colectivos que tienen mayores dificultades para la inserci\u00f3n laboral en el mercado de trabajo, como pueden ser las personas desempleadas de larga duraci\u00f3n, los j\u00f3venes y los colectivos en riesgo de exclusi\u00f3n social. Tiene entre sus objetivos [&hellip;]<\/p>\n","protected":false},"author":2,"featured_media":0,"parent":0,"menu_order":0,"comment_status":"closed","ping_status":"closed","template":"","meta":{"_et_pb_use_builder":"","_et_pb_old_content":"","_et_gb_content_width":"","footnotes":""},"class_list":["post-32891","page","type-page","status-publish","hentry"],"yoast_head":"<!-- This site is optimized with the Yoast SEO plugin v27.3 - https:\/\/yoast.com\/product\/yoast-seo-wordpress\/ -->\n<title>Andaluc\u00eda Orienta - Ayuntamiento de Utrera<\/title>\n<meta name=\"robots\" content=\"index, follow, max-snippet:-1, max-image-preview:large, max-video-preview:-1\" \/>\n<link rel=\"canonical\" href=\"https:\/\/www.utrera.org\/en\/andalucia-orienta-ayuntamiento-utrera\/\" \/>\n<meta property=\"og:locale\" content=\"en_GB\" \/>\n<meta property=\"og:type\" content=\"article\" \/>\n<meta property=\"og:title\" content=\"Andaluc\u00eda Orienta - Ayuntamiento de Utrera\" \/>\n<meta property=\"og:description\" content=\"\u00bfA quien va dirigido? Personas demandantes de empleo inscritas en el Servicio Andaluz de Empleo (SAE), especialmente aquellos colectivos que tienen mayores dificultades para la inserci\u00f3n laboral en el mercado de trabajo, como pueden ser las personas desempleadas de larga duraci\u00f3n, los j\u00f3venes y los colectivos en riesgo de exclusi\u00f3n social. Tiene entre sus objetivos [&hellip;]\" \/>\n<meta property=\"og:url\" content=\"https:\/\/www.utrera.org\/en\/andalucia-orienta-ayuntamiento-utrera\/\" \/>\n<meta property=\"og:site_name\" content=\"Ayuntamiento de Utrera\" \/>\n<meta property=\"article:publisher\" content=\"https:\/\/www.facebook.com\/AyuntamientodeUtrera\/\" \/>\n<meta property=\"article:modified_time\" content=\"2019-07-29T13:13:49+00:00\" \/>\n<meta name=\"twitter:card\" content=\"summary_large_image\" \/>\n<meta name=\"twitter:site\" content=\"@CiudadUtrera\" \/>\n<meta name=\"twitter:label1\" content=\"Est. reading time\" \/>\n\t<meta name=\"twitter:data1\" content=\"1 minute\" \/>\n<script type=\"application\/ld+json\" class=\"yoast-schema-graph\">{\"@context\":\"https:\\\/\\\/schema.org\",\"@graph\":[{\"@type\":\"WebPage\",\"@id\":\"https:\\\/\\\/www.utrera.org\\\/andalucia-orienta-ayuntamiento-utrera\\\/\",\"url\":\"https:\\\/\\\/www.utrera.org\\\/andalucia-orienta-ayuntamiento-utrera\\\/\",\"name\":\"Andaluc\u00eda Orienta - Ayuntamiento de Utrera\",\"isPartOf\":{\"@id\":\"https:\\\/\\\/www.utrera.org\\\/#website\"},\"datePublished\":\"2019-07-29T12:54:02+00:00\",\"dateModified\":\"2019-07-29T13:13:49+00:00\",\"breadcrumb\":{\"@id\":\"https:\\\/\\\/www.utrera.org\\\/andalucia-orienta-ayuntamiento-utrera\\\/#breadcrumb\"},\"inLanguage\":\"en-GB\",\"potentialAction\":[{\"@type\":\"ReadAction\",\"target\":[\"https:\\\/\\\/www.utrera.org\\\/andalucia-orienta-ayuntamiento-utrera\\\/\"]}]},{\"@type\":\"BreadcrumbList\",\"@id\":\"https:\\\/\\\/www.utrera.org\\\/andalucia-orienta-ayuntamiento-utrera\\\/#breadcrumb\",\"itemListElement\":[{\"@type\":\"ListItem\",\"position\":1,\"name\":\"Inicio\",\"item\":\"https:\\\/\\\/www.utrera.org\\\/\"},{\"@type\":\"ListItem\",\"position\":2,\"name\":\"Andaluc\u00eda Orienta\"}]},{\"@type\":\"WebSite\",\"@id\":\"https:\\\/\\\/www.utrera.org\\\/#website\",\"url\":\"https:\\\/\\\/www.utrera.org\\\/\",\"name\":\"Ayuntamiento de Utrera\",\"description\":\"Web Municipal del Ayuntamiento de Utrera\",\"potentialAction\":[{\"@type\":\"SearchAction\",\"target\":{\"@type\":\"EntryPoint\",\"urlTemplate\":\"https:\\\/\\\/www.utrera.org\\\/?s={search_term_string}\"},\"query-input\":{\"@type\":\"PropertyValueSpecification\",\"valueRequired\":true,\"valueName\":\"search_term_string\"}}],\"inLanguage\":\"en-GB\"}]}<\/script>\n<!-- \/ Yoast SEO plugin. -->","yoast_head_json":{"title":"Andaluc\u00eda Orienta - Ayuntamiento de Utrera","robots":{"index":"index","follow":"follow","max-snippet":"max-snippet:-1","max-image-preview":"max-image-preview:large","max-video-preview":"max-video-preview:-1"},"canonical":"https:\/\/www.utrera.org\/en\/andalucia-orienta-ayuntamiento-utrera\/","og_locale":"en_GB","og_type":"article","og_title":"Andaluc\u00eda Orienta - Ayuntamiento de Utrera","og_description":"\u00bfA quien va dirigido? Personas demandantes de empleo inscritas en el Servicio Andaluz de Empleo (SAE), especialmente aquellos colectivos que tienen mayores dificultades para la inserci\u00f3n laboral en el mercado de trabajo, como pueden ser las personas desempleadas de larga duraci\u00f3n, los j\u00f3venes y los colectivos en riesgo de exclusi\u00f3n social. Tiene entre sus objetivos [&hellip;]","og_url":"https:\/\/www.utrera.org\/en\/andalucia-orienta-ayuntamiento-utrera\/","og_site_name":"Ayuntamiento de Utrera","article_publisher":"https:\/\/www.facebook.com\/AyuntamientodeUtrera\/","article_modified_time":"2019-07-29T13:13:49+00:00","twitter_card":"summary_large_image","twitter_site":"@CiudadUtrera","twitter_misc":{"Est. reading time":"1 minute"},"schema":{"@context":"https:\/\/schema.org","@graph":[{"@type":"WebPage","@id":"https:\/\/www.utrera.org\/andalucia-orienta-ayuntamiento-utrera\/","url":"https:\/\/www.utrera.org\/andalucia-orienta-ayuntamiento-utrera\/","name":"Andaluc\u00eda Orienta - Ayuntamiento de Utrera","isPartOf":{"@id":"https:\/\/www.utrera.org\/#website"},"datePublished":"2019-07-29T12:54:02+00:00","dateModified":"2019-07-29T13:13:49+00:00","breadcrumb":{"@id":"https:\/\/www.utrera.org\/andalucia-orienta-ayuntamiento-utrera\/#breadcrumb"},"inLanguage":"en-GB","potentialAction":[{"@type":"ReadAction","target":["https:\/\/www.utrera.org\/andalucia-orienta-ayuntamiento-utrera\/"]}]},{"@type":"BreadcrumbList","@id":"https:\/\/www.utrera.org\/andalucia-orienta-ayuntamiento-utrera\/#breadcrumb","itemListElement":[{"@type":"ListItem","position":1,"name":"Inicio","item":"https:\/\/www.utrera.org\/"},{"@type":"ListItem","position":2,"name":"Andaluc\u00eda Orienta"}]},{"@type":"WebSite","@id":"https:\/\/www.utrera.org\/#website","url":"https:\/\/www.utrera.org\/","name":"City Council of Utrera","description":"Web Municipal del Ayuntamiento de Utrera","potentialAction":[{"@type":"SearchAction","target":{"@type":"EntryPoint","urlTemplate":"https:\/\/www.utrera.org\/?s={search_term_string}"},"query-input":{"@type":"PropertyValueSpecification","valueRequired":true,"valueName":"search_term_string"}}],"inLanguage":"en-GB"}]}},"_links":{"self":[{"href":"https:\/\/www.utrera.org\/en\/wp-json\/wp\/v2\/pages\/32891","targetHints":{"allow":["GET"]}}],"collection":[{"href":"https:\/\/www.utrera.org\/en\/wp-json\/wp\/v2\/pages"}],"about":[{"href":"https:\/\/www.utrera.org\/en\/wp-json\/wp\/v2\/types\/page"}],"author":[{"embeddable":true,"href":"https:\/\/www.utrera.org\/en\/wp-json\/wp\/v2\/users\/2"}],"replies":[{"embeddable":true,"href":"https:\/\/www.utrera.org\/en\/wp-json\/wp\/v2\/comments?post=32891"}],"version-history":[{"count":0,"href":"https:\/\/www.utrera.org\/en\/wp-json\/wp\/v2\/pages\/32891\/revisions"}],"wp:attachment":[{"href":"https:\/\/www.utrera.org\/en\/wp-json\/wp\/v2\/media?parent=32891"}],"curies":[{"name":"wp","href":"https:\/\/api.w.org\/{rel}","templated":true}]}}