{"id":32284,"date":"2019-07-10T11:06:37","date_gmt":"2019-07-10T10:06:37","guid":{"rendered":"https:\/\/www.utrera.org\/?page_id=32284"},"modified":"2021-09-27T12:04:56","modified_gmt":"2021-09-27T11:04:56","slug":"farmacia-de-guardia-en-utrera","status":"publish","type":"page","link":"https:\/\/www.utrera.org\/en\/farmacia-de-guardia-en-utrera\/","title":{"rendered":"Farmacia de guardia en Utrera"},"content":{"rendered":"[et_pb_section bb_built=\u00bb1&#8243;][et_pb_row][et_pb_column type=\u00bb4_4&#8243;][et_pb_text _builder_version=\u00bb3.0.92&#8243; background_layout=\u00bblight\u00bb]\n<p style=\"text-align: justify;\">En esta p\u00e1gina tienes disponibles el <strong>horario y datos de contacto de las farmacias de guardia en Utrera<\/strong> en los per\u00edodos y d\u00edas se\u00f1alados, as\u00ed como informaci\u00f3n de las m\u00e1s cercanas a trav\u00e9s del buscador que existe en la parte inferior de esta p\u00e1gina.<\/p>\n[\/et_pb_text][\/et_pb_column][\/et_pb_row][et_pb_row][et_pb_column type=\u00bb4_4&#8243;][et_pb_divider _builder_version=\u00bb3.0.92&#8243; \/][\/et_pb_column][\/et_pb_row][et_pb_row][et_pb_column type=\u00bb1_4&#8243;][\/et_pb_column][et_pb_column type=\u00bb1_2&#8243;][et_pb_text _builder_version=\u00bb3.0.92&#8243; background_color=\u00bb#c34e5c\u00bb background_layout=\u00bbdark\u00bb text_font=\u00bb|700|||||||\u00bb text_font_size=\u00bb18px\u00bb text_orientation=\u00bbcenter\u00bb custom_padding=\u00bb20px||20px|\u00bb border_radii=\u00bbon|10px|10px|10px|10px\u00bb text_text_color=\u00bb#ffffff\u00bb link_text_color=\u00bb#ffffff\u00bb]\n<p><a href=\"https:\/\/www.utrera.org\/wp-content\/uploads\/2021\/09\/farmacia-guardia-utrera-octubre-2021.pdf\" target=\"_blank\" rel=\"noopener noreferrer\">De lunes a domingo<\/a><\/p>\n<p>UTRERA<\/p>\n[\/et_pb_text][\/et_pb_column][et_pb_column type=\u00bb1_4&#8243;][\/et_pb_column][\/et_pb_row][et_pb_row][et_pb_column type=\u00bb4_4&#8243;][et_pb_divider _builder_version=\u00bb3.0.92&#8243; \/][\/et_pb_column][\/et_pb_row][et_pb_row][et_pb_column type=\u00bb4_4&#8243;][et_pb_text _builder_version=\u00bb3.0.92&#8243; background_layout=\u00bblight\u00bb]\n<h4 style=\"text-align: center;\">FARMACIAS DE GUARDIA EN LA PROVINCIA<\/h4>\n[\/et_pb_text][\/et_pb_column][\/et_pb_row][et_pb_row][et_pb_column type=\u00bb4_4&#8243;][et_pb_text _builder_version=\u00bb3.0.92&#8243; background_layout=\u00bblight\u00bb]\n<p>En el bot\u00f3n inferior se puede acceder al buscador de farmacias de guardia para los pueblos de la provincia de Sevilla.<\/p>\n<p>En concreto para buscar las farmacias de guardia s\u00f3lo hay que:<\/p>\n<ol>\n<li>Seleccionar la localidad que deseamos buscar en la lista desplegable \u00abLocalidad\u00bb.<\/li>\n<li>Comprobar que la fecha y la hora en la que queremos buscar la farmacia de guardia es la correcta.<\/li>\n<li>Pinchar en el bot\u00f3n \u00abbuscar farmacias abiertas.\u00bb<\/li>\n<\/ol>\n[\/et_pb_text][\/et_pb_column][\/et_pb_row][et_pb_row][et_pb_column type=\u00bb1_4&#8243;][\/et_pb_column][et_pb_column type=\u00bb1_2&#8243;][et_pb_text _builder_version=\u00bb3.0.92&#8243; background_color=\u00bb#c34e5c\u00bb background_layout=\u00bbdark\u00bb text_font=\u00bb|700|||||||\u00bb text_font_size=\u00bb18px\u00bb text_orientation=\u00bbcenter\u00bb custom_padding=\u00bb20px||20px|\u00bb border_radii=\u00bbon|10px|10px|10px|10px\u00bb text_text_color=\u00bb#ffffff\u00bb link_text_color=\u00bb#ffffff\u00bb]\n<p><a href=\"http:\/\/zonarestringida.farmaceuticosdesevilla.es\/farmamap\/Default.aspx\">Buscador de\u00a0farmacias de guardia en la provincia<\/a><\/p>\n[\/et_pb_text][\/et_pb_column][et_pb_column type=\u00bb1_4&#8243;][\/et_pb_column][\/et_pb_row][\/et_pb_section]\n","protected":false},"excerpt":{"rendered":"<p><div class=\"et_pb_row et_pb_row_0 et_pb_row_empty\">\n\t\t\t\t\n\t\t\t\t\n\t\t\t\t\n\t\t\t\t\n\t\t\t\t\n\t\t\t<\/div> En esta p\u00e1gina tienes disponibles el horario y datos de contacto de las farmacias de guardia en Utrera en los per\u00edodos y d\u00edas se\u00f1alados, as\u00ed como informaci\u00f3n de las m\u00e1s cercanas a trav\u00e9s del buscador que existe en la parte inferior de esta p\u00e1gina. <div class=\"et_pb_row et_pb_row_1 et_pb_row_empty\">\n\t\t\t\t\n\t\t\t\t\n\t\t\t\t\n\t\t\t\t\n\t\t\t\t\n\t\t\t<\/div><div class=\"et_pb_row et_pb_row_2 et_pb_row_empty\">\n\t\t\t\t\n\t\t\t\t\n\t\t\t\t\n\t\t\t\t\n\t\t\t\t\n\t\t\t<\/div> De lunes a domingo UTRERA <div class=\"et_pb_row et_pb_row_3 et_pb_row_empty\">\n\t\t\t\t\n\t\t\t\t\n\t\t\t\t\n\t\t\t\t\n\t\t\t\t\n\t\t\t<\/div><div class=\"et_pb_row et_pb_row_4 et_pb_row_empty\">\n\t\t\t\t\n\t\t\t\t\n\t\t\t\t\n\t\t\t\t\n\t\t\t\t\n\t\t\t<\/div> FARMACIAS DE GUARDIA [&hellip;]<\/p>\n","protected":false},"author":10,"featured_media":0,"parent":0,"menu_order":0,"comment_status":"closed","ping_status":"closed","template":"","meta":{"_et_pb_use_builder":"on","_et_pb_old_content":"","_et_gb_content_width":"","footnotes":""},"class_list":["post-32284","page","type-page","status-publish","hentry"],"yoast_head":"<!-- This site is optimized with the Yoast SEO plugin v27.3 - https:\/\/yoast.com\/product\/yoast-seo-wordpress\/ -->\n<title>Farmacia de guardia en Utrera - Ayuntamiento de Utrera<\/title>\n<meta name=\"robots\" content=\"index, follow, max-snippet:-1, max-image-preview:large, max-video-preview:-1\" \/>\n<link rel=\"canonical\" href=\"https:\/\/www.utrera.org\/en\/farmacia-de-guardia-en-utrera\/\" \/>\n<meta property=\"og:locale\" content=\"en_GB\" \/>\n<meta property=\"og:type\" content=\"article\" \/>\n<meta property=\"og:title\" content=\"Farmacia de guardia en Utrera - Ayuntamiento de Utrera\" \/>\n<meta property=\"og:description\" content=\"En esta p\u00e1gina tienes disponibles el horario y datos de contacto de las farmacias de guardia en Utrera en los per\u00edodos y d\u00edas se\u00f1alados, as\u00ed como informaci\u00f3n de las m\u00e1s cercanas a trav\u00e9s del buscador que existe en la parte inferior de esta p\u00e1gina. De lunes a domingo UTRERA FARMACIAS DE GUARDIA [&hellip;]\" \/>\n<meta property=\"og:url\" content=\"https:\/\/www.utrera.org\/en\/farmacia-de-guardia-en-utrera\/\" \/>\n<meta property=\"og:site_name\" content=\"Ayuntamiento de Utrera\" \/>\n<meta property=\"article:publisher\" content=\"https:\/\/www.facebook.com\/AyuntamientodeUtrera\/\" \/>\n<meta property=\"article:modified_time\" content=\"2021-09-27T11:04:56+00:00\" \/>\n<meta name=\"twitter:card\" content=\"summary_large_image\" \/>\n<meta name=\"twitter:site\" content=\"@CiudadUtrera\" \/>\n<meta name=\"twitter:label1\" content=\"Est. reading time\" \/>\n\t<meta name=\"twitter:data1\" content=\"2 minutes\" \/>\n<script type=\"application\/ld+json\" class=\"yoast-schema-graph\">{\"@context\":\"https:\\\/\\\/schema.org\",\"@graph\":[{\"@type\":\"WebPage\",\"@id\":\"https:\\\/\\\/www.utrera.org\\\/farmacia-de-guardia-en-utrera\\\/\",\"url\":\"https:\\\/\\\/www.utrera.org\\\/farmacia-de-guardia-en-utrera\\\/\",\"name\":\"Farmacia de guardia en Utrera - Ayuntamiento de Utrera\",\"isPartOf\":{\"@id\":\"https:\\\/\\\/www.utrera.org\\\/#website\"},\"datePublished\":\"2019-07-10T10:06:37+00:00\",\"dateModified\":\"2021-09-27T11:04:56+00:00\",\"breadcrumb\":{\"@id\":\"https:\\\/\\\/www.utrera.org\\\/farmacia-de-guardia-en-utrera\\\/#breadcrumb\"},\"inLanguage\":\"en-GB\",\"potentialAction\":[{\"@type\":\"ReadAction\",\"target\":[\"https:\\\/\\\/www.utrera.org\\\/farmacia-de-guardia-en-utrera\\\/\"]}]},{\"@type\":\"BreadcrumbList\",\"@id\":\"https:\\\/\\\/www.utrera.org\\\/farmacia-de-guardia-en-utrera\\\/#breadcrumb\",\"itemListElement\":[{\"@type\":\"ListItem\",\"position\":1,\"name\":\"Inicio\",\"item\":\"https:\\\/\\\/www.utrera.org\\\/\"},{\"@type\":\"ListItem\",\"position\":2,\"name\":\"Farmacia de guardia en Utrera\"}]},{\"@type\":\"WebSite\",\"@id\":\"https:\\\/\\\/www.utrera.org\\\/#website\",\"url\":\"https:\\\/\\\/www.utrera.org\\\/\",\"name\":\"Ayuntamiento de Utrera\",\"description\":\"Web Municipal del Ayuntamiento de Utrera\",\"potentialAction\":[{\"@type\":\"SearchAction\",\"target\":{\"@type\":\"EntryPoint\",\"urlTemplate\":\"https:\\\/\\\/www.utrera.org\\\/?s={search_term_string}\"},\"query-input\":{\"@type\":\"PropertyValueSpecification\",\"valueRequired\":true,\"valueName\":\"search_term_string\"}}],\"inLanguage\":\"en-GB\"}]}<\/script>\n<!-- \/ Yoast SEO plugin. -->","yoast_head_json":{"title":"Farmacia de guardia en Utrera - Ayuntamiento de Utrera","robots":{"index":"index","follow":"follow","max-snippet":"max-snippet:-1","max-image-preview":"max-image-preview:large","max-video-preview":"max-video-preview:-1"},"canonical":"https:\/\/www.utrera.org\/en\/farmacia-de-guardia-en-utrera\/","og_locale":"en_GB","og_type":"article","og_title":"Farmacia de guardia en Utrera - Ayuntamiento de Utrera","og_description":"En esta p\u00e1gina tienes disponibles el horario y datos de contacto de las farmacias de guardia en Utrera en los per\u00edodos y d\u00edas se\u00f1alados, as\u00ed como informaci\u00f3n de las m\u00e1s cercanas a trav\u00e9s del buscador que existe en la parte inferior de esta p\u00e1gina. De lunes a domingo UTRERA FARMACIAS DE GUARDIA [&hellip;]","og_url":"https:\/\/www.utrera.org\/en\/farmacia-de-guardia-en-utrera\/","og_site_name":"Ayuntamiento de Utrera","article_publisher":"https:\/\/www.facebook.com\/AyuntamientodeUtrera\/","article_modified_time":"2021-09-27T11:04:56+00:00","twitter_card":"summary_large_image","twitter_site":"@CiudadUtrera","twitter_misc":{"Est. reading time":"2 minutes"},"schema":{"@context":"https:\/\/schema.org","@graph":[{"@type":"WebPage","@id":"https:\/\/www.utrera.org\/farmacia-de-guardia-en-utrera\/","url":"https:\/\/www.utrera.org\/farmacia-de-guardia-en-utrera\/","name":"Farmacia de guardia en Utrera - Ayuntamiento de Utrera","isPartOf":{"@id":"https:\/\/www.utrera.org\/#website"},"datePublished":"2019-07-10T10:06:37+00:00","dateModified":"2021-09-27T11:04:56+00:00","breadcrumb":{"@id":"https:\/\/www.utrera.org\/farmacia-de-guardia-en-utrera\/#breadcrumb"},"inLanguage":"en-GB","potentialAction":[{"@type":"ReadAction","target":["https:\/\/www.utrera.org\/farmacia-de-guardia-en-utrera\/"]}]},{"@type":"BreadcrumbList","@id":"https:\/\/www.utrera.org\/farmacia-de-guardia-en-utrera\/#breadcrumb","itemListElement":[{"@type":"ListItem","position":1,"name":"Inicio","item":"https:\/\/www.utrera.org\/"},{"@type":"ListItem","position":2,"name":"Farmacia de guardia en Utrera"}]},{"@type":"WebSite","@id":"https:\/\/www.utrera.org\/#website","url":"https:\/\/www.utrera.org\/","name":"City Council of Utrera","description":"Web Municipal del Ayuntamiento de Utrera","potentialAction":[{"@type":"SearchAction","target":{"@type":"EntryPoint","urlTemplate":"https:\/\/www.utrera.org\/?s={search_term_string}"},"query-input":{"@type":"PropertyValueSpecification","valueRequired":true,"valueName":"search_term_string"}}],"inLanguage":"en-GB"}]}},"_links":{"self":[{"href":"https:\/\/www.utrera.org\/en\/wp-json\/wp\/v2\/pages\/32284","targetHints":{"allow":["GET"]}}],"collection":[{"href":"https:\/\/www.utrera.org\/en\/wp-json\/wp\/v2\/pages"}],"about":[{"href":"https:\/\/www.utrera.org\/en\/wp-json\/wp\/v2\/types\/page"}],"author":[{"embeddable":true,"href":"https:\/\/www.utrera.org\/en\/wp-json\/wp\/v2\/users\/10"}],"replies":[{"embeddable":true,"href":"https:\/\/www.utrera.org\/en\/wp-json\/wp\/v2\/comments?post=32284"}],"version-history":[{"count":9,"href":"https:\/\/www.utrera.org\/en\/wp-json\/wp\/v2\/pages\/32284\/revisions"}],"predecessor-version":[{"id":44530,"href":"https:\/\/www.utrera.org\/en\/wp-json\/wp\/v2\/pages\/32284\/revisions\/44530"}],"wp:attachment":[{"href":"https:\/\/www.utrera.org\/en\/wp-json\/wp\/v2\/media?parent=32284"}],"curies":[{"name":"wp","href":"https:\/\/api.w.org\/{rel}","templated":true}]}}