{"id":32114,"date":"2019-07-02T10:25:09","date_gmt":"2019-07-02T09:25:09","guid":{"rendered":"https:\/\/www.utrera.org\/?page_id=32114"},"modified":"2026-04-07T13:58:21","modified_gmt":"2026-04-07T12:58:21","slug":"oficina-turistica","status":"publish","type":"page","link":"https:\/\/www.utrera.org\/en\/oficina-turistica\/","title":{"rendered":"Oficina de Turismo de Utrera"},"content":{"rendered":"[et_pb_section fb_built=\u00bb1&#8243; _builder_version=\u00bb4.16&#8243; global_colors_info=\u00bb{}\u00bb][et_pb_row _builder_version=\u00bb4.16&#8243; background_size=\u00bbinitial\u00bb background_position=\u00bbtop_left\u00bb background_repeat=\u00bbrepeat\u00bb global_colors_info=\u00bb{}\u00bb][et_pb_column type=\u00bb4_4&#8243; _builder_version=\u00bb4.16&#8243; custom_padding=\u00bb|||\u00bb global_colors_info=\u00bb{}\u00bb custom_padding__hover=\u00bb|||\u00bb][et_pb_text _builder_version=\u00bb4.16&#8243; global_colors_info=\u00bb{}\u00bb]\n<h1>Agenda Oficina Tur\u00edstica<\/h1>\n[\/et_pb_text][et_pb_text admin_label=\u00bbAgenda\u00bb _builder_version=\u00bb4.16&#8243; global_colors_info=\u00bb{}\u00bb]\n<h1>Mes Actual<\/h1>\n<!-- EventON Calendar --><div id='evcal_calendar_207' class='ajde_evcal_calendar sev cev color esty_2 ajax_loading_cal' ><div id='evcal_head' class='calendar_header ' ><div class='evo_cal_above'><span class='evo-gototoday-btn' style='display:none' data-mo='5' data-yr='2026' data-dy=''>Mes actual<\/span><\/div><div class='evo_cal_above_content'><\/div><div class='evo_header_title '><p id='evcal_cur' class='evo_month_title'> mayo, 2026<\/p><p class='evo_arrows'><span id='evcal_prev' class='evcal_arrows evcal_btn_prev' ><\/span><span id='evcal_next' class='evcal_arrows evo_arrow_next evcal_btn_next' ><\/span><\/p><\/div><\/div><div id='eventon_loadbar_section'><div id='eventon_loadbar'><\/div><\/div><div class='evo_ajax_load_events'><span><\/span><span><\/span><span><\/span><\/div><!-- Events List --><div id='evcal_list' \r\n\t\t\t\t\tclass='eventon_events_list '>\t\t\t<div class='clear'><\/div>\r\n\t\t\t<\/div>\r\n\t\t\t<div class='clear'><\/div>\r\n\t\t\t\t\t \t<div id='evcal_footer' class='evo_bottom' style='display:none'>\r\n\t\t \t\t<div class='evo_cal_data'  data-sc='{\"accord\":\"no\",\"bottom_nav\":\"no\",\"cal_id\":\"\",\"cal_init_nonajax\":\"no\",\"calendar_type\":\"default\",\"ep_fields\":\"\",\"etc_override\":\"no\",\"evc_open\":\"no\",\"event_count\":0,\"event_location\":\"all\",\"event_order\":\"ASC\",\"event_organizer\":\"all\",\"event_parts\":\"no\",\"event_past_future\":\"all\",\"event_status\":\"all\",\"event_tag\":\"all\",\"event_type\":\"all\",\"event_type_2\":\"686\",\"event_type_3\":\"all\",\"event_type_4\":\"all\",\"event_type_5\":\"all\",\"event_virtual\":\"all\",\"eventtop_date_style\":0,\"eventtop_style\":\"2\",\"exp_jumper\":\"no\",\"exp_so\":\"no\",\"filter_relationship\":\"AND\",\"filter_show_set_only\":\"no\",\"filter_type\":\"default\",\"filters\":\"yes\",\"fixed_month\":\"5\",\"fixed_year\":\"2026\",\"focus_end_date_range\":\"1780271999\",\"focus_start_date_range\":\"1777593600\",\"ft_event_priority\":\"no\",\"hide_arrows\":\"no\",\"hide_cancels\":\"no\",\"hide_empty_months\":\"no\",\"hide_end_time\":\"no\",\"hide_et_dn\":\"no\",\"hide_et_extra\":\"no\",\"hide_et_tags\":\"no\",\"hide_et_tl\":\"no\",\"hide_ft\":\"no\",\"hide_ft_img\":\"no\",\"hide_month_headers\":\"no\",\"hide_mult_occur\":\"no\",\"hide_past\":\"no\",\"hide_past_by\":\"ee\",\"hide_so\":\"no\",\"ics\":\"no\",\"jumper\":\"no\",\"jumper_count\":5,\"jumper_offset\":\"0\",\"lang\":\"L1\",\"layout_changer\":\"no\",\"livenow_bar\":\"yes\",\"mapformat\":\"roadmap\",\"mapiconurl\":\"\",\"maps_load\":\"yes\",\"mapscroll\":\"true\",\"mapzoom\":\"18\",\"members_only\":\"no\",\"ml_priority\":\"no\",\"month_incre\":0,\"number_of_months\":\"1\",\"only_ft\":\"no\",\"pec\":\"\",\"rss\":\"no\",\"s\":\"\",\"search\":\"\",\"search_all\":\"no\",\"sep_month\":\"no\",\"show_et_ft_img\":\"no\",\"show_limit\":\"no\",\"show_limit_ajax\":\"no\",\"show_limit_paged\":1,\"show_limit_redir\":\"\",\"show_repeats\":\"no\",\"show_upcoming\":0,\"show_year\":\"no\",\"social_share\":\"no\",\"sort_by\":\"sort_date\",\"tile_bg\":\"1\",\"tile_bg_size\":\"full\",\"tile_count\":\"4\",\"tile_height\":\"250\",\"tile_style\":0,\"tiles\":\"no\",\"ux_val\":\"0\",\"view_switcher\":\"no\",\"wpml_l1\":\"\",\"wpml_l2\":\"\",\"wpml_l3\":\"\",\"yl_priority\":\"no\",\"fixed_day\":\"16\",\"_cver\":\"4.4.2\"}' data-od='{\"lang_no_events\":\"No hay eventos\"}'><\/div>\r\n\t\t \t\t<div class='evo_cal_events' data-events=\"\"><\/div>\r\n\t\t \t<\/div>\r\n\t\t\t\t\r\n\t\t\t\r\n\t\t\t\t\t\t<\/div><!-- EventON End -->\r\n\t\t\t\n[\/et_pb_text][\/et_pb_column][\/et_pb_row][et_pb_row _builder_version=\u00bb4.16&#8243; background_size=\u00bbinitial\u00bb background_position=\u00bbtop_left\u00bb background_repeat=\u00bbrepeat\u00bb global_colors_info=\u00bb{}\u00bb][et_pb_column type=\u00bb4_4&#8243; _builder_version=\u00bb4.16&#8243; custom_padding=\u00bb|||\u00bb global_colors_info=\u00bb{}\u00bb custom_padding__hover=\u00bb|||\u00bb][et_pb_text _builder_version=\u00bb4.21.0&#8243; global_colors_info=\u00bb{}\u00bb]\n<h1>Oficina Tur\u00edstica de Utrera<\/h1>\n[\/et_pb_text][et_pb_text _builder_version=\u00bb4.21.0&#8243; hover_enabled=\u00bb0&#8243; global_colors_info=\u00bb{}\u00bb sticky_enabled=\u00bb0&#8243;]\n<p>Direcci\u00f3n: C\/ San Fernando, 2. 41710 Utrera, Sevilla.<br \/>Tel\u00e9fono: 95 487 33 87.<br \/>Correo electr\u00f3nico: oficinaturismo@utrera.org<\/p>\n<p><strong><span style=\"color: #c34e5c;\">Horario:<\/span><\/strong><\/p>\n<p>10:00h a 14:00h de Lunes a Domingo.\u00a0<\/p>\n<p><strong><span style=\"color: #c34e5c;\">\u00bfC\u00f3mo llegar?<\/span><\/strong><\/p>\n<p><iframe src=\"https:\/\/www.google.com\/maps\/embed?pb=!1m18!1m12!1m3!1d3178.877125865607!2d-5.784617924457678!3d37.17939097214142!2m3!1f0!2f0!3f0!3m2!1i1024!2i768!4f13.1!3m3!1m2!1s0xd127f0d661759c3%3A0x26985e8282cf340d!2sOficina%20de%20Turismo%20de%20Utrera!5e0!3m2!1ses-419!2ses!4v1775563654096!5m2!1ses-419!2ses\" width=\"100%\" height=\"450\" style=\"border: 0;\" allowfullscreen=\"\" loading=\"lazy\" referrerpolicy=\"no-referrer-when-downgrade\"><\/iframe><\/p>\n[\/et_pb_text][et_pb_text _builder_version=\u00bb4.21.0&#8243; global_colors_info=\u00bb{}\u00bb]\n<h1>Galer\u00eda de Imagenes<\/h1>\n[\/et_pb_text][\/et_pb_column][\/et_pb_row][et_pb_row column_structure=\u00bb1_3,1_3,1_3&#8243; _builder_version=\u00bb4.21.0&#8243; _module_preset=\u00bbdefault\u00bb global_colors_info=\u00bb{}\u00bb][et_pb_column type=\u00bb1_3&#8243; _builder_version=\u00bb4.21.0&#8243; _module_preset=\u00bbdefault\u00bb global_colors_info=\u00bb{}\u00bb][et_pb_image src=\u00bbhttps:\/\/www.utrera.org\/wp-content\/uploads\/2026\/04\/OFICNA-DE-TURISMO-INTERIOR.jpeg\u00bb alt=\u00bbElementos del interior de la oficina de turismo\u00bb title_text=\u00bbOFICNA DE TURISMO INTERIOR\u00bb _builder_version=\u00bb4.21.0&#8243; _module_preset=\u00bbdefault\u00bb global_colors_info=\u00bb{}\u00bb][\/et_pb_image][\/et_pb_column][et_pb_column type=\u00bb1_3&#8243; _builder_version=\u00bb4.21.0&#8243; _module_preset=\u00bbdefault\u00bb global_colors_info=\u00bb{}\u00bb][et_pb_image src=\u00bbhttps:\/\/www.utrera.org\/wp-content\/uploads\/2026\/04\/OFICINA-DE-TURISMO.jpeg\u00bb alt=\u00bbVista exterior de la oficina\u00bb title_text=\u00bbOFICINA DE TURISMO\u00bb _builder_version=\u00bb4.21.0&#8243; _module_preset=\u00bbdefault\u00bb custom_padding=\u00bb0px|||||\u00bb global_colors_info=\u00bb{}\u00bb][\/et_pb_image][\/et_pb_column][et_pb_column type=\u00bb1_3&#8243; _builder_version=\u00bb4.21.0&#8243; _module_preset=\u00bbdefault\u00bb global_colors_info=\u00bb{}\u00bb][et_pb_image src=\u00bbhttps:\/\/www.utrera.org\/wp-content\/uploads\/2026\/04\/OFICINA-DE-TURISMO-FACHADA.jpeg\u00bb alt=\u00bbFachada de la Oficina de turismo\u00bb title_text=\u00bbOFICINA DE TURISMO FACHADA\u00bb _builder_version=\u00bb4.21.0&#8243; _module_preset=\u00bbdefault\u00bb hover_enabled=\u00bb0&#8243; global_colors_info=\u00bb{}\u00bb sticky_enabled=\u00bb0&#8243;][\/et_pb_image][\/et_pb_column][\/et_pb_row][\/et_pb_section]\n","protected":false},"excerpt":{"rendered":"<p>Direcci\u00f3n: C\/ San Fernando, 2<br \/>\nTel\u00e9fono: 95 487 33 87<\/p>","protected":false},"author":10,"featured_media":0,"parent":0,"menu_order":0,"comment_status":"closed","ping_status":"closed","template":"","meta":{"_et_pb_use_builder":"on","_et_pb_old_content":"<p>Direcci\u00f3n: C\/ Sevilla s\/n<br \/>Responsable: Rafael Arciniega<br \/>Tel\u00e9fono Administraci\u00f3n: 95 586 09 31<br \/>Tel\u00e9fono Taquilla: 95 586 35 23<\/p><p>Programaci\u00f3n continuada de espect\u00e1culos y conciertos. Temporada de octubre a junio.<\/p><p>Programaci\u00f3n: <a href=\"\/wp-content\/uploads\/2018\/06\/CulProgTeatEne18.pdf\">Enero-Marzo 2018<\/a><\/p><p>Venta de entradas: <a href=\"https:\/\/utreraticket.utrera.org\/utreraticket\/\">Utrera Ticket<\/a><\/p><p>El teatro fue construido en 1887 por Enrique de la Cuadra. De ah\u00ed, su denominaci\u00f3n actual.<\/p><p>El Ayuntamiento de Utrera adquiri\u00f3 el inmueble en junio de 1985, acogi\u00e9ndose al Programa de Rehabilitaci\u00f3n de Teatros P\u00fablicos de las Consejer\u00edas de Obras P\u00fablicas y de Cultura de la Junta de Andaluc\u00eda, siendo el arquitecto encargado de la remodelaci\u00f3n, Juan Ruesga Navarro. Culminadas las obras en 1993, el teatro abri\u00f3 sus puertas al p\u00fablico presentando uno de los escenarios m\u00e1s amplio de Andaluc\u00eda.<\/p><p>Se trata de un teatro \u201ca la italiana\u201d con una equilibrada distribuci\u00f3n en la sala y el escenario que, junto al resto de las instalaciones, conforma un espacio vivo de actividad art\u00edstica, l\u00fadica y cultural.<\/p><p>Adem\u00e1s de una programaci\u00f3n propia, este espacio est\u00e1 adherido a diferentes Circuitos:<\/p><p>Circuito Andaluz de Teatro y Danza.<br \/>Circuito Andaluz de M\u00fasica.<br \/>Programa Abecedaria.<br \/>Circuito Provincial de las Artes esc\u00e9nicas y Musicales.<br \/>Por otro lado, la utilizaci\u00f3n de los espacios y recursos del Teatro Municipal \"Enrique de la Cuadra\" por parte de los distintos agentes socioculturales de la localidad aconseja el establecimiento de unas normas reguladoras que permitan un adecuado uso y funcionamiento del mismo:<\/p><p><a href=\"\/wp-content\/uploads\/2018\/06\/Ordenanza_29_Edificios_Municipales_2014.pdf\">Ordenanza n\u00ba 29.- Tasa por utilizaci\u00f3n de edificios municipales<\/a><\/p><p><a href=\"\/wp-content\/uploads\/2018\/06\/CulSolTeatro.pdf\">Modelo de solicitud<\/a><\/p><p><a href=\"\/wp-content\/uploads\/2018\/06\/CulFichaTecnTeat17.pdf\">Ficha T\u00e9cnica, Teatro Municipal \"Enrique de la Cuadra\"<\/a><\/p><p>Rellene el siguiente formulario para recibir mensualmente la revista de ocio y cultura El Lagarto de Consolaci\u00f3n en formato digital en su correo electr\u00f3nico, as\u00ed como informaci\u00f3n sobre las actividades culturales que organice la Delegaci\u00f3n de Cultura del Ayuntamiento de Utrera.<\/p>","_et_gb_content_width":"","footnotes":""},"class_list":["post-32114","page","type-page","status-publish","hentry"],"yoast_head":"<!-- This site is optimized with the Yoast SEO plugin v27.3 - https:\/\/yoast.com\/product\/yoast-seo-wordpress\/ -->\n<title>Oficina de Turismo de Utrera - Ayuntamiento de Utrera<\/title>\n<meta name=\"description\" content=\"Oficina de turismo de Utrera, Calle San Fernando, 2. Tel\u00e9fono : 954 873 387. Horario de: 10:00h a 14:00h de Lunes a Domingo.\" \/>\n<meta name=\"robots\" content=\"index, follow, max-snippet:-1, max-image-preview:large, max-video-preview:-1\" \/>\n<link rel=\"canonical\" href=\"https:\/\/www.utrera.org\/en\/oficina-turistica\/\" \/>\n<meta property=\"og:locale\" content=\"en_GB\" \/>\n<meta property=\"og:type\" content=\"article\" \/>\n<meta property=\"og:title\" content=\"Oficina de Turismo de Utrera - Ayuntamiento de Utrera\" \/>\n<meta property=\"og:description\" content=\"Oficina de turismo de Utrera, Calle San Fernando, 2. Tel\u00e9fono : 954 873 387. Horario de: 10:00h a 14:00h de Lunes a Domingo.\" \/>\n<meta property=\"og:url\" content=\"https:\/\/www.utrera.org\/en\/oficina-turistica\/\" \/>\n<meta property=\"og:site_name\" content=\"Ayuntamiento de Utrera\" \/>\n<meta property=\"article:publisher\" content=\"https:\/\/www.facebook.com\/AyuntamientodeUtrera\/\" \/>\n<meta property=\"article:modified_time\" content=\"2026-04-07T12:58:21+00:00\" \/>\n<meta name=\"twitter:card\" content=\"summary_large_image\" \/>\n<meta name=\"twitter:site\" content=\"@CiudadUtrera\" \/>\n<meta name=\"twitter:label1\" content=\"Est. reading time\" \/>\n\t<meta name=\"twitter:data1\" content=\"1 minute\" \/>\n<script type=\"application\/ld+json\" class=\"yoast-schema-graph\">{\"@context\":\"https:\\\/\\\/schema.org\",\"@graph\":[{\"@type\":\"WebPage\",\"@id\":\"https:\\\/\\\/www.utrera.org\\\/oficina-turistica\\\/\",\"url\":\"https:\\\/\\\/www.utrera.org\\\/oficina-turistica\\\/\",\"name\":\"Oficina de Turismo de Utrera - Ayuntamiento de Utrera\",\"isPartOf\":{\"@id\":\"https:\\\/\\\/www.utrera.org\\\/#website\"},\"datePublished\":\"2019-07-02T09:25:09+00:00\",\"dateModified\":\"2026-04-07T12:58:21+00:00\",\"description\":\"Oficina de turismo de Utrera, Calle San Fernando, 2. Tel\u00e9fono : 954 873 387. Horario de: 10:00h a 14:00h de Lunes a Domingo.\",\"breadcrumb\":{\"@id\":\"https:\\\/\\\/www.utrera.org\\\/oficina-turistica\\\/#breadcrumb\"},\"inLanguage\":\"en-GB\",\"potentialAction\":[{\"@type\":\"ReadAction\",\"target\":[\"https:\\\/\\\/www.utrera.org\\\/oficina-turistica\\\/\"]}]},{\"@type\":\"BreadcrumbList\",\"@id\":\"https:\\\/\\\/www.utrera.org\\\/oficina-turistica\\\/#breadcrumb\",\"itemListElement\":[{\"@type\":\"ListItem\",\"position\":1,\"name\":\"Inicio\",\"item\":\"https:\\\/\\\/www.utrera.org\\\/\"},{\"@type\":\"ListItem\",\"position\":2,\"name\":\"Oficina de Turismo de Utrera\"}]},{\"@type\":\"WebSite\",\"@id\":\"https:\\\/\\\/www.utrera.org\\\/#website\",\"url\":\"https:\\\/\\\/www.utrera.org\\\/\",\"name\":\"Ayuntamiento de Utrera\",\"description\":\"Web Municipal del Ayuntamiento de Utrera\",\"potentialAction\":[{\"@type\":\"SearchAction\",\"target\":{\"@type\":\"EntryPoint\",\"urlTemplate\":\"https:\\\/\\\/www.utrera.org\\\/?s={search_term_string}\"},\"query-input\":{\"@type\":\"PropertyValueSpecification\",\"valueRequired\":true,\"valueName\":\"search_term_string\"}}],\"inLanguage\":\"en-GB\"}]}<\/script>\n<!-- \/ Yoast SEO plugin. -->","yoast_head_json":{"title":"Oficina de Turismo de Utrera - Ayuntamiento de Utrera","description":"Oficina de turismo de Utrera, Calle San Fernando, 2. Tel\u00e9fono : 954 873 387. Horario de: 10:00h a 14:00h de Lunes a Domingo.","robots":{"index":"index","follow":"follow","max-snippet":"max-snippet:-1","max-image-preview":"max-image-preview:large","max-video-preview":"max-video-preview:-1"},"canonical":"https:\/\/www.utrera.org\/en\/oficina-turistica\/","og_locale":"en_GB","og_type":"article","og_title":"Oficina de Turismo de Utrera - Ayuntamiento de Utrera","og_description":"Oficina de turismo de Utrera, Calle San Fernando, 2. Tel\u00e9fono : 954 873 387. Horario de: 10:00h a 14:00h de Lunes a Domingo.","og_url":"https:\/\/www.utrera.org\/en\/oficina-turistica\/","og_site_name":"Ayuntamiento de Utrera","article_publisher":"https:\/\/www.facebook.com\/AyuntamientodeUtrera\/","article_modified_time":"2026-04-07T12:58:21+00:00","twitter_card":"summary_large_image","twitter_site":"@CiudadUtrera","twitter_misc":{"Est. reading time":"1 minute"},"schema":{"@context":"https:\/\/schema.org","@graph":[{"@type":"WebPage","@id":"https:\/\/www.utrera.org\/oficina-turistica\/","url":"https:\/\/www.utrera.org\/oficina-turistica\/","name":"Oficina de Turismo de Utrera - Ayuntamiento de Utrera","isPartOf":{"@id":"https:\/\/www.utrera.org\/#website"},"datePublished":"2019-07-02T09:25:09+00:00","dateModified":"2026-04-07T12:58:21+00:00","description":"Oficina de turismo de Utrera, Calle San Fernando, 2. Tel\u00e9fono : 954 873 387. Horario de: 10:00h a 14:00h de Lunes a Domingo.","breadcrumb":{"@id":"https:\/\/www.utrera.org\/oficina-turistica\/#breadcrumb"},"inLanguage":"en-GB","potentialAction":[{"@type":"ReadAction","target":["https:\/\/www.utrera.org\/oficina-turistica\/"]}]},{"@type":"BreadcrumbList","@id":"https:\/\/www.utrera.org\/oficina-turistica\/#breadcrumb","itemListElement":[{"@type":"ListItem","position":1,"name":"Inicio","item":"https:\/\/www.utrera.org\/"},{"@type":"ListItem","position":2,"name":"Oficina de Turismo de Utrera"}]},{"@type":"WebSite","@id":"https:\/\/www.utrera.org\/#website","url":"https:\/\/www.utrera.org\/","name":"City Council of Utrera","description":"Web Municipal del Ayuntamiento de Utrera","potentialAction":[{"@type":"SearchAction","target":{"@type":"EntryPoint","urlTemplate":"https:\/\/www.utrera.org\/?s={search_term_string}"},"query-input":{"@type":"PropertyValueSpecification","valueRequired":true,"valueName":"search_term_string"}}],"inLanguage":"en-GB"}]}},"_links":{"self":[{"href":"https:\/\/www.utrera.org\/en\/wp-json\/wp\/v2\/pages\/32114","targetHints":{"allow":["GET"]}}],"collection":[{"href":"https:\/\/www.utrera.org\/en\/wp-json\/wp\/v2\/pages"}],"about":[{"href":"https:\/\/www.utrera.org\/en\/wp-json\/wp\/v2\/types\/page"}],"author":[{"embeddable":true,"href":"https:\/\/www.utrera.org\/en\/wp-json\/wp\/v2\/users\/10"}],"replies":[{"embeddable":true,"href":"https:\/\/www.utrera.org\/en\/wp-json\/wp\/v2\/comments?post=32114"}],"version-history":[{"count":11,"href":"https:\/\/www.utrera.org\/en\/wp-json\/wp\/v2\/pages\/32114\/revisions"}],"predecessor-version":[{"id":63994,"href":"https:\/\/www.utrera.org\/en\/wp-json\/wp\/v2\/pages\/32114\/revisions\/63994"}],"wp:attachment":[{"href":"https:\/\/www.utrera.org\/en\/wp-json\/wp\/v2\/media?parent=32114"}],"curies":[{"name":"wp","href":"https:\/\/api.w.org\/{rel}","templated":true}]}}