{"id":2425,"date":"2017-12-27T17:15:33","date_gmt":"2017-12-27T16:15:33","guid":{"rendered":"https:\/\/www.utrera.org\/?page_id=2425"},"modified":"2019-04-16T22:05:29","modified_gmt":"2019-04-16T21:05:29","slug":"guia-servicios-ayudas-las-personas","status":"publish","type":"page","link":"https:\/\/www.utrera.org\/en\/guia-servicios-ayudas-las-personas\/","title":{"rendered":"Gu\u00eda de servicios y ayudas a las personas"},"content":{"rendered":"[et_pb_section bb_built=\u00bb1&#8243;][et_pb_row][et_pb_column type=\u00bb4_4&#8243;][et_pb_text _builder_version=\u00bb3.0.92&#8243; background_layout=\u00bblight\u00bb]\n<h2>Tel\u00e9fonos de emergencias<\/h2>\n[\/et_pb_text][\/et_pb_column][\/et_pb_row][et_pb_row _builder_version=\u00bb3.0.92&#8243; background_color_1=\u00bb#f2f2f2&#8243; background_color_2=\u00bb#f2f2f2&#8243; background_color_3=\u00bb#f2f2f2&#8243; background_color_4=\u00bb#f2f2f2&#8243;][et_pb_column type=\u00bb1_4&#8243;][et_pb_blurb _builder_version=\u00bb3.0.92&#8243; title=\u00bbPolic\u00eda Municipal\u00bb url_new_window=\u00bboff\u00bb use_icon=\u00bboff\u00bb font_icon=\u00bb%%171%%\u00bb use_circle=\u00bboff\u00bb use_circle_border=\u00bboff\u00bb icon_placement=\u00bbleft\u00bb use_icon_font_size=\u00bboff\u00bb background_layout=\u00bblight\u00bb animation=\u00bboff\u00bb custom_padding=\u00bb10px|10px|10px|10px\u00bb header_font=\u00bb|700||||on|||\u00bb header_font_size=\u00bb17&#8243; image=\u00bbhttps:\/\/www.utrera.org\/wp-content\/uploads\/2017\/12\/icon-policia-u.png\u00bb]\n<h4>955 860 808<\/h4>\n[\/et_pb_blurb][\/et_pb_column][et_pb_column type=\u00bb1_4&#8243;][et_pb_blurb _builder_version=\u00bb3.0.92&#8243; title=\u00bbUrgencias Bomberos\u00bb url_new_window=\u00bboff\u00bb use_icon=\u00bbon\u00bb font_icon=\u00bb%%133%%\u00bb use_circle=\u00bboff\u00bb use_circle_border=\u00bboff\u00bb icon_placement=\u00bbleft\u00bb use_icon_font_size=\u00bboff\u00bb background_layout=\u00bblight\u00bb icon_color=\u00bb#d03b3b\u00bb animation=\u00bboff\u00bb custom_padding=\u00bb10px|10px|10px|10px\u00bb header_font=\u00bb|700||||on|||\u00bb header_font_size=\u00bb17&#8243;]\n<h4>955 861 992<\/h4>\n[\/et_pb_blurb][\/et_pb_column][et_pb_column type=\u00bb1_4&#8243;][et_pb_blurb _builder_version=\u00bb3.0.92&#8243; title=\u00bbUrgencias sociales\u00bb url_new_window=\u00bboff\u00bb use_icon=\u00bbon\u00bb font_icon=\u00bb%%257%%\u00bb use_circle=\u00bboff\u00bb use_circle_border=\u00bboff\u00bb icon_placement=\u00bbleft\u00bb use_icon_font_size=\u00bboff\u00bb background_layout=\u00bblight\u00bb icon_color=\u00bb#d03b3b\u00bb animation=\u00bboff\u00bb custom_padding=\u00bb10px|10px|10px|10px\u00bb border_radii=\u00bbon|0px|0px|0px|0px\u00bb header_font=\u00bb|700||||on|||\u00bb header_font_size=\u00bb17&#8243;]\n<h4>955 867 854<\/h4>\n[\/et_pb_blurb][\/et_pb_column][et_pb_column type=\u00bb1_4&#8243;][et_pb_blurb _builder_version=\u00bb3.0.92&#8243; title=\u00bbTel\u00e9fono Emergencias\u00bb url_new_window=\u00bboff\u00bb use_icon=\u00bbon\u00bb font_icon=\u00bb%%132%%\u00bb use_circle=\u00bboff\u00bb use_circle_border=\u00bboff\u00bb icon_placement=\u00bbleft\u00bb use_icon_font_size=\u00bboff\u00bb background_layout=\u00bblight\u00bb icon_color=\u00bb#d03b3b\u00bb animation=\u00bboff\u00bb custom_padding=\u00bb10px|10px|10px|10px\u00bb icon_font_size=\u00bb92px\u00bb header_font=\u00bb|700||||on|||\u00bb header_font_size=\u00bb17&#8243;]\n<h3>112<\/h3>\n[\/et_pb_blurb][\/et_pb_column][\/et_pb_row][\/et_pb_section][et_pb_section bb_built=\u00bb1&#8243;][et_pb_row][et_pb_column type=\u00bb4_4&#8243;][et_pb_text _builder_version=\u00bb3.0.92&#8243; background_layout=\u00bblight\u00bb]\n<h2>Servicios de atenci\u00f3n a la ciudadan\u00eda<\/h2>\n<p>Servicios de informaci\u00f3n a la ciudadan\u00eda de Utrera: transportes, servicios, actividades municipales, tr\u00e1mites y gestiones p\u00fablicas, sugerencias y quejas sobre el funcionamiento de la ciudad y de los servicios p\u00fablicos.<\/p>\n[\/et_pb_text][\/et_pb_column][\/et_pb_row][et_pb_row][et_pb_column type=\u00bb1_2&#8243;][et_pb_blurb _builder_version=\u00bb3.0.92&#8243; title=\u00bbAtenci\u00f3n en l\u00ednea\u00bb url_new_window=\u00bboff\u00bb use_icon=\u00bbon\u00bb font_icon=\u00bb%%106%%\u00bb use_circle=\u00bboff\u00bb use_circle_border=\u00bboff\u00bb icon_placement=\u00bbleft\u00bb use_icon_font_size=\u00bbon\u00bb background_layout=\u00bblight\u00bb icon_color=\u00bb#d03b3b\u00bb animation=\u00bboff\u00bb background_color=\u00bb#f2f2f2&#8243; custom_padding=\u00bb10px|10px|10px|10px\u00bb]\n<h5>Sede electr\u00f3nica<\/h5>\n<p>Servicio permanente de informaci\u00f3n y tramitaci\u00f3n.<\/p>\n<p><a href=\"\/sede-electronica\/\" target=\"_blank\" rel=\"noopener\">Ir al web<\/a><\/p>\n<h5>Quejas y Sugerencias<\/h5>\n<p>A trav\u00e9s de este punto puede hacer llegar incidencias, quejas y sugerencias en relaci\u00f3n con el funcionamiento de la ciudad o los servicios municipales<\/p>\n<p>Ir al web<\/p>\n[\/et_pb_blurb][et_pb_blurb _builder_version=\u00bb3.0.92&#8243; title=\u00bbAtenci\u00f3n Telef\u00f3nica\u00bb url_new_window=\u00bboff\u00bb use_icon=\u00bbon\u00bb font_icon=\u00bb%%264%%\u00bb use_circle=\u00bboff\u00bb use_circle_border=\u00bboff\u00bb icon_placement=\u00bbleft\u00bb use_icon_font_size=\u00bbon\u00bb background_layout=\u00bblight\u00bb icon_color=\u00bb#d03b3b\u00bb animation=\u00bboff\u00bb background_color=\u00bb#f2f2f2&#8243; custom_padding=\u00bb10px|10px|10px|10px\u00bb]\n<h5>010<\/h5>\n<p>Servicio de informaci\u00f3n municipal y general sobre equipamientos, agenda de actos y servicios. Tambi\u00e9n pueden hacerse tr\u00e1mites y gestiones tributarias (pagos y domiciliaciones de tributos) del Ayuntamiento de Utrera.<\/p>\n<h5>954 860 050<\/h5>\n<p>El Tel\u00e9fono del Ayuntamiento de Utrera atiende a las necesidades de los ciudadanos.<\/p>\n[\/et_pb_blurb][\/et_pb_column][et_pb_column type=\u00bb1_2&#8243;][et_pb_blurb _builder_version=\u00bb3.0.92&#8243; title=\u00bbAtenci\u00f3n Presencial\u00bb url_new_window=\u00bboff\u00bb use_icon=\u00bbon\u00bb font_icon=\u00bb%%258%%\u00bb use_circle=\u00bboff\u00bb use_circle_border=\u00bboff\u00bb icon_placement=\u00bbleft\u00bb use_icon_font_size=\u00bbon\u00bb background_layout=\u00bblight\u00bb icon_color=\u00bb#d03b3b\u00bb animation=\u00bboff\u00bb background_color=\u00bb#f2f2f2&#8243; custom_padding=\u00bb10px|10px|10px|10px\u00bb]\n<h5>Servicio de atenci\u00f3n ciudadana (SAC)<\/h5>\n<p>Esta oficina se encuentra situada en el Ayuntamiento de Utrera, calle Plaza de Gibaxa n\u00ba1.<br \/>\nLe atenderemos de 8:30 a 18:30 de lunes a viernes.<\/p>\n[\/et_pb_blurb][et_pb_blurb _builder_version=\u00bb3.0.92&#8243; title=\u00bbRedes sociales\u00bb url_new_window=\u00bboff\u00bb use_icon=\u00bbon\u00bb font_icon=\u00bb%%222%%\u00bb use_circle=\u00bboff\u00bb use_circle_border=\u00bboff\u00bb icon_placement=\u00bbleft\u00bb use_icon_font_size=\u00bbon\u00bb background_layout=\u00bblight\u00bb animation=\u00bboff\u00bb background_color=\u00bb#f2f2f2&#8243; custom_padding=\u00bb10px|10px|10px|10px\u00bb]\n<p>Resoluci\u00f3n de dudas e informaci\u00f3n sobre la ciudad, los tr\u00e1mites municipales, la agenda de actos y otros temas de inter\u00e9s.<\/p>\n<p><a href=\"https:\/\/www.facebook.com\/Ayuntamiento-de-Utrera-1063589860318151\/\" target=\"_blank\" rel=\"noopener\">Facebook<\/a><br \/>\n<a href=\"http:\/\/www.twitter.com\/CiudadUtrera\" target=\"_blank\" rel=\"noopener\">Twitter<\/a><br \/>\n<a href=\"https:\/\/plus.google.com\/+AyuntamientodeUtreraOficial\" target=\"_blank\" rel=\"noopener\">Google Plus<\/a><br \/>\n<a href=\"http:\/\/www.instagram.com\/instautrera\" target=\"_blank\" rel=\"noopener\">Instagram<\/a><br \/>\n<a href=\"https:\/\/www.youtube.com\/channel\/UCMzKYO9tCBD_DDl-7lIU9zg\" target=\"_blank\" rel=\"noopener\">Youtube<\/a><\/p>\n<p>Otras Redes Sociales del Ayuntamiento de Utrera<\/p>\n<p><a href=\"https:\/\/www.facebook.com\/josemariavillalobos\/\" target=\"_blank\" rel=\"noopener\">Facebook del Alcalde<\/a><br \/>\n<a href=\"https:\/\/www.youtube.com\/channel\/UC4G2YkTwKHEemzRZnwj-2mg\/featured\">Youtube para las actas en video \u00abVideoactas\u00bb<\/a><br \/>\n<a href=\"https:\/\/www.facebook.com\/TurismoFiestasUtrera\/\" target=\"_blank\" rel=\"noopener\">Facebook de Turismo<\/a><br \/>\n<a href=\"https:\/\/twitter.com\/turismoUtrera\" target=\"_blank\" rel=\"noopener\">Twitter de Turismo<\/a><br \/>\n<a href=\"https:\/\/www.instagram.com\/turismoutrera\/\" target=\"_blank\" rel=\"noopener\">Instagram de Turismo<\/a><br \/>\n<a href=\"https:\/\/www.facebook.com\/UtreraDeportes\/\" target=\"_blank\" rel=\"noopener\">Facebook de Deporte<\/a><br \/>\n<a href=\"https:\/\/twitter.com\/utreradeportes\" target=\"_blank\" rel=\"noopener\">Twitter de Deporte<\/a><br \/>\n<a href=\"https:\/\/www.instagram.com\/utreradeportes\/\" target=\"_blank\" rel=\"noopener\">Instagram de Deporte<\/a><br \/>\n<a href=\"https:\/\/www.facebook.com\/participacionciudadanautrera\/\" target=\"_blank\" rel=\"noopener\">Facebook de Participaci\u00f3n Ciudadana<\/a><br \/>\n<a href=\"https:\/\/www.facebook.com\/BienestarAnimalUtrera\/\" target=\"_blank\" rel=\"noopener\">Facebook de Bienestar Animal<\/a><\/p>\n[\/et_pb_blurb][\/et_pb_column][\/et_pb_row][et_pb_row _builder_version=\u00bb3.0.92&#8243; module_alignment=\u00bbcenter\u00bb][et_pb_column type=\u00bb4_4&#8243;][et_pb_blurb _builder_version=\u00bb3.0.92&#8243; url_new_window=\u00bboff\u00bb use_icon=\u00bbon\u00bb font_icon=\u00bb%%72%%\u00bb use_circle=\u00bboff\u00bb use_circle_border=\u00bboff\u00bb icon_placement=\u00bbleft\u00bb use_icon_font_size=\u00bbon\u00bb background_layout=\u00bblight\u00bb icon_color=\u00bb#d03b3b\u00bb animation=\u00bboff\u00bb background_color=\u00bb#f2f2f2&#8243; custom_padding=\u00bb10px|10px|10px|10px\u00bb header_text_align=\u00bbleft\u00bb body_text_align=\u00bbleft\u00bb content_max_width=\u00bb1100px\u00bb]\n<h5>C\u00f3mo solicitar Cita con los T\u00e9cnicos Municipales del Ayuntamiento de Utrera<\/h5>\n<p><a href=\"https:\/\/www.utrera.org\/wp-content\/uploads\/2018\/05\/SEDECitaTecnico_UE.pdf\" target=\"_blank\" rel=\"noopener\">Enlace para descargar toda la informaci\u00f3n.<\/a><\/p>\n[\/et_pb_blurb][\/et_pb_column][\/et_pb_row][\/et_pb_section][et_pb_section bb_built=\u00bb1&#8243;][et_pb_row][et_pb_column type=\u00bb4_4&#8243;][et_pb_text _builder_version=\u00bb3.0.92&#8243; background_layout=\u00bblight\u00bb]\n<h2>Otros Servicios<\/h2>\n<p><a href=\"\/farmacia-de-guardia-en-utrera\/\">Farmacia de Guardia en Utrera<\/a><\/p>\n[\/et_pb_text][\/et_pb_column][\/et_pb_row][\/et_pb_section]\n","protected":false},"excerpt":{"rendered":"<p><div class=\"et_pb_row et_pb_row_0 et_pb_row_empty\">\n\t\t\t\t\n\t\t\t\t\n\t\t\t\t\n\t\t\t\t\n\t\t\t\t\n\t\t\t<\/div> Tel\u00e9fonos de emergencias 955 860 808 955 861 992 955 867 854 112 <div class=\"et_pb_row et_pb_row_1 et_pb_row_empty\">\n\t\t\t\t\n\t\t\t\t\n\t\t\t\t\n\t\t\t\t\n\t\t\t\t\n\t\t\t<\/div> Servicios de atenci\u00f3n a la ciudadan\u00eda Servicios de informaci\u00f3n a la ciudadan\u00eda de Utrera: transportes, servicios, actividades municipales, tr\u00e1mites y gestiones p\u00fablicas, sugerencias y quejas sobre el funcionamiento de la ciudad y de los servicios p\u00fablicos. <div class=\"et_pb_row et_pb_row_2 et_pb_row_empty\">\n\t\t\t\t\n\t\t\t\t\n\t\t\t\t\n\t\t\t\t\n\t\t\t\t\n\t\t\t<\/div> Sede electr\u00f3nica Servicio [&hellip;]<\/p>\n","protected":false},"author":2,"featured_media":0,"parent":0,"menu_order":0,"comment_status":"closed","ping_status":"closed","template":"","meta":{"_et_pb_use_builder":"on","_et_pb_old_content":"","_et_gb_content_width":"","footnotes":""},"class_list":["post-2425","page","type-page","status-publish","hentry"],"yoast_head":"<!-- This site is optimized with the Yoast SEO plugin v27.3 - https:\/\/yoast.com\/product\/yoast-seo-wordpress\/ -->\n<title>Gu\u00eda de servicios y ayudas a las personas - Ayuntamiento de Utrera<\/title>\n<meta name=\"robots\" content=\"index, follow, max-snippet:-1, max-image-preview:large, max-video-preview:-1\" \/>\n<link rel=\"canonical\" href=\"https:\/\/www.utrera.org\/en\/guia-servicios-ayudas-las-personas\/\" \/>\n<meta property=\"og:locale\" content=\"en_GB\" \/>\n<meta property=\"og:type\" content=\"article\" \/>\n<meta property=\"og:title\" content=\"Gu\u00eda de servicios y ayudas a las personas - Ayuntamiento de Utrera\" \/>\n<meta property=\"og:description\" content=\"Tel\u00e9fonos de emergencias 955 860 808 955 861 992 955 867 854 112 Servicios de atenci\u00f3n a la ciudadan\u00eda Servicios de informaci\u00f3n a la ciudadan\u00eda de Utrera: transportes, servicios, actividades municipales, tr\u00e1mites y gestiones p\u00fablicas, sugerencias y quejas sobre el funcionamiento de la ciudad y de los servicios p\u00fablicos. Sede electr\u00f3nica Servicio [&hellip;]\" \/>\n<meta property=\"og:url\" content=\"https:\/\/www.utrera.org\/en\/guia-servicios-ayudas-las-personas\/\" \/>\n<meta property=\"og:site_name\" content=\"Ayuntamiento de Utrera\" \/>\n<meta property=\"article:publisher\" content=\"https:\/\/www.facebook.com\/AyuntamientodeUtrera\/\" \/>\n<meta property=\"article:modified_time\" content=\"2019-04-16T21:05:29+00:00\" \/>\n<meta name=\"twitter:card\" content=\"summary_large_image\" \/>\n<meta name=\"twitter:site\" content=\"@CiudadUtrera\" \/>\n<meta name=\"twitter:label1\" content=\"Est. reading time\" \/>\n\t<meta name=\"twitter:data1\" content=\"5 minutes\" \/>\n<script type=\"application\/ld+json\" class=\"yoast-schema-graph\">{\"@context\":\"https:\\\/\\\/schema.org\",\"@graph\":[{\"@type\":\"WebPage\",\"@id\":\"https:\\\/\\\/www.utrera.org\\\/guia-servicios-ayudas-las-personas\\\/\",\"url\":\"https:\\\/\\\/www.utrera.org\\\/guia-servicios-ayudas-las-personas\\\/\",\"name\":\"Gu\u00eda de servicios y ayudas a las personas - Ayuntamiento de Utrera\",\"isPartOf\":{\"@id\":\"https:\\\/\\\/www.utrera.org\\\/#website\"},\"datePublished\":\"2017-12-27T16:15:33+00:00\",\"dateModified\":\"2019-04-16T21:05:29+00:00\",\"breadcrumb\":{\"@id\":\"https:\\\/\\\/www.utrera.org\\\/guia-servicios-ayudas-las-personas\\\/#breadcrumb\"},\"inLanguage\":\"en-GB\",\"potentialAction\":[{\"@type\":\"ReadAction\",\"target\":[\"https:\\\/\\\/www.utrera.org\\\/guia-servicios-ayudas-las-personas\\\/\"]}]},{\"@type\":\"BreadcrumbList\",\"@id\":\"https:\\\/\\\/www.utrera.org\\\/guia-servicios-ayudas-las-personas\\\/#breadcrumb\",\"itemListElement\":[{\"@type\":\"ListItem\",\"position\":1,\"name\":\"Inicio\",\"item\":\"https:\\\/\\\/www.utrera.org\\\/\"},{\"@type\":\"ListItem\",\"position\":2,\"name\":\"Gu\u00eda de servicios y ayudas a las personas\"}]},{\"@type\":\"WebSite\",\"@id\":\"https:\\\/\\\/www.utrera.org\\\/#website\",\"url\":\"https:\\\/\\\/www.utrera.org\\\/\",\"name\":\"Ayuntamiento de Utrera\",\"description\":\"Web Municipal del Ayuntamiento de Utrera\",\"potentialAction\":[{\"@type\":\"SearchAction\",\"target\":{\"@type\":\"EntryPoint\",\"urlTemplate\":\"https:\\\/\\\/www.utrera.org\\\/?s={search_term_string}\"},\"query-input\":{\"@type\":\"PropertyValueSpecification\",\"valueRequired\":true,\"valueName\":\"search_term_string\"}}],\"inLanguage\":\"en-GB\"}]}<\/script>\n<!-- \/ Yoast SEO plugin. -->","yoast_head_json":{"title":"Gu\u00eda de servicios y ayudas a las personas - Ayuntamiento de Utrera","robots":{"index":"index","follow":"follow","max-snippet":"max-snippet:-1","max-image-preview":"max-image-preview:large","max-video-preview":"max-video-preview:-1"},"canonical":"https:\/\/www.utrera.org\/en\/guia-servicios-ayudas-las-personas\/","og_locale":"en_GB","og_type":"article","og_title":"Gu\u00eda de servicios y ayudas a las personas - Ayuntamiento de Utrera","og_description":"Tel\u00e9fonos de emergencias 955 860 808 955 861 992 955 867 854 112 Servicios de atenci\u00f3n a la ciudadan\u00eda Servicios de informaci\u00f3n a la ciudadan\u00eda de Utrera: transportes, servicios, actividades municipales, tr\u00e1mites y gestiones p\u00fablicas, sugerencias y quejas sobre el funcionamiento de la ciudad y de los servicios p\u00fablicos. Sede electr\u00f3nica Servicio [&hellip;]","og_url":"https:\/\/www.utrera.org\/en\/guia-servicios-ayudas-las-personas\/","og_site_name":"Ayuntamiento de Utrera","article_publisher":"https:\/\/www.facebook.com\/AyuntamientodeUtrera\/","article_modified_time":"2019-04-16T21:05:29+00:00","twitter_card":"summary_large_image","twitter_site":"@CiudadUtrera","twitter_misc":{"Est. reading time":"5 minutes"},"schema":{"@context":"https:\/\/schema.org","@graph":[{"@type":"WebPage","@id":"https:\/\/www.utrera.org\/guia-servicios-ayudas-las-personas\/","url":"https:\/\/www.utrera.org\/guia-servicios-ayudas-las-personas\/","name":"Gu\u00eda de servicios y ayudas a las personas - Ayuntamiento de Utrera","isPartOf":{"@id":"https:\/\/www.utrera.org\/#website"},"datePublished":"2017-12-27T16:15:33+00:00","dateModified":"2019-04-16T21:05:29+00:00","breadcrumb":{"@id":"https:\/\/www.utrera.org\/guia-servicios-ayudas-las-personas\/#breadcrumb"},"inLanguage":"en-GB","potentialAction":[{"@type":"ReadAction","target":["https:\/\/www.utrera.org\/guia-servicios-ayudas-las-personas\/"]}]},{"@type":"BreadcrumbList","@id":"https:\/\/www.utrera.org\/guia-servicios-ayudas-las-personas\/#breadcrumb","itemListElement":[{"@type":"ListItem","position":1,"name":"Inicio","item":"https:\/\/www.utrera.org\/"},{"@type":"ListItem","position":2,"name":"Gu\u00eda de servicios y ayudas a las personas"}]},{"@type":"WebSite","@id":"https:\/\/www.utrera.org\/#website","url":"https:\/\/www.utrera.org\/","name":"City Council of Utrera","description":"Web Municipal del Ayuntamiento de Utrera","potentialAction":[{"@type":"SearchAction","target":{"@type":"EntryPoint","urlTemplate":"https:\/\/www.utrera.org\/?s={search_term_string}"},"query-input":{"@type":"PropertyValueSpecification","valueRequired":true,"valueName":"search_term_string"}}],"inLanguage":"en-GB"}]}},"_links":{"self":[{"href":"https:\/\/www.utrera.org\/en\/wp-json\/wp\/v2\/pages\/2425","targetHints":{"allow":["GET"]}}],"collection":[{"href":"https:\/\/www.utrera.org\/en\/wp-json\/wp\/v2\/pages"}],"about":[{"href":"https:\/\/www.utrera.org\/en\/wp-json\/wp\/v2\/types\/page"}],"author":[{"embeddable":true,"href":"https:\/\/www.utrera.org\/en\/wp-json\/wp\/v2\/users\/2"}],"replies":[{"embeddable":true,"href":"https:\/\/www.utrera.org\/en\/wp-json\/wp\/v2\/comments?post=2425"}],"version-history":[{"count":0,"href":"https:\/\/www.utrera.org\/en\/wp-json\/wp\/v2\/pages\/2425\/revisions"}],"wp:attachment":[{"href":"https:\/\/www.utrera.org\/en\/wp-json\/wp\/v2\/media?parent=2425"}],"curies":[{"name":"wp","href":"https:\/\/api.w.org\/{rel}","templated":true}]}}