{"id":20310,"date":"2019-06-03T12:14:17","date_gmt":"2019-06-03T11:14:17","guid":{"rendered":"https:\/\/www.utrera.org\/?page_id=20310"},"modified":"2019-07-03T08:27:49","modified_gmt":"2019-07-03T07:27:49","slug":"programa-viajes-a-la-playa-2019","status":"publish","type":"page","link":"https:\/\/www.utrera.org\/en\/programa-viajes-a-la-playa-2019\/","title":{"rendered":"Programa \u00abViajes a la playa 2019\u00bb"},"content":{"rendered":"<p><a href=\"https:\/\/www.utrera.org\/wp-content\/uploads\/2019\/06\/Cartel-programa-viajemos-a-la-playa-2019-recorte.jpg\"><img loading=\"lazy\" decoding=\"async\" class=\"size-full wp-image-20317 aligncenter\" src=\"https:\/\/www.utrera.org\/wp-content\/uploads\/2019\/06\/Cartel-programa-viajemos-a-la-playa-2019-recorte.jpg\" alt=\"\" width=\"571\" height=\"423\" srcset=\"https:\/\/www.utrera.org\/wp-content\/uploads\/2019\/06\/Cartel-programa-viajemos-a-la-playa-2019-recorte.jpg 571w, https:\/\/www.utrera.org\/wp-content\/uploads\/2019\/06\/Cartel-programa-viajemos-a-la-playa-2019-recorte-300x222.jpg 300w\" sizes=\"auto, (max-width: 571px) 100vw, 571px\" \/><\/a><\/p>\n<h3><\/h3>\n<h3 style=\"text-align: center;\"><strong>PROGRAMA \u00abVIAJES A LA PLAYA 2019\u00bb<\/strong><\/h3>\n<p>&nbsp;<\/p>\n<ul>\n<li style=\"text-align: justify;\"><b>DESCRIPCI\u00d3N DE LA ACTIVIDAD:<\/b><u><\/u><u><\/u><\/li>\n<\/ul>\n<p style=\"text-align: justify;\">Viajes en autob\u00fas de inter\u00e9s tur\u00edstico y ocio por las playas de C\u00e1diz.<u><\/u><u><\/u><\/p>\n<ul style=\"text-align: justify;\">\n<li><b>PARTICIPANTES:<\/b><u><\/u><u><\/u><\/li>\n<\/ul>\n<p style=\"text-align: justify;\">Con car\u00e1cter general, est\u00e1 dirigida a los ciudadanos de la Ciudad que tengan su residencia en el t\u00e9rmino municipal de Utrera, extremo que ser\u00e1 comprobado. Los menores de 16 a\u00f1os que participen tendr\u00e1n que acudir acompa\u00f1ados de un mayor de edad y necesitar\u00e1n el consentimiento expreso de padres, tutores o personas que lo tengan en acogida; as\u00ed como fotocopia del documento nacional de identidad del representante del menor o equivalente.<u><\/u><u><\/u><\/p>\n<p style=\"text-align: justify;\">Podr\u00e1 solicitar la participaci\u00f3n en esta actividad de forma individual o en grupo (el n\u00famero m\u00e1ximo de personas por solicitud es de 6, debiendo firmar la solicitud todos los miembros), siendo ambas opciones excluyentes.<u><\/u><u><\/u><\/p>\n<p style=\"text-align: justify;\">Aquel solicitante que hay sido beneficiario de alg\u00fan otro programa similar de otra Delegaci\u00f3n no podr\u00e1 optar a una plaza del presente programa.<u><\/u><u><\/u><\/p>\n<p style=\"text-align: justify;\">La actividad no supone coste alguno para los participantes.<u><\/u><u><\/u><\/p>\n<ul style=\"text-align: justify;\">\n<li><b>N\u00daMERO DE PLAZAS DISPONIBLES:<\/b><u><\/u><u><\/u><\/li>\n<\/ul>\n<p style=\"text-align: justify;\">En cada viaje, se contar\u00e1 con al menos un autob\u00fas de 59 plazas, que podr\u00edan minorarse en caso de plazas para personas con movilidad reducida, cada uno con salida en los puntos indicados.<u><\/u><u><\/u><\/p>\n<ul style=\"text-align: justify;\">\n<li><b>D\u00cdAS DE CELEBRACI\u00d3N, HORARIO Y LUGAR DE CELEBRACI\u00d3N:<\/b><u><\/u><u><\/u><\/li>\n<\/ul>\n<p style=\"text-align: justify;\">El calendario de viajes es el siguiente:<u><\/u><u><\/u><\/p>\n<p style=\"text-align: justify;\">&#8211;<strong>Rota<\/strong>: salida el<strong> 17 de julio<\/strong>, un autob\u00fas desde Estaci\u00f3n de Autobuses (Protecci\u00f3n Civil). Hora de salida: 9:00 Hs. Hora de vuelta como m\u00e1ximo: 19&#8217;30 hs (salida desde la playa)<u><\/u><u><\/u><\/p>\n<p style=\"text-align: justify;\">&#8211;<strong>Chiclana<\/strong>, salida el <strong>31 de julio<\/strong>, un autob\u00fas desde la Estaci\u00f3n de Autobuses (Protecci\u00f3n Civil). Hora de salida: 9:00 Hs. Hora de vuelta: 19&#8217;30 hs (salida desde la playa)<u><\/u><u><\/u><\/p>\n<p style=\"text-align: justify;\">&#8211;<strong>Conil de la Frontera<\/strong>, salida el<strong> 7 de agosto<\/strong>, un autob\u00fas desde Estaci\u00f3n de Autobuses (Protecci\u00f3n Civil). Hora de salida: 9:00 Hs. Hora de vuelta como m\u00e1ximo: 19&#8217;30 hs (salida desde la playa)<u><\/u><u><\/u><\/p>\n<p style=\"text-align: justify;\">&#8211;\u00a0<strong>C\u00e1diz, Playa Victoria<\/strong>, salida el <strong>21 de agosto<\/strong>, un autob\u00fas Estaci\u00f3n de Autobuses (Protecci\u00f3n Civil). Hora de salida: 9:00 Hs. . Hora de vuelta como m\u00e1ximo: 19&#8217;30 hs (salida desde la playa)<u><\/u><u><\/u><\/p>\n<p style=\"text-align: justify;\">No obstante se podr\u00e1n modificar los d\u00edas de celebraci\u00f3n de la actividad por causa de fuerza mayor o cualquier otra circunstancia que impida el normal desarrollo de la actividad prevista en tales fechas, y no haya podido preverse con anterioridad o destino.<u><\/u><u><\/u><\/p>\n<ul style=\"text-align: justify;\">\n<li><b>APERTURA DEL PLAZO DE PRESENTACI\u00d3N DE SOLICITUDES:<\/b><u><\/u><u><\/u><\/li>\n<\/ul>\n<p style=\"text-align: justify;\">Se abrir\u00e1 el <strong>plazo de presentaci\u00f3n de solicitudes desde el d\u00eda 3 al 21 de junio de 2019<\/strong>, ambos inclusive. Si en dicho periodo no se cubriese todas las plazas ofertadas, se ampliar\u00e1 por el tiempo que se considere necesario para completar las mismas.<u><\/u><u><\/u><\/p>\n<ul style=\"text-align: justify;\">\n<li><b>LUGAR DE PRESENTACI\u00d3N:<\/b><u><\/u><u><\/u><\/li>\n<\/ul>\n<p style=\"text-align: justify;\">Las solicitudes deber\u00e1n presentarse en el Servicio de Atenci\u00f3n al Ciudadano del Ayuntamiento de Utrera (Registro General de Entrada), sito en Plaza de Gibaxa 1, en horario de 08:30 a 18:30 horas, de lunes a viernes.<u><\/u><u><\/u><\/p>\n<ul style=\"text-align: justify;\">\n<li><b>DOCUMENTACI\u00d3N A PRESENTAR<\/b><u><\/u><u><\/u><\/li>\n<\/ul>\n<p style=\"text-align: justify;\">1. Solicitud.<u><\/u><u><\/u><\/p>\n<p style=\"text-align: justify;\">2. En caso de menores, fotocopia del documento nacional de identidad del padre, madre o representante legal del menor en vigor, o documento que lo sustituya (pasaporte\/tarjeta de residencia) junto con el consentimiento expreso.<u><\/u><u><\/u><\/p>\n<p style=\"text-align: justify;\">La presentaci\u00f3n de la solicitud conlleva la autorizaci\u00f3n al \u00f3rgano gestor, para consulta el Padr\u00f3n municipal as\u00ed como la aceptaci\u00f3n \u00edntegra de las normas que rigen la presente convocatoria.<u><\/u><u><\/u><\/p>\n<ul style=\"text-align: justify;\">\n<li><b>PROCEDIMIENTO DE SELECCI\u00d3N DE PARTICIPANTES<\/b><u><\/u><u><\/u><\/li>\n<\/ul>\n<p style=\"text-align: justify;\">Las plazas para participar en las actividades se adjudicar\u00e1n mediante sorteo p\u00fablico que se celebrar\u00e1 el d\u00eda 1 de julio de 2019.<u><\/u><u><\/u><\/p>\n<p style=\"text-align: justify;\">Si alguna persona no cumpliese con los requisitos establecidos en las presentes bases, ser\u00e1 excluida. La resoluci\u00f3n denegatoria ser\u00e1 motivada y ser\u00e1 notificada por la Delegaci\u00f3n de Participaci\u00f3n Ciudadana al\/a los interesado\/s de conformidad con el art\u00edculo 45 b), de la Ley 39\/2015, de 1 de octubre, del Procedimiento Administrativo Com\u00fan de las Administraciones P\u00fablicas a trav\u00e9s del tabl\u00f3n de anuncios del Ayuntamiento, sito en Plaza de Gibaxa n\u00famero 1. Al mismo tiempo, dicha resoluci\u00f3n se publicar\u00e1 en la web municipal.<u><\/u><u><\/u><\/p>\n<p style=\"text-align: justify;\">Si dicha persona figurara en una solicitud colectiva, el resto de miembros que cumpliesen los requisitos se tendr\u00e1n en cuenta a la hora de adjudicar las plazas.<u><\/u><u><\/u><\/p>\n<p style=\"text-align: justify;\">Los solicitantes que no resulten beneficiarios en el sorteo, y cumpliesen los requisitos, constituir\u00e1n la lista de reserva, en el mismo orden y prelaci\u00f3n.<u><\/u><u><\/u><\/p>\n<p style=\"text-align: justify;\">El Ayuntamiento no dispondr\u00e1 de personal de asistencia en el viaje.<u><\/u><u><\/u><\/p>\n<p style=\"text-align: justify;\">Aquellas personas que obtengan plaza para el viaje y no asista al mismo sin causa justificada, quedar\u00e1 excluidas de los siguientes viajes que se puedan realizar en el a\u00f1o.<u><\/u><u><\/u><\/p>\n<p style=\"text-align: justify;\">En el tabl\u00f3n de anuncios del Ayuntamiento, se expondr\u00e1n las listas de los beneficiarios de las plazas, as\u00ed como en la web municipal para general conocimiento.<u><\/u><u><\/u><\/p>\n<p style=\"font-weight: 400;\"><span style=\"color: #c34e5c;\"><a style=\"color: #c34e5c;\" href=\"https:\/\/www.utrera.org\/wp-content\/uploads\/2019\/06\/Bases-Programa-Viajemos-a-la-Playa-2019-FIRMADA.pdf\" target=\"_blank\" rel=\"noopener\"><u>Des<\/u><u>cargar bases<\/u><\/a><\/span><\/p>\n<p style=\"font-weight: 400;\"><span style=\"color: #c34e5c;\"><a style=\"color: #c34e5c;\" href=\"https:\/\/www.utrera.org\/wp-content\/uploads\/2019\/06\/Modelo-solicitud-PVP-2019.odt\" target=\"_blank\" rel=\"noopener\"><u>Descargar solicitud<\/u><\/a><\/span><\/p>\n<p style=\"font-weight: 400;\"><span style=\"color: #c34e5c;\"><a style=\"color: #c34e5c;\" href=\"https:\/\/www.utrera.org\/wp-content\/uploads\/2019\/06\/Modelo-autorizacion-menores-PVP-2019.odt\" target=\"_blank\" rel=\"noopener\"><u>Descargar autorizaci\u00f3n menores<\/u><\/a><\/span><\/p>\n<p style=\"font-weight: 400; text-align: center;\"><strong><u>ANUNCIO<\/u><\/strong><\/p>\n<p style=\"font-weight: 400;\">Terminado el plazo de presentaci\u00f3n de solicitudes del Programa \u201cViajemos a la playa 2019\u201d, organizado por la Delegaci\u00f3n de Participaci\u00f3n Ciudadana, se expone a continuaci\u00f3n el listado de las personas admitidas y denegadas para su consulta.<\/p>\n<p style=\"font-weight: 400;\">Se comunica que el pr\u00f3ximo d\u00eda 2 de julio de 2019, a las 13&#8217;00 horas, en el Sal\u00f3n de Plenos, se efectuar\u00e1 el sorteo para elegir el n\u00famero de solicitud a partir del cual empezar\u00e1 a adjudicarse las plazas del programa.<\/p>\n<p style=\"font-weight: 400;\">Lo que le comunico para su conocimiento y efectos oportunos.<\/p>\n<p style=\"font-weight: 400;\">En Utrera, a la fecha indicada en el pie de firma del presente documento.-\u00a0<strong>EL ALCALDE-PRESIDENTE.- Fdo.: Jos\u00e9 Mar\u00eda Villalobos Ramos.-<\/strong><\/p>\n<p>&nbsp;<\/p>\n<p style=\"font-weight: 400;\"><span style=\"color: #c34e5c;\"><a style=\"color: #c34e5c;\" href=\"https:\/\/www.utrera.org\/wp-content\/uploads\/2019\/06\/Listado-solicitudes-viajemos-playa-2019-FIRMADO.pdf\" target=\"_blank\" rel=\"noopener\">Descargar Listado <span style=\"color: #c34e5c;\">admitidos-denegados<\/span> Programa<\/a><\/span><\/p>\n<p>&nbsp;<\/p>\n<p style=\"text-align: justify;\"><span style=\"text-decoration: underline;\"><strong>ANUNCIO<\/strong><\/span><\/p>\n<p style=\"font-weight: 400; text-align: justify;\">Efectuado el sorteo para la adjudicaci\u00f3n de las plazas de las solicitudes admitidas en el programa \u201cViajemos a la playa 2019\u201d, en el Sal\u00f3n de Plenos de la Casa Consistorial, a las 13&#8217;00 h. con la presencia del Sr. Tte. de Alcalde del \u00c1rea de Movilidad, Seguridad Ciudadana, Participaci\u00f3n y Solidaridad, D\u00ba Jos\u00e9 Manuel Doblado Lara (Por Decreto de Alcald\u00eda de 28\/06\/2019), actuando de secretario, por delegaci\u00f3n del Secretario General, D\u00ba Jos\u00e9 Vargas Cruz, ha arrojado el siguiente resultado:<\/p>\n<p style=\"font-weight: 400; text-align: justify;\">N\u00ba de solicitud a partir del cual se empezar\u00e1 a adjudicar las plazas del programa \u201cViajemos a la Playa 2019\u201d ha sido el\u00a0<strong><u>111<\/u><\/strong>.<\/p>\n<p style=\"font-weight: 400; text-align: justify;\">A partir de este momento se llamar\u00e1 a los solicitantes cuyo n\u00famero sea del 111, inclusive, en adelante, para cubrir las plazas del programa.<\/p>\n<p style=\"font-weight: 400; text-align: justify;\">Lo que le comunico para su conocimiento y efectos oportunos.<\/p>\n<p style=\"font-weight: 400; text-align: justify;\">En Utrera, a la fecha indicada en el pie de firma del presente escrito.-\u00a0<strong>EL TTE. DE ALCALDE DEL \u00c1REA DE MOVILIDAD, SEGURIDAD CIUDADANA, PARTICIPACI\u00d3N Y SOLIDARIDAD.- D\u00ba Jos\u00e9 Manuel Doblado Lara.- (Por Decreto de Alcald\u00eda de 28\/06\/2019).-<\/strong><\/p>\n<p style=\"font-weight: 400; text-align: justify;\">\n<p style=\"font-weight: 400; text-align: justify;\"><span style=\"color: #c34e5c;\"><a style=\"color: #c34e5c;\" href=\"https:\/\/www.utrera.org\/wp-content\/uploads\/2019\/07\/Anuncio-sorteo-plazas-playa-2019-FIRMADO.pdf\" target=\"_blank\" rel=\"noopener\">Descargar anuncio.<\/a><\/span><\/p>","protected":false},"excerpt":{"rendered":"<p>PROGRAMA \u00abVIAJES A LA PLAYA 2019\u00bb &nbsp; DESCRIPCI\u00d3N DE LA ACTIVIDAD: Viajes en autob\u00fas de inter\u00e9s tur\u00edstico y ocio por las playas de C\u00e1diz. PARTICIPANTES: Con car\u00e1cter general, est\u00e1 dirigida a los ciudadanos de la Ciudad que tengan su residencia en el t\u00e9rmino municipal de Utrera, extremo que ser\u00e1 comprobado. Los menores de 16 a\u00f1os [&hellip;]<\/p>\n","protected":false},"author":10,"featured_media":0,"parent":0,"menu_order":0,"comment_status":"closed","ping_status":"closed","template":"","meta":{"_et_pb_use_builder":"","_et_pb_old_content":"","_et_gb_content_width":"","footnotes":""},"class_list":["post-20310","page","type-page","status-publish","hentry"],"yoast_head":"<!-- This site is optimized with the Yoast SEO plugin v27.3 - https:\/\/yoast.com\/product\/yoast-seo-wordpress\/ -->\n<title>Programa &quot;Viajes a la playa 2019&quot; - Ayuntamiento de Utrera<\/title>\n<meta name=\"robots\" content=\"index, follow, max-snippet:-1, max-image-preview:large, max-video-preview:-1\" \/>\n<link rel=\"canonical\" href=\"https:\/\/www.utrera.org\/en\/programa-viajes-a-la-playa-2019\/\" \/>\n<meta property=\"og:locale\" content=\"en_GB\" \/>\n<meta property=\"og:type\" content=\"article\" \/>\n<meta property=\"og:title\" content=\"Programa &quot;Viajes a la playa 2019&quot; - Ayuntamiento de Utrera\" \/>\n<meta property=\"og:description\" content=\"PROGRAMA \u00abVIAJES A LA PLAYA 2019\u00bb &nbsp; DESCRIPCI\u00d3N DE LA ACTIVIDAD: Viajes en autob\u00fas de inter\u00e9s tur\u00edstico y ocio por las playas de C\u00e1diz. PARTICIPANTES: Con car\u00e1cter general, est\u00e1 dirigida a los ciudadanos de la Ciudad que tengan su residencia en el t\u00e9rmino municipal de Utrera, extremo que ser\u00e1 comprobado. Los menores de 16 a\u00f1os [&hellip;]\" \/>\n<meta property=\"og:url\" content=\"https:\/\/www.utrera.org\/en\/programa-viajes-a-la-playa-2019\/\" \/>\n<meta property=\"og:site_name\" content=\"Ayuntamiento de Utrera\" \/>\n<meta property=\"article:publisher\" content=\"https:\/\/www.facebook.com\/AyuntamientodeUtrera\/\" \/>\n<meta property=\"article:modified_time\" content=\"2019-07-03T07:27:49+00:00\" \/>\n<meta property=\"og:image\" content=\"https:\/\/www.utrera.org\/wp-content\/uploads\/2019\/06\/Cartel-programa-viajemos-a-la-playa-2019-recorte.jpg\" \/>\n<meta name=\"twitter:card\" content=\"summary_large_image\" \/>\n<meta name=\"twitter:site\" content=\"@CiudadUtrera\" \/>\n<meta name=\"twitter:label1\" content=\"Est. reading time\" \/>\n\t<meta name=\"twitter:data1\" content=\"6 minutes\" \/>\n<script type=\"application\/ld+json\" class=\"yoast-schema-graph\">{\"@context\":\"https:\\\/\\\/schema.org\",\"@graph\":[{\"@type\":\"WebPage\",\"@id\":\"https:\\\/\\\/www.utrera.org\\\/programa-viajes-a-la-playa-2019\\\/\",\"url\":\"https:\\\/\\\/www.utrera.org\\\/programa-viajes-a-la-playa-2019\\\/\",\"name\":\"Programa \\\"Viajes a la playa 2019\\\" - Ayuntamiento de Utrera\",\"isPartOf\":{\"@id\":\"https:\\\/\\\/www.utrera.org\\\/#website\"},\"primaryImageOfPage\":{\"@id\":\"https:\\\/\\\/www.utrera.org\\\/programa-viajes-a-la-playa-2019\\\/#primaryimage\"},\"image\":{\"@id\":\"https:\\\/\\\/www.utrera.org\\\/programa-viajes-a-la-playa-2019\\\/#primaryimage\"},\"thumbnailUrl\":\"http:\\\/\\\/www.utrera.org\\\/wp-content\\\/uploads\\\/2019\\\/06\\\/Cartel-programa-viajemos-a-la-playa-2019-recorte.jpg\",\"datePublished\":\"2019-06-03T11:14:17+00:00\",\"dateModified\":\"2019-07-03T07:27:49+00:00\",\"breadcrumb\":{\"@id\":\"https:\\\/\\\/www.utrera.org\\\/programa-viajes-a-la-playa-2019\\\/#breadcrumb\"},\"inLanguage\":\"en-GB\",\"potentialAction\":[{\"@type\":\"ReadAction\",\"target\":[\"https:\\\/\\\/www.utrera.org\\\/programa-viajes-a-la-playa-2019\\\/\"]}]},{\"@type\":\"ImageObject\",\"inLanguage\":\"en-GB\",\"@id\":\"https:\\\/\\\/www.utrera.org\\\/programa-viajes-a-la-playa-2019\\\/#primaryimage\",\"url\":\"http:\\\/\\\/www.utrera.org\\\/wp-content\\\/uploads\\\/2019\\\/06\\\/Cartel-programa-viajemos-a-la-playa-2019-recorte.jpg\",\"contentUrl\":\"http:\\\/\\\/www.utrera.org\\\/wp-content\\\/uploads\\\/2019\\\/06\\\/Cartel-programa-viajemos-a-la-playa-2019-recorte.jpg\"},{\"@type\":\"BreadcrumbList\",\"@id\":\"https:\\\/\\\/www.utrera.org\\\/programa-viajes-a-la-playa-2019\\\/#breadcrumb\",\"itemListElement\":[{\"@type\":\"ListItem\",\"position\":1,\"name\":\"Inicio\",\"item\":\"https:\\\/\\\/www.utrera.org\\\/\"},{\"@type\":\"ListItem\",\"position\":2,\"name\":\"Programa &#8220;Viajes a la playa 2019&#8221;\"}]},{\"@type\":\"WebSite\",\"@id\":\"https:\\\/\\\/www.utrera.org\\\/#website\",\"url\":\"https:\\\/\\\/www.utrera.org\\\/\",\"name\":\"Ayuntamiento de Utrera\",\"description\":\"Web Municipal del Ayuntamiento de Utrera\",\"potentialAction\":[{\"@type\":\"SearchAction\",\"target\":{\"@type\":\"EntryPoint\",\"urlTemplate\":\"https:\\\/\\\/www.utrera.org\\\/?s={search_term_string}\"},\"query-input\":{\"@type\":\"PropertyValueSpecification\",\"valueRequired\":true,\"valueName\":\"search_term_string\"}}],\"inLanguage\":\"en-GB\"}]}<\/script>\n<!-- \/ Yoast SEO plugin. -->","yoast_head_json":{"title":"Programa \"Viajes a la playa 2019\" - Ayuntamiento de Utrera","robots":{"index":"index","follow":"follow","max-snippet":"max-snippet:-1","max-image-preview":"max-image-preview:large","max-video-preview":"max-video-preview:-1"},"canonical":"https:\/\/www.utrera.org\/en\/programa-viajes-a-la-playa-2019\/","og_locale":"en_GB","og_type":"article","og_title":"Programa \"Viajes a la playa 2019\" - Ayuntamiento de Utrera","og_description":"PROGRAMA \u00abVIAJES A LA PLAYA 2019\u00bb &nbsp; DESCRIPCI\u00d3N DE LA ACTIVIDAD: Viajes en autob\u00fas de inter\u00e9s tur\u00edstico y ocio por las playas de C\u00e1diz. PARTICIPANTES: Con car\u00e1cter general, est\u00e1 dirigida a los ciudadanos de la Ciudad que tengan su residencia en el t\u00e9rmino municipal de Utrera, extremo que ser\u00e1 comprobado. Los menores de 16 a\u00f1os [&hellip;]","og_url":"https:\/\/www.utrera.org\/en\/programa-viajes-a-la-playa-2019\/","og_site_name":"Ayuntamiento de Utrera","article_publisher":"https:\/\/www.facebook.com\/AyuntamientodeUtrera\/","article_modified_time":"2019-07-03T07:27:49+00:00","og_image":[{"url":"https:\/\/www.utrera.org\/wp-content\/uploads\/2019\/06\/Cartel-programa-viajemos-a-la-playa-2019-recorte.jpg","type":"","width":"","height":""}],"twitter_card":"summary_large_image","twitter_site":"@CiudadUtrera","twitter_misc":{"Est. reading time":"6 minutes"},"schema":{"@context":"https:\/\/schema.org","@graph":[{"@type":"WebPage","@id":"https:\/\/www.utrera.org\/programa-viajes-a-la-playa-2019\/","url":"https:\/\/www.utrera.org\/programa-viajes-a-la-playa-2019\/","name":"Programa \"Viajes a la playa 2019\" - Ayuntamiento de Utrera","isPartOf":{"@id":"https:\/\/www.utrera.org\/#website"},"primaryImageOfPage":{"@id":"https:\/\/www.utrera.org\/programa-viajes-a-la-playa-2019\/#primaryimage"},"image":{"@id":"https:\/\/www.utrera.org\/programa-viajes-a-la-playa-2019\/#primaryimage"},"thumbnailUrl":"https:\/\/www.utrera.org\/wp-content\/uploads\/2019\/06\/Cartel-programa-viajemos-a-la-playa-2019-recorte.jpg","datePublished":"2019-06-03T11:14:17+00:00","dateModified":"2019-07-03T07:27:49+00:00","breadcrumb":{"@id":"https:\/\/www.utrera.org\/programa-viajes-a-la-playa-2019\/#breadcrumb"},"inLanguage":"en-GB","potentialAction":[{"@type":"ReadAction","target":["https:\/\/www.utrera.org\/programa-viajes-a-la-playa-2019\/"]}]},{"@type":"ImageObject","inLanguage":"en-GB","@id":"https:\/\/www.utrera.org\/programa-viajes-a-la-playa-2019\/#primaryimage","url":"https:\/\/www.utrera.org\/wp-content\/uploads\/2019\/06\/Cartel-programa-viajemos-a-la-playa-2019-recorte.jpg","contentUrl":"https:\/\/www.utrera.org\/wp-content\/uploads\/2019\/06\/Cartel-programa-viajemos-a-la-playa-2019-recorte.jpg"},{"@type":"BreadcrumbList","@id":"https:\/\/www.utrera.org\/programa-viajes-a-la-playa-2019\/#breadcrumb","itemListElement":[{"@type":"ListItem","position":1,"name":"Inicio","item":"https:\/\/www.utrera.org\/"},{"@type":"ListItem","position":2,"name":"Programa &#8220;Viajes a la playa 2019&#8221;"}]},{"@type":"WebSite","@id":"https:\/\/www.utrera.org\/#website","url":"https:\/\/www.utrera.org\/","name":"City Council of Utrera","description":"Web Municipal del Ayuntamiento de Utrera","potentialAction":[{"@type":"SearchAction","target":{"@type":"EntryPoint","urlTemplate":"https:\/\/www.utrera.org\/?s={search_term_string}"},"query-input":{"@type":"PropertyValueSpecification","valueRequired":true,"valueName":"search_term_string"}}],"inLanguage":"en-GB"}]}},"_links":{"self":[{"href":"https:\/\/www.utrera.org\/en\/wp-json\/wp\/v2\/pages\/20310","targetHints":{"allow":["GET"]}}],"collection":[{"href":"https:\/\/www.utrera.org\/en\/wp-json\/wp\/v2\/pages"}],"about":[{"href":"https:\/\/www.utrera.org\/en\/wp-json\/wp\/v2\/types\/page"}],"author":[{"embeddable":true,"href":"https:\/\/www.utrera.org\/en\/wp-json\/wp\/v2\/users\/10"}],"replies":[{"embeddable":true,"href":"https:\/\/www.utrera.org\/en\/wp-json\/wp\/v2\/comments?post=20310"}],"version-history":[{"count":0,"href":"https:\/\/www.utrera.org\/en\/wp-json\/wp\/v2\/pages\/20310\/revisions"}],"wp:attachment":[{"href":"https:\/\/www.utrera.org\/en\/wp-json\/wp\/v2\/media?parent=20310"}],"curies":[{"name":"wp","href":"https:\/\/api.w.org\/{rel}","templated":true}]}}