{"id":20222,"date":"2019-05-29T10:09:31","date_gmt":"2019-05-29T09:09:31","guid":{"rendered":"https:\/\/www.utrera.org\/?page_id=20222"},"modified":"2019-05-30T07:53:13","modified_gmt":"2019-05-30T06:53:13","slug":"el-castillo-de-utrera","status":"publish","type":"page","link":"https:\/\/www.utrera.org\/en\/el-castillo-de-utrera\/","title":{"rendered":"Castillo de Utrera (Utrera's castle)"},"content":{"rendered":"[et_pb_section bb_built=\u00bb1&#8243;][et_pb_row][et_pb_column type=\u00bb4_4&#8243;][et_pb_text _builder_version=\u00bb3.0.92&#8243; background_layout=\u00bblight\u00bb]\n<h1>Agenda Castillo de Utrera<\/h1>\n[\/et_pb_text][\/et_pb_column][\/et_pb_row][et_pb_row][et_pb_column type=\u00bb4_4&#8243;][et_pb_text _builder_version=\u00bb3.0.92&#8243; background_layout=\u00bblight\u00bb]\n<!-- EventON Calendar --><div id='evcal_calendar_483' class='ajde_evcal_calendar sev cev color esty_2 ajax_loading_cal' ><div id='evcal_head' class='calendar_header ' ><div class='evo_cal_above'><span class='evo-gototoday-btn' style='display:none' data-mo='4' data-yr='2026' data-dy=''>Mes actual<\/span><\/div><div class='evo_cal_above_content'><\/div><div class='evo_header_title '><p id='evcal_cur' class='evo_month_title'> abril, 2026<\/p><p class='evo_arrows'><span id='evcal_prev' class='evcal_arrows evcal_btn_prev' ><\/span><span id='evcal_next' class='evcal_arrows evo_arrow_next evcal_btn_next' ><\/span><\/p><\/div><\/div><div id='eventon_loadbar_section'><div id='eventon_loadbar'><\/div><\/div><div class='evo_ajax_load_events'><span><\/span><span><\/span><span><\/span><\/div><!-- Events List --><div id='evcal_list' \r\n\t\t\t\t\tclass='eventon_events_list '>\t\t\t<div class='clear'><\/div>\r\n\t\t\t<\/div>\r\n\t\t\t<div class='clear'><\/div>\r\n\t\t\t\t\t \t<div id='evcal_footer' class='evo_bottom' style='display:none'>\r\n\t\t \t\t<div class='evo_cal_data'  data-sc='{\"accord\":\"no\",\"bottom_nav\":\"no\",\"cal_id\":\"\",\"cal_init_nonajax\":\"no\",\"calendar_type\":\"default\",\"ep_fields\":\"\",\"etc_override\":\"no\",\"evc_open\":\"no\",\"event_count\":0,\"event_location\":\"all\",\"event_order\":\"ASC\",\"event_organizer\":\"all\",\"event_parts\":\"no\",\"event_past_future\":\"all\",\"event_status\":\"all\",\"event_tag\":\"all\",\"event_type\":\"all\",\"event_type_2\":\"7551\",\"event_type_3\":\"all\",\"event_type_4\":\"all\",\"event_type_5\":\"all\",\"event_virtual\":\"all\",\"eventtop_date_style\":0,\"eventtop_style\":\"2\",\"exp_jumper\":\"no\",\"exp_so\":\"no\",\"filter_relationship\":\"AND\",\"filter_show_set_only\":\"no\",\"filter_type\":\"default\",\"filters\":\"yes\",\"fixed_month\":\"4\",\"fixed_year\":\"2026\",\"focus_end_date_range\":\"1777593599\",\"focus_start_date_range\":\"1775001600\",\"ft_event_priority\":\"no\",\"hide_arrows\":\"no\",\"hide_cancels\":\"no\",\"hide_empty_months\":\"no\",\"hide_end_time\":\"no\",\"hide_et_dn\":\"no\",\"hide_et_extra\":\"no\",\"hide_et_tags\":\"no\",\"hide_et_tl\":\"no\",\"hide_ft\":\"no\",\"hide_ft_img\":\"no\",\"hide_month_headers\":\"no\",\"hide_mult_occur\":\"no\",\"hide_past\":\"no\",\"hide_past_by\":\"ee\",\"hide_so\":\"no\",\"ics\":\"no\",\"jumper\":\"no\",\"jumper_count\":5,\"jumper_offset\":\"0\",\"lang\":\"L1\",\"layout_changer\":\"no\",\"livenow_bar\":\"yes\",\"mapformat\":\"roadmap\",\"mapiconurl\":\"\",\"maps_load\":\"yes\",\"mapscroll\":\"true\",\"mapzoom\":\"18\",\"members_only\":\"no\",\"ml_priority\":\"no\",\"month_incre\":0,\"number_of_months\":\"1\",\"only_ft\":\"no\",\"pec\":\"\",\"rss\":\"no\",\"s\":\"\",\"search\":\"\",\"search_all\":\"no\",\"sep_month\":\"no\",\"show_et_ft_img\":\"no\",\"show_limit\":\"no\",\"show_limit_ajax\":\"no\",\"show_limit_paged\":1,\"show_limit_redir\":\"\",\"show_repeats\":\"no\",\"show_upcoming\":0,\"show_year\":\"no\",\"social_share\":\"no\",\"sort_by\":\"sort_date\",\"tile_bg\":\"1\",\"tile_bg_size\":\"full\",\"tile_count\":\"4\",\"tile_height\":\"250\",\"tile_style\":0,\"tiles\":\"no\",\"ux_val\":\"0\",\"view_switcher\":\"no\",\"wpml_l1\":\"\",\"wpml_l2\":\"\",\"wpml_l3\":\"\",\"yl_priority\":\"no\",\"fixed_day\":\"3\",\"_cver\":\"4.4.2\"}' data-od='{\"lang_no_events\":\"No hay eventos\"}'><\/div>\r\n\t\t \t\t<div class='evo_cal_events' data-events=\"\"><\/div>\r\n\t\t \t<\/div>\r\n\t\t\t\t\r\n\t\t\t\r\n\t\t\t\t\t\t<\/div><!-- EventON End -->\r\n\t\t\t\n[\/et_pb_text][\/et_pb_column][\/et_pb_row][et_pb_row][et_pb_column type=\u00bb4_4&#8243;][et_pb_image _builder_version=\u00bb3.0.92&#8243; src=\u00bbhttps:\/\/www.utrera.org\/wp-content\/uploads\/2019\/05\/Castillo-de-Utrera-01.png\u00bb show_in_lightbox=\u00bbon\u00bb url_new_window=\u00bboff\u00bb use_overlay=\u00bboff\u00bb always_center_on_mobile=\u00bbon\u00bb force_fullwidth=\u00bboff\u00bb show_bottom_space=\u00bbon\u00bb \/][\/et_pb_column][\/et_pb_row][et_pb_row][et_pb_column type=\u00bb4_4&#8243;][et_pb_image _builder_version=\u00bb3.0.92&#8243; src=\u00bbhttps:\/\/www.utrera.org\/wp-content\/uploads\/2019\/05\/Castillo-de-Utrera-02.png\u00bb show_in_lightbox=\u00bbon\u00bb url_new_window=\u00bboff\u00bb use_overlay=\u00bboff\u00bb always_center_on_mobile=\u00bbon\u00bb force_fullwidth=\u00bboff\u00bb show_bottom_space=\u00bbon\u00bb \/][\/et_pb_column][\/et_pb_row][\/et_pb_section]\n","protected":false},"excerpt":{"rendered":"<p><div class=\"et_pb_row et_pb_row_0 et_pb_row_empty\">\n\t\t\t\t\n\t\t\t\t\n\t\t\t\t\n\t\t\t\t\n\t\t\t\t\n\t\t\t<\/div> UTRERA'S CASTLE AGENDA <div class=\"et_pb_row et_pb_row_1 et_pb_row_empty\">\n\t\t\t\t\n\t\t\t\t\n\t\t\t\t\n\t\t\t\t\n\t\t\t\t\n\t\t\t<\/div> <!-- EventON Calendar --><div id='evcal_calendar_543' class='ajde_evcal_calendar sev cev color esty_2 ajax_loading_cal' ><div id='evcal_head' class='calendar_header' ><div class='evo_cal_above'><span class='evo-gototoday-btn' style='display:none' data-mo='4' data-yr='2026' data-dy=''>Current month<\/span><\/div><div class='evo_cal_above_content'><\/div><div class='evo_header_title'><p id='evcal_cur' class='evo_month_title'> april, 2026<\/p><p class='evo_arrows'><span id='evcal_prev' class='evcal_arrows evcal_btn_prev' ><\/span><span id='evcal_next' class='evcal_arrows evo_arrow_next evcal_btn_next' ><\/span><\/p><\/div><\/div><div id='eventon_loadbar_section'><div id='eventon_loadbar'><\/div><\/div><div class='evo_ajax_load_events'><span><\/span><span><\/span><span><\/span><\/div><!-- Events List --><div id='evcal_list' \r\n\t\t\t\t\tclass='eventon_events_list'>\t\t\t<div class='clear'><\/div>\r\n\t\t\t<\/div>\r\n\t\t\t<div class='clear'><\/div>\r\n\t\t\t\t\t \t<div id='evcal_footer' class='evo_bottom' style='display:none'>\r\n\t\t \t\t<div class='evo_cal_data'  data-sc='{\"accord\":\"no\",\"bottom_nav\":\"no\",\"cal_id\":\"\",\"cal_init_nonajax\":\"no\",\"calendar_type\":\"default\",\"ep_fields\":\"\",\"etc_override\":\"no\",\"evc_open\":\"no\",\"event_count\":0,\"event_location\":\"all\",\"event_order\":\"ASC\",\"event_organizer\":\"all\",\"event_parts\":\"no\",\"event_past_future\":\"all\",\"event_status\":\"all\",\"event_tag\":\"all\",\"event_type\":\"all\",\"event_type_2\":\"7551\",\"event_type_3\":\"all\",\"event_type_4\":\"all\",\"event_type_5\":\"all\",\"event_virtual\":\"all\",\"eventtop_date_style\":0,\"eventtop_style\":\"2\",\"exp_jumper\":\"no\",\"exp_so\":\"no\",\"filter_relationship\":\"AND\",\"filter_show_set_only\":\"no\",\"filter_type\":\"default\",\"filters\":\"yes\",\"fixed_month\":\"4\",\"fixed_year\":\"2026\",\"focus_end_date_range\":\"1777593599\",\"focus_start_date_range\":\"1775001600\",\"ft_event_priority\":\"no\",\"hide_arrows\":\"no\",\"hide_cancels\":\"no\",\"hide_empty_months\":\"no\",\"hide_end_time\":\"no\",\"hide_et_dn\":\"no\",\"hide_et_extra\":\"no\",\"hide_et_tags\":\"no\",\"hide_et_tl\":\"no\",\"hide_ft\":\"no\",\"hide_ft_img\":\"no\",\"hide_month_headers\":\"no\",\"hide_mult_occur\":\"no\",\"hide_past\":\"no\",\"hide_past_by\":\"ee\",\"hide_so\":\"no\",\"ics\":\"no\",\"jumper\":\"no\",\"jumper_count\":5,\"jumper_offset\":\"0\",\"lang\":\"L1\",\"layout_changer\":\"no\",\"livenow_bar\":\"yes\",\"mapformat\":\"roadmap\",\"mapiconurl\":\"\",\"maps_load\":\"yes\",\"mapscroll\":\"true\",\"mapzoom\":\"18\",\"members_only\":\"no\",\"ml_priority\":\"no\",\"month_incre\":0,\"number_of_months\":\"1\",\"only_ft\":\"no\",\"pec\":\"\",\"rss\":\"no\",\"s\":\"\",\"search\":\"\",\"search_all\":\"no\",\"sep_month\":\"no\",\"show_et_ft_img\":\"no\",\"show_limit\":\"no\",\"show_limit_ajax\":\"no\",\"show_limit_paged\":1,\"show_limit_redir\":\"\",\"show_repeats\":\"no\",\"show_upcoming\":0,\"show_year\":\"no\",\"social_share\":\"no\",\"sort_by\":\"sort_date\",\"tile_bg\":\"1\",\"tile_bg_size\":\"full\",\"tile_count\":\"4\",\"tile_height\":\"250\",\"tile_style\":0,\"tiles\":\"no\",\"ux_val\":\"0\",\"view_switcher\":\"no\",\"wpml_l1\":\"\",\"wpml_l2\":\"\",\"wpml_l3\":\"\",\"yl_priority\":\"no\",\"fixed_day\":\"3\",\"_cver\":\"4.4.2\"}' data-od='{\"lang_no_events\":\"No hay eventos\"}'><\/div>\r\n\t\t \t\t<div class='evo_cal_events' data-events=\"\"><\/div>\r\n\t\t \t<\/div>\r\n\t\t\t\t\r\n\t\t\t\r\n\t\t\t\t\t\t<\/div><!-- EventON End -->\r\n\t\t\t <div class=\"et_pb_row et_pb_row_2 et_pb_row_empty\">\n\t\t\t\t\n\t\t\t\t\n\t\t\t\t\n\t\t\t\t\n\t\t\t\t\n\t\t\t<\/div><div class=\"et_pb_row et_pb_row_3 et_pb_row_empty\">\n\t\t\t\t\n\t\t\t\t\n\t\t\t\t\n\t\t\t\t\n\t\t\t\t\n\t\t\t<\/div><\/p>","protected":false},"author":10,"featured_media":0,"parent":0,"menu_order":0,"comment_status":"closed","ping_status":"closed","template":"","meta":{"_et_pb_use_builder":"on","_et_pb_old_content":"<p><i>Direcci\u00f3n:<\/i>\u00a0C\/ Rodrigo Caro, 3<br \/><i>Tel\u00e9fonos:<\/i>\u00a095 586 09 31<br \/><i>Fax:<\/i>\u00a095 586 20 56<br \/><i>Correo electr\u00f3nico:<\/i>\u00a0<a href=\"mailto:cultura@utrera.org\">cultura@utrera.org<\/a><br \/><i>Delegada de Cultura:<\/i>\u00a0Tamara Casal Hermoso<br \/><i>T\u00e9cnico:<\/i>\u00a0Rafael Arciniega Vela<br \/><i>Horario de Atenci\u00f3n al Ciudadano:<\/i>\u00a0de 9 h a 14 h y de 17 h. a 20 horas, de lunes a jueves - viernes de 9 h. a 14 h.<br \/><i>Horario de Apertura:<\/i>\u00a0de 9 h a 14 h y de 16'30 h. a 21'30 horas, de lunes a viernes.<br \/><i>Horario de Verano\u00a0<u>(del 14 de junio al 13 de septiembre)<\/u>:<\/i>\u00a0de 9 h a 14 h, de lunes a viernes.<\/p><p>\u00a0<\/p><p>La Casa de Cultura se encuentra en una antigua edificaci\u00f3n con restos que se remontan a los inicios del siglo XVI.<\/p><p>La historia reciente del edificio comienza el 24 de mayo de 1.984, fecha en que es adquirida por el Ayuntamiento. Las obras de restauraci\u00f3n y adaptaci\u00f3n arrancaron en la primavera de 1.988 y concluyeron el 17 de junio de 1.990.<\/p><p>La Casa de Cultura es un espacio abierto a la ciudadan\u00eda, donde se promueven, se programan y se realizan actividades de car\u00e1cter sociocultural. Es un lugar de reuni\u00f3n, esparcimiento e informaci\u00f3n Est\u00e1 abierta al p\u00fablico de 9 h a 14 h y de 16,30 h a 21,30 h., de lunes a viernes.<\/p><p>Desde su puesta en funcionamiento, est\u00e1 concebida como un equipamiento cultural de proximidad, como un lugar donde se llevan a cabo actividades de formaci\u00f3n, exhibici\u00f3n y producci\u00f3n de \"lenguajes creativos\".<\/p><p><i>\u00a0<\/i><\/p><p><b>AULAS DE FORMACI\u00d3N<\/b><\/p><p>Las aulas se desarrollan con car\u00e1cter continuo, coincidiendo su duraci\u00f3n con el a\u00f1o acad\u00e9mico, desde mitad de octubre a \u00faltimo de mayo.<\/p><p>Est\u00e1n orientadas a la promoci\u00f3n individual de los usuarios, encaminando su tiempo libre a actividades creativas.<\/p><p>Las clases, impartidas por especialistas en las distintas materias, tienen lugar los d\u00edas lectivos, de lunes a viernes, entre las 16,45 horas y las 21,15 horas, siguiendo el calendario escolar aprobado para nuestro municipio.<\/p><p>Los interesados deben matricularse durante el mes de septiembre de cada uno de los a\u00f1os.<\/p><p>Las personas matriculadas deben abonar una cantidad en concepto de matr\u00edcula, as\u00ed como, un importe mensual, establecido en la Ordenanza Fiscal Municipal n\u00ba 28.<\/p><p><a href=\"\/aulas-de-formacion\/\" target=\"_blank\" rel=\"noopener\">Ver m\u00e1s informaci\u00f3n sobre las Aulas<\/a><\/p><p>\u00a0<\/p><p><b>SALA DE EXPOSICIONES<\/b><\/p><p>La Sala de Exposiciones cuenta con la superficie \u00fatil de 220 m2 de configuraci\u00f3n variable seg\u00fan las necesidades del expositor. Ubicada en la planta baja de la Casa de Cultura, entrada principal, cuenta con 70 metros lineales de pared y de sistema de iluminaci\u00f3n.<\/p><p>El programa de exposiciones que realiza la Delegaci\u00f3n de Cultura suele tener dos fechas inamovibles en el a\u00f1o. La primera es el mes de mayo, cuando se lleva a cabo la exposici\u00f3n organizada con motivo del Certamen Nacional de Arte Contempor\u00e1neo \u201cCiudad de Utrera\u201d. La segunda, en el mes de junio, con la Muestra Fin de Curso de las Aulas Permanentes de la Casa de Cultura, inmediatamente despu\u00e9s de la clausura de la exposici\u00f3n del Certamen.<\/p><p>El resto del a\u00f1o y, generalmente, repartido en quincenas, la Sala de Exposiciones acoge muestras individuales de artistas que lo soliciten previamente, alternando con otras exposiciones que organiza la propia Delegaci\u00f3n de Cultura.<\/p><p><a title=\"CulNormasExposic\" href=\"\/wp-content\/uploads\/2018\/06\/CulNormasExposic.pdf\" target=\"_blank\" rel=\"noopener\">Normas para artistas pl\u00e1sticos que deseen realizar una exposici\u00f3n en la Sala de Exposiciones de la Casa de Cultura<\/a><\/p><p><a title=\"CulSolicExposic\" href=\"\/wp-content\/uploads\/2018\/06\/CulSolicExposic.pdf\" target=\"_blank\" rel=\"noopener\">Modelo de solicitud<\/a><\/p><p>\u00a0<\/p><p><b>SAL\u00d3N DE ACTOS \/ SALA DE CONFERENCIAS<\/b>\u00a0<b>\/ AULAS POLIVALENTES<\/b><\/p><p>La Casa de Cultura dispone de un Sal\u00f3n de Actos para una capacidad de 82 personas, sonorizado y dotado con sistema de proyecci\u00f3n, donde se realizan conferencias, presentaciones y cursos. Adem\u00e1s, la Casa de Cultura dispone de seis aulas polivalentes con distinta capacidad donde se realizan actividades, cursos y reuniones.<\/p><p>El Ayuntamiento de Utrera facilita la utilizaci\u00f3n de estas dependencias a asociaciones, centros educativos, entidades p\u00fablicas o privadas para la celebraci\u00f3n de actos culturales, siempre que este espacio no se utilice para fines lucrativos ni privados.<\/p><p><i>Horario de uso:<\/i>\u00a0De lunes a viernes, de 9 h a 14 h y de 17 h a 21 h, salvo festivos. (En verano s\u00f3lo horario de ma\u00f1ana).<\/p><p><a title=\"CulNormActos\" href=\"\/wp-content\/uploads\/2018\/06\/CulNormActos.pdf\" target=\"_blank\" rel=\"noopener\"><u><br \/>Normas para la utilizaci\u00f3n del Sal\u00f3n de Actos o Aulas Polivalentes de la Casa de Cultura<\/u><\/a><\/p><p><a title=\"CulSolicActos\" href=\"\/wp-content\/uploads\/2018\/06\/CulSolicActos.pdf\" target=\"_blank\" rel=\"noopener\">Modelo de solicitud<\/a><\/p><p><b>SUBVENCIONES<\/b><\/p><p>La Delegaci\u00f3n de Cultura se marca como objetivo primordial la realizaci\u00f3n y asentamiento de pol\u00edticas destinadas a consolidar la oferta de actividades culturales, apostando por programas que combinen repertorios tradicionales con la b\u00fasqueda de nuevos campos en las distintas disciplinas art\u00edsticas.<\/p><p>Para ello, la Delegaci\u00f3n de Cultura destina parte de sus recursos econ\u00f3micos al apoyo de asociaciones y entidades, sin \u00e1nimo de lucro, relacionadas con la cultura en sus distintas manifestaciones.<\/p><p>Para regular estas ayudas se aprueba y publica una convocatoria anual, mediante la que pueden materializar sus actividades y proyectos culturales, con el \u00e1nimo de ofrecer a la ciudadan\u00eda f\u00f3rmulas de participaci\u00f3n, que mejoren, complementen y enriquezcan la gesti\u00f3n y programaci\u00f3n de la propia Administraci\u00f3n.<\/p>","_et_gb_content_width":"","footnotes":""},"class_list":["post-20222","page","type-page","status-publish","hentry"],"yoast_head":"<!-- This site is optimized with the Yoast SEO plugin v27.3 - https:\/\/yoast.com\/product\/yoast-seo-wordpress\/ -->\n<title>Castillo de Utrera - Ayuntamiento de Utrera<\/title>\n<meta name=\"robots\" content=\"index, follow, max-snippet:-1, max-image-preview:large, max-video-preview:-1\" \/>\n<link rel=\"canonical\" href=\"https:\/\/www.utrera.org\/en\/el-castillo-de-utrera\/\" \/>\n<meta property=\"og:locale\" content=\"en_GB\" \/>\n<meta property=\"og:type\" content=\"article\" \/>\n<meta property=\"og:title\" content=\"Castillo de Utrera - Ayuntamiento de Utrera\" \/>\n<meta property=\"og:description\" content=\"Agenda Castillo de Utrera\" \/>\n<meta property=\"og:url\" content=\"https:\/\/www.utrera.org\/en\/el-castillo-de-utrera\/\" \/>\n<meta property=\"og:site_name\" content=\"Ayuntamiento de Utrera\" \/>\n<meta property=\"article:publisher\" content=\"https:\/\/www.facebook.com\/AyuntamientodeUtrera\/\" \/>\n<meta property=\"article:modified_time\" content=\"2019-05-30T06:53:13+00:00\" \/>\n<meta name=\"twitter:card\" content=\"summary_large_image\" \/>\n<meta name=\"twitter:site\" content=\"@CiudadUtrera\" \/>\n<meta name=\"twitter:label1\" content=\"Est. reading time\" \/>\n\t<meta name=\"twitter:data1\" content=\"1 minute\" \/>\n<script type=\"application\/ld+json\" class=\"yoast-schema-graph\">{\"@context\":\"https:\\\/\\\/schema.org\",\"@graph\":[{\"@type\":\"WebPage\",\"@id\":\"https:\\\/\\\/www.utrera.org\\\/el-castillo-de-utrera\\\/\",\"url\":\"https:\\\/\\\/www.utrera.org\\\/el-castillo-de-utrera\\\/\",\"name\":\"Castillo de Utrera - Ayuntamiento de Utrera\",\"isPartOf\":{\"@id\":\"https:\\\/\\\/www.utrera.org\\\/#website\"},\"datePublished\":\"2019-05-29T09:09:31+00:00\",\"dateModified\":\"2019-05-30T06:53:13+00:00\",\"breadcrumb\":{\"@id\":\"https:\\\/\\\/www.utrera.org\\\/el-castillo-de-utrera\\\/#breadcrumb\"},\"inLanguage\":\"en-GB\",\"potentialAction\":[{\"@type\":\"ReadAction\",\"target\":[\"https:\\\/\\\/www.utrera.org\\\/el-castillo-de-utrera\\\/\"]}]},{\"@type\":\"BreadcrumbList\",\"@id\":\"https:\\\/\\\/www.utrera.org\\\/el-castillo-de-utrera\\\/#breadcrumb\",\"itemListElement\":[{\"@type\":\"ListItem\",\"position\":1,\"name\":\"Inicio\",\"item\":\"https:\\\/\\\/www.utrera.org\\\/\"},{\"@type\":\"ListItem\",\"position\":2,\"name\":\"Castillo de Utrera\"}]},{\"@type\":\"WebSite\",\"@id\":\"https:\\\/\\\/www.utrera.org\\\/#website\",\"url\":\"https:\\\/\\\/www.utrera.org\\\/\",\"name\":\"Ayuntamiento de Utrera\",\"description\":\"Web Municipal del Ayuntamiento de Utrera\",\"potentialAction\":[{\"@type\":\"SearchAction\",\"target\":{\"@type\":\"EntryPoint\",\"urlTemplate\":\"https:\\\/\\\/www.utrera.org\\\/?s={search_term_string}\"},\"query-input\":{\"@type\":\"PropertyValueSpecification\",\"valueRequired\":true,\"valueName\":\"search_term_string\"}}],\"inLanguage\":\"en-GB\"}]}<\/script>\n<!-- \/ Yoast SEO plugin. -->","yoast_head_json":{"title":"Castillo de Utrera - Ayuntamiento de Utrera","robots":{"index":"index","follow":"follow","max-snippet":"max-snippet:-1","max-image-preview":"max-image-preview:large","max-video-preview":"max-video-preview:-1"},"canonical":"https:\/\/www.utrera.org\/en\/el-castillo-de-utrera\/","og_locale":"en_GB","og_type":"article","og_title":"Castillo de Utrera - Ayuntamiento de Utrera","og_description":"Agenda Castillo de Utrera","og_url":"https:\/\/www.utrera.org\/en\/el-castillo-de-utrera\/","og_site_name":"Ayuntamiento de Utrera","article_publisher":"https:\/\/www.facebook.com\/AyuntamientodeUtrera\/","article_modified_time":"2019-05-30T06:53:13+00:00","twitter_card":"summary_large_image","twitter_site":"@CiudadUtrera","twitter_misc":{"Est. reading time":"1 minute"},"schema":{"@context":"https:\/\/schema.org","@graph":[{"@type":"WebPage","@id":"https:\/\/www.utrera.org\/el-castillo-de-utrera\/","url":"https:\/\/www.utrera.org\/el-castillo-de-utrera\/","name":"Castillo de Utrera - Ayuntamiento de Utrera","isPartOf":{"@id":"https:\/\/www.utrera.org\/#website"},"datePublished":"2019-05-29T09:09:31+00:00","dateModified":"2019-05-30T06:53:13+00:00","breadcrumb":{"@id":"https:\/\/www.utrera.org\/el-castillo-de-utrera\/#breadcrumb"},"inLanguage":"en-GB","potentialAction":[{"@type":"ReadAction","target":["https:\/\/www.utrera.org\/el-castillo-de-utrera\/"]}]},{"@type":"BreadcrumbList","@id":"https:\/\/www.utrera.org\/el-castillo-de-utrera\/#breadcrumb","itemListElement":[{"@type":"ListItem","position":1,"name":"Inicio","item":"https:\/\/www.utrera.org\/"},{"@type":"ListItem","position":2,"name":"Castillo de Utrera"}]},{"@type":"WebSite","@id":"https:\/\/www.utrera.org\/#website","url":"https:\/\/www.utrera.org\/","name":"City Council of Utrera","description":"Web Municipal del Ayuntamiento de Utrera","potentialAction":[{"@type":"SearchAction","target":{"@type":"EntryPoint","urlTemplate":"https:\/\/www.utrera.org\/?s={search_term_string}"},"query-input":{"@type":"PropertyValueSpecification","valueRequired":true,"valueName":"search_term_string"}}],"inLanguage":"en-GB"}]}},"_links":{"self":[{"href":"https:\/\/www.utrera.org\/en\/wp-json\/wp\/v2\/pages\/20222","targetHints":{"allow":["GET"]}}],"collection":[{"href":"https:\/\/www.utrera.org\/en\/wp-json\/wp\/v2\/pages"}],"about":[{"href":"https:\/\/www.utrera.org\/en\/wp-json\/wp\/v2\/types\/page"}],"author":[{"embeddable":true,"href":"https:\/\/www.utrera.org\/en\/wp-json\/wp\/v2\/users\/10"}],"replies":[{"embeddable":true,"href":"https:\/\/www.utrera.org\/en\/wp-json\/wp\/v2\/comments?post=20222"}],"version-history":[{"count":1,"href":"https:\/\/www.utrera.org\/en\/wp-json\/wp\/v2\/pages\/20222\/revisions"}],"predecessor-version":[{"id":39029,"href":"https:\/\/www.utrera.org\/en\/wp-json\/wp\/v2\/pages\/20222\/revisions\/39029"}],"wp:attachment":[{"href":"https:\/\/www.utrera.org\/en\/wp-json\/wp\/v2\/media?parent=20222"}],"curies":[{"name":"wp","href":"https:\/\/api.w.org\/{rel}","templated":true}]}}