{"id":1841,"date":"2017-07-31T10:54:36","date_gmt":"2017-07-31T09:54:36","guid":{"rendered":"http:\/\/thinkinblue.es\/?page_id=1841"},"modified":"2022-10-18T10:17:25","modified_gmt":"2022-10-18T09:17:25","slug":"perfil-contratante","status":"publish","type":"page","link":"https:\/\/www.utrera.org\/en\/perfil-contratante\/","title":{"rendered":"Contractor Profile"},"content":{"rendered":"[et_pb_section bb_built=\u00bb1&#8243;][et_pb_row][et_pb_column type=\u00bb1_2&#8243;][et_pb_text _builder_version=\u00bb3.0.92&#8243; background_color=\u00bb#c34e5c\u00bb background_layout=\u00bbdark\u00bb text_font=\u00bb|700|||||||\u00bb text_font_size=\u00bb18px\u00bb text_orientation=\u00bbcenter\u00bb custom_padding=\u00bb20px||20px|\u00bb border_radii=\u00bbon|10px|10px|10px|10px\u00bb text_text_color=\u00bb#ffffff\u00bb link_text_color=\u00bb#ffffff\u00bb]\n<p><a href=\"https:\/\/contrataciondelestado.es\/wps\/portal\/!ut\/p\/b1\/04_Sj7S0MDM2NDEyN9SP0I_KSyzLTE8syczPS8wB8aPM4h3DXAMdPS2NDdyDAlwNjJyCzM1M3PyNDQyMgAoigQpMjZ1NwrzCAsyCPd0NDDw93Fx8Qg1NDdyNzIjTb4ADOBoQ0h-uH4VfiQFUAT4nghXgcYOfR35uqn5uVI6bpWeWCQA4WMBu\/dl4\/d5\/L2dBISEvZ0FBIS9nQSEh\/pw\/Z7_AVEQAI930GRPE02BR764FO30G0\/act\/id=0\/p=javax.servlet.include.path_info=QCPjspQCPlistPerfilesQCPAdminAFPListPerfPortletAppView.jsp\/338726383737\/-\/\" target=\"_blank\" rel=\"noopener\">Perfil del Contratante a partir del 03\/03\/2016<\/a><\/p>\n[\/et_pb_text][\/et_pb_column][et_pb_column type=\u00bb1_2&#8243;][et_pb_text _builder_version=\u00bb3.0.92&#8243; background_color=\u00bb#c34e5c\u00bb background_layout=\u00bbdark\u00bb text_font=\u00bb|700|||||||\u00bb text_font_size=\u00bb18px\u00bb text_orientation=\u00bbcenter\u00bb custom_padding=\u00bb20px||20px|\u00bb border_radii=\u00bbon|10px|10px|10px|10px\u00bb text_text_color=\u00bb#ffffff\u00bb link_text_color=\u00bb#ffffff\u00bb]\n<p><a href=\"https:\/\/www.utrera.org\/licitaciones\/\" target=\"_blank\" rel=\"noopener\">Perfil del Contratante anterior al 03\/03\/2016<\/a><\/p>\n[\/et_pb_text][\/et_pb_column][\/et_pb_row][et_pb_row][et_pb_column type=\u00bb4_4&#8243;][et_pb_text _builder_version=\u00bb3.0.92&#8243; background_layout=\u00bblight\u00bb]\n<h2>Agenda Publicidad de Licitaciones<\/h2>\n[\/et_pb_text][et_pb_text admin_label=\u00bbAgenda Publicidad de Licitaciones\u00bb _builder_version=\u00bb3.0.92&#8243; background_layout=\u00bblight\u00bb]\n<!-- EventON Calendar --><div id='evcal_calendar_607' class='ajde_evcal_calendar boxy color tbg1 boxstyle0 box_3 ajax_loading_cal' ><div id='evcal_head' class='calendar_header ' ><div class='evo_cal_above'><span class='evo-gototoday-btn' style='display:none' data-mo='4' data-yr='2026' data-dy=''>Mes actual<\/span><\/div><div class='evo_cal_above_content'><\/div><div class='evo_header_title '><p id='evcal_cur' class='evo_month_title'> abril, 2026<\/p><p class='evo_arrows'><span id='evcal_prev' class='evcal_arrows evcal_btn_prev' ><\/span><span id='evcal_next' class='evcal_arrows evo_arrow_next evcal_btn_next' ><\/span><\/p><\/div><\/div><div id='eventon_loadbar_section'><div id='eventon_loadbar'><\/div><\/div><div class='evo_ajax_load_events'><span><\/span><span><\/span><span><\/span><\/div><!-- Events List --><div id='evcal_list' \r\n\t\t\t\t\tclass='eventon_events_list '>\t\t\t<div class='clear'><\/div>\r\n\t\t\t<\/div>\r\n\t\t\t<div class='clear'><\/div>\r\n\t\t\t\t\t \t<div id='evcal_footer' class='evo_bottom' style='display:none'>\r\n\t\t \t\t<div class='evo_cal_data'  data-sc='{\"accord\":\"no\",\"bottom_nav\":\"no\",\"cal_id\":\"\",\"cal_init_nonajax\":\"no\",\"calendar_type\":\"default\",\"ep_fields\":\"\",\"etc_override\":\"no\",\"evc_open\":\"no\",\"event_count\":0,\"event_location\":\"all\",\"event_order\":\"ASC\",\"event_organizer\":\"all\",\"event_parts\":\"no\",\"event_past_future\":\"all\",\"event_status\":\"all\",\"event_tag\":\"all\",\"event_type\":\"all\",\"event_type_2\":\"1643\",\"event_type_3\":\"all\",\"event_type_4\":\"all\",\"event_type_5\":\"all\",\"event_virtual\":\"all\",\"eventtop_date_style\":0,\"eventtop_style\":\"2\",\"exp_jumper\":\"no\",\"exp_so\":\"no\",\"filter_relationship\":\"AND\",\"filter_show_set_only\":\"no\",\"filter_type\":\"default\",\"filters\":\"yes\",\"fixed_month\":\"4\",\"fixed_year\":\"2026\",\"focus_end_date_range\":\"1777593599\",\"focus_start_date_range\":\"1775001600\",\"ft_event_priority\":\"no\",\"hide_arrows\":\"no\",\"hide_cancels\":\"no\",\"hide_empty_months\":\"no\",\"hide_end_time\":\"no\",\"hide_et_dn\":\"no\",\"hide_et_extra\":\"no\",\"hide_et_tags\":\"no\",\"hide_et_tl\":\"no\",\"hide_ft\":\"no\",\"hide_ft_img\":\"no\",\"hide_month_headers\":\"no\",\"hide_mult_occur\":\"no\",\"hide_past\":\"no\",\"hide_past_by\":\"ee\",\"hide_so\":\"no\",\"ics\":\"no\",\"jumper\":\"no\",\"jumper_count\":5,\"jumper_offset\":\"0\",\"lang\":\"L1\",\"layout_changer\":\"no\",\"livenow_bar\":\"yes\",\"mapformat\":\"roadmap\",\"mapiconurl\":\"\",\"maps_load\":\"yes\",\"mapscroll\":\"true\",\"mapzoom\":\"18\",\"members_only\":\"no\",\"ml_priority\":\"no\",\"month_incre\":0,\"number_of_months\":\"1\",\"only_ft\":\"no\",\"pec\":\"\",\"rss\":\"no\",\"s\":\"\",\"search\":\"\",\"search_all\":\"no\",\"sep_month\":\"no\",\"show_et_ft_img\":\"no\",\"show_limit\":\"no\",\"show_limit_ajax\":\"no\",\"show_limit_paged\":1,\"show_limit_redir\":\"\",\"show_repeats\":\"no\",\"show_upcoming\":0,\"show_year\":\"no\",\"social_share\":\"no\",\"sort_by\":\"sort_date\",\"tile_bg\":\"1\",\"tile_bg_size\":\"full\",\"tile_count\":\"3\",\"tile_height\":\"250\",\"tile_style\":0,\"tiles\":\"yes\",\"ux_val\":\"0\",\"view_switcher\":\"no\",\"wpml_l1\":\"\",\"wpml_l2\":\"\",\"wpml_l3\":\"\",\"yl_priority\":\"no\",\"fixed_day\":\"5\",\"_cver\":\"4.4.2\"}' data-od='{\"lang_no_events\":\"No hay eventos\"}'><\/div>\r\n\t\t \t\t<div class='evo_cal_events' data-events=\"\"><\/div>\r\n\t\t \t<\/div>\r\n\t\t\t\t\r\n\t\t\t\r\n\t\t\t\t\t\t<\/div><!-- EventON End -->\r\n\t\t\t\n[\/et_pb_text][\/et_pb_column][\/et_pb_row][et_pb_row _builder_version=\u00bb3.0.92&#8243;][et_pb_column type=\u00bb4_4&#8243;][et_pb_text _builder_version=\u00bb3.0.92&#8243; background_layout=\u00bblight\u00bb]\n<p>El perfil del contratante del Excmo. Ayuntamiento de Utrera se ha integrado en la Plataforma de Contrataci\u00f3n del Estado.<\/p>\n<p>Por ello\u00a0<u><strong>a partir del d\u00eda 3 de marzo de 2016<\/strong><\/u>\u00a0, las convocatorias de licitaci\u00f3n referidas a los nuevos expedientes de contrataci\u00f3n se insertar\u00e1n en la citada plataforma a la que puede acceder mediante el siguiente enlace:<\/p>\n[\/et_pb_text][\/et_pb_column][\/et_pb_row][et_pb_row _builder_version=\u00bb3.0.92&#8243;][et_pb_column type=\u00bb4_4&#8243;][et_pb_text _builder_version=\u00bb3.0.92&#8243; background_layout=\u00bblight\u00bb text_orientation=\u00bbcenter\u00bb]\n<p><a href=\"https:\/\/contrataciondelestado.es\/wps\/portal\/!ut\/p\/b1\/04_Sj7S0MDM2NDEyN9SP0I_KSyzLTE8syczPS8wB8aPM4h3DXAMdPS2NDdyDAlwNjJyCzM1M3PyNDQyMgAoigQpMjZ1NwrzCAsyCPd0NDDw93Fx8Qg1NDdyNzIjTb4ADOBoQ0h-uH4VfiQFUAT4nghXgcYOfR35uqn5uVI6bpWeWCQA4WMBu\/dl4\/d5\/L2dBISEvZ0FBIS9nQSEh\/pw\/Z7_AVEQAI930GRPE02BR764FO30G0\/act\/id=0\/p=javax.servlet.include.path_info=QCPjspQCPlistPerfilesQCPAdminAFPListPerfPortletAppView.jsp\/338726383737\/-\/\" target=\"_blank\" rel=\"noopener\">Perfil del Contratante a partir del 03\/03\/2016<\/a><\/p>\n[\/et_pb_text][\/et_pb_column][\/et_pb_row][et_pb_row][et_pb_column type=\u00bb4_4&#8243;][et_pb_text _builder_version=\u00bb3.0.92&#8243; background_layout=\u00bblight\u00bb]\n<p>Una vez haya accedido a la p\u00e1gina, en\u00a0<strong>\u00abNombre O. Contrataci\u00f3n\u00bb<\/strong>\u00a0teclee\u00a0<strong>Utrera<\/strong>\u00a0y pulse el bot\u00f3n\u00a0<strong>buscar<\/strong>.<\/p>\n<p>Los expedientes relativos a convocatorias de licitaci\u00f3n\u00a0<u><strong>anteriores al 3 de marzo de 2016<\/strong><\/u>\u00a0, seguir\u00e1n disponibles en el siguiente enlace:<\/p>\n[\/et_pb_text][\/et_pb_column][\/et_pb_row][et_pb_row][et_pb_column type=\u00bb4_4&#8243;][et_pb_text _builder_version=\u00bb3.0.92&#8243; background_layout=\u00bblight\u00bb text_orientation=\u00bbcenter\u00bb]\n<p><a href=\"http:\/\/historico.utrera.org\/opencms\/opencms\/utrera\/content\/pcontratante_xmlpage.html\" target=\"_blank\" rel=\"noopener\">Perfil del Contratante anterior al 03\/03\/2016<\/a><\/p>\n[\/et_pb_text][\/et_pb_column][\/et_pb_row][\/et_pb_section]\n","protected":false},"excerpt":{"rendered":"<p><div class=\"et_pb_row et_pb_row_0 et_pb_row_empty\">\n\t\t\t\t\n\t\t\t\t\n\t\t\t\t\n\t\t\t\t\n\t\t\t\t\n\t\t\t<\/div> Perfil del Contratante a partir del 03\/03\/2016 Perfil del Contratante anterior al 03\/03\/2016 <div class=\"et_pb_row et_pb_row_1 et_pb_row_empty\">\n\t\t\t\t\n\t\t\t\t\n\t\t\t\t\n\t\t\t\t\n\t\t\t\t\n\t\t\t<\/div> Agenda Publicidad de Licitaciones <!-- EventON Calendar --><div id='evcal_calendar_729' class='ajde_evcal_calendar boxy color tbg1 boxstyle0 box_3 ajax_loading_cal' ><div id='evcal_head' class='calendar_header ' ><div class='evo_cal_above'><span class='evo-gototoday-btn' style='display:none' data-mo='4' data-yr='2026' data-dy=''>Mes actual<\/span><\/div><div class='evo_cal_above_content'><\/div><div class='evo_header_title '><p id='evcal_cur' class='evo_month_title'> abril, 2026<\/p><p class='evo_arrows'><span id='evcal_prev' class='evcal_arrows evcal_btn_prev' ><\/span><span id='evcal_next' class='evcal_arrows evo_arrow_next evcal_btn_next' ><\/span><\/p><\/div><\/div><div id='eventon_loadbar_section'><div id='eventon_loadbar'><\/div><\/div><div class='evo_ajax_load_events'><span><\/span><span><\/span><span><\/span><\/div><!-- Events List --><div id='evcal_list' \r\n\t\t\t\t\tclass='eventon_events_list '>\t\t\t<div class='clear'><\/div>\r\n\t\t\t<\/div>\r\n\t\t\t<div class='clear'><\/div>\r\n\t\t\t\t\t \t<div id='evcal_footer' class='evo_bottom' style='display:none'>\r\n\t\t \t\t<div class='evo_cal_data'  data-sc='{\"accord\":\"no\",\"bottom_nav\":\"no\",\"cal_id\":\"\",\"cal_init_nonajax\":\"no\",\"calendar_type\":\"default\",\"ep_fields\":\"\",\"etc_override\":\"no\",\"evc_open\":\"no\",\"event_count\":0,\"event_location\":\"all\",\"event_order\":\"ASC\",\"event_organizer\":\"all\",\"event_parts\":\"no\",\"event_past_future\":\"all\",\"event_status\":\"all\",\"event_tag\":\"all\",\"event_type\":\"all\",\"event_type_2\":\"1643\",\"event_type_3\":\"all\",\"event_type_4\":\"all\",\"event_type_5\":\"all\",\"event_virtual\":\"all\",\"eventtop_date_style\":0,\"eventtop_style\":\"2\",\"exp_jumper\":\"no\",\"exp_so\":\"no\",\"filter_relationship\":\"AND\",\"filter_show_set_only\":\"no\",\"filter_type\":\"default\",\"filters\":\"yes\",\"fixed_month\":\"4\",\"fixed_year\":\"2026\",\"focus_end_date_range\":\"1777593599\",\"focus_start_date_range\":\"1775001600\",\"ft_event_priority\":\"no\",\"hide_arrows\":\"no\",\"hide_cancels\":\"no\",\"hide_empty_months\":\"no\",\"hide_end_time\":\"no\",\"hide_et_dn\":\"no\",\"hide_et_extra\":\"no\",\"hide_et_tags\":\"no\",\"hide_et_tl\":\"no\",\"hide_ft\":\"no\",\"hide_ft_img\":\"no\",\"hide_month_headers\":\"no\",\"hide_mult_occur\":\"no\",\"hide_past\":\"no\",\"hide_past_by\":\"ee\",\"hide_so\":\"no\",\"ics\":\"no\",\"jumper\":\"no\",\"jumper_count\":5,\"jumper_offset\":\"0\",\"lang\":\"L1\",\"layout_changer\":\"no\",\"livenow_bar\":\"yes\",\"mapformat\":\"roadmap\",\"mapiconurl\":\"\",\"maps_load\":\"yes\",\"mapscroll\":\"true\",\"mapzoom\":\"18\",\"members_only\":\"no\",\"ml_priority\":\"no\",\"month_incre\":0,\"number_of_months\":\"1\",\"only_ft\":\"no\",\"pec\":\"\",\"rss\":\"no\",\"s\":\"\",\"search\":\"\",\"search_all\":\"no\",\"sep_month\":\"no\",\"show_et_ft_img\":\"no\",\"show_limit\":\"no\",\"show_limit_ajax\":\"no\",\"show_limit_paged\":1,\"show_limit_redir\":\"\",\"show_repeats\":\"no\",\"show_upcoming\":0,\"show_year\":\"no\",\"social_share\":\"no\",\"sort_by\":\"sort_date\",\"tile_bg\":\"1\",\"tile_bg_size\":\"full\",\"tile_count\":\"3\",\"tile_height\":\"250\",\"tile_style\":0,\"tiles\":\"yes\",\"ux_val\":\"0\",\"view_switcher\":\"no\",\"wpml_l1\":\"\",\"wpml_l2\":\"\",\"wpml_l3\":\"\",\"yl_priority\":\"no\",\"fixed_day\":\"5\",\"_cver\":\"4.4.2\"}' data-od='{\"lang_no_events\":\"No hay eventos\"}'><\/div>\r\n\t\t \t\t<div class='evo_cal_events' data-events=\"\"><\/div>\r\n\t\t \t<\/div>\r\n\t\t\t\t\r\n\t\t\t\r\n\t\t\t\t\t\t<\/div><!-- EventON End -->\r\n\t\t\t El perfil del contratante del Excmo. Ayuntamiento de Utrera se ha integrado en la Plataforma de Contrataci\u00f3n del Estado. Por ello\u00a0a partir del d\u00eda 3 de marzo de 2016\u00a0, las [&hellip;]<\/p>\n","protected":false},"author":2,"featured_media":0,"parent":0,"menu_order":0,"comment_status":"closed","ping_status":"closed","template":"","meta":{"_et_pb_use_builder":"on","_et_pb_old_content":"","_et_gb_content_width":"","footnotes":""},"class_list":["post-1841","page","type-page","status-publish","hentry"],"yoast_head":"<!-- This site is optimized with the Yoast SEO plugin v27.3 - https:\/\/yoast.com\/product\/yoast-seo-wordpress\/ -->\n<title>Perfil Contratante - Ayuntamiento de Utrera<\/title>\n<meta name=\"robots\" content=\"index, follow, max-snippet:-1, max-image-preview:large, max-video-preview:-1\" \/>\n<link rel=\"canonical\" href=\"https:\/\/www.utrera.org\/en\/perfil-contratante\/\" \/>\n<meta property=\"og:locale\" content=\"en_GB\" \/>\n<meta property=\"og:type\" content=\"article\" \/>\n<meta property=\"og:title\" content=\"Perfil Contratante - Ayuntamiento de Utrera\" \/>\n<meta property=\"og:description\" content=\"Perfil del Contratante a partir del 03\/03\/2016 Perfil del Contratante anterior al 03\/03\/2016 Agenda Publicidad de Licitaciones El perfil del contratante del Excmo. Ayuntamiento de Utrera se ha integrado en la Plataforma de Contrataci\u00f3n del Estado. Por ello\u00a0a partir del d\u00eda 3 de marzo de 2016\u00a0, las [&hellip;]\" \/>\n<meta property=\"og:url\" content=\"https:\/\/www.utrera.org\/en\/perfil-contratante\/\" \/>\n<meta property=\"og:site_name\" content=\"Ayuntamiento de Utrera\" \/>\n<meta property=\"article:publisher\" content=\"https:\/\/www.facebook.com\/AyuntamientodeUtrera\/\" \/>\n<meta property=\"article:modified_time\" content=\"2022-10-18T09:17:25+00:00\" \/>\n<meta name=\"twitter:card\" content=\"summary_large_image\" \/>\n<meta name=\"twitter:site\" content=\"@CiudadUtrera\" \/>\n<meta name=\"twitter:label1\" content=\"Est. reading time\" \/>\n\t<meta name=\"twitter:data1\" content=\"1 minute\" \/>\n<script type=\"application\/ld+json\" class=\"yoast-schema-graph\">{\"@context\":\"https:\\\/\\\/schema.org\",\"@graph\":[{\"@type\":\"WebPage\",\"@id\":\"https:\\\/\\\/www.utrera.org\\\/perfil-contratante\\\/\",\"url\":\"https:\\\/\\\/www.utrera.org\\\/perfil-contratante\\\/\",\"name\":\"Perfil Contratante - Ayuntamiento de Utrera\",\"isPartOf\":{\"@id\":\"https:\\\/\\\/www.utrera.org\\\/#website\"},\"datePublished\":\"2017-07-31T09:54:36+00:00\",\"dateModified\":\"2022-10-18T09:17:25+00:00\",\"breadcrumb\":{\"@id\":\"https:\\\/\\\/www.utrera.org\\\/perfil-contratante\\\/#breadcrumb\"},\"inLanguage\":\"en-GB\",\"potentialAction\":[{\"@type\":\"ReadAction\",\"target\":[\"https:\\\/\\\/www.utrera.org\\\/perfil-contratante\\\/\"]}]},{\"@type\":\"BreadcrumbList\",\"@id\":\"https:\\\/\\\/www.utrera.org\\\/perfil-contratante\\\/#breadcrumb\",\"itemListElement\":[{\"@type\":\"ListItem\",\"position\":1,\"name\":\"Inicio\",\"item\":\"https:\\\/\\\/www.utrera.org\\\/\"},{\"@type\":\"ListItem\",\"position\":2,\"name\":\"Perfil Contratante\"}]},{\"@type\":\"WebSite\",\"@id\":\"https:\\\/\\\/www.utrera.org\\\/#website\",\"url\":\"https:\\\/\\\/www.utrera.org\\\/\",\"name\":\"Ayuntamiento de Utrera\",\"description\":\"Web Municipal del Ayuntamiento de Utrera\",\"potentialAction\":[{\"@type\":\"SearchAction\",\"target\":{\"@type\":\"EntryPoint\",\"urlTemplate\":\"https:\\\/\\\/www.utrera.org\\\/?s={search_term_string}\"},\"query-input\":{\"@type\":\"PropertyValueSpecification\",\"valueRequired\":true,\"valueName\":\"search_term_string\"}}],\"inLanguage\":\"en-GB\"}]}<\/script>\n<!-- \/ Yoast SEO plugin. -->","yoast_head_json":{"title":"Perfil Contratante - Ayuntamiento de Utrera","robots":{"index":"index","follow":"follow","max-snippet":"max-snippet:-1","max-image-preview":"max-image-preview:large","max-video-preview":"max-video-preview:-1"},"canonical":"https:\/\/www.utrera.org\/en\/perfil-contratante\/","og_locale":"en_GB","og_type":"article","og_title":"Perfil Contratante - Ayuntamiento de Utrera","og_description":"Perfil del Contratante a partir del 03\/03\/2016 Perfil del Contratante anterior al 03\/03\/2016 Agenda Publicidad de Licitaciones El perfil del contratante del Excmo. Ayuntamiento de Utrera se ha integrado en la Plataforma de Contrataci\u00f3n del Estado. Por ello\u00a0a partir del d\u00eda 3 de marzo de 2016\u00a0, las [&hellip;]","og_url":"https:\/\/www.utrera.org\/en\/perfil-contratante\/","og_site_name":"Ayuntamiento de Utrera","article_publisher":"https:\/\/www.facebook.com\/AyuntamientodeUtrera\/","article_modified_time":"2022-10-18T09:17:25+00:00","twitter_card":"summary_large_image","twitter_site":"@CiudadUtrera","twitter_misc":{"Est. reading time":"1 minute"},"schema":{"@context":"https:\/\/schema.org","@graph":[{"@type":"WebPage","@id":"https:\/\/www.utrera.org\/perfil-contratante\/","url":"https:\/\/www.utrera.org\/perfil-contratante\/","name":"Perfil Contratante - Ayuntamiento de Utrera","isPartOf":{"@id":"https:\/\/www.utrera.org\/#website"},"datePublished":"2017-07-31T09:54:36+00:00","dateModified":"2022-10-18T09:17:25+00:00","breadcrumb":{"@id":"https:\/\/www.utrera.org\/perfil-contratante\/#breadcrumb"},"inLanguage":"en-GB","potentialAction":[{"@type":"ReadAction","target":["https:\/\/www.utrera.org\/perfil-contratante\/"]}]},{"@type":"BreadcrumbList","@id":"https:\/\/www.utrera.org\/perfil-contratante\/#breadcrumb","itemListElement":[{"@type":"ListItem","position":1,"name":"Inicio","item":"https:\/\/www.utrera.org\/"},{"@type":"ListItem","position":2,"name":"Perfil Contratante"}]},{"@type":"WebSite","@id":"https:\/\/www.utrera.org\/#website","url":"https:\/\/www.utrera.org\/","name":"City Council of Utrera","description":"Web Municipal del Ayuntamiento de Utrera","potentialAction":[{"@type":"SearchAction","target":{"@type":"EntryPoint","urlTemplate":"https:\/\/www.utrera.org\/?s={search_term_string}"},"query-input":{"@type":"PropertyValueSpecification","valueRequired":true,"valueName":"search_term_string"}}],"inLanguage":"en-GB"}]}},"_links":{"self":[{"href":"https:\/\/www.utrera.org\/en\/wp-json\/wp\/v2\/pages\/1841","targetHints":{"allow":["GET"]}}],"collection":[{"href":"https:\/\/www.utrera.org\/en\/wp-json\/wp\/v2\/pages"}],"about":[{"href":"https:\/\/www.utrera.org\/en\/wp-json\/wp\/v2\/types\/page"}],"author":[{"embeddable":true,"href":"https:\/\/www.utrera.org\/en\/wp-json\/wp\/v2\/users\/2"}],"replies":[{"embeddable":true,"href":"https:\/\/www.utrera.org\/en\/wp-json\/wp\/v2\/comments?post=1841"}],"version-history":[{"count":3,"href":"https:\/\/www.utrera.org\/en\/wp-json\/wp\/v2\/pages\/1841\/revisions"}],"predecessor-version":[{"id":48430,"href":"https:\/\/www.utrera.org\/en\/wp-json\/wp\/v2\/pages\/1841\/revisions\/48430"}],"wp:attachment":[{"href":"https:\/\/www.utrera.org\/en\/wp-json\/wp\/v2\/media?parent=1841"}],"curies":[{"name":"wp","href":"https:\/\/api.w.org\/{rel}","templated":true}]}}