{"id":18226,"date":"2019-04-23T11:55:37","date_gmt":"2019-04-23T10:55:37","guid":{"rendered":"https:\/\/www.utrera.org\/?page_id=18226"},"modified":"2024-07-30T11:05:38","modified_gmt":"2024-07-30T10:05:38","slug":"organigrama","status":"publish","type":"page","link":"https:\/\/www.utrera.org\/en\/organigrama\/","title":{"rendered":"Organisation Chart"},"content":{"rendered":"[et_pb_section fb_built=\u00bb1&#8243; _builder_version=\u00bb4.16&#8243; global_colors_info=\u00bb{}\u00bb][et_pb_row _builder_version=\u00bb4.16&#8243; background_size=\u00bbinitial\u00bb background_position=\u00bbtop_left\u00bb background_repeat=\u00bbrepeat\u00bb global_colors_info=\u00bb{}\u00bb][et_pb_column type=\u00bb4_4&#8243; _builder_version=\u00bb4.16&#8243; custom_padding=\u00bb|||\u00bb global_colors_info=\u00bb{}\u00bb custom_padding__hover=\u00bb|||\u00bb][et_pb_text _builder_version=\u00bb4.21.0&#8243; hover_enabled=\u00bb0&#8243; global_colors_info=\u00bb{}\u00bb sticky_enabled=\u00bb0&#8243;]\n<div class=\"contentblock-texto row\">\n<div class=\"container-fluid\">\n<p style=\"text-align: center;\">Organigrama completo y Decretos de Organizaci\u00f3n del Ayuntamiento de Utrera donde se especifican las funciones.<\/p>\n<p>&nbsp;<\/p>\n<h3 style=\"text-align: center;\"><strong>CORPORACI\u00d3N MUNICIPAL 2023-2027<\/strong><\/h3>\n<p>&nbsp;<\/p>\n<h3>ORGANIZACI\u00d3N \u00c1REAS MUNICIPALES 2023-2027<\/h3>\n<ul>\n<li>30-07-2023 <a href=\"https:\/\/transparencia.utrera.org\/wp-content\/uploads\/2024\/07\/01-Traslado-Decreto.pdf\" target=\"_blank\" rel=\"noopener\">Decreto de organizaci\u00f3n municipal 2023-2027, julio 2024 (Modificaci\u00f3n organizaci\u00f3n de instrucciones de contratos menores de importe igual o inferior a 3000\u20ac y anexo I de gesti\u00f3n de edificios municipales.<\/a><\/li>\n<\/ul>\n<h3>\u00a0<\/h3>\n<h3 style=\"text-align: center;\"><strong>CORPORACI\u00d3N MUNICIPAL 2019 &#8211; 2023<\/strong><\/h3>\n<h3>\u00a0<\/h3>\n<h3><strong>ORGANIGRAMA<\/strong><\/h3>\n<div class=\"description\">\n<div class=\"media\">\n<div class=\"media-body\">\n<div class=\"media-heading\">\n<ul>\n<li><a href=\"https:\/\/www.utrera.org\/wp-content\/uploads\/2021\/11\/0-AREA-DE-ALCALDIA.pdf\" target=\"_blank\" rel=\"noopener\">\u00c1rea de Alcald\u00eda-Presidencia<\/a><\/li>\n<li class=\"title-element\"><a href=\"https:\/\/www.utrera.org\/wp-content\/uploads\/2021\/11\/1-AREA-DE-RECURSOS-HUMANOS.pdf\" target=\"_blank\" rel=\"noopener\">\u00c1rea de Recursos Humanos<\/a><\/li>\n<li><a href=\"https:\/\/www.utrera.org\/wp-content\/uploads\/2021\/11\/2-AREA-DE-MOVILIDAD-EMERGENCIAS-Y-PARTICIPACION-CIUDADANA.pdf\" target=\"_blank\" rel=\"noopener\">\u00c1rea de Seguridad Ciudadana, Emergencias, Participaci\u00f3n Ciudadana y Movilidad<\/a><\/li>\n<li><a href=\"https:\/\/www.utrera.org\/wp-content\/uploads\/2021\/11\/3-AREA-DE-ECONOMIA-Y-HACIENDA.pdf\" target=\"_blank\" rel=\"noopener\">\u00c1rea de Econom\u00eda y Hacienda<\/a><\/li>\n<li><a href=\"https:\/\/www.utrera.org\/wp-content\/uploads\/2021\/11\/4-AREA-DE-MEDIO-AMBIENTE-CAMBIO-CLIMATICO-Y-SALUBRIDAD-PUBLICA.pdf\" target=\"_blank\" rel=\"noopener\">\u00c1rea de Medio Ambiente, Cambio Clim\u00e1tico y Salubridad P\u00fablica<\/a><\/li>\n<li><a href=\"https:\/\/www.utrera.org\/wp-content\/uploads\/2021\/11\/5-AREA-DE-BIENESTAR-SOCIAL.pdf\" target=\"_blank\" rel=\"noopener\">\u00c1rea de Bienestar Social<\/a><\/li>\n<li><a href=\"https:\/\/www.utrera.org\/wp-content\/uploads\/2021\/11\/6-AREA-DE-INFRAESTRUCTURAS.pdf\" target=\"_blank\" rel=\"noopener\">\u00c1rea de Regeneraci\u00f3n y Mantenimiento Urbano y de Edificios P\u00fablicos Municipales<\/a><\/li>\n<li><a href=\"https:\/\/www.utrera.org\/wp-content\/uploads\/2021\/11\/7-AREA-DE-URBANISMO-Y-VIVIENDA.pdf\" target=\"_blank\" rel=\"noopener\">\u00c1rea de Infraestructuras y Urbanismo<\/a><\/li>\n<li><a href=\"https:\/\/www.utrera.org\/wp-content\/uploads\/2021\/11\/8-AREA-DE-HUMANIDADES.pdf\" target=\"_blank\" rel=\"noopener\">\u00c1rea de Humanidades<\/a><\/li>\n<\/ul>\n<\/div>\n<\/div>\n<\/div>\n<\/div>\n<h3>ORGANIZACI\u00d3N \u00c1REAS MUNICIPALES 2019-2023<\/h3>\n<ul>\n<li>25-01-2023 <a href=\"https:\/\/www.utrera.org\/wp-content\/uploads\/2023\/02\/07-DOCUMENTO-Reorganizacion-25-01-2023.pdf\" target=\"_blank\" rel=\"noopener\">Documento Organizaci\u00f3n Municipal 2019-2023<\/a><\/li>\n<\/ul>\n<div class=\"description\">\n<div class=\"media\">\n<div class=\"media-body\">\n<div class=\"media-heading\">\u00a0<\/div>\n<\/div>\n<\/div>\n<\/div>\n<\/div>\n<\/div>\n<p>&nbsp;<\/p>\n<h3>INFORMACI\u00d3N SOBRE ORGANISMOS Y ENTIDADES NO MUNICIPALES<\/h3>\n<ul>\n<li><a href=\"https:\/\/www.utrera.org\/wp-content\/uploads\/2019\/07\/Anuncio-Representantes-Organos-no-municipales.pdf\" target=\"_blank\" rel=\"noopener\">Anuncio nombramiento representantes organismos y entidades no municipales Corporaci\u00f3n 2019-2023.<\/a><\/li>\n<\/ul>\n<p>&nbsp;<\/p>\n<h3 style=\"text-align: center;\"><strong>CORPORACI\u00d3N MUNICIPAL 2015 &#8211; 2019<\/strong><\/h3>\n<div class=\"contentblock-texto row\">\n<div class=\"container-fluid\">\n<p>&nbsp;<\/p>\n<\/div>\n<\/div>\n<h3><strong>ORGANIGRAMA<\/strong><\/h3>\n<div class=\"description\">\n<div class=\"media\">\n<div class=\"media-body\">\n<div class=\"media-heading\">\n<ul>\n<li class=\"title-element\"><a href=\"https:\/\/www.utrera.org\/wp-content\/uploads\/2019\/05\/8-REORGANIZACION-ORGANIGRAMA.pdf\" target=\"_blank\" rel=\"noopener\">Organigrama Completo<\/a><\/li>\n<\/ul>\n<\/div>\n<\/div>\n<\/div>\n<\/div>\n<p>&nbsp;<\/p>\n<h3><strong>DECRETOS DE ORGANIZACI\u00d3N<\/strong><\/h3>\n<div class=\"media\">\n<div class=\"media-body\">\n<div class=\"media-heading\">\n<ul>\n<li class=\"title-element\"><a href=\"https:\/\/www.utrera.org\/wp-content\/uploads\/2019\/04\/Decreto-de-Alcaldia-1-Correccion-Decreto-1-Reorganizacion-Gobierno-Municipal-2015-2019.pdf\" target=\"_blank\" rel=\"noopener noreferrer\">Decreto de Alcald\u00eda &#8211; 1\u00aa Correcci\u00f3n decreto 1\u00aa de reorganizaci\u00f3n de Gobierno Municipal 2015-2019<\/a><\/li>\n<li class=\"title-element\"><a href=\"https:\/\/www.utrera.org\/wp-content\/uploads\/2019\/04\/Decreto-de-Alcaldia-2-Reorganizacion-Gobierno-Municipal-2015-2019.pdf\" target=\"_blank\" rel=\"noopener noreferrer\">Decreto de Alcald\u00eda &#8211; 2\u00aa de reorganizaci\u00f3n de Gobierno Municipal 2015-2019<\/a><\/li>\n<li class=\"title-element\"><a href=\"https:\/\/www.utrera.org\/wp-content\/uploads\/2019\/04\/Decreto-de-Alcaldia-3-Reorganizacion-Gobierno-Municipal-2015-2019.pdf\" target=\"_blank\" rel=\"noopener noreferrer\">Decreto de Alcald\u00eda &#8211; 3\u00aa de reorganizaci\u00f3n de Gobierno Municipal 2015-2019<\/a><\/li>\n<li class=\"title-element\"><a href=\"http:\/\/transparencia.utrera.org\/wp-content\/uploads\/2019\/05\/17-4%C2%AA-Reorganizacio%CC%81n-Gobierno-Municipal.pdf\" target=\"_blank\" rel=\"noopener noreferrer\">Decreto de Alcald\u00eda &#8211; 4\u00aa de reorganizaci\u00f3n de Gobierno Municipal 2015-2019<\/a><\/li>\n<li class=\"title-element\"><a href=\"http:\/\/transparencia.utrera.org\/wp-content\/uploads\/2019\/05\/DECRETO-5\u00aa-REORGANIZACIO\u0301N-DEF-19-05-2017-FIRMADO.pdf\" target=\"_blank\" rel=\"noopener noreferrer\">Decreto de Alcald\u00eda &#8211; 5\u00aa de reorganizaci\u00f3n de Gobierno Municipal 2015-2019<\/a><\/li>\n<li class=\"title-element\"><a href=\"http:\/\/transparencia.utrera.org\/wp-content\/uploads\/2019\/05\/CORRECCIO%CC%81N-ERRORES-DECRETO-6%C2%AA-REORGANIZACIO%CC%81N.pdf\" target=\"_blank\" rel=\"noopener noreferrer\">Correcci\u00f3n errores Decreto de Alcald\u00eda &#8211; 6\u00aa de reorganizaci\u00f3n de Gobierno Municipal 2015-2019<\/a><\/li>\n<li class=\"title-element\"><a href=\"http:\/\/transparencia.utrera.org\/wp-content\/uploads\/2019\/05\/DECRETO-6%C2%AA-REORGANIZACIO%CC%81N-NUMERADO.pdf\" target=\"_blank\" rel=\"noopener noreferrer\">Decreto de Alcald\u00eda &#8211; 6\u00aa de reorganizaci\u00f3n de Gobierno Municipal 2015-2019<\/a><\/li>\n<li class=\"title-element\"><a href=\"http:\/\/transparencia.utrera.org\/wp-content\/uploads\/2019\/05\/DECRETO-7%C2%AA-REORGANIZACIO%CC%81N.pdf\" target=\"_blank\" rel=\"noopener noreferrer\">Decreto de Alcald\u00eda &#8211; 7\u00aa de reorganizaci\u00f3n de Gobierno Municipal 2015-2019<\/a><\/li>\n<li class=\"title-element\"><a href=\"http:\/\/transparencia.utrera.org\/wp-content\/uploads\/2019\/05\/Decreto-8%C2%AA-Reorganizacio%CC%81n.pdf\" target=\"_blank\" rel=\"noopener noreferrer\">Decreto de Alcald\u00eda &#8211; 8\u00aa de reorganizaci\u00f3n de Gobierno Municipal 2015-2019<\/a><\/li>\n<li class=\"title-element\"><a href=\"http:\/\/transparencia.utrera.org\/wp-content\/uploads\/2019\/05\/Decreto-9%C2%AA-Reorganizacio%CC%81n.pdf\" target=\"_blank\" rel=\"noopener noreferrer\">Decreto de Alcald\u00eda &#8211; 9\u00aa de reorganizaci\u00f3n de Gobierno Municipal 2015-2019<\/a><\/li>\n<\/ul>\n<\/div>\n<\/div>\n<\/div>\n<div class=\"media\">\n<div class=\"media-body\">\n<div class=\"media-heading\">\u00a0<\/div>\n<\/div>\n<\/div>\n<div class=\"media\">\n<div class=\"media-body\">\n<div class=\"media-heading\">\u00a0<\/div>\n<\/div>\n<\/div>\n[\/et_pb_text][\/et_pb_column][\/et_pb_row][\/et_pb_section]\n","protected":false},"excerpt":{"rendered":"<p>Organigrama completo y Decretos de Organizaci\u00f3n del Ayuntamiento de Utrera donde se especifican las funciones. &nbsp; CORPORACI\u00d3N MUNICIPAL 2023-2027 &nbsp; ORGANIZACI\u00d3N \u00c1REAS MUNICIPALES 2023-2027 30-07-2023 Decreto de organizaci\u00f3n municipal 2023-2027, julio 2024 (Modificaci\u00f3n organizaci\u00f3n de instrucciones de contratos menores de importe igual o inferior a 3000\u20ac y anexo I de gesti\u00f3n de edificios municipales. \u00a0 [&hellip;]<\/p>\n","protected":false},"author":10,"featured_media":0,"parent":0,"menu_order":0,"comment_status":"closed","ping_status":"closed","template":"","meta":{"_et_pb_use_builder":"on","_et_pb_old_content":"<ol><li><a title=\"memoria de alcald\u00eda 2016\" href=\"https:\/\/www.utrera.org\/opencms\/export\/sites\/default\/utrera\/galeria\/download\/memoria_de_alcaldxa_2016.pdf\" target=\"_self\">MEMORIA DE ALCALD\u00cdA\u00a0<br \/><\/a><\/li><li><a title=\"RESUMEN GASTOS 2016\" href=\"https:\/\/www.utrera.org\/opencms\/export\/sites\/default\/utrera\/galeria\/download\/RESUMEN_GASTOS_2016.pdf\" target=\"_self\">RESUMEN DE GASTOS<\/a><\/li><li><a title=\"ESTADO DE GASTOS 2016\" href=\"https:\/\/www.utrera.org\/opencms\/export\/sites\/default\/utrera\/galeria\/download\/ESTADO_DE_GASTOS_2016.pdf\" target=\"_self\">ESTADO DE GASTOS<\/a><\/li><li><a title=\"RESUMEN INGRESOS 2016\" href=\"https:\/\/www.utrera.org\/opencms\/export\/sites\/default\/utrera\/galeria\/download\/RESUMEN_INGRESOS_2016.pdf\" target=\"_self\">RESUMEN DE INGRESOS<\/a><\/li><li><a title=\"ESTADO DE INGRESOS 2016\" href=\"https:\/\/www.utrera.org\/opencms\/export\/sites\/default\/utrera\/galeria\/download\/ESTADO_DE_INGRESOS_2016.pdf\" target=\"_self\">ESTADO DE INGRESOS\u00a0<br \/><\/a><\/li><li><a title=\"Informe Intervenci\u00f3n Presupuesto 2016\" href=\"https:\/\/www.utrera.org\/opencms\/export\/sites\/default\/utrera\/galeria\/download\/Informe_Intervencixn_Presupuesto_2016.pdf\" target=\"_self\">INFORME DE INTERVENCI\u00d3N PRESUPUESTO\u00a0<br \/><\/a><\/li><li><a title=\"Informe Estabilidad Presupuestaria y Regla de Gasto 2016\" href=\"https:\/\/www.utrera.org\/opencms\/export\/sites\/default\/utrera\/galeria\/download\/Informe_Estabilidad_Presupuestaria_y_Regla_de_Gasto_2016.pdf\" target=\"_self\">INFORME DE ESTABILIDAD\u00a0<br \/><\/a><\/li><li><a title=\"Informe Presupuesto RRHH 2016\" href=\"https:\/\/www.utrera.org\/opencms\/export\/sites\/default\/utrera\/galeria\/download\/Informe_Presupuesto_RRHH_2016.pdf\" target=\"_self\">INFORME RECURSOS HUMANOS<\/a><\/li><li><a title=\"ESTADO DE LA DEUDA 2016\" href=\"https:\/\/www.utrera.org\/opencms\/export\/sites\/default\/utrera\/galeria\/download\/ESTADO_DE_LA_DEUDA_2016.pdf\" target=\"_self\">ESTADO DE LA DEUDA<\/a><\/li><li><a title=\"BASES DE EJECUCI\u00d3N 2016\" href=\"https:\/\/www.utrera.org\/opencms\/export\/sites\/default\/utrera\/galeria\/download\/BASES_DE_EJECUCIxN_2016.pdf\" target=\"_self\">BASES DE EJECUCI\u00d3N<\/a><\/li><li><a title=\"RPT 2016\" href=\"https:\/\/www.utrera.org\/opencms\/export\/sites\/default\/utrera\/galeria\/download\/RPT_2016.pdf\" target=\"_self\">RPT\u00a0<br \/><\/a><\/li><li><a title=\"ANEXO INVERSIONES 2016\" href=\"https:\/\/www.utrera.org\/opencms\/export\/sites\/default\/utrera\/galeria\/download\/ANEXO_INVERSIONES_2016.pdf\" target=\"_self\">ANEXO DE INVERSIONES<\/a><a href=\"https:\/\/www.utrera.org\/opencms\/export\/sites\/default\/utrera\/galeria\/download\/ANEXO_INVERSIONES_2016.pdf\"><br \/><\/a><\/li><li>MODIFICACIONES PRESUPUESTARIAS<ol><li><a title=\"INCORPORACIONES DE REMANENTES 2016\" href=\"https:\/\/www.utrera.org\/opencms\/export\/sites\/default\/utrera\/galeria\/download\/INCORPORACIONES_DE_REMANENTES_2016.pdf\" target=\"_self\">INCORPORACIONES DE REMANENTES<br \/><\/a><\/li><li><a title=\"GENERACIONES CR\u00c9DITO 2016\" href=\"https:\/\/www.utrera.org\/opencms\/export\/sites\/default\/utrera\/galeria\/download\/GENERACIONES_CRxDITO_2016.pdf\" target=\"_self\">GENERACIONES DE CR\u00c9DITOS<br \/><\/a><\/li><li><a title=\"CR\u00c9DITOS EXTRAORDINARIOS 2016\" href=\"https:\/\/www.utrera.org\/opencms\/export\/sites\/default\/utrera\/galeria\/download\/CRxDITOS_EXTRAORDINARIOS_2016.pdf\" target=\"_self\">CR\u00c9DITOS EXTRAORDINARIOS<br \/><\/a><\/li><li><a title=\"SUPLEMENTOS DE CR\u00c9DITO 2016\" href=\"https:\/\/www.utrera.org\/opencms\/export\/sites\/default\/utrera\/galeria\/download\/SUPLEMENTOS_DE_CRxDITO_2016.pdf\" target=\"_self\">SUPLEMENTOS DE CR\u00c9DITO<br \/><\/a><\/li><li>TRANSFERENCIAS DE CR\u00c9DITO<ol><li><a title=\"TRANSFERENCIAS DE CR\u00c9DITO AC.PLENO\" href=\"https:\/\/www.utrera.org\/opencms\/export\/sites\/default\/utrera\/galeria\/download\/TRANSFERENCIAS_DE_CRxDITO_AC.PLENO.pdf\" target=\"_self\">TRANSFERENCIAS DE CR\u00c9DITO POR ACUERDO PLENARIO<\/a><\/li><li><a title=\"TRANSFERENCIAS DE CR\u00c9DITO CAP.1 2016\" href=\"https:\/\/www.utrera.org\/opencms\/export\/sites\/default\/utrera\/galeria\/download\/TRANSFERENCIAS_DE_CRxDITO_CAP.1_2016.pdf\" target=\"_self\">TRANSFERENCIAS DE CR\u00c9DITO\u00a0 DE CAP\u00cdTULO 1<br \/><\/a><\/li><li><a title=\"RESTO TRANSFERENCIAS DE CR\u00c9DITO 2016\" href=\"https:\/\/www.utrera.org\/opencms\/export\/sites\/default\/utrera\/galeria\/download\/RESTO_TRANSFERENCIAS_DE_CRxDITO_2016.pdf\" target=\"_self\">RESTO TRANSFERENCIAS DE CR\u00c9DITO<\/a><\/li><\/ol><\/li><\/ol><\/li><\/ol>","_et_gb_content_width":"","footnotes":""},"class_list":["post-18226","page","type-page","status-publish","hentry"],"yoast_head":"<!-- This site is optimized with the Yoast SEO plugin v27.3 - https:\/\/yoast.com\/product\/yoast-seo-wordpress\/ -->\n<title>Organigrama - Ayuntamiento de Utrera<\/title>\n<meta name=\"robots\" content=\"index, follow, max-snippet:-1, max-image-preview:large, max-video-preview:-1\" \/>\n<link rel=\"canonical\" href=\"https:\/\/www.utrera.org\/en\/organigrama\/\" \/>\n<meta property=\"og:locale\" content=\"en_GB\" \/>\n<meta property=\"og:type\" content=\"article\" \/>\n<meta property=\"og:title\" content=\"Organigrama - Ayuntamiento de Utrera\" \/>\n<meta property=\"og:description\" content=\"Organigrama completo y Decretos de Organizaci\u00f3n del Ayuntamiento de Utrera donde se especifican las funciones. &nbsp; CORPORACI\u00d3N MUNICIPAL 2023-2027 &nbsp; ORGANIZACI\u00d3N \u00c1REAS MUNICIPALES 2023-2027 30-07-2023 Decreto de organizaci\u00f3n municipal 2023-2027, julio 2024 (Modificaci\u00f3n organizaci\u00f3n de instrucciones de contratos menores de importe igual o inferior a 3000\u20ac y anexo I de gesti\u00f3n de edificios municipales. \u00a0 [&hellip;]\" \/>\n<meta property=\"og:url\" content=\"https:\/\/www.utrera.org\/en\/organigrama\/\" \/>\n<meta property=\"og:site_name\" content=\"Ayuntamiento de Utrera\" \/>\n<meta property=\"article:publisher\" content=\"https:\/\/www.facebook.com\/AyuntamientodeUtrera\/\" \/>\n<meta property=\"article:modified_time\" content=\"2024-07-30T10:05:38+00:00\" \/>\n<meta name=\"twitter:card\" content=\"summary_large_image\" \/>\n<meta name=\"twitter:site\" content=\"@CiudadUtrera\" \/>\n<meta name=\"twitter:label1\" content=\"Est. reading time\" \/>\n\t<meta name=\"twitter:data1\" content=\"2 minutes\" \/>\n<script type=\"application\/ld+json\" class=\"yoast-schema-graph\">{\"@context\":\"https:\\\/\\\/schema.org\",\"@graph\":[{\"@type\":\"WebPage\",\"@id\":\"https:\\\/\\\/www.utrera.org\\\/organigrama\\\/\",\"url\":\"https:\\\/\\\/www.utrera.org\\\/organigrama\\\/\",\"name\":\"Organigrama - Ayuntamiento de Utrera\",\"isPartOf\":{\"@id\":\"https:\\\/\\\/www.utrera.org\\\/#website\"},\"datePublished\":\"2019-04-23T10:55:37+00:00\",\"dateModified\":\"2024-07-30T10:05:38+00:00\",\"breadcrumb\":{\"@id\":\"https:\\\/\\\/www.utrera.org\\\/organigrama\\\/#breadcrumb\"},\"inLanguage\":\"en-GB\",\"potentialAction\":[{\"@type\":\"ReadAction\",\"target\":[\"https:\\\/\\\/www.utrera.org\\\/organigrama\\\/\"]}]},{\"@type\":\"BreadcrumbList\",\"@id\":\"https:\\\/\\\/www.utrera.org\\\/organigrama\\\/#breadcrumb\",\"itemListElement\":[{\"@type\":\"ListItem\",\"position\":1,\"name\":\"Inicio\",\"item\":\"https:\\\/\\\/www.utrera.org\\\/\"},{\"@type\":\"ListItem\",\"position\":2,\"name\":\"Organigrama\"}]},{\"@type\":\"WebSite\",\"@id\":\"https:\\\/\\\/www.utrera.org\\\/#website\",\"url\":\"https:\\\/\\\/www.utrera.org\\\/\",\"name\":\"Ayuntamiento de Utrera\",\"description\":\"Web Municipal del Ayuntamiento de Utrera\",\"potentialAction\":[{\"@type\":\"SearchAction\",\"target\":{\"@type\":\"EntryPoint\",\"urlTemplate\":\"https:\\\/\\\/www.utrera.org\\\/?s={search_term_string}\"},\"query-input\":{\"@type\":\"PropertyValueSpecification\",\"valueRequired\":true,\"valueName\":\"search_term_string\"}}],\"inLanguage\":\"en-GB\"}]}<\/script>\n<!-- \/ Yoast SEO plugin. -->","yoast_head_json":{"title":"Organigrama - Ayuntamiento de Utrera","robots":{"index":"index","follow":"follow","max-snippet":"max-snippet:-1","max-image-preview":"max-image-preview:large","max-video-preview":"max-video-preview:-1"},"canonical":"https:\/\/www.utrera.org\/en\/organigrama\/","og_locale":"en_GB","og_type":"article","og_title":"Organigrama - Ayuntamiento de Utrera","og_description":"Organigrama completo y Decretos de Organizaci\u00f3n del Ayuntamiento de Utrera donde se especifican las funciones. &nbsp; CORPORACI\u00d3N MUNICIPAL 2023-2027 &nbsp; ORGANIZACI\u00d3N \u00c1REAS MUNICIPALES 2023-2027 30-07-2023 Decreto de organizaci\u00f3n municipal 2023-2027, julio 2024 (Modificaci\u00f3n organizaci\u00f3n de instrucciones de contratos menores de importe igual o inferior a 3000\u20ac y anexo I de gesti\u00f3n de edificios municipales. \u00a0 [&hellip;]","og_url":"https:\/\/www.utrera.org\/en\/organigrama\/","og_site_name":"Ayuntamiento de Utrera","article_publisher":"https:\/\/www.facebook.com\/AyuntamientodeUtrera\/","article_modified_time":"2024-07-30T10:05:38+00:00","twitter_card":"summary_large_image","twitter_site":"@CiudadUtrera","twitter_misc":{"Est. reading time":"2 minutes"},"schema":{"@context":"https:\/\/schema.org","@graph":[{"@type":"WebPage","@id":"https:\/\/www.utrera.org\/organigrama\/","url":"https:\/\/www.utrera.org\/organigrama\/","name":"Organigrama - Ayuntamiento de Utrera","isPartOf":{"@id":"https:\/\/www.utrera.org\/#website"},"datePublished":"2019-04-23T10:55:37+00:00","dateModified":"2024-07-30T10:05:38+00:00","breadcrumb":{"@id":"https:\/\/www.utrera.org\/organigrama\/#breadcrumb"},"inLanguage":"en-GB","potentialAction":[{"@type":"ReadAction","target":["https:\/\/www.utrera.org\/organigrama\/"]}]},{"@type":"BreadcrumbList","@id":"https:\/\/www.utrera.org\/organigrama\/#breadcrumb","itemListElement":[{"@type":"ListItem","position":1,"name":"Inicio","item":"https:\/\/www.utrera.org\/"},{"@type":"ListItem","position":2,"name":"Organigrama"}]},{"@type":"WebSite","@id":"https:\/\/www.utrera.org\/#website","url":"https:\/\/www.utrera.org\/","name":"City Council of Utrera","description":"Web Municipal del Ayuntamiento de Utrera","potentialAction":[{"@type":"SearchAction","target":{"@type":"EntryPoint","urlTemplate":"https:\/\/www.utrera.org\/?s={search_term_string}"},"query-input":{"@type":"PropertyValueSpecification","valueRequired":true,"valueName":"search_term_string"}}],"inLanguage":"en-GB"}]}},"_links":{"self":[{"href":"https:\/\/www.utrera.org\/en\/wp-json\/wp\/v2\/pages\/18226","targetHints":{"allow":["GET"]}}],"collection":[{"href":"https:\/\/www.utrera.org\/en\/wp-json\/wp\/v2\/pages"}],"about":[{"href":"https:\/\/www.utrera.org\/en\/wp-json\/wp\/v2\/types\/page"}],"author":[{"embeddable":true,"href":"https:\/\/www.utrera.org\/en\/wp-json\/wp\/v2\/users\/10"}],"replies":[{"embeddable":true,"href":"https:\/\/www.utrera.org\/en\/wp-json\/wp\/v2\/comments?post=18226"}],"version-history":[{"count":18,"href":"https:\/\/www.utrera.org\/en\/wp-json\/wp\/v2\/pages\/18226\/revisions"}],"predecessor-version":[{"id":54475,"href":"https:\/\/www.utrera.org\/en\/wp-json\/wp\/v2\/pages\/18226\/revisions\/54475"}],"wp:attachment":[{"href":"https:\/\/www.utrera.org\/en\/wp-json\/wp\/v2\/media?parent=18226"}],"curies":[{"name":"wp","href":"https:\/\/api.w.org\/{rel}","templated":true}]}}