{"id":17799,"date":"2019-04-09T11:26:21","date_gmt":"2019-04-09T10:26:21","guid":{"rendered":"https:\/\/www.utrera.org\/?page_id=17799"},"modified":"2020-11-13T12:52:58","modified_gmt":"2020-11-13T11:52:58","slug":"becas-para-participar-en-itinerarios-de-promocion-sociolaboral-para-mujeres-en-riesgo-de-exclusion-social-por-causas-de-genero-y-victimas-de-violencia-machista","status":"publish","type":"page","link":"https:\/\/www.utrera.org\/en\/becas-para-participar-en-itinerarios-de-promocion-sociolaboral-para-mujeres-en-riesgo-de-exclusion-social-por-causas-de-genero-y-victimas-de-violencia-machista\/","title":{"rendered":"BECAS PARA PARTICIPAR EN ITINERARIOS DE PROMOCI\u00d3N SOCIOLABORAL PARA MUJERES EN RIESGO DE EXCLUSI\u00d3N SOCIAL POR CAUSAS DE G\u00c9NERO Y V\u00cdCTIMAS DE VIOLENCIA MACHISTA."},"content":{"rendered":"[et_pb_section bb_built=\u00bb1&#8243;][et_pb_row][et_pb_column type=\u00bb4_4&#8243;][et_pb_text _builder_version=\u00bb3.0.92&#8243; background_layout=\u00bblight\u00bb]\n<h2 style=\"text-align: center;\">CONVOCATORIA 2020<\/h2>\n<p><strong>Objetivo<\/strong><\/p>\n<p style=\"text-align: justify;\">El objeto de la convocatoria es la de <strong>mejorar el bienestar y calidad de vida de las mujeres atendidas en el Centro Municipal de Informaci\u00f3n a la Mujer<\/strong>, <strong>especialmente aquellas m\u00e1s desfavorecidas que se est\u00e1n viendo afectados por los efectos de una situaci\u00f3n socioecon\u00f3mica deficitaria, agravada por la crisis sanitaria del COVI-19.<\/strong><\/p>\n<p style=\"text-align: justify;\">Somos conscientes de que esta crisis tiene efectos negativos para todas las trabajadoras y trabajadores, pero sabemos que tiene una incidencia especial en las mujeres, tal y como se est\u00e1 poniendo de manifiesto diariamente.<\/p>\n<p>&nbsp;<\/p>\n<p style=\"text-align: center;\"><strong>PLAZO DE PRESENTACI\u00d3N DE SOLICITUDES DEL 12 AL 25 DE NOVIEMBRE, AMBOS INCLUSIVE<\/strong><\/p>\n<p>\u00a0 <strong>Documentaci\u00f3n:<\/strong><\/p>\n<ul>\n<li><span style=\"color: #c34e5c;\"><a style=\"color: #c34e5c;\" href=\"https:\/\/www.utrera.org\/wp-content\/uploads\/2020\/11\/BASES-CONVOCATORIA-MODIFICADA-PLENO-punto-13.1.pdf\" target=\"_blank\" rel=\"noopener noreferrer\">Bases.<\/a><\/span><\/li>\n<li><span style=\"color: #c34e5c;\"><a style=\"color: #c34e5c;\" href=\"https:\/\/www.utrera.org\/wp-content\/uploads\/2020\/11\/CERTIFICACI\u00d3N.pdf\" target=\"_blank\" rel=\"noopener noreferrer\">Aprobaci\u00f3n de las bases en p<\/a>leno.<\/span><\/li>\n<li><span style=\"color: #c34e5c;\"><a style=\"color: #c34e5c;\" href=\"https:\/\/www.utrera.org\/wp-content\/uploads\/2020\/11\/ANEXO-I.-MODELO-SOLICITUD-BECAS.pdf\" target=\"_blank\" rel=\"noopener noreferrer\">Anexo I &#8211; Solicitud (pdf)<\/a><\/span><\/li>\n<li><span style=\"color: #c34e5c;\"><a style=\"color: #c34e5c;\" href=\"https:\/\/www.utrera.org\/wp-content\/uploads\/2020\/11\/ANEXO-I.-MODELO-SOLICITUD-BECAS.odt\" target=\"_blank\" rel=\"noopener noreferrer\">Anexo I &#8211; Solicitud (.odt)<\/a><\/span><\/li>\n<li><span style=\"color: #c34e5c;\"><a style=\"color: #c34e5c;\" href=\"https:\/\/www.utrera.org\/wp-content\/uploads\/2020\/11\/ANEXO-II.-declaraci\u00f3n-responsable-BECAS.pdf\" target=\"_blank\" rel=\"noopener noreferrer\">Anexo II &#8211; Declaraci\u00f3n responsable (pdf)<\/a><\/span><\/li>\n<li><span style=\"color: #c34e5c;\"><a style=\"color: #c34e5c;\" href=\"https:\/\/www.utrera.org\/wp-content\/uploads\/2020\/11\/ANEXO-II.-declaraci\u00f3n-responsable-BECAS.odt\" target=\"_blank\" rel=\"noopener noreferrer\">Anexo II &#8211; Declaraci\u00f3n responsable (.odt)<\/a><\/span><\/li>\n<li><span style=\"color: #c34e5c;\"><a style=\"color: #c34e5c;\" href=\"https:\/\/www.utrera.org\/wp-content\/uploads\/2020\/11\/anexo-III.-AUTORIZACI\u00d3N-EXPRESA-BECAS.pdf\" target=\"_blank\" rel=\"noopener noreferrer\">Anexo III &#8211; Autorizaci\u00f3n Art\u00edculo 28.2 LPAC (pdf)<\/a><\/span><\/li>\n<li><span style=\"color: #c34e5c;\"><a style=\"color: #c34e5c;\" href=\"https:\/\/www.utrera.org\/wp-content\/uploads\/2020\/11\/anexo-III.-AUTORIZACI\u00d3N-EXPRESA-BECAS.odt\" target=\"_blank\" rel=\"noopener noreferrer\">Anexo III &#8211; Autorizaci\u00f3n Art\u00edculo 28.2 LPAC (.odt)<\/a><\/span><\/li>\n<\/ul>\n[\/et_pb_text][\/et_pb_column][\/et_pb_row][et_pb_row][et_pb_column type=\u00bb1_2&#8243;][et_pb_text _builder_version=\u00bb3.0.92&#8243; background_layout=\u00bblight\u00bb]\n<p><a href=\"https:\/\/sede.utrera.org\/\">Acceso a la sede electr\u00f3nica<\/a><br \/>\n<a href=\"https:\/\/www.utrera.org\/sede-electronica\/\">Informaci\u00f3n sobre la Sede Electr\u00f3nica<\/a><\/p>\n<p>Tel\u00e9fono de informaci\u00f3n para realizar el tr\u00e1mite: <strong>955865786 (horario de 10 a 13 h.)<\/strong><\/p>\n[\/et_pb_text][\/et_pb_column][et_pb_column type=\u00bb1_2&#8243;][et_pb_code _builder_version=\u00bb3.0.92&#8243;]&lt;iframe width=&quot;560&quot; height=&quot;315&quot; src=&quot;https:\/\/www.youtube.com\/embed\/gsrUiCztQNg&quot; frameborder=&quot;0&quot; allow=&quot;accelerometer; autoplay; clipboard-write; encrypted-media; gyroscope; picture-in-picture&quot; allowfullscreen&gt;&lt;\/iframe&gt;[\/et_pb_code][\/et_pb_column][\/et_pb_row][\/et_pb_section]\n","protected":false},"excerpt":{"rendered":"<p><div class=\"et_pb_row et_pb_row_0 et_pb_row_empty\">\n\t\t\t\t\n\t\t\t\t\n\t\t\t\t\n\t\t\t\t\n\t\t\t\t\n\t\t\t<\/div> CONVOCATORIA 2020 Objetivo El objeto de la convocatoria es la de mejorar el bienestar y calidad de vida de las mujeres atendidas en el Centro Municipal de Informaci\u00f3n a la Mujer, especialmente aquellas m\u00e1s desfavorecidas que se est\u00e1n viendo afectados por los efectos de una situaci\u00f3n socioecon\u00f3mica deficitaria, agravada por la crisis sanitaria del [&hellip;]<\/p>\n","protected":false},"author":10,"featured_media":0,"parent":0,"menu_order":0,"comment_status":"closed","ping_status":"closed","template":"","meta":{"_et_pb_use_builder":"on","_et_pb_old_content":"<h2 style=\"text-align: center;\">CONVOCATORIA 2020<\/h2>\r\n<strong>Objetivo<\/strong>\r\n<p style=\"text-align: justify;\">El objeto de la convocatoria es la de <strong>mejorar el bienestar y calidad de vida de las mujeres atendidas en el Centro Municipal de Informaci\u00f3n a la Mujer<\/strong>, <strong>especialmente aquellas m\u00e1s desfavorecidas que se est\u00e1n viendo afectados por los efectos de una situaci\u00f3n socioecon\u00f3mica deficitaria, agravada por la crisis sanitaria del COVI-19.<\/strong><\/p>\r\n<p style=\"text-align: justify;\">Somos conscientes de que esta crisis tiene efectos negativos para todas las trabajadoras y trabajadores, pero sabemos que tiene una incidencia especial en las mujeres, tal y como se est\u00e1 poniendo de manifiesto diariamente.<\/p>\r\n<strong>Documentaci\u00f3n:<\/strong>\r\n<ul>\r\n \t<li><span style=\"color: #c34e5c;\"><a style=\"color: #c34e5c;\" href=\"https:\/\/www.utrera.org\/wp-content\/uploads\/2020\/11\/BASES-CONVOCATORIA-MODIFICADA-PLENO-punto-13.1.pdf\" target=\"_blank\" rel=\"noopener noreferrer\">Bases.<\/a><\/span><\/li>\r\n \t<li><span style=\"color: #c34e5c;\"><a style=\"color: #c34e5c;\" href=\"https:\/\/www.utrera.org\/wp-content\/uploads\/2020\/11\/CERTIFICACI\u00d3N.pdf\" target=\"_blank\" rel=\"noopener noreferrer\">Aprobaci\u00f3n de las bases en p<\/a>leno.<\/span><\/li>\r\n \t<li><span style=\"color: #c34e5c;\"><a style=\"color: #c34e5c;\" href=\"https:\/\/www.utrera.org\/wp-content\/uploads\/2020\/11\/ANEXO-I.-MODELO-SOLICITUD-BECAS.pdf\" target=\"_blank\" rel=\"noopener noreferrer\">Anexo I - Solicitud (pdf)<\/a><\/span><\/li>\r\n \t<li><span style=\"color: #c34e5c;\"><a style=\"color: #c34e5c;\" href=\"https:\/\/www.utrera.org\/wp-content\/uploads\/2020\/11\/ANEXO-I.-MODELO-SOLICITUD-BECAS.odt\" target=\"_blank\" rel=\"noopener noreferrer\">Anexo I - Solicitud (.odt)<\/a><\/span><\/li>\r\n \t<li><span style=\"color: #c34e5c;\"><a style=\"color: #c34e5c;\" href=\"https:\/\/www.utrera.org\/wp-content\/uploads\/2020\/11\/ANEXO-II.-declaraci\u00f3n-responsable-BECAS.pdf\" target=\"_blank\" rel=\"noopener noreferrer\">Anexo II - Declaraci\u00f3n responsable (pdf)<\/a><\/span><\/li>\r\n \t<li><span style=\"color: #c34e5c;\"><a style=\"color: #c34e5c;\" href=\"https:\/\/www.utrera.org\/wp-content\/uploads\/2020\/11\/ANEXO-II.-declaraci\u00f3n-responsable-BECAS.odt\" target=\"_blank\" rel=\"noopener noreferrer\">Anexo II - Declaraci\u00f3n responsable (.odt)<\/a><\/span><\/li>\r\n \t<li><span style=\"color: #c34e5c;\"><a style=\"color: #c34e5c;\" href=\"https:\/\/www.utrera.org\/wp-content\/uploads\/2020\/11\/anexo-III.-AUTORIZACI\u00d3N-EXPRESA-BECAS.pdf\" target=\"_blank\" rel=\"noopener noreferrer\">Anexo III - Autorizaci\u00f3n Art\u00edculo 28.2 LPAC (pdf)<\/a><\/span><\/li>\r\n \t<li><span style=\"color: #c34e5c;\"><a style=\"color: #c34e5c;\" href=\"https:\/\/www.utrera.org\/wp-content\/uploads\/2020\/11\/anexo-III.-AUTORIZACI\u00d3N-EXPRESA-BECAS.odt\" target=\"_blank\" rel=\"noopener noreferrer\">Anexo III - Autorizaci\u00f3n Art\u00edculo 28.2 LPAC (.odt)<\/a><\/span><\/li>\r\n<\/ul>\r\n<a href=\"https:\/\/www.utrera.org\/project\/servicio-de-solicitud-generica\/\">Acceso a la sede electr\u00f3nica<\/a> (v\u00eddeo explicativo)\r\n\r\nTel\u00e9fono de informaci\u00f3n para realizar el tr\u00e1mite: <strong>955865786 (horario de 10 a 13 h.)<\/strong>\r\n\r\n\u00a0\r\n\r\n\u00a0\r\n<h3><\/h3>\r\n<h2 style=\"text-align: center;\">CONVOCATORIA 2019<\/h2>\r\n\u00a0\r\n\r\n<span style=\"color: #c34e5c;\"><a style=\"color: #c34e5c;\" href=\"https:\/\/www.utrera.org\/wp-content\/uploads\/2019\/06\/decreto-lista-definitiva-corregido1.pdf\" target=\"_blank\" rel=\"noopener noreferrer\">Listado definitivo de becas (modificaci\u00f3n decreto)<\/a><\/span>\r\n\r\n<span style=\"color: #c34e5c;\"><a style=\"color: #c34e5c;\" href=\"https:\/\/www.utrera.org\/wp-content\/uploads\/2019\/06\/decreto-lista-definitiva1.pdf\" target=\"_blank\" rel=\"noopener noreferrer\">Decreto de elevaci\u00f3n a definitiva la valoraci\u00f3n de becas<\/a><\/span>\r\n\r\n<span style=\"color: #c34e5c;\"><a style=\"color: #c34e5c;\" href=\"https:\/\/www.utrera.org\/wp-content\/uploads\/2019\/05\/acta-2-Becas-Itinerariso-de-Promocin\u0303on-Sociolaboral.pdf\" target=\"_blank\" rel=\"noopener noreferrer\">Acta de valoraci\u00f3n provisional de las <span style=\"color: #c34e5c;\">becas<\/span><\/a><\/span>\r\n\r\n\u00a0\r\n\r\n<strong>Objetivo<\/strong>\r\n<p style=\"text-align: justify;\">El objeto de la convocatoria es la de <strong>mejorar el bienestar y calidad de vida de las mujeres atendidas en el Centro Municipal de Informaci\u00f3n a la Mujer<\/strong>, especialmente aquellas m\u00e1s desfavorecidas que se est\u00e1n viendo afectados por los efectos de una situaci\u00f3n socioecon\u00f3mica deficitaria, mediante <strong>concesi\u00f3n directa, de conformidad con lo establecido en el art. 22.2.C de la Ley 38\/2003, de 17 de noviembre, general de subvenciones<\/strong>. Por medio de la presente se establecen las bases que regulan y ordenan el sistema de propuesta de Becas para participar en<strong> Itinerarios de Promoci\u00f3n Sociolaboral para Mujeres en Riesgo de Exclusi\u00f3n Social por Causas de G\u00e9nero y V\u00edctimas de violencia Machista<\/strong>.<\/p>\r\n<strong>Documentaci\u00f3n:<\/strong>\r\n<ul>\r\n \t<li><span style=\"color: #c34e5c;\"><a style=\"color: #c34e5c;\" href=\"https:\/\/www.utrera.org\/wp-content\/uploads\/2019\/04\/NOTA-INFORMATIVA-BECAS.pdf\" target=\"_blank\" rel=\"noopener noreferrer\">Nota informativa.<\/a><\/span><\/li>\r\n \t<li><span style=\"color: #c34e5c;\"><a style=\"color: #c34e5c;\" href=\"https:\/\/www.utrera.org\/wp-content\/uploads\/2019\/04\/10IGUALDAD_BASES-BECAS.pdf\" target=\"_blank\" rel=\"noopener noreferrer\">Bases.<\/a><\/span><\/li>\r\n \t<li><span style=\"color: #c34e5c;\"><a style=\"color: #c34e5c;\" href=\"https:\/\/www.utrera.org\/wp-content\/uploads\/2019\/04\/Aq-190329-10.pdf\" target=\"_blank\" rel=\"noopener noreferrer\">Aprobaci\u00f3n de las bases en Junta de Gobierno Local<\/a><\/span><\/li>\r\n \t<li><span style=\"color: #c34e5c;\"><a style=\"color: #c34e5c;\" href=\"https:\/\/www.utrera.org\/wp-content\/uploads\/2019\/04\/BOP-ANUNCIO-BECAS.pdf\" target=\"_blank\" rel=\"noopener noreferrer\">Anuncio de publicaci\u00f3n de las bases en el BOP<\/a><\/span><\/li>\r\n \t<li><span style=\"color: #c34e5c;\"><a style=\"color: #c34e5c;\" href=\"https:\/\/www.utrera.org\/wp-content\/uploads\/2019\/04\/ANEXO-I-SOLICITUD-2.pdf\" target=\"_blank\" rel=\"noopener noreferrer\">Anexo I - Solicitud<\/a><\/span><\/li>\r\n \t<li><span style=\"color: #c34e5c;\"><a style=\"color: #c34e5c;\" href=\"https:\/\/www.utrera.org\/wp-content\/uploads\/2019\/04\/ANEXO-II-DECLARACION.pdf\" target=\"_blank\" rel=\"noopener noreferrer\">Anexo II - Declaraci\u00f3n responsable<\/a><\/span><\/li>\r\n \t<li><span style=\"color: #c34e5c;\"><a style=\"color: #c34e5c;\" href=\"https:\/\/www.utrera.org\/wp-content\/uploads\/2019\/04\/ANEXO-III.pdf\" target=\"_blank\" rel=\"noopener noreferrer\">Anexo III - Autorizaci\u00f3n Art\u00edculo 28.2 LPAC<\/a><\/span><\/li>\r\n<\/ul>\r\n<strong>Plazo de recogida de solicitudes: <\/strong>del 9 al 24 de abril de 2019, ambos inclusive.\r\n\r\n\u00a0","_et_gb_content_width":"","footnotes":""},"class_list":["post-17799","page","type-page","status-publish","hentry"],"yoast_head":"<!-- This site is optimized with the Yoast SEO plugin v27.3 - https:\/\/yoast.com\/product\/yoast-seo-wordpress\/ -->\n<title>BECAS PARA PARTICIPAR EN ITINERARIOS DE PROMOCI\u00d3N SOCIOLABORAL PARA MUJERES EN RIESGO DE EXCLUSI\u00d3N SOCIAL POR CAUSAS DE G\u00c9NERO Y V\u00cdCTIMAS DE VIOLENCIA MACHISTA. - Ayuntamiento de Utrera<\/title>\n<meta name=\"robots\" content=\"index, follow, max-snippet:-1, max-image-preview:large, max-video-preview:-1\" \/>\n<link rel=\"canonical\" href=\"https:\/\/www.utrera.org\/en\/becas-para-participar-en-itinerarios-de-promocion-sociolaboral-para-mujeres-en-riesgo-de-exclusion-social-por-causas-de-genero-y-victimas-de-violencia-machista\/\" \/>\n<meta property=\"og:locale\" content=\"en_GB\" \/>\n<meta property=\"og:type\" content=\"article\" \/>\n<meta property=\"og:title\" content=\"BECAS PARA PARTICIPAR EN ITINERARIOS DE PROMOCI\u00d3N SOCIOLABORAL PARA MUJERES EN RIESGO DE EXCLUSI\u00d3N SOCIAL POR CAUSAS DE G\u00c9NERO Y V\u00cdCTIMAS DE VIOLENCIA MACHISTA. - Ayuntamiento de Utrera\" \/>\n<meta property=\"og:description\" content=\"CONVOCATORIA 2020 Objetivo El objeto de la convocatoria es la de mejorar el bienestar y calidad de vida de las mujeres atendidas en el Centro Municipal de Informaci\u00f3n a la Mujer, especialmente aquellas m\u00e1s desfavorecidas que se est\u00e1n viendo afectados por los efectos de una situaci\u00f3n socioecon\u00f3mica deficitaria, agravada por la crisis sanitaria del [&hellip;]\" \/>\n<meta property=\"og:url\" content=\"https:\/\/www.utrera.org\/en\/becas-para-participar-en-itinerarios-de-promocion-sociolaboral-para-mujeres-en-riesgo-de-exclusion-social-por-causas-de-genero-y-victimas-de-violencia-machista\/\" \/>\n<meta property=\"og:site_name\" content=\"Ayuntamiento de Utrera\" \/>\n<meta property=\"article:publisher\" content=\"https:\/\/www.facebook.com\/AyuntamientodeUtrera\/\" \/>\n<meta property=\"article:modified_time\" content=\"2020-11-13T11:52:58+00:00\" \/>\n<meta name=\"twitter:card\" content=\"summary_large_image\" \/>\n<meta name=\"twitter:site\" content=\"@CiudadUtrera\" \/>\n<meta name=\"twitter:label1\" content=\"Est. reading time\" \/>\n\t<meta name=\"twitter:data1\" content=\"1 minute\" \/>\n<script type=\"application\/ld+json\" class=\"yoast-schema-graph\">{\"@context\":\"https:\\\/\\\/schema.org\",\"@graph\":[{\"@type\":\"WebPage\",\"@id\":\"https:\\\/\\\/www.utrera.org\\\/becas-para-participar-en-itinerarios-de-promocion-sociolaboral-para-mujeres-en-riesgo-de-exclusion-social-por-causas-de-genero-y-victimas-de-violencia-machista\\\/\",\"url\":\"https:\\\/\\\/www.utrera.org\\\/becas-para-participar-en-itinerarios-de-promocion-sociolaboral-para-mujeres-en-riesgo-de-exclusion-social-por-causas-de-genero-y-victimas-de-violencia-machista\\\/\",\"name\":\"BECAS PARA PARTICIPAR EN ITINERARIOS DE PROMOCI\u00d3N SOCIOLABORAL PARA MUJERES EN RIESGO DE EXCLUSI\u00d3N SOCIAL POR CAUSAS DE G\u00c9NERO Y V\u00cdCTIMAS DE VIOLENCIA MACHISTA. - Ayuntamiento de Utrera\",\"isPartOf\":{\"@id\":\"https:\\\/\\\/www.utrera.org\\\/#website\"},\"datePublished\":\"2019-04-09T10:26:21+00:00\",\"dateModified\":\"2020-11-13T11:52:58+00:00\",\"breadcrumb\":{\"@id\":\"https:\\\/\\\/www.utrera.org\\\/becas-para-participar-en-itinerarios-de-promocion-sociolaboral-para-mujeres-en-riesgo-de-exclusion-social-por-causas-de-genero-y-victimas-de-violencia-machista\\\/#breadcrumb\"},\"inLanguage\":\"en-GB\",\"potentialAction\":[{\"@type\":\"ReadAction\",\"target\":[\"https:\\\/\\\/www.utrera.org\\\/becas-para-participar-en-itinerarios-de-promocion-sociolaboral-para-mujeres-en-riesgo-de-exclusion-social-por-causas-de-genero-y-victimas-de-violencia-machista\\\/\"]}]},{\"@type\":\"BreadcrumbList\",\"@id\":\"https:\\\/\\\/www.utrera.org\\\/becas-para-participar-en-itinerarios-de-promocion-sociolaboral-para-mujeres-en-riesgo-de-exclusion-social-por-causas-de-genero-y-victimas-de-violencia-machista\\\/#breadcrumb\",\"itemListElement\":[{\"@type\":\"ListItem\",\"position\":1,\"name\":\"Inicio\",\"item\":\"https:\\\/\\\/www.utrera.org\\\/\"},{\"@type\":\"ListItem\",\"position\":2,\"name\":\"BECAS PARA PARTICIPAR EN ITINERARIOS DE PROMOCI\u00d3N SOCIOLABORAL PARA MUJERES EN RIESGO DE EXCLUSI\u00d3N SOCIAL POR CAUSAS DE G\u00c9NERO Y V\u00cdCTIMAS DE VIOLENCIA MACHISTA.\"}]},{\"@type\":\"WebSite\",\"@id\":\"https:\\\/\\\/www.utrera.org\\\/#website\",\"url\":\"https:\\\/\\\/www.utrera.org\\\/\",\"name\":\"Ayuntamiento de Utrera\",\"description\":\"Web Municipal del Ayuntamiento de Utrera\",\"potentialAction\":[{\"@type\":\"SearchAction\",\"target\":{\"@type\":\"EntryPoint\",\"urlTemplate\":\"https:\\\/\\\/www.utrera.org\\\/?s={search_term_string}\"},\"query-input\":{\"@type\":\"PropertyValueSpecification\",\"valueRequired\":true,\"valueName\":\"search_term_string\"}}],\"inLanguage\":\"en-GB\"}]}<\/script>\n<!-- \/ Yoast SEO plugin. -->","yoast_head_json":{"title":"BECAS PARA PARTICIPAR EN ITINERARIOS DE PROMOCI\u00d3N SOCIOLABORAL PARA MUJERES EN RIESGO DE EXCLUSI\u00d3N SOCIAL POR CAUSAS DE G\u00c9NERO Y V\u00cdCTIMAS DE VIOLENCIA MACHISTA. - Ayuntamiento de Utrera","robots":{"index":"index","follow":"follow","max-snippet":"max-snippet:-1","max-image-preview":"max-image-preview:large","max-video-preview":"max-video-preview:-1"},"canonical":"https:\/\/www.utrera.org\/en\/becas-para-participar-en-itinerarios-de-promocion-sociolaboral-para-mujeres-en-riesgo-de-exclusion-social-por-causas-de-genero-y-victimas-de-violencia-machista\/","og_locale":"en_GB","og_type":"article","og_title":"BECAS PARA PARTICIPAR EN ITINERARIOS DE PROMOCI\u00d3N SOCIOLABORAL PARA MUJERES EN RIESGO DE EXCLUSI\u00d3N SOCIAL POR CAUSAS DE G\u00c9NERO Y V\u00cdCTIMAS DE VIOLENCIA MACHISTA. - Ayuntamiento de Utrera","og_description":"CONVOCATORIA 2020 Objetivo El objeto de la convocatoria es la de mejorar el bienestar y calidad de vida de las mujeres atendidas en el Centro Municipal de Informaci\u00f3n a la Mujer, especialmente aquellas m\u00e1s desfavorecidas que se est\u00e1n viendo afectados por los efectos de una situaci\u00f3n socioecon\u00f3mica deficitaria, agravada por la crisis sanitaria del [&hellip;]","og_url":"https:\/\/www.utrera.org\/en\/becas-para-participar-en-itinerarios-de-promocion-sociolaboral-para-mujeres-en-riesgo-de-exclusion-social-por-causas-de-genero-y-victimas-de-violencia-machista\/","og_site_name":"Ayuntamiento de Utrera","article_publisher":"https:\/\/www.facebook.com\/AyuntamientodeUtrera\/","article_modified_time":"2020-11-13T11:52:58+00:00","twitter_card":"summary_large_image","twitter_site":"@CiudadUtrera","twitter_misc":{"Est. reading time":"1 minute"},"schema":{"@context":"https:\/\/schema.org","@graph":[{"@type":"WebPage","@id":"https:\/\/www.utrera.org\/becas-para-participar-en-itinerarios-de-promocion-sociolaboral-para-mujeres-en-riesgo-de-exclusion-social-por-causas-de-genero-y-victimas-de-violencia-machista\/","url":"https:\/\/www.utrera.org\/becas-para-participar-en-itinerarios-de-promocion-sociolaboral-para-mujeres-en-riesgo-de-exclusion-social-por-causas-de-genero-y-victimas-de-violencia-machista\/","name":"BECAS PARA PARTICIPAR EN ITINERARIOS DE PROMOCI\u00d3N SOCIOLABORAL PARA MUJERES EN RIESGO DE EXCLUSI\u00d3N SOCIAL POR CAUSAS DE G\u00c9NERO Y V\u00cdCTIMAS DE VIOLENCIA MACHISTA. - Ayuntamiento de Utrera","isPartOf":{"@id":"https:\/\/www.utrera.org\/#website"},"datePublished":"2019-04-09T10:26:21+00:00","dateModified":"2020-11-13T11:52:58+00:00","breadcrumb":{"@id":"https:\/\/www.utrera.org\/becas-para-participar-en-itinerarios-de-promocion-sociolaboral-para-mujeres-en-riesgo-de-exclusion-social-por-causas-de-genero-y-victimas-de-violencia-machista\/#breadcrumb"},"inLanguage":"en-GB","potentialAction":[{"@type":"ReadAction","target":["https:\/\/www.utrera.org\/becas-para-participar-en-itinerarios-de-promocion-sociolaboral-para-mujeres-en-riesgo-de-exclusion-social-por-causas-de-genero-y-victimas-de-violencia-machista\/"]}]},{"@type":"BreadcrumbList","@id":"https:\/\/www.utrera.org\/becas-para-participar-en-itinerarios-de-promocion-sociolaboral-para-mujeres-en-riesgo-de-exclusion-social-por-causas-de-genero-y-victimas-de-violencia-machista\/#breadcrumb","itemListElement":[{"@type":"ListItem","position":1,"name":"Inicio","item":"https:\/\/www.utrera.org\/"},{"@type":"ListItem","position":2,"name":"BECAS PARA PARTICIPAR EN ITINERARIOS DE PROMOCI\u00d3N SOCIOLABORAL PARA MUJERES EN RIESGO DE EXCLUSI\u00d3N SOCIAL POR CAUSAS DE G\u00c9NERO Y V\u00cdCTIMAS DE VIOLENCIA MACHISTA."}]},{"@type":"WebSite","@id":"https:\/\/www.utrera.org\/#website","url":"https:\/\/www.utrera.org\/","name":"City Council of Utrera","description":"Web Municipal del Ayuntamiento de Utrera","potentialAction":[{"@type":"SearchAction","target":{"@type":"EntryPoint","urlTemplate":"https:\/\/www.utrera.org\/?s={search_term_string}"},"query-input":{"@type":"PropertyValueSpecification","valueRequired":true,"valueName":"search_term_string"}}],"inLanguage":"en-GB"}]}},"_links":{"self":[{"href":"https:\/\/www.utrera.org\/en\/wp-json\/wp\/v2\/pages\/17799","targetHints":{"allow":["GET"]}}],"collection":[{"href":"https:\/\/www.utrera.org\/en\/wp-json\/wp\/v2\/pages"}],"about":[{"href":"https:\/\/www.utrera.org\/en\/wp-json\/wp\/v2\/types\/page"}],"author":[{"embeddable":true,"href":"https:\/\/www.utrera.org\/en\/wp-json\/wp\/v2\/users\/10"}],"replies":[{"embeddable":true,"href":"https:\/\/www.utrera.org\/en\/wp-json\/wp\/v2\/comments?post=17799"}],"version-history":[{"count":10,"href":"https:\/\/www.utrera.org\/en\/wp-json\/wp\/v2\/pages\/17799\/revisions"}],"predecessor-version":[{"id":40224,"href":"https:\/\/www.utrera.org\/en\/wp-json\/wp\/v2\/pages\/17799\/revisions\/40224"}],"wp:attachment":[{"href":"https:\/\/www.utrera.org\/en\/wp-json\/wp\/v2\/media?parent=17799"}],"curies":[{"name":"wp","href":"https:\/\/api.w.org\/{rel}","templated":true}]}}