{"id":17474,"date":"2019-04-03T12:37:11","date_gmt":"2019-04-03T11:37:11","guid":{"rendered":"https:\/\/www.utrera.org\/?page_id=17474"},"modified":"2021-07-05T10:18:51","modified_gmt":"2021-07-05T09:18:51","slug":"becas-de-ayuda-al-transporte","status":"publish","type":"page","link":"https:\/\/www.utrera.org\/en\/becas-de-ayuda-al-transporte\/","title":{"rendered":"Becas de Ayuda al Transporte"},"content":{"rendered":"[et_pb_section bb_built=\u00bb1&#8243;][et_pb_row][et_pb_column type=\u00bb4_4&#8243;][et_pb_text _builder_version=\u00bb3.0.92&#8243; background_layout=\u00bblight\u00bb]\n<h3 style=\"text-align: center;\">CONVOCATORIA 2020<\/h3>\n<p>&nbsp;<\/p>\n<p><strong>\u00bfQu\u00e9 es?<\/strong><br \/>\nConcesi\u00f3n de ayudas, en r\u00e9gimen de concurrencia competitiva, para colaborar con los gastos de desplazamiento, del curso 2020\/21, de aquellos y aquellas estudiantes utreranos y utreranas que cursen estudios reglados fuera de la localidad de Utrera.<\/p>\n<p><strong>Documentaci\u00f3n:<\/strong><br \/>\n<span style=\"color: #c34e5c;\"><a style=\"color: #c34e5c;\" href=\"https:\/\/www.utrera.org\/wp-content\/uploads\/2020\/11\/ANUNCIOBECASfirmado.pdf\" target=\"_blank\" rel=\"noopener noreferrer\">Anuncio<\/a><\/span><br \/>\n<span style=\"color: #c34e5c;\"><a style=\"color: #c34e5c;\" href=\"https:\/\/www.utrera.org\/wp-content\/uploads\/2020\/11\/becas-transporte-2020_basesfirmadas.pdf\" target=\"_blank\" rel=\"noopener noreferrer\">Bases Reguladoras.<\/a><\/span><br \/>\n<span style=\"color: #c34e5c;\"><a style=\"color: #c34e5c;\" href=\"https:\/\/www.utrera.org\/wp-content\/uploads\/2020\/11\/becas-transporte-2020_autobaremo.pdf\" target=\"_blank\" rel=\"noopener noreferrer\">Autobaremo.<\/a><\/span><br \/>\n<span style=\"color: #c34e5c;\"><a style=\"color: #c34e5c;\" href=\"https:\/\/www.utrera.org\/wp-content\/uploads\/2020\/11\/becas-transporte-2020_declaracionresponsable.pdf\" target=\"_blank\" rel=\"noopener noreferrer\">Declaraci\u00f3n responsable.<\/a><\/span><br \/>\n<span style=\"color: #c34e5c;\"><a style=\"color: #c34e5c;\" href=\"https:\/\/www.utrera.org\/wp-content\/uploads\/2020\/11\/becas-transporte-2020_solicitud.pdf\" target=\"_blank\" rel=\"noopener noreferrer\">Modelo de Solicitud Beca al Transporte.<\/a><\/span><br \/>\n<span style=\"color: #c34e5c;\"><a style=\"color: #c34e5c;\" href=\"https:\/\/www.utrera.org\/wp-content\/uploads\/2020\/11\/becas-transporte-2020_SOLICITUD-DE-PAGO-POR-TRASNFERENCIAS.pdf\" target=\"_blank\" rel=\"noopener noreferrer\">Modelo Solicitud de Pago por <span style=\"color: #c34e5c;\">Transferencia.<\/span><\/a><\/span><\/p>\n<p><strong>Plazo alegaciones: <\/strong>del 16 de febrero al 2 de marzo de 2021, ambos incluidos.<\/p>\n[\/et_pb_text][\/et_pb_column][\/et_pb_row][\/et_pb_section]\n<p>&nbsp;<\/p>\n<h3 style=\"text-align: center;\">NOVEDADES<\/h3>\n<ul>\n<li>15-02-2021<span style=\"color: #c34e5c;\"><a style=\"color: #c34e5c;\" href=\"https:\/\/www.utrera.org\/wp-content\/uploads\/2021\/02\/anunciofirmado-becas-transporte.pdf\"> Listado de personas admitidas y excluidas provisionales en las becas de transporte<\/a><\/span><\/li>\n<li>18-02-2021 <a href=\"https:\/\/www.utrera.org\/wp-content\/uploads\/2021\/02\/anunciopersonasadmitidas-excluidasprovisionalesayudtransporte20-21CORRECCIONERRORfirmado.pdf\">Listado de personas admitidas y excluidas provisionales en las becas de transporte<\/a> (tras correcci\u00f3n de error material)<\/li>\n<li>13-04-2021\u00a0<span style=\"color: #c34e5c;\"><a style=\"color: #c34e5c;\" href=\"https:\/\/www.utrera.org\/wp-content\/uploads\/2021\/04\/ANUNCIOLISTADOBENEFICIARIOSPROVISIONALESFIRMADO_becas-de-transporte-jovenes-estudiantes.pdf\">Listado provisional de beneficiarios<\/a><\/span><\/li>\n<li>02-07-2021 <span style=\"color: #c34e5c;\"><a style=\"color: #c34e5c;\" href=\"https:\/\/www.utrera.org\/wp-content\/uploads\/2021\/07\/ANUNCIOLISTADOPERSONASBENEFICIARIASSDEFINITIVASFIRMADO.pdf\">Listado definitivo de beneficiarios<\/a><\/span><\/li>\n<\/ul>\n","protected":false},"excerpt":{"rendered":"<p>[et_pb_section bb_built=\u00bb1&#8243;][et_pb_row][et_pb_column type=\u00bb4_4&#8243;][et_pb_text _builder_version=\u00bb3.0.92&#8243; background_layout=\u00bblight\u00bb] CONVOCATORIA 2020 &nbsp; \u00bfQu\u00e9 es? Concesi\u00f3n de ayudas, en r\u00e9gimen de concurrencia competitiva, para colaborar con los gastos de desplazamiento, del curso 2020\/21, de aquellos y aquellas estudiantes utreranos y utreranas que cursen estudios reglados fuera de la localidad de Utrera. Documentaci\u00f3n: Anuncio Bases Reguladoras. Autobaremo. Declaraci\u00f3n responsable. Modelo de [&hellip;]<\/p>\n","protected":false},"author":10,"featured_media":0,"parent":0,"menu_order":0,"comment_status":"closed","ping_status":"closed","template":"","meta":{"_et_pb_use_builder":"","_et_pb_old_content":"","_et_gb_content_width":"","footnotes":""},"class_list":["post-17474","page","type-page","status-publish","hentry"],"yoast_head":"<!-- This site is optimized with the Yoast SEO plugin v27.3 - https:\/\/yoast.com\/product\/yoast-seo-wordpress\/ -->\n<title>Becas de Ayuda al Transporte - Ayuntamiento de Utrera<\/title>\n<meta name=\"robots\" content=\"index, follow, max-snippet:-1, max-image-preview:large, max-video-preview:-1\" \/>\n<link rel=\"canonical\" href=\"https:\/\/www.utrera.org\/en\/becas-de-ayuda-al-transporte\/\" \/>\n<meta property=\"og:locale\" content=\"en_GB\" \/>\n<meta property=\"og:type\" content=\"article\" \/>\n<meta property=\"og:title\" content=\"Becas de Ayuda al Transporte - Ayuntamiento de Utrera\" \/>\n<meta property=\"og:description\" content=\"[et_pb_section bb_built=\u00bb1&#8243;][et_pb_row][et_pb_column type=\u00bb4_4&#8243;][et_pb_text _builder_version=\u00bb3.0.92&#8243; background_layout=\u00bblight\u00bb] CONVOCATORIA 2020 &nbsp; \u00bfQu\u00e9 es? Concesi\u00f3n de ayudas, en r\u00e9gimen de concurrencia competitiva, para colaborar con los gastos de desplazamiento, del curso 2020\/21, de aquellos y aquellas estudiantes utreranos y utreranas que cursen estudios reglados fuera de la localidad de Utrera. Documentaci\u00f3n: Anuncio Bases Reguladoras. Autobaremo. Declaraci\u00f3n responsable. Modelo de [&hellip;]\" \/>\n<meta property=\"og:url\" content=\"https:\/\/www.utrera.org\/en\/becas-de-ayuda-al-transporte\/\" \/>\n<meta property=\"og:site_name\" content=\"Ayuntamiento de Utrera\" \/>\n<meta property=\"article:publisher\" content=\"https:\/\/www.facebook.com\/AyuntamientodeUtrera\/\" \/>\n<meta property=\"article:modified_time\" content=\"2021-07-05T09:18:51+00:00\" \/>\n<meta name=\"twitter:card\" content=\"summary_large_image\" \/>\n<meta name=\"twitter:site\" content=\"@CiudadUtrera\" \/>\n<meta name=\"twitter:label1\" content=\"Est. reading time\" \/>\n\t<meta name=\"twitter:data1\" content=\"1 minute\" \/>\n<script type=\"application\/ld+json\" class=\"yoast-schema-graph\">{\"@context\":\"https:\\\/\\\/schema.org\",\"@graph\":[{\"@type\":\"WebPage\",\"@id\":\"https:\\\/\\\/www.utrera.org\\\/becas-de-ayuda-al-transporte\\\/\",\"url\":\"https:\\\/\\\/www.utrera.org\\\/becas-de-ayuda-al-transporte\\\/\",\"name\":\"Becas de Ayuda al Transporte - Ayuntamiento de Utrera\",\"isPartOf\":{\"@id\":\"https:\\\/\\\/www.utrera.org\\\/#website\"},\"datePublished\":\"2019-04-03T11:37:11+00:00\",\"dateModified\":\"2021-07-05T09:18:51+00:00\",\"breadcrumb\":{\"@id\":\"https:\\\/\\\/www.utrera.org\\\/becas-de-ayuda-al-transporte\\\/#breadcrumb\"},\"inLanguage\":\"en-GB\",\"potentialAction\":[{\"@type\":\"ReadAction\",\"target\":[\"https:\\\/\\\/www.utrera.org\\\/becas-de-ayuda-al-transporte\\\/\"]}]},{\"@type\":\"BreadcrumbList\",\"@id\":\"https:\\\/\\\/www.utrera.org\\\/becas-de-ayuda-al-transporte\\\/#breadcrumb\",\"itemListElement\":[{\"@type\":\"ListItem\",\"position\":1,\"name\":\"Inicio\",\"item\":\"https:\\\/\\\/www.utrera.org\\\/\"},{\"@type\":\"ListItem\",\"position\":2,\"name\":\"Becas de Ayuda al Transporte\"}]},{\"@type\":\"WebSite\",\"@id\":\"https:\\\/\\\/www.utrera.org\\\/#website\",\"url\":\"https:\\\/\\\/www.utrera.org\\\/\",\"name\":\"Ayuntamiento de Utrera\",\"description\":\"Web Municipal del Ayuntamiento de Utrera\",\"potentialAction\":[{\"@type\":\"SearchAction\",\"target\":{\"@type\":\"EntryPoint\",\"urlTemplate\":\"https:\\\/\\\/www.utrera.org\\\/?s={search_term_string}\"},\"query-input\":{\"@type\":\"PropertyValueSpecification\",\"valueRequired\":true,\"valueName\":\"search_term_string\"}}],\"inLanguage\":\"en-GB\"}]}<\/script>\n<!-- \/ Yoast SEO plugin. -->","yoast_head_json":{"title":"Becas de Ayuda al Transporte - Ayuntamiento de Utrera","robots":{"index":"index","follow":"follow","max-snippet":"max-snippet:-1","max-image-preview":"max-image-preview:large","max-video-preview":"max-video-preview:-1"},"canonical":"https:\/\/www.utrera.org\/en\/becas-de-ayuda-al-transporte\/","og_locale":"en_GB","og_type":"article","og_title":"Becas de Ayuda al Transporte - Ayuntamiento de Utrera","og_description":"[et_pb_section bb_built=\u00bb1&#8243;][et_pb_row][et_pb_column type=\u00bb4_4&#8243;][et_pb_text _builder_version=\u00bb3.0.92&#8243; background_layout=\u00bblight\u00bb] CONVOCATORIA 2020 &nbsp; \u00bfQu\u00e9 es? Concesi\u00f3n de ayudas, en r\u00e9gimen de concurrencia competitiva, para colaborar con los gastos de desplazamiento, del curso 2020\/21, de aquellos y aquellas estudiantes utreranos y utreranas que cursen estudios reglados fuera de la localidad de Utrera. Documentaci\u00f3n: Anuncio Bases Reguladoras. Autobaremo. Declaraci\u00f3n responsable. Modelo de [&hellip;]","og_url":"https:\/\/www.utrera.org\/en\/becas-de-ayuda-al-transporte\/","og_site_name":"Ayuntamiento de Utrera","article_publisher":"https:\/\/www.facebook.com\/AyuntamientodeUtrera\/","article_modified_time":"2021-07-05T09:18:51+00:00","twitter_card":"summary_large_image","twitter_site":"@CiudadUtrera","twitter_misc":{"Est. reading time":"1 minute"},"schema":{"@context":"https:\/\/schema.org","@graph":[{"@type":"WebPage","@id":"https:\/\/www.utrera.org\/becas-de-ayuda-al-transporte\/","url":"https:\/\/www.utrera.org\/becas-de-ayuda-al-transporte\/","name":"Becas de Ayuda al Transporte - Ayuntamiento de Utrera","isPartOf":{"@id":"https:\/\/www.utrera.org\/#website"},"datePublished":"2019-04-03T11:37:11+00:00","dateModified":"2021-07-05T09:18:51+00:00","breadcrumb":{"@id":"https:\/\/www.utrera.org\/becas-de-ayuda-al-transporte\/#breadcrumb"},"inLanguage":"en-GB","potentialAction":[{"@type":"ReadAction","target":["https:\/\/www.utrera.org\/becas-de-ayuda-al-transporte\/"]}]},{"@type":"BreadcrumbList","@id":"https:\/\/www.utrera.org\/becas-de-ayuda-al-transporte\/#breadcrumb","itemListElement":[{"@type":"ListItem","position":1,"name":"Inicio","item":"https:\/\/www.utrera.org\/"},{"@type":"ListItem","position":2,"name":"Becas de Ayuda al Transporte"}]},{"@type":"WebSite","@id":"https:\/\/www.utrera.org\/#website","url":"https:\/\/www.utrera.org\/","name":"City Council of Utrera","description":"Web Municipal del Ayuntamiento de Utrera","potentialAction":[{"@type":"SearchAction","target":{"@type":"EntryPoint","urlTemplate":"https:\/\/www.utrera.org\/?s={search_term_string}"},"query-input":{"@type":"PropertyValueSpecification","valueRequired":true,"valueName":"search_term_string"}}],"inLanguage":"en-GB"}]}},"_links":{"self":[{"href":"https:\/\/www.utrera.org\/en\/wp-json\/wp\/v2\/pages\/17474","targetHints":{"allow":["GET"]}}],"collection":[{"href":"https:\/\/www.utrera.org\/en\/wp-json\/wp\/v2\/pages"}],"about":[{"href":"https:\/\/www.utrera.org\/en\/wp-json\/wp\/v2\/types\/page"}],"author":[{"embeddable":true,"href":"https:\/\/www.utrera.org\/en\/wp-json\/wp\/v2\/users\/10"}],"replies":[{"embeddable":true,"href":"https:\/\/www.utrera.org\/en\/wp-json\/wp\/v2\/comments?post=17474"}],"version-history":[{"count":11,"href":"https:\/\/www.utrera.org\/en\/wp-json\/wp\/v2\/pages\/17474\/revisions"}],"predecessor-version":[{"id":40137,"href":"https:\/\/www.utrera.org\/en\/wp-json\/wp\/v2\/pages\/17474\/revisions\/40137"}],"wp:attachment":[{"href":"https:\/\/www.utrera.org\/en\/wp-json\/wp\/v2\/media?parent=17474"}],"curies":[{"name":"wp","href":"https:\/\/api.w.org\/{rel}","templated":true}]}}