{"id":14097,"date":"2019-02-14T19:15:29","date_gmt":"2019-02-14T18:15:29","guid":{"rendered":"https:\/\/www.utrera.org\/?page_id=14097"},"modified":"2019-02-14T19:17:04","modified_gmt":"2019-02-14T18:17:04","slug":"bases-subvenciones-previstas-nominativamente-en-el-presupuesto-municipal-para-el-ejercicio-2019","status":"publish","type":"page","link":"https:\/\/www.utrera.org\/en\/bases-subvenciones-previstas-nominativamente-en-el-presupuesto-municipal-para-el-ejercicio-2019\/","title":{"rendered":"Bases subvenciones previstas nominativamente en el presupuesto municipal para el ejercicio 2019"},"content":{"rendered":"[et_pb_section bb_built=\u00bb1&#8243;][et_pb_row][et_pb_column type=\u00bb4_4&#8243;][et_pb_text _builder_version=\u00bb3.0.92&#8243; background_layout=\u00bblight\u00bb]\n<p style=\"font-weight: 400;\">La Junta de Gobierno Local, de este Excmo Ayuntamiento, en Sesi\u00f3n Ordinaria, celebrada el d\u00eda 1 de febrero de 2019, adopt\u00f3 entre otros el siguiente acuerdo: PUNTO 8\u00ba.- (EXPTE. 49\/2019).- PROPUESTA DE LA ALCALD\u00cdA-PRESIDENCIA, RELATIVA A \u201cBASES GENERALES REGULADORAS Y CONVOCATORIA DE LA CONCESI\u00d3N DE SUBVENCIONES PREVISTAS NOMINATIVAMENTE EN EL PRESUPUESTO MUNICIPAL DEL EXCMO. AYUNTAMIENTO DE UTRERA PARA EL EJERCICIO 2019\u201d.<\/p>\n<p style=\"font-weight: 400;\">Se detallan a continuaci\u00f3n los datos principales de la convocatoria:<\/p>\n<p style=\"font-weight: 400;\"><strong>Primero. Beneficiarios:<\/strong><\/p>\n<p style=\"font-weight: 400;\">Podr\u00e1n solicitar las subvenciones establecidas en esta convocatoria las entidades que figuran nominativamente en los presupuestos generales del Ayuntamiento para el ejercicio 2019, aprobados en fecha 21 de diciembre de 2018, a las cuales se destina una aplicaci\u00f3n de 738.650,00 \u20ac a la concesi\u00f3n de subvenciones<\/p>\n<p style=\"font-weight: 400;\"><strong>\u00a0<\/strong><\/p>\n<p style=\"font-weight: 400;\"><strong>Segundo. Requisitos a cumplir por los solicitantes:<\/strong><\/p>\n<p style=\"font-weight: 400; padding-left: 30px;\">a) Encontrarse entre las entidades relacionadas en el art\u00edculo anterior.<\/p>\n<p style=\"font-weight: 400; padding-left: 30px;\">b) Tener capacidad de obrar y encontrarse constituidos formalmente con arreglo a sus normativas espec\u00edficas e inscritas en el registro correspondiente.<\/p>\n<p style=\"font-weight: 400; padding-left: 30px;\">c) En el caso de personas jur\u00eddicas, \u00e9stas deber\u00e1n acreditar que su objeto cumple con los fines y objetivos de las bases de la correspondiente convocatoria. En el caso de asociaciones y dem\u00e1s entidades ciudadanas, estar inscritas en el Registro Municipal de Entidades Ciudadanas del Excmo. Ayuntamiento de Utrera, teniendo actualizado sus datos en el mismo, tal como establece el punto 2 del art\u00edculo 14 del Reglamento de Participaci\u00f3n Ciudadana<\/p>\n<p style=\"padding-left: 30px;\">d) Estar al corriente en sus obligaciones tributarias y con la Seguridad Social.<\/p>\n<p style=\"padding-left: 30px;\">e) Acreditar que sus fines y actividades sociales coinciden con la finalidad de la convocatoria y el contenido del proyecto o proyectos presentados.<\/p>\n<p style=\"padding-left: 30px;\">f) Disponer de la estructura adecuada para garantizar el cumplimiento del proyecto o actividad presentada.<\/p>\n<p style=\"padding-left: 30px;\">g) Tener debidamente justificadas o estar en plazo de justificaci\u00f3n de\u00a0 las subvenciones concedidas por el Ayuntamiento de Utrera de ejercicios anteriores, encontr\u00e1ndose al corriente en el pago de las obligaciones por reintegro de subvenciones.<\/p>\n<p style=\"padding-left: 30px;\">h) No estar incurso en ninguna de las circunstancias que imposibilitan la obtenci\u00f3n de la condici\u00f3n de beneficiario de subvenciones, seg\u00fan el art\u00edculo 13 de la Ley 38\/2003, de 17 de noviembre, General de Subvenciones (Solicitud).<\/p>\n<p style=\"padding-left: 30px;\">i) Acreditar el cumplimiento, por parte de las entidades que trabajen con menores, de disponer de los certificados de Delitos de Naturaleza Sexual, en cumplimiento de lo dispuesto en la Ley Org\u00e1nica 1\/1996, de Protecci\u00f3n Jur\u00eddica del Menor, modificada por la Ley 26\/2015 y la Ley 45\/2015, de voluntariado que establecen la obligaci\u00f3n de que se aporten certificados negativos del Registro Central de Delincuentes Sexuales para todos los profesionales y voluntarios que trabajan en contacto habitual con menores (Solicitud).<\/p>\n<p style=\"font-weight: 400;\">Los solicitantes deber\u00e1n reunir los anteriores requisitos a la fecha de finalizaci\u00f3n del plazo de solicitudes\u00a0 y mantenerse,\u00a0 al menos, desde el inicio del proyecto hasta la presentaci\u00f3n de la justificaci\u00f3n del mismo.<\/p>\n<p style=\"font-weight: 400;\"><strong>Tercero. Objeto.<\/strong><\/p>\n<p style=\"font-weight: 400;\">1.- La presente convocatoria tiene por objeto establecer las bases generales reguladoras y la convocatoria de la concesi\u00f3n de subvenciones previstas nominativamente en el presupuesto municipal para el ejercicio 2019.<\/p>\n<p style=\"font-weight: 400;\">2.- Las actividades objeto de subvenci\u00f3n y los gastos inherentes a las mismas deber\u00e1n realizarse durante el ejercicio de la concesi\u00f3n<\/p>\n<p style=\"font-weight: 400;\">3.- Las presentes bases ser\u00e1n publicadas en el tabl\u00f3n de anuncios del Excmo.\u00a0 Ayuntamiento de Utrera, en la web municipal y en los distintos medios de difusi\u00f3n local.<\/p>\n<p style=\"font-weight: 400;\">4.- De conformidad con lo establecido en el art\u00edculo 22.2 de la Ley 38\/2003, de 17 de Noviembre, General de Subvenciones, las ayudas a las que se refiere la presente convocatoria ser\u00e1n resueltas mediante el procedimiento de concesi\u00f3n en r\u00e9gimen de evaluaci\u00f3n individualizada, dada su car\u00e1cter nominativo.<\/p>\n<p style=\"font-weight: 400;\"><strong>Cuarto. Bases reguladoras.<\/strong><\/p>\n<p style=\"font-weight: 400;\">La presente convocatoria se regir\u00e1 por las bases reguladoras contenidas en el acuerdo de 1 de febrero de 2019 de la Junta de Gobierno Local del Ayuntamiento de Utrera por el que se aprueban las \u201cBases reguladoras y convocatoria de la concesi\u00f3n de subvenciones previstas nominativamente en el presupuesto municipal para el ejercicio 2019\u201d publicadas en el Tabl\u00f3n de Anuncios y en su p\u00e1gina web (<a href=\"https:\/\/www.utrera.org\/\" data-saferedirecturl=\"https:\/\/www.google.com\/url?q=https:\/\/www.utrera.org&amp;source=gmail&amp;ust=1550058454700000&amp;usg=AFQjCNFmazEUOdEAmJ4iSd6Ucav_Qle5-Q\">www.utrera.org<\/a>)<\/p>\n<p style=\"font-weight: 400;\"><strong>Quinto. Cuant\u00eda.<\/strong><\/p>\n<p style=\"font-weight: 400;\">El importe total de los cr\u00e9ditos disponibles de la presente convocatoria de subvenciones asciende a la cantidad de setecientos treinta y ocho mil seiscientos cincuenta euros (738.650,00 \u20ac).<\/p>\n<p style=\"font-weight: 400;\"><strong>Sexto. Plazo de presentaci\u00f3n de solicitudes<\/strong>.<\/p>\n<p style=\"font-weight: 400;\">El plazo de presentaci\u00f3n de las solicitudes, junto con la documentaci\u00f3n exigida, ser\u00e1 de 3 meses a partir de la publicaci\u00f3n del extracto de las bases en el\u00a0 Bolet\u00edn Oficial de la Provincia de Sevilla realizado a trav\u00e9s de la Base de Datos Nacional de Subvenciones (BDNS) y en el Tabl\u00f3n de Anuncios Municipal.<\/p>\n<p>Publicado extracto de la BDNS en el BOP n\u00ba 37 de fecha 14 de febrero de 2019.<\/p>\n<p style=\"font-weight: 400;\"><strong>S\u00e9ptimo . Bases reguladoras y formularios .<\/strong><\/p>\n<p style=\"font-weight: 400;\"><a href=\"https:\/\/www.utrera.org\/wp-content\/uploads\/2019\/02\/BASES-GENERALES-NOMINATIVAS-2019-FIRMADAS.pdf\" target=\"_blank\" rel=\"noopener\">Bases reguladoras<\/a><\/p>\n<p style=\"font-weight: 400;\"><a href=\"https:\/\/www.utrera.org\/wp-content\/uploads\/2019\/02\/Modelo-solicitud-Nominativas-2019.pdf\" target=\"_blank\" rel=\"noopener\">Solicitud<\/a><\/p>\n<p style=\"font-weight: 400;\"><a href=\"https:\/\/www.utrera.org\/wp-content\/uploads\/2019\/02\/Modelo-1-Nominativas-Proyecto-2019.pdf\" target=\"_blank\" rel=\"noopener\">Modelo 1 Proyecto<\/a><\/p>\n<p style=\"font-weight: 400;\"><a href=\"https:\/\/www.utrera.org\/wp-content\/uploads\/2019\/02\/Modelo-2-Nominativas-Certficado-Representacio\u0301n-2019.pdf\" target=\"_blank\" rel=\"noopener\">Modelo 2 Certificado de representaci\u00f3n<\/a><\/p>\n<p style=\"font-weight: 400;\"><a href=\"https:\/\/www.utrera.org\/wp-content\/uploads\/2019\/02\/Modelo-3-Nominativas-aceptacion-2019.pdf\" target=\"_blank\" rel=\"noopener\">Modelo 3 Aceptaci\u00f3n<\/a><\/p>\n<p style=\"font-weight: 400;\"><a href=\"https:\/\/www.utrera.org\/wp-content\/uploads\/2019\/02\/Modelo-4-Nominativas-cuenta-justificativa-2019.pdf\" target=\"_blank\" rel=\"noopener\">Modelo 4 Cuenta justificativa<\/a><\/p>\n[\/et_pb_text][\/et_pb_column][\/et_pb_row][\/et_pb_section]\n","protected":false},"excerpt":{"rendered":"<p><div class=\"et_pb_row et_pb_row_0 et_pb_row_empty\">\n\t\t\t\t\n\t\t\t\t\n\t\t\t\t\n\t\t\t\t\n\t\t\t\t\n\t\t\t<\/div> La Junta de Gobierno Local, de este Excmo Ayuntamiento, en Sesi\u00f3n Ordinaria, celebrada el d\u00eda 1 de febrero de 2019, adopt\u00f3 entre otros el siguiente acuerdo: PUNTO 8\u00ba.- (EXPTE. 49\/2019).- PROPUESTA DE LA ALCALD\u00cdA-PRESIDENCIA, RELATIVA A \u201cBASES GENERALES REGULADORAS Y CONVOCATORIA DE LA CONCESI\u00d3N DE SUBVENCIONES PREVISTAS NOMINATIVAMENTE EN EL PRESUPUESTO MUNICIPAL DEL EXCMO. [&hellip;]<\/p>\n","protected":false},"author":2,"featured_media":0,"parent":0,"menu_order":0,"comment_status":"closed","ping_status":"closed","template":"","meta":{"_et_pb_use_builder":"on","_et_pb_old_content":"<p>La Junta de Gobierno Local de este Excmo. Ayuntamiento en Sesi\u00f3n Ordinaria, de fecha veintid\u00f3s de diciembre de dos mil diecisiete, adopt\u00f3, entre otros, , el siguiente acuerdo:\u00a0PUNTO 6\u00ba.- (Expte. 723\/2017).- Propuesta de la Concejal-Delegada de Ciudadan\u00eda, relativa a \u201cConvocatoria de la concesi\u00f3n de subvenciones en r\u00e9gimen de concurrencia competitiva del Ayuntamiento de Utrera para el ejercicio 2017\u201d. Resoluci\u00f3n alegaciones y aprobaci\u00f3n definitiva.<\/p><p>\u00a0<\/p><p><a title=\"Anuncio alegaciones  resolucion definitiva 2017 FIRMADO\" href=\"https:\/\/www.utrera.org\/opencms\/export\/sites\/default\/utrera\/galeria\/download\/Anuncio_alegaciones_resolucion_definitiva_2017_FIRMADO.pdf\" target=\"_blank\" rel=\"noopener\">Descarga anuncio texto completo.<\/a><\/p>","_et_gb_content_width":"","footnotes":""},"class_list":["post-14097","page","type-page","status-publish","hentry"],"yoast_head":"<!-- This site is optimized with the Yoast SEO plugin v27.3 - https:\/\/yoast.com\/product\/yoast-seo-wordpress\/ -->\n<title>Bases subvenciones previstas nominativamente en el presupuesto municipal para el ejercicio 2019 - Ayuntamiento de Utrera<\/title>\n<meta name=\"robots\" content=\"index, follow, max-snippet:-1, max-image-preview:large, max-video-preview:-1\" \/>\n<link rel=\"canonical\" href=\"https:\/\/www.utrera.org\/en\/bases-subvenciones-previstas-nominativamente-en-el-presupuesto-municipal-para-el-ejercicio-2019\/\" \/>\n<meta property=\"og:locale\" content=\"en_GB\" \/>\n<meta property=\"og:type\" content=\"article\" \/>\n<meta property=\"og:title\" content=\"Bases subvenciones previstas nominativamente en el presupuesto municipal para el ejercicio 2019 - Ayuntamiento de Utrera\" \/>\n<meta property=\"og:description\" content=\"La Junta de Gobierno Local, de este Excmo Ayuntamiento, en Sesi\u00f3n Ordinaria, celebrada el d\u00eda 1 de febrero de 2019, adopt\u00f3 entre otros el siguiente acuerdo: PUNTO 8\u00ba.- (EXPTE. 49\/2019).- PROPUESTA DE LA ALCALD\u00cdA-PRESIDENCIA, RELATIVA A \u201cBASES GENERALES REGULADORAS Y CONVOCATORIA DE LA CONCESI\u00d3N DE SUBVENCIONES PREVISTAS NOMINATIVAMENTE EN EL PRESUPUESTO MUNICIPAL DEL EXCMO. [&hellip;]\" \/>\n<meta property=\"og:url\" content=\"https:\/\/www.utrera.org\/en\/bases-subvenciones-previstas-nominativamente-en-el-presupuesto-municipal-para-el-ejercicio-2019\/\" \/>\n<meta property=\"og:site_name\" content=\"Ayuntamiento de Utrera\" \/>\n<meta property=\"article:publisher\" content=\"https:\/\/www.facebook.com\/AyuntamientodeUtrera\/\" \/>\n<meta property=\"article:modified_time\" content=\"2019-02-14T18:17:04+00:00\" \/>\n<meta name=\"twitter:card\" content=\"summary_large_image\" \/>\n<meta name=\"twitter:site\" content=\"@CiudadUtrera\" \/>\n<meta name=\"twitter:label1\" content=\"Est. reading time\" \/>\n\t<meta name=\"twitter:data1\" content=\"4 minutes\" \/>\n<script type=\"application\/ld+json\" class=\"yoast-schema-graph\">{\"@context\":\"https:\\\/\\\/schema.org\",\"@graph\":[{\"@type\":\"WebPage\",\"@id\":\"https:\\\/\\\/www.utrera.org\\\/bases-subvenciones-previstas-nominativamente-en-el-presupuesto-municipal-para-el-ejercicio-2019\\\/\",\"url\":\"https:\\\/\\\/www.utrera.org\\\/bases-subvenciones-previstas-nominativamente-en-el-presupuesto-municipal-para-el-ejercicio-2019\\\/\",\"name\":\"Bases subvenciones previstas nominativamente en el presupuesto municipal para el ejercicio 2019 - Ayuntamiento de Utrera\",\"isPartOf\":{\"@id\":\"https:\\\/\\\/www.utrera.org\\\/#website\"},\"datePublished\":\"2019-02-14T18:15:29+00:00\",\"dateModified\":\"2019-02-14T18:17:04+00:00\",\"breadcrumb\":{\"@id\":\"https:\\\/\\\/www.utrera.org\\\/bases-subvenciones-previstas-nominativamente-en-el-presupuesto-municipal-para-el-ejercicio-2019\\\/#breadcrumb\"},\"inLanguage\":\"en-GB\",\"potentialAction\":[{\"@type\":\"ReadAction\",\"target\":[\"https:\\\/\\\/www.utrera.org\\\/bases-subvenciones-previstas-nominativamente-en-el-presupuesto-municipal-para-el-ejercicio-2019\\\/\"]}]},{\"@type\":\"BreadcrumbList\",\"@id\":\"https:\\\/\\\/www.utrera.org\\\/bases-subvenciones-previstas-nominativamente-en-el-presupuesto-municipal-para-el-ejercicio-2019\\\/#breadcrumb\",\"itemListElement\":[{\"@type\":\"ListItem\",\"position\":1,\"name\":\"Inicio\",\"item\":\"https:\\\/\\\/www.utrera.org\\\/\"},{\"@type\":\"ListItem\",\"position\":2,\"name\":\"Bases subvenciones previstas nominativamente en el presupuesto municipal para el ejercicio 2019\"}]},{\"@type\":\"WebSite\",\"@id\":\"https:\\\/\\\/www.utrera.org\\\/#website\",\"url\":\"https:\\\/\\\/www.utrera.org\\\/\",\"name\":\"Ayuntamiento de Utrera\",\"description\":\"Web Municipal del Ayuntamiento de Utrera\",\"potentialAction\":[{\"@type\":\"SearchAction\",\"target\":{\"@type\":\"EntryPoint\",\"urlTemplate\":\"https:\\\/\\\/www.utrera.org\\\/?s={search_term_string}\"},\"query-input\":{\"@type\":\"PropertyValueSpecification\",\"valueRequired\":true,\"valueName\":\"search_term_string\"}}],\"inLanguage\":\"en-GB\"}]}<\/script>\n<!-- \/ Yoast SEO plugin. -->","yoast_head_json":{"title":"Bases subvenciones previstas nominativamente en el presupuesto municipal para el ejercicio 2019 - Ayuntamiento de Utrera","robots":{"index":"index","follow":"follow","max-snippet":"max-snippet:-1","max-image-preview":"max-image-preview:large","max-video-preview":"max-video-preview:-1"},"canonical":"https:\/\/www.utrera.org\/en\/bases-subvenciones-previstas-nominativamente-en-el-presupuesto-municipal-para-el-ejercicio-2019\/","og_locale":"en_GB","og_type":"article","og_title":"Bases subvenciones previstas nominativamente en el presupuesto municipal para el ejercicio 2019 - Ayuntamiento de Utrera","og_description":"La Junta de Gobierno Local, de este Excmo Ayuntamiento, en Sesi\u00f3n Ordinaria, celebrada el d\u00eda 1 de febrero de 2019, adopt\u00f3 entre otros el siguiente acuerdo: PUNTO 8\u00ba.- (EXPTE. 49\/2019).- PROPUESTA DE LA ALCALD\u00cdA-PRESIDENCIA, RELATIVA A \u201cBASES GENERALES REGULADORAS Y CONVOCATORIA DE LA CONCESI\u00d3N DE SUBVENCIONES PREVISTAS NOMINATIVAMENTE EN EL PRESUPUESTO MUNICIPAL DEL EXCMO. [&hellip;]","og_url":"https:\/\/www.utrera.org\/en\/bases-subvenciones-previstas-nominativamente-en-el-presupuesto-municipal-para-el-ejercicio-2019\/","og_site_name":"Ayuntamiento de Utrera","article_publisher":"https:\/\/www.facebook.com\/AyuntamientodeUtrera\/","article_modified_time":"2019-02-14T18:17:04+00:00","twitter_card":"summary_large_image","twitter_site":"@CiudadUtrera","twitter_misc":{"Est. reading time":"4 minutes"},"schema":{"@context":"https:\/\/schema.org","@graph":[{"@type":"WebPage","@id":"https:\/\/www.utrera.org\/bases-subvenciones-previstas-nominativamente-en-el-presupuesto-municipal-para-el-ejercicio-2019\/","url":"https:\/\/www.utrera.org\/bases-subvenciones-previstas-nominativamente-en-el-presupuesto-municipal-para-el-ejercicio-2019\/","name":"Bases subvenciones previstas nominativamente en el presupuesto municipal para el ejercicio 2019 - Ayuntamiento de Utrera","isPartOf":{"@id":"https:\/\/www.utrera.org\/#website"},"datePublished":"2019-02-14T18:15:29+00:00","dateModified":"2019-02-14T18:17:04+00:00","breadcrumb":{"@id":"https:\/\/www.utrera.org\/bases-subvenciones-previstas-nominativamente-en-el-presupuesto-municipal-para-el-ejercicio-2019\/#breadcrumb"},"inLanguage":"en-GB","potentialAction":[{"@type":"ReadAction","target":["https:\/\/www.utrera.org\/bases-subvenciones-previstas-nominativamente-en-el-presupuesto-municipal-para-el-ejercicio-2019\/"]}]},{"@type":"BreadcrumbList","@id":"https:\/\/www.utrera.org\/bases-subvenciones-previstas-nominativamente-en-el-presupuesto-municipal-para-el-ejercicio-2019\/#breadcrumb","itemListElement":[{"@type":"ListItem","position":1,"name":"Inicio","item":"https:\/\/www.utrera.org\/"},{"@type":"ListItem","position":2,"name":"Bases subvenciones previstas nominativamente en el presupuesto municipal para el ejercicio 2019"}]},{"@type":"WebSite","@id":"https:\/\/www.utrera.org\/#website","url":"https:\/\/www.utrera.org\/","name":"City Council of Utrera","description":"Web Municipal del Ayuntamiento de Utrera","potentialAction":[{"@type":"SearchAction","target":{"@type":"EntryPoint","urlTemplate":"https:\/\/www.utrera.org\/?s={search_term_string}"},"query-input":{"@type":"PropertyValueSpecification","valueRequired":true,"valueName":"search_term_string"}}],"inLanguage":"en-GB"}]}},"_links":{"self":[{"href":"https:\/\/www.utrera.org\/en\/wp-json\/wp\/v2\/pages\/14097","targetHints":{"allow":["GET"]}}],"collection":[{"href":"https:\/\/www.utrera.org\/en\/wp-json\/wp\/v2\/pages"}],"about":[{"href":"https:\/\/www.utrera.org\/en\/wp-json\/wp\/v2\/types\/page"}],"author":[{"embeddable":true,"href":"https:\/\/www.utrera.org\/en\/wp-json\/wp\/v2\/users\/2"}],"replies":[{"embeddable":true,"href":"https:\/\/www.utrera.org\/en\/wp-json\/wp\/v2\/comments?post=14097"}],"version-history":[{"count":0,"href":"https:\/\/www.utrera.org\/en\/wp-json\/wp\/v2\/pages\/14097\/revisions"}],"wp:attachment":[{"href":"https:\/\/www.utrera.org\/en\/wp-json\/wp\/v2\/media?parent=14097"}],"curies":[{"name":"wp","href":"https:\/\/api.w.org\/{rel}","templated":true}]}}