{"id":13900,"date":"2019-02-13T09:16:55","date_gmt":"2019-02-13T08:16:55","guid":{"rendered":"https:\/\/www.utrera.org\/?page_id=13900"},"modified":"2019-02-14T19:17:22","modified_gmt":"2019-02-14T18:17:22","slug":"subvenciones-previstas-nominativamente-en-el-presupuesto-municipal-para-el-ejercicio-2019","status":"publish","type":"page","link":"https:\/\/www.utrera.org\/en\/subvenciones-previstas-nominativamente-en-el-presupuesto-municipal-para-el-ejercicio-2019\/","title":{"rendered":"Nominated Grants in 2019 Local Budget"},"content":{"rendered":"<p><a href=\"\/en\/bases-subvenciones-previstas-nominativamente-en-el-presupuesto-municipal-para-el-ejercicio-2019\/\">Bases.<\/a><\/p>","protected":false},"excerpt":{"rendered":"<p>Bases.<\/p>","protected":false},"author":2,"featured_media":0,"parent":0,"menu_order":0,"comment_status":"closed","ping_status":"closed","template":"","meta":{"_et_pb_use_builder":"off","_et_pb_old_content":"<p>La Junta de Gobierno Local de este Excmo. Ayuntamiento en Sesi\u00f3n Ordinaria, de fecha veintid\u00f3s de diciembre de dos mil diecisiete, adopt\u00f3, entre otros, , el siguiente acuerdo:\u00a0PUNTO 6\u00ba.- (Expte. 723\/2017).- Propuesta de la Concejal-Delegada de Ciudadan\u00eda, relativa a \u201cConvocatoria de la concesi\u00f3n de subvenciones en r\u00e9gimen de concurrencia competitiva del Ayuntamiento de Utrera para el ejercicio 2017\u201d. Resoluci\u00f3n alegaciones y aprobaci\u00f3n definitiva.<\/p><p>\u00a0<\/p><p><a title=\"Anuncio alegaciones  resolucion definitiva 2017 FIRMADO\" href=\"https:\/\/www.utrera.org\/opencms\/export\/sites\/default\/utrera\/galeria\/download\/Anuncio_alegaciones_resolucion_definitiva_2017_FIRMADO.pdf\" target=\"_blank\" rel=\"noopener\">Descarga anuncio texto completo.<\/a><\/p>","_et_gb_content_width":"","footnotes":""},"class_list":["post-13900","page","type-page","status-publish","hentry"],"yoast_head":"<!-- This site is optimized with the Yoast SEO plugin v27.3 - https:\/\/yoast.com\/product\/yoast-seo-wordpress\/ -->\n<title>Subvenciones previstas nominativamente en el presupuesto municipal para el ejercicio 2019 - Ayuntamiento de Utrera<\/title>\n<meta name=\"robots\" content=\"index, follow, max-snippet:-1, max-image-preview:large, max-video-preview:-1\" \/>\n<link rel=\"canonical\" href=\"https:\/\/www.utrera.org\/en\/subvenciones-previstas-nominativamente-en-el-presupuesto-municipal-para-el-ejercicio-2019\/\" \/>\n<meta property=\"og:locale\" content=\"en_GB\" \/>\n<meta property=\"og:type\" content=\"article\" \/>\n<meta property=\"og:title\" content=\"Subvenciones previstas nominativamente en el presupuesto municipal para el ejercicio 2019 - Ayuntamiento de Utrera\" \/>\n<meta property=\"og:description\" content=\"Bases.\" \/>\n<meta property=\"og:url\" content=\"https:\/\/www.utrera.org\/en\/subvenciones-previstas-nominativamente-en-el-presupuesto-municipal-para-el-ejercicio-2019\/\" \/>\n<meta property=\"og:site_name\" content=\"Ayuntamiento de Utrera\" \/>\n<meta property=\"article:publisher\" content=\"https:\/\/www.facebook.com\/AyuntamientodeUtrera\/\" \/>\n<meta property=\"article:modified_time\" content=\"2019-02-14T18:17:22+00:00\" \/>\n<meta name=\"twitter:card\" content=\"summary_large_image\" \/>\n<meta name=\"twitter:site\" content=\"@CiudadUtrera\" \/>\n<script type=\"application\/ld+json\" class=\"yoast-schema-graph\">{\"@context\":\"https:\\\/\\\/schema.org\",\"@graph\":[{\"@type\":\"WebPage\",\"@id\":\"https:\\\/\\\/www.utrera.org\\\/subvenciones-previstas-nominativamente-en-el-presupuesto-municipal-para-el-ejercicio-2019\\\/\",\"url\":\"https:\\\/\\\/www.utrera.org\\\/subvenciones-previstas-nominativamente-en-el-presupuesto-municipal-para-el-ejercicio-2019\\\/\",\"name\":\"Subvenciones previstas nominativamente en el presupuesto municipal para el ejercicio 2019 - Ayuntamiento de Utrera\",\"isPartOf\":{\"@id\":\"https:\\\/\\\/www.utrera.org\\\/#website\"},\"datePublished\":\"2019-02-13T08:16:55+00:00\",\"dateModified\":\"2019-02-14T18:17:22+00:00\",\"breadcrumb\":{\"@id\":\"https:\\\/\\\/www.utrera.org\\\/subvenciones-previstas-nominativamente-en-el-presupuesto-municipal-para-el-ejercicio-2019\\\/#breadcrumb\"},\"inLanguage\":\"en-GB\",\"potentialAction\":[{\"@type\":\"ReadAction\",\"target\":[\"https:\\\/\\\/www.utrera.org\\\/subvenciones-previstas-nominativamente-en-el-presupuesto-municipal-para-el-ejercicio-2019\\\/\"]}]},{\"@type\":\"BreadcrumbList\",\"@id\":\"https:\\\/\\\/www.utrera.org\\\/subvenciones-previstas-nominativamente-en-el-presupuesto-municipal-para-el-ejercicio-2019\\\/#breadcrumb\",\"itemListElement\":[{\"@type\":\"ListItem\",\"position\":1,\"name\":\"Inicio\",\"item\":\"https:\\\/\\\/www.utrera.org\\\/\"},{\"@type\":\"ListItem\",\"position\":2,\"name\":\"Subvenciones previstas nominativamente en el presupuesto municipal para el ejercicio 2019\"}]},{\"@type\":\"WebSite\",\"@id\":\"https:\\\/\\\/www.utrera.org\\\/#website\",\"url\":\"https:\\\/\\\/www.utrera.org\\\/\",\"name\":\"Ayuntamiento de Utrera\",\"description\":\"Web Municipal del Ayuntamiento de Utrera\",\"potentialAction\":[{\"@type\":\"SearchAction\",\"target\":{\"@type\":\"EntryPoint\",\"urlTemplate\":\"https:\\\/\\\/www.utrera.org\\\/?s={search_term_string}\"},\"query-input\":{\"@type\":\"PropertyValueSpecification\",\"valueRequired\":true,\"valueName\":\"search_term_string\"}}],\"inLanguage\":\"en-GB\"}]}<\/script>\n<!-- \/ Yoast SEO plugin. -->","yoast_head_json":{"title":"Subvenciones previstas nominativamente en el presupuesto municipal para el ejercicio 2019 - Ayuntamiento de Utrera","robots":{"index":"index","follow":"follow","max-snippet":"max-snippet:-1","max-image-preview":"max-image-preview:large","max-video-preview":"max-video-preview:-1"},"canonical":"https:\/\/www.utrera.org\/en\/subvenciones-previstas-nominativamente-en-el-presupuesto-municipal-para-el-ejercicio-2019\/","og_locale":"en_GB","og_type":"article","og_title":"Subvenciones previstas nominativamente en el presupuesto municipal para el ejercicio 2019 - Ayuntamiento de Utrera","og_description":"Bases.","og_url":"https:\/\/www.utrera.org\/en\/subvenciones-previstas-nominativamente-en-el-presupuesto-municipal-para-el-ejercicio-2019\/","og_site_name":"Ayuntamiento de Utrera","article_publisher":"https:\/\/www.facebook.com\/AyuntamientodeUtrera\/","article_modified_time":"2019-02-14T18:17:22+00:00","twitter_card":"summary_large_image","twitter_site":"@CiudadUtrera","schema":{"@context":"https:\/\/schema.org","@graph":[{"@type":"WebPage","@id":"https:\/\/www.utrera.org\/subvenciones-previstas-nominativamente-en-el-presupuesto-municipal-para-el-ejercicio-2019\/","url":"https:\/\/www.utrera.org\/subvenciones-previstas-nominativamente-en-el-presupuesto-municipal-para-el-ejercicio-2019\/","name":"Subvenciones previstas nominativamente en el presupuesto municipal para el ejercicio 2019 - Ayuntamiento de Utrera","isPartOf":{"@id":"https:\/\/www.utrera.org\/#website"},"datePublished":"2019-02-13T08:16:55+00:00","dateModified":"2019-02-14T18:17:22+00:00","breadcrumb":{"@id":"https:\/\/www.utrera.org\/subvenciones-previstas-nominativamente-en-el-presupuesto-municipal-para-el-ejercicio-2019\/#breadcrumb"},"inLanguage":"en-GB","potentialAction":[{"@type":"ReadAction","target":["https:\/\/www.utrera.org\/subvenciones-previstas-nominativamente-en-el-presupuesto-municipal-para-el-ejercicio-2019\/"]}]},{"@type":"BreadcrumbList","@id":"https:\/\/www.utrera.org\/subvenciones-previstas-nominativamente-en-el-presupuesto-municipal-para-el-ejercicio-2019\/#breadcrumb","itemListElement":[{"@type":"ListItem","position":1,"name":"Inicio","item":"https:\/\/www.utrera.org\/"},{"@type":"ListItem","position":2,"name":"Subvenciones previstas nominativamente en el presupuesto municipal para el ejercicio 2019"}]},{"@type":"WebSite","@id":"https:\/\/www.utrera.org\/#website","url":"https:\/\/www.utrera.org\/","name":"City Council of Utrera","description":"Web Municipal del Ayuntamiento de Utrera","potentialAction":[{"@type":"SearchAction","target":{"@type":"EntryPoint","urlTemplate":"https:\/\/www.utrera.org\/?s={search_term_string}"},"query-input":{"@type":"PropertyValueSpecification","valueRequired":true,"valueName":"search_term_string"}}],"inLanguage":"en-GB"}]}},"_links":{"self":[{"href":"https:\/\/www.utrera.org\/en\/wp-json\/wp\/v2\/pages\/13900","targetHints":{"allow":["GET"]}}],"collection":[{"href":"https:\/\/www.utrera.org\/en\/wp-json\/wp\/v2\/pages"}],"about":[{"href":"https:\/\/www.utrera.org\/en\/wp-json\/wp\/v2\/types\/page"}],"author":[{"embeddable":true,"href":"https:\/\/www.utrera.org\/en\/wp-json\/wp\/v2\/users\/2"}],"replies":[{"embeddable":true,"href":"https:\/\/www.utrera.org\/en\/wp-json\/wp\/v2\/comments?post=13900"}],"version-history":[{"count":0,"href":"https:\/\/www.utrera.org\/en\/wp-json\/wp\/v2\/pages\/13900\/revisions"}],"wp:attachment":[{"href":"https:\/\/www.utrera.org\/en\/wp-json\/wp\/v2\/media?parent=13900"}],"curies":[{"name":"wp","href":"https:\/\/api.w.org\/{rel}","templated":true}]}}